{"id":14991,"date":"2022-01-15T14:06:46","date_gmt":"2022-01-15T13:06:46","guid":{"rendered":"https:\/\/believebytuularossi.com\/?page_id=14991"},"modified":"2022-10-12T11:18:56","modified_gmt":"2022-10-12T09:18:56","slug":"tietosuojaseloste","status":"publish","type":"page","link":"https:\/\/believebytuularossi.com\/fi\/tietosuojaseloste\/","title":{"rendered":"Tietosuojaseloste"},"content":{"rendered":"\n\n\t<section class=\"section\" id=\"section_1783403968\">\n\t\t<div class=\"section-bg fill\" >\n\t\t\t\t\t\t\t\t\t\n\t\t\t\n\n\t\t<\/div>\n\n\t\t\n\n\t\t<div class=\"section-content relative\">\n\t\t\t\n\n<div class=\"container section-title-container\" ><h1 class=\"section-title section-title-center\"><b aria-hidden=\"true\"><\/b><span class=\"section-title-main\" >Tietosuojaseloste<\/span><b aria-hidden=\"true\"><\/b><\/h1><\/div>\n\n<div class=\"row align-center\"  id=\"row-408524966\">\n\n\n\t<div id=\"col-1554213025\" class=\"col small-12 large-12\"  >\n\t\t\t\t<div class=\"col-inner\"  >\n\t\t\t\n\t\t\t\n\n<div id=\"contentsContainer\">\n<div id=\"contents\">\n<p>Voimassa 05.01.2022 alkaen.<\/p>\n<p>K\u00e4ytt\u00e4m\u00e4ll\u00e4 palveluitamme hyv\u00e4ksyt alla olevat k\u00e4yt\u00e4nn\u00f6t.<\/p>\n<hr \/>\n<h3><b>TIETOJEN VALVONTA<\/b><\/h3>\n<p>Designstudio Tuula Rossi Oy \/ believebytuularossi.com<br \/>Y-tunnus 0881912-5<\/p>\n<p><a href=\"http:\/\/www.believebytuularossi.com\">www.believebytuularossi.com<\/a><\/p>\n<p><strong>Yhteyshenkil\u00f6: <\/strong>Tuula Rossi-Hooijmaijers<\/p>\n<p>Rautalammintie 14<br \/>77600 Suonenjoki, Suomi<br \/>Puh.: +358 40 50 71 999 <br \/>S\u00e4hk\u00f6posti: <a href=\"mailto:service@believebytuularossi.com\">service@believebytuularossi.com<\/a><\/p>\n<p>\u00a0<\/p>\n<div><strong><u>Tietojen s\u00e4\u00e4nn\u00f6llinen luovuttaminen<\/u>:\u00a0<\/strong><span style=\"color: #555555;\">Believebytuularossi.com verkkokaupan maksut suoritetaan maksu- ja laskutuspalvelu Adyenin kautta. Adyen on yksi suosituimmista maksupalveluntarjoajista. (lis\u00e4tietoja: <\/span><a href=\"http:\/\/www.adyen.com\/\">www.adyen.com<\/a><span style=\"color: #555555;\">).<\/span><\/div>\n<hr \/>\n<h3><strong>HENKIL\u00d6TIETOJEN K\u00c4SITTELYN TARKOITUS<\/strong><\/h3>\n<p>Rekisterin p\u00e4\u00e4tarkoitus on hoitaa, hoitaa ja yll\u00e4pit\u00e4\u00e4 asiakassuhteita ja tilausten k\u00e4sittely\u00e4. Rekisterin henkil\u00f6tietoja k\u00e4ytet\u00e4\u00e4n palvelujen tuottamiseen ja toteuttamiseen asiakkaille, tiedottamiseen, palvelujen laskuttamiseen sek\u00e4 maksujen laskutukseen ja perimiseen. Henkil\u00f6tietoja k\u00e4ytet\u00e4\u00e4n my\u00f6s suoramarkkinointiin, myynninedist\u00e4miseen, et\u00e4myyntiin, markkinatutkimukseen, markkinointiviestint\u00e4\u00e4n ja muihin osoitteellisiin toimituksiin. Markkinointia, tutkimusta ja viestint\u00e4\u00e4 voidaan toteuttaa my\u00f6s s\u00e4hk\u00f6isesti ja henkil\u00f6tietoja voidaan k\u00e4ytt\u00e4\u00e4 kohdennetun mainonnan ja viestinn\u00e4n mahdollistamiseen. Henkil\u00f6tietoja k\u00e4ytet\u00e4\u00e4n my\u00f6s suoramarkkinointilupien ja opt-out-oikeuksien hallintaan.<\/p>\n<p>Henkil\u00f6tietoja voidaan k\u00e4sitell\u00e4 muun muassa suoramarkkinointiin, et\u00e4myyntiin sek\u00e4 yhteyslokien ja tilaushistorian yll\u00e4pit\u00e4miseen sovellettavan lain mukaisesti.<\/p>\n<p>\u00a0<\/p>\n<p>Designstudio Tuula Rossi Oy VIP-asiakasrekisteriin ker\u00e4ttyj\u00e4 henkil\u00f6tietoja k\u00e4sitell\u00e4\u00e4n uutiskirjeiden l\u00e4hett\u00e4mist\u00e4 varten sek\u00e4 kilpailuihin, arpajaisiin tai muihin markkinointikampanjoihin osallistumisen yhteydess\u00e4. Asiakas suostuu siihen, ett\u00e4 Designstudio Tuula Rossi Oy ker\u00e4\u00e4 tarvittavat yhteystiedot VIP-asiakasrekisteriin ja k\u00e4sittelee tietoja tietojenk\u00e4sittelyperiaatteiden mukaisesti.<\/p>\n<p>Tietojenhallinnan ja henkil\u00f6tietojen k\u00e4sittelyn perusteena on rekister\u00f6idyn ja rekisterinpit\u00e4j\u00e4n oikeuksien ja velvollisuuksien toteuttaminen.<\/p>\n<hr \/><\/div>\n<\/div>\n<div id=\"contentsContainer\">\n<div id=\"contents\">\n<h3><strong>HENKIL\u00d6KOHTAISET TIEDOT<\/strong><\/h3>\n<p>Rekisteri sis\u00e4lt\u00e4\u00e4 asiakassuhteeseen ja sopimusten hallintaan liittyv\u00e4t tiedot, kuten henkil\u00f6n nimi, osoite, puhelinnumero, s\u00e4hk\u00f6postiosoite, sukupuoli, syntym\u00e4aika, kieli, teht\u00e4v\u00e4nimike, ostotiedot, suoramarkkinointiluvat, palautteet ja muut toimittajien antamat tiedot. asiakas sek\u00e4 valinnaiset asiakkaan toimitusosoitteet. Ei-yksityisasiakkaiden osalta rekisteri sis\u00e4lt\u00e4\u00e4 organisaation nimen, organisaation ALV- tai Y-tunnuksen sek\u00e4 organisaation osoitetiedot.<\/p>\n<p>Designstudio Tuula Rossi Oy:n VIP-asiakasrekisteri sis\u00e4lt\u00e4\u00e4 mm. nimi, s\u00e4hk\u00f6postiosoite, tiedot markkinointiluvista tai -kielloista, tiedot osallistumisesta markkinointikampanjoihin (esim. arpajaisiin) sek\u00e4 tiedot uutiskirjeen tilaamisesta.<\/p>\n<p>Designstudio Tuula Rossi Oy ei ker\u00e4\u00e4 asiakkaan pankki- tai luottokorttitietoja.<\/p>\n<h3><strong>S\u00c4\u00c4NN\u00d6LLINEN TIETOJEN KERUU<\/strong><\/h3>\n<p>Tietoja ker\u00e4t\u00e4\u00e4n asiakkaalta saatujen ilmoitusten sek\u00e4 Designstudio Tuula Rossi Oy:n tietoj\u00e4rjestelm\u00e4\u00e4n osto- ja asiakasviestint\u00e4tietojen perusteella.<\/p>\n<hr \/>\n<h3><strong>TIETOJEN ILMOITTAMINEN JA TIETOJEN SIIRTO<\/strong><\/h3>\n<p>Designstudio Tuula Rossi Oy ei periaatteessa luovuta henkil\u00f6tietoja. Joissain tapauksissa Designstudio Tuula Rossi Oy voi luovuttaa henkil\u00f6tietoja yhteisty\u00f6kumppaneilleen, mutta t\u00e4m\u00e4 voi tapahtua vain rekisterin tarkoitusta tukevassa tarkoituksessa ja jos tietojen k\u00e4ytt\u00f6 ei ole Designstudio Tuula Rossi Oy:n tarkoituksen vastaista tai ei loukkaa rekister\u00f6ityjen yksityisyytt\u00e4.<\/p>\n<p>Designstudio Tuula Rossi Oy ei my\u00f6sk\u00e4\u00e4n luovuta rekisteriss\u00e4 olevia henkil\u00f6tietoja kolmansille osapuolille paitsi rekister\u00f6idyn ja rekisterinpit\u00e4j\u00e4n oikeuksien ja velvollisuuksien toteuttamisessa tai Suomen viranomaisten niin vaatiessa. Designstudio Tuula Rossi Oy ei siirr\u00e4 rekisteriss\u00e4 olevia henkil\u00f6tietoja EU:n tai ETA:n ulkopuolelle, paitsi jos rekister\u00f6idyn ja rekisterinpit\u00e4j\u00e4n oikeuksien ja velvollisuuksien toteutuminen tai Suomen viranomaiset niin edellytt\u00e4v\u00e4t.<\/p>\n<p>Rekisteri- ja tietosuojaseloste on henkil\u00f6tietolain (10\u00a7 ja 24\u00a7) ja Euroopan unionin yleisen tietosuoja-asetuksen (GDPR, EU 2016\/679) mukainen.<\/p>\n<hr \/>\n<h3><strong>HENKIL\u00d6TIETOJEN SUOJELU<\/strong><\/h3>\n<p>Designstudio Tuula Rossi Oy:n asiakasrekisterien sis\u00e4lt\u00e4m\u00e4t henkil\u00f6tiedot ovat luottamuksellisia. Rekisterit on asianmukaisesti suojattu palomuurein, suojatun tallennustilan ja salattujen yhteyksien avulla ja Designstudio Tuula Rossi Oy valvoo ja valvoo kaikkia kirjautumistietoja ja tunnuksia, joilla on p\u00e4\u00e4sy henkil\u00f6tietoihin. Rekisterinpit\u00e4ji\u00e4 sitoo salassapitovelvollisuus.<\/p>\n<p>S\u00e4ilyt\u00e4mme henkil\u00f6tietoja ker\u00e4ystarkoitukseen ja sovellettavaan lains\u00e4\u00e4d\u00e4nt\u00f6\u00f6n n\u00e4hden tarpeellisen ajan. Ryhdymme kohtuullisiin toimenpiteisiin varmistaaksemme, ett\u00e4 ep\u00e4tarkat ja vanhentuneet tiedot korjataan tai poistetaan mahdollisimman pian. Designstudio Tuula Rossi Oy ei paljasta arkaluonteisia henkil\u00f6tietoja s\u00e4hk\u00f6postitse tai puhelimitse.<\/p>\n<hr \/>\n<h3><strong>REKISTER\u00d6IDYN OIKEUDET<\/strong><\/h3>\n<p>Rekister\u00f6idyll\u00e4 on oikeus tiet\u00e4\u00e4 tietojen ker\u00e4\u00e4misest\u00e4 ja k\u00e4yt\u00f6st\u00e4 sek\u00e4 mit\u00e4 tietoja h\u00e4nest\u00e4 on tallennettu. Rekister\u00f6idyll\u00e4, jonka tiedot Designstudio Tuula Rossi Oy on tallentanut, on oikeus tarkastaa ker\u00e4tyt tiedot ja rajoittaa niiden k\u00e4ytt\u00f6\u00e4 esimerkiksi markkinointiviestint\u00e4\u00e4n. Kaikki tiedot tarkistetaan s\u00e4\u00e4nn\u00f6llisesti vanhentuneiden tietojen varalta, ja rekister\u00f6ity voi pyyt\u00e4\u00e4 saada tietoa Designstudio Tuula Rossi Oy:n tiedoista (esim. etunimi, sukunimi, osoite, Y-tunnus).<\/p>\n<p>Rekister\u00f6idyn niin vaatiessa Designstudio Tuula Rossi Oy:ll\u00e4 ei ole velvollisuutta esim. lain mukaan s\u00e4ilytt\u00e4\u00e4 henkil\u00f6tietoja, henkil\u00f6tiedot voidaan poistaa tai korjata.<\/p>\n<p>Designstudio Tuula Rossi Oy:n ker\u00e4\u00e4miin henkil\u00f6tietoihin liittyviss\u00e4 tiedusteluissa voit ottaa yhteytt\u00e4 <u>info@believebytuularossi.com<\/u>.<\/p>\n<hr \/>\n<h3><strong>MUUTOKSET TIETOSUOJASELOSTEESSA<\/strong><\/h3>\n<p>Designstudio Tuula Rossi Oy kehitt\u00e4\u00e4 palveluita ja pid\u00e4tt\u00e4\u00e4 oikeuden muuttaa t\u00e4t\u00e4 tietosuojaselostetta ja henkil\u00f6tietojen k\u00e4ytt\u00f6\u00e4 Suomen lain mukaisesti sek\u00e4 perustellulla ja hyv\u00e4ll\u00e4 toiminnalla. Designstudio Tuula Rossi Oy ilmoittaa t\u00e4m\u00e4n tietosuojaselosteen muutoksista yhti\u00f6n verkkosivuilla tai ilmoittaa asiasta suoraan rekister\u00f6idyille.<\/p>\n<p>Tarkastusoikeuden toteuttamiseksi ja tietojen korjaamiseksi ota yhteytt\u00e4 rekisterinpit\u00e4j\u00e4\u00e4n.<\/p>\n<\/div>\n<\/div>\n\n\t\t<\/div>\n\t\t\t\t\t<\/div>\n\n\t\n\n<\/div>\n\n\t\t<\/div>\n\n\t\t\n<style>\n#section_1783403968 {\n  padding-top: 30px;\n  padding-bottom: 30px;\n}\n<\/style>\n\t<\/section>\n\t\n\n","protected":false},"excerpt":{"rendered":"","protected":false},"author":15,"featured_media":0,"parent":0,"menu_order":0,"comment_status":"closed","ping_status":"open","template":"","meta":{"_acf_changed":false,"footnotes":""},"class_list":["post-14991","page","type-page","status-publish","hentry"],"acf":[],"yoast_head":"<!-- This site is optimized with the Yoast SEO plugin v27.6 - https:\/\/yoast.com\/product\/yoast-seo-wordpress\/ -->\n<title>Tietosuojaseloste &#8211; BELIEVE by tuula rossi &#8211; takkiverkkokauppa<\/title>\n<meta name=\"description\" content=\"Tietosuojeseloste, BELIEVE by tuula rossi -naisten takit ja asusteet verkosta. Nopea ja ilmainen toimitus Suomessa.\" \/>\n<meta name=\"robots\" content=\"index, follow, max-snippet:-1, max-image-preview:large, max-video-preview:-1\" \/>\n<link rel=\"canonical\" href=\"https:\/\/believebytuularossi.com\/fi\/tietosuojaseloste\/\" \/>\n<meta property=\"og:locale\" content=\"fi_FI\" \/>\n<meta property=\"og:type\" content=\"article\" \/>\n<meta property=\"og:title\" content=\"Tietosuojaseloste &#8211; BELIEVE by tuula rossi &#8211; takkiverkkokauppa\" \/>\n<meta property=\"og:description\" content=\"Tietosuojeseloste, BELIEVE by tuula rossi -naisten takit ja asusteet verkosta. Nopea ja ilmainen toimitus Suomessa.\" \/>\n<meta property=\"og:url\" content=\"https:\/\/believebytuularossi.com\/fi\/tietosuojaseloste\/\" \/>\n<meta property=\"og:site_name\" content=\"BELIEVE by tuula rossi\" \/>\n<meta property=\"article:publisher\" content=\"https:\/\/www.facebook.com\/believebytuularossi\/_gu3udgu0BZPTzcnU\" \/>\n<meta property=\"article:modified_time\" content=\"2022-10-12T09:18:56+00:00\" \/>\n<meta property=\"og:image\" content=\"https:\/\/believebytuularossi.com\/wp-content\/uploads\/2018\/08\/rossi-logo_new.png\" \/>\n\t<meta property=\"og:image:width\" content=\"300\" \/>\n\t<meta property=\"og:image:height\" content=\"143\" \/>\n\t<meta property=\"og:image:type\" content=\"image\/png\" \/>\n<meta name=\"twitter:card\" content=\"summary_large_image\" \/>\n<meta name=\"twitter:label1\" content=\"Arvioitu lukuaika\" \/>\n\t<meta name=\"twitter:data1\" content=\"5 minuuttia\" \/>\n<script type=\"application\/ld+json\" class=\"yoast-schema-graph\">{\"@context\":\"https:\\\/\\\/schema.org\",\"@graph\":[{\"@type\":\"WebPage\",\"@id\":\"https:\\\/\\\/believebytuularossi.com\\\/fi\\\/tietosuojaseloste\\\/\",\"url\":\"https:\\\/\\\/believebytuularossi.com\\\/fi\\\/tietosuojaseloste\\\/\",\"name\":\"Tietosuojaseloste &#8211; BELIEVE by tuula rossi &#8211; takkiverkkokauppa\",\"isPartOf\":{\"@id\":\"https:\\\/\\\/believebytuularossi.com\\\/fi\\\/#website\"},\"datePublished\":\"2022-01-15T13:06:46+00:00\",\"dateModified\":\"2022-10-12T09:18:56+00:00\",\"description\":\"Tietosuojeseloste, BELIEVE by tuula rossi -naisten takit ja asusteet verkosta. Nopea ja ilmainen toimitus Suomessa.\",\"breadcrumb\":{\"@id\":\"https:\\\/\\\/believebytuularossi.com\\\/fi\\\/tietosuojaseloste\\\/#breadcrumb\"},\"inLanguage\":\"fi\",\"potentialAction\":[{\"@type\":\"ReadAction\",\"target\":[\"https:\\\/\\\/believebytuularossi.com\\\/fi\\\/tietosuojaseloste\\\/\"]}]},{\"@type\":\"BreadcrumbList\",\"@id\":\"https:\\\/\\\/believebytuularossi.com\\\/fi\\\/tietosuojaseloste\\\/#breadcrumb\",\"itemListElement\":[{\"@type\":\"ListItem\",\"position\":1,\"name\":\"Home\",\"item\":\"https:\\\/\\\/believebytuularossi.com\\\/fi\\\/\"},{\"@type\":\"ListItem\",\"position\":2,\"name\":\"Tietosuojaseloste\"}]},{\"@type\":\"WebSite\",\"@id\":\"https:\\\/\\\/believebytuularossi.com\\\/fi\\\/#website\",\"url\":\"https:\\\/\\\/believebytuularossi.com\\\/fi\\\/\",\"name\":\"BELIEVE by tuula rossi\",\"description\":\"A unique, luxurious, original outerwear collection created by passion and love for today\u2019s fashionable woman and her desire for timeless style.          Perfect fit for the modern, feminine woman of any age.\",\"publisher\":{\"@id\":\"https:\\\/\\\/believebytuularossi.com\\\/fi\\\/#organization\"},\"potentialAction\":[{\"@type\":\"SearchAction\",\"target\":{\"@type\":\"EntryPoint\",\"urlTemplate\":\"https:\\\/\\\/believebytuularossi.com\\\/fi\\\/?s={search_term_string}\"},\"query-input\":{\"@type\":\"PropertyValueSpecification\",\"valueRequired\":true,\"valueName\":\"search_term_string\"}}],\"inLanguage\":\"fi\"},{\"@type\":\"Organization\",\"@id\":\"https:\\\/\\\/believebytuularossi.com\\\/fi\\\/#organization\",\"name\":\"BELIEVE by tuula rossi\",\"url\":\"https:\\\/\\\/believebytuularossi.com\\\/fi\\\/\",\"logo\":{\"@type\":\"ImageObject\",\"inLanguage\":\"fi\",\"@id\":\"https:\\\/\\\/believebytuularossi.com\\\/fi\\\/#\\\/schema\\\/logo\\\/image\\\/\",\"url\":\"https:\\\/\\\/believebytuularossi.com\\\/wp-content\\\/uploads\\\/2018\\\/08\\\/rossi-logo_new.png\",\"contentUrl\":\"https:\\\/\\\/believebytuularossi.com\\\/wp-content\\\/uploads\\\/2018\\\/08\\\/rossi-logo_new.png\",\"width\":300,\"height\":143,\"caption\":\"BELIEVE by tuula rossi\"},\"image\":{\"@id\":\"https:\\\/\\\/believebytuularossi.com\\\/fi\\\/#\\\/schema\\\/logo\\\/image\\\/\"},\"sameAs\":[\"https:\\\/\\\/www.facebook.com\\\/believebytuularossi\\\/_gu3udgu0BZPTzcnU\",\"https:\\\/\\\/www.instagram.com\\\/believebytuularossi\\\/\",\"https:\\\/\\\/www.pinterest.com\\\/believebytuularossi\\\/\"]}]}<\/script>\n<!-- \/ Yoast SEO plugin. -->","yoast_head_json":{"title":"Tietosuojaseloste &#8211; BELIEVE by tuula rossi &#8211; takkiverkkokauppa","description":"Tietosuojeseloste, BELIEVE by tuula rossi -naisten takit ja asusteet verkosta. Nopea ja ilmainen toimitus Suomessa.","robots":{"index":"index","follow":"follow","max-snippet":"max-snippet:-1","max-image-preview":"max-image-preview:large","max-video-preview":"max-video-preview:-1"},"canonical":"https:\/\/believebytuularossi.com\/fi\/tietosuojaseloste\/","og_locale":"fi_FI","og_type":"article","og_title":"Tietosuojaseloste &#8211; BELIEVE by tuula rossi &#8211; takkiverkkokauppa","og_description":"Tietosuojeseloste, BELIEVE by tuula rossi -naisten takit ja asusteet verkosta. Nopea ja ilmainen toimitus Suomessa.","og_url":"https:\/\/believebytuularossi.com\/fi\/tietosuojaseloste\/","og_site_name":"BELIEVE by tuula rossi","article_publisher":"https:\/\/www.facebook.com\/believebytuularossi\/_gu3udgu0BZPTzcnU","article_modified_time":"2022-10-12T09:18:56+00:00","og_image":[{"width":300,"height":143,"url":"https:\/\/believebytuularossi.com\/wp-content\/uploads\/2018\/08\/rossi-logo_new.png","type":"image\/png"}],"twitter_card":"summary_large_image","twitter_misc":{"Arvioitu lukuaika":"5 minuuttia"},"schema":{"@context":"https:\/\/schema.org","@graph":[{"@type":"WebPage","@id":"https:\/\/believebytuularossi.com\/fi\/tietosuojaseloste\/","url":"https:\/\/believebytuularossi.com\/fi\/tietosuojaseloste\/","name":"Tietosuojaseloste &#8211; BELIEVE by tuula rossi &#8211; takkiverkkokauppa","isPartOf":{"@id":"https:\/\/believebytuularossi.com\/fi\/#website"},"datePublished":"2022-01-15T13:06:46+00:00","dateModified":"2022-10-12T09:18:56+00:00","description":"Tietosuojeseloste, BELIEVE by tuula rossi -naisten takit ja asusteet verkosta. Nopea ja ilmainen toimitus Suomessa.","breadcrumb":{"@id":"https:\/\/believebytuularossi.com\/fi\/tietosuojaseloste\/#breadcrumb"},"inLanguage":"fi","potentialAction":[{"@type":"ReadAction","target":["https:\/\/believebytuularossi.com\/fi\/tietosuojaseloste\/"]}]},{"@type":"BreadcrumbList","@id":"https:\/\/believebytuularossi.com\/fi\/tietosuojaseloste\/#breadcrumb","itemListElement":[{"@type":"ListItem","position":1,"name":"Home","item":"https:\/\/believebytuularossi.com\/fi\/"},{"@type":"ListItem","position":2,"name":"Tietosuojaseloste"}]},{"@type":"WebSite","@id":"https:\/\/believebytuularossi.com\/fi\/#website","url":"https:\/\/believebytuularossi.com\/fi\/","name":"BELIEVE by tuula rossi","description":"A unique, luxurious, original outerwear collection created by passion and love for today\u2019s fashionable woman and her desire for timeless style.          Perfect fit for the modern, feminine woman of any age.","publisher":{"@id":"https:\/\/believebytuularossi.com\/fi\/#organization"},"potentialAction":[{"@type":"SearchAction","target":{"@type":"EntryPoint","urlTemplate":"https:\/\/believebytuularossi.com\/fi\/?s={search_term_string}"},"query-input":{"@type":"PropertyValueSpecification","valueRequired":true,"valueName":"search_term_string"}}],"inLanguage":"fi"},{"@type":"Organization","@id":"https:\/\/believebytuularossi.com\/fi\/#organization","name":"BELIEVE by tuula rossi","url":"https:\/\/believebytuularossi.com\/fi\/","logo":{"@type":"ImageObject","inLanguage":"fi","@id":"https:\/\/believebytuularossi.com\/fi\/#\/schema\/logo\/image\/","url":"https:\/\/believebytuularossi.com\/wp-content\/uploads\/2018\/08\/rossi-logo_new.png","contentUrl":"https:\/\/believebytuularossi.com\/wp-content\/uploads\/2018\/08\/rossi-logo_new.png","width":300,"height":143,"caption":"BELIEVE by tuula rossi"},"image":{"@id":"https:\/\/believebytuularossi.com\/fi\/#\/schema\/logo\/image\/"},"sameAs":["https:\/\/www.facebook.com\/believebytuularossi\/_gu3udgu0BZPTzcnU","https:\/\/www.instagram.com\/believebytuularossi\/","https:\/\/www.pinterest.com\/believebytuularossi\/"]}]}},"_links":{"self":[{"href":"https:\/\/believebytuularossi.com\/fi\/wp-json\/wp\/v2\/pages\/14991","targetHints":{"allow":["GET"]}}],"collection":[{"href":"https:\/\/believebytuularossi.com\/fi\/wp-json\/wp\/v2\/pages"}],"about":[{"href":"https:\/\/believebytuularossi.com\/fi\/wp-json\/wp\/v2\/types\/page"}],"author":[{"embeddable":true,"href":"https:\/\/believebytuularossi.com\/fi\/wp-json\/wp\/v2\/users\/15"}],"replies":[{"embeddable":true,"href":"https:\/\/believebytuularossi.com\/fi\/wp-json\/wp\/v2\/comments?post=14991"}],"version-history":[{"count":0,"href":"https:\/\/believebytuularossi.com\/fi\/wp-json\/wp\/v2\/pages\/14991\/revisions"}],"wp:attachment":[{"href":"https:\/\/believebytuularossi.com\/fi\/wp-json\/wp\/v2\/media?parent=14991"}],"curies":[{"name":"wp","href":"https:\/\/api.w.org\/{rel}","templated":true}]}}