{"id":15027,"date":"2021-12-13T21:29:01","date_gmt":"2022-01-21T17:50:59","guid":{"rendered":"https:\/\/believebytuularossi.com\/?post_type=product&#038;p=15027"},"modified":"2022-01-25T16:06:05","modified_gmt":"2022-01-25T15:06:05","slug":"jade-love-red-elephant-tikattu-takki-ekoturkiksella","status":"publish","type":"product","link":"https:\/\/believebytuularossi.com\/fi\/tuote\/jade-love-red-elephant-tikattu-takki-ekoturkiksella\/","title":{"rendered":"Jade Love Red Elephant -tikattu takki ekoturkiksella"},"content":{"rendered":"<p><br data-mce-bogus=\"1\"><\/p>\n","protected":false},"excerpt":{"rendered":"<p>T\u00e4m\u00e4 ylellinen Jade -takki on upea kauniissa Love Red -v\u00e4riss\u00e4. Takin naisellinen muoto imartelee vartaloasi! T\u00e4t\u00e4 ihanaa takkia k\u00e4ytt\u00e4ess\u00e4si n\u00e4yt\u00e4t eritt\u00e4in tyylikk\u00e4\u00e4lt\u00e4 syksyn ja talven aikana! T\u00e4ss\u00e4 eleganttisessa takissa on uusi moderni linja, joka viimeistelee ilme\u00e4si. Ajaton Jade -takki on valmistettu upeasta elefanttikuosilla tikatusta materiaalista. Uskomme, ett\u00e4 norsut tuovat enemm\u00e4n onnea el\u00e4m\u00e4\u00e4si. Takissa on ihana unelmanpehme\u00e4 ekoturkki edess\u00e4 ja hupun sis\u00e4puolella, joka pit\u00e4\u00e4 sinut l\u00e4mpim\u00e4n\u00e4. Taskut avautuvat piilovetoketjuilla ja voit tuntea ylellisen, pehme\u00e4n turkin my\u00f6s taskuissa! Hupun reunaa voidaan s\u00e4\u00e4t\u00e4\u00e4 joustavalla kiristysny\u00f6rill\u00e4. Huippulaadukas 2-suuntainen vetoketju sivusaumoissa avautuu helposti ja tuo mukavuutta, kun ajaessasi autolla tai matkustaessasi.<\/p>\n<p>Takin hihan pituus on hieman tavallista pidempi. S\u00e4\u00e4dett\u00e4v\u00e4t k\u00e4\u00e4nnett\u00e4v\u00e4t hihansuut ekoturkiksella takaavat t\u00e4ydellisen pituuden kaiken pituisille naisille.<\/p>\n<p>Takki on suunniteltu n\u00e4ytt\u00e4m\u00e4\u00e4n upealta jokaisen naisen p\u00e4\u00e4ll\u00e4 koosta riippumatta t\u00e4ydellisen istuvuuden ansiosta!<\/p>\n","protected":false},"featured_media":14720,"template":"","meta":{"_acf_changed":false},"product_brand":[],"product_cat":[130],"product_tag":[],"class_list":{"0":"post-15027","1":"product","2":"type-product","3":"status-publish","4":"has-post-thumbnail","6":"product_cat-syksytakit-talvitakit","7":"pa_ewd_uwcf_colors-punainen","8":"pa_ewd_uwcf_sizes-34-fi","9":"pa_size-34-fi","10":"pa_size-36-fi","11":"pa_size-38-fi","12":"pa_size-40-fi","13":"pa_size-42-fi","14":"pa_size-44-fi","15":"pa_size-46-fi","16":"pa_size-48-fi","17":"pa_size-50-fi","18":"pa_size-52-fi","19":"pa_size-54-fi","20":"product_color-red-fi","21":"product_size-34-fi","22":"product_size-36-fi","23":"product_size-38-fi","24":"product_size-40-fi","25":"product_size-42-fi","26":"product_size-44-fi","27":"product_size-46-fi","28":"product_size-48-fi","29":"product_size-50-fi","30":"product_size-52-fi","31":"product_size-54-fi","33":"first","34":"instock","35":"taxable","36":"shipping-taxable","37":"purchasable","38":"product-type-variable"},"acf":[],"yoast_head":"<!-- This site is optimized with the Yoast SEO plugin v27.3 - https:\/\/yoast.com\/product\/yoast-seo-wordpress\/ -->\n<title>Jade Love Red Elephant -tikattu takki ekoturkiksella &#8211; BELIEVE by tuula rossi<\/title>\n<meta name=\"description\" content=\"Jade Love Red -tikattu hupullinen takki on ihana ja naisellinen unelmanpehme\u00e4ll\u00e4 ekoturkilla. Love Red v\u00e4ri on klassinen ja kaunis. T\u00e4m\u00e4 ajaton takki on l\u00e4mmin ja suunniteltu istumaan t\u00e4ydellisesti jokaisen naisen p\u00e4\u00e4ll\u00e4. T\u00e4m\u00e4 ylellinen takki on tyylik\u00e4s ja sopii syksyyn ja talveen.\" \/>\n<meta name=\"robots\" content=\"index, follow, max-snippet:-1, max-image-preview:large, max-video-preview:-1\" \/>\n<link rel=\"canonical\" href=\"https:\/\/believebytuularossi.com\/fi\/tuote\/jade-love-red-elephant-tikattu-takki-ekoturkiksella\/\" \/>\n<meta property=\"og:locale\" content=\"fi_FI\" \/>\n<meta property=\"og:type\" content=\"article\" \/>\n<meta property=\"og:title\" content=\"Jade Love Red Elephant -tikattu takki ekoturkiksella &#8211; BELIEVE by tuula rossi\" \/>\n<meta property=\"og:description\" content=\"Jade Love Red -tikattu hupullinen takki on ihana ja naisellinen unelmanpehme\u00e4ll\u00e4 ekoturkilla. Love Red v\u00e4ri on klassinen ja kaunis. T\u00e4m\u00e4 ajaton takki on l\u00e4mmin ja suunniteltu istumaan t\u00e4ydellisesti jokaisen naisen p\u00e4\u00e4ll\u00e4. T\u00e4m\u00e4 ylellinen takki on tyylik\u00e4s ja sopii syksyyn ja talveen.\" \/>\n<meta property=\"og:url\" content=\"https:\/\/believebytuularossi.com\/fi\/tuote\/jade-love-red-elephant-tikattu-takki-ekoturkiksella\/\" \/>\n<meta property=\"og:site_name\" content=\"BELIEVE by tuula rossi\" \/>\n<meta property=\"article:publisher\" content=\"https:\/\/www.facebook.com\/believebytuularossi\/_gu3udgu0BZPTzcnU\" \/>\n<meta property=\"article:modified_time\" content=\"2022-01-25T15:06:05+00:00\" \/>\n<meta property=\"og:image\" content=\"https:\/\/believebytuularossi.com\/wp-content\/uploads\/2021\/12\/P1100491-scaled.jpg\" \/>\n\t<meta property=\"og:image:width\" content=\"1706\" \/>\n\t<meta property=\"og:image:height\" content=\"2560\" \/>\n\t<meta property=\"og:image:type\" content=\"image\/jpeg\" \/>\n<meta name=\"twitter:card\" content=\"summary_large_image\" \/>\n<script type=\"application\/ld+json\" class=\"yoast-schema-graph\">{\"@context\":\"https:\\\/\\\/schema.org\",\"@graph\":[{\"@type\":\"WebPage\",\"@id\":\"https:\\\/\\\/believebytuularossi.com\\\/fi\\\/tuote\\\/jade-love-red-elephant-tikattu-takki-ekoturkiksella\\\/\",\"url\":\"https:\\\/\\\/believebytuularossi.com\\\/fi\\\/tuote\\\/jade-love-red-elephant-tikattu-takki-ekoturkiksella\\\/\",\"name\":\"Jade Love Red Elephant -tikattu takki ekoturkiksella &#8211; BELIEVE by tuula rossi\",\"isPartOf\":{\"@id\":\"https:\\\/\\\/believebytuularossi.com\\\/fi\\\/#website\"},\"primaryImageOfPage\":{\"@id\":\"https:\\\/\\\/believebytuularossi.com\\\/fi\\\/tuote\\\/jade-love-red-elephant-tikattu-takki-ekoturkiksella\\\/#primaryimage\"},\"image\":{\"@id\":\"https:\\\/\\\/believebytuularossi.com\\\/fi\\\/tuote\\\/jade-love-red-elephant-tikattu-takki-ekoturkiksella\\\/#primaryimage\"},\"thumbnailUrl\":\"https:\\\/\\\/believebytuularossi.com\\\/wp-content\\\/uploads\\\/2021\\\/12\\\/P1100491-scaled.jpg\",\"datePublished\":\"2022-01-21T17:50:59+00:00\",\"dateModified\":\"2022-01-25T15:06:05+00:00\",\"description\":\"Jade Love Red -tikattu hupullinen takki on ihana ja naisellinen unelmanpehme\u00e4ll\u00e4 ekoturkilla. Love Red v\u00e4ri on klassinen ja kaunis. T\u00e4m\u00e4 ajaton takki on l\u00e4mmin ja suunniteltu istumaan t\u00e4ydellisesti jokaisen naisen p\u00e4\u00e4ll\u00e4. T\u00e4m\u00e4 ylellinen takki on tyylik\u00e4s ja sopii syksyyn ja talveen.\",\"breadcrumb\":{\"@id\":\"https:\\\/\\\/believebytuularossi.com\\\/fi\\\/tuote\\\/jade-love-red-elephant-tikattu-takki-ekoturkiksella\\\/#breadcrumb\"},\"inLanguage\":\"fi\",\"potentialAction\":[{\"@type\":\"ReadAction\",\"target\":[\"https:\\\/\\\/believebytuularossi.com\\\/fi\\\/tuote\\\/jade-love-red-elephant-tikattu-takki-ekoturkiksella\\\/\"]}]},{\"@type\":\"ImageObject\",\"inLanguage\":\"fi\",\"@id\":\"https:\\\/\\\/believebytuularossi.com\\\/fi\\\/tuote\\\/jade-love-red-elephant-tikattu-takki-ekoturkiksella\\\/#primaryimage\",\"url\":\"https:\\\/\\\/believebytuularossi.com\\\/wp-content\\\/uploads\\\/2021\\\/12\\\/P1100491-scaled.jpg\",\"contentUrl\":\"https:\\\/\\\/believebytuularossi.com\\\/wp-content\\\/uploads\\\/2021\\\/12\\\/P1100491-scaled.jpg\",\"width\":1706,\"height\":2560,\"caption\":\"P1100491\"},{\"@type\":\"BreadcrumbList\",\"@id\":\"https:\\\/\\\/believebytuularossi.com\\\/fi\\\/tuote\\\/jade-love-red-elephant-tikattu-takki-ekoturkiksella\\\/#breadcrumb\",\"itemListElement\":[{\"@type\":\"ListItem\",\"position\":1,\"name\":\"Home\",\"item\":\"https:\\\/\\\/believebytuularossi.com\\\/fi\\\/\"},{\"@type\":\"ListItem\",\"position\":2,\"name\":\"Shop\",\"item\":\"https:\\\/\\\/believebytuularossi.com\\\/shop\\\/\"},{\"@type\":\"ListItem\",\"position\":3,\"name\":\"Jade Love Red Elephant -tikattu takki ekoturkiksella\"}]},{\"@type\":\"WebSite\",\"@id\":\"https:\\\/\\\/believebytuularossi.com\\\/fi\\\/#website\",\"url\":\"https:\\\/\\\/believebytuularossi.com\\\/fi\\\/\",\"name\":\"BELIEVE by tuula rossi\",\"description\":\"A unique, luxurious, original outerwear collection created by passion and love for today\u2019s fashionable woman and her desire for timeless style.          Perfect fit for the modern, feminine woman of any age.\",\"publisher\":{\"@id\":\"https:\\\/\\\/believebytuularossi.com\\\/fi\\\/#organization\"},\"potentialAction\":[{\"@type\":\"SearchAction\",\"target\":{\"@type\":\"EntryPoint\",\"urlTemplate\":\"https:\\\/\\\/believebytuularossi.com\\\/fi\\\/?s={search_term_string}\"},\"query-input\":{\"@type\":\"PropertyValueSpecification\",\"valueRequired\":true,\"valueName\":\"search_term_string\"}}],\"inLanguage\":\"fi\"},{\"@type\":\"Organization\",\"@id\":\"https:\\\/\\\/believebytuularossi.com\\\/fi\\\/#organization\",\"name\":\"BELIEVE by tuula rossi\",\"url\":\"https:\\\/\\\/believebytuularossi.com\\\/fi\\\/\",\"logo\":{\"@type\":\"ImageObject\",\"inLanguage\":\"fi\",\"@id\":\"https:\\\/\\\/believebytuularossi.com\\\/fi\\\/#\\\/schema\\\/logo\\\/image\\\/\",\"url\":\"https:\\\/\\\/believebytuularossi.com\\\/wp-content\\\/uploads\\\/2018\\\/08\\\/rossi-logo_new.png\",\"contentUrl\":\"https:\\\/\\\/believebytuularossi.com\\\/wp-content\\\/uploads\\\/2018\\\/08\\\/rossi-logo_new.png\",\"width\":300,\"height\":143,\"caption\":\"BELIEVE by tuula rossi\"},\"image\":{\"@id\":\"https:\\\/\\\/believebytuularossi.com\\\/fi\\\/#\\\/schema\\\/logo\\\/image\\\/\"},\"sameAs\":[\"https:\\\/\\\/www.facebook.com\\\/believebytuularossi\\\/_gu3udgu0BZPTzcnU\",\"https:\\\/\\\/www.instagram.com\\\/believebytuularossi\\\/\",\"https:\\\/\\\/www.pinterest.com\\\/believebytuularossi\\\/\"]}]}<\/script>\n<!-- \/ Yoast SEO plugin. -->","yoast_head_json":{"title":"Jade Love Red Elephant -tikattu takki ekoturkiksella &#8211; BELIEVE by tuula rossi","description":"Jade Love Red -tikattu hupullinen takki on ihana ja naisellinen unelmanpehme\u00e4ll\u00e4 ekoturkilla. Love Red v\u00e4ri on klassinen ja kaunis. T\u00e4m\u00e4 ajaton takki on l\u00e4mmin ja suunniteltu istumaan t\u00e4ydellisesti jokaisen naisen p\u00e4\u00e4ll\u00e4. T\u00e4m\u00e4 ylellinen takki on tyylik\u00e4s ja sopii syksyyn ja talveen.","robots":{"index":"index","follow":"follow","max-snippet":"max-snippet:-1","max-image-preview":"max-image-preview:large","max-video-preview":"max-video-preview:-1"},"canonical":"https:\/\/believebytuularossi.com\/fi\/tuote\/jade-love-red-elephant-tikattu-takki-ekoturkiksella\/","og_locale":"fi_FI","og_type":"article","og_title":"Jade Love Red Elephant -tikattu takki ekoturkiksella &#8211; BELIEVE by tuula rossi","og_description":"Jade Love Red -tikattu hupullinen takki on ihana ja naisellinen unelmanpehme\u00e4ll\u00e4 ekoturkilla. Love Red v\u00e4ri on klassinen ja kaunis. T\u00e4m\u00e4 ajaton takki on l\u00e4mmin ja suunniteltu istumaan t\u00e4ydellisesti jokaisen naisen p\u00e4\u00e4ll\u00e4. T\u00e4m\u00e4 ylellinen takki on tyylik\u00e4s ja sopii syksyyn ja talveen.","og_url":"https:\/\/believebytuularossi.com\/fi\/tuote\/jade-love-red-elephant-tikattu-takki-ekoturkiksella\/","og_site_name":"BELIEVE by tuula rossi","article_publisher":"https:\/\/www.facebook.com\/believebytuularossi\/_gu3udgu0BZPTzcnU","article_modified_time":"2022-01-25T15:06:05+00:00","og_image":[{"width":1706,"height":2560,"url":"https:\/\/believebytuularossi.com\/wp-content\/uploads\/2021\/12\/P1100491-scaled.jpg","type":"image\/jpeg"}],"twitter_card":"summary_large_image","schema":{"@context":"https:\/\/schema.org","@graph":[{"@type":"WebPage","@id":"https:\/\/believebytuularossi.com\/fi\/tuote\/jade-love-red-elephant-tikattu-takki-ekoturkiksella\/","url":"https:\/\/believebytuularossi.com\/fi\/tuote\/jade-love-red-elephant-tikattu-takki-ekoturkiksella\/","name":"Jade Love Red Elephant -tikattu takki ekoturkiksella &#8211; BELIEVE by tuula rossi","isPartOf":{"@id":"https:\/\/believebytuularossi.com\/fi\/#website"},"primaryImageOfPage":{"@id":"https:\/\/believebytuularossi.com\/fi\/tuote\/jade-love-red-elephant-tikattu-takki-ekoturkiksella\/#primaryimage"},"image":{"@id":"https:\/\/believebytuularossi.com\/fi\/tuote\/jade-love-red-elephant-tikattu-takki-ekoturkiksella\/#primaryimage"},"thumbnailUrl":"https:\/\/believebytuularossi.com\/wp-content\/uploads\/2021\/12\/P1100491-scaled.jpg","datePublished":"2022-01-21T17:50:59+00:00","dateModified":"2022-01-25T15:06:05+00:00","description":"Jade Love Red -tikattu hupullinen takki on ihana ja naisellinen unelmanpehme\u00e4ll\u00e4 ekoturkilla. Love Red v\u00e4ri on klassinen ja kaunis. T\u00e4m\u00e4 ajaton takki on l\u00e4mmin ja suunniteltu istumaan t\u00e4ydellisesti jokaisen naisen p\u00e4\u00e4ll\u00e4. T\u00e4m\u00e4 ylellinen takki on tyylik\u00e4s ja sopii syksyyn ja talveen.","breadcrumb":{"@id":"https:\/\/believebytuularossi.com\/fi\/tuote\/jade-love-red-elephant-tikattu-takki-ekoturkiksella\/#breadcrumb"},"inLanguage":"fi","potentialAction":[{"@type":"ReadAction","target":["https:\/\/believebytuularossi.com\/fi\/tuote\/jade-love-red-elephant-tikattu-takki-ekoturkiksella\/"]}]},{"@type":"ImageObject","inLanguage":"fi","@id":"https:\/\/believebytuularossi.com\/fi\/tuote\/jade-love-red-elephant-tikattu-takki-ekoturkiksella\/#primaryimage","url":"https:\/\/believebytuularossi.com\/wp-content\/uploads\/2021\/12\/P1100491-scaled.jpg","contentUrl":"https:\/\/believebytuularossi.com\/wp-content\/uploads\/2021\/12\/P1100491-scaled.jpg","width":1706,"height":2560,"caption":"P1100491"},{"@type":"BreadcrumbList","@id":"https:\/\/believebytuularossi.com\/fi\/tuote\/jade-love-red-elephant-tikattu-takki-ekoturkiksella\/#breadcrumb","itemListElement":[{"@type":"ListItem","position":1,"name":"Home","item":"https:\/\/believebytuularossi.com\/fi\/"},{"@type":"ListItem","position":2,"name":"Shop","item":"https:\/\/believebytuularossi.com\/shop\/"},{"@type":"ListItem","position":3,"name":"Jade Love Red Elephant -tikattu takki ekoturkiksella"}]},{"@type":"WebSite","@id":"https:\/\/believebytuularossi.com\/fi\/#website","url":"https:\/\/believebytuularossi.com\/fi\/","name":"BELIEVE by tuula rossi","description":"A unique, luxurious, original outerwear collection created by passion and love for today\u2019s fashionable woman and her desire for timeless style.          Perfect fit for the modern, feminine woman of any age.","publisher":{"@id":"https:\/\/believebytuularossi.com\/fi\/#organization"},"potentialAction":[{"@type":"SearchAction","target":{"@type":"EntryPoint","urlTemplate":"https:\/\/believebytuularossi.com\/fi\/?s={search_term_string}"},"query-input":{"@type":"PropertyValueSpecification","valueRequired":true,"valueName":"search_term_string"}}],"inLanguage":"fi"},{"@type":"Organization","@id":"https:\/\/believebytuularossi.com\/fi\/#organization","name":"BELIEVE by tuula rossi","url":"https:\/\/believebytuularossi.com\/fi\/","logo":{"@type":"ImageObject","inLanguage":"fi","@id":"https:\/\/believebytuularossi.com\/fi\/#\/schema\/logo\/image\/","url":"https:\/\/believebytuularossi.com\/wp-content\/uploads\/2018\/08\/rossi-logo_new.png","contentUrl":"https:\/\/believebytuularossi.com\/wp-content\/uploads\/2018\/08\/rossi-logo_new.png","width":300,"height":143,"caption":"BELIEVE by tuula rossi"},"image":{"@id":"https:\/\/believebytuularossi.com\/fi\/#\/schema\/logo\/image\/"},"sameAs":["https:\/\/www.facebook.com\/believebytuularossi\/_gu3udgu0BZPTzcnU","https:\/\/www.instagram.com\/believebytuularossi\/","https:\/\/www.pinterest.com\/believebytuularossi\/"]}]}},"_links":{"self":[{"href":"https:\/\/believebytuularossi.com\/fi\/wp-json\/wp\/v2\/product\/15027","targetHints":{"allow":["GET"]}}],"collection":[{"href":"https:\/\/believebytuularossi.com\/fi\/wp-json\/wp\/v2\/product"}],"about":[{"href":"https:\/\/believebytuularossi.com\/fi\/wp-json\/wp\/v2\/types\/product"}],"wp:featuredmedia":[{"embeddable":true,"href":"https:\/\/believebytuularossi.com\/fi\/wp-json\/wp\/v2\/media\/14720"}],"wp:attachment":[{"href":"https:\/\/believebytuularossi.com\/fi\/wp-json\/wp\/v2\/media?parent=15027"}],"wp:term":[{"taxonomy":"product_brand","embeddable":true,"href":"https:\/\/believebytuularossi.com\/fi\/wp-json\/wp\/v2\/product_brand?post=15027"},{"taxonomy":"product_cat","embeddable":true,"href":"https:\/\/believebytuularossi.com\/fi\/wp-json\/wp\/v2\/product_cat?post=15027"},{"taxonomy":"product_tag","embeddable":true,"href":"https:\/\/believebytuularossi.com\/fi\/wp-json\/wp\/v2\/product_tag?post=15027"}],"curies":[{"name":"wp","href":"https:\/\/api.w.org\/{rel}","templated":true}]}}