{"id":15028,"date":"2021-12-13T21:13:56","date_gmt":"2021-12-13T20:13:56","guid":{"rendered":"https:\/\/believebytuularossi.com\/?post_type=product&#038;p=15028"},"modified":"2022-01-27T14:43:52","modified_gmt":"2022-01-27T13:43:52","slug":"julie-fur-purple-erittain-pehmea-kevyt-ekoturkistakki","status":"publish","type":"product","link":"https:\/\/believebytuularossi.com\/fi\/tuote\/julie-fur-purple-erittain-pehmea-kevyt-ekoturkistakki\/","title":{"rendered":"Julie Fur Purple -eritt\u00e4in pehme\u00e4 ja kevyt ekoturkistakki"},"content":{"rendered":"","protected":false},"excerpt":{"rendered":"<p>T\u00e4m\u00e4 upea ja ylellinen Julie -ekoturkistakki tuntuu puettavalta unelmalta p\u00e4\u00e4ll\u00e4si! T\u00e4m\u00e4 takki on kevyt kuin neuletakki. Voit pit\u00e4\u00e4 sit\u00e4 auki tai voit sulkea sen kauniilla satiininauhalla. Ekoturkismateriaali on eritt\u00e4in pehme\u00e4\u00e4, kevytt\u00e4 ja joustavaa, joten t\u00e4m\u00e4 kietaisutakki on todella mukava p\u00e4\u00e4ll\u00e4!<\/p>\n<p>T\u00e4m\u00e4 takki sopii t\u00e4ydellisesti rennon, dynamisen ja modernin \u00a0tyylin luomiseksi. Taskut avautuvat vetoketjuilla ja voit tuntea ylellisen, superpehme\u00e4n ekoturkin my\u00f6s taskujen sis\u00e4ll\u00e4! T\u00e4ydellisen leikkauksen ansiosta takki sopii kaikenkokoisille naisille!<\/p>\n<p>Julie -turkistakin hihan pituus on hieman tavallista pidempi. K\u00e4\u00e4nnett\u00e4v\u00e4t hihansuut takaavat t\u00e4ydellisen pituuden kaikille.<\/p>\n","protected":false},"featured_media":14698,"template":"","meta":{"_acf_changed":false},"product_brand":[],"product_cat":[130],"product_tag":[],"class_list":{"0":"post-15028","1":"product","2":"type-product","3":"status-publish","4":"has-post-thumbnail","6":"product_cat-syksytakit-talvitakit","7":"pa_ewd_uwcf_colors-violetti","8":"pa_size-34-fi","9":"pa_size-36-fi","10":"pa_size-38-fi","11":"pa_size-40-fi","12":"pa_size-42-fi","13":"pa_size-44-fi","14":"pa_size-46-fi","15":"pa_size-48-fi","16":"pa_size-50-fi","17":"pa_size-52-fi","18":"pa_size-54-fi","19":"product_color-purple-fi","21":"first","22":"instock","23":"taxable","24":"shipping-taxable","25":"purchasable","26":"product-type-variable"},"acf":[],"yoast_head":"<!-- This site is optimized with the Yoast SEO plugin v27.6 - https:\/\/yoast.com\/product\/yoast-seo-wordpress\/ -->\n<title>Julie Fur Purple -eritt\u00e4in pehme\u00e4 ja kevyt ekoturkistakki &#8211; BELIEVE by tuula rossi<\/title>\n<meta name=\"description\" content=\"Julie Fur -turkistakki on valmistettu unelmapehme\u00e4st\u00e4 ekoturkista. Takki on kuin ylellinen neuletakki, se on l\u00e4mmin ja mukava p\u00e4\u00e4ll\u00e4. Ekoturkismateriaali on pehme\u00e4\u00e4 ja joustavaa. T\u00e4m\u00e4 rento takki on ajaton, moderni ja sopii syksyyn sek\u00e4 talveen.\" \/>\n<meta name=\"robots\" content=\"index, follow, max-snippet:-1, max-image-preview:large, max-video-preview:-1\" \/>\n<link rel=\"canonical\" href=\"https:\/\/believebytuularossi.com\/fi\/tuote\/julie-fur-purple-erittain-pehmea-kevyt-ekoturkistakki\/\" \/>\n<meta property=\"og:locale\" content=\"fi_FI\" \/>\n<meta property=\"og:type\" content=\"article\" \/>\n<meta property=\"og:title\" content=\"Julie Fur Purple -eritt\u00e4in pehme\u00e4 ja kevyt ekoturkistakki &#8211; BELIEVE by tuula rossi\" \/>\n<meta property=\"og:description\" content=\"Julie Fur -turkistakki on valmistettu unelmapehme\u00e4st\u00e4 ekoturkista. Takki on kuin ylellinen neuletakki, se on l\u00e4mmin ja mukava p\u00e4\u00e4ll\u00e4. Ekoturkismateriaali on pehme\u00e4\u00e4 ja joustavaa. T\u00e4m\u00e4 rento takki on ajaton, moderni ja sopii syksyyn sek\u00e4 talveen.\" \/>\n<meta property=\"og:url\" content=\"https:\/\/believebytuularossi.com\/fi\/tuote\/julie-fur-purple-erittain-pehmea-kevyt-ekoturkistakki\/\" \/>\n<meta property=\"og:site_name\" content=\"BELIEVE by tuula rossi\" \/>\n<meta property=\"article:publisher\" content=\"https:\/\/www.facebook.com\/believebytuularossi\/_gu3udgu0BZPTzcnU\" \/>\n<meta property=\"article:modified_time\" content=\"2022-01-27T13:43:52+00:00\" \/>\n<meta property=\"og:image\" content=\"https:\/\/believebytuularossi.com\/wp-content\/uploads\/2021\/12\/P1090858-scaled.jpg\" \/>\n\t<meta property=\"og:image:width\" content=\"1441\" \/>\n\t<meta property=\"og:image:height\" content=\"2560\" \/>\n\t<meta property=\"og:image:type\" content=\"image\/jpeg\" \/>\n<meta name=\"twitter:card\" content=\"summary_large_image\" \/>\n<script type=\"application\/ld+json\" class=\"yoast-schema-graph\">{\"@context\":\"https:\\\/\\\/schema.org\",\"@graph\":[{\"@type\":\"WebPage\",\"@id\":\"https:\\\/\\\/believebytuularossi.com\\\/fi\\\/tuote\\\/julie-fur-purple-erittain-pehmea-kevyt-ekoturkistakki\\\/\",\"url\":\"https:\\\/\\\/believebytuularossi.com\\\/fi\\\/tuote\\\/julie-fur-purple-erittain-pehmea-kevyt-ekoturkistakki\\\/\",\"name\":\"Julie Fur Purple -eritt\u00e4in pehme\u00e4 ja kevyt ekoturkistakki &#8211; BELIEVE by tuula rossi\",\"isPartOf\":{\"@id\":\"https:\\\/\\\/believebytuularossi.com\\\/fi\\\/#website\"},\"primaryImageOfPage\":{\"@id\":\"https:\\\/\\\/believebytuularossi.com\\\/fi\\\/tuote\\\/julie-fur-purple-erittain-pehmea-kevyt-ekoturkistakki\\\/#primaryimage\"},\"image\":{\"@id\":\"https:\\\/\\\/believebytuularossi.com\\\/fi\\\/tuote\\\/julie-fur-purple-erittain-pehmea-kevyt-ekoturkistakki\\\/#primaryimage\"},\"thumbnailUrl\":\"https:\\\/\\\/believebytuularossi.com\\\/wp-content\\\/uploads\\\/2021\\\/12\\\/P1090858-scaled.jpg\",\"datePublished\":\"2021-12-13T20:13:56+00:00\",\"dateModified\":\"2022-01-27T13:43:52+00:00\",\"description\":\"Julie Fur -turkistakki on valmistettu unelmapehme\u00e4st\u00e4 ekoturkista. Takki on kuin ylellinen neuletakki, se on l\u00e4mmin ja mukava p\u00e4\u00e4ll\u00e4. Ekoturkismateriaali on pehme\u00e4\u00e4 ja joustavaa. T\u00e4m\u00e4 rento takki on ajaton, moderni ja sopii syksyyn sek\u00e4 talveen.\",\"breadcrumb\":{\"@id\":\"https:\\\/\\\/believebytuularossi.com\\\/fi\\\/tuote\\\/julie-fur-purple-erittain-pehmea-kevyt-ekoturkistakki\\\/#breadcrumb\"},\"inLanguage\":\"fi\",\"potentialAction\":[{\"@type\":\"ReadAction\",\"target\":[\"https:\\\/\\\/believebytuularossi.com\\\/fi\\\/tuote\\\/julie-fur-purple-erittain-pehmea-kevyt-ekoturkistakki\\\/\"]}]},{\"@type\":\"ImageObject\",\"inLanguage\":\"fi\",\"@id\":\"https:\\\/\\\/believebytuularossi.com\\\/fi\\\/tuote\\\/julie-fur-purple-erittain-pehmea-kevyt-ekoturkistakki\\\/#primaryimage\",\"url\":\"https:\\\/\\\/believebytuularossi.com\\\/wp-content\\\/uploads\\\/2021\\\/12\\\/P1090858-scaled.jpg\",\"contentUrl\":\"https:\\\/\\\/believebytuularossi.com\\\/wp-content\\\/uploads\\\/2021\\\/12\\\/P1090858-scaled.jpg\",\"width\":1441,\"height\":2560},{\"@type\":\"BreadcrumbList\",\"@id\":\"https:\\\/\\\/believebytuularossi.com\\\/fi\\\/tuote\\\/julie-fur-purple-erittain-pehmea-kevyt-ekoturkistakki\\\/#breadcrumb\",\"itemListElement\":[{\"@type\":\"ListItem\",\"position\":1,\"name\":\"Home\",\"item\":\"https:\\\/\\\/believebytuularossi.com\\\/fi\\\/\"},{\"@type\":\"ListItem\",\"position\":2,\"name\":\"Shop\",\"item\":\"https:\\\/\\\/believebytuularossi.com\\\/shop\\\/\"},{\"@type\":\"ListItem\",\"position\":3,\"name\":\"Julie Fur Purple -eritt\u00e4in pehme\u00e4 ja kevyt ekoturkistakki\"}]},{\"@type\":\"WebSite\",\"@id\":\"https:\\\/\\\/believebytuularossi.com\\\/fi\\\/#website\",\"url\":\"https:\\\/\\\/believebytuularossi.com\\\/fi\\\/\",\"name\":\"BELIEVE by tuula rossi\",\"description\":\"A unique, luxurious, original outerwear collection created by passion and love for today\u2019s fashionable woman and her desire for timeless style.          Perfect fit for the modern, feminine woman of any age.\",\"publisher\":{\"@id\":\"https:\\\/\\\/believebytuularossi.com\\\/fi\\\/#organization\"},\"potentialAction\":[{\"@type\":\"SearchAction\",\"target\":{\"@type\":\"EntryPoint\",\"urlTemplate\":\"https:\\\/\\\/believebytuularossi.com\\\/fi\\\/?s={search_term_string}\"},\"query-input\":{\"@type\":\"PropertyValueSpecification\",\"valueRequired\":true,\"valueName\":\"search_term_string\"}}],\"inLanguage\":\"fi\"},{\"@type\":\"Organization\",\"@id\":\"https:\\\/\\\/believebytuularossi.com\\\/fi\\\/#organization\",\"name\":\"BELIEVE by tuula rossi\",\"url\":\"https:\\\/\\\/believebytuularossi.com\\\/fi\\\/\",\"logo\":{\"@type\":\"ImageObject\",\"inLanguage\":\"fi\",\"@id\":\"https:\\\/\\\/believebytuularossi.com\\\/fi\\\/#\\\/schema\\\/logo\\\/image\\\/\",\"url\":\"https:\\\/\\\/believebytuularossi.com\\\/wp-content\\\/uploads\\\/2018\\\/08\\\/rossi-logo_new.png\",\"contentUrl\":\"https:\\\/\\\/believebytuularossi.com\\\/wp-content\\\/uploads\\\/2018\\\/08\\\/rossi-logo_new.png\",\"width\":300,\"height\":143,\"caption\":\"BELIEVE by tuula rossi\"},\"image\":{\"@id\":\"https:\\\/\\\/believebytuularossi.com\\\/fi\\\/#\\\/schema\\\/logo\\\/image\\\/\"},\"sameAs\":[\"https:\\\/\\\/www.facebook.com\\\/believebytuularossi\\\/_gu3udgu0BZPTzcnU\",\"https:\\\/\\\/www.instagram.com\\\/believebytuularossi\\\/\",\"https:\\\/\\\/www.pinterest.com\\\/believebytuularossi\\\/\"]}]}<\/script>\n<!-- \/ Yoast SEO plugin. -->","yoast_head_json":{"title":"Julie Fur Purple -eritt\u00e4in pehme\u00e4 ja kevyt ekoturkistakki &#8211; BELIEVE by tuula rossi","description":"Julie Fur -turkistakki on valmistettu unelmapehme\u00e4st\u00e4 ekoturkista. Takki on kuin ylellinen neuletakki, se on l\u00e4mmin ja mukava p\u00e4\u00e4ll\u00e4. Ekoturkismateriaali on pehme\u00e4\u00e4 ja joustavaa. T\u00e4m\u00e4 rento takki on ajaton, moderni ja sopii syksyyn sek\u00e4 talveen.","robots":{"index":"index","follow":"follow","max-snippet":"max-snippet:-1","max-image-preview":"max-image-preview:large","max-video-preview":"max-video-preview:-1"},"canonical":"https:\/\/believebytuularossi.com\/fi\/tuote\/julie-fur-purple-erittain-pehmea-kevyt-ekoturkistakki\/","og_locale":"fi_FI","og_type":"article","og_title":"Julie Fur Purple -eritt\u00e4in pehme\u00e4 ja kevyt ekoturkistakki &#8211; BELIEVE by tuula rossi","og_description":"Julie Fur -turkistakki on valmistettu unelmapehme\u00e4st\u00e4 ekoturkista. Takki on kuin ylellinen neuletakki, se on l\u00e4mmin ja mukava p\u00e4\u00e4ll\u00e4. Ekoturkismateriaali on pehme\u00e4\u00e4 ja joustavaa. T\u00e4m\u00e4 rento takki on ajaton, moderni ja sopii syksyyn sek\u00e4 talveen.","og_url":"https:\/\/believebytuularossi.com\/fi\/tuote\/julie-fur-purple-erittain-pehmea-kevyt-ekoturkistakki\/","og_site_name":"BELIEVE by tuula rossi","article_publisher":"https:\/\/www.facebook.com\/believebytuularossi\/_gu3udgu0BZPTzcnU","article_modified_time":"2022-01-27T13:43:52+00:00","og_image":[{"width":1441,"height":2560,"url":"https:\/\/believebytuularossi.com\/wp-content\/uploads\/2021\/12\/P1090858-scaled.jpg","type":"image\/jpeg"}],"twitter_card":"summary_large_image","schema":{"@context":"https:\/\/schema.org","@graph":[{"@type":"WebPage","@id":"https:\/\/believebytuularossi.com\/fi\/tuote\/julie-fur-purple-erittain-pehmea-kevyt-ekoturkistakki\/","url":"https:\/\/believebytuularossi.com\/fi\/tuote\/julie-fur-purple-erittain-pehmea-kevyt-ekoturkistakki\/","name":"Julie Fur Purple -eritt\u00e4in pehme\u00e4 ja kevyt ekoturkistakki &#8211; BELIEVE by tuula rossi","isPartOf":{"@id":"https:\/\/believebytuularossi.com\/fi\/#website"},"primaryImageOfPage":{"@id":"https:\/\/believebytuularossi.com\/fi\/tuote\/julie-fur-purple-erittain-pehmea-kevyt-ekoturkistakki\/#primaryimage"},"image":{"@id":"https:\/\/believebytuularossi.com\/fi\/tuote\/julie-fur-purple-erittain-pehmea-kevyt-ekoturkistakki\/#primaryimage"},"thumbnailUrl":"https:\/\/believebytuularossi.com\/wp-content\/uploads\/2021\/12\/P1090858-scaled.jpg","datePublished":"2021-12-13T20:13:56+00:00","dateModified":"2022-01-27T13:43:52+00:00","description":"Julie Fur -turkistakki on valmistettu unelmapehme\u00e4st\u00e4 ekoturkista. Takki on kuin ylellinen neuletakki, se on l\u00e4mmin ja mukava p\u00e4\u00e4ll\u00e4. Ekoturkismateriaali on pehme\u00e4\u00e4 ja joustavaa. T\u00e4m\u00e4 rento takki on ajaton, moderni ja sopii syksyyn sek\u00e4 talveen.","breadcrumb":{"@id":"https:\/\/believebytuularossi.com\/fi\/tuote\/julie-fur-purple-erittain-pehmea-kevyt-ekoturkistakki\/#breadcrumb"},"inLanguage":"fi","potentialAction":[{"@type":"ReadAction","target":["https:\/\/believebytuularossi.com\/fi\/tuote\/julie-fur-purple-erittain-pehmea-kevyt-ekoturkistakki\/"]}]},{"@type":"ImageObject","inLanguage":"fi","@id":"https:\/\/believebytuularossi.com\/fi\/tuote\/julie-fur-purple-erittain-pehmea-kevyt-ekoturkistakki\/#primaryimage","url":"https:\/\/believebytuularossi.com\/wp-content\/uploads\/2021\/12\/P1090858-scaled.jpg","contentUrl":"https:\/\/believebytuularossi.com\/wp-content\/uploads\/2021\/12\/P1090858-scaled.jpg","width":1441,"height":2560},{"@type":"BreadcrumbList","@id":"https:\/\/believebytuularossi.com\/fi\/tuote\/julie-fur-purple-erittain-pehmea-kevyt-ekoturkistakki\/#breadcrumb","itemListElement":[{"@type":"ListItem","position":1,"name":"Home","item":"https:\/\/believebytuularossi.com\/fi\/"},{"@type":"ListItem","position":2,"name":"Shop","item":"https:\/\/believebytuularossi.com\/shop\/"},{"@type":"ListItem","position":3,"name":"Julie Fur Purple -eritt\u00e4in pehme\u00e4 ja kevyt ekoturkistakki"}]},{"@type":"WebSite","@id":"https:\/\/believebytuularossi.com\/fi\/#website","url":"https:\/\/believebytuularossi.com\/fi\/","name":"BELIEVE by tuula rossi","description":"A unique, luxurious, original outerwear collection created by passion and love for today\u2019s fashionable woman and her desire for timeless style.          Perfect fit for the modern, feminine woman of any age.","publisher":{"@id":"https:\/\/believebytuularossi.com\/fi\/#organization"},"potentialAction":[{"@type":"SearchAction","target":{"@type":"EntryPoint","urlTemplate":"https:\/\/believebytuularossi.com\/fi\/?s={search_term_string}"},"query-input":{"@type":"PropertyValueSpecification","valueRequired":true,"valueName":"search_term_string"}}],"inLanguage":"fi"},{"@type":"Organization","@id":"https:\/\/believebytuularossi.com\/fi\/#organization","name":"BELIEVE by tuula rossi","url":"https:\/\/believebytuularossi.com\/fi\/","logo":{"@type":"ImageObject","inLanguage":"fi","@id":"https:\/\/believebytuularossi.com\/fi\/#\/schema\/logo\/image\/","url":"https:\/\/believebytuularossi.com\/wp-content\/uploads\/2018\/08\/rossi-logo_new.png","contentUrl":"https:\/\/believebytuularossi.com\/wp-content\/uploads\/2018\/08\/rossi-logo_new.png","width":300,"height":143,"caption":"BELIEVE by tuula rossi"},"image":{"@id":"https:\/\/believebytuularossi.com\/fi\/#\/schema\/logo\/image\/"},"sameAs":["https:\/\/www.facebook.com\/believebytuularossi\/_gu3udgu0BZPTzcnU","https:\/\/www.instagram.com\/believebytuularossi\/","https:\/\/www.pinterest.com\/believebytuularossi\/"]}]}},"_links":{"self":[{"href":"https:\/\/believebytuularossi.com\/fi\/wp-json\/wp\/v2\/product\/15028","targetHints":{"allow":["GET"]}}],"collection":[{"href":"https:\/\/believebytuularossi.com\/fi\/wp-json\/wp\/v2\/product"}],"about":[{"href":"https:\/\/believebytuularossi.com\/fi\/wp-json\/wp\/v2\/types\/product"}],"wp:featuredmedia":[{"embeddable":true,"href":"https:\/\/believebytuularossi.com\/fi\/wp-json\/wp\/v2\/media\/14698"}],"wp:attachment":[{"href":"https:\/\/believebytuularossi.com\/fi\/wp-json\/wp\/v2\/media?parent=15028"}],"wp:term":[{"taxonomy":"product_brand","embeddable":true,"href":"https:\/\/believebytuularossi.com\/fi\/wp-json\/wp\/v2\/product_brand?post=15028"},{"taxonomy":"product_cat","embeddable":true,"href":"https:\/\/believebytuularossi.com\/fi\/wp-json\/wp\/v2\/product_cat?post=15028"},{"taxonomy":"product_tag","embeddable":true,"href":"https:\/\/believebytuularossi.com\/fi\/wp-json\/wp\/v2\/product_tag?post=15028"}],"curies":[{"name":"wp","href":"https:\/\/api.w.org\/{rel}","templated":true}]}}