{"id":15188,"date":"2021-12-09T12:46:26","date_gmt":"2021-12-09T11:46:26","guid":{"rendered":"https:\/\/believebytuularossi.com\/product\/stella-cream-bi-stretch-joustava-tikattu-takki-hupulla\/"},"modified":"2022-09-14T09:30:18","modified_gmt":"2022-09-14T07:30:18","slug":"stella-cream-bi-stretch-joustava-tikattu-takki-hupulla","status":"publish","type":"product","link":"https:\/\/believebytuularossi.com\/fi\/tuote\/stella-cream-bi-stretch-joustava-tikattu-takki-hupulla\/","title":{"rendered":"Stella Cream Bi-Stretch -joustava tikattu takki hupulla"},"content":{"rendered":"","protected":false},"excerpt":{"rendered":"<p>Kun k\u00e4yt\u00e4t hienostunutta kermanv\u00e4rist\u00e4 Stella -takkia, n\u00e4yt\u00e4t aivan upealta ja ylelliselt\u00e4! Stella -takki on luksusta arjen keskell\u00e4! T\u00e4m\u00e4 poikkeuksellisen pehme\u00e4 mielihyv\u00e4takki on valmistettu alunperin suunnitellusta bi-stretch -kuosilla tikatusta materiaalista, joten se sopii t\u00e4ydellisesti kaiken kokoisille naisille. Stella tuntuu eritt\u00e4in mukavalta ja kevyelt\u00e4 p\u00e4\u00e4ll\u00e4, se on kuin unelma! Hupun reuna s\u00e4\u00e4det\u00e4\u00e4n kiristysny\u00f6rill\u00e4. Ihana unelmanpehme\u00e4 ekoturkki hupun ja taskujen sis\u00e4ll\u00e4 tuo lis\u00e4l\u00e4mp\u00f6\u00e4 ja eleganssia t\u00e4h\u00e4n takkiin. Stella -takin upea tikattu materiaali kermanv\u00e4risen\u00e4 antaa takille t\u00e4ysin uuden ilmeen ja tekee siit\u00e4 erityisesti tyylikk\u00e4\u00e4n.<\/p>\n<p>Ajaton ja ihana Stella -takki on suunniteltu n\u00e4ytt\u00e4m\u00e4\u00e4n upealta jokaisen naisen p\u00e4\u00e4ll\u00e4 bi-stretch -ylellisen ja korkealaatuisen materiaalin sek\u00e4 t\u00e4ydellisen leikkauksen ansiosta! Stella saa sinut erottumaan joukosta!<\/p>\n","protected":false},"featured_media":16976,"template":"","meta":{"_acf_changed":false},"product_brand":[],"product_cat":[130],"product_tag":[],"class_list":{"0":"post-15188","1":"product","2":"type-product","3":"status-publish","4":"has-post-thumbnail","6":"product_cat-syksytakit-talvitakit","7":"pa_ewd_uwcf_colors-pale-pink-fi","8":"pa_ewd_uwcf_colors-white-fi","9":"pa_ewd_uwcf_sizes-34-fi","10":"pa_ewd_uwcf_sizes-36-fi","11":"pa_ewd_uwcf_sizes-38-fi","12":"pa_ewd_uwcf_sizes-40-fi","13":"pa_ewd_uwcf_sizes-42-fi","14":"pa_ewd_uwcf_sizes-44-fi","15":"pa_ewd_uwcf_sizes-46-fi","16":"pa_ewd_uwcf_sizes-48-fi","17":"pa_ewd_uwcf_sizes-50-fi","18":"pa_ewd_uwcf_sizes-52-fi","19":"pa_ewd_uwcf_sizes-54-fi","20":"pa_size-34-fi","21":"pa_size-36-fi","22":"pa_size-38-fi","23":"pa_size-40-fi","24":"pa_size-42-fi","25":"pa_size-44-fi","26":"pa_size-46-fi","27":"pa_size-48-fi","28":"pa_size-50-fi","29":"pa_size-52-fi","30":"pa_size-54-fi","31":"product_color-rose-fi","32":"product_color-white-fi","33":"product_size-34-fi","34":"product_size-36-fi","35":"product_size-38-fi","36":"product_size-40-fi","37":"product_size-42-fi","38":"product_size-44-fi","39":"product_size-46-fi","40":"product_size-48-fi","41":"product_size-50-fi","42":"product_size-52-fi","43":"product_size-54-fi","45":"first","46":"instock","47":"taxable","48":"shipping-taxable","49":"purchasable","50":"product-type-variable"},"acf":[],"yoast_head":"<!-- This site is optimized with the Yoast SEO plugin v27.6 - https:\/\/yoast.com\/product\/yoast-seo-wordpress\/ -->\n<title>Stella Cream Bi-Stretch -joustava tikattu takki hupulla &#8211; BELIEVE by tuula rossi<\/title>\n<meta name=\"description\" content=\"Stella Cream Bi-Streatch -luonnonvalkoinen hupullinen naisten tikattu takki\" \/>\n<meta name=\"robots\" content=\"index, follow, max-snippet:-1, max-image-preview:large, max-video-preview:-1\" \/>\n<link rel=\"canonical\" href=\"https:\/\/believebytuularossi.com\/fi\/tuote\/stella-cream-bi-stretch-joustava-tikattu-takki-hupulla\/\" \/>\n<meta property=\"og:locale\" content=\"fi_FI\" \/>\n<meta property=\"og:type\" content=\"article\" \/>\n<meta property=\"og:title\" content=\"Stella Cream Bi-Stretch -joustava tikattu takki hupulla &#8211; BELIEVE by tuula rossi\" \/>\n<meta property=\"og:description\" content=\"Stella Cream Bi-Streatch -luonnonvalkoinen hupullinen naisten tikattu takki\" \/>\n<meta property=\"og:url\" content=\"https:\/\/believebytuularossi.com\/fi\/tuote\/stella-cream-bi-stretch-joustava-tikattu-takki-hupulla\/\" \/>\n<meta property=\"og:site_name\" content=\"BELIEVE by tuula rossi\" \/>\n<meta property=\"article:publisher\" content=\"https:\/\/www.facebook.com\/believebytuularossi\/_gu3udgu0BZPTzcnU\" \/>\n<meta property=\"article:modified_time\" content=\"2022-09-14T07:30:18+00:00\" \/>\n<meta property=\"og:image\" content=\"https:\/\/believebytuularossi.com\/wp-content\/uploads\/2021\/12\/4-5D4_4233-scaled.jpg\" \/>\n\t<meta property=\"og:image:width\" content=\"1707\" \/>\n\t<meta property=\"og:image:height\" content=\"2560\" \/>\n\t<meta property=\"og:image:type\" content=\"image\/jpeg\" \/>\n<meta name=\"twitter:card\" content=\"summary_large_image\" \/>\n<script type=\"application\/ld+json\" class=\"yoast-schema-graph\">{\"@context\":\"https:\\\/\\\/schema.org\",\"@graph\":[{\"@type\":\"WebPage\",\"@id\":\"https:\\\/\\\/believebytuularossi.com\\\/fi\\\/tuote\\\/stella-cream-bi-stretch-joustava-tikattu-takki-hupulla\\\/\",\"url\":\"https:\\\/\\\/believebytuularossi.com\\\/fi\\\/tuote\\\/stella-cream-bi-stretch-joustava-tikattu-takki-hupulla\\\/\",\"name\":\"Stella Cream Bi-Stretch -joustava tikattu takki hupulla &#8211; BELIEVE by tuula rossi\",\"isPartOf\":{\"@id\":\"https:\\\/\\\/believebytuularossi.com\\\/fi\\\/#website\"},\"primaryImageOfPage\":{\"@id\":\"https:\\\/\\\/believebytuularossi.com\\\/fi\\\/tuote\\\/stella-cream-bi-stretch-joustava-tikattu-takki-hupulla\\\/#primaryimage\"},\"image\":{\"@id\":\"https:\\\/\\\/believebytuularossi.com\\\/fi\\\/tuote\\\/stella-cream-bi-stretch-joustava-tikattu-takki-hupulla\\\/#primaryimage\"},\"thumbnailUrl\":\"https:\\\/\\\/believebytuularossi.com\\\/wp-content\\\/uploads\\\/2021\\\/12\\\/4-5D4_4233-scaled.jpg\",\"datePublished\":\"2021-12-09T11:46:26+00:00\",\"dateModified\":\"2022-09-14T07:30:18+00:00\",\"description\":\"Stella Cream Bi-Streatch -luonnonvalkoinen hupullinen naisten tikattu takki\",\"breadcrumb\":{\"@id\":\"https:\\\/\\\/believebytuularossi.com\\\/fi\\\/tuote\\\/stella-cream-bi-stretch-joustava-tikattu-takki-hupulla\\\/#breadcrumb\"},\"inLanguage\":\"fi\",\"potentialAction\":[{\"@type\":\"ReadAction\",\"target\":[\"https:\\\/\\\/believebytuularossi.com\\\/fi\\\/tuote\\\/stella-cream-bi-stretch-joustava-tikattu-takki-hupulla\\\/\"]}]},{\"@type\":\"ImageObject\",\"inLanguage\":\"fi\",\"@id\":\"https:\\\/\\\/believebytuularossi.com\\\/fi\\\/tuote\\\/stella-cream-bi-stretch-joustava-tikattu-takki-hupulla\\\/#primaryimage\",\"url\":\"https:\\\/\\\/believebytuularossi.com\\\/wp-content\\\/uploads\\\/2021\\\/12\\\/4-5D4_4233-scaled.jpg\",\"contentUrl\":\"https:\\\/\\\/believebytuularossi.com\\\/wp-content\\\/uploads\\\/2021\\\/12\\\/4-5D4_4233-scaled.jpg\",\"width\":1707,\"height\":2560,\"caption\":\"4 5D4 4233\"},{\"@type\":\"BreadcrumbList\",\"@id\":\"https:\\\/\\\/believebytuularossi.com\\\/fi\\\/tuote\\\/stella-cream-bi-stretch-joustava-tikattu-takki-hupulla\\\/#breadcrumb\",\"itemListElement\":[{\"@type\":\"ListItem\",\"position\":1,\"name\":\"Home\",\"item\":\"https:\\\/\\\/believebytuularossi.com\\\/fi\\\/\"},{\"@type\":\"ListItem\",\"position\":2,\"name\":\"Shop\",\"item\":\"https:\\\/\\\/believebytuularossi.com\\\/shop\\\/\"},{\"@type\":\"ListItem\",\"position\":3,\"name\":\"Stella Cream Bi-Stretch -joustava tikattu takki hupulla\"}]},{\"@type\":\"WebSite\",\"@id\":\"https:\\\/\\\/believebytuularossi.com\\\/fi\\\/#website\",\"url\":\"https:\\\/\\\/believebytuularossi.com\\\/fi\\\/\",\"name\":\"BELIEVE by tuula rossi\",\"description\":\"A unique, luxurious, original outerwear collection created by passion and love for today\u2019s fashionable woman and her desire for timeless style.          Perfect fit for the modern, feminine woman of any age.\",\"publisher\":{\"@id\":\"https:\\\/\\\/believebytuularossi.com\\\/fi\\\/#organization\"},\"potentialAction\":[{\"@type\":\"SearchAction\",\"target\":{\"@type\":\"EntryPoint\",\"urlTemplate\":\"https:\\\/\\\/believebytuularossi.com\\\/fi\\\/?s={search_term_string}\"},\"query-input\":{\"@type\":\"PropertyValueSpecification\",\"valueRequired\":true,\"valueName\":\"search_term_string\"}}],\"inLanguage\":\"fi\"},{\"@type\":\"Organization\",\"@id\":\"https:\\\/\\\/believebytuularossi.com\\\/fi\\\/#organization\",\"name\":\"BELIEVE by tuula rossi\",\"url\":\"https:\\\/\\\/believebytuularossi.com\\\/fi\\\/\",\"logo\":{\"@type\":\"ImageObject\",\"inLanguage\":\"fi\",\"@id\":\"https:\\\/\\\/believebytuularossi.com\\\/fi\\\/#\\\/schema\\\/logo\\\/image\\\/\",\"url\":\"https:\\\/\\\/believebytuularossi.com\\\/wp-content\\\/uploads\\\/2018\\\/08\\\/rossi-logo_new.png\",\"contentUrl\":\"https:\\\/\\\/believebytuularossi.com\\\/wp-content\\\/uploads\\\/2018\\\/08\\\/rossi-logo_new.png\",\"width\":300,\"height\":143,\"caption\":\"BELIEVE by tuula rossi\"},\"image\":{\"@id\":\"https:\\\/\\\/believebytuularossi.com\\\/fi\\\/#\\\/schema\\\/logo\\\/image\\\/\"},\"sameAs\":[\"https:\\\/\\\/www.facebook.com\\\/believebytuularossi\\\/_gu3udgu0BZPTzcnU\",\"https:\\\/\\\/www.instagram.com\\\/believebytuularossi\\\/\",\"https:\\\/\\\/www.pinterest.com\\\/believebytuularossi\\\/\"]}]}<\/script>\n<!-- \/ Yoast SEO plugin. -->","yoast_head_json":{"title":"Stella Cream Bi-Stretch -joustava tikattu takki hupulla &#8211; BELIEVE by tuula rossi","description":"Stella Cream Bi-Streatch -luonnonvalkoinen hupullinen naisten tikattu takki","robots":{"index":"index","follow":"follow","max-snippet":"max-snippet:-1","max-image-preview":"max-image-preview:large","max-video-preview":"max-video-preview:-1"},"canonical":"https:\/\/believebytuularossi.com\/fi\/tuote\/stella-cream-bi-stretch-joustava-tikattu-takki-hupulla\/","og_locale":"fi_FI","og_type":"article","og_title":"Stella Cream Bi-Stretch -joustava tikattu takki hupulla &#8211; BELIEVE by tuula rossi","og_description":"Stella Cream Bi-Streatch -luonnonvalkoinen hupullinen naisten tikattu takki","og_url":"https:\/\/believebytuularossi.com\/fi\/tuote\/stella-cream-bi-stretch-joustava-tikattu-takki-hupulla\/","og_site_name":"BELIEVE by tuula rossi","article_publisher":"https:\/\/www.facebook.com\/believebytuularossi\/_gu3udgu0BZPTzcnU","article_modified_time":"2022-09-14T07:30:18+00:00","og_image":[{"width":1707,"height":2560,"url":"https:\/\/believebytuularossi.com\/wp-content\/uploads\/2021\/12\/4-5D4_4233-scaled.jpg","type":"image\/jpeg"}],"twitter_card":"summary_large_image","schema":{"@context":"https:\/\/schema.org","@graph":[{"@type":"WebPage","@id":"https:\/\/believebytuularossi.com\/fi\/tuote\/stella-cream-bi-stretch-joustava-tikattu-takki-hupulla\/","url":"https:\/\/believebytuularossi.com\/fi\/tuote\/stella-cream-bi-stretch-joustava-tikattu-takki-hupulla\/","name":"Stella Cream Bi-Stretch -joustava tikattu takki hupulla &#8211; BELIEVE by tuula rossi","isPartOf":{"@id":"https:\/\/believebytuularossi.com\/fi\/#website"},"primaryImageOfPage":{"@id":"https:\/\/believebytuularossi.com\/fi\/tuote\/stella-cream-bi-stretch-joustava-tikattu-takki-hupulla\/#primaryimage"},"image":{"@id":"https:\/\/believebytuularossi.com\/fi\/tuote\/stella-cream-bi-stretch-joustava-tikattu-takki-hupulla\/#primaryimage"},"thumbnailUrl":"https:\/\/believebytuularossi.com\/wp-content\/uploads\/2021\/12\/4-5D4_4233-scaled.jpg","datePublished":"2021-12-09T11:46:26+00:00","dateModified":"2022-09-14T07:30:18+00:00","description":"Stella Cream Bi-Streatch -luonnonvalkoinen hupullinen naisten tikattu takki","breadcrumb":{"@id":"https:\/\/believebytuularossi.com\/fi\/tuote\/stella-cream-bi-stretch-joustava-tikattu-takki-hupulla\/#breadcrumb"},"inLanguage":"fi","potentialAction":[{"@type":"ReadAction","target":["https:\/\/believebytuularossi.com\/fi\/tuote\/stella-cream-bi-stretch-joustava-tikattu-takki-hupulla\/"]}]},{"@type":"ImageObject","inLanguage":"fi","@id":"https:\/\/believebytuularossi.com\/fi\/tuote\/stella-cream-bi-stretch-joustava-tikattu-takki-hupulla\/#primaryimage","url":"https:\/\/believebytuularossi.com\/wp-content\/uploads\/2021\/12\/4-5D4_4233-scaled.jpg","contentUrl":"https:\/\/believebytuularossi.com\/wp-content\/uploads\/2021\/12\/4-5D4_4233-scaled.jpg","width":1707,"height":2560,"caption":"4 5D4 4233"},{"@type":"BreadcrumbList","@id":"https:\/\/believebytuularossi.com\/fi\/tuote\/stella-cream-bi-stretch-joustava-tikattu-takki-hupulla\/#breadcrumb","itemListElement":[{"@type":"ListItem","position":1,"name":"Home","item":"https:\/\/believebytuularossi.com\/fi\/"},{"@type":"ListItem","position":2,"name":"Shop","item":"https:\/\/believebytuularossi.com\/shop\/"},{"@type":"ListItem","position":3,"name":"Stella Cream Bi-Stretch -joustava tikattu takki hupulla"}]},{"@type":"WebSite","@id":"https:\/\/believebytuularossi.com\/fi\/#website","url":"https:\/\/believebytuularossi.com\/fi\/","name":"BELIEVE by tuula rossi","description":"A unique, luxurious, original outerwear collection created by passion and love for today\u2019s fashionable woman and her desire for timeless style.          Perfect fit for the modern, feminine woman of any age.","publisher":{"@id":"https:\/\/believebytuularossi.com\/fi\/#organization"},"potentialAction":[{"@type":"SearchAction","target":{"@type":"EntryPoint","urlTemplate":"https:\/\/believebytuularossi.com\/fi\/?s={search_term_string}"},"query-input":{"@type":"PropertyValueSpecification","valueRequired":true,"valueName":"search_term_string"}}],"inLanguage":"fi"},{"@type":"Organization","@id":"https:\/\/believebytuularossi.com\/fi\/#organization","name":"BELIEVE by tuula rossi","url":"https:\/\/believebytuularossi.com\/fi\/","logo":{"@type":"ImageObject","inLanguage":"fi","@id":"https:\/\/believebytuularossi.com\/fi\/#\/schema\/logo\/image\/","url":"https:\/\/believebytuularossi.com\/wp-content\/uploads\/2018\/08\/rossi-logo_new.png","contentUrl":"https:\/\/believebytuularossi.com\/wp-content\/uploads\/2018\/08\/rossi-logo_new.png","width":300,"height":143,"caption":"BELIEVE by tuula rossi"},"image":{"@id":"https:\/\/believebytuularossi.com\/fi\/#\/schema\/logo\/image\/"},"sameAs":["https:\/\/www.facebook.com\/believebytuularossi\/_gu3udgu0BZPTzcnU","https:\/\/www.instagram.com\/believebytuularossi\/","https:\/\/www.pinterest.com\/believebytuularossi\/"]}]}},"_links":{"self":[{"href":"https:\/\/believebytuularossi.com\/fi\/wp-json\/wp\/v2\/product\/15188","targetHints":{"allow":["GET"]}}],"collection":[{"href":"https:\/\/believebytuularossi.com\/fi\/wp-json\/wp\/v2\/product"}],"about":[{"href":"https:\/\/believebytuularossi.com\/fi\/wp-json\/wp\/v2\/types\/product"}],"wp:featuredmedia":[{"embeddable":true,"href":"https:\/\/believebytuularossi.com\/fi\/wp-json\/wp\/v2\/media\/16976"}],"wp:attachment":[{"href":"https:\/\/believebytuularossi.com\/fi\/wp-json\/wp\/v2\/media?parent=15188"}],"wp:term":[{"taxonomy":"product_brand","embeddable":true,"href":"https:\/\/believebytuularossi.com\/fi\/wp-json\/wp\/v2\/product_brand?post=15188"},{"taxonomy":"product_cat","embeddable":true,"href":"https:\/\/believebytuularossi.com\/fi\/wp-json\/wp\/v2\/product_cat?post=15188"},{"taxonomy":"product_tag","embeddable":true,"href":"https:\/\/believebytuularossi.com\/fi\/wp-json\/wp\/v2\/product_tag?post=15188"}],"curies":[{"name":"wp","href":"https:\/\/api.w.org\/{rel}","templated":true}]}}