{"id":15200,"date":"2021-12-09T12:21:13","date_gmt":"2021-12-09T11:21:13","guid":{"rendered":"https:\/\/believebytuularossi.com\/product\/jade-powder-rose-tyttojen-tikattu-takki-hupulla-turkisreunuksella\/"},"modified":"2021-12-09T12:21:13","modified_gmt":"2021-12-09T11:21:13","slug":"jade-powder-rose-tyttojen-tikattu-takki-hupulla-turkisreunuksella","status":"publish","type":"product","link":"https:\/\/believebytuularossi.com\/fi\/tuote\/jade-powder-rose-tyttojen-tikattu-takki-hupulla-turkisreunuksella\/","title":{"rendered":"Jade Powder Rose -tytt\u00f6jen tikattu takki hupulla ja turkisreunuksella"},"content":{"rendered":"<p><br data-mce-bogus=\"1\"><\/p>\n","protected":false},"excerpt":{"rendered":"<p>T\u00e4m\u00e4 ylellinen ja makea Jade -takki on jokaisen prinsessan unelmatakki! Voit hemmotella pikkukaunotartasi t\u00e4ll\u00e4 upealla takilla. Tyt\u00f6t rakastavat Jaden upeaa ruusunpunaista v\u00e4ri\u00e4! T\u00e4t\u00e4 takkia k\u00e4ytt\u00e4ess\u00e4si pikkutytt\u00f6 n\u00e4ytt\u00e4\u00e4 eritt\u00e4in tyylikk\u00e4\u00e4lt\u00e4 ja suloiselta syksyll\u00e4 ja talvella! Ajaton Jade -takki on valmistettu upeasta tikatusta materiaalista. Takissa on ihana unelmanpehme\u00e4 ekoturkkireunus edess\u00e4 ja hupun sis\u00e4puolella, joka pit\u00e4\u00e4 lapsesi l\u00e4mpim\u00e4n\u00e4. Taskuissa on piilovetoketjut ja niiden sis\u00e4ll\u00e4 voi tuntea ylellisen pehme\u00e4n turkin! Hupun reunaa voi s\u00e4\u00e4t\u00e4\u00e4 joustavalla kiristysny\u00f6rill\u00e4. Takissa on kaunis 2-suuntainen vetoketju sivusaumoissa.<\/p>\n<p>S\u00e4\u00e4dett\u00e4v\u00e4t k\u00e4\u00e4nnett\u00e4v\u00e4t hihansuut turkisreunuksella takaavat t\u00e4ydellisen hihan pituuden pikkutyt\u00f6llesi.<\/p>\n<p>Takkia on saatavana kahdessa koossa:<br \/>122 cm 4-5 vuotiaalle<br \/>134 cm 6-7 vuotiaalle<\/p>\n<p>Katso tarkemmat mitat alhaalta.<\/p>\n","protected":false},"featured_media":14557,"template":"","meta":{"_acf_changed":false},"product_brand":[],"product_cat":[132],"product_tag":[],"class_list":{"0":"post-15200","1":"product","2":"type-product","3":"status-publish","4":"has-post-thumbnail","6":"product_cat-tyttojen-takit","7":"pa_ewd_uwcf_colors-vaaleanpunainen","8":"product_color-rose-fi","10":"first","11":"instock","12":"taxable","13":"shipping-taxable","14":"purchasable","15":"product-type-variable"},"acf":[],"yoast_head":"<!-- This site is optimized with the Yoast SEO plugin v27.4 - https:\/\/yoast.com\/product\/yoast-seo-wordpress\/ -->\n<title>Jade Powder Rose -tytt\u00f6jen tikattu takki hupulla ja turkisreunuksella &#8211; BELIEVE by tuula rossi<\/title>\n<meta name=\"description\" content=\"Jade Powder Rose -ruusunvaaleanpunainen pitk\u00e4 hupullinen tytt\u00f6jen tikattu takki on jokaisen pikkuprinsessan unelmatakki\" \/>\n<meta name=\"robots\" content=\"index, follow, max-snippet:-1, max-image-preview:large, max-video-preview:-1\" \/>\n<link rel=\"canonical\" href=\"https:\/\/believebytuularossi.com\/fi\/tuote\/jade-powder-rose-tyttojen-tikattu-takki-hupulla-turkisreunuksella\/\" \/>\n<meta property=\"og:locale\" content=\"fi_FI\" \/>\n<meta property=\"og:type\" content=\"article\" \/>\n<meta property=\"og:title\" content=\"Jade Powder Rose -tytt\u00f6jen tikattu takki hupulla ja turkisreunuksella &#8211; BELIEVE by tuula rossi\" \/>\n<meta property=\"og:description\" content=\"Jade Powder Rose -ruusunvaaleanpunainen pitk\u00e4 hupullinen tytt\u00f6jen tikattu takki on jokaisen pikkuprinsessan unelmatakki\" \/>\n<meta property=\"og:url\" content=\"https:\/\/believebytuularossi.com\/fi\/tuote\/jade-powder-rose-tyttojen-tikattu-takki-hupulla-turkisreunuksella\/\" \/>\n<meta property=\"og:site_name\" content=\"BELIEVE by tuula rossi\" \/>\n<meta property=\"article:publisher\" content=\"https:\/\/www.facebook.com\/believebytuularossi\/_gu3udgu0BZPTzcnU\" \/>\n<meta property=\"og:image\" content=\"https:\/\/believebytuularossi.com\/wp-content\/uploads\/2021\/12\/Jade_children_coat.jpg\" \/>\n\t<meta property=\"og:image:width\" content=\"768\" \/>\n\t<meta property=\"og:image:height\" content=\"1024\" \/>\n\t<meta property=\"og:image:type\" content=\"image\/jpeg\" \/>\n<meta name=\"twitter:card\" content=\"summary_large_image\" \/>\n<script type=\"application\/ld+json\" class=\"yoast-schema-graph\">{\"@context\":\"https:\\\/\\\/schema.org\",\"@graph\":[{\"@type\":\"WebPage\",\"@id\":\"https:\\\/\\\/believebytuularossi.com\\\/fi\\\/tuote\\\/jade-powder-rose-tyttojen-tikattu-takki-hupulla-turkisreunuksella\\\/\",\"url\":\"https:\\\/\\\/believebytuularossi.com\\\/fi\\\/tuote\\\/jade-powder-rose-tyttojen-tikattu-takki-hupulla-turkisreunuksella\\\/\",\"name\":\"Jade Powder Rose -tytt\u00f6jen tikattu takki hupulla ja turkisreunuksella &#8211; BELIEVE by tuula rossi\",\"isPartOf\":{\"@id\":\"https:\\\/\\\/believebytuularossi.com\\\/fi\\\/#website\"},\"primaryImageOfPage\":{\"@id\":\"https:\\\/\\\/believebytuularossi.com\\\/fi\\\/tuote\\\/jade-powder-rose-tyttojen-tikattu-takki-hupulla-turkisreunuksella\\\/#primaryimage\"},\"image\":{\"@id\":\"https:\\\/\\\/believebytuularossi.com\\\/fi\\\/tuote\\\/jade-powder-rose-tyttojen-tikattu-takki-hupulla-turkisreunuksella\\\/#primaryimage\"},\"thumbnailUrl\":\"https:\\\/\\\/believebytuularossi.com\\\/wp-content\\\/uploads\\\/2021\\\/12\\\/Jade_children_coat.jpg\",\"datePublished\":\"2021-12-09T11:21:13+00:00\",\"description\":\"Jade Powder Rose -ruusunvaaleanpunainen pitk\u00e4 hupullinen tytt\u00f6jen tikattu takki on jokaisen pikkuprinsessan unelmatakki\",\"breadcrumb\":{\"@id\":\"https:\\\/\\\/believebytuularossi.com\\\/fi\\\/tuote\\\/jade-powder-rose-tyttojen-tikattu-takki-hupulla-turkisreunuksella\\\/#breadcrumb\"},\"inLanguage\":\"fi\",\"potentialAction\":[{\"@type\":\"ReadAction\",\"target\":[\"https:\\\/\\\/believebytuularossi.com\\\/fi\\\/tuote\\\/jade-powder-rose-tyttojen-tikattu-takki-hupulla-turkisreunuksella\\\/\"]}]},{\"@type\":\"ImageObject\",\"inLanguage\":\"fi\",\"@id\":\"https:\\\/\\\/believebytuularossi.com\\\/fi\\\/tuote\\\/jade-powder-rose-tyttojen-tikattu-takki-hupulla-turkisreunuksella\\\/#primaryimage\",\"url\":\"https:\\\/\\\/believebytuularossi.com\\\/wp-content\\\/uploads\\\/2021\\\/12\\\/Jade_children_coat.jpg\",\"contentUrl\":\"https:\\\/\\\/believebytuularossi.com\\\/wp-content\\\/uploads\\\/2021\\\/12\\\/Jade_children_coat.jpg\",\"width\":768,\"height\":1024,\"caption\":\"BELIEVE by tuula rossi\"},{\"@type\":\"BreadcrumbList\",\"@id\":\"https:\\\/\\\/believebytuularossi.com\\\/fi\\\/tuote\\\/jade-powder-rose-tyttojen-tikattu-takki-hupulla-turkisreunuksella\\\/#breadcrumb\",\"itemListElement\":[{\"@type\":\"ListItem\",\"position\":1,\"name\":\"Home\",\"item\":\"https:\\\/\\\/believebytuularossi.com\\\/fi\\\/\"},{\"@type\":\"ListItem\",\"position\":2,\"name\":\"Shop\",\"item\":\"https:\\\/\\\/believebytuularossi.com\\\/shop\\\/\"},{\"@type\":\"ListItem\",\"position\":3,\"name\":\"Jade Powder Rose -tytt\u00f6jen tikattu takki hupulla ja turkisreunuksella\"}]},{\"@type\":\"WebSite\",\"@id\":\"https:\\\/\\\/believebytuularossi.com\\\/fi\\\/#website\",\"url\":\"https:\\\/\\\/believebytuularossi.com\\\/fi\\\/\",\"name\":\"BELIEVE by tuula rossi\",\"description\":\"A unique, luxurious, original outerwear collection created by passion and love for today\u2019s fashionable woman and her desire for timeless style.          Perfect fit for the modern, feminine woman of any age.\",\"publisher\":{\"@id\":\"https:\\\/\\\/believebytuularossi.com\\\/fi\\\/#organization\"},\"potentialAction\":[{\"@type\":\"SearchAction\",\"target\":{\"@type\":\"EntryPoint\",\"urlTemplate\":\"https:\\\/\\\/believebytuularossi.com\\\/fi\\\/?s={search_term_string}\"},\"query-input\":{\"@type\":\"PropertyValueSpecification\",\"valueRequired\":true,\"valueName\":\"search_term_string\"}}],\"inLanguage\":\"fi\"},{\"@type\":\"Organization\",\"@id\":\"https:\\\/\\\/believebytuularossi.com\\\/fi\\\/#organization\",\"name\":\"BELIEVE by tuula rossi\",\"url\":\"https:\\\/\\\/believebytuularossi.com\\\/fi\\\/\",\"logo\":{\"@type\":\"ImageObject\",\"inLanguage\":\"fi\",\"@id\":\"https:\\\/\\\/believebytuularossi.com\\\/fi\\\/#\\\/schema\\\/logo\\\/image\\\/\",\"url\":\"https:\\\/\\\/believebytuularossi.com\\\/wp-content\\\/uploads\\\/2018\\\/08\\\/rossi-logo_new.png\",\"contentUrl\":\"https:\\\/\\\/believebytuularossi.com\\\/wp-content\\\/uploads\\\/2018\\\/08\\\/rossi-logo_new.png\",\"width\":300,\"height\":143,\"caption\":\"BELIEVE by tuula rossi\"},\"image\":{\"@id\":\"https:\\\/\\\/believebytuularossi.com\\\/fi\\\/#\\\/schema\\\/logo\\\/image\\\/\"},\"sameAs\":[\"https:\\\/\\\/www.facebook.com\\\/believebytuularossi\\\/_gu3udgu0BZPTzcnU\",\"https:\\\/\\\/www.instagram.com\\\/believebytuularossi\\\/\",\"https:\\\/\\\/www.pinterest.com\\\/believebytuularossi\\\/\"]}]}<\/script>\n<!-- \/ Yoast SEO plugin. -->","yoast_head_json":{"title":"Jade Powder Rose -tytt\u00f6jen tikattu takki hupulla ja turkisreunuksella &#8211; BELIEVE by tuula rossi","description":"Jade Powder Rose -ruusunvaaleanpunainen pitk\u00e4 hupullinen tytt\u00f6jen tikattu takki on jokaisen pikkuprinsessan unelmatakki","robots":{"index":"index","follow":"follow","max-snippet":"max-snippet:-1","max-image-preview":"max-image-preview:large","max-video-preview":"max-video-preview:-1"},"canonical":"https:\/\/believebytuularossi.com\/fi\/tuote\/jade-powder-rose-tyttojen-tikattu-takki-hupulla-turkisreunuksella\/","og_locale":"fi_FI","og_type":"article","og_title":"Jade Powder Rose -tytt\u00f6jen tikattu takki hupulla ja turkisreunuksella &#8211; BELIEVE by tuula rossi","og_description":"Jade Powder Rose -ruusunvaaleanpunainen pitk\u00e4 hupullinen tytt\u00f6jen tikattu takki on jokaisen pikkuprinsessan unelmatakki","og_url":"https:\/\/believebytuularossi.com\/fi\/tuote\/jade-powder-rose-tyttojen-tikattu-takki-hupulla-turkisreunuksella\/","og_site_name":"BELIEVE by tuula rossi","article_publisher":"https:\/\/www.facebook.com\/believebytuularossi\/_gu3udgu0BZPTzcnU","og_image":[{"width":768,"height":1024,"url":"https:\/\/believebytuularossi.com\/wp-content\/uploads\/2021\/12\/Jade_children_coat.jpg","type":"image\/jpeg"}],"twitter_card":"summary_large_image","schema":{"@context":"https:\/\/schema.org","@graph":[{"@type":"WebPage","@id":"https:\/\/believebytuularossi.com\/fi\/tuote\/jade-powder-rose-tyttojen-tikattu-takki-hupulla-turkisreunuksella\/","url":"https:\/\/believebytuularossi.com\/fi\/tuote\/jade-powder-rose-tyttojen-tikattu-takki-hupulla-turkisreunuksella\/","name":"Jade Powder Rose -tytt\u00f6jen tikattu takki hupulla ja turkisreunuksella &#8211; BELIEVE by tuula rossi","isPartOf":{"@id":"https:\/\/believebytuularossi.com\/fi\/#website"},"primaryImageOfPage":{"@id":"https:\/\/believebytuularossi.com\/fi\/tuote\/jade-powder-rose-tyttojen-tikattu-takki-hupulla-turkisreunuksella\/#primaryimage"},"image":{"@id":"https:\/\/believebytuularossi.com\/fi\/tuote\/jade-powder-rose-tyttojen-tikattu-takki-hupulla-turkisreunuksella\/#primaryimage"},"thumbnailUrl":"https:\/\/believebytuularossi.com\/wp-content\/uploads\/2021\/12\/Jade_children_coat.jpg","datePublished":"2021-12-09T11:21:13+00:00","description":"Jade Powder Rose -ruusunvaaleanpunainen pitk\u00e4 hupullinen tytt\u00f6jen tikattu takki on jokaisen pikkuprinsessan unelmatakki","breadcrumb":{"@id":"https:\/\/believebytuularossi.com\/fi\/tuote\/jade-powder-rose-tyttojen-tikattu-takki-hupulla-turkisreunuksella\/#breadcrumb"},"inLanguage":"fi","potentialAction":[{"@type":"ReadAction","target":["https:\/\/believebytuularossi.com\/fi\/tuote\/jade-powder-rose-tyttojen-tikattu-takki-hupulla-turkisreunuksella\/"]}]},{"@type":"ImageObject","inLanguage":"fi","@id":"https:\/\/believebytuularossi.com\/fi\/tuote\/jade-powder-rose-tyttojen-tikattu-takki-hupulla-turkisreunuksella\/#primaryimage","url":"https:\/\/believebytuularossi.com\/wp-content\/uploads\/2021\/12\/Jade_children_coat.jpg","contentUrl":"https:\/\/believebytuularossi.com\/wp-content\/uploads\/2021\/12\/Jade_children_coat.jpg","width":768,"height":1024,"caption":"BELIEVE by tuula rossi"},{"@type":"BreadcrumbList","@id":"https:\/\/believebytuularossi.com\/fi\/tuote\/jade-powder-rose-tyttojen-tikattu-takki-hupulla-turkisreunuksella\/#breadcrumb","itemListElement":[{"@type":"ListItem","position":1,"name":"Home","item":"https:\/\/believebytuularossi.com\/fi\/"},{"@type":"ListItem","position":2,"name":"Shop","item":"https:\/\/believebytuularossi.com\/shop\/"},{"@type":"ListItem","position":3,"name":"Jade Powder Rose -tytt\u00f6jen tikattu takki hupulla ja turkisreunuksella"}]},{"@type":"WebSite","@id":"https:\/\/believebytuularossi.com\/fi\/#website","url":"https:\/\/believebytuularossi.com\/fi\/","name":"BELIEVE by tuula rossi","description":"A unique, luxurious, original outerwear collection created by passion and love for today\u2019s fashionable woman and her desire for timeless style.          Perfect fit for the modern, feminine woman of any age.","publisher":{"@id":"https:\/\/believebytuularossi.com\/fi\/#organization"},"potentialAction":[{"@type":"SearchAction","target":{"@type":"EntryPoint","urlTemplate":"https:\/\/believebytuularossi.com\/fi\/?s={search_term_string}"},"query-input":{"@type":"PropertyValueSpecification","valueRequired":true,"valueName":"search_term_string"}}],"inLanguage":"fi"},{"@type":"Organization","@id":"https:\/\/believebytuularossi.com\/fi\/#organization","name":"BELIEVE by tuula rossi","url":"https:\/\/believebytuularossi.com\/fi\/","logo":{"@type":"ImageObject","inLanguage":"fi","@id":"https:\/\/believebytuularossi.com\/fi\/#\/schema\/logo\/image\/","url":"https:\/\/believebytuularossi.com\/wp-content\/uploads\/2018\/08\/rossi-logo_new.png","contentUrl":"https:\/\/believebytuularossi.com\/wp-content\/uploads\/2018\/08\/rossi-logo_new.png","width":300,"height":143,"caption":"BELIEVE by tuula rossi"},"image":{"@id":"https:\/\/believebytuularossi.com\/fi\/#\/schema\/logo\/image\/"},"sameAs":["https:\/\/www.facebook.com\/believebytuularossi\/_gu3udgu0BZPTzcnU","https:\/\/www.instagram.com\/believebytuularossi\/","https:\/\/www.pinterest.com\/believebytuularossi\/"]}]}},"_links":{"self":[{"href":"https:\/\/believebytuularossi.com\/fi\/wp-json\/wp\/v2\/product\/15200","targetHints":{"allow":["GET"]}}],"collection":[{"href":"https:\/\/believebytuularossi.com\/fi\/wp-json\/wp\/v2\/product"}],"about":[{"href":"https:\/\/believebytuularossi.com\/fi\/wp-json\/wp\/v2\/types\/product"}],"wp:featuredmedia":[{"embeddable":true,"href":"https:\/\/believebytuularossi.com\/fi\/wp-json\/wp\/v2\/media\/14557"}],"wp:attachment":[{"href":"https:\/\/believebytuularossi.com\/fi\/wp-json\/wp\/v2\/media?parent=15200"}],"wp:term":[{"taxonomy":"product_brand","embeddable":true,"href":"https:\/\/believebytuularossi.com\/fi\/wp-json\/wp\/v2\/product_brand?post=15200"},{"taxonomy":"product_cat","embeddable":true,"href":"https:\/\/believebytuularossi.com\/fi\/wp-json\/wp\/v2\/product_cat?post=15200"},{"taxonomy":"product_tag","embeddable":true,"href":"https:\/\/believebytuularossi.com\/fi\/wp-json\/wp\/v2\/product_tag?post=15200"}],"curies":[{"name":"wp","href":"https:\/\/api.w.org\/{rel}","templated":true}]}}