{"id":15215,"date":"2021-12-08T19:11:52","date_gmt":"2021-12-08T18:11:52","guid":{"rendered":"https:\/\/believebytuularossi.com\/product\/cristina-powder-rose-lammin-joustava-tikattu-takki-turkisreunuksella\/"},"modified":"2024-12-02T17:48:38","modified_gmt":"2024-12-02T16:48:38","slug":"cristina-powder-rose-lammin-joustava-tikattu-takki-turkisreunuksella","status":"publish","type":"product","link":"https:\/\/believebytuularossi.com\/fi\/tuote\/cristina-powder-rose-lammin-joustava-tikattu-takki-turkisreunuksella\/","title":{"rendered":"Cristina Powder Rose -l\u00e4mmin joustava tikattu takki turkisreunuksella"},"content":{"rendered":"","protected":false},"excerpt":{"rendered":"<p>Cristina -takki on aivan upea ja tyylik\u00e4s Powder Rose -v\u00e4risess\u00e4. T\u00e4m\u00e4 moderni takki on t\u00e4ydellinen valinta kaikille, jotka haluavat nauttia ylellisyydest\u00e4 jokainen p\u00e4iv\u00e4. Ihana ylellinen tikattu materiaali on joustava ja mukavan l\u00e4mmin p\u00e4\u00e4ll\u00e4. Tilava huppu, jonka sis\u00e4ll\u00e4 on ekoturkista, pit\u00e4\u00e4 sinut l\u00e4mpim\u00e4n\u00e4 kylmin\u00e4 p\u00e4ivin\u00e4! Taskuissa on my\u00f6s ekoturkista, ja tuntuu uskomattoman ihanalta, kun kosketat unelmanpehme\u00e4\u00e4 turkkia taskujen sis\u00e4ll\u00e4. Laadukkaat hopeanv\u00e4riset jumbovetoketjut korostavat t\u00e4m\u00e4n takkimallin ainutlaatuisuutta. Tyylik\u00e4s ja eleganssi Cristina -takki on suunniteltu istumaan t\u00e4ydellisesti ja korostamaan naisellisuutta kaikissa koossa!<br \/>\nCristina -joustava tikkitakki sopii t\u00e4ydellisesti my\u00f6s pitemm\u00e4lle naiselle, sill\u00e4 hihan pituus on hieman tavallista pidempi.<\/p>\n","protected":false},"featured_media":14464,"template":"","meta":{"_acf_changed":false},"product_brand":[],"product_cat":[130,129],"product_tag":[],"class_list":{"0":"post-15215","1":"product","2":"type-product","3":"status-publish","4":"has-post-thumbnail","6":"product_cat-syksytakit-talvitakit","7":"product_cat-takit-jakut-koot-34-54","8":"pa_ewd_uwcf_colors-rose-fi","9":"pa_ewd_uwcf_sizes-34-fi","10":"pa_ewd_uwcf_sizes-36-fi","11":"pa_ewd_uwcf_sizes-38-fi","12":"pa_ewd_uwcf_sizes-40-fi","13":"pa_ewd_uwcf_sizes-42-fi","14":"pa_ewd_uwcf_sizes-44-fi","15":"pa_ewd_uwcf_sizes-46-fi","16":"pa_ewd_uwcf_sizes-48-fi","17":"pa_ewd_uwcf_sizes-50-fi","18":"pa_ewd_uwcf_sizes-52-fi","19":"pa_ewd_uwcf_sizes-54-fi","20":"pa_size-34-fi","21":"pa_size-36-fi","22":"pa_size-38-fi","23":"pa_size-40-fi","24":"pa_size-42-fi","25":"pa_size-44-fi","26":"pa_size-46-fi","27":"pa_size-48-fi","28":"pa_size-50-fi","29":"pa_size-52-fi","30":"pa_size-54-fi","31":"product_color-rose-fi","32":"product_size-34-fi","33":"product_size-36-fi","34":"product_size-38-fi","35":"product_size-40-fi","36":"product_size-42-fi","37":"product_size-44-fi","38":"product_size-46-fi","39":"product_size-48-fi","40":"product_size-50-fi","41":"product_size-52-fi","42":"product_size-54-fi","44":"first","45":"instock","46":"taxable","47":"shipping-taxable","48":"purchasable","49":"product-type-variable"},"acf":[],"yoast_head":"<!-- This site is optimized with the Yoast SEO plugin v27.5 - https:\/\/yoast.com\/product\/yoast-seo-wordpress\/ -->\n<title>L\u00e4mmin vaaleanpunainen takki Cristina on ylellisen mukava p\u00e4\u00e4ll\u00e4<\/title>\n<meta name=\"description\" content=\"L\u00e4mmin vaaleanpunainen takki Cristina on joustava tikattu takki hupulla ja turkisreunuksella on ihana ja ainutlaatuinen talvitakki modernille naiselle.\" \/>\n<meta name=\"robots\" content=\"index, follow, max-snippet:-1, max-image-preview:large, max-video-preview:-1\" \/>\n<link rel=\"canonical\" href=\"https:\/\/believebytuularossi.com\/fi\/tuote\/cristina-powder-rose-lammin-joustava-tikattu-takki-turkisreunuksella\/\" \/>\n<meta property=\"og:locale\" content=\"fi_FI\" \/>\n<meta property=\"og:type\" content=\"article\" \/>\n<meta property=\"og:title\" content=\"L\u00e4mmin vaaleanpunainen takki Cristina on ylellisen mukava p\u00e4\u00e4ll\u00e4\" \/>\n<meta property=\"og:description\" content=\"L\u00e4mmin vaaleanpunainen takki Cristina on joustava tikattu takki hupulla ja turkisreunuksella on ihana ja ainutlaatuinen talvitakki modernille naiselle.\" \/>\n<meta property=\"og:url\" content=\"https:\/\/believebytuularossi.com\/fi\/tuote\/cristina-powder-rose-lammin-joustava-tikattu-takki-turkisreunuksella\/\" \/>\n<meta property=\"og:site_name\" content=\"BELIEVE by tuula rossi\" \/>\n<meta property=\"article:publisher\" content=\"https:\/\/www.facebook.com\/believebytuularossi\/_gu3udgu0BZPTzcnU\" \/>\n<meta property=\"article:modified_time\" content=\"2024-12-02T16:48:38+00:00\" \/>\n<meta property=\"og:image\" content=\"https:\/\/believebytuularossi.com\/wp-content\/uploads\/2021\/12\/Believe-188-scaled.jpg\" \/>\n\t<meta property=\"og:image:width\" content=\"1707\" \/>\n\t<meta property=\"og:image:height\" content=\"2560\" \/>\n\t<meta property=\"og:image:type\" content=\"image\/jpeg\" \/>\n<meta name=\"twitter:card\" content=\"summary_large_image\" \/>\n<meta name=\"twitter:title\" content=\"L\u00e4mmin vaaleanpunainen takki Cristina on ylellisen mukava p\u00e4\u00e4ll\u00e4\" \/>\n<meta name=\"twitter:description\" content=\"L\u00e4mmin vaaleanpunainen takki Cristina on joustava tikattu takki hupulla ja turkisreunuksella on ihana ja ainutlaatuinen talvitakki modernille naiselle.\" \/>\n<meta name=\"twitter:image\" content=\"https:\/\/believebytuularossi.com\/wp-content\/uploads\/2021\/12\/Believe-188-scaled.jpg\" \/>\n<meta name=\"twitter:label1\" content=\"Arvioitu lukuaika\" \/>\n\t<meta name=\"twitter:data1\" content=\"1 minuutti\" \/>\n<script type=\"application\/ld+json\" class=\"yoast-schema-graph\">{\"@context\":\"https:\\\/\\\/schema.org\",\"@graph\":[{\"@type\":\"WebPage\",\"@id\":\"https:\\\/\\\/believebytuularossi.com\\\/fi\\\/tuote\\\/cristina-powder-rose-lammin-joustava-tikattu-takki-turkisreunuksella\\\/\",\"url\":\"https:\\\/\\\/believebytuularossi.com\\\/fi\\\/tuote\\\/cristina-powder-rose-lammin-joustava-tikattu-takki-turkisreunuksella\\\/\",\"name\":\"L\u00e4mmin vaaleanpunainen takki Cristina on ylellisen mukava p\u00e4\u00e4ll\u00e4\",\"isPartOf\":{\"@id\":\"https:\\\/\\\/believebytuularossi.com\\\/fi\\\/#website\"},\"primaryImageOfPage\":{\"@id\":\"https:\\\/\\\/believebytuularossi.com\\\/fi\\\/tuote\\\/cristina-powder-rose-lammin-joustava-tikattu-takki-turkisreunuksella\\\/#primaryimage\"},\"image\":{\"@id\":\"https:\\\/\\\/believebytuularossi.com\\\/fi\\\/tuote\\\/cristina-powder-rose-lammin-joustava-tikattu-takki-turkisreunuksella\\\/#primaryimage\"},\"thumbnailUrl\":\"https:\\\/\\\/believebytuularossi.com\\\/wp-content\\\/uploads\\\/2021\\\/12\\\/Believe-186-scaled.jpg\",\"datePublished\":\"2021-12-08T18:11:52+00:00\",\"dateModified\":\"2024-12-02T16:48:38+00:00\",\"description\":\"L\u00e4mmin vaaleanpunainen takki Cristina on joustava tikattu takki hupulla ja turkisreunuksella on ihana ja ainutlaatuinen talvitakki modernille naiselle.\",\"breadcrumb\":{\"@id\":\"https:\\\/\\\/believebytuularossi.com\\\/fi\\\/tuote\\\/cristina-powder-rose-lammin-joustava-tikattu-takki-turkisreunuksella\\\/#breadcrumb\"},\"inLanguage\":\"fi\",\"potentialAction\":[{\"@type\":\"ReadAction\",\"target\":[\"https:\\\/\\\/believebytuularossi.com\\\/fi\\\/tuote\\\/cristina-powder-rose-lammin-joustava-tikattu-takki-turkisreunuksella\\\/\"]}]},{\"@type\":\"ImageObject\",\"inLanguage\":\"fi\",\"@id\":\"https:\\\/\\\/believebytuularossi.com\\\/fi\\\/tuote\\\/cristina-powder-rose-lammin-joustava-tikattu-takki-turkisreunuksella\\\/#primaryimage\",\"url\":\"https:\\\/\\\/believebytuularossi.com\\\/wp-content\\\/uploads\\\/2021\\\/12\\\/Believe-186-scaled.jpg\",\"contentUrl\":\"https:\\\/\\\/believebytuularossi.com\\\/wp-content\\\/uploads\\\/2021\\\/12\\\/Believe-186-scaled.jpg\",\"width\":1707,\"height\":2560},{\"@type\":\"BreadcrumbList\",\"@id\":\"https:\\\/\\\/believebytuularossi.com\\\/fi\\\/tuote\\\/cristina-powder-rose-lammin-joustava-tikattu-takki-turkisreunuksella\\\/#breadcrumb\",\"itemListElement\":[{\"@type\":\"ListItem\",\"position\":1,\"name\":\"Home\",\"item\":\"https:\\\/\\\/believebytuularossi.com\\\/fi\\\/\"},{\"@type\":\"ListItem\",\"position\":2,\"name\":\"Shop\",\"item\":\"https:\\\/\\\/believebytuularossi.com\\\/shop\\\/\"},{\"@type\":\"ListItem\",\"position\":3,\"name\":\"Cristina Powder Rose -l\u00e4mmin joustava tikattu takki turkisreunuksella\"}]},{\"@type\":\"WebSite\",\"@id\":\"https:\\\/\\\/believebytuularossi.com\\\/fi\\\/#website\",\"url\":\"https:\\\/\\\/believebytuularossi.com\\\/fi\\\/\",\"name\":\"BELIEVE by tuula rossi\",\"description\":\"A unique, luxurious, original outerwear collection created by passion and love for today\u2019s fashionable woman and her desire for timeless style.          Perfect fit for the modern, feminine woman of any age.\",\"publisher\":{\"@id\":\"https:\\\/\\\/believebytuularossi.com\\\/fi\\\/#organization\"},\"potentialAction\":[{\"@type\":\"SearchAction\",\"target\":{\"@type\":\"EntryPoint\",\"urlTemplate\":\"https:\\\/\\\/believebytuularossi.com\\\/fi\\\/?s={search_term_string}\"},\"query-input\":{\"@type\":\"PropertyValueSpecification\",\"valueRequired\":true,\"valueName\":\"search_term_string\"}}],\"inLanguage\":\"fi\"},{\"@type\":\"Organization\",\"@id\":\"https:\\\/\\\/believebytuularossi.com\\\/fi\\\/#organization\",\"name\":\"BELIEVE by tuula rossi\",\"url\":\"https:\\\/\\\/believebytuularossi.com\\\/fi\\\/\",\"logo\":{\"@type\":\"ImageObject\",\"inLanguage\":\"fi\",\"@id\":\"https:\\\/\\\/believebytuularossi.com\\\/fi\\\/#\\\/schema\\\/logo\\\/image\\\/\",\"url\":\"https:\\\/\\\/believebytuularossi.com\\\/wp-content\\\/uploads\\\/2018\\\/08\\\/rossi-logo_new.png\",\"contentUrl\":\"https:\\\/\\\/believebytuularossi.com\\\/wp-content\\\/uploads\\\/2018\\\/08\\\/rossi-logo_new.png\",\"width\":300,\"height\":143,\"caption\":\"BELIEVE by tuula rossi\"},\"image\":{\"@id\":\"https:\\\/\\\/believebytuularossi.com\\\/fi\\\/#\\\/schema\\\/logo\\\/image\\\/\"},\"sameAs\":[\"https:\\\/\\\/www.facebook.com\\\/believebytuularossi\\\/_gu3udgu0BZPTzcnU\",\"https:\\\/\\\/www.instagram.com\\\/believebytuularossi\\\/\",\"https:\\\/\\\/www.pinterest.com\\\/believebytuularossi\\\/\"]}]}<\/script>\n<!-- \/ Yoast SEO plugin. -->","yoast_head_json":{"title":"L\u00e4mmin vaaleanpunainen takki Cristina on ylellisen mukava p\u00e4\u00e4ll\u00e4","description":"L\u00e4mmin vaaleanpunainen takki Cristina on joustava tikattu takki hupulla ja turkisreunuksella on ihana ja ainutlaatuinen talvitakki modernille naiselle.","robots":{"index":"index","follow":"follow","max-snippet":"max-snippet:-1","max-image-preview":"max-image-preview:large","max-video-preview":"max-video-preview:-1"},"canonical":"https:\/\/believebytuularossi.com\/fi\/tuote\/cristina-powder-rose-lammin-joustava-tikattu-takki-turkisreunuksella\/","og_locale":"fi_FI","og_type":"article","og_title":"L\u00e4mmin vaaleanpunainen takki Cristina on ylellisen mukava p\u00e4\u00e4ll\u00e4","og_description":"L\u00e4mmin vaaleanpunainen takki Cristina on joustava tikattu takki hupulla ja turkisreunuksella on ihana ja ainutlaatuinen talvitakki modernille naiselle.","og_url":"https:\/\/believebytuularossi.com\/fi\/tuote\/cristina-powder-rose-lammin-joustava-tikattu-takki-turkisreunuksella\/","og_site_name":"BELIEVE by tuula rossi","article_publisher":"https:\/\/www.facebook.com\/believebytuularossi\/_gu3udgu0BZPTzcnU","article_modified_time":"2024-12-02T16:48:38+00:00","og_image":[{"width":1707,"height":2560,"url":"https:\/\/believebytuularossi.com\/wp-content\/uploads\/2021\/12\/Believe-188-scaled.jpg","type":"image\/jpeg"}],"twitter_card":"summary_large_image","twitter_title":"L\u00e4mmin vaaleanpunainen takki Cristina on ylellisen mukava p\u00e4\u00e4ll\u00e4","twitter_description":"L\u00e4mmin vaaleanpunainen takki Cristina on joustava tikattu takki hupulla ja turkisreunuksella on ihana ja ainutlaatuinen talvitakki modernille naiselle.","twitter_image":"https:\/\/believebytuularossi.com\/wp-content\/uploads\/2021\/12\/Believe-188-scaled.jpg","twitter_misc":{"Arvioitu lukuaika":"1 minuutti"},"schema":{"@context":"https:\/\/schema.org","@graph":[{"@type":"WebPage","@id":"https:\/\/believebytuularossi.com\/fi\/tuote\/cristina-powder-rose-lammin-joustava-tikattu-takki-turkisreunuksella\/","url":"https:\/\/believebytuularossi.com\/fi\/tuote\/cristina-powder-rose-lammin-joustava-tikattu-takki-turkisreunuksella\/","name":"L\u00e4mmin vaaleanpunainen takki Cristina on ylellisen mukava p\u00e4\u00e4ll\u00e4","isPartOf":{"@id":"https:\/\/believebytuularossi.com\/fi\/#website"},"primaryImageOfPage":{"@id":"https:\/\/believebytuularossi.com\/fi\/tuote\/cristina-powder-rose-lammin-joustava-tikattu-takki-turkisreunuksella\/#primaryimage"},"image":{"@id":"https:\/\/believebytuularossi.com\/fi\/tuote\/cristina-powder-rose-lammin-joustava-tikattu-takki-turkisreunuksella\/#primaryimage"},"thumbnailUrl":"https:\/\/believebytuularossi.com\/wp-content\/uploads\/2021\/12\/Believe-186-scaled.jpg","datePublished":"2021-12-08T18:11:52+00:00","dateModified":"2024-12-02T16:48:38+00:00","description":"L\u00e4mmin vaaleanpunainen takki Cristina on joustava tikattu takki hupulla ja turkisreunuksella on ihana ja ainutlaatuinen talvitakki modernille naiselle.","breadcrumb":{"@id":"https:\/\/believebytuularossi.com\/fi\/tuote\/cristina-powder-rose-lammin-joustava-tikattu-takki-turkisreunuksella\/#breadcrumb"},"inLanguage":"fi","potentialAction":[{"@type":"ReadAction","target":["https:\/\/believebytuularossi.com\/fi\/tuote\/cristina-powder-rose-lammin-joustava-tikattu-takki-turkisreunuksella\/"]}]},{"@type":"ImageObject","inLanguage":"fi","@id":"https:\/\/believebytuularossi.com\/fi\/tuote\/cristina-powder-rose-lammin-joustava-tikattu-takki-turkisreunuksella\/#primaryimage","url":"https:\/\/believebytuularossi.com\/wp-content\/uploads\/2021\/12\/Believe-186-scaled.jpg","contentUrl":"https:\/\/believebytuularossi.com\/wp-content\/uploads\/2021\/12\/Believe-186-scaled.jpg","width":1707,"height":2560},{"@type":"BreadcrumbList","@id":"https:\/\/believebytuularossi.com\/fi\/tuote\/cristina-powder-rose-lammin-joustava-tikattu-takki-turkisreunuksella\/#breadcrumb","itemListElement":[{"@type":"ListItem","position":1,"name":"Home","item":"https:\/\/believebytuularossi.com\/fi\/"},{"@type":"ListItem","position":2,"name":"Shop","item":"https:\/\/believebytuularossi.com\/shop\/"},{"@type":"ListItem","position":3,"name":"Cristina Powder Rose -l\u00e4mmin joustava tikattu takki turkisreunuksella"}]},{"@type":"WebSite","@id":"https:\/\/believebytuularossi.com\/fi\/#website","url":"https:\/\/believebytuularossi.com\/fi\/","name":"BELIEVE by tuula rossi","description":"A unique, luxurious, original outerwear collection created by passion and love for today\u2019s fashionable woman and her desire for timeless style.          Perfect fit for the modern, feminine woman of any age.","publisher":{"@id":"https:\/\/believebytuularossi.com\/fi\/#organization"},"potentialAction":[{"@type":"SearchAction","target":{"@type":"EntryPoint","urlTemplate":"https:\/\/believebytuularossi.com\/fi\/?s={search_term_string}"},"query-input":{"@type":"PropertyValueSpecification","valueRequired":true,"valueName":"search_term_string"}}],"inLanguage":"fi"},{"@type":"Organization","@id":"https:\/\/believebytuularossi.com\/fi\/#organization","name":"BELIEVE by tuula rossi","url":"https:\/\/believebytuularossi.com\/fi\/","logo":{"@type":"ImageObject","inLanguage":"fi","@id":"https:\/\/believebytuularossi.com\/fi\/#\/schema\/logo\/image\/","url":"https:\/\/believebytuularossi.com\/wp-content\/uploads\/2018\/08\/rossi-logo_new.png","contentUrl":"https:\/\/believebytuularossi.com\/wp-content\/uploads\/2018\/08\/rossi-logo_new.png","width":300,"height":143,"caption":"BELIEVE by tuula rossi"},"image":{"@id":"https:\/\/believebytuularossi.com\/fi\/#\/schema\/logo\/image\/"},"sameAs":["https:\/\/www.facebook.com\/believebytuularossi\/_gu3udgu0BZPTzcnU","https:\/\/www.instagram.com\/believebytuularossi\/","https:\/\/www.pinterest.com\/believebytuularossi\/"]}]}},"_links":{"self":[{"href":"https:\/\/believebytuularossi.com\/fi\/wp-json\/wp\/v2\/product\/15215","targetHints":{"allow":["GET"]}}],"collection":[{"href":"https:\/\/believebytuularossi.com\/fi\/wp-json\/wp\/v2\/product"}],"about":[{"href":"https:\/\/believebytuularossi.com\/fi\/wp-json\/wp\/v2\/types\/product"}],"wp:featuredmedia":[{"embeddable":true,"href":"https:\/\/believebytuularossi.com\/fi\/wp-json\/wp\/v2\/media\/14464"}],"wp:attachment":[{"href":"https:\/\/believebytuularossi.com\/fi\/wp-json\/wp\/v2\/media?parent=15215"}],"wp:term":[{"taxonomy":"product_brand","embeddable":true,"href":"https:\/\/believebytuularossi.com\/fi\/wp-json\/wp\/v2\/product_brand?post=15215"},{"taxonomy":"product_cat","embeddable":true,"href":"https:\/\/believebytuularossi.com\/fi\/wp-json\/wp\/v2\/product_cat?post=15215"},{"taxonomy":"product_tag","embeddable":true,"href":"https:\/\/believebytuularossi.com\/fi\/wp-json\/wp\/v2\/product_tag?post=15215"}],"curies":[{"name":"wp","href":"https:\/\/api.w.org\/{rel}","templated":true}]}}