{"id":15290,"date":"2021-09-29T20:45:24","date_gmt":"2021-09-29T18:45:24","guid":{"rendered":"https:\/\/believebytuularossi.com\/product\/natalie-powder-rose-kevyt-tikattu-takki\/"},"modified":"2022-01-31T12:12:32","modified_gmt":"2022-01-31T11:12:32","slug":"natalie-powder-rose-kevyt-tikattu-takki","status":"publish","type":"product","link":"https:\/\/believebytuularossi.com\/fi\/tuote\/natalie-powder-rose-kevyt-tikattu-takki\/","title":{"rendered":"Natalie Powder Rose -kevyt tikattu takki"},"content":{"rendered":"","protected":false},"excerpt":{"rendered":"<p>Natalie -takki on t\u00e4ydellinen valinta kev\u00e4t-, semi-sesonki- tai leutoon syysasuun! Powder Rose -vaaleanpunainen v\u00e4ri on hieno ja naisellinen. T\u00e4m\u00e4 upea takki on eritt\u00e4in mukava k\u00e4ytt\u00e4\u00e4 p\u00e4ivitt\u00e4in. T\u00e4m\u00e4 tikkitakki on todella ajaton &#8211; se on valmistettu korkealaatuisesta, kest\u00e4v\u00e4st\u00e4 ja kevyest\u00e4 materiaalista. T\u00e4ss\u00e4 ihanassa takissa on yhdistetty kaksi erilaista tikattua materiaalia, jotka t\u00e4ydent\u00e4v\u00e4t toisiaan luoden hienostuneen linjan ja t\u00e4ydellisen istuvuuden, jotka vangitsevat ohikulkijoiden ihastuneet katseet. Takin korkea kaulus ja helma ovat s\u00e4\u00e4dett\u00e4viss\u00e4 joustavalla kiristysny\u00f6rill\u00e4. Natalie -takissa on ylelliset kaksisuuntaiset vetoketjut edess\u00e4, sivussa ja taskuissa.<\/p>\n<p>Hihan pituus on hieman tavallista pidempi. Joustavat hihansuut takaavat t\u00e4ydellisen pituuden kaiken pituisille naisille.<\/p>\n<p>Naisellinen Natalie -tikkitakki on suunniteltu istumaan t\u00e4ydellisesti jokaiselle naiselle koosta riippumatta.<\/p>\n<p>P\u00e4ivit\u00e4 oma takkimallistosi modernilla ja upealla Natalie -takilla!<\/p>\n<p>Unelmanpehme\u00e4 \u00a0Powder Rose -v\u00e4rinen ekoturkismateriaalista valmistettu BELIEVE by tuula rossi -huppuhuivi luo upean kokonaisuuden t\u00e4m\u00e4n saman v\u00e4risen Natalie -takin kanssa. Kokeile ja ihastu!<\/p>\n<p>&nbsp;<\/p>\n","protected":false},"featured_media":14316,"template":"","meta":{"_acf_changed":false},"product_brand":[],"product_cat":[131],"product_tag":[],"class_list":{"0":"post-15290","1":"product","2":"type-product","3":"status-publish","4":"has-post-thumbnail","6":"product_cat-kevattakit-kesatakit-valisesonkitakit","7":"pa_ewd_uwcf_colors-pale-pink-fi","8":"pa_ewd_uwcf_sizes-34-fi","9":"pa_ewd_uwcf_sizes-36-fi","10":"pa_ewd_uwcf_sizes-38-fi","11":"pa_ewd_uwcf_sizes-40-fi","12":"pa_ewd_uwcf_sizes-42-fi","13":"pa_ewd_uwcf_sizes-44-fi","14":"pa_ewd_uwcf_sizes-46-fi","15":"pa_ewd_uwcf_sizes-48-fi","16":"pa_ewd_uwcf_sizes-50-fi","17":"pa_ewd_uwcf_sizes-52-fi","18":"pa_ewd_uwcf_sizes-54-fi","19":"pa_size-34-fi","20":"pa_size-36-fi","21":"pa_size-38-fi","22":"pa_size-40-fi","23":"pa_size-42-fi","24":"pa_size-44-fi","25":"pa_size-46-fi","26":"pa_size-48-fi","27":"pa_size-50-fi","28":"pa_size-52-fi","29":"pa_size-54-fi","30":"product_color-rose-fi","31":"product_size-34-fi","32":"product_size-36-fi","33":"product_size-38-fi","34":"product_size-40-fi","35":"product_size-42-fi","36":"product_size-44-fi","37":"product_size-46-fi","38":"product_size-48-fi","39":"product_size-50-fi","40":"product_size-52-fi","41":"product_size-54-fi","43":"first","44":"instock","45":"taxable","46":"shipping-taxable","47":"purchasable","48":"product-type-variable"},"acf":[],"yoast_head":"<!-- This site is optimized with the Yoast SEO plugin v27.6 - https:\/\/yoast.com\/product\/yoast-seo-wordpress\/ -->\n<title>Natalie Powder Rose -kevyt tikattu takki &#8211; BELIEVE by tuula rossi<\/title>\n<meta name=\"description\" content=\"Natalie powder rose -kevyt tikattu takki ihanassa vaaleanpunaisessa v\u00e4riss\u00e4\" \/>\n<meta name=\"robots\" content=\"index, follow, max-snippet:-1, max-image-preview:large, max-video-preview:-1\" \/>\n<link rel=\"canonical\" href=\"https:\/\/believebytuularossi.com\/fi\/tuote\/natalie-powder-rose-kevyt-tikattu-takki\/\" \/>\n<meta property=\"og:locale\" content=\"fi_FI\" \/>\n<meta property=\"og:type\" content=\"article\" \/>\n<meta property=\"og:title\" content=\"Natalie Powder Rose -kevyt tikattu takki &#8211; BELIEVE by tuula rossi\" \/>\n<meta property=\"og:description\" content=\"Natalie powder rose -kevyt tikattu takki ihanassa vaaleanpunaisessa v\u00e4riss\u00e4\" \/>\n<meta property=\"og:url\" content=\"https:\/\/believebytuularossi.com\/fi\/tuote\/natalie-powder-rose-kevyt-tikattu-takki\/\" \/>\n<meta property=\"og:site_name\" content=\"BELIEVE by tuula rossi\" \/>\n<meta property=\"article:publisher\" content=\"https:\/\/www.facebook.com\/believebytuularossi\/_gu3udgu0BZPTzcnU\" \/>\n<meta property=\"article:modified_time\" content=\"2022-01-31T11:12:32+00:00\" \/>\n<meta property=\"og:image\" content=\"https:\/\/believebytuularossi.com\/wp-content\/uploads\/2021\/09\/Believe-199-scaled.jpg\" \/>\n\t<meta property=\"og:image:width\" content=\"1707\" \/>\n\t<meta property=\"og:image:height\" content=\"2560\" \/>\n\t<meta property=\"og:image:type\" content=\"image\/jpeg\" \/>\n<meta name=\"twitter:card\" content=\"summary_large_image\" \/>\n<script type=\"application\/ld+json\" class=\"yoast-schema-graph\">{\"@context\":\"https:\\\/\\\/schema.org\",\"@graph\":[{\"@type\":\"WebPage\",\"@id\":\"https:\\\/\\\/believebytuularossi.com\\\/fi\\\/tuote\\\/natalie-powder-rose-kevyt-tikattu-takki\\\/\",\"url\":\"https:\\\/\\\/believebytuularossi.com\\\/fi\\\/tuote\\\/natalie-powder-rose-kevyt-tikattu-takki\\\/\",\"name\":\"Natalie Powder Rose -kevyt tikattu takki &#8211; BELIEVE by tuula rossi\",\"isPartOf\":{\"@id\":\"https:\\\/\\\/believebytuularossi.com\\\/fi\\\/#website\"},\"primaryImageOfPage\":{\"@id\":\"https:\\\/\\\/believebytuularossi.com\\\/fi\\\/tuote\\\/natalie-powder-rose-kevyt-tikattu-takki\\\/#primaryimage\"},\"image\":{\"@id\":\"https:\\\/\\\/believebytuularossi.com\\\/fi\\\/tuote\\\/natalie-powder-rose-kevyt-tikattu-takki\\\/#primaryimage\"},\"thumbnailUrl\":\"https:\\\/\\\/believebytuularossi.com\\\/wp-content\\\/uploads\\\/2021\\\/09\\\/Believe-199-scaled.jpg\",\"datePublished\":\"2021-09-29T18:45:24+00:00\",\"dateModified\":\"2022-01-31T11:12:32+00:00\",\"description\":\"Natalie powder rose -kevyt tikattu takki ihanassa vaaleanpunaisessa v\u00e4riss\u00e4\",\"breadcrumb\":{\"@id\":\"https:\\\/\\\/believebytuularossi.com\\\/fi\\\/tuote\\\/natalie-powder-rose-kevyt-tikattu-takki\\\/#breadcrumb\"},\"inLanguage\":\"fi\",\"potentialAction\":[{\"@type\":\"ReadAction\",\"target\":[\"https:\\\/\\\/believebytuularossi.com\\\/fi\\\/tuote\\\/natalie-powder-rose-kevyt-tikattu-takki\\\/\"]}]},{\"@type\":\"ImageObject\",\"inLanguage\":\"fi\",\"@id\":\"https:\\\/\\\/believebytuularossi.com\\\/fi\\\/tuote\\\/natalie-powder-rose-kevyt-tikattu-takki\\\/#primaryimage\",\"url\":\"https:\\\/\\\/believebytuularossi.com\\\/wp-content\\\/uploads\\\/2021\\\/09\\\/Believe-199-scaled.jpg\",\"contentUrl\":\"https:\\\/\\\/believebytuularossi.com\\\/wp-content\\\/uploads\\\/2021\\\/09\\\/Believe-199-scaled.jpg\",\"width\":1707,\"height\":2560,\"caption\":\"Believe 199\"},{\"@type\":\"BreadcrumbList\",\"@id\":\"https:\\\/\\\/believebytuularossi.com\\\/fi\\\/tuote\\\/natalie-powder-rose-kevyt-tikattu-takki\\\/#breadcrumb\",\"itemListElement\":[{\"@type\":\"ListItem\",\"position\":1,\"name\":\"Home\",\"item\":\"https:\\\/\\\/believebytuularossi.com\\\/fi\\\/\"},{\"@type\":\"ListItem\",\"position\":2,\"name\":\"Shop\",\"item\":\"https:\\\/\\\/believebytuularossi.com\\\/shop\\\/\"},{\"@type\":\"ListItem\",\"position\":3,\"name\":\"Natalie Powder Rose -kevyt tikattu takki\"}]},{\"@type\":\"WebSite\",\"@id\":\"https:\\\/\\\/believebytuularossi.com\\\/fi\\\/#website\",\"url\":\"https:\\\/\\\/believebytuularossi.com\\\/fi\\\/\",\"name\":\"BELIEVE by tuula rossi\",\"description\":\"A unique, luxurious, original outerwear collection created by passion and love for today\u2019s fashionable woman and her desire for timeless style.          Perfect fit for the modern, feminine woman of any age.\",\"publisher\":{\"@id\":\"https:\\\/\\\/believebytuularossi.com\\\/fi\\\/#organization\"},\"potentialAction\":[{\"@type\":\"SearchAction\",\"target\":{\"@type\":\"EntryPoint\",\"urlTemplate\":\"https:\\\/\\\/believebytuularossi.com\\\/fi\\\/?s={search_term_string}\"},\"query-input\":{\"@type\":\"PropertyValueSpecification\",\"valueRequired\":true,\"valueName\":\"search_term_string\"}}],\"inLanguage\":\"fi\"},{\"@type\":\"Organization\",\"@id\":\"https:\\\/\\\/believebytuularossi.com\\\/fi\\\/#organization\",\"name\":\"BELIEVE by tuula rossi\",\"url\":\"https:\\\/\\\/believebytuularossi.com\\\/fi\\\/\",\"logo\":{\"@type\":\"ImageObject\",\"inLanguage\":\"fi\",\"@id\":\"https:\\\/\\\/believebytuularossi.com\\\/fi\\\/#\\\/schema\\\/logo\\\/image\\\/\",\"url\":\"https:\\\/\\\/believebytuularossi.com\\\/wp-content\\\/uploads\\\/2018\\\/08\\\/rossi-logo_new.png\",\"contentUrl\":\"https:\\\/\\\/believebytuularossi.com\\\/wp-content\\\/uploads\\\/2018\\\/08\\\/rossi-logo_new.png\",\"width\":300,\"height\":143,\"caption\":\"BELIEVE by tuula rossi\"},\"image\":{\"@id\":\"https:\\\/\\\/believebytuularossi.com\\\/fi\\\/#\\\/schema\\\/logo\\\/image\\\/\"},\"sameAs\":[\"https:\\\/\\\/www.facebook.com\\\/believebytuularossi\\\/_gu3udgu0BZPTzcnU\",\"https:\\\/\\\/www.instagram.com\\\/believebytuularossi\\\/\",\"https:\\\/\\\/www.pinterest.com\\\/believebytuularossi\\\/\"]}]}<\/script>\n<!-- \/ Yoast SEO plugin. -->","yoast_head_json":{"title":"Natalie Powder Rose -kevyt tikattu takki &#8211; BELIEVE by tuula rossi","description":"Natalie powder rose -kevyt tikattu takki ihanassa vaaleanpunaisessa v\u00e4riss\u00e4","robots":{"index":"index","follow":"follow","max-snippet":"max-snippet:-1","max-image-preview":"max-image-preview:large","max-video-preview":"max-video-preview:-1"},"canonical":"https:\/\/believebytuularossi.com\/fi\/tuote\/natalie-powder-rose-kevyt-tikattu-takki\/","og_locale":"fi_FI","og_type":"article","og_title":"Natalie Powder Rose -kevyt tikattu takki &#8211; BELIEVE by tuula rossi","og_description":"Natalie powder rose -kevyt tikattu takki ihanassa vaaleanpunaisessa v\u00e4riss\u00e4","og_url":"https:\/\/believebytuularossi.com\/fi\/tuote\/natalie-powder-rose-kevyt-tikattu-takki\/","og_site_name":"BELIEVE by tuula rossi","article_publisher":"https:\/\/www.facebook.com\/believebytuularossi\/_gu3udgu0BZPTzcnU","article_modified_time":"2022-01-31T11:12:32+00:00","og_image":[{"width":1707,"height":2560,"url":"https:\/\/believebytuularossi.com\/wp-content\/uploads\/2021\/09\/Believe-199-scaled.jpg","type":"image\/jpeg"}],"twitter_card":"summary_large_image","schema":{"@context":"https:\/\/schema.org","@graph":[{"@type":"WebPage","@id":"https:\/\/believebytuularossi.com\/fi\/tuote\/natalie-powder-rose-kevyt-tikattu-takki\/","url":"https:\/\/believebytuularossi.com\/fi\/tuote\/natalie-powder-rose-kevyt-tikattu-takki\/","name":"Natalie Powder Rose -kevyt tikattu takki &#8211; BELIEVE by tuula rossi","isPartOf":{"@id":"https:\/\/believebytuularossi.com\/fi\/#website"},"primaryImageOfPage":{"@id":"https:\/\/believebytuularossi.com\/fi\/tuote\/natalie-powder-rose-kevyt-tikattu-takki\/#primaryimage"},"image":{"@id":"https:\/\/believebytuularossi.com\/fi\/tuote\/natalie-powder-rose-kevyt-tikattu-takki\/#primaryimage"},"thumbnailUrl":"https:\/\/believebytuularossi.com\/wp-content\/uploads\/2021\/09\/Believe-199-scaled.jpg","datePublished":"2021-09-29T18:45:24+00:00","dateModified":"2022-01-31T11:12:32+00:00","description":"Natalie powder rose -kevyt tikattu takki ihanassa vaaleanpunaisessa v\u00e4riss\u00e4","breadcrumb":{"@id":"https:\/\/believebytuularossi.com\/fi\/tuote\/natalie-powder-rose-kevyt-tikattu-takki\/#breadcrumb"},"inLanguage":"fi","potentialAction":[{"@type":"ReadAction","target":["https:\/\/believebytuularossi.com\/fi\/tuote\/natalie-powder-rose-kevyt-tikattu-takki\/"]}]},{"@type":"ImageObject","inLanguage":"fi","@id":"https:\/\/believebytuularossi.com\/fi\/tuote\/natalie-powder-rose-kevyt-tikattu-takki\/#primaryimage","url":"https:\/\/believebytuularossi.com\/wp-content\/uploads\/2021\/09\/Believe-199-scaled.jpg","contentUrl":"https:\/\/believebytuularossi.com\/wp-content\/uploads\/2021\/09\/Believe-199-scaled.jpg","width":1707,"height":2560,"caption":"Believe 199"},{"@type":"BreadcrumbList","@id":"https:\/\/believebytuularossi.com\/fi\/tuote\/natalie-powder-rose-kevyt-tikattu-takki\/#breadcrumb","itemListElement":[{"@type":"ListItem","position":1,"name":"Home","item":"https:\/\/believebytuularossi.com\/fi\/"},{"@type":"ListItem","position":2,"name":"Shop","item":"https:\/\/believebytuularossi.com\/shop\/"},{"@type":"ListItem","position":3,"name":"Natalie Powder Rose -kevyt tikattu takki"}]},{"@type":"WebSite","@id":"https:\/\/believebytuularossi.com\/fi\/#website","url":"https:\/\/believebytuularossi.com\/fi\/","name":"BELIEVE by tuula rossi","description":"A unique, luxurious, original outerwear collection created by passion and love for today\u2019s fashionable woman and her desire for timeless style.          Perfect fit for the modern, feminine woman of any age.","publisher":{"@id":"https:\/\/believebytuularossi.com\/fi\/#organization"},"potentialAction":[{"@type":"SearchAction","target":{"@type":"EntryPoint","urlTemplate":"https:\/\/believebytuularossi.com\/fi\/?s={search_term_string}"},"query-input":{"@type":"PropertyValueSpecification","valueRequired":true,"valueName":"search_term_string"}}],"inLanguage":"fi"},{"@type":"Organization","@id":"https:\/\/believebytuularossi.com\/fi\/#organization","name":"BELIEVE by tuula rossi","url":"https:\/\/believebytuularossi.com\/fi\/","logo":{"@type":"ImageObject","inLanguage":"fi","@id":"https:\/\/believebytuularossi.com\/fi\/#\/schema\/logo\/image\/","url":"https:\/\/believebytuularossi.com\/wp-content\/uploads\/2018\/08\/rossi-logo_new.png","contentUrl":"https:\/\/believebytuularossi.com\/wp-content\/uploads\/2018\/08\/rossi-logo_new.png","width":300,"height":143,"caption":"BELIEVE by tuula rossi"},"image":{"@id":"https:\/\/believebytuularossi.com\/fi\/#\/schema\/logo\/image\/"},"sameAs":["https:\/\/www.facebook.com\/believebytuularossi\/_gu3udgu0BZPTzcnU","https:\/\/www.instagram.com\/believebytuularossi\/","https:\/\/www.pinterest.com\/believebytuularossi\/"]}]}},"_links":{"self":[{"href":"https:\/\/believebytuularossi.com\/fi\/wp-json\/wp\/v2\/product\/15290","targetHints":{"allow":["GET"]}}],"collection":[{"href":"https:\/\/believebytuularossi.com\/fi\/wp-json\/wp\/v2\/product"}],"about":[{"href":"https:\/\/believebytuularossi.com\/fi\/wp-json\/wp\/v2\/types\/product"}],"wp:featuredmedia":[{"embeddable":true,"href":"https:\/\/believebytuularossi.com\/fi\/wp-json\/wp\/v2\/media\/14316"}],"wp:attachment":[{"href":"https:\/\/believebytuularossi.com\/fi\/wp-json\/wp\/v2\/media?parent=15290"}],"wp:term":[{"taxonomy":"product_brand","embeddable":true,"href":"https:\/\/believebytuularossi.com\/fi\/wp-json\/wp\/v2\/product_brand?post=15290"},{"taxonomy":"product_cat","embeddable":true,"href":"https:\/\/believebytuularossi.com\/fi\/wp-json\/wp\/v2\/product_cat?post=15290"},{"taxonomy":"product_tag","embeddable":true,"href":"https:\/\/believebytuularossi.com\/fi\/wp-json\/wp\/v2\/product_tag?post=15290"}],"curies":[{"name":"wp","href":"https:\/\/api.w.org\/{rel}","templated":true}]}}