{"id":15302,"date":"2021-09-28T21:20:33","date_gmt":"2021-09-28T19:20:33","guid":{"rendered":"https:\/\/believebytuularossi.com\/product\/sabina-printed-black-white-kevyt-tikattu-takki-mustavalkoinen\/"},"modified":"2025-08-05T11:11:57","modified_gmt":"2025-08-05T09:11:57","slug":"sabina-printed-black-white-kevyt-tikattu-takki-mustavalkoinen","status":"publish","type":"product","link":"https:\/\/believebytuularossi.com\/fi\/tuote\/sabina-printed-black-white-kevyt-tikattu-takki-mustavalkoinen\/","title":{"rendered":"Sabina Printed Black &#038; White &#8211; kevyt tikattu takki, mustavalkoinen"},"content":{"rendered":"","protected":false},"excerpt":{"rendered":"<p>Sabina -takissa on upea, moderni ilme. Takki on valmistettu eritt\u00e4in kevyest\u00e4, laadukkaasta Forest Print -mustavalkoisella mets\u00e4kuvioilla printatusta kankaasta. Katseen vangitseva ylellinen Baby Stripe -raitakuosilla tikattu materiaali on eritt\u00e4in mukava p\u00e4\u00e4ll\u00e4 ja hengitt\u00e4\u00e4 hyvin. T\u00e4m\u00e4 ajaton takki sopii kaikille, jotka rakastavat ajatonta ja tyylik\u00e4st\u00e4 mustavalkoista v\u00e4riyhdistelm\u00e4\u00e4! T\u00e4m\u00e4 upea polven yl\u00e4puolelle ulottuva tikkitakki on t\u00e4ydellinen valinta arkeen.<\/p>\n","protected":false},"featured_media":14307,"template":"","meta":{"_acf_changed":false},"product_brand":[],"product_cat":[131],"product_tag":[],"class_list":{"0":"post-15302","1":"product","2":"type-product","3":"status-publish","4":"has-post-thumbnail","6":"product_cat-kevattakit-kesatakit-valisesonkitakit","7":"pa_ewd_uwcf_colors-black","8":"pa_ewd_uwcf_colors-musta","9":"pa_ewd_uwcf_colors-white-fi","10":"pa_ewd_uwcf_colors-white","11":"pa_ewd_uwcf_sizes-34-fi","12":"pa_ewd_uwcf_sizes-206","13":"pa_ewd_uwcf_sizes-181","14":"pa_ewd_uwcf_sizes-183","15":"pa_ewd_uwcf_sizes-185","16":"pa_ewd_uwcf_sizes-187","17":"pa_ewd_uwcf_sizes-189","18":"pa_ewd_uwcf_sizes-191","19":"pa_ewd_uwcf_sizes-193","20":"pa_ewd_uwcf_sizes-200","21":"pa_ewd_uwcf_sizes-202","22":"pa_ewd_uwcf_sizes-204","23":"pa_size-34-fi","24":"pa_size-36-fi","25":"pa_size-38-fi","26":"pa_size-40-fi","27":"pa_size-42-fi","28":"pa_size-44-fi","29":"pa_size-46-fi","30":"pa_size-48-fi","31":"pa_size-50-fi","32":"pa_size-52-fi","33":"pa_size-54-fi","34":"product_color-black-fi","35":"product_color-white-fi","36":"product_size-34-fi","37":"product_size-36-fi","38":"product_size-38-fi","39":"product_size-40-fi","40":"product_size-42-fi","41":"product_size-44-fi","42":"product_size-46-fi","43":"product_size-48-fi","44":"product_size-50-fi","45":"product_size-52-fi","46":"product_size-54-fi","48":"first","49":"instock","50":"taxable","51":"shipping-taxable","52":"purchasable","53":"product-type-variable"},"acf":[],"yoast_head":"<!-- This site is optimized with the Yoast SEO plugin v27.3 - https:\/\/yoast.com\/product\/yoast-seo-wordpress\/ -->\n<title>Sabina Printed Black &amp; White - kevyt tikattu takki, mustavalkoinen &#8211; BELIEVE by tuula rossi<\/title>\n<meta name=\"description\" content=\"Sabina Printed Black &amp; White -kevyt tikattu takki, mustavalkoinen\" \/>\n<meta name=\"robots\" content=\"index, follow, max-snippet:-1, max-image-preview:large, max-video-preview:-1\" \/>\n<link rel=\"canonical\" href=\"https:\/\/believebytuularossi.com\/fi\/tuote\/sabina-printed-black-white-kevyt-tikattu-takki-mustavalkoinen\/\" \/>\n<meta property=\"og:locale\" content=\"fi_FI\" \/>\n<meta property=\"og:type\" content=\"article\" \/>\n<meta property=\"og:title\" content=\"Sabina Printed Black &amp; White - kevyt tikattu takki, mustavalkoinen &#8211; BELIEVE by tuula rossi\" \/>\n<meta property=\"og:description\" content=\"Sabina Printed Black &amp; White -kevyt tikattu takki, mustavalkoinen\" \/>\n<meta property=\"og:url\" content=\"https:\/\/believebytuularossi.com\/fi\/tuote\/sabina-printed-black-white-kevyt-tikattu-takki-mustavalkoinen\/\" \/>\n<meta property=\"og:site_name\" content=\"BELIEVE by tuula rossi\" \/>\n<meta property=\"article:publisher\" content=\"https:\/\/www.facebook.com\/believebytuularossi\/_gu3udgu0BZPTzcnU\" \/>\n<meta property=\"article:modified_time\" content=\"2025-08-05T09:11:57+00:00\" \/>\n<meta property=\"og:image\" content=\"https:\/\/believebytuularossi.com\/wp-content\/uploads\/2021\/09\/Believe-041_Sabina-scaled.jpg\" \/>\n\t<meta property=\"og:image:width\" content=\"1707\" \/>\n\t<meta property=\"og:image:height\" content=\"2560\" \/>\n\t<meta property=\"og:image:type\" content=\"image\/jpeg\" \/>\n<meta name=\"twitter:card\" content=\"summary_large_image\" \/>\n<meta name=\"twitter:label1\" content=\"Arvioitu lukuaika\" \/>\n\t<meta name=\"twitter:data1\" content=\"1 minuutti\" \/>\n<script type=\"application\/ld+json\" class=\"yoast-schema-graph\">{\"@context\":\"https:\\\/\\\/schema.org\",\"@graph\":[{\"@type\":\"WebPage\",\"@id\":\"https:\\\/\\\/believebytuularossi.com\\\/fi\\\/tuote\\\/sabina-printed-black-white-kevyt-tikattu-takki-mustavalkoinen\\\/\",\"url\":\"https:\\\/\\\/believebytuularossi.com\\\/fi\\\/tuote\\\/sabina-printed-black-white-kevyt-tikattu-takki-mustavalkoinen\\\/\",\"name\":\"Sabina Printed Black & White - kevyt tikattu takki, mustavalkoinen &#8211; BELIEVE by tuula rossi\",\"isPartOf\":{\"@id\":\"https:\\\/\\\/believebytuularossi.com\\\/fi\\\/#website\"},\"primaryImageOfPage\":{\"@id\":\"https:\\\/\\\/believebytuularossi.com\\\/fi\\\/tuote\\\/sabina-printed-black-white-kevyt-tikattu-takki-mustavalkoinen\\\/#primaryimage\"},\"image\":{\"@id\":\"https:\\\/\\\/believebytuularossi.com\\\/fi\\\/tuote\\\/sabina-printed-black-white-kevyt-tikattu-takki-mustavalkoinen\\\/#primaryimage\"},\"thumbnailUrl\":\"https:\\\/\\\/believebytuularossi.com\\\/wp-content\\\/uploads\\\/2021\\\/09\\\/Believe-041_Sabina-scaled.jpg\",\"datePublished\":\"2021-09-28T19:20:33+00:00\",\"dateModified\":\"2025-08-05T09:11:57+00:00\",\"description\":\"Sabina Printed Black & White -kevyt tikattu takki, mustavalkoinen\",\"breadcrumb\":{\"@id\":\"https:\\\/\\\/believebytuularossi.com\\\/fi\\\/tuote\\\/sabina-printed-black-white-kevyt-tikattu-takki-mustavalkoinen\\\/#breadcrumb\"},\"inLanguage\":\"fi\",\"potentialAction\":[{\"@type\":\"ReadAction\",\"target\":[\"https:\\\/\\\/believebytuularossi.com\\\/fi\\\/tuote\\\/sabina-printed-black-white-kevyt-tikattu-takki-mustavalkoinen\\\/\"]}]},{\"@type\":\"ImageObject\",\"inLanguage\":\"fi\",\"@id\":\"https:\\\/\\\/believebytuularossi.com\\\/fi\\\/tuote\\\/sabina-printed-black-white-kevyt-tikattu-takki-mustavalkoinen\\\/#primaryimage\",\"url\":\"https:\\\/\\\/believebytuularossi.com\\\/wp-content\\\/uploads\\\/2021\\\/09\\\/Believe-041_Sabina-scaled.jpg\",\"contentUrl\":\"https:\\\/\\\/believebytuularossi.com\\\/wp-content\\\/uploads\\\/2021\\\/09\\\/Believe-041_Sabina-scaled.jpg\",\"width\":1707,\"height\":2560,\"caption\":\"Believe 041 Sabina\"},{\"@type\":\"BreadcrumbList\",\"@id\":\"https:\\\/\\\/believebytuularossi.com\\\/fi\\\/tuote\\\/sabina-printed-black-white-kevyt-tikattu-takki-mustavalkoinen\\\/#breadcrumb\",\"itemListElement\":[{\"@type\":\"ListItem\",\"position\":1,\"name\":\"Home\",\"item\":\"https:\\\/\\\/believebytuularossi.com\\\/fi\\\/\"},{\"@type\":\"ListItem\",\"position\":2,\"name\":\"Shop\",\"item\":\"https:\\\/\\\/believebytuularossi.com\\\/shop\\\/\"},{\"@type\":\"ListItem\",\"position\":3,\"name\":\"Sabina Printed Black &#038; White &#8211; kevyt tikattu takki, mustavalkoinen\"}]},{\"@type\":\"WebSite\",\"@id\":\"https:\\\/\\\/believebytuularossi.com\\\/fi\\\/#website\",\"url\":\"https:\\\/\\\/believebytuularossi.com\\\/fi\\\/\",\"name\":\"BELIEVE by tuula rossi\",\"description\":\"A unique, luxurious, original outerwear collection created by passion and love for today\u2019s fashionable woman and her desire for timeless style.          Perfect fit for the modern, feminine woman of any age.\",\"publisher\":{\"@id\":\"https:\\\/\\\/believebytuularossi.com\\\/fi\\\/#organization\"},\"potentialAction\":[{\"@type\":\"SearchAction\",\"target\":{\"@type\":\"EntryPoint\",\"urlTemplate\":\"https:\\\/\\\/believebytuularossi.com\\\/fi\\\/?s={search_term_string}\"},\"query-input\":{\"@type\":\"PropertyValueSpecification\",\"valueRequired\":true,\"valueName\":\"search_term_string\"}}],\"inLanguage\":\"fi\"},{\"@type\":\"Organization\",\"@id\":\"https:\\\/\\\/believebytuularossi.com\\\/fi\\\/#organization\",\"name\":\"BELIEVE by tuula rossi\",\"url\":\"https:\\\/\\\/believebytuularossi.com\\\/fi\\\/\",\"logo\":{\"@type\":\"ImageObject\",\"inLanguage\":\"fi\",\"@id\":\"https:\\\/\\\/believebytuularossi.com\\\/fi\\\/#\\\/schema\\\/logo\\\/image\\\/\",\"url\":\"https:\\\/\\\/believebytuularossi.com\\\/wp-content\\\/uploads\\\/2018\\\/08\\\/rossi-logo_new.png\",\"contentUrl\":\"https:\\\/\\\/believebytuularossi.com\\\/wp-content\\\/uploads\\\/2018\\\/08\\\/rossi-logo_new.png\",\"width\":300,\"height\":143,\"caption\":\"BELIEVE by tuula rossi\"},\"image\":{\"@id\":\"https:\\\/\\\/believebytuularossi.com\\\/fi\\\/#\\\/schema\\\/logo\\\/image\\\/\"},\"sameAs\":[\"https:\\\/\\\/www.facebook.com\\\/believebytuularossi\\\/_gu3udgu0BZPTzcnU\",\"https:\\\/\\\/www.instagram.com\\\/believebytuularossi\\\/\",\"https:\\\/\\\/www.pinterest.com\\\/believebytuularossi\\\/\"]}]}<\/script>\n<!-- \/ Yoast SEO plugin. -->","yoast_head_json":{"title":"Sabina Printed Black & White - kevyt tikattu takki, mustavalkoinen &#8211; BELIEVE by tuula rossi","description":"Sabina Printed Black & White -kevyt tikattu takki, mustavalkoinen","robots":{"index":"index","follow":"follow","max-snippet":"max-snippet:-1","max-image-preview":"max-image-preview:large","max-video-preview":"max-video-preview:-1"},"canonical":"https:\/\/believebytuularossi.com\/fi\/tuote\/sabina-printed-black-white-kevyt-tikattu-takki-mustavalkoinen\/","og_locale":"fi_FI","og_type":"article","og_title":"Sabina Printed Black & White - kevyt tikattu takki, mustavalkoinen &#8211; BELIEVE by tuula rossi","og_description":"Sabina Printed Black & White -kevyt tikattu takki, mustavalkoinen","og_url":"https:\/\/believebytuularossi.com\/fi\/tuote\/sabina-printed-black-white-kevyt-tikattu-takki-mustavalkoinen\/","og_site_name":"BELIEVE by tuula rossi","article_publisher":"https:\/\/www.facebook.com\/believebytuularossi\/_gu3udgu0BZPTzcnU","article_modified_time":"2025-08-05T09:11:57+00:00","og_image":[{"width":1707,"height":2560,"url":"https:\/\/believebytuularossi.com\/wp-content\/uploads\/2021\/09\/Believe-041_Sabina-scaled.jpg","type":"image\/jpeg"}],"twitter_card":"summary_large_image","twitter_misc":{"Arvioitu lukuaika":"1 minuutti"},"schema":{"@context":"https:\/\/schema.org","@graph":[{"@type":"WebPage","@id":"https:\/\/believebytuularossi.com\/fi\/tuote\/sabina-printed-black-white-kevyt-tikattu-takki-mustavalkoinen\/","url":"https:\/\/believebytuularossi.com\/fi\/tuote\/sabina-printed-black-white-kevyt-tikattu-takki-mustavalkoinen\/","name":"Sabina Printed Black & White - kevyt tikattu takki, mustavalkoinen &#8211; BELIEVE by tuula rossi","isPartOf":{"@id":"https:\/\/believebytuularossi.com\/fi\/#website"},"primaryImageOfPage":{"@id":"https:\/\/believebytuularossi.com\/fi\/tuote\/sabina-printed-black-white-kevyt-tikattu-takki-mustavalkoinen\/#primaryimage"},"image":{"@id":"https:\/\/believebytuularossi.com\/fi\/tuote\/sabina-printed-black-white-kevyt-tikattu-takki-mustavalkoinen\/#primaryimage"},"thumbnailUrl":"https:\/\/believebytuularossi.com\/wp-content\/uploads\/2021\/09\/Believe-041_Sabina-scaled.jpg","datePublished":"2021-09-28T19:20:33+00:00","dateModified":"2025-08-05T09:11:57+00:00","description":"Sabina Printed Black & White -kevyt tikattu takki, mustavalkoinen","breadcrumb":{"@id":"https:\/\/believebytuularossi.com\/fi\/tuote\/sabina-printed-black-white-kevyt-tikattu-takki-mustavalkoinen\/#breadcrumb"},"inLanguage":"fi","potentialAction":[{"@type":"ReadAction","target":["https:\/\/believebytuularossi.com\/fi\/tuote\/sabina-printed-black-white-kevyt-tikattu-takki-mustavalkoinen\/"]}]},{"@type":"ImageObject","inLanguage":"fi","@id":"https:\/\/believebytuularossi.com\/fi\/tuote\/sabina-printed-black-white-kevyt-tikattu-takki-mustavalkoinen\/#primaryimage","url":"https:\/\/believebytuularossi.com\/wp-content\/uploads\/2021\/09\/Believe-041_Sabina-scaled.jpg","contentUrl":"https:\/\/believebytuularossi.com\/wp-content\/uploads\/2021\/09\/Believe-041_Sabina-scaled.jpg","width":1707,"height":2560,"caption":"Believe 041 Sabina"},{"@type":"BreadcrumbList","@id":"https:\/\/believebytuularossi.com\/fi\/tuote\/sabina-printed-black-white-kevyt-tikattu-takki-mustavalkoinen\/#breadcrumb","itemListElement":[{"@type":"ListItem","position":1,"name":"Home","item":"https:\/\/believebytuularossi.com\/fi\/"},{"@type":"ListItem","position":2,"name":"Shop","item":"https:\/\/believebytuularossi.com\/shop\/"},{"@type":"ListItem","position":3,"name":"Sabina Printed Black &#038; White &#8211; kevyt tikattu takki, mustavalkoinen"}]},{"@type":"WebSite","@id":"https:\/\/believebytuularossi.com\/fi\/#website","url":"https:\/\/believebytuularossi.com\/fi\/","name":"BELIEVE by tuula rossi","description":"A unique, luxurious, original outerwear collection created by passion and love for today\u2019s fashionable woman and her desire for timeless style.          Perfect fit for the modern, feminine woman of any age.","publisher":{"@id":"https:\/\/believebytuularossi.com\/fi\/#organization"},"potentialAction":[{"@type":"SearchAction","target":{"@type":"EntryPoint","urlTemplate":"https:\/\/believebytuularossi.com\/fi\/?s={search_term_string}"},"query-input":{"@type":"PropertyValueSpecification","valueRequired":true,"valueName":"search_term_string"}}],"inLanguage":"fi"},{"@type":"Organization","@id":"https:\/\/believebytuularossi.com\/fi\/#organization","name":"BELIEVE by tuula rossi","url":"https:\/\/believebytuularossi.com\/fi\/","logo":{"@type":"ImageObject","inLanguage":"fi","@id":"https:\/\/believebytuularossi.com\/fi\/#\/schema\/logo\/image\/","url":"https:\/\/believebytuularossi.com\/wp-content\/uploads\/2018\/08\/rossi-logo_new.png","contentUrl":"https:\/\/believebytuularossi.com\/wp-content\/uploads\/2018\/08\/rossi-logo_new.png","width":300,"height":143,"caption":"BELIEVE by tuula rossi"},"image":{"@id":"https:\/\/believebytuularossi.com\/fi\/#\/schema\/logo\/image\/"},"sameAs":["https:\/\/www.facebook.com\/believebytuularossi\/_gu3udgu0BZPTzcnU","https:\/\/www.instagram.com\/believebytuularossi\/","https:\/\/www.pinterest.com\/believebytuularossi\/"]}]}},"_links":{"self":[{"href":"https:\/\/believebytuularossi.com\/fi\/wp-json\/wp\/v2\/product\/15302","targetHints":{"allow":["GET"]}}],"collection":[{"href":"https:\/\/believebytuularossi.com\/fi\/wp-json\/wp\/v2\/product"}],"about":[{"href":"https:\/\/believebytuularossi.com\/fi\/wp-json\/wp\/v2\/types\/product"}],"wp:featuredmedia":[{"embeddable":true,"href":"https:\/\/believebytuularossi.com\/fi\/wp-json\/wp\/v2\/media\/14307"}],"wp:attachment":[{"href":"https:\/\/believebytuularossi.com\/fi\/wp-json\/wp\/v2\/media?parent=15302"}],"wp:term":[{"taxonomy":"product_brand","embeddable":true,"href":"https:\/\/believebytuularossi.com\/fi\/wp-json\/wp\/v2\/product_brand?post=15302"},{"taxonomy":"product_cat","embeddable":true,"href":"https:\/\/believebytuularossi.com\/fi\/wp-json\/wp\/v2\/product_cat?post=15302"},{"taxonomy":"product_tag","embeddable":true,"href":"https:\/\/believebytuularossi.com\/fi\/wp-json\/wp\/v2\/product_tag?post=15302"}],"curies":[{"name":"wp","href":"https:\/\/api.w.org\/{rel}","templated":true}]}}