{"id":15338,"date":"2021-09-21T11:47:58","date_gmt":"2021-09-21T09:47:58","guid":{"rendered":"https:\/\/believebytuularossi.com\/product\/cristina-black-lammin-joustava-tikattu-takki-turkisreunuksella-musta\/"},"modified":"2024-12-02T17:52:43","modified_gmt":"2024-12-02T16:52:43","slug":"cristina-black-lammin-joustava-tikattu-takki-turkisreunuksella-musta","status":"publish","type":"product","link":"https:\/\/believebytuularossi.com\/fi\/tuote\/cristina-black-lammin-joustava-tikattu-takki-turkisreunuksella-musta\/","title":{"rendered":"Cristina Black -l\u00e4mmin joustava tikattu takki turkisreunuksella, musta"},"content":{"rendered":"","protected":false},"excerpt":{"rendered":"<p>Cristina -takki on elegantti ja tyylik\u00e4s mustassa v\u00e4risess\u00e4. T\u00e4m\u00e4 moderni takki on t\u00e4ydellinen valinta kaikille, jotka haluavat nauttia ylellisyydest\u00e4 jokainen p\u00e4iv\u00e4. Ihana ylellinen tikattu materiaali on joustava ja mukavan l\u00e4mmin p\u00e4\u00e4ll\u00e4. Tilava huppu, jonka sis\u00e4ll\u00e4 on ekoturkista, pit\u00e4\u00e4 sinut l\u00e4mpim\u00e4n\u00e4 kylmin\u00e4 p\u00e4ivin\u00e4! Taskuissa on my\u00f6s ekoturkista, ja tuntuu uskomattoman ihanalta, kun kosketat unelmanpehme\u00e4\u00e4 turkkia taskujen sis\u00e4ll\u00e4. Laadukkaat hopeanv\u00e4riset jumbovetoketjut korostavat t\u00e4m\u00e4n takkimallin ainutlaatuisuutta. Tyylik\u00e4s ja elegantti Cristina -takki on suunniteltu istumaan t\u00e4ydellisesti ja korostamaan naisellisuutta kaikissa koossa!<\/p>\n<p>Cristina -joustava tikkitakki sopii t\u00e4ydellisesti my\u00f6s pitemm\u00e4lle naiselle, sill\u00e4 hihan pituus on hieman tavallista pidempi.<\/p>\n","protected":false},"featured_media":14259,"template":"","meta":{"_acf_changed":false},"product_brand":[],"product_cat":[130],"product_tag":[],"class_list":{"0":"post-15338","1":"product","2":"type-product","3":"status-publish","4":"has-post-thumbnail","6":"product_cat-syksytakit-talvitakit","7":"pa_ewd_uwcf_colors-black","8":"pa_size-34-fi","9":"pa_size-36-fi","10":"pa_size-38-fi","11":"pa_size-40-fi","12":"pa_size-42-fi","13":"pa_size-44-fi","14":"pa_size-46-fi","15":"pa_size-48-fi","16":"pa_size-50-fi","17":"pa_size-52-fi","18":"pa_size-54-fi","19":"product_color-black-fi","21":"first","22":"instock","23":"taxable","24":"shipping-taxable","25":"purchasable","26":"product-type-variable"},"acf":[],"yoast_head":"<!-- This site is optimized with the Yoast SEO plugin v27.3 - https:\/\/yoast.com\/product\/yoast-seo-wordpress\/ -->\n<title>Cristina Black -l\u00e4mmin joustava tikattu takki turkisreunuksella, musta &#8211; BELIEVE by tuula rossi<\/title>\n<meta name=\"description\" content=\"Cristina Black -musta l\u00e4mmin joustava tikattu takki hupulla ja turkisreunuksella on ihana ja ainutlaatuinen vaihtoehto modernille naiselle\" \/>\n<meta name=\"robots\" content=\"index, follow, max-snippet:-1, max-image-preview:large, max-video-preview:-1\" \/>\n<link rel=\"canonical\" href=\"https:\/\/believebytuularossi.com\/fi\/tuote\/cristina-black-lammin-joustava-tikattu-takki-turkisreunuksella-musta\/\" \/>\n<meta property=\"og:locale\" content=\"fi_FI\" \/>\n<meta property=\"og:type\" content=\"article\" \/>\n<meta property=\"og:title\" content=\"Cristina Black -l\u00e4mmin joustava tikattu takki turkisreunuksella, musta &#8211; BELIEVE by tuula rossi\" \/>\n<meta property=\"og:description\" content=\"Cristina Black -musta l\u00e4mmin joustava tikattu takki hupulla ja turkisreunuksella on ihana ja ainutlaatuinen vaihtoehto modernille naiselle\" \/>\n<meta property=\"og:url\" content=\"https:\/\/believebytuularossi.com\/fi\/tuote\/cristina-black-lammin-joustava-tikattu-takki-turkisreunuksella-musta\/\" \/>\n<meta property=\"og:site_name\" content=\"BELIEVE by tuula rossi\" \/>\n<meta property=\"article:publisher\" content=\"https:\/\/www.facebook.com\/believebytuularossi\/_gu3udgu0BZPTzcnU\" \/>\n<meta property=\"article:modified_time\" content=\"2024-12-02T16:52:43+00:00\" \/>\n<meta property=\"og:image\" content=\"https:\/\/believebytuularossi.com\/wp-content\/uploads\/2021\/09\/P1110134-scaled.jpg\" \/>\n\t<meta property=\"og:image:width\" content=\"1615\" \/>\n\t<meta property=\"og:image:height\" content=\"2560\" \/>\n\t<meta property=\"og:image:type\" content=\"image\/jpeg\" \/>\n<meta name=\"twitter:card\" content=\"summary_large_image\" \/>\n<meta name=\"twitter:label1\" content=\"Arvioitu lukuaika\" \/>\n\t<meta name=\"twitter:data1\" content=\"1 minuutti\" \/>\n<script type=\"application\/ld+json\" class=\"yoast-schema-graph\">{\"@context\":\"https:\\\/\\\/schema.org\",\"@graph\":[{\"@type\":\"WebPage\",\"@id\":\"https:\\\/\\\/believebytuularossi.com\\\/fi\\\/tuote\\\/cristina-black-lammin-joustava-tikattu-takki-turkisreunuksella-musta\\\/\",\"url\":\"https:\\\/\\\/believebytuularossi.com\\\/fi\\\/tuote\\\/cristina-black-lammin-joustava-tikattu-takki-turkisreunuksella-musta\\\/\",\"name\":\"Cristina Black -l\u00e4mmin joustava tikattu takki turkisreunuksella, musta &#8211; BELIEVE by tuula rossi\",\"isPartOf\":{\"@id\":\"https:\\\/\\\/believebytuularossi.com\\\/fi\\\/#website\"},\"primaryImageOfPage\":{\"@id\":\"https:\\\/\\\/believebytuularossi.com\\\/fi\\\/tuote\\\/cristina-black-lammin-joustava-tikattu-takki-turkisreunuksella-musta\\\/#primaryimage\"},\"image\":{\"@id\":\"https:\\\/\\\/believebytuularossi.com\\\/fi\\\/tuote\\\/cristina-black-lammin-joustava-tikattu-takki-turkisreunuksella-musta\\\/#primaryimage\"},\"thumbnailUrl\":\"https:\\\/\\\/believebytuularossi.com\\\/wp-content\\\/uploads\\\/2021\\\/09\\\/P1110134-scaled.jpg\",\"datePublished\":\"2021-09-21T09:47:58+00:00\",\"dateModified\":\"2024-12-02T16:52:43+00:00\",\"description\":\"Cristina Black -musta l\u00e4mmin joustava tikattu takki hupulla ja turkisreunuksella on ihana ja ainutlaatuinen vaihtoehto modernille naiselle\",\"breadcrumb\":{\"@id\":\"https:\\\/\\\/believebytuularossi.com\\\/fi\\\/tuote\\\/cristina-black-lammin-joustava-tikattu-takki-turkisreunuksella-musta\\\/#breadcrumb\"},\"inLanguage\":\"fi\",\"potentialAction\":[{\"@type\":\"ReadAction\",\"target\":[\"https:\\\/\\\/believebytuularossi.com\\\/fi\\\/tuote\\\/cristina-black-lammin-joustava-tikattu-takki-turkisreunuksella-musta\\\/\"]}]},{\"@type\":\"ImageObject\",\"inLanguage\":\"fi\",\"@id\":\"https:\\\/\\\/believebytuularossi.com\\\/fi\\\/tuote\\\/cristina-black-lammin-joustava-tikattu-takki-turkisreunuksella-musta\\\/#primaryimage\",\"url\":\"https:\\\/\\\/believebytuularossi.com\\\/wp-content\\\/uploads\\\/2021\\\/09\\\/P1110134-scaled.jpg\",\"contentUrl\":\"https:\\\/\\\/believebytuularossi.com\\\/wp-content\\\/uploads\\\/2021\\\/09\\\/P1110134-scaled.jpg\",\"width\":1615,\"height\":2560,\"caption\":\"P1110134\"},{\"@type\":\"BreadcrumbList\",\"@id\":\"https:\\\/\\\/believebytuularossi.com\\\/fi\\\/tuote\\\/cristina-black-lammin-joustava-tikattu-takki-turkisreunuksella-musta\\\/#breadcrumb\",\"itemListElement\":[{\"@type\":\"ListItem\",\"position\":1,\"name\":\"Home\",\"item\":\"https:\\\/\\\/believebytuularossi.com\\\/fi\\\/\"},{\"@type\":\"ListItem\",\"position\":2,\"name\":\"Shop\",\"item\":\"https:\\\/\\\/believebytuularossi.com\\\/shop\\\/\"},{\"@type\":\"ListItem\",\"position\":3,\"name\":\"Cristina Black -l\u00e4mmin joustava tikattu takki turkisreunuksella, musta\"}]},{\"@type\":\"WebSite\",\"@id\":\"https:\\\/\\\/believebytuularossi.com\\\/fi\\\/#website\",\"url\":\"https:\\\/\\\/believebytuularossi.com\\\/fi\\\/\",\"name\":\"BELIEVE by tuula rossi\",\"description\":\"A unique, luxurious, original outerwear collection created by passion and love for today\u2019s fashionable woman and her desire for timeless style.          Perfect fit for the modern, feminine woman of any age.\",\"publisher\":{\"@id\":\"https:\\\/\\\/believebytuularossi.com\\\/fi\\\/#organization\"},\"potentialAction\":[{\"@type\":\"SearchAction\",\"target\":{\"@type\":\"EntryPoint\",\"urlTemplate\":\"https:\\\/\\\/believebytuularossi.com\\\/fi\\\/?s={search_term_string}\"},\"query-input\":{\"@type\":\"PropertyValueSpecification\",\"valueRequired\":true,\"valueName\":\"search_term_string\"}}],\"inLanguage\":\"fi\"},{\"@type\":\"Organization\",\"@id\":\"https:\\\/\\\/believebytuularossi.com\\\/fi\\\/#organization\",\"name\":\"BELIEVE by tuula rossi\",\"url\":\"https:\\\/\\\/believebytuularossi.com\\\/fi\\\/\",\"logo\":{\"@type\":\"ImageObject\",\"inLanguage\":\"fi\",\"@id\":\"https:\\\/\\\/believebytuularossi.com\\\/fi\\\/#\\\/schema\\\/logo\\\/image\\\/\",\"url\":\"https:\\\/\\\/believebytuularossi.com\\\/wp-content\\\/uploads\\\/2018\\\/08\\\/rossi-logo_new.png\",\"contentUrl\":\"https:\\\/\\\/believebytuularossi.com\\\/wp-content\\\/uploads\\\/2018\\\/08\\\/rossi-logo_new.png\",\"width\":300,\"height\":143,\"caption\":\"BELIEVE by tuula rossi\"},\"image\":{\"@id\":\"https:\\\/\\\/believebytuularossi.com\\\/fi\\\/#\\\/schema\\\/logo\\\/image\\\/\"},\"sameAs\":[\"https:\\\/\\\/www.facebook.com\\\/believebytuularossi\\\/_gu3udgu0BZPTzcnU\",\"https:\\\/\\\/www.instagram.com\\\/believebytuularossi\\\/\",\"https:\\\/\\\/www.pinterest.com\\\/believebytuularossi\\\/\"]}]}<\/script>\n<!-- \/ Yoast SEO plugin. -->","yoast_head_json":{"title":"Cristina Black -l\u00e4mmin joustava tikattu takki turkisreunuksella, musta &#8211; BELIEVE by tuula rossi","description":"Cristina Black -musta l\u00e4mmin joustava tikattu takki hupulla ja turkisreunuksella on ihana ja ainutlaatuinen vaihtoehto modernille naiselle","robots":{"index":"index","follow":"follow","max-snippet":"max-snippet:-1","max-image-preview":"max-image-preview:large","max-video-preview":"max-video-preview:-1"},"canonical":"https:\/\/believebytuularossi.com\/fi\/tuote\/cristina-black-lammin-joustava-tikattu-takki-turkisreunuksella-musta\/","og_locale":"fi_FI","og_type":"article","og_title":"Cristina Black -l\u00e4mmin joustava tikattu takki turkisreunuksella, musta &#8211; BELIEVE by tuula rossi","og_description":"Cristina Black -musta l\u00e4mmin joustava tikattu takki hupulla ja turkisreunuksella on ihana ja ainutlaatuinen vaihtoehto modernille naiselle","og_url":"https:\/\/believebytuularossi.com\/fi\/tuote\/cristina-black-lammin-joustava-tikattu-takki-turkisreunuksella-musta\/","og_site_name":"BELIEVE by tuula rossi","article_publisher":"https:\/\/www.facebook.com\/believebytuularossi\/_gu3udgu0BZPTzcnU","article_modified_time":"2024-12-02T16:52:43+00:00","og_image":[{"width":1615,"height":2560,"url":"https:\/\/believebytuularossi.com\/wp-content\/uploads\/2021\/09\/P1110134-scaled.jpg","type":"image\/jpeg"}],"twitter_card":"summary_large_image","twitter_misc":{"Arvioitu lukuaika":"1 minuutti"},"schema":{"@context":"https:\/\/schema.org","@graph":[{"@type":"WebPage","@id":"https:\/\/believebytuularossi.com\/fi\/tuote\/cristina-black-lammin-joustava-tikattu-takki-turkisreunuksella-musta\/","url":"https:\/\/believebytuularossi.com\/fi\/tuote\/cristina-black-lammin-joustava-tikattu-takki-turkisreunuksella-musta\/","name":"Cristina Black -l\u00e4mmin joustava tikattu takki turkisreunuksella, musta &#8211; BELIEVE by tuula rossi","isPartOf":{"@id":"https:\/\/believebytuularossi.com\/fi\/#website"},"primaryImageOfPage":{"@id":"https:\/\/believebytuularossi.com\/fi\/tuote\/cristina-black-lammin-joustava-tikattu-takki-turkisreunuksella-musta\/#primaryimage"},"image":{"@id":"https:\/\/believebytuularossi.com\/fi\/tuote\/cristina-black-lammin-joustava-tikattu-takki-turkisreunuksella-musta\/#primaryimage"},"thumbnailUrl":"https:\/\/believebytuularossi.com\/wp-content\/uploads\/2021\/09\/P1110134-scaled.jpg","datePublished":"2021-09-21T09:47:58+00:00","dateModified":"2024-12-02T16:52:43+00:00","description":"Cristina Black -musta l\u00e4mmin joustava tikattu takki hupulla ja turkisreunuksella on ihana ja ainutlaatuinen vaihtoehto modernille naiselle","breadcrumb":{"@id":"https:\/\/believebytuularossi.com\/fi\/tuote\/cristina-black-lammin-joustava-tikattu-takki-turkisreunuksella-musta\/#breadcrumb"},"inLanguage":"fi","potentialAction":[{"@type":"ReadAction","target":["https:\/\/believebytuularossi.com\/fi\/tuote\/cristina-black-lammin-joustava-tikattu-takki-turkisreunuksella-musta\/"]}]},{"@type":"ImageObject","inLanguage":"fi","@id":"https:\/\/believebytuularossi.com\/fi\/tuote\/cristina-black-lammin-joustava-tikattu-takki-turkisreunuksella-musta\/#primaryimage","url":"https:\/\/believebytuularossi.com\/wp-content\/uploads\/2021\/09\/P1110134-scaled.jpg","contentUrl":"https:\/\/believebytuularossi.com\/wp-content\/uploads\/2021\/09\/P1110134-scaled.jpg","width":1615,"height":2560,"caption":"P1110134"},{"@type":"BreadcrumbList","@id":"https:\/\/believebytuularossi.com\/fi\/tuote\/cristina-black-lammin-joustava-tikattu-takki-turkisreunuksella-musta\/#breadcrumb","itemListElement":[{"@type":"ListItem","position":1,"name":"Home","item":"https:\/\/believebytuularossi.com\/fi\/"},{"@type":"ListItem","position":2,"name":"Shop","item":"https:\/\/believebytuularossi.com\/shop\/"},{"@type":"ListItem","position":3,"name":"Cristina Black -l\u00e4mmin joustava tikattu takki turkisreunuksella, musta"}]},{"@type":"WebSite","@id":"https:\/\/believebytuularossi.com\/fi\/#website","url":"https:\/\/believebytuularossi.com\/fi\/","name":"BELIEVE by tuula rossi","description":"A unique, luxurious, original outerwear collection created by passion and love for today\u2019s fashionable woman and her desire for timeless style.          Perfect fit for the modern, feminine woman of any age.","publisher":{"@id":"https:\/\/believebytuularossi.com\/fi\/#organization"},"potentialAction":[{"@type":"SearchAction","target":{"@type":"EntryPoint","urlTemplate":"https:\/\/believebytuularossi.com\/fi\/?s={search_term_string}"},"query-input":{"@type":"PropertyValueSpecification","valueRequired":true,"valueName":"search_term_string"}}],"inLanguage":"fi"},{"@type":"Organization","@id":"https:\/\/believebytuularossi.com\/fi\/#organization","name":"BELIEVE by tuula rossi","url":"https:\/\/believebytuularossi.com\/fi\/","logo":{"@type":"ImageObject","inLanguage":"fi","@id":"https:\/\/believebytuularossi.com\/fi\/#\/schema\/logo\/image\/","url":"https:\/\/believebytuularossi.com\/wp-content\/uploads\/2018\/08\/rossi-logo_new.png","contentUrl":"https:\/\/believebytuularossi.com\/wp-content\/uploads\/2018\/08\/rossi-logo_new.png","width":300,"height":143,"caption":"BELIEVE by tuula rossi"},"image":{"@id":"https:\/\/believebytuularossi.com\/fi\/#\/schema\/logo\/image\/"},"sameAs":["https:\/\/www.facebook.com\/believebytuularossi\/_gu3udgu0BZPTzcnU","https:\/\/www.instagram.com\/believebytuularossi\/","https:\/\/www.pinterest.com\/believebytuularossi\/"]}]}},"_links":{"self":[{"href":"https:\/\/believebytuularossi.com\/fi\/wp-json\/wp\/v2\/product\/15338","targetHints":{"allow":["GET"]}}],"collection":[{"href":"https:\/\/believebytuularossi.com\/fi\/wp-json\/wp\/v2\/product"}],"about":[{"href":"https:\/\/believebytuularossi.com\/fi\/wp-json\/wp\/v2\/types\/product"}],"wp:featuredmedia":[{"embeddable":true,"href":"https:\/\/believebytuularossi.com\/fi\/wp-json\/wp\/v2\/media\/14259"}],"wp:attachment":[{"href":"https:\/\/believebytuularossi.com\/fi\/wp-json\/wp\/v2\/media?parent=15338"}],"wp:term":[{"taxonomy":"product_brand","embeddable":true,"href":"https:\/\/believebytuularossi.com\/fi\/wp-json\/wp\/v2\/product_brand?post=15338"},{"taxonomy":"product_cat","embeddable":true,"href":"https:\/\/believebytuularossi.com\/fi\/wp-json\/wp\/v2\/product_cat?post=15338"},{"taxonomy":"product_tag","embeddable":true,"href":"https:\/\/believebytuularossi.com\/fi\/wp-json\/wp\/v2\/product_tag?post=15338"}],"curies":[{"name":"wp","href":"https:\/\/api.w.org\/{rel}","templated":true}]}}