{"id":15374,"date":"2021-08-30T11:39:33","date_gmt":"2021-08-30T09:39:33","guid":{"rendered":"https:\/\/believebytuularossi.com\/product\/carola-tikattu-pitka-liivi-vetoketjusivuhalkioilla-musta\/"},"modified":"2025-11-05T17:39:48","modified_gmt":"2025-11-05T16:39:48","slug":"carola-tikattu-pitka-liivi-vetoketjusivuhalkioilla-musta","status":"publish","type":"product","link":"https:\/\/believebytuularossi.com\/fi\/tuote\/carola-tikattu-pitka-liivi-vetoketjusivuhalkioilla-musta\/","title":{"rendered":"Carola -tikattu pitk\u00e4 liivi vetoketjusivuhalkioilla, musta"},"content":{"rendered":"","protected":false},"excerpt":{"rendered":"<p>Carola -liivi on tyylik\u00e4s ulkovaate syksyn alkuun. Voit k\u00e4ytt\u00e4\u00e4 sit\u00e4 ohuen takin tai villapaidan p\u00e4\u00e4ll\u00e4. Carolalla on upea ja muodikas ulkon\u00e4k\u00f6. T\u00e4m\u00e4 trendik\u00e4s liivi on valmistettu modernista ja katseen vangitsevasta pallokuisilla tikatusta takkimateriaalista. T\u00e4m\u00e4 pitk\u00e4, pohkeen ulottuva liivi n\u00e4ytt\u00e4\u00e4 urbaaniselta ja tyylikk\u00e4\u00e4lt\u00e4 jokaisen naisen p\u00e4\u00e4ll\u00e4. Upea Carola -liivi tuo ylellisyytt\u00e4 jokap\u00e4iv\u00e4iseen el\u00e4m\u00e4\u00e4si. Piilovetoketjut sivusaumoissa avautuvat hienostuneisiin halkioihin. Liivissa on ylelliset kaksisuuntaiset hopeanv\u00e4riset vetoketjut taskuissa ja edess\u00e4.<\/p>\n<p>Carola -liiviss\u00e4 on upea naisellinen istuvuus ja se on suunniteltu istumaan t\u00e4ydellisesti kaiken kokoisten naisten p\u00e4\u00e4ll\u00e4!<\/p>\n<p>https:\/\/believebytuularossi.com\/wp-admin\/post.php?post=15374&amp;action=edit&amp;lang=fi&amp;admin_bar=1#general_product_dataCarola p\u00e4\u00e4ll\u00e4 n\u00e4yt\u00e4t niin hyv\u00e4lt\u00e4 ulkoa, ett\u00e4 t\u00e4m\u00e4 saa sinut loistamaan ja tuntemaan olosi hyv\u00e4ksi sis\u00e4lt\u00e4! T\u00e4m\u00e4 on aito mielihyv\u00e4liivisi!<\/p>\n<p>Musta turkishuppu on upea asuste ja yksityiskohta t\u00e4ydent\u00e4m\u00e4\u00e4n lookiasi!<\/p>\n","protected":false},"featured_media":14233,"template":"","meta":{"_acf_changed":false},"product_brand":[],"product_cat":[130],"product_tag":[],"class_list":{"0":"post-15374","1":"product","2":"type-product","3":"status-publish","4":"has-post-thumbnail","6":"product_cat-syksytakit-talvitakit","7":"pa_ewd_uwcf_colors-black","8":"pa_size-34-fi","9":"pa_size-36-fi","10":"pa_size-38-fi","11":"pa_size-40-fi","12":"pa_size-42-fi","13":"pa_size-44-fi","14":"pa_size-46-fi","15":"pa_size-48-fi","16":"pa_size-50-fi","17":"pa_size-52-fi","18":"pa_size-54-fi","19":"product_color-black-fi","21":"first","22":"instock","23":"taxable","24":"shipping-taxable","25":"purchasable","26":"product-type-variable"},"acf":[],"yoast_head":"<!-- This site is optimized with the Yoast SEO plugin v27.4 - https:\/\/yoast.com\/product\/yoast-seo-wordpress\/ -->\n<title>Carola -tikattu pitk\u00e4 liivi vetoketjusivuhalkioilla, musta &#8211; BELIEVE by tuula rossi<\/title>\n<meta name=\"description\" content=\"Carola -musta pallokuosilla tikattu pitk\u00e4 liivi vetoketjusivuhalkioilla on terndik\u00e4s ja samalla ajaton ulkovaate syksyyn ja kev\u00e4\u00e4seen\" \/>\n<meta name=\"robots\" content=\"index, follow, max-snippet:-1, max-image-preview:large, max-video-preview:-1\" \/>\n<link rel=\"canonical\" href=\"https:\/\/believebytuularossi.com\/fi\/tuote\/carola-tikattu-pitka-liivi-vetoketjusivuhalkioilla-musta\/\" \/>\n<meta property=\"og:locale\" content=\"fi_FI\" \/>\n<meta property=\"og:type\" content=\"article\" \/>\n<meta property=\"og:title\" content=\"Carola -tikattu pitk\u00e4 liivi vetoketjusivuhalkioilla, musta &#8211; BELIEVE by tuula rossi\" \/>\n<meta property=\"og:description\" content=\"Carola -musta pallokuosilla tikattu pitk\u00e4 liivi vetoketjusivuhalkioilla on terndik\u00e4s ja samalla ajaton ulkovaate syksyyn ja kev\u00e4\u00e4seen\" \/>\n<meta property=\"og:url\" content=\"https:\/\/believebytuularossi.com\/fi\/tuote\/carola-tikattu-pitka-liivi-vetoketjusivuhalkioilla-musta\/\" \/>\n<meta property=\"og:site_name\" content=\"BELIEVE by tuula rossi\" \/>\n<meta property=\"article:publisher\" content=\"https:\/\/www.facebook.com\/believebytuularossi\/_gu3udgu0BZPTzcnU\" \/>\n<meta property=\"article:modified_time\" content=\"2025-11-05T16:39:48+00:00\" \/>\n<meta property=\"og:image\" content=\"https:\/\/believebytuularossi.com\/wp-content\/uploads\/2021\/08\/Carola-Vest-Black-scaled.jpg\" \/>\n\t<meta property=\"og:image:width\" content=\"1791\" \/>\n\t<meta property=\"og:image:height\" content=\"2560\" \/>\n\t<meta property=\"og:image:type\" content=\"image\/jpeg\" \/>\n<meta name=\"twitter:card\" content=\"summary_large_image\" \/>\n<meta name=\"twitter:label1\" content=\"Arvioitu lukuaika\" \/>\n\t<meta name=\"twitter:data1\" content=\"1 minuutti\" \/>\n<script type=\"application\/ld+json\" class=\"yoast-schema-graph\">{\"@context\":\"https:\\\/\\\/schema.org\",\"@graph\":[{\"@type\":\"WebPage\",\"@id\":\"https:\\\/\\\/believebytuularossi.com\\\/fi\\\/tuote\\\/carola-tikattu-pitka-liivi-vetoketjusivuhalkioilla-musta\\\/\",\"url\":\"https:\\\/\\\/believebytuularossi.com\\\/fi\\\/tuote\\\/carola-tikattu-pitka-liivi-vetoketjusivuhalkioilla-musta\\\/\",\"name\":\"Carola -tikattu pitk\u00e4 liivi vetoketjusivuhalkioilla, musta &#8211; BELIEVE by tuula rossi\",\"isPartOf\":{\"@id\":\"https:\\\/\\\/believebytuularossi.com\\\/fi\\\/#website\"},\"primaryImageOfPage\":{\"@id\":\"https:\\\/\\\/believebytuularossi.com\\\/fi\\\/tuote\\\/carola-tikattu-pitka-liivi-vetoketjusivuhalkioilla-musta\\\/#primaryimage\"},\"image\":{\"@id\":\"https:\\\/\\\/believebytuularossi.com\\\/fi\\\/tuote\\\/carola-tikattu-pitka-liivi-vetoketjusivuhalkioilla-musta\\\/#primaryimage\"},\"thumbnailUrl\":\"https:\\\/\\\/believebytuularossi.com\\\/wp-content\\\/uploads\\\/2021\\\/08\\\/Carola-Vest-Black-scaled.jpg\",\"datePublished\":\"2021-08-30T09:39:33+00:00\",\"dateModified\":\"2025-11-05T16:39:48+00:00\",\"description\":\"Carola -musta pallokuosilla tikattu pitk\u00e4 liivi vetoketjusivuhalkioilla on terndik\u00e4s ja samalla ajaton ulkovaate syksyyn ja kev\u00e4\u00e4seen\",\"breadcrumb\":{\"@id\":\"https:\\\/\\\/believebytuularossi.com\\\/fi\\\/tuote\\\/carola-tikattu-pitka-liivi-vetoketjusivuhalkioilla-musta\\\/#breadcrumb\"},\"inLanguage\":\"fi\",\"potentialAction\":[{\"@type\":\"ReadAction\",\"target\":[\"https:\\\/\\\/believebytuularossi.com\\\/fi\\\/tuote\\\/carola-tikattu-pitka-liivi-vetoketjusivuhalkioilla-musta\\\/\"]}]},{\"@type\":\"ImageObject\",\"inLanguage\":\"fi\",\"@id\":\"https:\\\/\\\/believebytuularossi.com\\\/fi\\\/tuote\\\/carola-tikattu-pitka-liivi-vetoketjusivuhalkioilla-musta\\\/#primaryimage\",\"url\":\"https:\\\/\\\/believebytuularossi.com\\\/wp-content\\\/uploads\\\/2021\\\/08\\\/Carola-Vest-Black-scaled.jpg\",\"contentUrl\":\"https:\\\/\\\/believebytuularossi.com\\\/wp-content\\\/uploads\\\/2021\\\/08\\\/Carola-Vest-Black-scaled.jpg\",\"width\":1791,\"height\":2560,\"caption\":\"Carola Vest Black\"},{\"@type\":\"BreadcrumbList\",\"@id\":\"https:\\\/\\\/believebytuularossi.com\\\/fi\\\/tuote\\\/carola-tikattu-pitka-liivi-vetoketjusivuhalkioilla-musta\\\/#breadcrumb\",\"itemListElement\":[{\"@type\":\"ListItem\",\"position\":1,\"name\":\"Home\",\"item\":\"https:\\\/\\\/believebytuularossi.com\\\/fi\\\/\"},{\"@type\":\"ListItem\",\"position\":2,\"name\":\"Shop\",\"item\":\"https:\\\/\\\/believebytuularossi.com\\\/shop\\\/\"},{\"@type\":\"ListItem\",\"position\":3,\"name\":\"Carola -tikattu pitk\u00e4 liivi vetoketjusivuhalkioilla, musta\"}]},{\"@type\":\"WebSite\",\"@id\":\"https:\\\/\\\/believebytuularossi.com\\\/fi\\\/#website\",\"url\":\"https:\\\/\\\/believebytuularossi.com\\\/fi\\\/\",\"name\":\"BELIEVE by tuula rossi\",\"description\":\"A unique, luxurious, original outerwear collection created by passion and love for today\u2019s fashionable woman and her desire for timeless style.          Perfect fit for the modern, feminine woman of any age.\",\"publisher\":{\"@id\":\"https:\\\/\\\/believebytuularossi.com\\\/fi\\\/#organization\"},\"potentialAction\":[{\"@type\":\"SearchAction\",\"target\":{\"@type\":\"EntryPoint\",\"urlTemplate\":\"https:\\\/\\\/believebytuularossi.com\\\/fi\\\/?s={search_term_string}\"},\"query-input\":{\"@type\":\"PropertyValueSpecification\",\"valueRequired\":true,\"valueName\":\"search_term_string\"}}],\"inLanguage\":\"fi\"},{\"@type\":\"Organization\",\"@id\":\"https:\\\/\\\/believebytuularossi.com\\\/fi\\\/#organization\",\"name\":\"BELIEVE by tuula rossi\",\"url\":\"https:\\\/\\\/believebytuularossi.com\\\/fi\\\/\",\"logo\":{\"@type\":\"ImageObject\",\"inLanguage\":\"fi\",\"@id\":\"https:\\\/\\\/believebytuularossi.com\\\/fi\\\/#\\\/schema\\\/logo\\\/image\\\/\",\"url\":\"https:\\\/\\\/believebytuularossi.com\\\/wp-content\\\/uploads\\\/2018\\\/08\\\/rossi-logo_new.png\",\"contentUrl\":\"https:\\\/\\\/believebytuularossi.com\\\/wp-content\\\/uploads\\\/2018\\\/08\\\/rossi-logo_new.png\",\"width\":300,\"height\":143,\"caption\":\"BELIEVE by tuula rossi\"},\"image\":{\"@id\":\"https:\\\/\\\/believebytuularossi.com\\\/fi\\\/#\\\/schema\\\/logo\\\/image\\\/\"},\"sameAs\":[\"https:\\\/\\\/www.facebook.com\\\/believebytuularossi\\\/_gu3udgu0BZPTzcnU\",\"https:\\\/\\\/www.instagram.com\\\/believebytuularossi\\\/\",\"https:\\\/\\\/www.pinterest.com\\\/believebytuularossi\\\/\"]}]}<\/script>\n<!-- \/ Yoast SEO plugin. -->","yoast_head_json":{"title":"Carola -tikattu pitk\u00e4 liivi vetoketjusivuhalkioilla, musta &#8211; BELIEVE by tuula rossi","description":"Carola -musta pallokuosilla tikattu pitk\u00e4 liivi vetoketjusivuhalkioilla on terndik\u00e4s ja samalla ajaton ulkovaate syksyyn ja kev\u00e4\u00e4seen","robots":{"index":"index","follow":"follow","max-snippet":"max-snippet:-1","max-image-preview":"max-image-preview:large","max-video-preview":"max-video-preview:-1"},"canonical":"https:\/\/believebytuularossi.com\/fi\/tuote\/carola-tikattu-pitka-liivi-vetoketjusivuhalkioilla-musta\/","og_locale":"fi_FI","og_type":"article","og_title":"Carola -tikattu pitk\u00e4 liivi vetoketjusivuhalkioilla, musta &#8211; BELIEVE by tuula rossi","og_description":"Carola -musta pallokuosilla tikattu pitk\u00e4 liivi vetoketjusivuhalkioilla on terndik\u00e4s ja samalla ajaton ulkovaate syksyyn ja kev\u00e4\u00e4seen","og_url":"https:\/\/believebytuularossi.com\/fi\/tuote\/carola-tikattu-pitka-liivi-vetoketjusivuhalkioilla-musta\/","og_site_name":"BELIEVE by tuula rossi","article_publisher":"https:\/\/www.facebook.com\/believebytuularossi\/_gu3udgu0BZPTzcnU","article_modified_time":"2025-11-05T16:39:48+00:00","og_image":[{"width":1791,"height":2560,"url":"https:\/\/believebytuularossi.com\/wp-content\/uploads\/2021\/08\/Carola-Vest-Black-scaled.jpg","type":"image\/jpeg"}],"twitter_card":"summary_large_image","twitter_misc":{"Arvioitu lukuaika":"1 minuutti"},"schema":{"@context":"https:\/\/schema.org","@graph":[{"@type":"WebPage","@id":"https:\/\/believebytuularossi.com\/fi\/tuote\/carola-tikattu-pitka-liivi-vetoketjusivuhalkioilla-musta\/","url":"https:\/\/believebytuularossi.com\/fi\/tuote\/carola-tikattu-pitka-liivi-vetoketjusivuhalkioilla-musta\/","name":"Carola -tikattu pitk\u00e4 liivi vetoketjusivuhalkioilla, musta &#8211; BELIEVE by tuula rossi","isPartOf":{"@id":"https:\/\/believebytuularossi.com\/fi\/#website"},"primaryImageOfPage":{"@id":"https:\/\/believebytuularossi.com\/fi\/tuote\/carola-tikattu-pitka-liivi-vetoketjusivuhalkioilla-musta\/#primaryimage"},"image":{"@id":"https:\/\/believebytuularossi.com\/fi\/tuote\/carola-tikattu-pitka-liivi-vetoketjusivuhalkioilla-musta\/#primaryimage"},"thumbnailUrl":"https:\/\/believebytuularossi.com\/wp-content\/uploads\/2021\/08\/Carola-Vest-Black-scaled.jpg","datePublished":"2021-08-30T09:39:33+00:00","dateModified":"2025-11-05T16:39:48+00:00","description":"Carola -musta pallokuosilla tikattu pitk\u00e4 liivi vetoketjusivuhalkioilla on terndik\u00e4s ja samalla ajaton ulkovaate syksyyn ja kev\u00e4\u00e4seen","breadcrumb":{"@id":"https:\/\/believebytuularossi.com\/fi\/tuote\/carola-tikattu-pitka-liivi-vetoketjusivuhalkioilla-musta\/#breadcrumb"},"inLanguage":"fi","potentialAction":[{"@type":"ReadAction","target":["https:\/\/believebytuularossi.com\/fi\/tuote\/carola-tikattu-pitka-liivi-vetoketjusivuhalkioilla-musta\/"]}]},{"@type":"ImageObject","inLanguage":"fi","@id":"https:\/\/believebytuularossi.com\/fi\/tuote\/carola-tikattu-pitka-liivi-vetoketjusivuhalkioilla-musta\/#primaryimage","url":"https:\/\/believebytuularossi.com\/wp-content\/uploads\/2021\/08\/Carola-Vest-Black-scaled.jpg","contentUrl":"https:\/\/believebytuularossi.com\/wp-content\/uploads\/2021\/08\/Carola-Vest-Black-scaled.jpg","width":1791,"height":2560,"caption":"Carola Vest Black"},{"@type":"BreadcrumbList","@id":"https:\/\/believebytuularossi.com\/fi\/tuote\/carola-tikattu-pitka-liivi-vetoketjusivuhalkioilla-musta\/#breadcrumb","itemListElement":[{"@type":"ListItem","position":1,"name":"Home","item":"https:\/\/believebytuularossi.com\/fi\/"},{"@type":"ListItem","position":2,"name":"Shop","item":"https:\/\/believebytuularossi.com\/shop\/"},{"@type":"ListItem","position":3,"name":"Carola -tikattu pitk\u00e4 liivi vetoketjusivuhalkioilla, musta"}]},{"@type":"WebSite","@id":"https:\/\/believebytuularossi.com\/fi\/#website","url":"https:\/\/believebytuularossi.com\/fi\/","name":"BELIEVE by tuula rossi","description":"A unique, luxurious, original outerwear collection created by passion and love for today\u2019s fashionable woman and her desire for timeless style.          Perfect fit for the modern, feminine woman of any age.","publisher":{"@id":"https:\/\/believebytuularossi.com\/fi\/#organization"},"potentialAction":[{"@type":"SearchAction","target":{"@type":"EntryPoint","urlTemplate":"https:\/\/believebytuularossi.com\/fi\/?s={search_term_string}"},"query-input":{"@type":"PropertyValueSpecification","valueRequired":true,"valueName":"search_term_string"}}],"inLanguage":"fi"},{"@type":"Organization","@id":"https:\/\/believebytuularossi.com\/fi\/#organization","name":"BELIEVE by tuula rossi","url":"https:\/\/believebytuularossi.com\/fi\/","logo":{"@type":"ImageObject","inLanguage":"fi","@id":"https:\/\/believebytuularossi.com\/fi\/#\/schema\/logo\/image\/","url":"https:\/\/believebytuularossi.com\/wp-content\/uploads\/2018\/08\/rossi-logo_new.png","contentUrl":"https:\/\/believebytuularossi.com\/wp-content\/uploads\/2018\/08\/rossi-logo_new.png","width":300,"height":143,"caption":"BELIEVE by tuula rossi"},"image":{"@id":"https:\/\/believebytuularossi.com\/fi\/#\/schema\/logo\/image\/"},"sameAs":["https:\/\/www.facebook.com\/believebytuularossi\/_gu3udgu0BZPTzcnU","https:\/\/www.instagram.com\/believebytuularossi\/","https:\/\/www.pinterest.com\/believebytuularossi\/"]}]}},"_links":{"self":[{"href":"https:\/\/believebytuularossi.com\/fi\/wp-json\/wp\/v2\/product\/15374","targetHints":{"allow":["GET"]}}],"collection":[{"href":"https:\/\/believebytuularossi.com\/fi\/wp-json\/wp\/v2\/product"}],"about":[{"href":"https:\/\/believebytuularossi.com\/fi\/wp-json\/wp\/v2\/types\/product"}],"wp:featuredmedia":[{"embeddable":true,"href":"https:\/\/believebytuularossi.com\/fi\/wp-json\/wp\/v2\/media\/14233"}],"wp:attachment":[{"href":"https:\/\/believebytuularossi.com\/fi\/wp-json\/wp\/v2\/media?parent=15374"}],"wp:term":[{"taxonomy":"product_brand","embeddable":true,"href":"https:\/\/believebytuularossi.com\/fi\/wp-json\/wp\/v2\/product_brand?post=15374"},{"taxonomy":"product_cat","embeddable":true,"href":"https:\/\/believebytuularossi.com\/fi\/wp-json\/wp\/v2\/product_cat?post=15374"},{"taxonomy":"product_tag","embeddable":true,"href":"https:\/\/believebytuularossi.com\/fi\/wp-json\/wp\/v2\/product_tag?post=15374"}],"curies":[{"name":"wp","href":"https:\/\/api.w.org\/{rel}","templated":true}]}}