{"id":15386,"date":"2021-08-30T11:12:28","date_gmt":"2021-08-30T09:12:28","guid":{"rendered":"https:\/\/believebytuularossi.com\/product\/teresa-black-white-kevyt-tikattu-takki-vetoketjusivuhalkioilla-mustavalkoinen\/"},"modified":"2024-12-18T09:52:42","modified_gmt":"2024-12-18T08:52:42","slug":"teresa-black-white-kevyt-tikattu-takki-vetoketjusivuhalkioilla-mustavalkoinen","status":"publish","type":"product","link":"https:\/\/believebytuularossi.com\/fi\/tuote\/teresa-black-white-kevyt-tikattu-takki-vetoketjusivuhalkioilla-mustavalkoinen\/","title":{"rendered":"Teresa Black &#038; White -kevyt tikattu takki vetoketjusivuhalkioilla, mustavalkoinen"},"content":{"rendered":"","protected":false},"excerpt":{"rendered":"<p>Teresa -takki on upea ja muodikas ulkovaate.\u00a0T\u00e4m\u00e4 takki on valmistettu eritt\u00e4in kevyest\u00e4, laadukkaasta Forest Print -mustavalkoisella mets\u00e4kuvioilla printatusta kankaasta. Katseen vangitseva ylellinen Baby Stripe -raitakuosilla tikattu materiaali on eritt\u00e4in mukava p\u00e4\u00e4ll\u00e4 ja hengitt\u00e4\u00e4 hyvin. T\u00e4m\u00e4 ajaton takki sopii kaikille, jotka rakastavat ajatonta ja tyylik\u00e4st\u00e4 mustavalkoista v\u00e4riyhdistelm\u00e4\u00e4!<span class=\"Apple-converted-space\">\u00a0<\/span>T\u00e4m\u00e4 hieno pohkeeseen ulottuva takki on t\u00e4ydellinen valinta arkeen. Teresa -takki tuo ylellisyytt\u00e4 jokap\u00e4iv\u00e4iseen el\u00e4m\u00e4\u00e4si. Tyylikk\u00e4\u00e4t vetoketjut helmassa avautuvat sivuhalkioihin ja luovat trendikk\u00e4\u00e4n &#8220;cardigan&#8221;-lookin. Hyvin istuva huppu on irrotettava tyylikk\u00e4\u00e4ll\u00e4 kaksisuuntaisella vetoketjulla. Teresa n\u00e4ytt\u00e4\u00e4 upealta sek\u00e4 hupun kanssa ett\u00e4 ilman huppua. T\u00e4m\u00e4 naisellinen mustavalkoinen takki on suunniteltu istumaan t\u00e4ydellisesti kaiken kokoisten ja pituisten naisten p\u00e4\u00e4ll\u00e4.<br \/>\nTeresa -takissa on upea naisellinen istuvuus t\u00e4ydellisen leikkauksen ansiosta Teresassa voit tuntea olosi mukavaksi ja itsevarmaksi ja n\u00e4ytt\u00e4\u00e4 hyv\u00e4lt\u00e4 koostasi tai vartalotyypist\u00e4si riippumatta!<\/p>\n<p>Teresa p\u00e4\u00e4ll\u00e4 n\u00e4yt\u00e4t niin hyv\u00e4lt\u00e4 ulkoa, ett\u00e4 se saa sinut loistamaan ja tuntemaan olosi hyv\u00e4ksi sis\u00e4lt\u00e4! T\u00e4m\u00e4 on aito mielihyv\u00e4takkisi!<\/p>\n<p>Musta turkishuppu on upea asuste ja yksityiskohta t\u00e4ydent\u00e4m\u00e4\u00e4n ylellist\u00e4 lookiasi!<\/p>\n","protected":false},"featured_media":14234,"template":"","meta":{"_acf_changed":false},"product_brand":[],"product_cat":[131],"product_tag":[],"class_list":{"0":"post-15386","1":"product","2":"type-product","3":"status-publish","4":"has-post-thumbnail","6":"product_cat-kevattakit-kesatakit-valisesonkitakit","7":"pa_ewd_uwcf_colors-musta","8":"pa_ewd_uwcf_colors-white-fi","9":"pa_size-34-fi","10":"pa_size-36-fi","11":"pa_size-38-fi","12":"pa_size-40-fi","13":"pa_size-42-fi","14":"pa_size-44-fi","15":"pa_size-46-fi","16":"pa_size-48-fi","17":"pa_size-50-fi","18":"pa_size-52-fi","19":"pa_size-54-fi","20":"product_color-black-fi","21":"product_color-white-fi","23":"first","24":"instock","25":"taxable","26":"shipping-taxable","27":"purchasable","28":"product-type-variable"},"acf":[],"yoast_head":"<!-- This site is optimized with the Yoast SEO plugin v27.4 - https:\/\/yoast.com\/product\/yoast-seo-wordpress\/ -->\n<title>Teresa Black &amp; White -kevyt tikattu takki vetoketjusivuhalkioilla, mustavalkoinen &#8211; BELIEVE by tuula rossi<\/title>\n<meta name=\"description\" content=\"Teresa Black &amp; White -mustavalkoinen kevyt mets\u00e4kuviolla printattu tikkitakki vetoketjusivuhalkioilla ja irrotettavalla hupulla\" \/>\n<meta name=\"robots\" content=\"index, follow, max-snippet:-1, max-image-preview:large, max-video-preview:-1\" \/>\n<link rel=\"canonical\" href=\"https:\/\/believebytuularossi.com\/fi\/tuote\/teresa-black-white-kevyt-tikattu-takki-vetoketjusivuhalkioilla-mustavalkoinen\/\" \/>\n<meta property=\"og:locale\" content=\"fi_FI\" \/>\n<meta property=\"og:type\" content=\"article\" \/>\n<meta property=\"og:title\" content=\"Teresa Black &amp; White -kevyt tikattu takki vetoketjusivuhalkioilla, mustavalkoinen &#8211; BELIEVE by tuula rossi\" \/>\n<meta property=\"og:description\" content=\"Teresa Black &amp; White -mustavalkoinen kevyt mets\u00e4kuviolla printattu tikkitakki vetoketjusivuhalkioilla ja irrotettavalla hupulla\" \/>\n<meta property=\"og:url\" content=\"https:\/\/believebytuularossi.com\/fi\/tuote\/teresa-black-white-kevyt-tikattu-takki-vetoketjusivuhalkioilla-mustavalkoinen\/\" \/>\n<meta property=\"og:site_name\" content=\"BELIEVE by tuula rossi\" \/>\n<meta property=\"article:publisher\" content=\"https:\/\/www.facebook.com\/believebytuularossi\/_gu3udgu0BZPTzcnU\" \/>\n<meta property=\"article:modified_time\" content=\"2024-12-18T08:52:42+00:00\" \/>\n<meta property=\"og:image\" content=\"https:\/\/believebytuularossi.com\/wp-content\/uploads\/2021\/08\/P1120241-scaled.jpg\" \/>\n\t<meta property=\"og:image:width\" content=\"1752\" \/>\n\t<meta property=\"og:image:height\" content=\"2560\" \/>\n\t<meta property=\"og:image:type\" content=\"image\/jpeg\" \/>\n<meta name=\"twitter:card\" content=\"summary_large_image\" \/>\n<meta name=\"twitter:label1\" content=\"Arvioitu lukuaika\" \/>\n\t<meta name=\"twitter:data1\" content=\"1 minuutti\" \/>\n<script type=\"application\/ld+json\" class=\"yoast-schema-graph\">{\"@context\":\"https:\\\/\\\/schema.org\",\"@graph\":[{\"@type\":\"WebPage\",\"@id\":\"https:\\\/\\\/believebytuularossi.com\\\/fi\\\/tuote\\\/teresa-black-white-kevyt-tikattu-takki-vetoketjusivuhalkioilla-mustavalkoinen\\\/\",\"url\":\"https:\\\/\\\/believebytuularossi.com\\\/fi\\\/tuote\\\/teresa-black-white-kevyt-tikattu-takki-vetoketjusivuhalkioilla-mustavalkoinen\\\/\",\"name\":\"Teresa Black & White -kevyt tikattu takki vetoketjusivuhalkioilla, mustavalkoinen &#8211; BELIEVE by tuula rossi\",\"isPartOf\":{\"@id\":\"https:\\\/\\\/believebytuularossi.com\\\/fi\\\/#website\"},\"primaryImageOfPage\":{\"@id\":\"https:\\\/\\\/believebytuularossi.com\\\/fi\\\/tuote\\\/teresa-black-white-kevyt-tikattu-takki-vetoketjusivuhalkioilla-mustavalkoinen\\\/#primaryimage\"},\"image\":{\"@id\":\"https:\\\/\\\/believebytuularossi.com\\\/fi\\\/tuote\\\/teresa-black-white-kevyt-tikattu-takki-vetoketjusivuhalkioilla-mustavalkoinen\\\/#primaryimage\"},\"thumbnailUrl\":\"https:\\\/\\\/believebytuularossi.com\\\/wp-content\\\/uploads\\\/2021\\\/08\\\/P1120241-scaled.jpg\",\"datePublished\":\"2021-08-30T09:12:28+00:00\",\"dateModified\":\"2024-12-18T08:52:42+00:00\",\"description\":\"Teresa Black & White -mustavalkoinen kevyt mets\u00e4kuviolla printattu tikkitakki vetoketjusivuhalkioilla ja irrotettavalla hupulla\",\"breadcrumb\":{\"@id\":\"https:\\\/\\\/believebytuularossi.com\\\/fi\\\/tuote\\\/teresa-black-white-kevyt-tikattu-takki-vetoketjusivuhalkioilla-mustavalkoinen\\\/#breadcrumb\"},\"inLanguage\":\"fi\",\"potentialAction\":[{\"@type\":\"ReadAction\",\"target\":[\"https:\\\/\\\/believebytuularossi.com\\\/fi\\\/tuote\\\/teresa-black-white-kevyt-tikattu-takki-vetoketjusivuhalkioilla-mustavalkoinen\\\/\"]}]},{\"@type\":\"ImageObject\",\"inLanguage\":\"fi\",\"@id\":\"https:\\\/\\\/believebytuularossi.com\\\/fi\\\/tuote\\\/teresa-black-white-kevyt-tikattu-takki-vetoketjusivuhalkioilla-mustavalkoinen\\\/#primaryimage\",\"url\":\"https:\\\/\\\/believebytuularossi.com\\\/wp-content\\\/uploads\\\/2021\\\/08\\\/P1120241-scaled.jpg\",\"contentUrl\":\"https:\\\/\\\/believebytuularossi.com\\\/wp-content\\\/uploads\\\/2021\\\/08\\\/P1120241-scaled.jpg\",\"width\":1752,\"height\":2560,\"caption\":\"P1120241\"},{\"@type\":\"BreadcrumbList\",\"@id\":\"https:\\\/\\\/believebytuularossi.com\\\/fi\\\/tuote\\\/teresa-black-white-kevyt-tikattu-takki-vetoketjusivuhalkioilla-mustavalkoinen\\\/#breadcrumb\",\"itemListElement\":[{\"@type\":\"ListItem\",\"position\":1,\"name\":\"Home\",\"item\":\"https:\\\/\\\/believebytuularossi.com\\\/fi\\\/\"},{\"@type\":\"ListItem\",\"position\":2,\"name\":\"Shop\",\"item\":\"https:\\\/\\\/believebytuularossi.com\\\/shop\\\/\"},{\"@type\":\"ListItem\",\"position\":3,\"name\":\"Teresa Black &#038; White -kevyt tikattu takki vetoketjusivuhalkioilla, mustavalkoinen\"}]},{\"@type\":\"WebSite\",\"@id\":\"https:\\\/\\\/believebytuularossi.com\\\/fi\\\/#website\",\"url\":\"https:\\\/\\\/believebytuularossi.com\\\/fi\\\/\",\"name\":\"BELIEVE by tuula rossi\",\"description\":\"A unique, luxurious, original outerwear collection created by passion and love for today\u2019s fashionable woman and her desire for timeless style.          Perfect fit for the modern, feminine woman of any age.\",\"publisher\":{\"@id\":\"https:\\\/\\\/believebytuularossi.com\\\/fi\\\/#organization\"},\"potentialAction\":[{\"@type\":\"SearchAction\",\"target\":{\"@type\":\"EntryPoint\",\"urlTemplate\":\"https:\\\/\\\/believebytuularossi.com\\\/fi\\\/?s={search_term_string}\"},\"query-input\":{\"@type\":\"PropertyValueSpecification\",\"valueRequired\":true,\"valueName\":\"search_term_string\"}}],\"inLanguage\":\"fi\"},{\"@type\":\"Organization\",\"@id\":\"https:\\\/\\\/believebytuularossi.com\\\/fi\\\/#organization\",\"name\":\"BELIEVE by tuula rossi\",\"url\":\"https:\\\/\\\/believebytuularossi.com\\\/fi\\\/\",\"logo\":{\"@type\":\"ImageObject\",\"inLanguage\":\"fi\",\"@id\":\"https:\\\/\\\/believebytuularossi.com\\\/fi\\\/#\\\/schema\\\/logo\\\/image\\\/\",\"url\":\"https:\\\/\\\/believebytuularossi.com\\\/wp-content\\\/uploads\\\/2018\\\/08\\\/rossi-logo_new.png\",\"contentUrl\":\"https:\\\/\\\/believebytuularossi.com\\\/wp-content\\\/uploads\\\/2018\\\/08\\\/rossi-logo_new.png\",\"width\":300,\"height\":143,\"caption\":\"BELIEVE by tuula rossi\"},\"image\":{\"@id\":\"https:\\\/\\\/believebytuularossi.com\\\/fi\\\/#\\\/schema\\\/logo\\\/image\\\/\"},\"sameAs\":[\"https:\\\/\\\/www.facebook.com\\\/believebytuularossi\\\/_gu3udgu0BZPTzcnU\",\"https:\\\/\\\/www.instagram.com\\\/believebytuularossi\\\/\",\"https:\\\/\\\/www.pinterest.com\\\/believebytuularossi\\\/\"]}]}<\/script>\n<!-- \/ Yoast SEO plugin. -->","yoast_head_json":{"title":"Teresa Black & White -kevyt tikattu takki vetoketjusivuhalkioilla, mustavalkoinen &#8211; BELIEVE by tuula rossi","description":"Teresa Black & White -mustavalkoinen kevyt mets\u00e4kuviolla printattu tikkitakki vetoketjusivuhalkioilla ja irrotettavalla hupulla","robots":{"index":"index","follow":"follow","max-snippet":"max-snippet:-1","max-image-preview":"max-image-preview:large","max-video-preview":"max-video-preview:-1"},"canonical":"https:\/\/believebytuularossi.com\/fi\/tuote\/teresa-black-white-kevyt-tikattu-takki-vetoketjusivuhalkioilla-mustavalkoinen\/","og_locale":"fi_FI","og_type":"article","og_title":"Teresa Black & White -kevyt tikattu takki vetoketjusivuhalkioilla, mustavalkoinen &#8211; BELIEVE by tuula rossi","og_description":"Teresa Black & White -mustavalkoinen kevyt mets\u00e4kuviolla printattu tikkitakki vetoketjusivuhalkioilla ja irrotettavalla hupulla","og_url":"https:\/\/believebytuularossi.com\/fi\/tuote\/teresa-black-white-kevyt-tikattu-takki-vetoketjusivuhalkioilla-mustavalkoinen\/","og_site_name":"BELIEVE by tuula rossi","article_publisher":"https:\/\/www.facebook.com\/believebytuularossi\/_gu3udgu0BZPTzcnU","article_modified_time":"2024-12-18T08:52:42+00:00","og_image":[{"width":1752,"height":2560,"url":"https:\/\/believebytuularossi.com\/wp-content\/uploads\/2021\/08\/P1120241-scaled.jpg","type":"image\/jpeg"}],"twitter_card":"summary_large_image","twitter_misc":{"Arvioitu lukuaika":"1 minuutti"},"schema":{"@context":"https:\/\/schema.org","@graph":[{"@type":"WebPage","@id":"https:\/\/believebytuularossi.com\/fi\/tuote\/teresa-black-white-kevyt-tikattu-takki-vetoketjusivuhalkioilla-mustavalkoinen\/","url":"https:\/\/believebytuularossi.com\/fi\/tuote\/teresa-black-white-kevyt-tikattu-takki-vetoketjusivuhalkioilla-mustavalkoinen\/","name":"Teresa Black & White -kevyt tikattu takki vetoketjusivuhalkioilla, mustavalkoinen &#8211; BELIEVE by tuula rossi","isPartOf":{"@id":"https:\/\/believebytuularossi.com\/fi\/#website"},"primaryImageOfPage":{"@id":"https:\/\/believebytuularossi.com\/fi\/tuote\/teresa-black-white-kevyt-tikattu-takki-vetoketjusivuhalkioilla-mustavalkoinen\/#primaryimage"},"image":{"@id":"https:\/\/believebytuularossi.com\/fi\/tuote\/teresa-black-white-kevyt-tikattu-takki-vetoketjusivuhalkioilla-mustavalkoinen\/#primaryimage"},"thumbnailUrl":"https:\/\/believebytuularossi.com\/wp-content\/uploads\/2021\/08\/P1120241-scaled.jpg","datePublished":"2021-08-30T09:12:28+00:00","dateModified":"2024-12-18T08:52:42+00:00","description":"Teresa Black & White -mustavalkoinen kevyt mets\u00e4kuviolla printattu tikkitakki vetoketjusivuhalkioilla ja irrotettavalla hupulla","breadcrumb":{"@id":"https:\/\/believebytuularossi.com\/fi\/tuote\/teresa-black-white-kevyt-tikattu-takki-vetoketjusivuhalkioilla-mustavalkoinen\/#breadcrumb"},"inLanguage":"fi","potentialAction":[{"@type":"ReadAction","target":["https:\/\/believebytuularossi.com\/fi\/tuote\/teresa-black-white-kevyt-tikattu-takki-vetoketjusivuhalkioilla-mustavalkoinen\/"]}]},{"@type":"ImageObject","inLanguage":"fi","@id":"https:\/\/believebytuularossi.com\/fi\/tuote\/teresa-black-white-kevyt-tikattu-takki-vetoketjusivuhalkioilla-mustavalkoinen\/#primaryimage","url":"https:\/\/believebytuularossi.com\/wp-content\/uploads\/2021\/08\/P1120241-scaled.jpg","contentUrl":"https:\/\/believebytuularossi.com\/wp-content\/uploads\/2021\/08\/P1120241-scaled.jpg","width":1752,"height":2560,"caption":"P1120241"},{"@type":"BreadcrumbList","@id":"https:\/\/believebytuularossi.com\/fi\/tuote\/teresa-black-white-kevyt-tikattu-takki-vetoketjusivuhalkioilla-mustavalkoinen\/#breadcrumb","itemListElement":[{"@type":"ListItem","position":1,"name":"Home","item":"https:\/\/believebytuularossi.com\/fi\/"},{"@type":"ListItem","position":2,"name":"Shop","item":"https:\/\/believebytuularossi.com\/shop\/"},{"@type":"ListItem","position":3,"name":"Teresa Black &#038; White -kevyt tikattu takki vetoketjusivuhalkioilla, mustavalkoinen"}]},{"@type":"WebSite","@id":"https:\/\/believebytuularossi.com\/fi\/#website","url":"https:\/\/believebytuularossi.com\/fi\/","name":"BELIEVE by tuula rossi","description":"A unique, luxurious, original outerwear collection created by passion and love for today\u2019s fashionable woman and her desire for timeless style.          Perfect fit for the modern, feminine woman of any age.","publisher":{"@id":"https:\/\/believebytuularossi.com\/fi\/#organization"},"potentialAction":[{"@type":"SearchAction","target":{"@type":"EntryPoint","urlTemplate":"https:\/\/believebytuularossi.com\/fi\/?s={search_term_string}"},"query-input":{"@type":"PropertyValueSpecification","valueRequired":true,"valueName":"search_term_string"}}],"inLanguage":"fi"},{"@type":"Organization","@id":"https:\/\/believebytuularossi.com\/fi\/#organization","name":"BELIEVE by tuula rossi","url":"https:\/\/believebytuularossi.com\/fi\/","logo":{"@type":"ImageObject","inLanguage":"fi","@id":"https:\/\/believebytuularossi.com\/fi\/#\/schema\/logo\/image\/","url":"https:\/\/believebytuularossi.com\/wp-content\/uploads\/2018\/08\/rossi-logo_new.png","contentUrl":"https:\/\/believebytuularossi.com\/wp-content\/uploads\/2018\/08\/rossi-logo_new.png","width":300,"height":143,"caption":"BELIEVE by tuula rossi"},"image":{"@id":"https:\/\/believebytuularossi.com\/fi\/#\/schema\/logo\/image\/"},"sameAs":["https:\/\/www.facebook.com\/believebytuularossi\/_gu3udgu0BZPTzcnU","https:\/\/www.instagram.com\/believebytuularossi\/","https:\/\/www.pinterest.com\/believebytuularossi\/"]}]}},"_links":{"self":[{"href":"https:\/\/believebytuularossi.com\/fi\/wp-json\/wp\/v2\/product\/15386","targetHints":{"allow":["GET"]}}],"collection":[{"href":"https:\/\/believebytuularossi.com\/fi\/wp-json\/wp\/v2\/product"}],"about":[{"href":"https:\/\/believebytuularossi.com\/fi\/wp-json\/wp\/v2\/types\/product"}],"wp:featuredmedia":[{"embeddable":true,"href":"https:\/\/believebytuularossi.com\/fi\/wp-json\/wp\/v2\/media\/14234"}],"wp:attachment":[{"href":"https:\/\/believebytuularossi.com\/fi\/wp-json\/wp\/v2\/media?parent=15386"}],"wp:term":[{"taxonomy":"product_brand","embeddable":true,"href":"https:\/\/believebytuularossi.com\/fi\/wp-json\/wp\/v2\/product_brand?post=15386"},{"taxonomy":"product_cat","embeddable":true,"href":"https:\/\/believebytuularossi.com\/fi\/wp-json\/wp\/v2\/product_cat?post=15386"},{"taxonomy":"product_tag","embeddable":true,"href":"https:\/\/believebytuularossi.com\/fi\/wp-json\/wp\/v2\/product_tag?post=15386"}],"curies":[{"name":"wp","href":"https:\/\/api.w.org\/{rel}","templated":true}]}}