{"id":15413,"date":"2020-11-05T09:52:56","date_gmt":"2020-11-05T08:52:56","guid":{"rendered":"https:\/\/believebytuularossi.com\/product\/vanessa-oyster-kevyt-tikattu-takki-vetoketjuhalkioilla-sivuissa-osterinharmaa\/"},"modified":"2020-11-05T09:52:56","modified_gmt":"2020-11-05T08:52:56","slug":"vanessa-oyster-kevyt-tikattu-takki-vetoketjuhalkioilla-sivuissa-osterinharmaa","status":"publish","type":"product","link":"https:\/\/believebytuularossi.com\/fi\/tuote\/vanessa-oyster-kevyt-tikattu-takki-vetoketjuhalkioilla-sivuissa-osterinharmaa\/","title":{"rendered":"Vanessa Oyster -kevyt tikattu takki vetoketjuhalkioilla sivuissa, osterinharmaa"},"content":{"rendered":"","protected":false},"excerpt":{"rendered":"<p>Tutustu t\u00e4h\u00e4n eritt\u00e4in kevyeseen ja mahtavaan Vanessa -takiin! Vanessa on eritt\u00e4in tyylik\u00e4s ja hienostunut osterinharmaassa v\u00e4riss\u00e4. T\u00e4m\u00e4 upea pohkeen ulottuva tikkitakki tuo ylellisyytt\u00e4 arkiel\u00e4m\u00e4\u00e4si. Hieno, laadukas tikattu materiaali n\u00e4ytt\u00e4\u00e4 upealta ja on eritt\u00e4in mukava p\u00e4\u00e4ll\u00e4. Tyylikk\u00e4\u00e4t vetoketjut sivusaumoissa avautuvat pitkiin halkioihin luovat modernin lookin hupulla tai ilman. Hyvin istuva huppu on irrotettava tyylikk\u00e4\u00e4ll\u00e4 kaksisuuntaisella vetoketjulla. T\u00e4m\u00e4 pitk\u00e4 tikkiakki sopii erinomaisesti kev\u00e4\u00e4seen ja syksyyn. Naisellinen Vanessa -takki on suunniteltu istumaan t\u00e4ydellisesti kaiken kokoisten naisten p\u00e4\u00e4ll\u00e4.<\/p>\n<p>Vanessa n\u00e4ytt\u00e4\u00e4 hyv\u00e4lt\u00e4 ulkoa ja saa sinut tuntemaan olosi hemmotelluksi sen sis\u00e4ll\u00e4! Se on aito mielihyv\u00e4takkisi!<\/p>\n","protected":false},"featured_media":14286,"template":"","meta":{"_acf_changed":false},"product_brand":[],"product_cat":[131],"product_tag":[],"class_list":{"0":"post-15413","1":"product","2":"type-product","3":"status-publish","4":"has-post-thumbnail","6":"product_cat-kevattakit-kesatakit-valisesonkitakit","7":"pa_ewd_uwcf_colors-harmaa","8":"pa_size-34-fi","9":"pa_size-36-fi","10":"pa_size-38-fi","11":"pa_size-40-fi","12":"pa_size-42-fi","13":"pa_size-44-fi","14":"pa_size-46-fi","15":"pa_size-48-fi","16":"pa_size-50-fi","17":"pa_size-52-fi","18":"pa_size-54-fi","19":"product_color-grey-fi","21":"first","22":"instock","23":"taxable","24":"shipping-taxable","25":"purchasable","26":"product-type-variable"},"acf":[],"yoast_head":"<!-- This site is optimized with the Yoast SEO plugin v27.3 - https:\/\/yoast.com\/product\/yoast-seo-wordpress\/ -->\n<title>Vanessa Oyster -kevyt tikattu takki vetoketjuhalkioilla sivuissa, osterinharmaa &#8211; BELIEVE by tuula rossi<\/title>\n<meta name=\"description\" content=\"Vanessa Oyster Grey -kevyt tikattu takki vetoketjuhalkioilla sivuissa osterinharmaana on aito mielihyv\u00e4takki\" \/>\n<meta name=\"robots\" content=\"index, follow, max-snippet:-1, max-image-preview:large, max-video-preview:-1\" \/>\n<link rel=\"canonical\" href=\"https:\/\/believebytuularossi.com\/fi\/tuote\/vanessa-oyster-kevyt-tikattu-takki-vetoketjuhalkioilla-sivuissa-osterinharmaa\/\" \/>\n<meta property=\"og:locale\" content=\"fi_FI\" \/>\n<meta property=\"og:type\" content=\"article\" \/>\n<meta property=\"og:title\" content=\"Vanessa Oyster -kevyt tikattu takki vetoketjuhalkioilla sivuissa, osterinharmaa &#8211; BELIEVE by tuula rossi\" \/>\n<meta property=\"og:description\" content=\"Vanessa Oyster Grey -kevyt tikattu takki vetoketjuhalkioilla sivuissa osterinharmaana on aito mielihyv\u00e4takki\" \/>\n<meta property=\"og:url\" content=\"https:\/\/believebytuularossi.com\/fi\/tuote\/vanessa-oyster-kevyt-tikattu-takki-vetoketjuhalkioilla-sivuissa-osterinharmaa\/\" \/>\n<meta property=\"og:site_name\" content=\"BELIEVE by tuula rossi\" \/>\n<meta property=\"article:publisher\" content=\"https:\/\/www.facebook.com\/believebytuularossi\/_gu3udgu0BZPTzcnU\" \/>\n<meta property=\"og:image\" content=\"https:\/\/believebytuularossi.com\/wp-content\/uploads\/2020\/11\/P1110833li_02-scaled.jpg\" \/>\n\t<meta property=\"og:image:width\" content=\"1833\" \/>\n\t<meta property=\"og:image:height\" content=\"2560\" \/>\n\t<meta property=\"og:image:type\" content=\"image\/jpeg\" \/>\n<meta name=\"twitter:card\" content=\"summary_large_image\" \/>\n<script type=\"application\/ld+json\" class=\"yoast-schema-graph\">{\"@context\":\"https:\\\/\\\/schema.org\",\"@graph\":[{\"@type\":\"WebPage\",\"@id\":\"https:\\\/\\\/believebytuularossi.com\\\/fi\\\/tuote\\\/vanessa-oyster-kevyt-tikattu-takki-vetoketjuhalkioilla-sivuissa-osterinharmaa\\\/\",\"url\":\"https:\\\/\\\/believebytuularossi.com\\\/fi\\\/tuote\\\/vanessa-oyster-kevyt-tikattu-takki-vetoketjuhalkioilla-sivuissa-osterinharmaa\\\/\",\"name\":\"Vanessa Oyster -kevyt tikattu takki vetoketjuhalkioilla sivuissa, osterinharmaa &#8211; BELIEVE by tuula rossi\",\"isPartOf\":{\"@id\":\"https:\\\/\\\/believebytuularossi.com\\\/fi\\\/#website\"},\"primaryImageOfPage\":{\"@id\":\"https:\\\/\\\/believebytuularossi.com\\\/fi\\\/tuote\\\/vanessa-oyster-kevyt-tikattu-takki-vetoketjuhalkioilla-sivuissa-osterinharmaa\\\/#primaryimage\"},\"image\":{\"@id\":\"https:\\\/\\\/believebytuularossi.com\\\/fi\\\/tuote\\\/vanessa-oyster-kevyt-tikattu-takki-vetoketjuhalkioilla-sivuissa-osterinharmaa\\\/#primaryimage\"},\"thumbnailUrl\":\"https:\\\/\\\/believebytuularossi.com\\\/wp-content\\\/uploads\\\/2020\\\/11\\\/P1110833li_02-scaled.jpg\",\"datePublished\":\"2020-11-05T08:52:56+00:00\",\"description\":\"Vanessa Oyster Grey -kevyt tikattu takki vetoketjuhalkioilla sivuissa osterinharmaana on aito mielihyv\u00e4takki\",\"breadcrumb\":{\"@id\":\"https:\\\/\\\/believebytuularossi.com\\\/fi\\\/tuote\\\/vanessa-oyster-kevyt-tikattu-takki-vetoketjuhalkioilla-sivuissa-osterinharmaa\\\/#breadcrumb\"},\"inLanguage\":\"fi\",\"potentialAction\":[{\"@type\":\"ReadAction\",\"target\":[\"https:\\\/\\\/believebytuularossi.com\\\/fi\\\/tuote\\\/vanessa-oyster-kevyt-tikattu-takki-vetoketjuhalkioilla-sivuissa-osterinharmaa\\\/\"]}]},{\"@type\":\"ImageObject\",\"inLanguage\":\"fi\",\"@id\":\"https:\\\/\\\/believebytuularossi.com\\\/fi\\\/tuote\\\/vanessa-oyster-kevyt-tikattu-takki-vetoketjuhalkioilla-sivuissa-osterinharmaa\\\/#primaryimage\",\"url\":\"https:\\\/\\\/believebytuularossi.com\\\/wp-content\\\/uploads\\\/2020\\\/11\\\/P1110833li_02-scaled.jpg\",\"contentUrl\":\"https:\\\/\\\/believebytuularossi.com\\\/wp-content\\\/uploads\\\/2020\\\/11\\\/P1110833li_02-scaled.jpg\",\"width\":1833,\"height\":2560,\"caption\":\"P1110833li 02\"},{\"@type\":\"BreadcrumbList\",\"@id\":\"https:\\\/\\\/believebytuularossi.com\\\/fi\\\/tuote\\\/vanessa-oyster-kevyt-tikattu-takki-vetoketjuhalkioilla-sivuissa-osterinharmaa\\\/#breadcrumb\",\"itemListElement\":[{\"@type\":\"ListItem\",\"position\":1,\"name\":\"Home\",\"item\":\"https:\\\/\\\/believebytuularossi.com\\\/fi\\\/\"},{\"@type\":\"ListItem\",\"position\":2,\"name\":\"Shop\",\"item\":\"https:\\\/\\\/believebytuularossi.com\\\/shop\\\/\"},{\"@type\":\"ListItem\",\"position\":3,\"name\":\"Vanessa Oyster -kevyt tikattu takki vetoketjuhalkioilla sivuissa, osterinharmaa\"}]},{\"@type\":\"WebSite\",\"@id\":\"https:\\\/\\\/believebytuularossi.com\\\/fi\\\/#website\",\"url\":\"https:\\\/\\\/believebytuularossi.com\\\/fi\\\/\",\"name\":\"BELIEVE by tuula rossi\",\"description\":\"A unique, luxurious, original outerwear collection created by passion and love for today\u2019s fashionable woman and her desire for timeless style.          Perfect fit for the modern, feminine woman of any age.\",\"publisher\":{\"@id\":\"https:\\\/\\\/believebytuularossi.com\\\/fi\\\/#organization\"},\"potentialAction\":[{\"@type\":\"SearchAction\",\"target\":{\"@type\":\"EntryPoint\",\"urlTemplate\":\"https:\\\/\\\/believebytuularossi.com\\\/fi\\\/?s={search_term_string}\"},\"query-input\":{\"@type\":\"PropertyValueSpecification\",\"valueRequired\":true,\"valueName\":\"search_term_string\"}}],\"inLanguage\":\"fi\"},{\"@type\":\"Organization\",\"@id\":\"https:\\\/\\\/believebytuularossi.com\\\/fi\\\/#organization\",\"name\":\"BELIEVE by tuula rossi\",\"url\":\"https:\\\/\\\/believebytuularossi.com\\\/fi\\\/\",\"logo\":{\"@type\":\"ImageObject\",\"inLanguage\":\"fi\",\"@id\":\"https:\\\/\\\/believebytuularossi.com\\\/fi\\\/#\\\/schema\\\/logo\\\/image\\\/\",\"url\":\"https:\\\/\\\/believebytuularossi.com\\\/wp-content\\\/uploads\\\/2018\\\/08\\\/rossi-logo_new.png\",\"contentUrl\":\"https:\\\/\\\/believebytuularossi.com\\\/wp-content\\\/uploads\\\/2018\\\/08\\\/rossi-logo_new.png\",\"width\":300,\"height\":143,\"caption\":\"BELIEVE by tuula rossi\"},\"image\":{\"@id\":\"https:\\\/\\\/believebytuularossi.com\\\/fi\\\/#\\\/schema\\\/logo\\\/image\\\/\"},\"sameAs\":[\"https:\\\/\\\/www.facebook.com\\\/believebytuularossi\\\/_gu3udgu0BZPTzcnU\",\"https:\\\/\\\/www.instagram.com\\\/believebytuularossi\\\/\",\"https:\\\/\\\/www.pinterest.com\\\/believebytuularossi\\\/\"]}]}<\/script>\n<!-- \/ Yoast SEO plugin. -->","yoast_head_json":{"title":"Vanessa Oyster -kevyt tikattu takki vetoketjuhalkioilla sivuissa, osterinharmaa &#8211; BELIEVE by tuula rossi","description":"Vanessa Oyster Grey -kevyt tikattu takki vetoketjuhalkioilla sivuissa osterinharmaana on aito mielihyv\u00e4takki","robots":{"index":"index","follow":"follow","max-snippet":"max-snippet:-1","max-image-preview":"max-image-preview:large","max-video-preview":"max-video-preview:-1"},"canonical":"https:\/\/believebytuularossi.com\/fi\/tuote\/vanessa-oyster-kevyt-tikattu-takki-vetoketjuhalkioilla-sivuissa-osterinharmaa\/","og_locale":"fi_FI","og_type":"article","og_title":"Vanessa Oyster -kevyt tikattu takki vetoketjuhalkioilla sivuissa, osterinharmaa &#8211; BELIEVE by tuula rossi","og_description":"Vanessa Oyster Grey -kevyt tikattu takki vetoketjuhalkioilla sivuissa osterinharmaana on aito mielihyv\u00e4takki","og_url":"https:\/\/believebytuularossi.com\/fi\/tuote\/vanessa-oyster-kevyt-tikattu-takki-vetoketjuhalkioilla-sivuissa-osterinharmaa\/","og_site_name":"BELIEVE by tuula rossi","article_publisher":"https:\/\/www.facebook.com\/believebytuularossi\/_gu3udgu0BZPTzcnU","og_image":[{"width":1833,"height":2560,"url":"https:\/\/believebytuularossi.com\/wp-content\/uploads\/2020\/11\/P1110833li_02-scaled.jpg","type":"image\/jpeg"}],"twitter_card":"summary_large_image","schema":{"@context":"https:\/\/schema.org","@graph":[{"@type":"WebPage","@id":"https:\/\/believebytuularossi.com\/fi\/tuote\/vanessa-oyster-kevyt-tikattu-takki-vetoketjuhalkioilla-sivuissa-osterinharmaa\/","url":"https:\/\/believebytuularossi.com\/fi\/tuote\/vanessa-oyster-kevyt-tikattu-takki-vetoketjuhalkioilla-sivuissa-osterinharmaa\/","name":"Vanessa Oyster -kevyt tikattu takki vetoketjuhalkioilla sivuissa, osterinharmaa &#8211; BELIEVE by tuula rossi","isPartOf":{"@id":"https:\/\/believebytuularossi.com\/fi\/#website"},"primaryImageOfPage":{"@id":"https:\/\/believebytuularossi.com\/fi\/tuote\/vanessa-oyster-kevyt-tikattu-takki-vetoketjuhalkioilla-sivuissa-osterinharmaa\/#primaryimage"},"image":{"@id":"https:\/\/believebytuularossi.com\/fi\/tuote\/vanessa-oyster-kevyt-tikattu-takki-vetoketjuhalkioilla-sivuissa-osterinharmaa\/#primaryimage"},"thumbnailUrl":"https:\/\/believebytuularossi.com\/wp-content\/uploads\/2020\/11\/P1110833li_02-scaled.jpg","datePublished":"2020-11-05T08:52:56+00:00","description":"Vanessa Oyster Grey -kevyt tikattu takki vetoketjuhalkioilla sivuissa osterinharmaana on aito mielihyv\u00e4takki","breadcrumb":{"@id":"https:\/\/believebytuularossi.com\/fi\/tuote\/vanessa-oyster-kevyt-tikattu-takki-vetoketjuhalkioilla-sivuissa-osterinharmaa\/#breadcrumb"},"inLanguage":"fi","potentialAction":[{"@type":"ReadAction","target":["https:\/\/believebytuularossi.com\/fi\/tuote\/vanessa-oyster-kevyt-tikattu-takki-vetoketjuhalkioilla-sivuissa-osterinharmaa\/"]}]},{"@type":"ImageObject","inLanguage":"fi","@id":"https:\/\/believebytuularossi.com\/fi\/tuote\/vanessa-oyster-kevyt-tikattu-takki-vetoketjuhalkioilla-sivuissa-osterinharmaa\/#primaryimage","url":"https:\/\/believebytuularossi.com\/wp-content\/uploads\/2020\/11\/P1110833li_02-scaled.jpg","contentUrl":"https:\/\/believebytuularossi.com\/wp-content\/uploads\/2020\/11\/P1110833li_02-scaled.jpg","width":1833,"height":2560,"caption":"P1110833li 02"},{"@type":"BreadcrumbList","@id":"https:\/\/believebytuularossi.com\/fi\/tuote\/vanessa-oyster-kevyt-tikattu-takki-vetoketjuhalkioilla-sivuissa-osterinharmaa\/#breadcrumb","itemListElement":[{"@type":"ListItem","position":1,"name":"Home","item":"https:\/\/believebytuularossi.com\/fi\/"},{"@type":"ListItem","position":2,"name":"Shop","item":"https:\/\/believebytuularossi.com\/shop\/"},{"@type":"ListItem","position":3,"name":"Vanessa Oyster -kevyt tikattu takki vetoketjuhalkioilla sivuissa, osterinharmaa"}]},{"@type":"WebSite","@id":"https:\/\/believebytuularossi.com\/fi\/#website","url":"https:\/\/believebytuularossi.com\/fi\/","name":"BELIEVE by tuula rossi","description":"A unique, luxurious, original outerwear collection created by passion and love for today\u2019s fashionable woman and her desire for timeless style.          Perfect fit for the modern, feminine woman of any age.","publisher":{"@id":"https:\/\/believebytuularossi.com\/fi\/#organization"},"potentialAction":[{"@type":"SearchAction","target":{"@type":"EntryPoint","urlTemplate":"https:\/\/believebytuularossi.com\/fi\/?s={search_term_string}"},"query-input":{"@type":"PropertyValueSpecification","valueRequired":true,"valueName":"search_term_string"}}],"inLanguage":"fi"},{"@type":"Organization","@id":"https:\/\/believebytuularossi.com\/fi\/#organization","name":"BELIEVE by tuula rossi","url":"https:\/\/believebytuularossi.com\/fi\/","logo":{"@type":"ImageObject","inLanguage":"fi","@id":"https:\/\/believebytuularossi.com\/fi\/#\/schema\/logo\/image\/","url":"https:\/\/believebytuularossi.com\/wp-content\/uploads\/2018\/08\/rossi-logo_new.png","contentUrl":"https:\/\/believebytuularossi.com\/wp-content\/uploads\/2018\/08\/rossi-logo_new.png","width":300,"height":143,"caption":"BELIEVE by tuula rossi"},"image":{"@id":"https:\/\/believebytuularossi.com\/fi\/#\/schema\/logo\/image\/"},"sameAs":["https:\/\/www.facebook.com\/believebytuularossi\/_gu3udgu0BZPTzcnU","https:\/\/www.instagram.com\/believebytuularossi\/","https:\/\/www.pinterest.com\/believebytuularossi\/"]}]}},"_links":{"self":[{"href":"https:\/\/believebytuularossi.com\/fi\/wp-json\/wp\/v2\/product\/15413","targetHints":{"allow":["GET"]}}],"collection":[{"href":"https:\/\/believebytuularossi.com\/fi\/wp-json\/wp\/v2\/product"}],"about":[{"href":"https:\/\/believebytuularossi.com\/fi\/wp-json\/wp\/v2\/types\/product"}],"wp:featuredmedia":[{"embeddable":true,"href":"https:\/\/believebytuularossi.com\/fi\/wp-json\/wp\/v2\/media\/14286"}],"wp:attachment":[{"href":"https:\/\/believebytuularossi.com\/fi\/wp-json\/wp\/v2\/media?parent=15413"}],"wp:term":[{"taxonomy":"product_brand","embeddable":true,"href":"https:\/\/believebytuularossi.com\/fi\/wp-json\/wp\/v2\/product_brand?post=15413"},{"taxonomy":"product_cat","embeddable":true,"href":"https:\/\/believebytuularossi.com\/fi\/wp-json\/wp\/v2\/product_cat?post=15413"},{"taxonomy":"product_tag","embeddable":true,"href":"https:\/\/believebytuularossi.com\/fi\/wp-json\/wp\/v2\/product_tag?post=15413"}],"curies":[{"name":"wp","href":"https:\/\/api.w.org\/{rel}","templated":true}]}}