{"id":15485,"date":"2020-11-05T08:44:30","date_gmt":"2020-11-05T07:44:30","guid":{"rendered":"https:\/\/believebytuularossi.com\/product\/sofia-black-kevyt-tikattu-takki-huivikauluksella-musta\/"},"modified":"2026-02-16T16:53:59","modified_gmt":"2026-02-16T15:53:59","slug":"sofia-black-kevyt-tikattu-takki-huivikauluksella-musta","status":"publish","type":"product","link":"https:\/\/believebytuularossi.com\/fi\/tuote\/sofia-black-kevyt-tikattu-takki-huivikauluksella-musta\/","title":{"rendered":"Sofia Black -kevyt tikattu takki huivikauluksella, musta"},"content":{"rendered":"","protected":false},"excerpt":{"rendered":"<p>Sofia Black -takki on t\u00e4ydellinen valinta, jos unelmoit naisellisesta hyvin istuvasta takista. T\u00e4ss\u00e4 mustassa takissa on upea iso huivikaulus s\u00e4\u00e4dett\u00e4v\u00e4ll\u00e4 joustavalla kiristysny\u00f6rill\u00e4. \u00c4l\u00e4k\u00e4 unohda kaunista kevytt\u00e4 Baby Stripe -tikattua takkimateriaalia, joka saa sinut n\u00e4ytt\u00e4m\u00e4\u00e4n hienostuneelta ja upealta. Ajaton Sofia -tikkitakki on suunniteltu istumaan t\u00e4ydellisesti kaiken kokoisten naisten p\u00e4\u00e4ll\u00e4. T\u00e4ss\u00e4 tyylikk\u00e4\u00e4ss\u00e4 takissa on ylelliset kaksisuuntaiset vetoketjut taskuissa ja piilopainonappikiinnitys edess\u00e4. Sofia on kaunis ja toimiva takki kev\u00e4\u00e4seen, demi-sesonkiin ja syksyyn.<\/p>\n<p>Hihan pituus on hieman tavallista pidempi. Joustavat hihansuut takaavat t\u00e4ydellisen pituuden kaiken pituisille naisille. Hihoissa on kirkas keltainen vuori, joka on yksi BELIEVE by tuula rossi malliston erityispiirteist\u00e4. Me uskomme, ett\u00e4 keltainen viiva logossamme ja tuotteidemme yksityiskohdissa kuten my\u00f6s raikkaat takkiemme v\u00e4rit tuovat valoa ja positiivista energiaa el\u00e4m\u00e4\u00e4si.<\/p>\n<p>Huippulaadukkaiden materiaalien ja ainutlaatuisen tyylin ansiosta n\u00e4yt\u00e4t tyylikk\u00e4\u00e4lt\u00e4 ja modernilta Sofia -takissa!<\/p>\n","protected":false},"featured_media":13977,"template":"","meta":{"_acf_changed":false},"product_brand":[],"product_cat":[131],"product_tag":[],"class_list":{"0":"post-15485","1":"product","2":"type-product","3":"status-publish","4":"has-post-thumbnail","6":"product_cat-kevattakit-kesatakit-valisesonkitakit","7":"pa_ewd_uwcf_colors-black","8":"pa_size-34-fi","9":"pa_size-36-fi","10":"pa_size-38-fi","11":"pa_size-40-fi","12":"pa_size-42-fi","13":"pa_size-44-fi","14":"pa_size-46-fi","15":"pa_size-48-fi","16":"pa_size-50-fi","17":"pa_size-52-fi","18":"pa_size-54-fi","19":"product_color-black-fi","21":"first","22":"instock","23":"taxable","24":"shipping-taxable","25":"purchasable","26":"product-type-variable"},"acf":[],"yoast_head":"<!-- This site is optimized with the Yoast SEO plugin v27.5 - https:\/\/yoast.com\/product\/yoast-seo-wordpress\/ -->\n<title>Sofia Black -kevyt tikattu takki huivikauluksella, musta &#8211; BELIEVE by tuula rossi<\/title>\n<meta name=\"description\" content=\"Sofia Black -musta kevyt tikattu takki huivikauluksella sopii erinomaisesti kev\u00e4t-, syksy-, ja semisesonkiin\" \/>\n<meta name=\"robots\" content=\"index, follow, max-snippet:-1, max-image-preview:large, max-video-preview:-1\" \/>\n<link rel=\"canonical\" href=\"https:\/\/believebytuularossi.com\/fi\/tuote\/sofia-black-kevyt-tikattu-takki-huivikauluksella-musta\/\" \/>\n<meta property=\"og:locale\" content=\"fi_FI\" \/>\n<meta property=\"og:type\" content=\"article\" \/>\n<meta property=\"og:title\" content=\"Sofia Black -kevyt tikattu takki huivikauluksella, musta &#8211; BELIEVE by tuula rossi\" \/>\n<meta property=\"og:description\" content=\"Sofia Black -musta kevyt tikattu takki huivikauluksella sopii erinomaisesti kev\u00e4t-, syksy-, ja semisesonkiin\" \/>\n<meta property=\"og:url\" content=\"https:\/\/believebytuularossi.com\/fi\/tuote\/sofia-black-kevyt-tikattu-takki-huivikauluksella-musta\/\" \/>\n<meta property=\"og:site_name\" content=\"BELIEVE by tuula rossi\" \/>\n<meta property=\"article:publisher\" content=\"https:\/\/www.facebook.com\/believebytuularossi\/_gu3udgu0BZPTzcnU\" \/>\n<meta property=\"article:modified_time\" content=\"2026-02-16T15:53:59+00:00\" \/>\n<meta property=\"og:image\" content=\"https:\/\/believebytuularossi.com\/wp-content\/uploads\/2020\/11\/20190620-183739-Believe-by-Tuula-Rossi-0842-black.png\" \/>\n\t<meta property=\"og:image:width\" content=\"1365\" \/>\n\t<meta property=\"og:image:height\" content=\"2048\" \/>\n\t<meta property=\"og:image:type\" content=\"image\/png\" \/>\n<meta name=\"twitter:card\" content=\"summary_large_image\" \/>\n<meta name=\"twitter:label1\" content=\"Arvioitu lukuaika\" \/>\n\t<meta name=\"twitter:data1\" content=\"1 minuutti\" \/>\n<script type=\"application\/ld+json\" class=\"yoast-schema-graph\">{\"@context\":\"https:\\\/\\\/schema.org\",\"@graph\":[{\"@type\":\"WebPage\",\"@id\":\"https:\\\/\\\/believebytuularossi.com\\\/fi\\\/tuote\\\/sofia-black-kevyt-tikattu-takki-huivikauluksella-musta\\\/\",\"url\":\"https:\\\/\\\/believebytuularossi.com\\\/fi\\\/tuote\\\/sofia-black-kevyt-tikattu-takki-huivikauluksella-musta\\\/\",\"name\":\"Sofia Black -kevyt tikattu takki huivikauluksella, musta &#8211; BELIEVE by tuula rossi\",\"isPartOf\":{\"@id\":\"https:\\\/\\\/believebytuularossi.com\\\/fi\\\/#website\"},\"primaryImageOfPage\":{\"@id\":\"https:\\\/\\\/believebytuularossi.com\\\/fi\\\/tuote\\\/sofia-black-kevyt-tikattu-takki-huivikauluksella-musta\\\/#primaryimage\"},\"image\":{\"@id\":\"https:\\\/\\\/believebytuularossi.com\\\/fi\\\/tuote\\\/sofia-black-kevyt-tikattu-takki-huivikauluksella-musta\\\/#primaryimage\"},\"thumbnailUrl\":\"https:\\\/\\\/believebytuularossi.com\\\/wp-content\\\/uploads\\\/2020\\\/11\\\/20190620-183739-Believe-by-Tuula-Rossi-0842-black.png\",\"datePublished\":\"2020-11-05T07:44:30+00:00\",\"dateModified\":\"2026-02-16T15:53:59+00:00\",\"description\":\"Sofia Black -musta kevyt tikattu takki huivikauluksella sopii erinomaisesti kev\u00e4t-, syksy-, ja semisesonkiin\",\"breadcrumb\":{\"@id\":\"https:\\\/\\\/believebytuularossi.com\\\/fi\\\/tuote\\\/sofia-black-kevyt-tikattu-takki-huivikauluksella-musta\\\/#breadcrumb\"},\"inLanguage\":\"fi\",\"potentialAction\":[{\"@type\":\"ReadAction\",\"target\":[\"https:\\\/\\\/believebytuularossi.com\\\/fi\\\/tuote\\\/sofia-black-kevyt-tikattu-takki-huivikauluksella-musta\\\/\"]}]},{\"@type\":\"ImageObject\",\"inLanguage\":\"fi\",\"@id\":\"https:\\\/\\\/believebytuularossi.com\\\/fi\\\/tuote\\\/sofia-black-kevyt-tikattu-takki-huivikauluksella-musta\\\/#primaryimage\",\"url\":\"https:\\\/\\\/believebytuularossi.com\\\/wp-content\\\/uploads\\\/2020\\\/11\\\/20190620-183739-Believe-by-Tuula-Rossi-0842-black.png\",\"contentUrl\":\"https:\\\/\\\/believebytuularossi.com\\\/wp-content\\\/uploads\\\/2020\\\/11\\\/20190620-183739-Believe-by-Tuula-Rossi-0842-black.png\",\"width\":1365,\"height\":2048,\"caption\":\"20190620 183739 Believe by Tuula Rossi 0842 black\"},{\"@type\":\"BreadcrumbList\",\"@id\":\"https:\\\/\\\/believebytuularossi.com\\\/fi\\\/tuote\\\/sofia-black-kevyt-tikattu-takki-huivikauluksella-musta\\\/#breadcrumb\",\"itemListElement\":[{\"@type\":\"ListItem\",\"position\":1,\"name\":\"Home\",\"item\":\"https:\\\/\\\/believebytuularossi.com\\\/fi\\\/\"},{\"@type\":\"ListItem\",\"position\":2,\"name\":\"Shop\",\"item\":\"https:\\\/\\\/believebytuularossi.com\\\/shop\\\/\"},{\"@type\":\"ListItem\",\"position\":3,\"name\":\"Sofia Black -kevyt tikattu takki huivikauluksella, musta\"}]},{\"@type\":\"WebSite\",\"@id\":\"https:\\\/\\\/believebytuularossi.com\\\/fi\\\/#website\",\"url\":\"https:\\\/\\\/believebytuularossi.com\\\/fi\\\/\",\"name\":\"BELIEVE by tuula rossi\",\"description\":\"A unique, luxurious, original outerwear collection created by passion and love for today\u2019s fashionable woman and her desire for timeless style.          Perfect fit for the modern, feminine woman of any age.\",\"publisher\":{\"@id\":\"https:\\\/\\\/believebytuularossi.com\\\/fi\\\/#organization\"},\"potentialAction\":[{\"@type\":\"SearchAction\",\"target\":{\"@type\":\"EntryPoint\",\"urlTemplate\":\"https:\\\/\\\/believebytuularossi.com\\\/fi\\\/?s={search_term_string}\"},\"query-input\":{\"@type\":\"PropertyValueSpecification\",\"valueRequired\":true,\"valueName\":\"search_term_string\"}}],\"inLanguage\":\"fi\"},{\"@type\":\"Organization\",\"@id\":\"https:\\\/\\\/believebytuularossi.com\\\/fi\\\/#organization\",\"name\":\"BELIEVE by tuula rossi\",\"url\":\"https:\\\/\\\/believebytuularossi.com\\\/fi\\\/\",\"logo\":{\"@type\":\"ImageObject\",\"inLanguage\":\"fi\",\"@id\":\"https:\\\/\\\/believebytuularossi.com\\\/fi\\\/#\\\/schema\\\/logo\\\/image\\\/\",\"url\":\"https:\\\/\\\/believebytuularossi.com\\\/wp-content\\\/uploads\\\/2018\\\/08\\\/rossi-logo_new.png\",\"contentUrl\":\"https:\\\/\\\/believebytuularossi.com\\\/wp-content\\\/uploads\\\/2018\\\/08\\\/rossi-logo_new.png\",\"width\":300,\"height\":143,\"caption\":\"BELIEVE by tuula rossi\"},\"image\":{\"@id\":\"https:\\\/\\\/believebytuularossi.com\\\/fi\\\/#\\\/schema\\\/logo\\\/image\\\/\"},\"sameAs\":[\"https:\\\/\\\/www.facebook.com\\\/believebytuularossi\\\/_gu3udgu0BZPTzcnU\",\"https:\\\/\\\/www.instagram.com\\\/believebytuularossi\\\/\",\"https:\\\/\\\/www.pinterest.com\\\/believebytuularossi\\\/\"]}]}<\/script>\n<!-- \/ Yoast SEO plugin. -->","yoast_head_json":{"title":"Sofia Black -kevyt tikattu takki huivikauluksella, musta &#8211; BELIEVE by tuula rossi","description":"Sofia Black -musta kevyt tikattu takki huivikauluksella sopii erinomaisesti kev\u00e4t-, syksy-, ja semisesonkiin","robots":{"index":"index","follow":"follow","max-snippet":"max-snippet:-1","max-image-preview":"max-image-preview:large","max-video-preview":"max-video-preview:-1"},"canonical":"https:\/\/believebytuularossi.com\/fi\/tuote\/sofia-black-kevyt-tikattu-takki-huivikauluksella-musta\/","og_locale":"fi_FI","og_type":"article","og_title":"Sofia Black -kevyt tikattu takki huivikauluksella, musta &#8211; BELIEVE by tuula rossi","og_description":"Sofia Black -musta kevyt tikattu takki huivikauluksella sopii erinomaisesti kev\u00e4t-, syksy-, ja semisesonkiin","og_url":"https:\/\/believebytuularossi.com\/fi\/tuote\/sofia-black-kevyt-tikattu-takki-huivikauluksella-musta\/","og_site_name":"BELIEVE by tuula rossi","article_publisher":"https:\/\/www.facebook.com\/believebytuularossi\/_gu3udgu0BZPTzcnU","article_modified_time":"2026-02-16T15:53:59+00:00","og_image":[{"width":1365,"height":2048,"url":"https:\/\/believebytuularossi.com\/wp-content\/uploads\/2020\/11\/20190620-183739-Believe-by-Tuula-Rossi-0842-black.png","type":"image\/png"}],"twitter_card":"summary_large_image","twitter_misc":{"Arvioitu lukuaika":"1 minuutti"},"schema":{"@context":"https:\/\/schema.org","@graph":[{"@type":"WebPage","@id":"https:\/\/believebytuularossi.com\/fi\/tuote\/sofia-black-kevyt-tikattu-takki-huivikauluksella-musta\/","url":"https:\/\/believebytuularossi.com\/fi\/tuote\/sofia-black-kevyt-tikattu-takki-huivikauluksella-musta\/","name":"Sofia Black -kevyt tikattu takki huivikauluksella, musta &#8211; BELIEVE by tuula rossi","isPartOf":{"@id":"https:\/\/believebytuularossi.com\/fi\/#website"},"primaryImageOfPage":{"@id":"https:\/\/believebytuularossi.com\/fi\/tuote\/sofia-black-kevyt-tikattu-takki-huivikauluksella-musta\/#primaryimage"},"image":{"@id":"https:\/\/believebytuularossi.com\/fi\/tuote\/sofia-black-kevyt-tikattu-takki-huivikauluksella-musta\/#primaryimage"},"thumbnailUrl":"https:\/\/believebytuularossi.com\/wp-content\/uploads\/2020\/11\/20190620-183739-Believe-by-Tuula-Rossi-0842-black.png","datePublished":"2020-11-05T07:44:30+00:00","dateModified":"2026-02-16T15:53:59+00:00","description":"Sofia Black -musta kevyt tikattu takki huivikauluksella sopii erinomaisesti kev\u00e4t-, syksy-, ja semisesonkiin","breadcrumb":{"@id":"https:\/\/believebytuularossi.com\/fi\/tuote\/sofia-black-kevyt-tikattu-takki-huivikauluksella-musta\/#breadcrumb"},"inLanguage":"fi","potentialAction":[{"@type":"ReadAction","target":["https:\/\/believebytuularossi.com\/fi\/tuote\/sofia-black-kevyt-tikattu-takki-huivikauluksella-musta\/"]}]},{"@type":"ImageObject","inLanguage":"fi","@id":"https:\/\/believebytuularossi.com\/fi\/tuote\/sofia-black-kevyt-tikattu-takki-huivikauluksella-musta\/#primaryimage","url":"https:\/\/believebytuularossi.com\/wp-content\/uploads\/2020\/11\/20190620-183739-Believe-by-Tuula-Rossi-0842-black.png","contentUrl":"https:\/\/believebytuularossi.com\/wp-content\/uploads\/2020\/11\/20190620-183739-Believe-by-Tuula-Rossi-0842-black.png","width":1365,"height":2048,"caption":"20190620 183739 Believe by Tuula Rossi 0842 black"},{"@type":"BreadcrumbList","@id":"https:\/\/believebytuularossi.com\/fi\/tuote\/sofia-black-kevyt-tikattu-takki-huivikauluksella-musta\/#breadcrumb","itemListElement":[{"@type":"ListItem","position":1,"name":"Home","item":"https:\/\/believebytuularossi.com\/fi\/"},{"@type":"ListItem","position":2,"name":"Shop","item":"https:\/\/believebytuularossi.com\/shop\/"},{"@type":"ListItem","position":3,"name":"Sofia Black -kevyt tikattu takki huivikauluksella, musta"}]},{"@type":"WebSite","@id":"https:\/\/believebytuularossi.com\/fi\/#website","url":"https:\/\/believebytuularossi.com\/fi\/","name":"BELIEVE by tuula rossi","description":"A unique, luxurious, original outerwear collection created by passion and love for today\u2019s fashionable woman and her desire for timeless style.          Perfect fit for the modern, feminine woman of any age.","publisher":{"@id":"https:\/\/believebytuularossi.com\/fi\/#organization"},"potentialAction":[{"@type":"SearchAction","target":{"@type":"EntryPoint","urlTemplate":"https:\/\/believebytuularossi.com\/fi\/?s={search_term_string}"},"query-input":{"@type":"PropertyValueSpecification","valueRequired":true,"valueName":"search_term_string"}}],"inLanguage":"fi"},{"@type":"Organization","@id":"https:\/\/believebytuularossi.com\/fi\/#organization","name":"BELIEVE by tuula rossi","url":"https:\/\/believebytuularossi.com\/fi\/","logo":{"@type":"ImageObject","inLanguage":"fi","@id":"https:\/\/believebytuularossi.com\/fi\/#\/schema\/logo\/image\/","url":"https:\/\/believebytuularossi.com\/wp-content\/uploads\/2018\/08\/rossi-logo_new.png","contentUrl":"https:\/\/believebytuularossi.com\/wp-content\/uploads\/2018\/08\/rossi-logo_new.png","width":300,"height":143,"caption":"BELIEVE by tuula rossi"},"image":{"@id":"https:\/\/believebytuularossi.com\/fi\/#\/schema\/logo\/image\/"},"sameAs":["https:\/\/www.facebook.com\/believebytuularossi\/_gu3udgu0BZPTzcnU","https:\/\/www.instagram.com\/believebytuularossi\/","https:\/\/www.pinterest.com\/believebytuularossi\/"]}]}},"_links":{"self":[{"href":"https:\/\/believebytuularossi.com\/fi\/wp-json\/wp\/v2\/product\/15485","targetHints":{"allow":["GET"]}}],"collection":[{"href":"https:\/\/believebytuularossi.com\/fi\/wp-json\/wp\/v2\/product"}],"about":[{"href":"https:\/\/believebytuularossi.com\/fi\/wp-json\/wp\/v2\/types\/product"}],"wp:featuredmedia":[{"embeddable":true,"href":"https:\/\/believebytuularossi.com\/fi\/wp-json\/wp\/v2\/media\/13977"}],"wp:attachment":[{"href":"https:\/\/believebytuularossi.com\/fi\/wp-json\/wp\/v2\/media?parent=15485"}],"wp:term":[{"taxonomy":"product_brand","embeddable":true,"href":"https:\/\/believebytuularossi.com\/fi\/wp-json\/wp\/v2\/product_brand?post=15485"},{"taxonomy":"product_cat","embeddable":true,"href":"https:\/\/believebytuularossi.com\/fi\/wp-json\/wp\/v2\/product_cat?post=15485"},{"taxonomy":"product_tag","embeddable":true,"href":"https:\/\/believebytuularossi.com\/fi\/wp-json\/wp\/v2\/product_tag?post=15485"}],"curies":[{"name":"wp","href":"https:\/\/api.w.org\/{rel}","templated":true}]}}