{"id":15497,"date":"2020-11-04T13:42:56","date_gmt":"2020-11-04T12:42:56","guid":{"rendered":"https:\/\/believebytuularossi.com\/product\/natalie-oyster-grey-kevyt-tikattu-takki-osterinharmaa\/"},"modified":"2020-11-04T13:42:56","modified_gmt":"2020-11-04T12:42:56","slug":"natalie-oyster-grey-kevyt-tikattu-takki-osterinharmaa","status":"publish","type":"product","link":"https:\/\/believebytuularossi.com\/fi\/tuote\/natalie-oyster-grey-kevyt-tikattu-takki-osterinharmaa\/","title":{"rendered":"Natalie Oyster Grey -kevyt tikattu takki, osterinharmaa"},"content":{"rendered":"","protected":false},"excerpt":{"rendered":"<p>Natalie -takki on t\u00e4ydellinen valinta kev\u00e4t-, semi-sesonki- tai leutoon syysasuun! Oyster Grey -osterinharmaa v\u00e4ri on hieno. T\u00e4m\u00e4 upea takki on eritt\u00e4in mukava k\u00e4ytt\u00e4\u00e4 p\u00e4ivitt\u00e4in. T\u00e4m\u00e4 tikkitakki on todella ajaton &#8211; se on valmistettu korkealaatuisesta, kest\u00e4v\u00e4st\u00e4 ja kevyest\u00e4 materiaalista. T\u00e4ss\u00e4 ihanassa takissa on yhdistetty kaksi erilaista tikattua materiaalia, jotka t\u00e4ydent\u00e4v\u00e4t toisiaan luoden hienostuneen linjan ja t\u00e4ydellisen istuvuuden, jotka vangitsevat ohikulkijoiden ihastuneet katseet. Takin korkea kaulus ja helma ovat s\u00e4\u00e4dett\u00e4viss\u00e4 joustavalla kiristysny\u00f6rill\u00e4. Natalie -takissa on ylelliset kaksisuuntaiset vetoketjut edess\u00e4, sivussa ja taskuissa.<\/p>\n<p>Hihan pituus on hieman tavallista pidempi. Joustavat hihansuut takaavat t\u00e4ydellisen pituuden kaiken pituisille naisille.<\/p>\n<p>Naisellinen Natalie -tikkitakki on suunniteltu istumaan t\u00e4ydellisesti jokaiselle naiselle koosta riippumatta.<\/p>\n<p>P\u00e4ivit\u00e4 oma takkimallistosi modernilla ja upealla Natalie -takilla!<\/p>\n<p>Unelmanpehme\u00e4 \u00a0Powder Rose -v\u00e4rinen ekoturkismateriaalista valmistettu BELIEVE by tuula rossi -huppuhuivi luo upean kokonaisuuden t\u00e4m\u00e4n saman v\u00e4risen Natalie -takin kanssa. Kokeile ja ihastu!<\/p>\n","protected":false},"featured_media":14022,"template":"","meta":{"_acf_changed":false},"product_brand":[],"product_cat":[131],"product_tag":[],"class_list":{"0":"post-15497","1":"product","2":"type-product","3":"status-publish","4":"has-post-thumbnail","6":"product_cat-kevattakit-kesatakit-valisesonkitakit","7":"pa_ewd_uwcf_colors-harmaa","8":"pa_ewd_uwcf_sizes-34-fi","9":"pa_ewd_uwcf_sizes-36-fi","10":"pa_ewd_uwcf_sizes-38-fi","11":"pa_ewd_uwcf_sizes-40-fi","12":"pa_ewd_uwcf_sizes-42-fi","13":"pa_ewd_uwcf_sizes-44-fi","14":"pa_ewd_uwcf_sizes-46-fi","15":"pa_ewd_uwcf_sizes-48-fi","16":"pa_ewd_uwcf_sizes-50-fi","17":"pa_ewd_uwcf_sizes-52-fi","18":"pa_ewd_uwcf_sizes-54-fi","19":"pa_size-34-fi","20":"pa_size-36-fi","21":"pa_size-38-fi","22":"pa_size-40-fi","23":"pa_size-42-fi","24":"pa_size-44-fi","25":"pa_size-46-fi","26":"pa_size-48-fi","27":"pa_size-50-fi","28":"pa_size-52-fi","29":"pa_size-54-fi","30":"product_color-grey-fi","31":"product_size-34-fi","32":"product_size-36-fi","33":"product_size-38-fi","34":"product_size-40-fi","35":"product_size-42-fi","36":"product_size-44-fi","37":"product_size-46-fi","38":"product_size-48-fi","39":"product_size-50-fi","40":"product_size-52-fi","41":"product_size-54-fi","43":"first","44":"instock","45":"taxable","46":"shipping-taxable","47":"purchasable","48":"product-type-variable"},"acf":[],"yoast_head":"<!-- This site is optimized with the Yoast SEO plugin v27.4 - https:\/\/yoast.com\/product\/yoast-seo-wordpress\/ -->\n<title>Natalie Oyster Grey -kevyt tikattu takki, osterinharmaa &#8211; BELIEVE by tuula rossi<\/title>\n<meta name=\"description\" content=\"Natalie Oyster Grey -kevyt tikattu takki ihanassa vaaleanharmaassa v\u00e4riss\u00e4\" \/>\n<meta name=\"robots\" content=\"index, follow, max-snippet:-1, max-image-preview:large, max-video-preview:-1\" \/>\n<link rel=\"canonical\" href=\"https:\/\/believebytuularossi.com\/fi\/tuote\/natalie-oyster-grey-kevyt-tikattu-takki-osterinharmaa\/\" \/>\n<meta property=\"og:locale\" content=\"fi_FI\" \/>\n<meta property=\"og:type\" content=\"article\" \/>\n<meta property=\"og:title\" content=\"Natalie Oyster Grey -kevyt tikattu takki, osterinharmaa &#8211; BELIEVE by tuula rossi\" \/>\n<meta property=\"og:description\" content=\"Natalie Oyster Grey -kevyt tikattu takki ihanassa vaaleanharmaassa v\u00e4riss\u00e4\" \/>\n<meta property=\"og:url\" content=\"https:\/\/believebytuularossi.com\/fi\/tuote\/natalie-oyster-grey-kevyt-tikattu-takki-osterinharmaa\/\" \/>\n<meta property=\"og:site_name\" content=\"BELIEVE by tuula rossi\" \/>\n<meta property=\"article:publisher\" content=\"https:\/\/www.facebook.com\/believebytuularossi\/_gu3udgu0BZPTzcnU\" \/>\n<meta property=\"og:image\" content=\"https:\/\/believebytuularossi.com\/wp-content\/uploads\/2020\/11\/20190620-162728-Believe-by-Tuula-Rossi-0248-Edit_pp.png\" \/>\n\t<meta property=\"og:image:width\" content=\"1365\" \/>\n\t<meta property=\"og:image:height\" content=\"2048\" \/>\n\t<meta property=\"og:image:type\" content=\"image\/png\" \/>\n<meta name=\"twitter:card\" content=\"summary_large_image\" \/>\n<script type=\"application\/ld+json\" class=\"yoast-schema-graph\">{\"@context\":\"https:\\\/\\\/schema.org\",\"@graph\":[{\"@type\":\"WebPage\",\"@id\":\"https:\\\/\\\/believebytuularossi.com\\\/fi\\\/tuote\\\/natalie-oyster-grey-kevyt-tikattu-takki-osterinharmaa\\\/\",\"url\":\"https:\\\/\\\/believebytuularossi.com\\\/fi\\\/tuote\\\/natalie-oyster-grey-kevyt-tikattu-takki-osterinharmaa\\\/\",\"name\":\"Natalie Oyster Grey -kevyt tikattu takki, osterinharmaa &#8211; BELIEVE by tuula rossi\",\"isPartOf\":{\"@id\":\"https:\\\/\\\/believebytuularossi.com\\\/fi\\\/#website\"},\"primaryImageOfPage\":{\"@id\":\"https:\\\/\\\/believebytuularossi.com\\\/fi\\\/tuote\\\/natalie-oyster-grey-kevyt-tikattu-takki-osterinharmaa\\\/#primaryimage\"},\"image\":{\"@id\":\"https:\\\/\\\/believebytuularossi.com\\\/fi\\\/tuote\\\/natalie-oyster-grey-kevyt-tikattu-takki-osterinharmaa\\\/#primaryimage\"},\"thumbnailUrl\":\"https:\\\/\\\/believebytuularossi.com\\\/wp-content\\\/uploads\\\/2020\\\/11\\\/20190620-162728-Believe-by-Tuula-Rossi-0248-Edit_pp.png\",\"datePublished\":\"2020-11-04T12:42:56+00:00\",\"description\":\"Natalie Oyster Grey -kevyt tikattu takki ihanassa vaaleanharmaassa v\u00e4riss\u00e4\",\"breadcrumb\":{\"@id\":\"https:\\\/\\\/believebytuularossi.com\\\/fi\\\/tuote\\\/natalie-oyster-grey-kevyt-tikattu-takki-osterinharmaa\\\/#breadcrumb\"},\"inLanguage\":\"fi\",\"potentialAction\":[{\"@type\":\"ReadAction\",\"target\":[\"https:\\\/\\\/believebytuularossi.com\\\/fi\\\/tuote\\\/natalie-oyster-grey-kevyt-tikattu-takki-osterinharmaa\\\/\"]}]},{\"@type\":\"ImageObject\",\"inLanguage\":\"fi\",\"@id\":\"https:\\\/\\\/believebytuularossi.com\\\/fi\\\/tuote\\\/natalie-oyster-grey-kevyt-tikattu-takki-osterinharmaa\\\/#primaryimage\",\"url\":\"https:\\\/\\\/believebytuularossi.com\\\/wp-content\\\/uploads\\\/2020\\\/11\\\/20190620-162728-Believe-by-Tuula-Rossi-0248-Edit_pp.png\",\"contentUrl\":\"https:\\\/\\\/believebytuularossi.com\\\/wp-content\\\/uploads\\\/2020\\\/11\\\/20190620-162728-Believe-by-Tuula-Rossi-0248-Edit_pp.png\",\"width\":1365,\"height\":2048,\"caption\":\"20190620 162728 Believe by Tuula Rossi 0248 Edit pp\"},{\"@type\":\"BreadcrumbList\",\"@id\":\"https:\\\/\\\/believebytuularossi.com\\\/fi\\\/tuote\\\/natalie-oyster-grey-kevyt-tikattu-takki-osterinharmaa\\\/#breadcrumb\",\"itemListElement\":[{\"@type\":\"ListItem\",\"position\":1,\"name\":\"Home\",\"item\":\"https:\\\/\\\/believebytuularossi.com\\\/fi\\\/\"},{\"@type\":\"ListItem\",\"position\":2,\"name\":\"Shop\",\"item\":\"https:\\\/\\\/believebytuularossi.com\\\/shop\\\/\"},{\"@type\":\"ListItem\",\"position\":3,\"name\":\"Natalie Oyster Grey -kevyt tikattu takki, osterinharmaa\"}]},{\"@type\":\"WebSite\",\"@id\":\"https:\\\/\\\/believebytuularossi.com\\\/fi\\\/#website\",\"url\":\"https:\\\/\\\/believebytuularossi.com\\\/fi\\\/\",\"name\":\"BELIEVE by tuula rossi\",\"description\":\"A unique, luxurious, original outerwear collection created by passion and love for today\u2019s fashionable woman and her desire for timeless style.          Perfect fit for the modern, feminine woman of any age.\",\"publisher\":{\"@id\":\"https:\\\/\\\/believebytuularossi.com\\\/fi\\\/#organization\"},\"potentialAction\":[{\"@type\":\"SearchAction\",\"target\":{\"@type\":\"EntryPoint\",\"urlTemplate\":\"https:\\\/\\\/believebytuularossi.com\\\/fi\\\/?s={search_term_string}\"},\"query-input\":{\"@type\":\"PropertyValueSpecification\",\"valueRequired\":true,\"valueName\":\"search_term_string\"}}],\"inLanguage\":\"fi\"},{\"@type\":\"Organization\",\"@id\":\"https:\\\/\\\/believebytuularossi.com\\\/fi\\\/#organization\",\"name\":\"BELIEVE by tuula rossi\",\"url\":\"https:\\\/\\\/believebytuularossi.com\\\/fi\\\/\",\"logo\":{\"@type\":\"ImageObject\",\"inLanguage\":\"fi\",\"@id\":\"https:\\\/\\\/believebytuularossi.com\\\/fi\\\/#\\\/schema\\\/logo\\\/image\\\/\",\"url\":\"https:\\\/\\\/believebytuularossi.com\\\/wp-content\\\/uploads\\\/2018\\\/08\\\/rossi-logo_new.png\",\"contentUrl\":\"https:\\\/\\\/believebytuularossi.com\\\/wp-content\\\/uploads\\\/2018\\\/08\\\/rossi-logo_new.png\",\"width\":300,\"height\":143,\"caption\":\"BELIEVE by tuula rossi\"},\"image\":{\"@id\":\"https:\\\/\\\/believebytuularossi.com\\\/fi\\\/#\\\/schema\\\/logo\\\/image\\\/\"},\"sameAs\":[\"https:\\\/\\\/www.facebook.com\\\/believebytuularossi\\\/_gu3udgu0BZPTzcnU\",\"https:\\\/\\\/www.instagram.com\\\/believebytuularossi\\\/\",\"https:\\\/\\\/www.pinterest.com\\\/believebytuularossi\\\/\"]}]}<\/script>\n<!-- \/ Yoast SEO plugin. -->","yoast_head_json":{"title":"Natalie Oyster Grey -kevyt tikattu takki, osterinharmaa &#8211; BELIEVE by tuula rossi","description":"Natalie Oyster Grey -kevyt tikattu takki ihanassa vaaleanharmaassa v\u00e4riss\u00e4","robots":{"index":"index","follow":"follow","max-snippet":"max-snippet:-1","max-image-preview":"max-image-preview:large","max-video-preview":"max-video-preview:-1"},"canonical":"https:\/\/believebytuularossi.com\/fi\/tuote\/natalie-oyster-grey-kevyt-tikattu-takki-osterinharmaa\/","og_locale":"fi_FI","og_type":"article","og_title":"Natalie Oyster Grey -kevyt tikattu takki, osterinharmaa &#8211; BELIEVE by tuula rossi","og_description":"Natalie Oyster Grey -kevyt tikattu takki ihanassa vaaleanharmaassa v\u00e4riss\u00e4","og_url":"https:\/\/believebytuularossi.com\/fi\/tuote\/natalie-oyster-grey-kevyt-tikattu-takki-osterinharmaa\/","og_site_name":"BELIEVE by tuula rossi","article_publisher":"https:\/\/www.facebook.com\/believebytuularossi\/_gu3udgu0BZPTzcnU","og_image":[{"width":1365,"height":2048,"url":"https:\/\/believebytuularossi.com\/wp-content\/uploads\/2020\/11\/20190620-162728-Believe-by-Tuula-Rossi-0248-Edit_pp.png","type":"image\/png"}],"twitter_card":"summary_large_image","schema":{"@context":"https:\/\/schema.org","@graph":[{"@type":"WebPage","@id":"https:\/\/believebytuularossi.com\/fi\/tuote\/natalie-oyster-grey-kevyt-tikattu-takki-osterinharmaa\/","url":"https:\/\/believebytuularossi.com\/fi\/tuote\/natalie-oyster-grey-kevyt-tikattu-takki-osterinharmaa\/","name":"Natalie Oyster Grey -kevyt tikattu takki, osterinharmaa &#8211; BELIEVE by tuula rossi","isPartOf":{"@id":"https:\/\/believebytuularossi.com\/fi\/#website"},"primaryImageOfPage":{"@id":"https:\/\/believebytuularossi.com\/fi\/tuote\/natalie-oyster-grey-kevyt-tikattu-takki-osterinharmaa\/#primaryimage"},"image":{"@id":"https:\/\/believebytuularossi.com\/fi\/tuote\/natalie-oyster-grey-kevyt-tikattu-takki-osterinharmaa\/#primaryimage"},"thumbnailUrl":"https:\/\/believebytuularossi.com\/wp-content\/uploads\/2020\/11\/20190620-162728-Believe-by-Tuula-Rossi-0248-Edit_pp.png","datePublished":"2020-11-04T12:42:56+00:00","description":"Natalie Oyster Grey -kevyt tikattu takki ihanassa vaaleanharmaassa v\u00e4riss\u00e4","breadcrumb":{"@id":"https:\/\/believebytuularossi.com\/fi\/tuote\/natalie-oyster-grey-kevyt-tikattu-takki-osterinharmaa\/#breadcrumb"},"inLanguage":"fi","potentialAction":[{"@type":"ReadAction","target":["https:\/\/believebytuularossi.com\/fi\/tuote\/natalie-oyster-grey-kevyt-tikattu-takki-osterinharmaa\/"]}]},{"@type":"ImageObject","inLanguage":"fi","@id":"https:\/\/believebytuularossi.com\/fi\/tuote\/natalie-oyster-grey-kevyt-tikattu-takki-osterinharmaa\/#primaryimage","url":"https:\/\/believebytuularossi.com\/wp-content\/uploads\/2020\/11\/20190620-162728-Believe-by-Tuula-Rossi-0248-Edit_pp.png","contentUrl":"https:\/\/believebytuularossi.com\/wp-content\/uploads\/2020\/11\/20190620-162728-Believe-by-Tuula-Rossi-0248-Edit_pp.png","width":1365,"height":2048,"caption":"20190620 162728 Believe by Tuula Rossi 0248 Edit pp"},{"@type":"BreadcrumbList","@id":"https:\/\/believebytuularossi.com\/fi\/tuote\/natalie-oyster-grey-kevyt-tikattu-takki-osterinharmaa\/#breadcrumb","itemListElement":[{"@type":"ListItem","position":1,"name":"Home","item":"https:\/\/believebytuularossi.com\/fi\/"},{"@type":"ListItem","position":2,"name":"Shop","item":"https:\/\/believebytuularossi.com\/shop\/"},{"@type":"ListItem","position":3,"name":"Natalie Oyster Grey -kevyt tikattu takki, osterinharmaa"}]},{"@type":"WebSite","@id":"https:\/\/believebytuularossi.com\/fi\/#website","url":"https:\/\/believebytuularossi.com\/fi\/","name":"BELIEVE by tuula rossi","description":"A unique, luxurious, original outerwear collection created by passion and love for today\u2019s fashionable woman and her desire for timeless style.          Perfect fit for the modern, feminine woman of any age.","publisher":{"@id":"https:\/\/believebytuularossi.com\/fi\/#organization"},"potentialAction":[{"@type":"SearchAction","target":{"@type":"EntryPoint","urlTemplate":"https:\/\/believebytuularossi.com\/fi\/?s={search_term_string}"},"query-input":{"@type":"PropertyValueSpecification","valueRequired":true,"valueName":"search_term_string"}}],"inLanguage":"fi"},{"@type":"Organization","@id":"https:\/\/believebytuularossi.com\/fi\/#organization","name":"BELIEVE by tuula rossi","url":"https:\/\/believebytuularossi.com\/fi\/","logo":{"@type":"ImageObject","inLanguage":"fi","@id":"https:\/\/believebytuularossi.com\/fi\/#\/schema\/logo\/image\/","url":"https:\/\/believebytuularossi.com\/wp-content\/uploads\/2018\/08\/rossi-logo_new.png","contentUrl":"https:\/\/believebytuularossi.com\/wp-content\/uploads\/2018\/08\/rossi-logo_new.png","width":300,"height":143,"caption":"BELIEVE by tuula rossi"},"image":{"@id":"https:\/\/believebytuularossi.com\/fi\/#\/schema\/logo\/image\/"},"sameAs":["https:\/\/www.facebook.com\/believebytuularossi\/_gu3udgu0BZPTzcnU","https:\/\/www.instagram.com\/believebytuularossi\/","https:\/\/www.pinterest.com\/believebytuularossi\/"]}]}},"_links":{"self":[{"href":"https:\/\/believebytuularossi.com\/fi\/wp-json\/wp\/v2\/product\/15497","targetHints":{"allow":["GET"]}}],"collection":[{"href":"https:\/\/believebytuularossi.com\/fi\/wp-json\/wp\/v2\/product"}],"about":[{"href":"https:\/\/believebytuularossi.com\/fi\/wp-json\/wp\/v2\/types\/product"}],"wp:featuredmedia":[{"embeddable":true,"href":"https:\/\/believebytuularossi.com\/fi\/wp-json\/wp\/v2\/media\/14022"}],"wp:attachment":[{"href":"https:\/\/believebytuularossi.com\/fi\/wp-json\/wp\/v2\/media?parent=15497"}],"wp:term":[{"taxonomy":"product_brand","embeddable":true,"href":"https:\/\/believebytuularossi.com\/fi\/wp-json\/wp\/v2\/product_brand?post=15497"},{"taxonomy":"product_cat","embeddable":true,"href":"https:\/\/believebytuularossi.com\/fi\/wp-json\/wp\/v2\/product_cat?post=15497"},{"taxonomy":"product_tag","embeddable":true,"href":"https:\/\/believebytuularossi.com\/fi\/wp-json\/wp\/v2\/product_tag?post=15497"}],"curies":[{"name":"wp","href":"https:\/\/api.w.org\/{rel}","templated":true}]}}