{"id":15545,"date":"2020-11-04T12:18:18","date_gmt":"2020-11-04T11:18:18","guid":{"rendered":"https:\/\/believebytuularossi.com\/product\/kristen-cool-navy-tikattu-takki-ekoturkisreunuksella-tummansininen\/"},"modified":"2025-02-04T12:37:33","modified_gmt":"2025-02-04T11:37:33","slug":"kristen-cool-navy-tikattu-takki-ekoturkisreunuksella-tummansininen","status":"publish","type":"product","link":"https:\/\/believebytuularossi.com\/fi\/tuote\/kristen-cool-navy-tikattu-takki-ekoturkisreunuksella-tummansininen\/","title":{"rendered":"Kristen Cool Navy -tikattu takki ekoturkisreunuksella, tummansininen"},"content":{"rendered":"","protected":false},"excerpt":{"rendered":"<p>Kristen -takki on t\u00e4ydellinen naisille, jotka rakastavat ajatonta ja laadukasta muotia. Kuninkaallinen tummansininen v\u00e4ri on hieno ja tyylik\u00e4s. T\u00e4m\u00e4 moderni takki on helppo yhdist\u00e4\u00e4 erilaisiin asuihin. Ihana unelmanpehme\u00e4 ekoturkiskaulus, hihansuut ja taskujen sis\u00e4puolet pit\u00e4v\u00e4t sinut l\u00e4mpim\u00e4n\u00e4 talvip\u00e4ivin\u00e4. Takin tyylikk\u00e4\u00e4t kaksinkertaiset taskut ylellisill\u00e4 pitkill\u00e4 kaksisuuntaisilla vetoketjuilla antavat vartalollesi hienostunutta ilmett\u00e4. Takki on suunniteltu istumaan t\u00e4ydellisesti jokaiselle naiselle koosta riippumatta. Kristen-takki on valmistettu huippulaadukkaista kest\u00e4vist\u00e4 materiaaleista ja on konepest\u00e4v\u00e4!<\/p>\n<p>Kristen -takin hihan pituus on hieman tavallista pidempi. S\u00e4\u00e4dett\u00e4v\u00e4t k\u00e4\u00e4nnett\u00e4v\u00e4t hihansuut takaavat t\u00e4ydellisen pituuden kaiken pituisille naisille. Hihoissa on raikas keltainen vuori,\u00a0joka on yksi BELIEVE by tuula rossi malliston erityispiirteist\u00e4. Me uskomme, ett\u00e4 keltainen viiva logossamme ja tuotteidemme yksityiskohdissa kuten my\u00f6s raikkaat takkiemme v\u00e4rit tuovat valoa ja positiivista energiaa el\u00e4m\u00e4\u00e4si.<\/p>\n<p>Tyylik\u00e4s Kristen -tikkitakki saa sinut n\u00e4ytt\u00e4m\u00e4\u00e4n upealta!<\/p>\n","protected":false},"featured_media":13966,"template":"","meta":{"_acf_changed":false},"product_brand":[],"product_cat":[130],"product_tag":[],"class_list":{"0":"post-15545","1":"product","2":"type-product","3":"status-publish","4":"has-post-thumbnail","6":"product_cat-syksytakit-talvitakit","7":"pa_ewd_uwcf_colors-navy","8":"pa_ewd_uwcf_colors-tummansininen","9":"pa_size-34-fi","10":"pa_size-36-fi","11":"pa_size-38-fi","12":"pa_size-40-fi","13":"pa_size-42-fi","14":"pa_size-44-fi","15":"pa_size-46-fi","16":"pa_size-48-fi","17":"pa_size-50-fi","18":"pa_size-52-fi","19":"pa_size-54-fi","20":"product_color-navy-fi","22":"first","23":"instock","24":"taxable","25":"shipping-taxable","26":"purchasable","27":"product-type-variable"},"acf":[],"yoast_head":"<!-- This site is optimized with the Yoast SEO plugin v27.3 - https:\/\/yoast.com\/product\/yoast-seo-wordpress\/ -->\n<title>Kristen Cool Navy -tikattu takki ekoturkisreunuksella, tummansininen &#8211; BELIEVE by tuula rossi<\/title>\n<meta name=\"description\" content=\"Kristen Cool Navy-tummansininen tikattu takki ekoturkisreunuksella saa jokaisen naisen n\u00e4ytt\u00e4m\u00e4\u00e4n upealta!\" \/>\n<meta name=\"robots\" content=\"index, follow, max-snippet:-1, max-image-preview:large, max-video-preview:-1\" \/>\n<link rel=\"canonical\" href=\"https:\/\/believebytuularossi.com\/fi\/tuote\/kristen-cool-navy-tikattu-takki-ekoturkisreunuksella-tummansininen\/\" \/>\n<meta property=\"og:locale\" content=\"fi_FI\" \/>\n<meta property=\"og:type\" content=\"article\" \/>\n<meta property=\"og:title\" content=\"Kristen Cool Navy -tikattu takki ekoturkisreunuksella, tummansininen &#8211; BELIEVE by tuula rossi\" \/>\n<meta property=\"og:description\" content=\"Kristen Cool Navy-tummansininen tikattu takki ekoturkisreunuksella saa jokaisen naisen n\u00e4ytt\u00e4m\u00e4\u00e4n upealta!\" \/>\n<meta property=\"og:url\" content=\"https:\/\/believebytuularossi.com\/fi\/tuote\/kristen-cool-navy-tikattu-takki-ekoturkisreunuksella-tummansininen\/\" \/>\n<meta property=\"og:site_name\" content=\"BELIEVE by tuula rossi\" \/>\n<meta property=\"article:publisher\" content=\"https:\/\/www.facebook.com\/believebytuularossi\/_gu3udgu0BZPTzcnU\" \/>\n<meta property=\"article:modified_time\" content=\"2025-02-04T11:37:33+00:00\" \/>\n<meta property=\"og:image\" content=\"https:\/\/believebytuularossi.com\/wp-content\/uploads\/2020\/11\/20191220-182951-Believe-by-Tuula-Rossi-0319-small.png\" \/>\n\t<meta property=\"og:image:width\" content=\"915\" \/>\n\t<meta property=\"og:image:height\" content=\"1372\" \/>\n\t<meta property=\"og:image:type\" content=\"image\/png\" \/>\n<meta name=\"twitter:card\" content=\"summary_large_image\" \/>\n<meta name=\"twitter:label1\" content=\"Arvioitu lukuaika\" \/>\n\t<meta name=\"twitter:data1\" content=\"1 minuutti\" \/>\n<script type=\"application\/ld+json\" class=\"yoast-schema-graph\">{\"@context\":\"https:\\\/\\\/schema.org\",\"@graph\":[{\"@type\":\"WebPage\",\"@id\":\"https:\\\/\\\/believebytuularossi.com\\\/fi\\\/tuote\\\/kristen-cool-navy-tikattu-takki-ekoturkisreunuksella-tummansininen\\\/\",\"url\":\"https:\\\/\\\/believebytuularossi.com\\\/fi\\\/tuote\\\/kristen-cool-navy-tikattu-takki-ekoturkisreunuksella-tummansininen\\\/\",\"name\":\"Kristen Cool Navy -tikattu takki ekoturkisreunuksella, tummansininen &#8211; BELIEVE by tuula rossi\",\"isPartOf\":{\"@id\":\"https:\\\/\\\/believebytuularossi.com\\\/fi\\\/#website\"},\"primaryImageOfPage\":{\"@id\":\"https:\\\/\\\/believebytuularossi.com\\\/fi\\\/tuote\\\/kristen-cool-navy-tikattu-takki-ekoturkisreunuksella-tummansininen\\\/#primaryimage\"},\"image\":{\"@id\":\"https:\\\/\\\/believebytuularossi.com\\\/fi\\\/tuote\\\/kristen-cool-navy-tikattu-takki-ekoturkisreunuksella-tummansininen\\\/#primaryimage\"},\"thumbnailUrl\":\"https:\\\/\\\/believebytuularossi.com\\\/wp-content\\\/uploads\\\/2020\\\/11\\\/20191220-182951-Believe-by-Tuula-Rossi-0319-small.png\",\"datePublished\":\"2020-11-04T11:18:18+00:00\",\"dateModified\":\"2025-02-04T11:37:33+00:00\",\"description\":\"Kristen Cool Navy-tummansininen tikattu takki ekoturkisreunuksella saa jokaisen naisen n\u00e4ytt\u00e4m\u00e4\u00e4n upealta!\",\"breadcrumb\":{\"@id\":\"https:\\\/\\\/believebytuularossi.com\\\/fi\\\/tuote\\\/kristen-cool-navy-tikattu-takki-ekoturkisreunuksella-tummansininen\\\/#breadcrumb\"},\"inLanguage\":\"fi\",\"potentialAction\":[{\"@type\":\"ReadAction\",\"target\":[\"https:\\\/\\\/believebytuularossi.com\\\/fi\\\/tuote\\\/kristen-cool-navy-tikattu-takki-ekoturkisreunuksella-tummansininen\\\/\"]}]},{\"@type\":\"ImageObject\",\"inLanguage\":\"fi\",\"@id\":\"https:\\\/\\\/believebytuularossi.com\\\/fi\\\/tuote\\\/kristen-cool-navy-tikattu-takki-ekoturkisreunuksella-tummansininen\\\/#primaryimage\",\"url\":\"https:\\\/\\\/believebytuularossi.com\\\/wp-content\\\/uploads\\\/2020\\\/11\\\/20191220-182951-Believe-by-Tuula-Rossi-0319-small.png\",\"contentUrl\":\"https:\\\/\\\/believebytuularossi.com\\\/wp-content\\\/uploads\\\/2020\\\/11\\\/20191220-182951-Believe-by-Tuula-Rossi-0319-small.png\",\"width\":915,\"height\":1372,\"caption\":\"20191220 182951 Believe by Tuula Rossi 0319 small\"},{\"@type\":\"BreadcrumbList\",\"@id\":\"https:\\\/\\\/believebytuularossi.com\\\/fi\\\/tuote\\\/kristen-cool-navy-tikattu-takki-ekoturkisreunuksella-tummansininen\\\/#breadcrumb\",\"itemListElement\":[{\"@type\":\"ListItem\",\"position\":1,\"name\":\"Home\",\"item\":\"https:\\\/\\\/believebytuularossi.com\\\/fi\\\/\"},{\"@type\":\"ListItem\",\"position\":2,\"name\":\"Shop\",\"item\":\"https:\\\/\\\/believebytuularossi.com\\\/shop\\\/\"},{\"@type\":\"ListItem\",\"position\":3,\"name\":\"Kristen Cool Navy -tikattu takki ekoturkisreunuksella, tummansininen\"}]},{\"@type\":\"WebSite\",\"@id\":\"https:\\\/\\\/believebytuularossi.com\\\/fi\\\/#website\",\"url\":\"https:\\\/\\\/believebytuularossi.com\\\/fi\\\/\",\"name\":\"BELIEVE by tuula rossi\",\"description\":\"A unique, luxurious, original outerwear collection created by passion and love for today\u2019s fashionable woman and her desire for timeless style.          Perfect fit for the modern, feminine woman of any age.\",\"publisher\":{\"@id\":\"https:\\\/\\\/believebytuularossi.com\\\/fi\\\/#organization\"},\"potentialAction\":[{\"@type\":\"SearchAction\",\"target\":{\"@type\":\"EntryPoint\",\"urlTemplate\":\"https:\\\/\\\/believebytuularossi.com\\\/fi\\\/?s={search_term_string}\"},\"query-input\":{\"@type\":\"PropertyValueSpecification\",\"valueRequired\":true,\"valueName\":\"search_term_string\"}}],\"inLanguage\":\"fi\"},{\"@type\":\"Organization\",\"@id\":\"https:\\\/\\\/believebytuularossi.com\\\/fi\\\/#organization\",\"name\":\"BELIEVE by tuula rossi\",\"url\":\"https:\\\/\\\/believebytuularossi.com\\\/fi\\\/\",\"logo\":{\"@type\":\"ImageObject\",\"inLanguage\":\"fi\",\"@id\":\"https:\\\/\\\/believebytuularossi.com\\\/fi\\\/#\\\/schema\\\/logo\\\/image\\\/\",\"url\":\"https:\\\/\\\/believebytuularossi.com\\\/wp-content\\\/uploads\\\/2018\\\/08\\\/rossi-logo_new.png\",\"contentUrl\":\"https:\\\/\\\/believebytuularossi.com\\\/wp-content\\\/uploads\\\/2018\\\/08\\\/rossi-logo_new.png\",\"width\":300,\"height\":143,\"caption\":\"BELIEVE by tuula rossi\"},\"image\":{\"@id\":\"https:\\\/\\\/believebytuularossi.com\\\/fi\\\/#\\\/schema\\\/logo\\\/image\\\/\"},\"sameAs\":[\"https:\\\/\\\/www.facebook.com\\\/believebytuularossi\\\/_gu3udgu0BZPTzcnU\",\"https:\\\/\\\/www.instagram.com\\\/believebytuularossi\\\/\",\"https:\\\/\\\/www.pinterest.com\\\/believebytuularossi\\\/\"]}]}<\/script>\n<!-- \/ Yoast SEO plugin. -->","yoast_head_json":{"title":"Kristen Cool Navy -tikattu takki ekoturkisreunuksella, tummansininen &#8211; BELIEVE by tuula rossi","description":"Kristen Cool Navy-tummansininen tikattu takki ekoturkisreunuksella saa jokaisen naisen n\u00e4ytt\u00e4m\u00e4\u00e4n upealta!","robots":{"index":"index","follow":"follow","max-snippet":"max-snippet:-1","max-image-preview":"max-image-preview:large","max-video-preview":"max-video-preview:-1"},"canonical":"https:\/\/believebytuularossi.com\/fi\/tuote\/kristen-cool-navy-tikattu-takki-ekoturkisreunuksella-tummansininen\/","og_locale":"fi_FI","og_type":"article","og_title":"Kristen Cool Navy -tikattu takki ekoturkisreunuksella, tummansininen &#8211; BELIEVE by tuula rossi","og_description":"Kristen Cool Navy-tummansininen tikattu takki ekoturkisreunuksella saa jokaisen naisen n\u00e4ytt\u00e4m\u00e4\u00e4n upealta!","og_url":"https:\/\/believebytuularossi.com\/fi\/tuote\/kristen-cool-navy-tikattu-takki-ekoturkisreunuksella-tummansininen\/","og_site_name":"BELIEVE by tuula rossi","article_publisher":"https:\/\/www.facebook.com\/believebytuularossi\/_gu3udgu0BZPTzcnU","article_modified_time":"2025-02-04T11:37:33+00:00","og_image":[{"width":915,"height":1372,"url":"https:\/\/believebytuularossi.com\/wp-content\/uploads\/2020\/11\/20191220-182951-Believe-by-Tuula-Rossi-0319-small.png","type":"image\/png"}],"twitter_card":"summary_large_image","twitter_misc":{"Arvioitu lukuaika":"1 minuutti"},"schema":{"@context":"https:\/\/schema.org","@graph":[{"@type":"WebPage","@id":"https:\/\/believebytuularossi.com\/fi\/tuote\/kristen-cool-navy-tikattu-takki-ekoturkisreunuksella-tummansininen\/","url":"https:\/\/believebytuularossi.com\/fi\/tuote\/kristen-cool-navy-tikattu-takki-ekoturkisreunuksella-tummansininen\/","name":"Kristen Cool Navy -tikattu takki ekoturkisreunuksella, tummansininen &#8211; BELIEVE by tuula rossi","isPartOf":{"@id":"https:\/\/believebytuularossi.com\/fi\/#website"},"primaryImageOfPage":{"@id":"https:\/\/believebytuularossi.com\/fi\/tuote\/kristen-cool-navy-tikattu-takki-ekoturkisreunuksella-tummansininen\/#primaryimage"},"image":{"@id":"https:\/\/believebytuularossi.com\/fi\/tuote\/kristen-cool-navy-tikattu-takki-ekoturkisreunuksella-tummansininen\/#primaryimage"},"thumbnailUrl":"https:\/\/believebytuularossi.com\/wp-content\/uploads\/2020\/11\/20191220-182951-Believe-by-Tuula-Rossi-0319-small.png","datePublished":"2020-11-04T11:18:18+00:00","dateModified":"2025-02-04T11:37:33+00:00","description":"Kristen Cool Navy-tummansininen tikattu takki ekoturkisreunuksella saa jokaisen naisen n\u00e4ytt\u00e4m\u00e4\u00e4n upealta!","breadcrumb":{"@id":"https:\/\/believebytuularossi.com\/fi\/tuote\/kristen-cool-navy-tikattu-takki-ekoturkisreunuksella-tummansininen\/#breadcrumb"},"inLanguage":"fi","potentialAction":[{"@type":"ReadAction","target":["https:\/\/believebytuularossi.com\/fi\/tuote\/kristen-cool-navy-tikattu-takki-ekoturkisreunuksella-tummansininen\/"]}]},{"@type":"ImageObject","inLanguage":"fi","@id":"https:\/\/believebytuularossi.com\/fi\/tuote\/kristen-cool-navy-tikattu-takki-ekoturkisreunuksella-tummansininen\/#primaryimage","url":"https:\/\/believebytuularossi.com\/wp-content\/uploads\/2020\/11\/20191220-182951-Believe-by-Tuula-Rossi-0319-small.png","contentUrl":"https:\/\/believebytuularossi.com\/wp-content\/uploads\/2020\/11\/20191220-182951-Believe-by-Tuula-Rossi-0319-small.png","width":915,"height":1372,"caption":"20191220 182951 Believe by Tuula Rossi 0319 small"},{"@type":"BreadcrumbList","@id":"https:\/\/believebytuularossi.com\/fi\/tuote\/kristen-cool-navy-tikattu-takki-ekoturkisreunuksella-tummansininen\/#breadcrumb","itemListElement":[{"@type":"ListItem","position":1,"name":"Home","item":"https:\/\/believebytuularossi.com\/fi\/"},{"@type":"ListItem","position":2,"name":"Shop","item":"https:\/\/believebytuularossi.com\/shop\/"},{"@type":"ListItem","position":3,"name":"Kristen Cool Navy -tikattu takki ekoturkisreunuksella, tummansininen"}]},{"@type":"WebSite","@id":"https:\/\/believebytuularossi.com\/fi\/#website","url":"https:\/\/believebytuularossi.com\/fi\/","name":"BELIEVE by tuula rossi","description":"A unique, luxurious, original outerwear collection created by passion and love for today\u2019s fashionable woman and her desire for timeless style.          Perfect fit for the modern, feminine woman of any age.","publisher":{"@id":"https:\/\/believebytuularossi.com\/fi\/#organization"},"potentialAction":[{"@type":"SearchAction","target":{"@type":"EntryPoint","urlTemplate":"https:\/\/believebytuularossi.com\/fi\/?s={search_term_string}"},"query-input":{"@type":"PropertyValueSpecification","valueRequired":true,"valueName":"search_term_string"}}],"inLanguage":"fi"},{"@type":"Organization","@id":"https:\/\/believebytuularossi.com\/fi\/#organization","name":"BELIEVE by tuula rossi","url":"https:\/\/believebytuularossi.com\/fi\/","logo":{"@type":"ImageObject","inLanguage":"fi","@id":"https:\/\/believebytuularossi.com\/fi\/#\/schema\/logo\/image\/","url":"https:\/\/believebytuularossi.com\/wp-content\/uploads\/2018\/08\/rossi-logo_new.png","contentUrl":"https:\/\/believebytuularossi.com\/wp-content\/uploads\/2018\/08\/rossi-logo_new.png","width":300,"height":143,"caption":"BELIEVE by tuula rossi"},"image":{"@id":"https:\/\/believebytuularossi.com\/fi\/#\/schema\/logo\/image\/"},"sameAs":["https:\/\/www.facebook.com\/believebytuularossi\/_gu3udgu0BZPTzcnU","https:\/\/www.instagram.com\/believebytuularossi\/","https:\/\/www.pinterest.com\/believebytuularossi\/"]}]}},"_links":{"self":[{"href":"https:\/\/believebytuularossi.com\/fi\/wp-json\/wp\/v2\/product\/15545","targetHints":{"allow":["GET"]}}],"collection":[{"href":"https:\/\/believebytuularossi.com\/fi\/wp-json\/wp\/v2\/product"}],"about":[{"href":"https:\/\/believebytuularossi.com\/fi\/wp-json\/wp\/v2\/types\/product"}],"wp:featuredmedia":[{"embeddable":true,"href":"https:\/\/believebytuularossi.com\/fi\/wp-json\/wp\/v2\/media\/13966"}],"wp:attachment":[{"href":"https:\/\/believebytuularossi.com\/fi\/wp-json\/wp\/v2\/media?parent=15545"}],"wp:term":[{"taxonomy":"product_brand","embeddable":true,"href":"https:\/\/believebytuularossi.com\/fi\/wp-json\/wp\/v2\/product_brand?post=15545"},{"taxonomy":"product_cat","embeddable":true,"href":"https:\/\/believebytuularossi.com\/fi\/wp-json\/wp\/v2\/product_cat?post=15545"},{"taxonomy":"product_tag","embeddable":true,"href":"https:\/\/believebytuularossi.com\/fi\/wp-json\/wp\/v2\/product_tag?post=15545"}],"curies":[{"name":"wp","href":"https:\/\/api.w.org\/{rel}","templated":true}]}}