{"id":15583,"date":"2020-11-04T11:56:39","date_gmt":"2020-11-04T10:56:39","guid":{"rendered":"https:\/\/believebytuularossi.com\/product\/helen-powder-rose-tikattu-takki-ekoturkiksella-ruusunvaaleanpunainen\/"},"modified":"2020-11-04T11:56:39","modified_gmt":"2020-11-04T10:56:39","slug":"helen-powder-rose-tikattu-takki-ekoturkiksella-ruusunvaaleanpunainen","status":"publish","type":"product","link":"https:\/\/believebytuularossi.com\/fi\/tuote\/helen-powder-rose-tikattu-takki-ekoturkiksella-ruusunvaaleanpunainen\/","title":{"rendered":"Helen Powder Rose -tikattu takki ekoturkiksella, vaaleanpunainen"},"content":{"rendered":"","protected":false},"excerpt":{"rendered":"<p>Tervehdi t\u00e4t\u00e4 ihanaa ja trendik\u00e4st\u00e4 Powder Rose -vaaleanpunaisen s\u00e4vy\u00e4! T\u00e4m\u00e4 v\u00e4ri edustaa naisellisuutta, ikuista nuoruutta ja se on eritt\u00e4in kaunis. T\u00e4m\u00e4 upea, ajaton ja t\u00e4ydellisesti istuva tikattu takki imartelee vartaloasi koostasi riippumatta! Kevyess\u00e4 Helen -takissa yhdistyv\u00e4t kaunis tikattu takkimateriaali ja unelmanpehme\u00e4 ekoturkis. S\u00e4\u00e4dett\u00e4v\u00e4 iso turkiskaulus pit\u00e4\u00e4 sinut l\u00e4mpim\u00e4n\u00e4 talven, loppusyksyn ja alkukev\u00e4\u00e4n pakkasp\u00e4ivin\u00e4. Eritt\u00e4in miellytt\u00e4v\u00e4n tuntuinen ekoturkki on takin yksityiskohtana edess\u00e4 ja sis\u00e4taskuissa. Helen Powder Rose -takissa on ylelliset kaksisuuntaiset vetoketjut, jotka korostavat vartalosi naisellisuutta. S\u00e4\u00e4dett\u00e4v\u00e4n helman ansiosta takki sopii erinomaisesti my\u00f6s kapeille vartalotyypeille.<\/p>\n<p>Hihan pituus on hieman tavallista pidempi. Joustavat hihansuut takaavat t\u00e4ydellisen pituuden kaiken pituisille naisille.<\/p>\n<p>Hihoissa on raikkaan keltainen vuori,\u00a0joka on yksi BELIEVE by tuula rossi -malliston erityispiirteist\u00e4. Me uskomme, ett\u00e4 keltainen viiva logossamme ja tuotteidemme yksityiskohdat, kuten kirkkaat takkiemme v\u00e4rit, tuovat valoa ja positiivista energiaa el\u00e4m\u00e4\u00e4si.<\/p>\n<p>P\u00e4ivit\u00e4 takkimallistosi t\u00e4ll\u00e4 tyylikk\u00e4\u00e4ll\u00e4, laadukkaalla ja t\u00e4ydellisesti istuvalla Helen -takilla!<\/p>\n","protected":false},"featured_media":13962,"template":"","meta":{"_acf_changed":false},"product_brand":[],"product_cat":[130],"product_tag":[],"class_list":{"0":"post-15583","1":"product","2":"type-product","3":"status-publish","4":"has-post-thumbnail","6":"product_cat-syksytakit-talvitakit","7":"pa_ewd_uwcf_colors-vaaleanpunainen","8":"pa_size-34-fi","9":"pa_size-36-fi","10":"pa_size-38-fi","11":"pa_size-40-fi","12":"pa_size-42-fi","13":"pa_size-44-fi","14":"pa_size-46-fi","15":"pa_size-48-fi","16":"pa_size-50-fi","17":"pa_size-52-fi","18":"pa_size-54-fi","19":"product_color-rose-fi","21":"first","22":"instock","23":"taxable","24":"shipping-taxable","25":"purchasable","26":"product-type-variable"},"acf":[],"yoast_head":"<!-- This site is optimized with the Yoast SEO plugin v27.4 - https:\/\/yoast.com\/product\/yoast-seo-wordpress\/ -->\n<title>Helen Powder Rose -tikattu takki ekoturkiksella, vaaleanpunainen &#8211; BELIEVE by tuula rossi<\/title>\n<meta name=\"description\" content=\"Helen Powder Rose -tikattu takki ekoturkiksella vaaleanpunaisena korostaa vartalosi naisellisuutta\" \/>\n<meta name=\"robots\" content=\"index, follow, max-snippet:-1, max-image-preview:large, max-video-preview:-1\" \/>\n<link rel=\"canonical\" href=\"https:\/\/believebytuularossi.com\/fi\/tuote\/helen-powder-rose-tikattu-takki-ekoturkiksella-ruusunvaaleanpunainen\/\" \/>\n<meta property=\"og:locale\" content=\"fi_FI\" \/>\n<meta property=\"og:type\" content=\"article\" \/>\n<meta property=\"og:title\" content=\"Helen Powder Rose -tikattu takki ekoturkiksella, vaaleanpunainen &#8211; BELIEVE by tuula rossi\" \/>\n<meta property=\"og:description\" content=\"Helen Powder Rose -tikattu takki ekoturkiksella vaaleanpunaisena korostaa vartalosi naisellisuutta\" \/>\n<meta property=\"og:url\" content=\"https:\/\/believebytuularossi.com\/fi\/tuote\/helen-powder-rose-tikattu-takki-ekoturkiksella-ruusunvaaleanpunainen\/\" \/>\n<meta property=\"og:site_name\" content=\"BELIEVE by tuula rossi\" \/>\n<meta property=\"article:publisher\" content=\"https:\/\/www.facebook.com\/believebytuularossi\/_gu3udgu0BZPTzcnU\" \/>\n<meta property=\"og:image\" content=\"https:\/\/believebytuularossi.com\/wp-content\/uploads\/2020\/11\/20191220-192249-Believe-by-Tuula-Rossi-0372-small.png\" \/>\n\t<meta property=\"og:image:width\" content=\"810\" \/>\n\t<meta property=\"og:image:height\" content=\"1215\" \/>\n\t<meta property=\"og:image:type\" content=\"image\/png\" \/>\n<meta name=\"twitter:card\" content=\"summary_large_image\" \/>\n<script type=\"application\/ld+json\" class=\"yoast-schema-graph\">{\"@context\":\"https:\\\/\\\/schema.org\",\"@graph\":[{\"@type\":\"WebPage\",\"@id\":\"https:\\\/\\\/believebytuularossi.com\\\/fi\\\/tuote\\\/helen-powder-rose-tikattu-takki-ekoturkiksella-ruusunvaaleanpunainen\\\/\",\"url\":\"https:\\\/\\\/believebytuularossi.com\\\/fi\\\/tuote\\\/helen-powder-rose-tikattu-takki-ekoturkiksella-ruusunvaaleanpunainen\\\/\",\"name\":\"Helen Powder Rose -tikattu takki ekoturkiksella, vaaleanpunainen &#8211; BELIEVE by tuula rossi\",\"isPartOf\":{\"@id\":\"https:\\\/\\\/believebytuularossi.com\\\/fi\\\/#website\"},\"primaryImageOfPage\":{\"@id\":\"https:\\\/\\\/believebytuularossi.com\\\/fi\\\/tuote\\\/helen-powder-rose-tikattu-takki-ekoturkiksella-ruusunvaaleanpunainen\\\/#primaryimage\"},\"image\":{\"@id\":\"https:\\\/\\\/believebytuularossi.com\\\/fi\\\/tuote\\\/helen-powder-rose-tikattu-takki-ekoturkiksella-ruusunvaaleanpunainen\\\/#primaryimage\"},\"thumbnailUrl\":\"https:\\\/\\\/believebytuularossi.com\\\/wp-content\\\/uploads\\\/2020\\\/11\\\/20191220-192249-Believe-by-Tuula-Rossi-0372-small.png\",\"datePublished\":\"2020-11-04T10:56:39+00:00\",\"description\":\"Helen Powder Rose -tikattu takki ekoturkiksella vaaleanpunaisena korostaa vartalosi naisellisuutta\",\"breadcrumb\":{\"@id\":\"https:\\\/\\\/believebytuularossi.com\\\/fi\\\/tuote\\\/helen-powder-rose-tikattu-takki-ekoturkiksella-ruusunvaaleanpunainen\\\/#breadcrumb\"},\"inLanguage\":\"fi\",\"potentialAction\":[{\"@type\":\"ReadAction\",\"target\":[\"https:\\\/\\\/believebytuularossi.com\\\/fi\\\/tuote\\\/helen-powder-rose-tikattu-takki-ekoturkiksella-ruusunvaaleanpunainen\\\/\"]}]},{\"@type\":\"ImageObject\",\"inLanguage\":\"fi\",\"@id\":\"https:\\\/\\\/believebytuularossi.com\\\/fi\\\/tuote\\\/helen-powder-rose-tikattu-takki-ekoturkiksella-ruusunvaaleanpunainen\\\/#primaryimage\",\"url\":\"https:\\\/\\\/believebytuularossi.com\\\/wp-content\\\/uploads\\\/2020\\\/11\\\/20191220-192249-Believe-by-Tuula-Rossi-0372-small.png\",\"contentUrl\":\"https:\\\/\\\/believebytuularossi.com\\\/wp-content\\\/uploads\\\/2020\\\/11\\\/20191220-192249-Believe-by-Tuula-Rossi-0372-small.png\",\"width\":810,\"height\":1215,\"caption\":\"20191220 192249 Believe by Tuula Rossi 0372 small\"},{\"@type\":\"BreadcrumbList\",\"@id\":\"https:\\\/\\\/believebytuularossi.com\\\/fi\\\/tuote\\\/helen-powder-rose-tikattu-takki-ekoturkiksella-ruusunvaaleanpunainen\\\/#breadcrumb\",\"itemListElement\":[{\"@type\":\"ListItem\",\"position\":1,\"name\":\"Home\",\"item\":\"https:\\\/\\\/believebytuularossi.com\\\/fi\\\/\"},{\"@type\":\"ListItem\",\"position\":2,\"name\":\"Shop\",\"item\":\"https:\\\/\\\/believebytuularossi.com\\\/shop\\\/\"},{\"@type\":\"ListItem\",\"position\":3,\"name\":\"Helen Powder Rose -tikattu takki ekoturkiksella, vaaleanpunainen\"}]},{\"@type\":\"WebSite\",\"@id\":\"https:\\\/\\\/believebytuularossi.com\\\/fi\\\/#website\",\"url\":\"https:\\\/\\\/believebytuularossi.com\\\/fi\\\/\",\"name\":\"BELIEVE by tuula rossi\",\"description\":\"A unique, luxurious, original outerwear collection created by passion and love for today\u2019s fashionable woman and her desire for timeless style.          Perfect fit for the modern, feminine woman of any age.\",\"publisher\":{\"@id\":\"https:\\\/\\\/believebytuularossi.com\\\/fi\\\/#organization\"},\"potentialAction\":[{\"@type\":\"SearchAction\",\"target\":{\"@type\":\"EntryPoint\",\"urlTemplate\":\"https:\\\/\\\/believebytuularossi.com\\\/fi\\\/?s={search_term_string}\"},\"query-input\":{\"@type\":\"PropertyValueSpecification\",\"valueRequired\":true,\"valueName\":\"search_term_string\"}}],\"inLanguage\":\"fi\"},{\"@type\":\"Organization\",\"@id\":\"https:\\\/\\\/believebytuularossi.com\\\/fi\\\/#organization\",\"name\":\"BELIEVE by tuula rossi\",\"url\":\"https:\\\/\\\/believebytuularossi.com\\\/fi\\\/\",\"logo\":{\"@type\":\"ImageObject\",\"inLanguage\":\"fi\",\"@id\":\"https:\\\/\\\/believebytuularossi.com\\\/fi\\\/#\\\/schema\\\/logo\\\/image\\\/\",\"url\":\"https:\\\/\\\/believebytuularossi.com\\\/wp-content\\\/uploads\\\/2018\\\/08\\\/rossi-logo_new.png\",\"contentUrl\":\"https:\\\/\\\/believebytuularossi.com\\\/wp-content\\\/uploads\\\/2018\\\/08\\\/rossi-logo_new.png\",\"width\":300,\"height\":143,\"caption\":\"BELIEVE by tuula rossi\"},\"image\":{\"@id\":\"https:\\\/\\\/believebytuularossi.com\\\/fi\\\/#\\\/schema\\\/logo\\\/image\\\/\"},\"sameAs\":[\"https:\\\/\\\/www.facebook.com\\\/believebytuularossi\\\/_gu3udgu0BZPTzcnU\",\"https:\\\/\\\/www.instagram.com\\\/believebytuularossi\\\/\",\"https:\\\/\\\/www.pinterest.com\\\/believebytuularossi\\\/\"]}]}<\/script>\n<!-- \/ Yoast SEO plugin. -->","yoast_head_json":{"title":"Helen Powder Rose -tikattu takki ekoturkiksella, vaaleanpunainen &#8211; BELIEVE by tuula rossi","description":"Helen Powder Rose -tikattu takki ekoturkiksella vaaleanpunaisena korostaa vartalosi naisellisuutta","robots":{"index":"index","follow":"follow","max-snippet":"max-snippet:-1","max-image-preview":"max-image-preview:large","max-video-preview":"max-video-preview:-1"},"canonical":"https:\/\/believebytuularossi.com\/fi\/tuote\/helen-powder-rose-tikattu-takki-ekoturkiksella-ruusunvaaleanpunainen\/","og_locale":"fi_FI","og_type":"article","og_title":"Helen Powder Rose -tikattu takki ekoturkiksella, vaaleanpunainen &#8211; BELIEVE by tuula rossi","og_description":"Helen Powder Rose -tikattu takki ekoturkiksella vaaleanpunaisena korostaa vartalosi naisellisuutta","og_url":"https:\/\/believebytuularossi.com\/fi\/tuote\/helen-powder-rose-tikattu-takki-ekoturkiksella-ruusunvaaleanpunainen\/","og_site_name":"BELIEVE by tuula rossi","article_publisher":"https:\/\/www.facebook.com\/believebytuularossi\/_gu3udgu0BZPTzcnU","og_image":[{"width":810,"height":1215,"url":"https:\/\/believebytuularossi.com\/wp-content\/uploads\/2020\/11\/20191220-192249-Believe-by-Tuula-Rossi-0372-small.png","type":"image\/png"}],"twitter_card":"summary_large_image","schema":{"@context":"https:\/\/schema.org","@graph":[{"@type":"WebPage","@id":"https:\/\/believebytuularossi.com\/fi\/tuote\/helen-powder-rose-tikattu-takki-ekoturkiksella-ruusunvaaleanpunainen\/","url":"https:\/\/believebytuularossi.com\/fi\/tuote\/helen-powder-rose-tikattu-takki-ekoturkiksella-ruusunvaaleanpunainen\/","name":"Helen Powder Rose -tikattu takki ekoturkiksella, vaaleanpunainen &#8211; BELIEVE by tuula rossi","isPartOf":{"@id":"https:\/\/believebytuularossi.com\/fi\/#website"},"primaryImageOfPage":{"@id":"https:\/\/believebytuularossi.com\/fi\/tuote\/helen-powder-rose-tikattu-takki-ekoturkiksella-ruusunvaaleanpunainen\/#primaryimage"},"image":{"@id":"https:\/\/believebytuularossi.com\/fi\/tuote\/helen-powder-rose-tikattu-takki-ekoturkiksella-ruusunvaaleanpunainen\/#primaryimage"},"thumbnailUrl":"https:\/\/believebytuularossi.com\/wp-content\/uploads\/2020\/11\/20191220-192249-Believe-by-Tuula-Rossi-0372-small.png","datePublished":"2020-11-04T10:56:39+00:00","description":"Helen Powder Rose -tikattu takki ekoturkiksella vaaleanpunaisena korostaa vartalosi naisellisuutta","breadcrumb":{"@id":"https:\/\/believebytuularossi.com\/fi\/tuote\/helen-powder-rose-tikattu-takki-ekoturkiksella-ruusunvaaleanpunainen\/#breadcrumb"},"inLanguage":"fi","potentialAction":[{"@type":"ReadAction","target":["https:\/\/believebytuularossi.com\/fi\/tuote\/helen-powder-rose-tikattu-takki-ekoturkiksella-ruusunvaaleanpunainen\/"]}]},{"@type":"ImageObject","inLanguage":"fi","@id":"https:\/\/believebytuularossi.com\/fi\/tuote\/helen-powder-rose-tikattu-takki-ekoturkiksella-ruusunvaaleanpunainen\/#primaryimage","url":"https:\/\/believebytuularossi.com\/wp-content\/uploads\/2020\/11\/20191220-192249-Believe-by-Tuula-Rossi-0372-small.png","contentUrl":"https:\/\/believebytuularossi.com\/wp-content\/uploads\/2020\/11\/20191220-192249-Believe-by-Tuula-Rossi-0372-small.png","width":810,"height":1215,"caption":"20191220 192249 Believe by Tuula Rossi 0372 small"},{"@type":"BreadcrumbList","@id":"https:\/\/believebytuularossi.com\/fi\/tuote\/helen-powder-rose-tikattu-takki-ekoturkiksella-ruusunvaaleanpunainen\/#breadcrumb","itemListElement":[{"@type":"ListItem","position":1,"name":"Home","item":"https:\/\/believebytuularossi.com\/fi\/"},{"@type":"ListItem","position":2,"name":"Shop","item":"https:\/\/believebytuularossi.com\/shop\/"},{"@type":"ListItem","position":3,"name":"Helen Powder Rose -tikattu takki ekoturkiksella, vaaleanpunainen"}]},{"@type":"WebSite","@id":"https:\/\/believebytuularossi.com\/fi\/#website","url":"https:\/\/believebytuularossi.com\/fi\/","name":"BELIEVE by tuula rossi","description":"A unique, luxurious, original outerwear collection created by passion and love for today\u2019s fashionable woman and her desire for timeless style.          Perfect fit for the modern, feminine woman of any age.","publisher":{"@id":"https:\/\/believebytuularossi.com\/fi\/#organization"},"potentialAction":[{"@type":"SearchAction","target":{"@type":"EntryPoint","urlTemplate":"https:\/\/believebytuularossi.com\/fi\/?s={search_term_string}"},"query-input":{"@type":"PropertyValueSpecification","valueRequired":true,"valueName":"search_term_string"}}],"inLanguage":"fi"},{"@type":"Organization","@id":"https:\/\/believebytuularossi.com\/fi\/#organization","name":"BELIEVE by tuula rossi","url":"https:\/\/believebytuularossi.com\/fi\/","logo":{"@type":"ImageObject","inLanguage":"fi","@id":"https:\/\/believebytuularossi.com\/fi\/#\/schema\/logo\/image\/","url":"https:\/\/believebytuularossi.com\/wp-content\/uploads\/2018\/08\/rossi-logo_new.png","contentUrl":"https:\/\/believebytuularossi.com\/wp-content\/uploads\/2018\/08\/rossi-logo_new.png","width":300,"height":143,"caption":"BELIEVE by tuula rossi"},"image":{"@id":"https:\/\/believebytuularossi.com\/fi\/#\/schema\/logo\/image\/"},"sameAs":["https:\/\/www.facebook.com\/believebytuularossi\/_gu3udgu0BZPTzcnU","https:\/\/www.instagram.com\/believebytuularossi\/","https:\/\/www.pinterest.com\/believebytuularossi\/"]}]}},"_links":{"self":[{"href":"https:\/\/believebytuularossi.com\/fi\/wp-json\/wp\/v2\/product\/15583","targetHints":{"allow":["GET"]}}],"collection":[{"href":"https:\/\/believebytuularossi.com\/fi\/wp-json\/wp\/v2\/product"}],"about":[{"href":"https:\/\/believebytuularossi.com\/fi\/wp-json\/wp\/v2\/types\/product"}],"wp:featuredmedia":[{"embeddable":true,"href":"https:\/\/believebytuularossi.com\/fi\/wp-json\/wp\/v2\/media\/13962"}],"wp:attachment":[{"href":"https:\/\/believebytuularossi.com\/fi\/wp-json\/wp\/v2\/media?parent=15583"}],"wp:term":[{"taxonomy":"product_brand","embeddable":true,"href":"https:\/\/believebytuularossi.com\/fi\/wp-json\/wp\/v2\/product_brand?post=15583"},{"taxonomy":"product_cat","embeddable":true,"href":"https:\/\/believebytuularossi.com\/fi\/wp-json\/wp\/v2\/product_cat?post=15583"},{"taxonomy":"product_tag","embeddable":true,"href":"https:\/\/believebytuularossi.com\/fi\/wp-json\/wp\/v2\/product_tag?post=15583"}],"curies":[{"name":"wp","href":"https:\/\/api.w.org\/{rel}","templated":true}]}}