{"id":15621,"date":"2020-11-03T13:46:43","date_gmt":"2020-11-03T12:46:43","guid":{"rendered":"https:\/\/believebytuularossi.com\/product\/chantal-black-white-metsakuviollinen-mustavalkoinen-kevyt-tikattu-takki\/"},"modified":"2020-11-03T13:46:43","modified_gmt":"2020-11-03T12:46:43","slug":"chantal-black-white-metsakuviollinen-mustavalkoinen-kevyt-tikattu-takki","status":"publish","type":"product","link":"https:\/\/believebytuularossi.com\/fi\/tuote\/chantal-black-white-metsakuviollinen-mustavalkoinen-kevyt-tikattu-takki\/","title":{"rendered":"Chantal Black &#038; White -mets\u00e4kuviollinen mustavalkoinen kevyt tikattu takki"},"content":{"rendered":"","protected":false},"excerpt":{"rendered":"<p>Nyt tuli Simun aikasi n\u00e4ytt\u00e4\u00e4 urheilulliselta ja tyylikk\u00e4\u00e4lt\u00e4! Chantal -takki on upea ja muodikas ulkovaate kev\u00e4\u00e4seen, kes\u00e4\u00e4n ja syksyyn. Takki on valmistettu katseen vangitsevasta Forest Print -Baby Stripe -takkimateriaalista mustavalkoisena. T\u00e4m\u00e4 kevyt takki sopii kaikille, jotka pit\u00e4v\u00e4t mustavalkoisesta v\u00e4riyhdistelm\u00e4st\u00e4! Hyvin istuva huppu on irrotettava vetoketjulla. Chantal n\u00e4ytt\u00e4\u00e4 hyv\u00e4lt\u00e4 sek\u00e4 hupun kanssa tai ilman huppua. Chantal -takissa on upea naisellinen istuvuus. T\u00e4ydellisen naisellisen leikkauksen ansiosta voit tuntea olosi mukavaksi ja n\u00e4ytt\u00e4\u00e4 hyv\u00e4lt\u00e4 koostasi riippumatta! Takissa on ylelliset kaksisuuntaiset hopeanv\u00e4riset vetoketjut. Chantal -takin hihan pituus on hieman tavallista pidempi. Joustavat hihansuut takaavat t\u00e4ydellisen pituuden kaiken pituisille naisille.<\/p>\n<p>Kun k\u00e4velet kadulla tai matkustat autolla tai lentokoneella, t\u00e4m\u00e4 takki on loistava matkakaverisi!<\/p>\n","protected":false},"featured_media":13958,"template":"","meta":{"_acf_changed":false},"product_brand":[],"product_cat":[131],"product_tag":[],"class_list":{"0":"post-15621","1":"product","2":"type-product","3":"status-publish","4":"has-post-thumbnail","6":"product_cat-kevattakit-kesatakit-valisesonkitakit","7":"pa_ewd_uwcf_colors-musta","8":"pa_ewd_uwcf_colors-white-fi","9":"pa_ewd_uwcf_sizes-34-fi","10":"pa_ewd_uwcf_sizes-54-fi","11":"pa_size-34-fi","12":"pa_size-36-fi","13":"pa_size-38-fi","14":"pa_size-40-fi","15":"pa_size-42-fi","16":"pa_size-44-fi","17":"pa_size-46-fi","18":"pa_size-48-fi","19":"pa_size-50-fi","20":"pa_size-52-fi","21":"pa_size-54-fi","22":"product_color-black-fi","23":"product_color-white-fi","24":"product_size-34-fi","25":"product_size-36-fi","26":"product_size-38-fi","27":"product_size-40-fi","28":"product_size-42-fi","29":"product_size-44-fi","30":"product_size-46-fi","31":"product_size-48-fi","32":"product_size-50-fi","33":"product_size-52-fi","34":"product_size-54-fi","36":"first","37":"instock","38":"taxable","39":"shipping-taxable","40":"purchasable","41":"product-type-variable"},"acf":[],"yoast_head":"<!-- This site is optimized with the Yoast SEO plugin v27.3 - https:\/\/yoast.com\/product\/yoast-seo-wordpress\/ -->\n<title>Chantal Black &amp; White -mets\u00e4kuviollinen mustavalkoinen kevyt tikattu takki &#8211; BELIEVE by tuula rossi<\/title>\n<meta name=\"description\" content=\"Chantal Black &amp; White -mets\u00e4kuviollinen mustavalkoinen kevyt tikattu takki on sinun mielihyv\u00e4takkisi\" \/>\n<meta name=\"robots\" content=\"index, follow, max-snippet:-1, max-image-preview:large, max-video-preview:-1\" \/>\n<link rel=\"canonical\" href=\"https:\/\/believebytuularossi.com\/fi\/tuote\/chantal-black-white-metsakuviollinen-mustavalkoinen-kevyt-tikattu-takki\/\" \/>\n<meta property=\"og:locale\" content=\"fi_FI\" \/>\n<meta property=\"og:type\" content=\"article\" \/>\n<meta property=\"og:title\" content=\"Chantal Black &amp; White -mets\u00e4kuviollinen mustavalkoinen kevyt tikattu takki &#8211; BELIEVE by tuula rossi\" \/>\n<meta property=\"og:description\" content=\"Chantal Black &amp; White -mets\u00e4kuviollinen mustavalkoinen kevyt tikattu takki on sinun mielihyv\u00e4takkisi\" \/>\n<meta property=\"og:url\" content=\"https:\/\/believebytuularossi.com\/fi\/tuote\/chantal-black-white-metsakuviollinen-mustavalkoinen-kevyt-tikattu-takki\/\" \/>\n<meta property=\"og:site_name\" content=\"BELIEVE by tuula rossi\" \/>\n<meta property=\"article:publisher\" content=\"https:\/\/www.facebook.com\/believebytuularossi\/_gu3udgu0BZPTzcnU\" \/>\n<meta property=\"og:image\" content=\"https:\/\/believebytuularossi.com\/wp-content\/uploads\/2020\/11\/20191220-162721-Believe-by-Tuula-Rossi-0166-small.png\" \/>\n\t<meta property=\"og:image:width\" content=\"1000\" \/>\n\t<meta property=\"og:image:height\" content=\"1500\" \/>\n\t<meta property=\"og:image:type\" content=\"image\/png\" \/>\n<meta name=\"twitter:card\" content=\"summary_large_image\" \/>\n<script type=\"application\/ld+json\" class=\"yoast-schema-graph\">{\"@context\":\"https:\\\/\\\/schema.org\",\"@graph\":[{\"@type\":\"WebPage\",\"@id\":\"https:\\\/\\\/believebytuularossi.com\\\/fi\\\/tuote\\\/chantal-black-white-metsakuviollinen-mustavalkoinen-kevyt-tikattu-takki\\\/\",\"url\":\"https:\\\/\\\/believebytuularossi.com\\\/fi\\\/tuote\\\/chantal-black-white-metsakuviollinen-mustavalkoinen-kevyt-tikattu-takki\\\/\",\"name\":\"Chantal Black & White -mets\u00e4kuviollinen mustavalkoinen kevyt tikattu takki &#8211; BELIEVE by tuula rossi\",\"isPartOf\":{\"@id\":\"https:\\\/\\\/believebytuularossi.com\\\/fi\\\/#website\"},\"primaryImageOfPage\":{\"@id\":\"https:\\\/\\\/believebytuularossi.com\\\/fi\\\/tuote\\\/chantal-black-white-metsakuviollinen-mustavalkoinen-kevyt-tikattu-takki\\\/#primaryimage\"},\"image\":{\"@id\":\"https:\\\/\\\/believebytuularossi.com\\\/fi\\\/tuote\\\/chantal-black-white-metsakuviollinen-mustavalkoinen-kevyt-tikattu-takki\\\/#primaryimage\"},\"thumbnailUrl\":\"https:\\\/\\\/believebytuularossi.com\\\/wp-content\\\/uploads\\\/2020\\\/11\\\/20191220-162721-Believe-by-Tuula-Rossi-0166-small.png\",\"datePublished\":\"2020-11-03T12:46:43+00:00\",\"description\":\"Chantal Black & White -mets\u00e4kuviollinen mustavalkoinen kevyt tikattu takki on sinun mielihyv\u00e4takkisi\",\"breadcrumb\":{\"@id\":\"https:\\\/\\\/believebytuularossi.com\\\/fi\\\/tuote\\\/chantal-black-white-metsakuviollinen-mustavalkoinen-kevyt-tikattu-takki\\\/#breadcrumb\"},\"inLanguage\":\"fi\",\"potentialAction\":[{\"@type\":\"ReadAction\",\"target\":[\"https:\\\/\\\/believebytuularossi.com\\\/fi\\\/tuote\\\/chantal-black-white-metsakuviollinen-mustavalkoinen-kevyt-tikattu-takki\\\/\"]}]},{\"@type\":\"ImageObject\",\"inLanguage\":\"fi\",\"@id\":\"https:\\\/\\\/believebytuularossi.com\\\/fi\\\/tuote\\\/chantal-black-white-metsakuviollinen-mustavalkoinen-kevyt-tikattu-takki\\\/#primaryimage\",\"url\":\"https:\\\/\\\/believebytuularossi.com\\\/wp-content\\\/uploads\\\/2020\\\/11\\\/20191220-162721-Believe-by-Tuula-Rossi-0166-small.png\",\"contentUrl\":\"https:\\\/\\\/believebytuularossi.com\\\/wp-content\\\/uploads\\\/2020\\\/11\\\/20191220-162721-Believe-by-Tuula-Rossi-0166-small.png\",\"width\":1000,\"height\":1500,\"caption\":\"20191220 162721 Believe by Tuula Rossi 0166 small\"},{\"@type\":\"BreadcrumbList\",\"@id\":\"https:\\\/\\\/believebytuularossi.com\\\/fi\\\/tuote\\\/chantal-black-white-metsakuviollinen-mustavalkoinen-kevyt-tikattu-takki\\\/#breadcrumb\",\"itemListElement\":[{\"@type\":\"ListItem\",\"position\":1,\"name\":\"Home\",\"item\":\"https:\\\/\\\/believebytuularossi.com\\\/fi\\\/\"},{\"@type\":\"ListItem\",\"position\":2,\"name\":\"Shop\",\"item\":\"https:\\\/\\\/believebytuularossi.com\\\/shop\\\/\"},{\"@type\":\"ListItem\",\"position\":3,\"name\":\"Chantal Black &#038; White -mets\u00e4kuviollinen mustavalkoinen kevyt tikattu takki\"}]},{\"@type\":\"WebSite\",\"@id\":\"https:\\\/\\\/believebytuularossi.com\\\/fi\\\/#website\",\"url\":\"https:\\\/\\\/believebytuularossi.com\\\/fi\\\/\",\"name\":\"BELIEVE by tuula rossi\",\"description\":\"A unique, luxurious, original outerwear collection created by passion and love for today\u2019s fashionable woman and her desire for timeless style.          Perfect fit for the modern, feminine woman of any age.\",\"publisher\":{\"@id\":\"https:\\\/\\\/believebytuularossi.com\\\/fi\\\/#organization\"},\"potentialAction\":[{\"@type\":\"SearchAction\",\"target\":{\"@type\":\"EntryPoint\",\"urlTemplate\":\"https:\\\/\\\/believebytuularossi.com\\\/fi\\\/?s={search_term_string}\"},\"query-input\":{\"@type\":\"PropertyValueSpecification\",\"valueRequired\":true,\"valueName\":\"search_term_string\"}}],\"inLanguage\":\"fi\"},{\"@type\":\"Organization\",\"@id\":\"https:\\\/\\\/believebytuularossi.com\\\/fi\\\/#organization\",\"name\":\"BELIEVE by tuula rossi\",\"url\":\"https:\\\/\\\/believebytuularossi.com\\\/fi\\\/\",\"logo\":{\"@type\":\"ImageObject\",\"inLanguage\":\"fi\",\"@id\":\"https:\\\/\\\/believebytuularossi.com\\\/fi\\\/#\\\/schema\\\/logo\\\/image\\\/\",\"url\":\"https:\\\/\\\/believebytuularossi.com\\\/wp-content\\\/uploads\\\/2018\\\/08\\\/rossi-logo_new.png\",\"contentUrl\":\"https:\\\/\\\/believebytuularossi.com\\\/wp-content\\\/uploads\\\/2018\\\/08\\\/rossi-logo_new.png\",\"width\":300,\"height\":143,\"caption\":\"BELIEVE by tuula rossi\"},\"image\":{\"@id\":\"https:\\\/\\\/believebytuularossi.com\\\/fi\\\/#\\\/schema\\\/logo\\\/image\\\/\"},\"sameAs\":[\"https:\\\/\\\/www.facebook.com\\\/believebytuularossi\\\/_gu3udgu0BZPTzcnU\",\"https:\\\/\\\/www.instagram.com\\\/believebytuularossi\\\/\",\"https:\\\/\\\/www.pinterest.com\\\/believebytuularossi\\\/\"]}]}<\/script>\n<!-- \/ Yoast SEO plugin. -->","yoast_head_json":{"title":"Chantal Black & White -mets\u00e4kuviollinen mustavalkoinen kevyt tikattu takki &#8211; BELIEVE by tuula rossi","description":"Chantal Black & White -mets\u00e4kuviollinen mustavalkoinen kevyt tikattu takki on sinun mielihyv\u00e4takkisi","robots":{"index":"index","follow":"follow","max-snippet":"max-snippet:-1","max-image-preview":"max-image-preview:large","max-video-preview":"max-video-preview:-1"},"canonical":"https:\/\/believebytuularossi.com\/fi\/tuote\/chantal-black-white-metsakuviollinen-mustavalkoinen-kevyt-tikattu-takki\/","og_locale":"fi_FI","og_type":"article","og_title":"Chantal Black & White -mets\u00e4kuviollinen mustavalkoinen kevyt tikattu takki &#8211; BELIEVE by tuula rossi","og_description":"Chantal Black & White -mets\u00e4kuviollinen mustavalkoinen kevyt tikattu takki on sinun mielihyv\u00e4takkisi","og_url":"https:\/\/believebytuularossi.com\/fi\/tuote\/chantal-black-white-metsakuviollinen-mustavalkoinen-kevyt-tikattu-takki\/","og_site_name":"BELIEVE by tuula rossi","article_publisher":"https:\/\/www.facebook.com\/believebytuularossi\/_gu3udgu0BZPTzcnU","og_image":[{"width":1000,"height":1500,"url":"https:\/\/believebytuularossi.com\/wp-content\/uploads\/2020\/11\/20191220-162721-Believe-by-Tuula-Rossi-0166-small.png","type":"image\/png"}],"twitter_card":"summary_large_image","schema":{"@context":"https:\/\/schema.org","@graph":[{"@type":"WebPage","@id":"https:\/\/believebytuularossi.com\/fi\/tuote\/chantal-black-white-metsakuviollinen-mustavalkoinen-kevyt-tikattu-takki\/","url":"https:\/\/believebytuularossi.com\/fi\/tuote\/chantal-black-white-metsakuviollinen-mustavalkoinen-kevyt-tikattu-takki\/","name":"Chantal Black & White -mets\u00e4kuviollinen mustavalkoinen kevyt tikattu takki &#8211; BELIEVE by tuula rossi","isPartOf":{"@id":"https:\/\/believebytuularossi.com\/fi\/#website"},"primaryImageOfPage":{"@id":"https:\/\/believebytuularossi.com\/fi\/tuote\/chantal-black-white-metsakuviollinen-mustavalkoinen-kevyt-tikattu-takki\/#primaryimage"},"image":{"@id":"https:\/\/believebytuularossi.com\/fi\/tuote\/chantal-black-white-metsakuviollinen-mustavalkoinen-kevyt-tikattu-takki\/#primaryimage"},"thumbnailUrl":"https:\/\/believebytuularossi.com\/wp-content\/uploads\/2020\/11\/20191220-162721-Believe-by-Tuula-Rossi-0166-small.png","datePublished":"2020-11-03T12:46:43+00:00","description":"Chantal Black & White -mets\u00e4kuviollinen mustavalkoinen kevyt tikattu takki on sinun mielihyv\u00e4takkisi","breadcrumb":{"@id":"https:\/\/believebytuularossi.com\/fi\/tuote\/chantal-black-white-metsakuviollinen-mustavalkoinen-kevyt-tikattu-takki\/#breadcrumb"},"inLanguage":"fi","potentialAction":[{"@type":"ReadAction","target":["https:\/\/believebytuularossi.com\/fi\/tuote\/chantal-black-white-metsakuviollinen-mustavalkoinen-kevyt-tikattu-takki\/"]}]},{"@type":"ImageObject","inLanguage":"fi","@id":"https:\/\/believebytuularossi.com\/fi\/tuote\/chantal-black-white-metsakuviollinen-mustavalkoinen-kevyt-tikattu-takki\/#primaryimage","url":"https:\/\/believebytuularossi.com\/wp-content\/uploads\/2020\/11\/20191220-162721-Believe-by-Tuula-Rossi-0166-small.png","contentUrl":"https:\/\/believebytuularossi.com\/wp-content\/uploads\/2020\/11\/20191220-162721-Believe-by-Tuula-Rossi-0166-small.png","width":1000,"height":1500,"caption":"20191220 162721 Believe by Tuula Rossi 0166 small"},{"@type":"BreadcrumbList","@id":"https:\/\/believebytuularossi.com\/fi\/tuote\/chantal-black-white-metsakuviollinen-mustavalkoinen-kevyt-tikattu-takki\/#breadcrumb","itemListElement":[{"@type":"ListItem","position":1,"name":"Home","item":"https:\/\/believebytuularossi.com\/fi\/"},{"@type":"ListItem","position":2,"name":"Shop","item":"https:\/\/believebytuularossi.com\/shop\/"},{"@type":"ListItem","position":3,"name":"Chantal Black &#038; White -mets\u00e4kuviollinen mustavalkoinen kevyt tikattu takki"}]},{"@type":"WebSite","@id":"https:\/\/believebytuularossi.com\/fi\/#website","url":"https:\/\/believebytuularossi.com\/fi\/","name":"BELIEVE by tuula rossi","description":"A unique, luxurious, original outerwear collection created by passion and love for today\u2019s fashionable woman and her desire for timeless style.          Perfect fit for the modern, feminine woman of any age.","publisher":{"@id":"https:\/\/believebytuularossi.com\/fi\/#organization"},"potentialAction":[{"@type":"SearchAction","target":{"@type":"EntryPoint","urlTemplate":"https:\/\/believebytuularossi.com\/fi\/?s={search_term_string}"},"query-input":{"@type":"PropertyValueSpecification","valueRequired":true,"valueName":"search_term_string"}}],"inLanguage":"fi"},{"@type":"Organization","@id":"https:\/\/believebytuularossi.com\/fi\/#organization","name":"BELIEVE by tuula rossi","url":"https:\/\/believebytuularossi.com\/fi\/","logo":{"@type":"ImageObject","inLanguage":"fi","@id":"https:\/\/believebytuularossi.com\/fi\/#\/schema\/logo\/image\/","url":"https:\/\/believebytuularossi.com\/wp-content\/uploads\/2018\/08\/rossi-logo_new.png","contentUrl":"https:\/\/believebytuularossi.com\/wp-content\/uploads\/2018\/08\/rossi-logo_new.png","width":300,"height":143,"caption":"BELIEVE by tuula rossi"},"image":{"@id":"https:\/\/believebytuularossi.com\/fi\/#\/schema\/logo\/image\/"},"sameAs":["https:\/\/www.facebook.com\/believebytuularossi\/_gu3udgu0BZPTzcnU","https:\/\/www.instagram.com\/believebytuularossi\/","https:\/\/www.pinterest.com\/believebytuularossi\/"]}]}},"_links":{"self":[{"href":"https:\/\/believebytuularossi.com\/fi\/wp-json\/wp\/v2\/product\/15621","targetHints":{"allow":["GET"]}}],"collection":[{"href":"https:\/\/believebytuularossi.com\/fi\/wp-json\/wp\/v2\/product"}],"about":[{"href":"https:\/\/believebytuularossi.com\/fi\/wp-json\/wp\/v2\/types\/product"}],"wp:featuredmedia":[{"embeddable":true,"href":"https:\/\/believebytuularossi.com\/fi\/wp-json\/wp\/v2\/media\/13958"}],"wp:attachment":[{"href":"https:\/\/believebytuularossi.com\/fi\/wp-json\/wp\/v2\/media?parent=15621"}],"wp:term":[{"taxonomy":"product_brand","embeddable":true,"href":"https:\/\/believebytuularossi.com\/fi\/wp-json\/wp\/v2\/product_brand?post=15621"},{"taxonomy":"product_cat","embeddable":true,"href":"https:\/\/believebytuularossi.com\/fi\/wp-json\/wp\/v2\/product_cat?post=15621"},{"taxonomy":"product_tag","embeddable":true,"href":"https:\/\/believebytuularossi.com\/fi\/wp-json\/wp\/v2\/product_tag?post=15621"}],"curies":[{"name":"wp","href":"https:\/\/api.w.org\/{rel}","templated":true}]}}