{"id":15652,"date":"2020-11-03T13:22:07","date_gmt":"2020-11-03T12:22:07","guid":{"rendered":"https:\/\/believebytuularossi.com\/product\/celia-forest-green-hupullinen-tikattu-takki-metsanvihrea\/"},"modified":"2025-08-06T09:20:37","modified_gmt":"2025-08-06T07:20:37","slug":"celia-forest-green-hupullinen-tikattu-takki-metsanvihrea","status":"publish","type":"product","link":"https:\/\/believebytuularossi.com\/fi\/tuote\/celia-forest-green-hupullinen-tikattu-takki-metsanvihrea\/","title":{"rendered":"Celia Forest Green -hupullinen tikattu takki, mets\u00e4nvihre\u00e4"},"content":{"rendered":"","protected":false},"excerpt":{"rendered":"<p>Eksklusiivinen Celia Forest Green -takki on tehty modernista Mini Stripe -takkimateriaalista. Celia on ajaton ja urheilullinen.\u00a0Celia -tikkitakissa on eritt\u00e4in kaunis naisellinen istuvuus, joka imartelee vartaloasi, ja se on t\u00e4ydellinen valinta rentoon lookiin.<\/p>\n<p>Kun k\u00e4velet kadulla tai matkustat autolla tai lentokoneella, t\u00e4m\u00e4 takki on loistava matkakaverisi ja se on\u00a0t\u00e4ydellinen valinta jokap\u00e4iv\u00e4iseen ylellisyyteen. Celia -takin hopeav\u00e4rinen vetoketju on tehty tyylikk\u00e4\u00e4sti vinoon. Huppu on s\u00e4\u00e4dett\u00e4v\u00e4 joustavalla kiristysny\u00f6rill\u00e4. T\u00e4m\u00e4 takki on suunniteltu istumaan t\u00e4ydellisesti kaiken kokoisten naisten p\u00e4\u00e4ll\u00e4 ja n\u00e4ytt\u00e4m\u00e4\u00e4n hyv\u00e4lt\u00e4 koosta ja pituudesta riippumatta.<\/p>\n<p>Muoti on osa jokap\u00e4iv\u00e4ist\u00e4 el\u00e4m\u00e4\u00e4 ja se muuttuu jatkuvasti. T\u00e4m\u00e4n takin tyyli on ajaton, ja laadukkaiden helppohoitoisien materiaalien ansiosta voit nauttia t\u00e4st\u00e4 takista useamman vuoden!<\/p>\n<p>Celia -takin hihan pituus on hieman tavallista pidempi. Joustavat hihansuut takaavat t\u00e4ydellisen pituuden kaikille naisille.<\/p>\n","protected":false},"featured_media":13953,"template":"","meta":{"_acf_changed":false},"product_brand":[],"product_cat":[130],"product_tag":[],"class_list":{"0":"post-15652","1":"product","2":"type-product","3":"status-publish","4":"has-post-thumbnail","6":"product_cat-syksytakit-talvitakit","7":"pa_ewd_uwcf_colors-green","8":"pa_size-34-fi","9":"pa_size-36-fi","10":"pa_size-38-fi","11":"pa_size-40-fi","12":"pa_size-42-fi","13":"pa_size-44-fi","14":"pa_size-46-fi","15":"pa_size-48-fi","16":"pa_size-50-fi","17":"pa_size-52-fi","18":"pa_size-54-fi","19":"product_color-green-fi","21":"first","22":"instock","23":"taxable","24":"shipping-taxable","25":"purchasable","26":"product-type-variable"},"acf":[],"yoast_head":"<!-- This site is optimized with the Yoast SEO plugin v27.4 - https:\/\/yoast.com\/product\/yoast-seo-wordpress\/ -->\n<title>Celia Forest Green -hupullinen tikattu takki, mets\u00e4nvihre\u00e4 &#8211; BELIEVE by tuula rossi<\/title>\n<meta name=\"description\" content=\"Celia Forest Green -mets\u00e4nvihre\u00e4 hupullinen tikattu takki on paras takkivalinta arkeen ja juhlaan\" \/>\n<meta name=\"robots\" content=\"index, follow, max-snippet:-1, max-image-preview:large, max-video-preview:-1\" \/>\n<link rel=\"canonical\" href=\"https:\/\/believebytuularossi.com\/fi\/tuote\/celia-forest-green-hupullinen-tikattu-takki-metsanvihrea\/\" \/>\n<meta property=\"og:locale\" content=\"fi_FI\" \/>\n<meta property=\"og:type\" content=\"article\" \/>\n<meta property=\"og:title\" content=\"Celia Forest Green -hupullinen tikattu takki, mets\u00e4nvihre\u00e4 &#8211; BELIEVE by tuula rossi\" \/>\n<meta property=\"og:description\" content=\"Celia Forest Green -mets\u00e4nvihre\u00e4 hupullinen tikattu takki on paras takkivalinta arkeen ja juhlaan\" \/>\n<meta property=\"og:url\" content=\"https:\/\/believebytuularossi.com\/fi\/tuote\/celia-forest-green-hupullinen-tikattu-takki-metsanvihrea\/\" \/>\n<meta property=\"og:site_name\" content=\"BELIEVE by tuula rossi\" \/>\n<meta property=\"article:publisher\" content=\"https:\/\/www.facebook.com\/believebytuularossi\/_gu3udgu0BZPTzcnU\" \/>\n<meta property=\"article:modified_time\" content=\"2025-08-06T07:20:37+00:00\" \/>\n<meta property=\"og:image\" content=\"https:\/\/believebytuularossi.com\/wp-content\/uploads\/2020\/11\/20191220-173712-Believe-by-Tuula-Rossi-0248-small.png\" \/>\n\t<meta property=\"og:image:width\" content=\"1000\" \/>\n\t<meta property=\"og:image:height\" content=\"1500\" \/>\n\t<meta property=\"og:image:type\" content=\"image\/png\" \/>\n<meta name=\"twitter:card\" content=\"summary_large_image\" \/>\n<meta name=\"twitter:label1\" content=\"Arvioitu lukuaika\" \/>\n\t<meta name=\"twitter:data1\" content=\"1 minuutti\" \/>\n<script type=\"application\/ld+json\" class=\"yoast-schema-graph\">{\"@context\":\"https:\\\/\\\/schema.org\",\"@graph\":[{\"@type\":\"WebPage\",\"@id\":\"https:\\\/\\\/believebytuularossi.com\\\/fi\\\/tuote\\\/celia-forest-green-hupullinen-tikattu-takki-metsanvihrea\\\/\",\"url\":\"https:\\\/\\\/believebytuularossi.com\\\/fi\\\/tuote\\\/celia-forest-green-hupullinen-tikattu-takki-metsanvihrea\\\/\",\"name\":\"Celia Forest Green -hupullinen tikattu takki, mets\u00e4nvihre\u00e4 &#8211; BELIEVE by tuula rossi\",\"isPartOf\":{\"@id\":\"https:\\\/\\\/believebytuularossi.com\\\/fi\\\/#website\"},\"primaryImageOfPage\":{\"@id\":\"https:\\\/\\\/believebytuularossi.com\\\/fi\\\/tuote\\\/celia-forest-green-hupullinen-tikattu-takki-metsanvihrea\\\/#primaryimage\"},\"image\":{\"@id\":\"https:\\\/\\\/believebytuularossi.com\\\/fi\\\/tuote\\\/celia-forest-green-hupullinen-tikattu-takki-metsanvihrea\\\/#primaryimage\"},\"thumbnailUrl\":\"https:\\\/\\\/believebytuularossi.com\\\/wp-content\\\/uploads\\\/2020\\\/11\\\/20191220-173712-Believe-by-Tuula-Rossi-0248-small.png\",\"datePublished\":\"2020-11-03T12:22:07+00:00\",\"dateModified\":\"2025-08-06T07:20:37+00:00\",\"description\":\"Celia Forest Green -mets\u00e4nvihre\u00e4 hupullinen tikattu takki on paras takkivalinta arkeen ja juhlaan\",\"breadcrumb\":{\"@id\":\"https:\\\/\\\/believebytuularossi.com\\\/fi\\\/tuote\\\/celia-forest-green-hupullinen-tikattu-takki-metsanvihrea\\\/#breadcrumb\"},\"inLanguage\":\"fi\",\"potentialAction\":[{\"@type\":\"ReadAction\",\"target\":[\"https:\\\/\\\/believebytuularossi.com\\\/fi\\\/tuote\\\/celia-forest-green-hupullinen-tikattu-takki-metsanvihrea\\\/\"]}]},{\"@type\":\"ImageObject\",\"inLanguage\":\"fi\",\"@id\":\"https:\\\/\\\/believebytuularossi.com\\\/fi\\\/tuote\\\/celia-forest-green-hupullinen-tikattu-takki-metsanvihrea\\\/#primaryimage\",\"url\":\"https:\\\/\\\/believebytuularossi.com\\\/wp-content\\\/uploads\\\/2020\\\/11\\\/20191220-173712-Believe-by-Tuula-Rossi-0248-small.png\",\"contentUrl\":\"https:\\\/\\\/believebytuularossi.com\\\/wp-content\\\/uploads\\\/2020\\\/11\\\/20191220-173712-Believe-by-Tuula-Rossi-0248-small.png\",\"width\":1000,\"height\":1500,\"caption\":\"20191220 173712 Believe by Tuula Rossi 0248 small\"},{\"@type\":\"BreadcrumbList\",\"@id\":\"https:\\\/\\\/believebytuularossi.com\\\/fi\\\/tuote\\\/celia-forest-green-hupullinen-tikattu-takki-metsanvihrea\\\/#breadcrumb\",\"itemListElement\":[{\"@type\":\"ListItem\",\"position\":1,\"name\":\"Home\",\"item\":\"https:\\\/\\\/believebytuularossi.com\\\/fi\\\/\"},{\"@type\":\"ListItem\",\"position\":2,\"name\":\"Shop\",\"item\":\"https:\\\/\\\/believebytuularossi.com\\\/shop\\\/\"},{\"@type\":\"ListItem\",\"position\":3,\"name\":\"Celia Forest Green -hupullinen tikattu takki, mets\u00e4nvihre\u00e4\"}]},{\"@type\":\"WebSite\",\"@id\":\"https:\\\/\\\/believebytuularossi.com\\\/fi\\\/#website\",\"url\":\"https:\\\/\\\/believebytuularossi.com\\\/fi\\\/\",\"name\":\"BELIEVE by tuula rossi\",\"description\":\"A unique, luxurious, original outerwear collection created by passion and love for today\u2019s fashionable woman and her desire for timeless style.          Perfect fit for the modern, feminine woman of any age.\",\"publisher\":{\"@id\":\"https:\\\/\\\/believebytuularossi.com\\\/fi\\\/#organization\"},\"potentialAction\":[{\"@type\":\"SearchAction\",\"target\":{\"@type\":\"EntryPoint\",\"urlTemplate\":\"https:\\\/\\\/believebytuularossi.com\\\/fi\\\/?s={search_term_string}\"},\"query-input\":{\"@type\":\"PropertyValueSpecification\",\"valueRequired\":true,\"valueName\":\"search_term_string\"}}],\"inLanguage\":\"fi\"},{\"@type\":\"Organization\",\"@id\":\"https:\\\/\\\/believebytuularossi.com\\\/fi\\\/#organization\",\"name\":\"BELIEVE by tuula rossi\",\"url\":\"https:\\\/\\\/believebytuularossi.com\\\/fi\\\/\",\"logo\":{\"@type\":\"ImageObject\",\"inLanguage\":\"fi\",\"@id\":\"https:\\\/\\\/believebytuularossi.com\\\/fi\\\/#\\\/schema\\\/logo\\\/image\\\/\",\"url\":\"https:\\\/\\\/believebytuularossi.com\\\/wp-content\\\/uploads\\\/2018\\\/08\\\/rossi-logo_new.png\",\"contentUrl\":\"https:\\\/\\\/believebytuularossi.com\\\/wp-content\\\/uploads\\\/2018\\\/08\\\/rossi-logo_new.png\",\"width\":300,\"height\":143,\"caption\":\"BELIEVE by tuula rossi\"},\"image\":{\"@id\":\"https:\\\/\\\/believebytuularossi.com\\\/fi\\\/#\\\/schema\\\/logo\\\/image\\\/\"},\"sameAs\":[\"https:\\\/\\\/www.facebook.com\\\/believebytuularossi\\\/_gu3udgu0BZPTzcnU\",\"https:\\\/\\\/www.instagram.com\\\/believebytuularossi\\\/\",\"https:\\\/\\\/www.pinterest.com\\\/believebytuularossi\\\/\"]}]}<\/script>\n<!-- \/ Yoast SEO plugin. -->","yoast_head_json":{"title":"Celia Forest Green -hupullinen tikattu takki, mets\u00e4nvihre\u00e4 &#8211; BELIEVE by tuula rossi","description":"Celia Forest Green -mets\u00e4nvihre\u00e4 hupullinen tikattu takki on paras takkivalinta arkeen ja juhlaan","robots":{"index":"index","follow":"follow","max-snippet":"max-snippet:-1","max-image-preview":"max-image-preview:large","max-video-preview":"max-video-preview:-1"},"canonical":"https:\/\/believebytuularossi.com\/fi\/tuote\/celia-forest-green-hupullinen-tikattu-takki-metsanvihrea\/","og_locale":"fi_FI","og_type":"article","og_title":"Celia Forest Green -hupullinen tikattu takki, mets\u00e4nvihre\u00e4 &#8211; BELIEVE by tuula rossi","og_description":"Celia Forest Green -mets\u00e4nvihre\u00e4 hupullinen tikattu takki on paras takkivalinta arkeen ja juhlaan","og_url":"https:\/\/believebytuularossi.com\/fi\/tuote\/celia-forest-green-hupullinen-tikattu-takki-metsanvihrea\/","og_site_name":"BELIEVE by tuula rossi","article_publisher":"https:\/\/www.facebook.com\/believebytuularossi\/_gu3udgu0BZPTzcnU","article_modified_time":"2025-08-06T07:20:37+00:00","og_image":[{"width":1000,"height":1500,"url":"https:\/\/believebytuularossi.com\/wp-content\/uploads\/2020\/11\/20191220-173712-Believe-by-Tuula-Rossi-0248-small.png","type":"image\/png"}],"twitter_card":"summary_large_image","twitter_misc":{"Arvioitu lukuaika":"1 minuutti"},"schema":{"@context":"https:\/\/schema.org","@graph":[{"@type":"WebPage","@id":"https:\/\/believebytuularossi.com\/fi\/tuote\/celia-forest-green-hupullinen-tikattu-takki-metsanvihrea\/","url":"https:\/\/believebytuularossi.com\/fi\/tuote\/celia-forest-green-hupullinen-tikattu-takki-metsanvihrea\/","name":"Celia Forest Green -hupullinen tikattu takki, mets\u00e4nvihre\u00e4 &#8211; BELIEVE by tuula rossi","isPartOf":{"@id":"https:\/\/believebytuularossi.com\/fi\/#website"},"primaryImageOfPage":{"@id":"https:\/\/believebytuularossi.com\/fi\/tuote\/celia-forest-green-hupullinen-tikattu-takki-metsanvihrea\/#primaryimage"},"image":{"@id":"https:\/\/believebytuularossi.com\/fi\/tuote\/celia-forest-green-hupullinen-tikattu-takki-metsanvihrea\/#primaryimage"},"thumbnailUrl":"https:\/\/believebytuularossi.com\/wp-content\/uploads\/2020\/11\/20191220-173712-Believe-by-Tuula-Rossi-0248-small.png","datePublished":"2020-11-03T12:22:07+00:00","dateModified":"2025-08-06T07:20:37+00:00","description":"Celia Forest Green -mets\u00e4nvihre\u00e4 hupullinen tikattu takki on paras takkivalinta arkeen ja juhlaan","breadcrumb":{"@id":"https:\/\/believebytuularossi.com\/fi\/tuote\/celia-forest-green-hupullinen-tikattu-takki-metsanvihrea\/#breadcrumb"},"inLanguage":"fi","potentialAction":[{"@type":"ReadAction","target":["https:\/\/believebytuularossi.com\/fi\/tuote\/celia-forest-green-hupullinen-tikattu-takki-metsanvihrea\/"]}]},{"@type":"ImageObject","inLanguage":"fi","@id":"https:\/\/believebytuularossi.com\/fi\/tuote\/celia-forest-green-hupullinen-tikattu-takki-metsanvihrea\/#primaryimage","url":"https:\/\/believebytuularossi.com\/wp-content\/uploads\/2020\/11\/20191220-173712-Believe-by-Tuula-Rossi-0248-small.png","contentUrl":"https:\/\/believebytuularossi.com\/wp-content\/uploads\/2020\/11\/20191220-173712-Believe-by-Tuula-Rossi-0248-small.png","width":1000,"height":1500,"caption":"20191220 173712 Believe by Tuula Rossi 0248 small"},{"@type":"BreadcrumbList","@id":"https:\/\/believebytuularossi.com\/fi\/tuote\/celia-forest-green-hupullinen-tikattu-takki-metsanvihrea\/#breadcrumb","itemListElement":[{"@type":"ListItem","position":1,"name":"Home","item":"https:\/\/believebytuularossi.com\/fi\/"},{"@type":"ListItem","position":2,"name":"Shop","item":"https:\/\/believebytuularossi.com\/shop\/"},{"@type":"ListItem","position":3,"name":"Celia Forest Green -hupullinen tikattu takki, mets\u00e4nvihre\u00e4"}]},{"@type":"WebSite","@id":"https:\/\/believebytuularossi.com\/fi\/#website","url":"https:\/\/believebytuularossi.com\/fi\/","name":"BELIEVE by tuula rossi","description":"A unique, luxurious, original outerwear collection created by passion and love for today\u2019s fashionable woman and her desire for timeless style.          Perfect fit for the modern, feminine woman of any age.","publisher":{"@id":"https:\/\/believebytuularossi.com\/fi\/#organization"},"potentialAction":[{"@type":"SearchAction","target":{"@type":"EntryPoint","urlTemplate":"https:\/\/believebytuularossi.com\/fi\/?s={search_term_string}"},"query-input":{"@type":"PropertyValueSpecification","valueRequired":true,"valueName":"search_term_string"}}],"inLanguage":"fi"},{"@type":"Organization","@id":"https:\/\/believebytuularossi.com\/fi\/#organization","name":"BELIEVE by tuula rossi","url":"https:\/\/believebytuularossi.com\/fi\/","logo":{"@type":"ImageObject","inLanguage":"fi","@id":"https:\/\/believebytuularossi.com\/fi\/#\/schema\/logo\/image\/","url":"https:\/\/believebytuularossi.com\/wp-content\/uploads\/2018\/08\/rossi-logo_new.png","contentUrl":"https:\/\/believebytuularossi.com\/wp-content\/uploads\/2018\/08\/rossi-logo_new.png","width":300,"height":143,"caption":"BELIEVE by tuula rossi"},"image":{"@id":"https:\/\/believebytuularossi.com\/fi\/#\/schema\/logo\/image\/"},"sameAs":["https:\/\/www.facebook.com\/believebytuularossi\/_gu3udgu0BZPTzcnU","https:\/\/www.instagram.com\/believebytuularossi\/","https:\/\/www.pinterest.com\/believebytuularossi\/"]}]}},"_links":{"self":[{"href":"https:\/\/believebytuularossi.com\/fi\/wp-json\/wp\/v2\/product\/15652","targetHints":{"allow":["GET"]}}],"collection":[{"href":"https:\/\/believebytuularossi.com\/fi\/wp-json\/wp\/v2\/product"}],"about":[{"href":"https:\/\/believebytuularossi.com\/fi\/wp-json\/wp\/v2\/types\/product"}],"wp:featuredmedia":[{"embeddable":true,"href":"https:\/\/believebytuularossi.com\/fi\/wp-json\/wp\/v2\/media\/13953"}],"wp:attachment":[{"href":"https:\/\/believebytuularossi.com\/fi\/wp-json\/wp\/v2\/media?parent=15652"}],"wp:term":[{"taxonomy":"product_brand","embeddable":true,"href":"https:\/\/believebytuularossi.com\/fi\/wp-json\/wp\/v2\/product_brand?post=15652"},{"taxonomy":"product_cat","embeddable":true,"href":"https:\/\/believebytuularossi.com\/fi\/wp-json\/wp\/v2\/product_cat?post=15652"},{"taxonomy":"product_tag","embeddable":true,"href":"https:\/\/believebytuularossi.com\/fi\/wp-json\/wp\/v2\/product_tag?post=15652"}],"curies":[{"name":"wp","href":"https:\/\/api.w.org\/{rel}","templated":true}]}}