{"id":15676,"date":"2020-11-03T12:24:58","date_gmt":"2020-11-03T11:24:58","guid":{"rendered":"https:\/\/believebytuularossi.com\/product\/beth-black-tikattu-takki-ekoturkisreunuksella-musta\/"},"modified":"2020-11-03T12:24:58","modified_gmt":"2020-11-03T11:24:58","slug":"beth-black-tikattu-takki-ekoturkisreunuksella-musta","status":"publish","type":"product","link":"https:\/\/believebytuularossi.com\/fi\/tuote\/beth-black-tikattu-takki-ekoturkisreunuksella-musta\/","title":{"rendered":"Beth Black -tikattu takki ekoturkisreunuksella, musta"},"content":{"rendered":"","protected":false},"excerpt":{"rendered":"<p>Ajaton ja tyylik\u00e4s musta v\u00e4ri sopii t\u00e4ydellisesti Mini Stripe -kuosiin ja yhdess\u00e4 upean pehme\u00e4n ekoturkiksen kanssa n\u00e4m\u00e4 luovat ylellisen yhdistelm\u00e4n. T\u00e4ss\u00e4 mukavassa ja l\u00e4mpim\u00e4ss\u00e4 naisten takissa koet sek\u00e4 naisellisuutta ett\u00e4 itsevarmuutta. Takin edess\u00e4 ja hupun sis\u00e4puolella on ihanan pehme\u00e4 ekoturkki, joka pit\u00e4\u00e4 sinut l\u00e4mpim\u00e4n\u00e4. Yhdistettyn\u00e4 laadukkaan tikattuun takkimateriaaliin turkisreunus viimeistelee takin ilmeen. Piilovetoketjutaskujen sis\u00e4puolella pehme\u00e4 ekoturkis l\u00e4mmitt\u00e4\u00e4 k\u00e4tesi ja antaa hemmottelevan tunteen!<\/p>\n<p>Beth -takin hihan pituus on hieman tavallista pidempi ja sen voi s\u00e4\u00e4dell\u00e4 k\u00e4\u00e4nt\u00e4m\u00e4ll\u00e4 turkismansetti, mik\u00e4 takaa t\u00e4ydellisen pituuden kaiken pituisille naisille. Helman ja hupun reunaa voi s\u00e4\u00e4dell\u00e4 joustavalla kiristysny\u00f6rill\u00e4. Takin sivuissa on kaunis kahdensuuntainen vetoketju. T\u00e4m\u00e4 takki on suunniteltu n\u00e4ytt\u00e4m\u00e4\u00e4n upealta jokaisen naisen p\u00e4\u00e4ll\u00e4 koosta ja pituudesta riippumatta t\u00e4ydellisen kaavoituksen ansiosta.<\/p>\n<p>Hemmottele itse\u00e4si ja p\u00e4ivit\u00e4 takkikokoelmasi t\u00e4ll\u00e4 laadukkaalla, upealla ja t\u00e4ydellisesti istuvalla Beth -takilla!<\/p>\n","protected":false},"featured_media":14106,"template":"","meta":{"_acf_changed":false},"product_brand":[],"product_cat":[130],"product_tag":[],"class_list":{"0":"post-15676","1":"product","2":"type-product","3":"status-publish","4":"has-post-thumbnail","6":"product_cat-syksytakit-talvitakit","7":"pa_ewd_uwcf_colors-musta","8":"pa_size-34-fi","9":"pa_size-36-fi","10":"pa_size-38-fi","11":"pa_size-40-fi","12":"pa_size-42-fi","13":"pa_size-44-fi","14":"pa_size-46-fi","15":"pa_size-48-fi","16":"pa_size-50-fi","17":"pa_size-52-fi","18":"pa_size-54-fi","19":"product_color-black-fi","21":"first","22":"instock","23":"taxable","24":"shipping-taxable","25":"purchasable","26":"product-type-variable"},"acf":[],"yoast_head":"<!-- This site is optimized with the Yoast SEO plugin v27.5 - https:\/\/yoast.com\/product\/yoast-seo-wordpress\/ -->\n<title>Beth Black -tikattu takki ekoturkisreunuksella, musta &#8211; BELIEVE by tuula rossi<\/title>\n<meta name=\"description\" content=\"Beth Black -musta tikkitakki on ylellinen naisten takki unelmanpehme\u00e4ll\u00e4 ekoturkisreunuksella. Takki on naisellinen ja istuu t\u00e4ydellisesti kaikissa koossa\" \/>\n<meta name=\"robots\" content=\"index, follow, max-snippet:-1, max-image-preview:large, max-video-preview:-1\" \/>\n<link rel=\"canonical\" href=\"https:\/\/believebytuularossi.com\/fi\/tuote\/beth-black-tikattu-takki-ekoturkisreunuksella-musta\/\" \/>\n<meta property=\"og:locale\" content=\"fi_FI\" \/>\n<meta property=\"og:type\" content=\"article\" \/>\n<meta property=\"og:title\" content=\"Beth Black -tikattu takki ekoturkisreunuksella, musta &#8211; BELIEVE by tuula rossi\" \/>\n<meta property=\"og:description\" content=\"Beth Black -musta tikkitakki on ylellinen naisten takki unelmanpehme\u00e4ll\u00e4 ekoturkisreunuksella. Takki on naisellinen ja istuu t\u00e4ydellisesti kaikissa koossa\" \/>\n<meta property=\"og:url\" content=\"https:\/\/believebytuularossi.com\/fi\/tuote\/beth-black-tikattu-takki-ekoturkisreunuksella-musta\/\" \/>\n<meta property=\"og:site_name\" content=\"BELIEVE by tuula rossi\" \/>\n<meta property=\"article:publisher\" content=\"https:\/\/www.facebook.com\/believebytuularossi\/_gu3udgu0BZPTzcnU\" \/>\n<meta property=\"og:image\" content=\"https:\/\/believebytuularossi.com\/wp-content\/uploads\/2020\/11\/beth1-scaled.jpg\" \/>\n\t<meta property=\"og:image:width\" content=\"1871\" \/>\n\t<meta property=\"og:image:height\" content=\"2560\" \/>\n\t<meta property=\"og:image:type\" content=\"image\/jpeg\" \/>\n<meta name=\"twitter:card\" content=\"summary_large_image\" \/>\n<script type=\"application\/ld+json\" class=\"yoast-schema-graph\">{\"@context\":\"https:\\\/\\\/schema.org\",\"@graph\":[{\"@type\":\"WebPage\",\"@id\":\"https:\\\/\\\/believebytuularossi.com\\\/fi\\\/tuote\\\/beth-black-tikattu-takki-ekoturkisreunuksella-musta\\\/\",\"url\":\"https:\\\/\\\/believebytuularossi.com\\\/fi\\\/tuote\\\/beth-black-tikattu-takki-ekoturkisreunuksella-musta\\\/\",\"name\":\"Beth Black -tikattu takki ekoturkisreunuksella, musta &#8211; BELIEVE by tuula rossi\",\"isPartOf\":{\"@id\":\"https:\\\/\\\/believebytuularossi.com\\\/fi\\\/#website\"},\"primaryImageOfPage\":{\"@id\":\"https:\\\/\\\/believebytuularossi.com\\\/fi\\\/tuote\\\/beth-black-tikattu-takki-ekoturkisreunuksella-musta\\\/#primaryimage\"},\"image\":{\"@id\":\"https:\\\/\\\/believebytuularossi.com\\\/fi\\\/tuote\\\/beth-black-tikattu-takki-ekoturkisreunuksella-musta\\\/#primaryimage\"},\"thumbnailUrl\":\"https:\\\/\\\/believebytuularossi.com\\\/wp-content\\\/uploads\\\/2020\\\/11\\\/beth1-scaled.jpg\",\"datePublished\":\"2020-11-03T11:24:58+00:00\",\"description\":\"Beth Black -musta tikkitakki on ylellinen naisten takki unelmanpehme\u00e4ll\u00e4 ekoturkisreunuksella. Takki on naisellinen ja istuu t\u00e4ydellisesti kaikissa koossa\",\"breadcrumb\":{\"@id\":\"https:\\\/\\\/believebytuularossi.com\\\/fi\\\/tuote\\\/beth-black-tikattu-takki-ekoturkisreunuksella-musta\\\/#breadcrumb\"},\"inLanguage\":\"fi\",\"potentialAction\":[{\"@type\":\"ReadAction\",\"target\":[\"https:\\\/\\\/believebytuularossi.com\\\/fi\\\/tuote\\\/beth-black-tikattu-takki-ekoturkisreunuksella-musta\\\/\"]}]},{\"@type\":\"ImageObject\",\"inLanguage\":\"fi\",\"@id\":\"https:\\\/\\\/believebytuularossi.com\\\/fi\\\/tuote\\\/beth-black-tikattu-takki-ekoturkisreunuksella-musta\\\/#primaryimage\",\"url\":\"https:\\\/\\\/believebytuularossi.com\\\/wp-content\\\/uploads\\\/2020\\\/11\\\/beth1-scaled.jpg\",\"contentUrl\":\"https:\\\/\\\/believebytuularossi.com\\\/wp-content\\\/uploads\\\/2020\\\/11\\\/beth1-scaled.jpg\",\"width\":1871,\"height\":2560,\"caption\":\"beth1\"},{\"@type\":\"BreadcrumbList\",\"@id\":\"https:\\\/\\\/believebytuularossi.com\\\/fi\\\/tuote\\\/beth-black-tikattu-takki-ekoturkisreunuksella-musta\\\/#breadcrumb\",\"itemListElement\":[{\"@type\":\"ListItem\",\"position\":1,\"name\":\"Home\",\"item\":\"https:\\\/\\\/believebytuularossi.com\\\/fi\\\/\"},{\"@type\":\"ListItem\",\"position\":2,\"name\":\"Shop\",\"item\":\"https:\\\/\\\/believebytuularossi.com\\\/shop\\\/\"},{\"@type\":\"ListItem\",\"position\":3,\"name\":\"Beth Black -tikattu takki ekoturkisreunuksella, musta\"}]},{\"@type\":\"WebSite\",\"@id\":\"https:\\\/\\\/believebytuularossi.com\\\/fi\\\/#website\",\"url\":\"https:\\\/\\\/believebytuularossi.com\\\/fi\\\/\",\"name\":\"BELIEVE by tuula rossi\",\"description\":\"A unique, luxurious, original outerwear collection created by passion and love for today\u2019s fashionable woman and her desire for timeless style.          Perfect fit for the modern, feminine woman of any age.\",\"publisher\":{\"@id\":\"https:\\\/\\\/believebytuularossi.com\\\/fi\\\/#organization\"},\"potentialAction\":[{\"@type\":\"SearchAction\",\"target\":{\"@type\":\"EntryPoint\",\"urlTemplate\":\"https:\\\/\\\/believebytuularossi.com\\\/fi\\\/?s={search_term_string}\"},\"query-input\":{\"@type\":\"PropertyValueSpecification\",\"valueRequired\":true,\"valueName\":\"search_term_string\"}}],\"inLanguage\":\"fi\"},{\"@type\":\"Organization\",\"@id\":\"https:\\\/\\\/believebytuularossi.com\\\/fi\\\/#organization\",\"name\":\"BELIEVE by tuula rossi\",\"url\":\"https:\\\/\\\/believebytuularossi.com\\\/fi\\\/\",\"logo\":{\"@type\":\"ImageObject\",\"inLanguage\":\"fi\",\"@id\":\"https:\\\/\\\/believebytuularossi.com\\\/fi\\\/#\\\/schema\\\/logo\\\/image\\\/\",\"url\":\"https:\\\/\\\/believebytuularossi.com\\\/wp-content\\\/uploads\\\/2018\\\/08\\\/rossi-logo_new.png\",\"contentUrl\":\"https:\\\/\\\/believebytuularossi.com\\\/wp-content\\\/uploads\\\/2018\\\/08\\\/rossi-logo_new.png\",\"width\":300,\"height\":143,\"caption\":\"BELIEVE by tuula rossi\"},\"image\":{\"@id\":\"https:\\\/\\\/believebytuularossi.com\\\/fi\\\/#\\\/schema\\\/logo\\\/image\\\/\"},\"sameAs\":[\"https:\\\/\\\/www.facebook.com\\\/believebytuularossi\\\/_gu3udgu0BZPTzcnU\",\"https:\\\/\\\/www.instagram.com\\\/believebytuularossi\\\/\",\"https:\\\/\\\/www.pinterest.com\\\/believebytuularossi\\\/\"]}]}<\/script>\n<!-- \/ Yoast SEO plugin. -->","yoast_head_json":{"title":"Beth Black -tikattu takki ekoturkisreunuksella, musta &#8211; BELIEVE by tuula rossi","description":"Beth Black -musta tikkitakki on ylellinen naisten takki unelmanpehme\u00e4ll\u00e4 ekoturkisreunuksella. Takki on naisellinen ja istuu t\u00e4ydellisesti kaikissa koossa","robots":{"index":"index","follow":"follow","max-snippet":"max-snippet:-1","max-image-preview":"max-image-preview:large","max-video-preview":"max-video-preview:-1"},"canonical":"https:\/\/believebytuularossi.com\/fi\/tuote\/beth-black-tikattu-takki-ekoturkisreunuksella-musta\/","og_locale":"fi_FI","og_type":"article","og_title":"Beth Black -tikattu takki ekoturkisreunuksella, musta &#8211; BELIEVE by tuula rossi","og_description":"Beth Black -musta tikkitakki on ylellinen naisten takki unelmanpehme\u00e4ll\u00e4 ekoturkisreunuksella. Takki on naisellinen ja istuu t\u00e4ydellisesti kaikissa koossa","og_url":"https:\/\/believebytuularossi.com\/fi\/tuote\/beth-black-tikattu-takki-ekoturkisreunuksella-musta\/","og_site_name":"BELIEVE by tuula rossi","article_publisher":"https:\/\/www.facebook.com\/believebytuularossi\/_gu3udgu0BZPTzcnU","og_image":[{"width":1871,"height":2560,"url":"https:\/\/believebytuularossi.com\/wp-content\/uploads\/2020\/11\/beth1-scaled.jpg","type":"image\/jpeg"}],"twitter_card":"summary_large_image","schema":{"@context":"https:\/\/schema.org","@graph":[{"@type":"WebPage","@id":"https:\/\/believebytuularossi.com\/fi\/tuote\/beth-black-tikattu-takki-ekoturkisreunuksella-musta\/","url":"https:\/\/believebytuularossi.com\/fi\/tuote\/beth-black-tikattu-takki-ekoturkisreunuksella-musta\/","name":"Beth Black -tikattu takki ekoturkisreunuksella, musta &#8211; BELIEVE by tuula rossi","isPartOf":{"@id":"https:\/\/believebytuularossi.com\/fi\/#website"},"primaryImageOfPage":{"@id":"https:\/\/believebytuularossi.com\/fi\/tuote\/beth-black-tikattu-takki-ekoturkisreunuksella-musta\/#primaryimage"},"image":{"@id":"https:\/\/believebytuularossi.com\/fi\/tuote\/beth-black-tikattu-takki-ekoturkisreunuksella-musta\/#primaryimage"},"thumbnailUrl":"https:\/\/believebytuularossi.com\/wp-content\/uploads\/2020\/11\/beth1-scaled.jpg","datePublished":"2020-11-03T11:24:58+00:00","description":"Beth Black -musta tikkitakki on ylellinen naisten takki unelmanpehme\u00e4ll\u00e4 ekoturkisreunuksella. Takki on naisellinen ja istuu t\u00e4ydellisesti kaikissa koossa","breadcrumb":{"@id":"https:\/\/believebytuularossi.com\/fi\/tuote\/beth-black-tikattu-takki-ekoturkisreunuksella-musta\/#breadcrumb"},"inLanguage":"fi","potentialAction":[{"@type":"ReadAction","target":["https:\/\/believebytuularossi.com\/fi\/tuote\/beth-black-tikattu-takki-ekoturkisreunuksella-musta\/"]}]},{"@type":"ImageObject","inLanguage":"fi","@id":"https:\/\/believebytuularossi.com\/fi\/tuote\/beth-black-tikattu-takki-ekoturkisreunuksella-musta\/#primaryimage","url":"https:\/\/believebytuularossi.com\/wp-content\/uploads\/2020\/11\/beth1-scaled.jpg","contentUrl":"https:\/\/believebytuularossi.com\/wp-content\/uploads\/2020\/11\/beth1-scaled.jpg","width":1871,"height":2560,"caption":"beth1"},{"@type":"BreadcrumbList","@id":"https:\/\/believebytuularossi.com\/fi\/tuote\/beth-black-tikattu-takki-ekoturkisreunuksella-musta\/#breadcrumb","itemListElement":[{"@type":"ListItem","position":1,"name":"Home","item":"https:\/\/believebytuularossi.com\/fi\/"},{"@type":"ListItem","position":2,"name":"Shop","item":"https:\/\/believebytuularossi.com\/shop\/"},{"@type":"ListItem","position":3,"name":"Beth Black -tikattu takki ekoturkisreunuksella, musta"}]},{"@type":"WebSite","@id":"https:\/\/believebytuularossi.com\/fi\/#website","url":"https:\/\/believebytuularossi.com\/fi\/","name":"BELIEVE by tuula rossi","description":"A unique, luxurious, original outerwear collection created by passion and love for today\u2019s fashionable woman and her desire for timeless style.          Perfect fit for the modern, feminine woman of any age.","publisher":{"@id":"https:\/\/believebytuularossi.com\/fi\/#organization"},"potentialAction":[{"@type":"SearchAction","target":{"@type":"EntryPoint","urlTemplate":"https:\/\/believebytuularossi.com\/fi\/?s={search_term_string}"},"query-input":{"@type":"PropertyValueSpecification","valueRequired":true,"valueName":"search_term_string"}}],"inLanguage":"fi"},{"@type":"Organization","@id":"https:\/\/believebytuularossi.com\/fi\/#organization","name":"BELIEVE by tuula rossi","url":"https:\/\/believebytuularossi.com\/fi\/","logo":{"@type":"ImageObject","inLanguage":"fi","@id":"https:\/\/believebytuularossi.com\/fi\/#\/schema\/logo\/image\/","url":"https:\/\/believebytuularossi.com\/wp-content\/uploads\/2018\/08\/rossi-logo_new.png","contentUrl":"https:\/\/believebytuularossi.com\/wp-content\/uploads\/2018\/08\/rossi-logo_new.png","width":300,"height":143,"caption":"BELIEVE by tuula rossi"},"image":{"@id":"https:\/\/believebytuularossi.com\/fi\/#\/schema\/logo\/image\/"},"sameAs":["https:\/\/www.facebook.com\/believebytuularossi\/_gu3udgu0BZPTzcnU","https:\/\/www.instagram.com\/believebytuularossi\/","https:\/\/www.pinterest.com\/believebytuularossi\/"]}]}},"_links":{"self":[{"href":"https:\/\/believebytuularossi.com\/fi\/wp-json\/wp\/v2\/product\/15676","targetHints":{"allow":["GET"]}}],"collection":[{"href":"https:\/\/believebytuularossi.com\/fi\/wp-json\/wp\/v2\/product"}],"about":[{"href":"https:\/\/believebytuularossi.com\/fi\/wp-json\/wp\/v2\/types\/product"}],"wp:featuredmedia":[{"embeddable":true,"href":"https:\/\/believebytuularossi.com\/fi\/wp-json\/wp\/v2\/media\/14106"}],"wp:attachment":[{"href":"https:\/\/believebytuularossi.com\/fi\/wp-json\/wp\/v2\/media?parent=15676"}],"wp:term":[{"taxonomy":"product_brand","embeddable":true,"href":"https:\/\/believebytuularossi.com\/fi\/wp-json\/wp\/v2\/product_brand?post=15676"},{"taxonomy":"product_cat","embeddable":true,"href":"https:\/\/believebytuularossi.com\/fi\/wp-json\/wp\/v2\/product_cat?post=15676"},{"taxonomy":"product_tag","embeddable":true,"href":"https:\/\/believebytuularossi.com\/fi\/wp-json\/wp\/v2\/product_tag?post=15676"}],"curies":[{"name":"wp","href":"https:\/\/api.w.org\/{rel}","templated":true}]}}