{"id":15688,"date":"2020-11-03T11:34:38","date_gmt":"2020-11-03T10:34:38","guid":{"rendered":"https:\/\/believebytuularossi.com\/product\/belinda-black-kevyt-pitka-joustava-tikattu-hame-musta\/"},"modified":"2025-11-25T14:41:19","modified_gmt":"2025-11-25T13:41:19","slug":"belinda-black-kevyt-pitka-joustava-tikattu-hame-musta","status":"publish","type":"product","link":"https:\/\/believebytuularossi.com\/fi\/tuote\/belinda-black-kevyt-pitka-joustava-tikattu-hame-musta\/","title":{"rendered":"Belinda Black -kevyt, pitk\u00e4 ja joustava tikattu hame, musta"},"content":{"rendered":"","protected":false},"excerpt":{"rendered":"<p>Tyylik\u00e4s ja ainutlaatuinen Belinda -hame on valmistettu joustavasta korkealaatuisesta tikatusta materiaalista. T\u00e4ss\u00e4 kevyess\u00e4, muodikkaassa hameessa on kaksisuuntaiset vetoketjut taskuissa ja pitk\u00e4 ylh\u00e4\u00e4lt\u00e4 alas vetoketju, joka avautuu sivusaumassa halkiolle. Hieno tikattu materiaali tekee hameesta hyvin istuvan ja upean n\u00e4k\u00f6isen. Hame on mukava p\u00e4\u00e4ll\u00e4 ja sen on helppo yhdist\u00e4\u00e4 erilaisiin paitoihin ja takkeihin. Ajaton pitk\u00e4 Belinda -tikkihame on t\u00e4ydellinen hamevalinta syksyyn ja talveen. T\u00e4ydellisen istuvuuden ja joustavan materiaalin ansiosta se imartelee vartaloasi ja voit olla varma, ett\u00e4 hame n\u00e4ytt\u00e4\u00e4 upealta p\u00e4\u00e4ll\u00e4si koostasi riippumatta.<\/p>\n","protected":false},"featured_media":14025,"template":"","meta":{"_acf_changed":false},"product_brand":[],"product_cat":[133],"product_tag":[],"class_list":{"0":"post-15688","1":"product","2":"type-product","3":"status-publish","4":"has-post-thumbnail","6":"product_cat-hameet","7":"pa_ewd_uwcf_colors-black","8":"pa_size-34-fi","9":"pa_size-36-fi","10":"pa_size-38-fi","11":"pa_size-40-fi","12":"pa_size-42-fi","13":"pa_size-44-fi","14":"pa_size-46-fi","15":"pa_size-48-fi","16":"pa_size-50-fi","17":"pa_size-52-fi","18":"pa_size-54-fi","19":"product_color-black-fi","21":"first","22":"instock","23":"taxable","24":"shipping-taxable","25":"purchasable","26":"product-type-variable"},"acf":[],"yoast_head":"<!-- This site is optimized with the Yoast SEO plugin v27.5 - https:\/\/yoast.com\/product\/yoast-seo-wordpress\/ -->\n<title>Belinda Black -kevyt, pitk\u00e4 ja joustava tikattu hame, musta &#8211; BELIEVE by tuula rossi<\/title>\n<meta name=\"description\" content=\"Belinda Black -musta joustava pitk\u00e4 tikattu hame on t\u00e4ydellinen hamevalinta syksyyn ja talveen\" \/>\n<meta name=\"robots\" content=\"index, follow, max-snippet:-1, max-image-preview:large, max-video-preview:-1\" \/>\n<link rel=\"canonical\" href=\"https:\/\/believebytuularossi.com\/fi\/tuote\/belinda-black-kevyt-pitka-joustava-tikattu-hame-musta\/\" \/>\n<meta property=\"og:locale\" content=\"fi_FI\" \/>\n<meta property=\"og:type\" content=\"article\" \/>\n<meta property=\"og:title\" content=\"Belinda Black -kevyt, pitk\u00e4 ja joustava tikattu hame, musta &#8211; BELIEVE by tuula rossi\" \/>\n<meta property=\"og:description\" content=\"Belinda Black -musta joustava pitk\u00e4 tikattu hame on t\u00e4ydellinen hamevalinta syksyyn ja talveen\" \/>\n<meta property=\"og:url\" content=\"https:\/\/believebytuularossi.com\/fi\/tuote\/belinda-black-kevyt-pitka-joustava-tikattu-hame-musta\/\" \/>\n<meta property=\"og:site_name\" content=\"BELIEVE by tuula rossi\" \/>\n<meta property=\"article:publisher\" content=\"https:\/\/www.facebook.com\/believebytuularossi\/_gu3udgu0BZPTzcnU\" \/>\n<meta property=\"article:modified_time\" content=\"2025-11-25T13:41:19+00:00\" \/>\n<meta property=\"og:image\" content=\"https:\/\/believebytuularossi.com\/wp-content\/uploads\/2020\/11\/20190620-174524-Believe-by-Tuula-Rossi-0683-Edit_pp-scaled.jpg\" \/>\n\t<meta property=\"og:image:width\" content=\"1707\" \/>\n\t<meta property=\"og:image:height\" content=\"2560\" \/>\n\t<meta property=\"og:image:type\" content=\"image\/jpeg\" \/>\n<meta name=\"twitter:card\" content=\"summary_large_image\" \/>\n<meta name=\"twitter:label1\" content=\"Arvioitu lukuaika\" \/>\n\t<meta name=\"twitter:data1\" content=\"1 minuutti\" \/>\n<script type=\"application\/ld+json\" class=\"yoast-schema-graph\">{\"@context\":\"https:\\\/\\\/schema.org\",\"@graph\":[{\"@type\":\"WebPage\",\"@id\":\"https:\\\/\\\/believebytuularossi.com\\\/fi\\\/tuote\\\/belinda-black-kevyt-pitka-joustava-tikattu-hame-musta\\\/\",\"url\":\"https:\\\/\\\/believebytuularossi.com\\\/fi\\\/tuote\\\/belinda-black-kevyt-pitka-joustava-tikattu-hame-musta\\\/\",\"name\":\"Belinda Black -kevyt, pitk\u00e4 ja joustava tikattu hame, musta &#8211; BELIEVE by tuula rossi\",\"isPartOf\":{\"@id\":\"https:\\\/\\\/believebytuularossi.com\\\/fi\\\/#website\"},\"primaryImageOfPage\":{\"@id\":\"https:\\\/\\\/believebytuularossi.com\\\/fi\\\/tuote\\\/belinda-black-kevyt-pitka-joustava-tikattu-hame-musta\\\/#primaryimage\"},\"image\":{\"@id\":\"https:\\\/\\\/believebytuularossi.com\\\/fi\\\/tuote\\\/belinda-black-kevyt-pitka-joustava-tikattu-hame-musta\\\/#primaryimage\"},\"thumbnailUrl\":\"https:\\\/\\\/believebytuularossi.com\\\/wp-content\\\/uploads\\\/2020\\\/11\\\/20190620-174524-Believe-by-Tuula-Rossi-0683-Edit_pp-scaled.jpg\",\"datePublished\":\"2020-11-03T10:34:38+00:00\",\"dateModified\":\"2025-11-25T13:41:19+00:00\",\"description\":\"Belinda Black -musta joustava pitk\u00e4 tikattu hame on t\u00e4ydellinen hamevalinta syksyyn ja talveen\",\"breadcrumb\":{\"@id\":\"https:\\\/\\\/believebytuularossi.com\\\/fi\\\/tuote\\\/belinda-black-kevyt-pitka-joustava-tikattu-hame-musta\\\/#breadcrumb\"},\"inLanguage\":\"fi\",\"potentialAction\":[{\"@type\":\"ReadAction\",\"target\":[\"https:\\\/\\\/believebytuularossi.com\\\/fi\\\/tuote\\\/belinda-black-kevyt-pitka-joustava-tikattu-hame-musta\\\/\"]}]},{\"@type\":\"ImageObject\",\"inLanguage\":\"fi\",\"@id\":\"https:\\\/\\\/believebytuularossi.com\\\/fi\\\/tuote\\\/belinda-black-kevyt-pitka-joustava-tikattu-hame-musta\\\/#primaryimage\",\"url\":\"https:\\\/\\\/believebytuularossi.com\\\/wp-content\\\/uploads\\\/2020\\\/11\\\/20190620-174524-Believe-by-Tuula-Rossi-0683-Edit_pp-scaled.jpg\",\"contentUrl\":\"https:\\\/\\\/believebytuularossi.com\\\/wp-content\\\/uploads\\\/2020\\\/11\\\/20190620-174524-Believe-by-Tuula-Rossi-0683-Edit_pp-scaled.jpg\",\"width\":1707,\"height\":2560,\"caption\":\"20190620 174524 Believe by Tuula Rossi 0683 Edit pp\"},{\"@type\":\"BreadcrumbList\",\"@id\":\"https:\\\/\\\/believebytuularossi.com\\\/fi\\\/tuote\\\/belinda-black-kevyt-pitka-joustava-tikattu-hame-musta\\\/#breadcrumb\",\"itemListElement\":[{\"@type\":\"ListItem\",\"position\":1,\"name\":\"Home\",\"item\":\"https:\\\/\\\/believebytuularossi.com\\\/fi\\\/\"},{\"@type\":\"ListItem\",\"position\":2,\"name\":\"Shop\",\"item\":\"https:\\\/\\\/believebytuularossi.com\\\/shop\\\/\"},{\"@type\":\"ListItem\",\"position\":3,\"name\":\"Belinda Black -kevyt, pitk\u00e4 ja joustava tikattu hame, musta\"}]},{\"@type\":\"WebSite\",\"@id\":\"https:\\\/\\\/believebytuularossi.com\\\/fi\\\/#website\",\"url\":\"https:\\\/\\\/believebytuularossi.com\\\/fi\\\/\",\"name\":\"BELIEVE by tuula rossi\",\"description\":\"A unique, luxurious, original outerwear collection created by passion and love for today\u2019s fashionable woman and her desire for timeless style.          Perfect fit for the modern, feminine woman of any age.\",\"publisher\":{\"@id\":\"https:\\\/\\\/believebytuularossi.com\\\/fi\\\/#organization\"},\"potentialAction\":[{\"@type\":\"SearchAction\",\"target\":{\"@type\":\"EntryPoint\",\"urlTemplate\":\"https:\\\/\\\/believebytuularossi.com\\\/fi\\\/?s={search_term_string}\"},\"query-input\":{\"@type\":\"PropertyValueSpecification\",\"valueRequired\":true,\"valueName\":\"search_term_string\"}}],\"inLanguage\":\"fi\"},{\"@type\":\"Organization\",\"@id\":\"https:\\\/\\\/believebytuularossi.com\\\/fi\\\/#organization\",\"name\":\"BELIEVE by tuula rossi\",\"url\":\"https:\\\/\\\/believebytuularossi.com\\\/fi\\\/\",\"logo\":{\"@type\":\"ImageObject\",\"inLanguage\":\"fi\",\"@id\":\"https:\\\/\\\/believebytuularossi.com\\\/fi\\\/#\\\/schema\\\/logo\\\/image\\\/\",\"url\":\"https:\\\/\\\/believebytuularossi.com\\\/wp-content\\\/uploads\\\/2018\\\/08\\\/rossi-logo_new.png\",\"contentUrl\":\"https:\\\/\\\/believebytuularossi.com\\\/wp-content\\\/uploads\\\/2018\\\/08\\\/rossi-logo_new.png\",\"width\":300,\"height\":143,\"caption\":\"BELIEVE by tuula rossi\"},\"image\":{\"@id\":\"https:\\\/\\\/believebytuularossi.com\\\/fi\\\/#\\\/schema\\\/logo\\\/image\\\/\"},\"sameAs\":[\"https:\\\/\\\/www.facebook.com\\\/believebytuularossi\\\/_gu3udgu0BZPTzcnU\",\"https:\\\/\\\/www.instagram.com\\\/believebytuularossi\\\/\",\"https:\\\/\\\/www.pinterest.com\\\/believebytuularossi\\\/\"]}]}<\/script>\n<!-- \/ Yoast SEO plugin. -->","yoast_head_json":{"title":"Belinda Black -kevyt, pitk\u00e4 ja joustava tikattu hame, musta &#8211; BELIEVE by tuula rossi","description":"Belinda Black -musta joustava pitk\u00e4 tikattu hame on t\u00e4ydellinen hamevalinta syksyyn ja talveen","robots":{"index":"index","follow":"follow","max-snippet":"max-snippet:-1","max-image-preview":"max-image-preview:large","max-video-preview":"max-video-preview:-1"},"canonical":"https:\/\/believebytuularossi.com\/fi\/tuote\/belinda-black-kevyt-pitka-joustava-tikattu-hame-musta\/","og_locale":"fi_FI","og_type":"article","og_title":"Belinda Black -kevyt, pitk\u00e4 ja joustava tikattu hame, musta &#8211; BELIEVE by tuula rossi","og_description":"Belinda Black -musta joustava pitk\u00e4 tikattu hame on t\u00e4ydellinen hamevalinta syksyyn ja talveen","og_url":"https:\/\/believebytuularossi.com\/fi\/tuote\/belinda-black-kevyt-pitka-joustava-tikattu-hame-musta\/","og_site_name":"BELIEVE by tuula rossi","article_publisher":"https:\/\/www.facebook.com\/believebytuularossi\/_gu3udgu0BZPTzcnU","article_modified_time":"2025-11-25T13:41:19+00:00","og_image":[{"width":1707,"height":2560,"url":"https:\/\/believebytuularossi.com\/wp-content\/uploads\/2020\/11\/20190620-174524-Believe-by-Tuula-Rossi-0683-Edit_pp-scaled.jpg","type":"image\/jpeg"}],"twitter_card":"summary_large_image","twitter_misc":{"Arvioitu lukuaika":"1 minuutti"},"schema":{"@context":"https:\/\/schema.org","@graph":[{"@type":"WebPage","@id":"https:\/\/believebytuularossi.com\/fi\/tuote\/belinda-black-kevyt-pitka-joustava-tikattu-hame-musta\/","url":"https:\/\/believebytuularossi.com\/fi\/tuote\/belinda-black-kevyt-pitka-joustava-tikattu-hame-musta\/","name":"Belinda Black -kevyt, pitk\u00e4 ja joustava tikattu hame, musta &#8211; BELIEVE by tuula rossi","isPartOf":{"@id":"https:\/\/believebytuularossi.com\/fi\/#website"},"primaryImageOfPage":{"@id":"https:\/\/believebytuularossi.com\/fi\/tuote\/belinda-black-kevyt-pitka-joustava-tikattu-hame-musta\/#primaryimage"},"image":{"@id":"https:\/\/believebytuularossi.com\/fi\/tuote\/belinda-black-kevyt-pitka-joustava-tikattu-hame-musta\/#primaryimage"},"thumbnailUrl":"https:\/\/believebytuularossi.com\/wp-content\/uploads\/2020\/11\/20190620-174524-Believe-by-Tuula-Rossi-0683-Edit_pp-scaled.jpg","datePublished":"2020-11-03T10:34:38+00:00","dateModified":"2025-11-25T13:41:19+00:00","description":"Belinda Black -musta joustava pitk\u00e4 tikattu hame on t\u00e4ydellinen hamevalinta syksyyn ja talveen","breadcrumb":{"@id":"https:\/\/believebytuularossi.com\/fi\/tuote\/belinda-black-kevyt-pitka-joustava-tikattu-hame-musta\/#breadcrumb"},"inLanguage":"fi","potentialAction":[{"@type":"ReadAction","target":["https:\/\/believebytuularossi.com\/fi\/tuote\/belinda-black-kevyt-pitka-joustava-tikattu-hame-musta\/"]}]},{"@type":"ImageObject","inLanguage":"fi","@id":"https:\/\/believebytuularossi.com\/fi\/tuote\/belinda-black-kevyt-pitka-joustava-tikattu-hame-musta\/#primaryimage","url":"https:\/\/believebytuularossi.com\/wp-content\/uploads\/2020\/11\/20190620-174524-Believe-by-Tuula-Rossi-0683-Edit_pp-scaled.jpg","contentUrl":"https:\/\/believebytuularossi.com\/wp-content\/uploads\/2020\/11\/20190620-174524-Believe-by-Tuula-Rossi-0683-Edit_pp-scaled.jpg","width":1707,"height":2560,"caption":"20190620 174524 Believe by Tuula Rossi 0683 Edit pp"},{"@type":"BreadcrumbList","@id":"https:\/\/believebytuularossi.com\/fi\/tuote\/belinda-black-kevyt-pitka-joustava-tikattu-hame-musta\/#breadcrumb","itemListElement":[{"@type":"ListItem","position":1,"name":"Home","item":"https:\/\/believebytuularossi.com\/fi\/"},{"@type":"ListItem","position":2,"name":"Shop","item":"https:\/\/believebytuularossi.com\/shop\/"},{"@type":"ListItem","position":3,"name":"Belinda Black -kevyt, pitk\u00e4 ja joustava tikattu hame, musta"}]},{"@type":"WebSite","@id":"https:\/\/believebytuularossi.com\/fi\/#website","url":"https:\/\/believebytuularossi.com\/fi\/","name":"BELIEVE by tuula rossi","description":"A unique, luxurious, original outerwear collection created by passion and love for today\u2019s fashionable woman and her desire for timeless style.          Perfect fit for the modern, feminine woman of any age.","publisher":{"@id":"https:\/\/believebytuularossi.com\/fi\/#organization"},"potentialAction":[{"@type":"SearchAction","target":{"@type":"EntryPoint","urlTemplate":"https:\/\/believebytuularossi.com\/fi\/?s={search_term_string}"},"query-input":{"@type":"PropertyValueSpecification","valueRequired":true,"valueName":"search_term_string"}}],"inLanguage":"fi"},{"@type":"Organization","@id":"https:\/\/believebytuularossi.com\/fi\/#organization","name":"BELIEVE by tuula rossi","url":"https:\/\/believebytuularossi.com\/fi\/","logo":{"@type":"ImageObject","inLanguage":"fi","@id":"https:\/\/believebytuularossi.com\/fi\/#\/schema\/logo\/image\/","url":"https:\/\/believebytuularossi.com\/wp-content\/uploads\/2018\/08\/rossi-logo_new.png","contentUrl":"https:\/\/believebytuularossi.com\/wp-content\/uploads\/2018\/08\/rossi-logo_new.png","width":300,"height":143,"caption":"BELIEVE by tuula rossi"},"image":{"@id":"https:\/\/believebytuularossi.com\/fi\/#\/schema\/logo\/image\/"},"sameAs":["https:\/\/www.facebook.com\/believebytuularossi\/_gu3udgu0BZPTzcnU","https:\/\/www.instagram.com\/believebytuularossi\/","https:\/\/www.pinterest.com\/believebytuularossi\/"]}]}},"_links":{"self":[{"href":"https:\/\/believebytuularossi.com\/fi\/wp-json\/wp\/v2\/product\/15688","targetHints":{"allow":["GET"]}}],"collection":[{"href":"https:\/\/believebytuularossi.com\/fi\/wp-json\/wp\/v2\/product"}],"about":[{"href":"https:\/\/believebytuularossi.com\/fi\/wp-json\/wp\/v2\/types\/product"}],"wp:featuredmedia":[{"embeddable":true,"href":"https:\/\/believebytuularossi.com\/fi\/wp-json\/wp\/v2\/media\/14025"}],"wp:attachment":[{"href":"https:\/\/believebytuularossi.com\/fi\/wp-json\/wp\/v2\/media?parent=15688"}],"wp:term":[{"taxonomy":"product_brand","embeddable":true,"href":"https:\/\/believebytuularossi.com\/fi\/wp-json\/wp\/v2\/product_brand?post=15688"},{"taxonomy":"product_cat","embeddable":true,"href":"https:\/\/believebytuularossi.com\/fi\/wp-json\/wp\/v2\/product_cat?post=15688"},{"taxonomy":"product_tag","embeddable":true,"href":"https:\/\/believebytuularossi.com\/fi\/wp-json\/wp\/v2\/product_tag?post=15688"}],"curies":[{"name":"wp","href":"https:\/\/api.w.org\/{rel}","templated":true}]}}