{"id":15732,"date":"2020-06-04T08:07:14","date_gmt":"2020-06-04T06:07:14","guid":{"rendered":"https:\/\/believebytuularossi.com\/product\/ava-blueberry-kevyt-tikattu-takki-mustikansininen\/"},"modified":"2020-06-04T08:07:14","modified_gmt":"2020-06-04T06:07:14","slug":"ava-blueberry-kevyt-tikattu-takki-mustikansininen","status":"publish","type":"product","link":"https:\/\/believebytuularossi.com\/fi\/tuote\/ava-blueberry-kevyt-tikattu-takki-mustikansininen\/","title":{"rendered":"Ava Blueberry -kevyt tikattu takki, mustikansininen"},"content":{"rendered":"","protected":false},"excerpt":{"rendered":"<p>T\u00e4ss\u00e4 kauniissa kevyess\u00e4 p\u00e4\u00e4llystakissa on eritt\u00e4in vieh\u00e4tt\u00e4v\u00e4 Baby Stripe -tikattu takkimateriaali ja hieno mustiikansininen v\u00e4ri! T\u00e4m\u00e4 takki imartelee vartaloasi! Tyylik\u00e4s ja muodikas Ava -tikkitakki on t\u00e4ydellinen naisille, jotka pit\u00e4v\u00e4t urbaanisesta ja ajattomasta tyylist\u00e4. Kauniit pitk\u00e4t kaksisuuntaiset vetoketjut taskuissa saavat vy\u00f6t\u00e4r\u00f6si n\u00e4ytt\u00e4m\u00e4\u00e4n kapeammalta. T\u00e4ydellisen leikkauksen ansiosta voit tuntea olosi mukavaksi ja n\u00e4ytt\u00e4\u00e4 hyv\u00e4lt\u00e4 koostasi riippumatta!<\/p>\n<p>AVA Baby Stripe -tikatun takin hihan pituus on hieman tavallista pidempi. Joustavat hihansuut takaavat t\u00e4ydellisen pituuden kaiken pituisille naisille.<\/p>\n","protected":false},"featured_media":13902,"template":"","meta":{"_acf_changed":false},"product_brand":[],"product_cat":[131],"product_tag":[],"class_list":{"0":"post-15732","1":"product","2":"type-product","3":"status-publish","4":"has-post-thumbnail","6":"product_cat-kevattakit-kesatakit-valisesonkitakit","7":"pa_ewd_uwcf_colors-navy","8":"pa_size-34-fi","9":"pa_size-36-fi","10":"pa_size-38-fi","11":"pa_size-40-fi","12":"pa_size-42-fi","13":"pa_size-44-fi","14":"pa_size-46-fi","15":"pa_size-48-fi","16":"pa_size-50-fi","17":"pa_size-52-fi","18":"pa_size-54-fi","19":"product_color-navy-fi","21":"first","22":"instock","23":"taxable","24":"shipping-taxable","25":"purchasable","26":"product-type-variable"},"acf":[],"yoast_head":"<!-- This site is optimized with the Yoast SEO plugin v27.3 - https:\/\/yoast.com\/product\/yoast-seo-wordpress\/ -->\n<title>Ava Blueberry -kevyt tikattu takki, mustikansininen &#8211; BELIEVE by tuula rossi<\/title>\n<meta name=\"description\" content=\"Ava Baby Stripe Blueberry -mustikansininen kevyt tikattu naisten p\u00e4\u00e4llystakki\" \/>\n<meta name=\"robots\" content=\"index, follow, max-snippet:-1, max-image-preview:large, max-video-preview:-1\" \/>\n<link rel=\"canonical\" href=\"https:\/\/believebytuularossi.com\/fi\/tuote\/ava-blueberry-kevyt-tikattu-takki-mustikansininen\/\" \/>\n<meta property=\"og:locale\" content=\"fi_FI\" \/>\n<meta property=\"og:type\" content=\"article\" \/>\n<meta property=\"og:title\" content=\"Ava Blueberry -kevyt tikattu takki, mustikansininen &#8211; BELIEVE by tuula rossi\" \/>\n<meta property=\"og:description\" content=\"Ava Baby Stripe Blueberry -mustikansininen kevyt tikattu naisten p\u00e4\u00e4llystakki\" \/>\n<meta property=\"og:url\" content=\"https:\/\/believebytuularossi.com\/fi\/tuote\/ava-blueberry-kevyt-tikattu-takki-mustikansininen\/\" \/>\n<meta property=\"og:site_name\" content=\"BELIEVE by tuula rossi\" \/>\n<meta property=\"article:publisher\" content=\"https:\/\/www.facebook.com\/believebytuularossi\/_gu3udgu0BZPTzcnU\" \/>\n<meta property=\"og:image\" content=\"https:\/\/believebytuularossi.com\/wp-content\/uploads\/2020\/06\/Ava-Blueberry-Light-Quilted-Jacket1.jpg\" \/>\n\t<meta property=\"og:image:width\" content=\"1704\" \/>\n\t<meta property=\"og:image:height\" content=\"2560\" \/>\n\t<meta property=\"og:image:type\" content=\"image\/jpeg\" \/>\n<meta name=\"twitter:card\" content=\"summary_large_image\" \/>\n<script type=\"application\/ld+json\" class=\"yoast-schema-graph\">{\"@context\":\"https:\\\/\\\/schema.org\",\"@graph\":[{\"@type\":\"WebPage\",\"@id\":\"https:\\\/\\\/believebytuularossi.com\\\/fi\\\/tuote\\\/ava-blueberry-kevyt-tikattu-takki-mustikansininen\\\/\",\"url\":\"https:\\\/\\\/believebytuularossi.com\\\/fi\\\/tuote\\\/ava-blueberry-kevyt-tikattu-takki-mustikansininen\\\/\",\"name\":\"Ava Blueberry -kevyt tikattu takki, mustikansininen &#8211; BELIEVE by tuula rossi\",\"isPartOf\":{\"@id\":\"https:\\\/\\\/believebytuularossi.com\\\/fi\\\/#website\"},\"primaryImageOfPage\":{\"@id\":\"https:\\\/\\\/believebytuularossi.com\\\/fi\\\/tuote\\\/ava-blueberry-kevyt-tikattu-takki-mustikansininen\\\/#primaryimage\"},\"image\":{\"@id\":\"https:\\\/\\\/believebytuularossi.com\\\/fi\\\/tuote\\\/ava-blueberry-kevyt-tikattu-takki-mustikansininen\\\/#primaryimage\"},\"thumbnailUrl\":\"https:\\\/\\\/believebytuularossi.com\\\/wp-content\\\/uploads\\\/2020\\\/06\\\/Ava-Blueberry-Light-Quilted-Jacket1.jpg\",\"datePublished\":\"2020-06-04T06:07:14+00:00\",\"description\":\"Ava Baby Stripe Blueberry -mustikansininen kevyt tikattu naisten p\u00e4\u00e4llystakki\",\"breadcrumb\":{\"@id\":\"https:\\\/\\\/believebytuularossi.com\\\/fi\\\/tuote\\\/ava-blueberry-kevyt-tikattu-takki-mustikansininen\\\/#breadcrumb\"},\"inLanguage\":\"fi\",\"potentialAction\":[{\"@type\":\"ReadAction\",\"target\":[\"https:\\\/\\\/believebytuularossi.com\\\/fi\\\/tuote\\\/ava-blueberry-kevyt-tikattu-takki-mustikansininen\\\/\"]}]},{\"@type\":\"ImageObject\",\"inLanguage\":\"fi\",\"@id\":\"https:\\\/\\\/believebytuularossi.com\\\/fi\\\/tuote\\\/ava-blueberry-kevyt-tikattu-takki-mustikansininen\\\/#primaryimage\",\"url\":\"https:\\\/\\\/believebytuularossi.com\\\/wp-content\\\/uploads\\\/2020\\\/06\\\/Ava-Blueberry-Light-Quilted-Jacket1.jpg\",\"contentUrl\":\"https:\\\/\\\/believebytuularossi.com\\\/wp-content\\\/uploads\\\/2020\\\/06\\\/Ava-Blueberry-Light-Quilted-Jacket1.jpg\",\"width\":1704,\"height\":2560,\"caption\":\"Ava Blueberry Light Quilted Jacket1\"},{\"@type\":\"BreadcrumbList\",\"@id\":\"https:\\\/\\\/believebytuularossi.com\\\/fi\\\/tuote\\\/ava-blueberry-kevyt-tikattu-takki-mustikansininen\\\/#breadcrumb\",\"itemListElement\":[{\"@type\":\"ListItem\",\"position\":1,\"name\":\"Home\",\"item\":\"https:\\\/\\\/believebytuularossi.com\\\/fi\\\/\"},{\"@type\":\"ListItem\",\"position\":2,\"name\":\"Shop\",\"item\":\"https:\\\/\\\/believebytuularossi.com\\\/shop\\\/\"},{\"@type\":\"ListItem\",\"position\":3,\"name\":\"Ava Blueberry -kevyt tikattu takki, mustikansininen\"}]},{\"@type\":\"WebSite\",\"@id\":\"https:\\\/\\\/believebytuularossi.com\\\/fi\\\/#website\",\"url\":\"https:\\\/\\\/believebytuularossi.com\\\/fi\\\/\",\"name\":\"BELIEVE by tuula rossi\",\"description\":\"A unique, luxurious, original outerwear collection created by passion and love for today\u2019s fashionable woman and her desire for timeless style.          Perfect fit for the modern, feminine woman of any age.\",\"publisher\":{\"@id\":\"https:\\\/\\\/believebytuularossi.com\\\/fi\\\/#organization\"},\"potentialAction\":[{\"@type\":\"SearchAction\",\"target\":{\"@type\":\"EntryPoint\",\"urlTemplate\":\"https:\\\/\\\/believebytuularossi.com\\\/fi\\\/?s={search_term_string}\"},\"query-input\":{\"@type\":\"PropertyValueSpecification\",\"valueRequired\":true,\"valueName\":\"search_term_string\"}}],\"inLanguage\":\"fi\"},{\"@type\":\"Organization\",\"@id\":\"https:\\\/\\\/believebytuularossi.com\\\/fi\\\/#organization\",\"name\":\"BELIEVE by tuula rossi\",\"url\":\"https:\\\/\\\/believebytuularossi.com\\\/fi\\\/\",\"logo\":{\"@type\":\"ImageObject\",\"inLanguage\":\"fi\",\"@id\":\"https:\\\/\\\/believebytuularossi.com\\\/fi\\\/#\\\/schema\\\/logo\\\/image\\\/\",\"url\":\"https:\\\/\\\/believebytuularossi.com\\\/wp-content\\\/uploads\\\/2018\\\/08\\\/rossi-logo_new.png\",\"contentUrl\":\"https:\\\/\\\/believebytuularossi.com\\\/wp-content\\\/uploads\\\/2018\\\/08\\\/rossi-logo_new.png\",\"width\":300,\"height\":143,\"caption\":\"BELIEVE by tuula rossi\"},\"image\":{\"@id\":\"https:\\\/\\\/believebytuularossi.com\\\/fi\\\/#\\\/schema\\\/logo\\\/image\\\/\"},\"sameAs\":[\"https:\\\/\\\/www.facebook.com\\\/believebytuularossi\\\/_gu3udgu0BZPTzcnU\",\"https:\\\/\\\/www.instagram.com\\\/believebytuularossi\\\/\",\"https:\\\/\\\/www.pinterest.com\\\/believebytuularossi\\\/\"]}]}<\/script>\n<!-- \/ Yoast SEO plugin. -->","yoast_head_json":{"title":"Ava Blueberry -kevyt tikattu takki, mustikansininen &#8211; BELIEVE by tuula rossi","description":"Ava Baby Stripe Blueberry -mustikansininen kevyt tikattu naisten p\u00e4\u00e4llystakki","robots":{"index":"index","follow":"follow","max-snippet":"max-snippet:-1","max-image-preview":"max-image-preview:large","max-video-preview":"max-video-preview:-1"},"canonical":"https:\/\/believebytuularossi.com\/fi\/tuote\/ava-blueberry-kevyt-tikattu-takki-mustikansininen\/","og_locale":"fi_FI","og_type":"article","og_title":"Ava Blueberry -kevyt tikattu takki, mustikansininen &#8211; BELIEVE by tuula rossi","og_description":"Ava Baby Stripe Blueberry -mustikansininen kevyt tikattu naisten p\u00e4\u00e4llystakki","og_url":"https:\/\/believebytuularossi.com\/fi\/tuote\/ava-blueberry-kevyt-tikattu-takki-mustikansininen\/","og_site_name":"BELIEVE by tuula rossi","article_publisher":"https:\/\/www.facebook.com\/believebytuularossi\/_gu3udgu0BZPTzcnU","og_image":[{"width":1704,"height":2560,"url":"https:\/\/believebytuularossi.com\/wp-content\/uploads\/2020\/06\/Ava-Blueberry-Light-Quilted-Jacket1.jpg","type":"image\/jpeg"}],"twitter_card":"summary_large_image","schema":{"@context":"https:\/\/schema.org","@graph":[{"@type":"WebPage","@id":"https:\/\/believebytuularossi.com\/fi\/tuote\/ava-blueberry-kevyt-tikattu-takki-mustikansininen\/","url":"https:\/\/believebytuularossi.com\/fi\/tuote\/ava-blueberry-kevyt-tikattu-takki-mustikansininen\/","name":"Ava Blueberry -kevyt tikattu takki, mustikansininen &#8211; BELIEVE by tuula rossi","isPartOf":{"@id":"https:\/\/believebytuularossi.com\/fi\/#website"},"primaryImageOfPage":{"@id":"https:\/\/believebytuularossi.com\/fi\/tuote\/ava-blueberry-kevyt-tikattu-takki-mustikansininen\/#primaryimage"},"image":{"@id":"https:\/\/believebytuularossi.com\/fi\/tuote\/ava-blueberry-kevyt-tikattu-takki-mustikansininen\/#primaryimage"},"thumbnailUrl":"https:\/\/believebytuularossi.com\/wp-content\/uploads\/2020\/06\/Ava-Blueberry-Light-Quilted-Jacket1.jpg","datePublished":"2020-06-04T06:07:14+00:00","description":"Ava Baby Stripe Blueberry -mustikansininen kevyt tikattu naisten p\u00e4\u00e4llystakki","breadcrumb":{"@id":"https:\/\/believebytuularossi.com\/fi\/tuote\/ava-blueberry-kevyt-tikattu-takki-mustikansininen\/#breadcrumb"},"inLanguage":"fi","potentialAction":[{"@type":"ReadAction","target":["https:\/\/believebytuularossi.com\/fi\/tuote\/ava-blueberry-kevyt-tikattu-takki-mustikansininen\/"]}]},{"@type":"ImageObject","inLanguage":"fi","@id":"https:\/\/believebytuularossi.com\/fi\/tuote\/ava-blueberry-kevyt-tikattu-takki-mustikansininen\/#primaryimage","url":"https:\/\/believebytuularossi.com\/wp-content\/uploads\/2020\/06\/Ava-Blueberry-Light-Quilted-Jacket1.jpg","contentUrl":"https:\/\/believebytuularossi.com\/wp-content\/uploads\/2020\/06\/Ava-Blueberry-Light-Quilted-Jacket1.jpg","width":1704,"height":2560,"caption":"Ava Blueberry Light Quilted Jacket1"},{"@type":"BreadcrumbList","@id":"https:\/\/believebytuularossi.com\/fi\/tuote\/ava-blueberry-kevyt-tikattu-takki-mustikansininen\/#breadcrumb","itemListElement":[{"@type":"ListItem","position":1,"name":"Home","item":"https:\/\/believebytuularossi.com\/fi\/"},{"@type":"ListItem","position":2,"name":"Shop","item":"https:\/\/believebytuularossi.com\/shop\/"},{"@type":"ListItem","position":3,"name":"Ava Blueberry -kevyt tikattu takki, mustikansininen"}]},{"@type":"WebSite","@id":"https:\/\/believebytuularossi.com\/fi\/#website","url":"https:\/\/believebytuularossi.com\/fi\/","name":"BELIEVE by tuula rossi","description":"A unique, luxurious, original outerwear collection created by passion and love for today\u2019s fashionable woman and her desire for timeless style.          Perfect fit for the modern, feminine woman of any age.","publisher":{"@id":"https:\/\/believebytuularossi.com\/fi\/#organization"},"potentialAction":[{"@type":"SearchAction","target":{"@type":"EntryPoint","urlTemplate":"https:\/\/believebytuularossi.com\/fi\/?s={search_term_string}"},"query-input":{"@type":"PropertyValueSpecification","valueRequired":true,"valueName":"search_term_string"}}],"inLanguage":"fi"},{"@type":"Organization","@id":"https:\/\/believebytuularossi.com\/fi\/#organization","name":"BELIEVE by tuula rossi","url":"https:\/\/believebytuularossi.com\/fi\/","logo":{"@type":"ImageObject","inLanguage":"fi","@id":"https:\/\/believebytuularossi.com\/fi\/#\/schema\/logo\/image\/","url":"https:\/\/believebytuularossi.com\/wp-content\/uploads\/2018\/08\/rossi-logo_new.png","contentUrl":"https:\/\/believebytuularossi.com\/wp-content\/uploads\/2018\/08\/rossi-logo_new.png","width":300,"height":143,"caption":"BELIEVE by tuula rossi"},"image":{"@id":"https:\/\/believebytuularossi.com\/fi\/#\/schema\/logo\/image\/"},"sameAs":["https:\/\/www.facebook.com\/believebytuularossi\/_gu3udgu0BZPTzcnU","https:\/\/www.instagram.com\/believebytuularossi\/","https:\/\/www.pinterest.com\/believebytuularossi\/"]}]}},"_links":{"self":[{"href":"https:\/\/believebytuularossi.com\/fi\/wp-json\/wp\/v2\/product\/15732","targetHints":{"allow":["GET"]}}],"collection":[{"href":"https:\/\/believebytuularossi.com\/fi\/wp-json\/wp\/v2\/product"}],"about":[{"href":"https:\/\/believebytuularossi.com\/fi\/wp-json\/wp\/v2\/types\/product"}],"wp:featuredmedia":[{"embeddable":true,"href":"https:\/\/believebytuularossi.com\/fi\/wp-json\/wp\/v2\/media\/13902"}],"wp:attachment":[{"href":"https:\/\/believebytuularossi.com\/fi\/wp-json\/wp\/v2\/media?parent=15732"}],"wp:term":[{"taxonomy":"product_brand","embeddable":true,"href":"https:\/\/believebytuularossi.com\/fi\/wp-json\/wp\/v2\/product_brand?post=15732"},{"taxonomy":"product_cat","embeddable":true,"href":"https:\/\/believebytuularossi.com\/fi\/wp-json\/wp\/v2\/product_cat?post=15732"},{"taxonomy":"product_tag","embeddable":true,"href":"https:\/\/believebytuularossi.com\/fi\/wp-json\/wp\/v2\/product_tag?post=15732"}],"curies":[{"name":"wp","href":"https:\/\/api.w.org\/{rel}","templated":true}]}}