{"id":15807,"date":"2019-08-28T17:50:50","date_gmt":"2019-08-28T15:50:50","guid":{"rendered":"https:\/\/believebytuularossi.com\/product\/tiffany-black-musta-tikattu-takki-huivikauluksella-irrotettavalla-hupulla\/"},"modified":"2019-08-28T17:50:50","modified_gmt":"2019-08-28T15:50:50","slug":"tiffany-black-musta-tikattu-takki-huivikauluksella-irrotettavalla-hupulla","status":"publish","type":"product","link":"https:\/\/believebytuularossi.com\/fi\/tuote\/tiffany-black-musta-tikattu-takki-huivikauluksella-irrotettavalla-hupulla\/","title":{"rendered":"Tiffany Black &#8211; musta tikattu takki huivikauluksella ja irrotettavalla hupulla"},"content":{"rendered":"","protected":false},"excerpt":{"rendered":"<p>Sano hei t\u00e4lle tyylikk\u00e4\u00e4lle Tiffany Black -takille! Ajaton ja tyylik\u00e4s musta v\u00e4ri ja hienostunut linja saavat sinut tuntemaan olosi pop-t\u00e4hdiksi. T\u00e4m\u00e4 tyylik\u00e4s ja mukava takki on valmistettu kauniista &#8220;Small Sticks Quilt&#8221; -tikkukuosilla tikatusta materiaalista, jossa on vett\u00e4 hylkiv\u00e4 viimeistely. Upea iso huivikaulus ja irrotettava huppu suojaavat sinua tuulelta. Kaulusta ja helmaa voi s\u00e4\u00e4dell\u00e4 joustavalla kiristysny\u00f6rill\u00e4. Ylellinen kaksisuuntainen vetoketju ja piilopainonapit toimivat takissa kiinnityksen\u00e4. Takin sivuissa on toimivat piilovetoketjutaskut.<\/p>\n<p>Upea Tiffany Light -tikkitakki imartelee vartaloasi koostasi riippumatta, sill\u00e4 t\u00e4m\u00e4 takki on suunniteltu istumaan t\u00e4ydellisesti kaiken kokoisten naisten p\u00e4\u00e4ll\u00e4.<\/p>\n<p>T\u00e4m\u00e4 ihana katseen vangitseva ja kauniisti istuva Tiffany -tikkitakki tulee n\u00e4ytt\u00e4m\u00e4\u00e4n upealta p\u00e4\u00e4ll\u00e4si!<\/p>\n<p>Tiffany -tikattu takki sopii s\u00e4\u00e4dett\u00e4v\u00e4n helman ansiosta my\u00f6s hoikille naisille. Hihan pituus on hieman tavallista pidempi. Joustavat hihansuut takaavat t\u00e4ydellisen pituuden kaiken pituisille naisille.<\/p>\n<p>Tiffany on saatavana my\u00f6s mustikan-, Powder Rose -v\u00e4risen\u00e4, pinkkin\u00e4 ja keltaisena.<\/p>\n","protected":false},"featured_media":13542,"template":"","meta":{"_acf_changed":false},"product_brand":[],"product_cat":[130],"product_tag":[],"class_list":{"0":"post-15807","1":"product","2":"type-product","3":"status-publish","4":"has-post-thumbnail","6":"product_cat-syksytakit-talvitakit","7":"pa_ewd_uwcf_colors-musta","8":"pa_size-34-fi","9":"pa_size-36-fi","10":"pa_size-38-fi","11":"pa_size-40-fi","12":"pa_size-42-fi","13":"pa_size-44-fi","14":"pa_size-46-fi","15":"pa_size-48-fi","16":"pa_size-50-fi","17":"pa_size-52-fi","18":"pa_size-54-fi","19":"product_color-black-fi","21":"first","22":"instock","23":"taxable","24":"shipping-taxable","25":"purchasable","26":"product-type-variable"},"acf":[],"yoast_head":"<!-- This site is optimized with the Yoast SEO plugin v27.5 - https:\/\/yoast.com\/product\/yoast-seo-wordpress\/ -->\n<title>Tiffany Black - musta tikattu takki huivikauluksella ja irrotettavalla hupulla &#8211; BELIEVE by tuula rossi<\/title>\n<meta name=\"description\" content=\"Tiffany Black - musta tikattu takki huivikauluksella ja irrotettavalla hupulla t\u00e4ydellinen unelmatakki\" \/>\n<meta name=\"robots\" content=\"index, follow, max-snippet:-1, max-image-preview:large, max-video-preview:-1\" \/>\n<link rel=\"canonical\" href=\"https:\/\/believebytuularossi.com\/fi\/tuote\/tiffany-black-musta-tikattu-takki-huivikauluksella-irrotettavalla-hupulla\/\" \/>\n<meta property=\"og:locale\" content=\"fi_FI\" \/>\n<meta property=\"og:type\" content=\"article\" \/>\n<meta property=\"og:title\" content=\"Tiffany Black - musta tikattu takki huivikauluksella ja irrotettavalla hupulla &#8211; BELIEVE by tuula rossi\" \/>\n<meta property=\"og:description\" content=\"Tiffany Black - musta tikattu takki huivikauluksella ja irrotettavalla hupulla t\u00e4ydellinen unelmatakki\" \/>\n<meta property=\"og:url\" content=\"https:\/\/believebytuularossi.com\/fi\/tuote\/tiffany-black-musta-tikattu-takki-huivikauluksella-irrotettavalla-hupulla\/\" \/>\n<meta property=\"og:site_name\" content=\"BELIEVE by tuula rossi\" \/>\n<meta property=\"article:publisher\" content=\"https:\/\/www.facebook.com\/believebytuularossi\/_gu3udgu0BZPTzcnU\" \/>\n<meta property=\"og:image\" content=\"https:\/\/believebytuularossi.com\/wp-content\/uploads\/2019\/08\/Tiffany-Black-AW19-9-599x900.png\" \/>\n\t<meta property=\"og:image:width\" content=\"599\" \/>\n\t<meta property=\"og:image:height\" content=\"900\" \/>\n\t<meta property=\"og:image:type\" content=\"image\/png\" \/>\n<meta name=\"twitter:card\" content=\"summary_large_image\" \/>\n<script type=\"application\/ld+json\" class=\"yoast-schema-graph\">{\"@context\":\"https:\\\/\\\/schema.org\",\"@graph\":[{\"@type\":\"WebPage\",\"@id\":\"https:\\\/\\\/believebytuularossi.com\\\/fi\\\/tuote\\\/tiffany-black-musta-tikattu-takki-huivikauluksella-irrotettavalla-hupulla\\\/\",\"url\":\"https:\\\/\\\/believebytuularossi.com\\\/fi\\\/tuote\\\/tiffany-black-musta-tikattu-takki-huivikauluksella-irrotettavalla-hupulla\\\/\",\"name\":\"Tiffany Black - musta tikattu takki huivikauluksella ja irrotettavalla hupulla &#8211; BELIEVE by tuula rossi\",\"isPartOf\":{\"@id\":\"https:\\\/\\\/believebytuularossi.com\\\/fi\\\/#website\"},\"primaryImageOfPage\":{\"@id\":\"https:\\\/\\\/believebytuularossi.com\\\/fi\\\/tuote\\\/tiffany-black-musta-tikattu-takki-huivikauluksella-irrotettavalla-hupulla\\\/#primaryimage\"},\"image\":{\"@id\":\"https:\\\/\\\/believebytuularossi.com\\\/fi\\\/tuote\\\/tiffany-black-musta-tikattu-takki-huivikauluksella-irrotettavalla-hupulla\\\/#primaryimage\"},\"thumbnailUrl\":\"https:\\\/\\\/believebytuularossi.com\\\/wp-content\\\/uploads\\\/2019\\\/08\\\/Tiffany-Black-AW19-9.png\",\"datePublished\":\"2019-08-28T15:50:50+00:00\",\"description\":\"Tiffany Black - musta tikattu takki huivikauluksella ja irrotettavalla hupulla t\u00e4ydellinen unelmatakki\",\"breadcrumb\":{\"@id\":\"https:\\\/\\\/believebytuularossi.com\\\/fi\\\/tuote\\\/tiffany-black-musta-tikattu-takki-huivikauluksella-irrotettavalla-hupulla\\\/#breadcrumb\"},\"inLanguage\":\"fi\",\"potentialAction\":[{\"@type\":\"ReadAction\",\"target\":[\"https:\\\/\\\/believebytuularossi.com\\\/fi\\\/tuote\\\/tiffany-black-musta-tikattu-takki-huivikauluksella-irrotettavalla-hupulla\\\/\"]}]},{\"@type\":\"ImageObject\",\"inLanguage\":\"fi\",\"@id\":\"https:\\\/\\\/believebytuularossi.com\\\/fi\\\/tuote\\\/tiffany-black-musta-tikattu-takki-huivikauluksella-irrotettavalla-hupulla\\\/#primaryimage\",\"url\":\"https:\\\/\\\/believebytuularossi.com\\\/wp-content\\\/uploads\\\/2019\\\/08\\\/Tiffany-Black-AW19-9.png\",\"contentUrl\":\"https:\\\/\\\/believebytuularossi.com\\\/wp-content\\\/uploads\\\/2019\\\/08\\\/Tiffany-Black-AW19-9.png\",\"width\":3020,\"height\":4537,\"caption\":\"Tiffany Black AW19 9\"},{\"@type\":\"BreadcrumbList\",\"@id\":\"https:\\\/\\\/believebytuularossi.com\\\/fi\\\/tuote\\\/tiffany-black-musta-tikattu-takki-huivikauluksella-irrotettavalla-hupulla\\\/#breadcrumb\",\"itemListElement\":[{\"@type\":\"ListItem\",\"position\":1,\"name\":\"Home\",\"item\":\"https:\\\/\\\/believebytuularossi.com\\\/fi\\\/\"},{\"@type\":\"ListItem\",\"position\":2,\"name\":\"Shop\",\"item\":\"https:\\\/\\\/believebytuularossi.com\\\/shop\\\/\"},{\"@type\":\"ListItem\",\"position\":3,\"name\":\"Tiffany Black &#8211; musta tikattu takki huivikauluksella ja irrotettavalla hupulla\"}]},{\"@type\":\"WebSite\",\"@id\":\"https:\\\/\\\/believebytuularossi.com\\\/fi\\\/#website\",\"url\":\"https:\\\/\\\/believebytuularossi.com\\\/fi\\\/\",\"name\":\"BELIEVE by tuula rossi\",\"description\":\"A unique, luxurious, original outerwear collection created by passion and love for today\u2019s fashionable woman and her desire for timeless style.          Perfect fit for the modern, feminine woman of any age.\",\"publisher\":{\"@id\":\"https:\\\/\\\/believebytuularossi.com\\\/fi\\\/#organization\"},\"potentialAction\":[{\"@type\":\"SearchAction\",\"target\":{\"@type\":\"EntryPoint\",\"urlTemplate\":\"https:\\\/\\\/believebytuularossi.com\\\/fi\\\/?s={search_term_string}\"},\"query-input\":{\"@type\":\"PropertyValueSpecification\",\"valueRequired\":true,\"valueName\":\"search_term_string\"}}],\"inLanguage\":\"fi\"},{\"@type\":\"Organization\",\"@id\":\"https:\\\/\\\/believebytuularossi.com\\\/fi\\\/#organization\",\"name\":\"BELIEVE by tuula rossi\",\"url\":\"https:\\\/\\\/believebytuularossi.com\\\/fi\\\/\",\"logo\":{\"@type\":\"ImageObject\",\"inLanguage\":\"fi\",\"@id\":\"https:\\\/\\\/believebytuularossi.com\\\/fi\\\/#\\\/schema\\\/logo\\\/image\\\/\",\"url\":\"https:\\\/\\\/believebytuularossi.com\\\/wp-content\\\/uploads\\\/2018\\\/08\\\/rossi-logo_new.png\",\"contentUrl\":\"https:\\\/\\\/believebytuularossi.com\\\/wp-content\\\/uploads\\\/2018\\\/08\\\/rossi-logo_new.png\",\"width\":300,\"height\":143,\"caption\":\"BELIEVE by tuula rossi\"},\"image\":{\"@id\":\"https:\\\/\\\/believebytuularossi.com\\\/fi\\\/#\\\/schema\\\/logo\\\/image\\\/\"},\"sameAs\":[\"https:\\\/\\\/www.facebook.com\\\/believebytuularossi\\\/_gu3udgu0BZPTzcnU\",\"https:\\\/\\\/www.instagram.com\\\/believebytuularossi\\\/\",\"https:\\\/\\\/www.pinterest.com\\\/believebytuularossi\\\/\"]}]}<\/script>\n<!-- \/ Yoast SEO plugin. -->","yoast_head_json":{"title":"Tiffany Black - musta tikattu takki huivikauluksella ja irrotettavalla hupulla &#8211; BELIEVE by tuula rossi","description":"Tiffany Black - musta tikattu takki huivikauluksella ja irrotettavalla hupulla t\u00e4ydellinen unelmatakki","robots":{"index":"index","follow":"follow","max-snippet":"max-snippet:-1","max-image-preview":"max-image-preview:large","max-video-preview":"max-video-preview:-1"},"canonical":"https:\/\/believebytuularossi.com\/fi\/tuote\/tiffany-black-musta-tikattu-takki-huivikauluksella-irrotettavalla-hupulla\/","og_locale":"fi_FI","og_type":"article","og_title":"Tiffany Black - musta tikattu takki huivikauluksella ja irrotettavalla hupulla &#8211; BELIEVE by tuula rossi","og_description":"Tiffany Black - musta tikattu takki huivikauluksella ja irrotettavalla hupulla t\u00e4ydellinen unelmatakki","og_url":"https:\/\/believebytuularossi.com\/fi\/tuote\/tiffany-black-musta-tikattu-takki-huivikauluksella-irrotettavalla-hupulla\/","og_site_name":"BELIEVE by tuula rossi","article_publisher":"https:\/\/www.facebook.com\/believebytuularossi\/_gu3udgu0BZPTzcnU","og_image":[{"width":599,"height":900,"url":"https:\/\/believebytuularossi.com\/wp-content\/uploads\/2019\/08\/Tiffany-Black-AW19-9-599x900.png","type":"image\/png"}],"twitter_card":"summary_large_image","schema":{"@context":"https:\/\/schema.org","@graph":[{"@type":"WebPage","@id":"https:\/\/believebytuularossi.com\/fi\/tuote\/tiffany-black-musta-tikattu-takki-huivikauluksella-irrotettavalla-hupulla\/","url":"https:\/\/believebytuularossi.com\/fi\/tuote\/tiffany-black-musta-tikattu-takki-huivikauluksella-irrotettavalla-hupulla\/","name":"Tiffany Black - musta tikattu takki huivikauluksella ja irrotettavalla hupulla &#8211; BELIEVE by tuula rossi","isPartOf":{"@id":"https:\/\/believebytuularossi.com\/fi\/#website"},"primaryImageOfPage":{"@id":"https:\/\/believebytuularossi.com\/fi\/tuote\/tiffany-black-musta-tikattu-takki-huivikauluksella-irrotettavalla-hupulla\/#primaryimage"},"image":{"@id":"https:\/\/believebytuularossi.com\/fi\/tuote\/tiffany-black-musta-tikattu-takki-huivikauluksella-irrotettavalla-hupulla\/#primaryimage"},"thumbnailUrl":"https:\/\/believebytuularossi.com\/wp-content\/uploads\/2019\/08\/Tiffany-Black-AW19-9.png","datePublished":"2019-08-28T15:50:50+00:00","description":"Tiffany Black - musta tikattu takki huivikauluksella ja irrotettavalla hupulla t\u00e4ydellinen unelmatakki","breadcrumb":{"@id":"https:\/\/believebytuularossi.com\/fi\/tuote\/tiffany-black-musta-tikattu-takki-huivikauluksella-irrotettavalla-hupulla\/#breadcrumb"},"inLanguage":"fi","potentialAction":[{"@type":"ReadAction","target":["https:\/\/believebytuularossi.com\/fi\/tuote\/tiffany-black-musta-tikattu-takki-huivikauluksella-irrotettavalla-hupulla\/"]}]},{"@type":"ImageObject","inLanguage":"fi","@id":"https:\/\/believebytuularossi.com\/fi\/tuote\/tiffany-black-musta-tikattu-takki-huivikauluksella-irrotettavalla-hupulla\/#primaryimage","url":"https:\/\/believebytuularossi.com\/wp-content\/uploads\/2019\/08\/Tiffany-Black-AW19-9.png","contentUrl":"https:\/\/believebytuularossi.com\/wp-content\/uploads\/2019\/08\/Tiffany-Black-AW19-9.png","width":3020,"height":4537,"caption":"Tiffany Black AW19 9"},{"@type":"BreadcrumbList","@id":"https:\/\/believebytuularossi.com\/fi\/tuote\/tiffany-black-musta-tikattu-takki-huivikauluksella-irrotettavalla-hupulla\/#breadcrumb","itemListElement":[{"@type":"ListItem","position":1,"name":"Home","item":"https:\/\/believebytuularossi.com\/fi\/"},{"@type":"ListItem","position":2,"name":"Shop","item":"https:\/\/believebytuularossi.com\/shop\/"},{"@type":"ListItem","position":3,"name":"Tiffany Black &#8211; musta tikattu takki huivikauluksella ja irrotettavalla hupulla"}]},{"@type":"WebSite","@id":"https:\/\/believebytuularossi.com\/fi\/#website","url":"https:\/\/believebytuularossi.com\/fi\/","name":"BELIEVE by tuula rossi","description":"A unique, luxurious, original outerwear collection created by passion and love for today\u2019s fashionable woman and her desire for timeless style.          Perfect fit for the modern, feminine woman of any age.","publisher":{"@id":"https:\/\/believebytuularossi.com\/fi\/#organization"},"potentialAction":[{"@type":"SearchAction","target":{"@type":"EntryPoint","urlTemplate":"https:\/\/believebytuularossi.com\/fi\/?s={search_term_string}"},"query-input":{"@type":"PropertyValueSpecification","valueRequired":true,"valueName":"search_term_string"}}],"inLanguage":"fi"},{"@type":"Organization","@id":"https:\/\/believebytuularossi.com\/fi\/#organization","name":"BELIEVE by tuula rossi","url":"https:\/\/believebytuularossi.com\/fi\/","logo":{"@type":"ImageObject","inLanguage":"fi","@id":"https:\/\/believebytuularossi.com\/fi\/#\/schema\/logo\/image\/","url":"https:\/\/believebytuularossi.com\/wp-content\/uploads\/2018\/08\/rossi-logo_new.png","contentUrl":"https:\/\/believebytuularossi.com\/wp-content\/uploads\/2018\/08\/rossi-logo_new.png","width":300,"height":143,"caption":"BELIEVE by tuula rossi"},"image":{"@id":"https:\/\/believebytuularossi.com\/fi\/#\/schema\/logo\/image\/"},"sameAs":["https:\/\/www.facebook.com\/believebytuularossi\/_gu3udgu0BZPTzcnU","https:\/\/www.instagram.com\/believebytuularossi\/","https:\/\/www.pinterest.com\/believebytuularossi\/"]}]}},"_links":{"self":[{"href":"https:\/\/believebytuularossi.com\/fi\/wp-json\/wp\/v2\/product\/15807","targetHints":{"allow":["GET"]}}],"collection":[{"href":"https:\/\/believebytuularossi.com\/fi\/wp-json\/wp\/v2\/product"}],"about":[{"href":"https:\/\/believebytuularossi.com\/fi\/wp-json\/wp\/v2\/types\/product"}],"wp:featuredmedia":[{"embeddable":true,"href":"https:\/\/believebytuularossi.com\/fi\/wp-json\/wp\/v2\/media\/13542"}],"wp:attachment":[{"href":"https:\/\/believebytuularossi.com\/fi\/wp-json\/wp\/v2\/media?parent=15807"}],"wp:term":[{"taxonomy":"product_brand","embeddable":true,"href":"https:\/\/believebytuularossi.com\/fi\/wp-json\/wp\/v2\/product_brand?post=15807"},{"taxonomy":"product_cat","embeddable":true,"href":"https:\/\/believebytuularossi.com\/fi\/wp-json\/wp\/v2\/product_cat?post=15807"},{"taxonomy":"product_tag","embeddable":true,"href":"https:\/\/believebytuularossi.com\/fi\/wp-json\/wp\/v2\/product_tag?post=15807"}],"curies":[{"name":"wp","href":"https:\/\/api.w.org\/{rel}","templated":true}]}}