{"id":15844,"date":"2019-08-28T17:35:57","date_gmt":"2019-08-28T15:35:57","guid":{"rendered":"https:\/\/believebytuularossi.com\/product\/grace-black-tikattu-takki-vetoketjusivuhalkioilla-musta\/"},"modified":"2024-04-02T13:00:19","modified_gmt":"2024-04-02T11:00:19","slug":"grace-black-tikattu-takki-vetoketjusivuhalkioilla-musta","status":"publish","type":"product","link":"https:\/\/believebytuularossi.com\/fi\/tuote\/grace-black-tikattu-takki-vetoketjusivuhalkioilla-musta\/","title":{"rendered":"Grace Black -tikattu takki vetoketjusivuhalkioilla, musta"},"content":{"rendered":"","protected":false},"excerpt":{"rendered":"<p>Tuulisella merell\u00e4 juoksevat vaahtoavat aallot ovat inspiraationa rauhalliselle Waves -tikkikuosille. T\u00e4m\u00e4n upean kuvion raidalliset aallot saavat vartalosi n\u00e4ytt\u00e4m\u00e4\u00e4n hoikemmalta. T\u00e4m\u00e4n p\u00e4\u00e4llysakin t\u00e4ydellisen naisellisen leikkauksen ansiosta n\u00e4yt\u00e4t kauniilta koostasi riippumatta! Toimiva korkea kaulus ja irrotettava huppu suojaavat sinua tuulelta. Musta Grace -tikkitakki n\u00e4ytt\u00e4\u00e4 tyylikk\u00e4\u00e4lt\u00e4 pitkill\u00e4 sivuhalkioilla, jotka avautuvat piilovetoketjuilla. Kaunis kaksisuuntainen vetoketju toimii takin kiinnityksen\u00e4 edess\u00e4. Taskut avautuvat kaksisuuntaisilla vetoketjuilla.<\/p>\n<p>Grace Waves -tikkitakin hihan pituus on hieman tavallista pidempi. Joustavat hihansuut takaavat t\u00e4ydellisen pituuden kaiken pituisille naisille. Hihoissa on raikkaan keltainen vuori, joka on yksi BELIEVE by tuula rossi -malliston erityispiirteist\u00e4.<\/p>\n","protected":false},"featured_media":13476,"template":"","meta":{"_acf_changed":false},"product_brand":[],"product_cat":[130],"product_tag":[],"class_list":{"0":"post-15844","1":"product","2":"type-product","3":"status-publish","4":"has-post-thumbnail","6":"product_cat-syksytakit-talvitakit","7":"pa_ewd_uwcf_colors-black","8":"pa_size-34-fi","9":"pa_size-36-fi","10":"pa_size-38-fi","11":"pa_size-40-fi","12":"pa_size-42-fi","13":"pa_size-44-fi","14":"pa_size-46-fi","15":"pa_size-48-fi","16":"pa_size-50-fi","17":"pa_size-52-fi","18":"pa_size-54-fi","19":"product_color-black-fi","21":"first","22":"instock","23":"taxable","24":"shipping-taxable","25":"purchasable","26":"product-type-variable"},"acf":[],"yoast_head":"<!-- This site is optimized with the Yoast SEO plugin v27.3 - https:\/\/yoast.com\/product\/yoast-seo-wordpress\/ -->\n<title>Grace Black -tikattu takki vetoketjusivuhalkioilla, musta &#8211; BELIEVE by tuula rossi<\/title>\n<meta name=\"description\" content=\"Grace Black -musta naisten tikattu p\u00e4\u00e4llystakki vetoketjusivuhalkioilla sopii kaikenkokoisille naisille\" \/>\n<meta name=\"robots\" content=\"index, follow, max-snippet:-1, max-image-preview:large, max-video-preview:-1\" \/>\n<link rel=\"canonical\" href=\"https:\/\/believebytuularossi.com\/fi\/tuote\/grace-black-tikattu-takki-vetoketjusivuhalkioilla-musta\/\" \/>\n<meta property=\"og:locale\" content=\"fi_FI\" \/>\n<meta property=\"og:type\" content=\"article\" \/>\n<meta property=\"og:title\" content=\"Grace Black -tikattu takki vetoketjusivuhalkioilla, musta &#8211; BELIEVE by tuula rossi\" \/>\n<meta property=\"og:description\" content=\"Grace Black -musta naisten tikattu p\u00e4\u00e4llystakki vetoketjusivuhalkioilla sopii kaikenkokoisille naisille\" \/>\n<meta property=\"og:url\" content=\"https:\/\/believebytuularossi.com\/fi\/tuote\/grace-black-tikattu-takki-vetoketjusivuhalkioilla-musta\/\" \/>\n<meta property=\"og:site_name\" content=\"BELIEVE by tuula rossi\" \/>\n<meta property=\"article:publisher\" content=\"https:\/\/www.facebook.com\/believebytuularossi\/_gu3udgu0BZPTzcnU\" \/>\n<meta property=\"article:modified_time\" content=\"2024-04-02T11:00:19+00:00\" \/>\n<meta property=\"og:image\" content=\"https:\/\/believebytuularossi.com\/wp-content\/uploads\/2019\/08\/Grace-Black-AW19-8-599x900.png\" \/>\n\t<meta property=\"og:image:width\" content=\"599\" \/>\n\t<meta property=\"og:image:height\" content=\"900\" \/>\n\t<meta property=\"og:image:type\" content=\"image\/png\" \/>\n<meta name=\"twitter:card\" content=\"summary_large_image\" \/>\n<script type=\"application\/ld+json\" class=\"yoast-schema-graph\">{\"@context\":\"https:\\\/\\\/schema.org\",\"@graph\":[{\"@type\":\"WebPage\",\"@id\":\"https:\\\/\\\/believebytuularossi.com\\\/fi\\\/tuote\\\/grace-black-tikattu-takki-vetoketjusivuhalkioilla-musta\\\/\",\"url\":\"https:\\\/\\\/believebytuularossi.com\\\/fi\\\/tuote\\\/grace-black-tikattu-takki-vetoketjusivuhalkioilla-musta\\\/\",\"name\":\"Grace Black -tikattu takki vetoketjusivuhalkioilla, musta &#8211; BELIEVE by tuula rossi\",\"isPartOf\":{\"@id\":\"https:\\\/\\\/believebytuularossi.com\\\/fi\\\/#website\"},\"primaryImageOfPage\":{\"@id\":\"https:\\\/\\\/believebytuularossi.com\\\/fi\\\/tuote\\\/grace-black-tikattu-takki-vetoketjusivuhalkioilla-musta\\\/#primaryimage\"},\"image\":{\"@id\":\"https:\\\/\\\/believebytuularossi.com\\\/fi\\\/tuote\\\/grace-black-tikattu-takki-vetoketjusivuhalkioilla-musta\\\/#primaryimage\"},\"thumbnailUrl\":\"https:\\\/\\\/believebytuularossi.com\\\/wp-content\\\/uploads\\\/2019\\\/08\\\/Grace-Black-AW19-8.png\",\"datePublished\":\"2019-08-28T15:35:57+00:00\",\"dateModified\":\"2024-04-02T11:00:19+00:00\",\"description\":\"Grace Black -musta naisten tikattu p\u00e4\u00e4llystakki vetoketjusivuhalkioilla sopii kaikenkokoisille naisille\",\"breadcrumb\":{\"@id\":\"https:\\\/\\\/believebytuularossi.com\\\/fi\\\/tuote\\\/grace-black-tikattu-takki-vetoketjusivuhalkioilla-musta\\\/#breadcrumb\"},\"inLanguage\":\"fi\",\"potentialAction\":[{\"@type\":\"ReadAction\",\"target\":[\"https:\\\/\\\/believebytuularossi.com\\\/fi\\\/tuote\\\/grace-black-tikattu-takki-vetoketjusivuhalkioilla-musta\\\/\"]}]},{\"@type\":\"ImageObject\",\"inLanguage\":\"fi\",\"@id\":\"https:\\\/\\\/believebytuularossi.com\\\/fi\\\/tuote\\\/grace-black-tikattu-takki-vetoketjusivuhalkioilla-musta\\\/#primaryimage\",\"url\":\"https:\\\/\\\/believebytuularossi.com\\\/wp-content\\\/uploads\\\/2019\\\/08\\\/Grace-Black-AW19-8.png\",\"contentUrl\":\"https:\\\/\\\/believebytuularossi.com\\\/wp-content\\\/uploads\\\/2019\\\/08\\\/Grace-Black-AW19-8.png\",\"width\":2889,\"height\":4340,\"caption\":\"Grace Black AW19 8\"},{\"@type\":\"BreadcrumbList\",\"@id\":\"https:\\\/\\\/believebytuularossi.com\\\/fi\\\/tuote\\\/grace-black-tikattu-takki-vetoketjusivuhalkioilla-musta\\\/#breadcrumb\",\"itemListElement\":[{\"@type\":\"ListItem\",\"position\":1,\"name\":\"Home\",\"item\":\"https:\\\/\\\/believebytuularossi.com\\\/fi\\\/\"},{\"@type\":\"ListItem\",\"position\":2,\"name\":\"Shop\",\"item\":\"https:\\\/\\\/believebytuularossi.com\\\/shop\\\/\"},{\"@type\":\"ListItem\",\"position\":3,\"name\":\"Grace Black -tikattu takki vetoketjusivuhalkioilla, musta\"}]},{\"@type\":\"WebSite\",\"@id\":\"https:\\\/\\\/believebytuularossi.com\\\/fi\\\/#website\",\"url\":\"https:\\\/\\\/believebytuularossi.com\\\/fi\\\/\",\"name\":\"BELIEVE by tuula rossi\",\"description\":\"A unique, luxurious, original outerwear collection created by passion and love for today\u2019s fashionable woman and her desire for timeless style.          Perfect fit for the modern, feminine woman of any age.\",\"publisher\":{\"@id\":\"https:\\\/\\\/believebytuularossi.com\\\/fi\\\/#organization\"},\"potentialAction\":[{\"@type\":\"SearchAction\",\"target\":{\"@type\":\"EntryPoint\",\"urlTemplate\":\"https:\\\/\\\/believebytuularossi.com\\\/fi\\\/?s={search_term_string}\"},\"query-input\":{\"@type\":\"PropertyValueSpecification\",\"valueRequired\":true,\"valueName\":\"search_term_string\"}}],\"inLanguage\":\"fi\"},{\"@type\":\"Organization\",\"@id\":\"https:\\\/\\\/believebytuularossi.com\\\/fi\\\/#organization\",\"name\":\"BELIEVE by tuula rossi\",\"url\":\"https:\\\/\\\/believebytuularossi.com\\\/fi\\\/\",\"logo\":{\"@type\":\"ImageObject\",\"inLanguage\":\"fi\",\"@id\":\"https:\\\/\\\/believebytuularossi.com\\\/fi\\\/#\\\/schema\\\/logo\\\/image\\\/\",\"url\":\"https:\\\/\\\/believebytuularossi.com\\\/wp-content\\\/uploads\\\/2018\\\/08\\\/rossi-logo_new.png\",\"contentUrl\":\"https:\\\/\\\/believebytuularossi.com\\\/wp-content\\\/uploads\\\/2018\\\/08\\\/rossi-logo_new.png\",\"width\":300,\"height\":143,\"caption\":\"BELIEVE by tuula rossi\"},\"image\":{\"@id\":\"https:\\\/\\\/believebytuularossi.com\\\/fi\\\/#\\\/schema\\\/logo\\\/image\\\/\"},\"sameAs\":[\"https:\\\/\\\/www.facebook.com\\\/believebytuularossi\\\/_gu3udgu0BZPTzcnU\",\"https:\\\/\\\/www.instagram.com\\\/believebytuularossi\\\/\",\"https:\\\/\\\/www.pinterest.com\\\/believebytuularossi\\\/\"]}]}<\/script>\n<!-- \/ Yoast SEO plugin. -->","yoast_head_json":{"title":"Grace Black -tikattu takki vetoketjusivuhalkioilla, musta &#8211; BELIEVE by tuula rossi","description":"Grace Black -musta naisten tikattu p\u00e4\u00e4llystakki vetoketjusivuhalkioilla sopii kaikenkokoisille naisille","robots":{"index":"index","follow":"follow","max-snippet":"max-snippet:-1","max-image-preview":"max-image-preview:large","max-video-preview":"max-video-preview:-1"},"canonical":"https:\/\/believebytuularossi.com\/fi\/tuote\/grace-black-tikattu-takki-vetoketjusivuhalkioilla-musta\/","og_locale":"fi_FI","og_type":"article","og_title":"Grace Black -tikattu takki vetoketjusivuhalkioilla, musta &#8211; BELIEVE by tuula rossi","og_description":"Grace Black -musta naisten tikattu p\u00e4\u00e4llystakki vetoketjusivuhalkioilla sopii kaikenkokoisille naisille","og_url":"https:\/\/believebytuularossi.com\/fi\/tuote\/grace-black-tikattu-takki-vetoketjusivuhalkioilla-musta\/","og_site_name":"BELIEVE by tuula rossi","article_publisher":"https:\/\/www.facebook.com\/believebytuularossi\/_gu3udgu0BZPTzcnU","article_modified_time":"2024-04-02T11:00:19+00:00","og_image":[{"width":599,"height":900,"url":"https:\/\/believebytuularossi.com\/wp-content\/uploads\/2019\/08\/Grace-Black-AW19-8-599x900.png","type":"image\/png"}],"twitter_card":"summary_large_image","schema":{"@context":"https:\/\/schema.org","@graph":[{"@type":"WebPage","@id":"https:\/\/believebytuularossi.com\/fi\/tuote\/grace-black-tikattu-takki-vetoketjusivuhalkioilla-musta\/","url":"https:\/\/believebytuularossi.com\/fi\/tuote\/grace-black-tikattu-takki-vetoketjusivuhalkioilla-musta\/","name":"Grace Black -tikattu takki vetoketjusivuhalkioilla, musta &#8211; BELIEVE by tuula rossi","isPartOf":{"@id":"https:\/\/believebytuularossi.com\/fi\/#website"},"primaryImageOfPage":{"@id":"https:\/\/believebytuularossi.com\/fi\/tuote\/grace-black-tikattu-takki-vetoketjusivuhalkioilla-musta\/#primaryimage"},"image":{"@id":"https:\/\/believebytuularossi.com\/fi\/tuote\/grace-black-tikattu-takki-vetoketjusivuhalkioilla-musta\/#primaryimage"},"thumbnailUrl":"https:\/\/believebytuularossi.com\/wp-content\/uploads\/2019\/08\/Grace-Black-AW19-8.png","datePublished":"2019-08-28T15:35:57+00:00","dateModified":"2024-04-02T11:00:19+00:00","description":"Grace Black -musta naisten tikattu p\u00e4\u00e4llystakki vetoketjusivuhalkioilla sopii kaikenkokoisille naisille","breadcrumb":{"@id":"https:\/\/believebytuularossi.com\/fi\/tuote\/grace-black-tikattu-takki-vetoketjusivuhalkioilla-musta\/#breadcrumb"},"inLanguage":"fi","potentialAction":[{"@type":"ReadAction","target":["https:\/\/believebytuularossi.com\/fi\/tuote\/grace-black-tikattu-takki-vetoketjusivuhalkioilla-musta\/"]}]},{"@type":"ImageObject","inLanguage":"fi","@id":"https:\/\/believebytuularossi.com\/fi\/tuote\/grace-black-tikattu-takki-vetoketjusivuhalkioilla-musta\/#primaryimage","url":"https:\/\/believebytuularossi.com\/wp-content\/uploads\/2019\/08\/Grace-Black-AW19-8.png","contentUrl":"https:\/\/believebytuularossi.com\/wp-content\/uploads\/2019\/08\/Grace-Black-AW19-8.png","width":2889,"height":4340,"caption":"Grace Black AW19 8"},{"@type":"BreadcrumbList","@id":"https:\/\/believebytuularossi.com\/fi\/tuote\/grace-black-tikattu-takki-vetoketjusivuhalkioilla-musta\/#breadcrumb","itemListElement":[{"@type":"ListItem","position":1,"name":"Home","item":"https:\/\/believebytuularossi.com\/fi\/"},{"@type":"ListItem","position":2,"name":"Shop","item":"https:\/\/believebytuularossi.com\/shop\/"},{"@type":"ListItem","position":3,"name":"Grace Black -tikattu takki vetoketjusivuhalkioilla, musta"}]},{"@type":"WebSite","@id":"https:\/\/believebytuularossi.com\/fi\/#website","url":"https:\/\/believebytuularossi.com\/fi\/","name":"BELIEVE by tuula rossi","description":"A unique, luxurious, original outerwear collection created by passion and love for today\u2019s fashionable woman and her desire for timeless style.          Perfect fit for the modern, feminine woman of any age.","publisher":{"@id":"https:\/\/believebytuularossi.com\/fi\/#organization"},"potentialAction":[{"@type":"SearchAction","target":{"@type":"EntryPoint","urlTemplate":"https:\/\/believebytuularossi.com\/fi\/?s={search_term_string}"},"query-input":{"@type":"PropertyValueSpecification","valueRequired":true,"valueName":"search_term_string"}}],"inLanguage":"fi"},{"@type":"Organization","@id":"https:\/\/believebytuularossi.com\/fi\/#organization","name":"BELIEVE by tuula rossi","url":"https:\/\/believebytuularossi.com\/fi\/","logo":{"@type":"ImageObject","inLanguage":"fi","@id":"https:\/\/believebytuularossi.com\/fi\/#\/schema\/logo\/image\/","url":"https:\/\/believebytuularossi.com\/wp-content\/uploads\/2018\/08\/rossi-logo_new.png","contentUrl":"https:\/\/believebytuularossi.com\/wp-content\/uploads\/2018\/08\/rossi-logo_new.png","width":300,"height":143,"caption":"BELIEVE by tuula rossi"},"image":{"@id":"https:\/\/believebytuularossi.com\/fi\/#\/schema\/logo\/image\/"},"sameAs":["https:\/\/www.facebook.com\/believebytuularossi\/_gu3udgu0BZPTzcnU","https:\/\/www.instagram.com\/believebytuularossi\/","https:\/\/www.pinterest.com\/believebytuularossi\/"]}]}},"_links":{"self":[{"href":"https:\/\/believebytuularossi.com\/fi\/wp-json\/wp\/v2\/product\/15844","targetHints":{"allow":["GET"]}}],"collection":[{"href":"https:\/\/believebytuularossi.com\/fi\/wp-json\/wp\/v2\/product"}],"about":[{"href":"https:\/\/believebytuularossi.com\/fi\/wp-json\/wp\/v2\/types\/product"}],"wp:featuredmedia":[{"embeddable":true,"href":"https:\/\/believebytuularossi.com\/fi\/wp-json\/wp\/v2\/media\/13476"}],"wp:attachment":[{"href":"https:\/\/believebytuularossi.com\/fi\/wp-json\/wp\/v2\/media?parent=15844"}],"wp:term":[{"taxonomy":"product_brand","embeddable":true,"href":"https:\/\/believebytuularossi.com\/fi\/wp-json\/wp\/v2\/product_brand?post=15844"},{"taxonomy":"product_cat","embeddable":true,"href":"https:\/\/believebytuularossi.com\/fi\/wp-json\/wp\/v2\/product_cat?post=15844"},{"taxonomy":"product_tag","embeddable":true,"href":"https:\/\/believebytuularossi.com\/fi\/wp-json\/wp\/v2\/product_tag?post=15844"}],"curies":[{"name":"wp","href":"https:\/\/api.w.org\/{rel}","templated":true}]}}