{"id":15868,"date":"2019-08-28T17:25:53","date_gmt":"2019-08-28T15:25:53","guid":{"rendered":"https:\/\/believebytuularossi.com\/product\/angelina-fur-winter-rose-unelmanpehmea-ekoturkistakki-talviruusu\/"},"modified":"2019-08-28T17:25:53","modified_gmt":"2019-08-28T15:25:53","slug":"angelina-fur-winter-rose-unelmanpehmea-ekoturkistakki-talviruusu","status":"publish","type":"product","link":"https:\/\/believebytuularossi.com\/fi\/tuote\/angelina-fur-winter-rose-unelmanpehmea-ekoturkistakki-talviruusu\/","title":{"rendered":"Angelina Fur Winter Rose -unelmanpehme\u00e4 ekoturkistakki, talviruusu"},"content":{"rendered":"","protected":false},"excerpt":{"rendered":"<p>T\u00e4m\u00e4 upea, ylellinen ja eritt\u00e4in pehme\u00e4 ekoturkistakki tuntuu unelmalta p\u00e4\u00e4ll\u00e4si! Ekoturkismateriaali on eritt\u00e4in kevytt\u00e4 ja joustavaa ja t\u00e4t\u00e4 turkistakkia on eritt\u00e4in mukava k\u00e4ytt\u00e4\u00e4! Takissa on kaunis naisellinen istuvuus, joka imartelee vartaloasi. Huppu ja helma s\u00e4\u00e4dett\u00e4v\u00e4t joustavalla kiristysny\u00f6rill\u00e4.<br \/>\nAngelina Fur -takki on t\u00e4ydellinen valinta tyylikk\u00e4\u00e4seen ja moderniin ajattomaan lookiin. T\u00e4ss\u00e4 takissa on kaunis kaksisuuntainen vetoketju edess\u00e4. Takin taskut avautuvat piilovetoketjuilla ja voit tuntea ylellisen, superpehme\u00e4n turkin my\u00f6s taskuissa! T\u00e4ydellisen leikkauksen ansiosta voit tuntea olosi mukavaksi ja n\u00e4ytt\u00e4\u00e4 hyv\u00e4lt\u00e4 koostasi riippumatta!<\/p>\n<p>S\u00e4\u00e4dett\u00e4v\u00e4n helman ansiosta Angelina Fur -turkistakki on ihanteellinen kapeille vartalotyypeille. Hihan pituus on hieman tavallista pidempi. K\u00e4\u00e4nnett\u00e4v\u00e4t hihansuut takaavat t\u00e4ydellisen pituuden kaikenpituisille naisille.<\/p>\n<p>Angelina Fur on saatavilla my\u00f6s mustana!<\/p>\n","protected":false},"featured_media":13366,"template":"","meta":{"_acf_changed":false},"product_brand":[],"product_cat":[130],"product_tag":[],"class_list":{"0":"post-15868","1":"product","2":"type-product","3":"status-publish","4":"has-post-thumbnail","6":"product_cat-syksytakit-talvitakit","7":"pa_ewd_uwcf_colors-pale-pink","8":"pa_size-34-fi","9":"pa_size-36-fi","10":"pa_size-38-fi","11":"pa_size-40-fi","12":"pa_size-42-fi","13":"pa_size-44-fi","14":"pa_size-46-fi","15":"pa_size-48-fi","16":"pa_size-50-fi","17":"pa_size-52-fi","18":"pa_size-54-fi","19":"product_color-rose-fi","21":"first","22":"instock","23":"taxable","24":"shipping-taxable","25":"purchasable","26":"product-type-variable"},"acf":[],"yoast_head":"<!-- This site is optimized with the Yoast SEO plugin v27.3 - https:\/\/yoast.com\/product\/yoast-seo-wordpress\/ -->\n<title>Angelina Fur Winter Rose -unelmanpehme\u00e4 ekoturkistakki, talviruusu &#8211; BELIEVE by tuula rossi<\/title>\n<meta name=\"description\" content=\"Angelina Fur Winter Rose - talviruusun v\u00e4rinen unelmanpehme\u00e4 hupullinen naisten ekoturkistakki\" \/>\n<meta name=\"robots\" content=\"index, follow, max-snippet:-1, max-image-preview:large, max-video-preview:-1\" \/>\n<link rel=\"canonical\" href=\"https:\/\/believebytuularossi.com\/fi\/tuote\/angelina-fur-winter-rose-unelmanpehmea-ekoturkistakki-talviruusu\/\" \/>\n<meta property=\"og:locale\" content=\"fi_FI\" \/>\n<meta property=\"og:type\" content=\"article\" \/>\n<meta property=\"og:title\" content=\"Angelina Fur Winter Rose -unelmanpehme\u00e4 ekoturkistakki, talviruusu &#8211; BELIEVE by tuula rossi\" \/>\n<meta property=\"og:description\" content=\"Angelina Fur Winter Rose - talviruusun v\u00e4rinen unelmanpehme\u00e4 hupullinen naisten ekoturkistakki\" \/>\n<meta property=\"og:url\" content=\"https:\/\/believebytuularossi.com\/fi\/tuote\/angelina-fur-winter-rose-unelmanpehmea-ekoturkistakki-talviruusu\/\" \/>\n<meta property=\"og:site_name\" content=\"BELIEVE by tuula rossi\" \/>\n<meta property=\"article:publisher\" content=\"https:\/\/www.facebook.com\/believebytuularossi\/_gu3udgu0BZPTzcnU\" \/>\n<meta property=\"og:image\" content=\"https:\/\/believebytuularossi.com\/wp-content\/uploads\/2019\/08\/Angelina-Fur-Winter-Rose-AW19-8-599x900.png\" \/>\n\t<meta property=\"og:image:width\" content=\"599\" \/>\n\t<meta property=\"og:image:height\" content=\"900\" \/>\n\t<meta property=\"og:image:type\" content=\"image\/png\" \/>\n<meta name=\"twitter:card\" content=\"summary_large_image\" \/>\n<script type=\"application\/ld+json\" class=\"yoast-schema-graph\">{\"@context\":\"https:\\\/\\\/schema.org\",\"@graph\":[{\"@type\":\"WebPage\",\"@id\":\"https:\\\/\\\/believebytuularossi.com\\\/fi\\\/tuote\\\/angelina-fur-winter-rose-unelmanpehmea-ekoturkistakki-talviruusu\\\/\",\"url\":\"https:\\\/\\\/believebytuularossi.com\\\/fi\\\/tuote\\\/angelina-fur-winter-rose-unelmanpehmea-ekoturkistakki-talviruusu\\\/\",\"name\":\"Angelina Fur Winter Rose -unelmanpehme\u00e4 ekoturkistakki, talviruusu &#8211; BELIEVE by tuula rossi\",\"isPartOf\":{\"@id\":\"https:\\\/\\\/believebytuularossi.com\\\/fi\\\/#website\"},\"primaryImageOfPage\":{\"@id\":\"https:\\\/\\\/believebytuularossi.com\\\/fi\\\/tuote\\\/angelina-fur-winter-rose-unelmanpehmea-ekoturkistakki-talviruusu\\\/#primaryimage\"},\"image\":{\"@id\":\"https:\\\/\\\/believebytuularossi.com\\\/fi\\\/tuote\\\/angelina-fur-winter-rose-unelmanpehmea-ekoturkistakki-talviruusu\\\/#primaryimage\"},\"thumbnailUrl\":\"https:\\\/\\\/believebytuularossi.com\\\/wp-content\\\/uploads\\\/2019\\\/08\\\/Angelina-Fur-Winter-Rose-AW19-8.png\",\"datePublished\":\"2019-08-28T15:25:53+00:00\",\"description\":\"Angelina Fur Winter Rose - talviruusun v\u00e4rinen unelmanpehme\u00e4 hupullinen naisten ekoturkistakki\",\"breadcrumb\":{\"@id\":\"https:\\\/\\\/believebytuularossi.com\\\/fi\\\/tuote\\\/angelina-fur-winter-rose-unelmanpehmea-ekoturkistakki-talviruusu\\\/#breadcrumb\"},\"inLanguage\":\"fi\",\"potentialAction\":[{\"@type\":\"ReadAction\",\"target\":[\"https:\\\/\\\/believebytuularossi.com\\\/fi\\\/tuote\\\/angelina-fur-winter-rose-unelmanpehmea-ekoturkistakki-talviruusu\\\/\"]}]},{\"@type\":\"ImageObject\",\"inLanguage\":\"fi\",\"@id\":\"https:\\\/\\\/believebytuularossi.com\\\/fi\\\/tuote\\\/angelina-fur-winter-rose-unelmanpehmea-ekoturkistakki-talviruusu\\\/#primaryimage\",\"url\":\"https:\\\/\\\/believebytuularossi.com\\\/wp-content\\\/uploads\\\/2019\\\/08\\\/Angelina-Fur-Winter-Rose-AW19-8.png\",\"contentUrl\":\"https:\\\/\\\/believebytuularossi.com\\\/wp-content\\\/uploads\\\/2019\\\/08\\\/Angelina-Fur-Winter-Rose-AW19-8.png\",\"width\":2977,\"height\":4473,\"caption\":\"Angelina Fur Winter Rose AW19 8\"},{\"@type\":\"BreadcrumbList\",\"@id\":\"https:\\\/\\\/believebytuularossi.com\\\/fi\\\/tuote\\\/angelina-fur-winter-rose-unelmanpehmea-ekoturkistakki-talviruusu\\\/#breadcrumb\",\"itemListElement\":[{\"@type\":\"ListItem\",\"position\":1,\"name\":\"Home\",\"item\":\"https:\\\/\\\/believebytuularossi.com\\\/fi\\\/\"},{\"@type\":\"ListItem\",\"position\":2,\"name\":\"Shop\",\"item\":\"https:\\\/\\\/believebytuularossi.com\\\/shop\\\/\"},{\"@type\":\"ListItem\",\"position\":3,\"name\":\"Angelina Fur Winter Rose -unelmanpehme\u00e4 ekoturkistakki, talviruusu\"}]},{\"@type\":\"WebSite\",\"@id\":\"https:\\\/\\\/believebytuularossi.com\\\/fi\\\/#website\",\"url\":\"https:\\\/\\\/believebytuularossi.com\\\/fi\\\/\",\"name\":\"BELIEVE by tuula rossi\",\"description\":\"A unique, luxurious, original outerwear collection created by passion and love for today\u2019s fashionable woman and her desire for timeless style.          Perfect fit for the modern, feminine woman of any age.\",\"publisher\":{\"@id\":\"https:\\\/\\\/believebytuularossi.com\\\/fi\\\/#organization\"},\"potentialAction\":[{\"@type\":\"SearchAction\",\"target\":{\"@type\":\"EntryPoint\",\"urlTemplate\":\"https:\\\/\\\/believebytuularossi.com\\\/fi\\\/?s={search_term_string}\"},\"query-input\":{\"@type\":\"PropertyValueSpecification\",\"valueRequired\":true,\"valueName\":\"search_term_string\"}}],\"inLanguage\":\"fi\"},{\"@type\":\"Organization\",\"@id\":\"https:\\\/\\\/believebytuularossi.com\\\/fi\\\/#organization\",\"name\":\"BELIEVE by tuula rossi\",\"url\":\"https:\\\/\\\/believebytuularossi.com\\\/fi\\\/\",\"logo\":{\"@type\":\"ImageObject\",\"inLanguage\":\"fi\",\"@id\":\"https:\\\/\\\/believebytuularossi.com\\\/fi\\\/#\\\/schema\\\/logo\\\/image\\\/\",\"url\":\"https:\\\/\\\/believebytuularossi.com\\\/wp-content\\\/uploads\\\/2018\\\/08\\\/rossi-logo_new.png\",\"contentUrl\":\"https:\\\/\\\/believebytuularossi.com\\\/wp-content\\\/uploads\\\/2018\\\/08\\\/rossi-logo_new.png\",\"width\":300,\"height\":143,\"caption\":\"BELIEVE by tuula rossi\"},\"image\":{\"@id\":\"https:\\\/\\\/believebytuularossi.com\\\/fi\\\/#\\\/schema\\\/logo\\\/image\\\/\"},\"sameAs\":[\"https:\\\/\\\/www.facebook.com\\\/believebytuularossi\\\/_gu3udgu0BZPTzcnU\",\"https:\\\/\\\/www.instagram.com\\\/believebytuularossi\\\/\",\"https:\\\/\\\/www.pinterest.com\\\/believebytuularossi\\\/\"]}]}<\/script>\n<!-- \/ Yoast SEO plugin. -->","yoast_head_json":{"title":"Angelina Fur Winter Rose -unelmanpehme\u00e4 ekoturkistakki, talviruusu &#8211; BELIEVE by tuula rossi","description":"Angelina Fur Winter Rose - talviruusun v\u00e4rinen unelmanpehme\u00e4 hupullinen naisten ekoturkistakki","robots":{"index":"index","follow":"follow","max-snippet":"max-snippet:-1","max-image-preview":"max-image-preview:large","max-video-preview":"max-video-preview:-1"},"canonical":"https:\/\/believebytuularossi.com\/fi\/tuote\/angelina-fur-winter-rose-unelmanpehmea-ekoturkistakki-talviruusu\/","og_locale":"fi_FI","og_type":"article","og_title":"Angelina Fur Winter Rose -unelmanpehme\u00e4 ekoturkistakki, talviruusu &#8211; BELIEVE by tuula rossi","og_description":"Angelina Fur Winter Rose - talviruusun v\u00e4rinen unelmanpehme\u00e4 hupullinen naisten ekoturkistakki","og_url":"https:\/\/believebytuularossi.com\/fi\/tuote\/angelina-fur-winter-rose-unelmanpehmea-ekoturkistakki-talviruusu\/","og_site_name":"BELIEVE by tuula rossi","article_publisher":"https:\/\/www.facebook.com\/believebytuularossi\/_gu3udgu0BZPTzcnU","og_image":[{"width":599,"height":900,"url":"https:\/\/believebytuularossi.com\/wp-content\/uploads\/2019\/08\/Angelina-Fur-Winter-Rose-AW19-8-599x900.png","type":"image\/png"}],"twitter_card":"summary_large_image","schema":{"@context":"https:\/\/schema.org","@graph":[{"@type":"WebPage","@id":"https:\/\/believebytuularossi.com\/fi\/tuote\/angelina-fur-winter-rose-unelmanpehmea-ekoturkistakki-talviruusu\/","url":"https:\/\/believebytuularossi.com\/fi\/tuote\/angelina-fur-winter-rose-unelmanpehmea-ekoturkistakki-talviruusu\/","name":"Angelina Fur Winter Rose -unelmanpehme\u00e4 ekoturkistakki, talviruusu &#8211; BELIEVE by tuula rossi","isPartOf":{"@id":"https:\/\/believebytuularossi.com\/fi\/#website"},"primaryImageOfPage":{"@id":"https:\/\/believebytuularossi.com\/fi\/tuote\/angelina-fur-winter-rose-unelmanpehmea-ekoturkistakki-talviruusu\/#primaryimage"},"image":{"@id":"https:\/\/believebytuularossi.com\/fi\/tuote\/angelina-fur-winter-rose-unelmanpehmea-ekoturkistakki-talviruusu\/#primaryimage"},"thumbnailUrl":"https:\/\/believebytuularossi.com\/wp-content\/uploads\/2019\/08\/Angelina-Fur-Winter-Rose-AW19-8.png","datePublished":"2019-08-28T15:25:53+00:00","description":"Angelina Fur Winter Rose - talviruusun v\u00e4rinen unelmanpehme\u00e4 hupullinen naisten ekoturkistakki","breadcrumb":{"@id":"https:\/\/believebytuularossi.com\/fi\/tuote\/angelina-fur-winter-rose-unelmanpehmea-ekoturkistakki-talviruusu\/#breadcrumb"},"inLanguage":"fi","potentialAction":[{"@type":"ReadAction","target":["https:\/\/believebytuularossi.com\/fi\/tuote\/angelina-fur-winter-rose-unelmanpehmea-ekoturkistakki-talviruusu\/"]}]},{"@type":"ImageObject","inLanguage":"fi","@id":"https:\/\/believebytuularossi.com\/fi\/tuote\/angelina-fur-winter-rose-unelmanpehmea-ekoturkistakki-talviruusu\/#primaryimage","url":"https:\/\/believebytuularossi.com\/wp-content\/uploads\/2019\/08\/Angelina-Fur-Winter-Rose-AW19-8.png","contentUrl":"https:\/\/believebytuularossi.com\/wp-content\/uploads\/2019\/08\/Angelina-Fur-Winter-Rose-AW19-8.png","width":2977,"height":4473,"caption":"Angelina Fur Winter Rose AW19 8"},{"@type":"BreadcrumbList","@id":"https:\/\/believebytuularossi.com\/fi\/tuote\/angelina-fur-winter-rose-unelmanpehmea-ekoturkistakki-talviruusu\/#breadcrumb","itemListElement":[{"@type":"ListItem","position":1,"name":"Home","item":"https:\/\/believebytuularossi.com\/fi\/"},{"@type":"ListItem","position":2,"name":"Shop","item":"https:\/\/believebytuularossi.com\/shop\/"},{"@type":"ListItem","position":3,"name":"Angelina Fur Winter Rose -unelmanpehme\u00e4 ekoturkistakki, talviruusu"}]},{"@type":"WebSite","@id":"https:\/\/believebytuularossi.com\/fi\/#website","url":"https:\/\/believebytuularossi.com\/fi\/","name":"BELIEVE by tuula rossi","description":"A unique, luxurious, original outerwear collection created by passion and love for today\u2019s fashionable woman and her desire for timeless style.          Perfect fit for the modern, feminine woman of any age.","publisher":{"@id":"https:\/\/believebytuularossi.com\/fi\/#organization"},"potentialAction":[{"@type":"SearchAction","target":{"@type":"EntryPoint","urlTemplate":"https:\/\/believebytuularossi.com\/fi\/?s={search_term_string}"},"query-input":{"@type":"PropertyValueSpecification","valueRequired":true,"valueName":"search_term_string"}}],"inLanguage":"fi"},{"@type":"Organization","@id":"https:\/\/believebytuularossi.com\/fi\/#organization","name":"BELIEVE by tuula rossi","url":"https:\/\/believebytuularossi.com\/fi\/","logo":{"@type":"ImageObject","inLanguage":"fi","@id":"https:\/\/believebytuularossi.com\/fi\/#\/schema\/logo\/image\/","url":"https:\/\/believebytuularossi.com\/wp-content\/uploads\/2018\/08\/rossi-logo_new.png","contentUrl":"https:\/\/believebytuularossi.com\/wp-content\/uploads\/2018\/08\/rossi-logo_new.png","width":300,"height":143,"caption":"BELIEVE by tuula rossi"},"image":{"@id":"https:\/\/believebytuularossi.com\/fi\/#\/schema\/logo\/image\/"},"sameAs":["https:\/\/www.facebook.com\/believebytuularossi\/_gu3udgu0BZPTzcnU","https:\/\/www.instagram.com\/believebytuularossi\/","https:\/\/www.pinterest.com\/believebytuularossi\/"]}]}},"_links":{"self":[{"href":"https:\/\/believebytuularossi.com\/fi\/wp-json\/wp\/v2\/product\/15868","targetHints":{"allow":["GET"]}}],"collection":[{"href":"https:\/\/believebytuularossi.com\/fi\/wp-json\/wp\/v2\/product"}],"about":[{"href":"https:\/\/believebytuularossi.com\/fi\/wp-json\/wp\/v2\/types\/product"}],"wp:featuredmedia":[{"embeddable":true,"href":"https:\/\/believebytuularossi.com\/fi\/wp-json\/wp\/v2\/media\/13366"}],"wp:attachment":[{"href":"https:\/\/believebytuularossi.com\/fi\/wp-json\/wp\/v2\/media?parent=15868"}],"wp:term":[{"taxonomy":"product_brand","embeddable":true,"href":"https:\/\/believebytuularossi.com\/fi\/wp-json\/wp\/v2\/product_brand?post=15868"},{"taxonomy":"product_cat","embeddable":true,"href":"https:\/\/believebytuularossi.com\/fi\/wp-json\/wp\/v2\/product_cat?post=15868"},{"taxonomy":"product_tag","embeddable":true,"href":"https:\/\/believebytuularossi.com\/fi\/wp-json\/wp\/v2\/product_tag?post=15868"}],"curies":[{"name":"wp","href":"https:\/\/api.w.org\/{rel}","templated":true}]}}