{"id":15880,"date":"2019-08-28T17:20:49","date_gmt":"2019-08-28T15:20:49","guid":{"rendered":"https:\/\/believebytuularossi.com\/product\/sarah-fur-silver-grey-unelmanpehmea-ekoturkistakki-hopeanharmaa\/"},"modified":"2019-08-28T17:20:49","modified_gmt":"2019-08-28T15:20:49","slug":"sarah-fur-silver-grey-unelmanpehmea-ekoturkistakki-hopeanharmaa","status":"publish","type":"product","link":"https:\/\/believebytuularossi.com\/fi\/tuote\/sarah-fur-silver-grey-unelmanpehmea-ekoturkistakki-hopeanharmaa\/","title":{"rendered":"Sarah Fur Silver Grey -unelmanpehme\u00e4 ekoturkistakki, hopeanharmaa"},"content":{"rendered":"","protected":false},"excerpt":{"rendered":"<p>T\u00e4m\u00e4 upea, ylellinen ja eritt\u00e4in pehme\u00e4 Sarah -ekoturkistakki tuntuu unelmalta p\u00e4\u00e4ll\u00e4si! Ekoturkismateriaali on eritt\u00e4in kevytt\u00e4 ja joustavaa ja t\u00e4t\u00e4 turkistakkia on eritt\u00e4in mukava k\u00e4ytt\u00e4\u00e4! Takissa on kaunis naisellinen istuvuus, joka imartelee vartaloasi. Iso kaulus ja helma ovat s\u00e4\u00e4dett\u00e4viss\u00e4 joustavalla kiristysny\u00f6rill\u00e4.<br \/>\nSarah Fur -takki on t\u00e4ydellinen valinta tyylikk\u00e4\u00e4seen ja moderniin ajattomaan lookiin. T\u00e4ss\u00e4 takissa on kaunis kaksisuuntainen vetoketju edess\u00e4 Mini Stripe -kuosilla tikatulla materiaalilla, joka toimii hienolla yksityiskohtana. Takin taskut avautuvat piilovetoketjuilla ja voit tuntea ylellisen, superpehme\u00e4n turkin my\u00f6s taskujen sis\u00e4ll\u00e4! T\u00e4ydellisen leikkauksen ansiosta voit tuntea olosi mukavaksi ja n\u00e4ytt\u00e4\u00e4 hyv\u00e4lt\u00e4 koostasi riippumatta!<\/p>\n<p>S\u00e4\u00e4dett\u00e4v\u00e4n helman ansiosta Sarah Fur -turkistakki on ihanteellinen kapeille vartalotyypeille. Hihan pituus on hieman tavallista pidempi. K\u00e4\u00e4nnett\u00e4v\u00e4t hihansuut takaavat t\u00e4ydellisen pituuden kaikenpituisille naisille. Takin hihoissa on raikkaan keltainen vuoritus, joka on yksi BELIEVE by tuula rossi -malliston erityispiirteist\u00e4 ja joka symboloi positiivista energiaa ja hyv\u00e4n onnen l\u00e4hte\u00e4.<\/p>\n","protected":false},"featured_media":13531,"template":"","meta":{"_acf_changed":false},"product_brand":[],"product_cat":[130],"product_tag":[],"class_list":{"0":"post-15880","1":"product","2":"type-product","3":"status-publish","4":"has-post-thumbnail","6":"product_cat-syksytakit-talvitakit","7":"pa_ewd_uwcf_colors-grey","8":"pa_size-34-fi","9":"pa_size-36-fi","10":"pa_size-38-fi","11":"pa_size-40-fi","12":"pa_size-42-fi","13":"pa_size-44-fi","14":"pa_size-46-fi","15":"pa_size-48-fi","16":"pa_size-50-fi","17":"pa_size-52-fi","18":"pa_size-54-fi","19":"product_color-grey-fi","21":"first","22":"instock","23":"taxable","24":"shipping-taxable","25":"purchasable","26":"product-type-variable"},"acf":[],"yoast_head":"<!-- This site is optimized with the Yoast SEO plugin v27.5 - https:\/\/yoast.com\/product\/yoast-seo-wordpress\/ -->\n<title>Sarah Fur Silver Grey -unelmanpehme\u00e4 ekoturkistakki, hopeanharmaa &#8211; BELIEVE by tuula rossi<\/title>\n<meta name=\"description\" content=\"Sarah Fur Silver Grey -hopeanharmaa unelmanpehme\u00e4 naisten luksus ekoturkistakki\" \/>\n<meta name=\"robots\" content=\"index, follow, max-snippet:-1, max-image-preview:large, max-video-preview:-1\" \/>\n<link rel=\"canonical\" href=\"https:\/\/believebytuularossi.com\/fi\/tuote\/sarah-fur-silver-grey-unelmanpehmea-ekoturkistakki-hopeanharmaa\/\" \/>\n<meta property=\"og:locale\" content=\"fi_FI\" \/>\n<meta property=\"og:type\" content=\"article\" \/>\n<meta property=\"og:title\" content=\"Sarah Fur Silver Grey -unelmanpehme\u00e4 ekoturkistakki, hopeanharmaa &#8211; BELIEVE by tuula rossi\" \/>\n<meta property=\"og:description\" content=\"Sarah Fur Silver Grey -hopeanharmaa unelmanpehme\u00e4 naisten luksus ekoturkistakki\" \/>\n<meta property=\"og:url\" content=\"https:\/\/believebytuularossi.com\/fi\/tuote\/sarah-fur-silver-grey-unelmanpehmea-ekoturkistakki-hopeanharmaa\/\" \/>\n<meta property=\"og:site_name\" content=\"BELIEVE by tuula rossi\" \/>\n<meta property=\"article:publisher\" content=\"https:\/\/www.facebook.com\/believebytuularossi\/_gu3udgu0BZPTzcnU\" \/>\n<meta property=\"og:image\" content=\"https:\/\/believebytuularossi.com\/wp-content\/uploads\/2019\/08\/Sarah-Fur-Grey-AW19-4.jpg\" \/>\n\t<meta property=\"og:image:width\" content=\"1366\" \/>\n\t<meta property=\"og:image:height\" content=\"2048\" \/>\n\t<meta property=\"og:image:type\" content=\"image\/jpeg\" \/>\n<meta name=\"twitter:card\" content=\"summary_large_image\" \/>\n<script type=\"application\/ld+json\" class=\"yoast-schema-graph\">{\"@context\":\"https:\\\/\\\/schema.org\",\"@graph\":[{\"@type\":\"WebPage\",\"@id\":\"https:\\\/\\\/believebytuularossi.com\\\/fi\\\/tuote\\\/sarah-fur-silver-grey-unelmanpehmea-ekoturkistakki-hopeanharmaa\\\/\",\"url\":\"https:\\\/\\\/believebytuularossi.com\\\/fi\\\/tuote\\\/sarah-fur-silver-grey-unelmanpehmea-ekoturkistakki-hopeanharmaa\\\/\",\"name\":\"Sarah Fur Silver Grey -unelmanpehme\u00e4 ekoturkistakki, hopeanharmaa &#8211; BELIEVE by tuula rossi\",\"isPartOf\":{\"@id\":\"https:\\\/\\\/believebytuularossi.com\\\/fi\\\/#website\"},\"primaryImageOfPage\":{\"@id\":\"https:\\\/\\\/believebytuularossi.com\\\/fi\\\/tuote\\\/sarah-fur-silver-grey-unelmanpehmea-ekoturkistakki-hopeanharmaa\\\/#primaryimage\"},\"image\":{\"@id\":\"https:\\\/\\\/believebytuularossi.com\\\/fi\\\/tuote\\\/sarah-fur-silver-grey-unelmanpehmea-ekoturkistakki-hopeanharmaa\\\/#primaryimage\"},\"thumbnailUrl\":\"https:\\\/\\\/believebytuularossi.com\\\/wp-content\\\/uploads\\\/2019\\\/08\\\/Sarah-Fur-Grey-AW19-4.jpg\",\"datePublished\":\"2019-08-28T15:20:49+00:00\",\"description\":\"Sarah Fur Silver Grey -hopeanharmaa unelmanpehme\u00e4 naisten luksus ekoturkistakki\",\"breadcrumb\":{\"@id\":\"https:\\\/\\\/believebytuularossi.com\\\/fi\\\/tuote\\\/sarah-fur-silver-grey-unelmanpehmea-ekoturkistakki-hopeanharmaa\\\/#breadcrumb\"},\"inLanguage\":\"fi\",\"potentialAction\":[{\"@type\":\"ReadAction\",\"target\":[\"https:\\\/\\\/believebytuularossi.com\\\/fi\\\/tuote\\\/sarah-fur-silver-grey-unelmanpehmea-ekoturkistakki-hopeanharmaa\\\/\"]}]},{\"@type\":\"ImageObject\",\"inLanguage\":\"fi\",\"@id\":\"https:\\\/\\\/believebytuularossi.com\\\/fi\\\/tuote\\\/sarah-fur-silver-grey-unelmanpehmea-ekoturkistakki-hopeanharmaa\\\/#primaryimage\",\"url\":\"https:\\\/\\\/believebytuularossi.com\\\/wp-content\\\/uploads\\\/2019\\\/08\\\/Sarah-Fur-Grey-AW19-4.jpg\",\"contentUrl\":\"https:\\\/\\\/believebytuularossi.com\\\/wp-content\\\/uploads\\\/2019\\\/08\\\/Sarah-Fur-Grey-AW19-4.jpg\",\"width\":1366,\"height\":2048,\"caption\":\"Sarah Fur Grey AW19 4\"},{\"@type\":\"BreadcrumbList\",\"@id\":\"https:\\\/\\\/believebytuularossi.com\\\/fi\\\/tuote\\\/sarah-fur-silver-grey-unelmanpehmea-ekoturkistakki-hopeanharmaa\\\/#breadcrumb\",\"itemListElement\":[{\"@type\":\"ListItem\",\"position\":1,\"name\":\"Home\",\"item\":\"https:\\\/\\\/believebytuularossi.com\\\/fi\\\/\"},{\"@type\":\"ListItem\",\"position\":2,\"name\":\"Shop\",\"item\":\"https:\\\/\\\/believebytuularossi.com\\\/shop\\\/\"},{\"@type\":\"ListItem\",\"position\":3,\"name\":\"Sarah Fur Silver Grey -unelmanpehme\u00e4 ekoturkistakki, hopeanharmaa\"}]},{\"@type\":\"WebSite\",\"@id\":\"https:\\\/\\\/believebytuularossi.com\\\/fi\\\/#website\",\"url\":\"https:\\\/\\\/believebytuularossi.com\\\/fi\\\/\",\"name\":\"BELIEVE by tuula rossi\",\"description\":\"A unique, luxurious, original outerwear collection created by passion and love for today\u2019s fashionable woman and her desire for timeless style.          Perfect fit for the modern, feminine woman of any age.\",\"publisher\":{\"@id\":\"https:\\\/\\\/believebytuularossi.com\\\/fi\\\/#organization\"},\"potentialAction\":[{\"@type\":\"SearchAction\",\"target\":{\"@type\":\"EntryPoint\",\"urlTemplate\":\"https:\\\/\\\/believebytuularossi.com\\\/fi\\\/?s={search_term_string}\"},\"query-input\":{\"@type\":\"PropertyValueSpecification\",\"valueRequired\":true,\"valueName\":\"search_term_string\"}}],\"inLanguage\":\"fi\"},{\"@type\":\"Organization\",\"@id\":\"https:\\\/\\\/believebytuularossi.com\\\/fi\\\/#organization\",\"name\":\"BELIEVE by tuula rossi\",\"url\":\"https:\\\/\\\/believebytuularossi.com\\\/fi\\\/\",\"logo\":{\"@type\":\"ImageObject\",\"inLanguage\":\"fi\",\"@id\":\"https:\\\/\\\/believebytuularossi.com\\\/fi\\\/#\\\/schema\\\/logo\\\/image\\\/\",\"url\":\"https:\\\/\\\/believebytuularossi.com\\\/wp-content\\\/uploads\\\/2018\\\/08\\\/rossi-logo_new.png\",\"contentUrl\":\"https:\\\/\\\/believebytuularossi.com\\\/wp-content\\\/uploads\\\/2018\\\/08\\\/rossi-logo_new.png\",\"width\":300,\"height\":143,\"caption\":\"BELIEVE by tuula rossi\"},\"image\":{\"@id\":\"https:\\\/\\\/believebytuularossi.com\\\/fi\\\/#\\\/schema\\\/logo\\\/image\\\/\"},\"sameAs\":[\"https:\\\/\\\/www.facebook.com\\\/believebytuularossi\\\/_gu3udgu0BZPTzcnU\",\"https:\\\/\\\/www.instagram.com\\\/believebytuularossi\\\/\",\"https:\\\/\\\/www.pinterest.com\\\/believebytuularossi\\\/\"]}]}<\/script>\n<!-- \/ Yoast SEO plugin. -->","yoast_head_json":{"title":"Sarah Fur Silver Grey -unelmanpehme\u00e4 ekoturkistakki, hopeanharmaa &#8211; BELIEVE by tuula rossi","description":"Sarah Fur Silver Grey -hopeanharmaa unelmanpehme\u00e4 naisten luksus ekoturkistakki","robots":{"index":"index","follow":"follow","max-snippet":"max-snippet:-1","max-image-preview":"max-image-preview:large","max-video-preview":"max-video-preview:-1"},"canonical":"https:\/\/believebytuularossi.com\/fi\/tuote\/sarah-fur-silver-grey-unelmanpehmea-ekoturkistakki-hopeanharmaa\/","og_locale":"fi_FI","og_type":"article","og_title":"Sarah Fur Silver Grey -unelmanpehme\u00e4 ekoturkistakki, hopeanharmaa &#8211; BELIEVE by tuula rossi","og_description":"Sarah Fur Silver Grey -hopeanharmaa unelmanpehme\u00e4 naisten luksus ekoturkistakki","og_url":"https:\/\/believebytuularossi.com\/fi\/tuote\/sarah-fur-silver-grey-unelmanpehmea-ekoturkistakki-hopeanharmaa\/","og_site_name":"BELIEVE by tuula rossi","article_publisher":"https:\/\/www.facebook.com\/believebytuularossi\/_gu3udgu0BZPTzcnU","og_image":[{"width":1366,"height":2048,"url":"https:\/\/believebytuularossi.com\/wp-content\/uploads\/2019\/08\/Sarah-Fur-Grey-AW19-4.jpg","type":"image\/jpeg"}],"twitter_card":"summary_large_image","schema":{"@context":"https:\/\/schema.org","@graph":[{"@type":"WebPage","@id":"https:\/\/believebytuularossi.com\/fi\/tuote\/sarah-fur-silver-grey-unelmanpehmea-ekoturkistakki-hopeanharmaa\/","url":"https:\/\/believebytuularossi.com\/fi\/tuote\/sarah-fur-silver-grey-unelmanpehmea-ekoturkistakki-hopeanharmaa\/","name":"Sarah Fur Silver Grey -unelmanpehme\u00e4 ekoturkistakki, hopeanharmaa &#8211; BELIEVE by tuula rossi","isPartOf":{"@id":"https:\/\/believebytuularossi.com\/fi\/#website"},"primaryImageOfPage":{"@id":"https:\/\/believebytuularossi.com\/fi\/tuote\/sarah-fur-silver-grey-unelmanpehmea-ekoturkistakki-hopeanharmaa\/#primaryimage"},"image":{"@id":"https:\/\/believebytuularossi.com\/fi\/tuote\/sarah-fur-silver-grey-unelmanpehmea-ekoturkistakki-hopeanharmaa\/#primaryimage"},"thumbnailUrl":"https:\/\/believebytuularossi.com\/wp-content\/uploads\/2019\/08\/Sarah-Fur-Grey-AW19-4.jpg","datePublished":"2019-08-28T15:20:49+00:00","description":"Sarah Fur Silver Grey -hopeanharmaa unelmanpehme\u00e4 naisten luksus ekoturkistakki","breadcrumb":{"@id":"https:\/\/believebytuularossi.com\/fi\/tuote\/sarah-fur-silver-grey-unelmanpehmea-ekoturkistakki-hopeanharmaa\/#breadcrumb"},"inLanguage":"fi","potentialAction":[{"@type":"ReadAction","target":["https:\/\/believebytuularossi.com\/fi\/tuote\/sarah-fur-silver-grey-unelmanpehmea-ekoturkistakki-hopeanharmaa\/"]}]},{"@type":"ImageObject","inLanguage":"fi","@id":"https:\/\/believebytuularossi.com\/fi\/tuote\/sarah-fur-silver-grey-unelmanpehmea-ekoturkistakki-hopeanharmaa\/#primaryimage","url":"https:\/\/believebytuularossi.com\/wp-content\/uploads\/2019\/08\/Sarah-Fur-Grey-AW19-4.jpg","contentUrl":"https:\/\/believebytuularossi.com\/wp-content\/uploads\/2019\/08\/Sarah-Fur-Grey-AW19-4.jpg","width":1366,"height":2048,"caption":"Sarah Fur Grey AW19 4"},{"@type":"BreadcrumbList","@id":"https:\/\/believebytuularossi.com\/fi\/tuote\/sarah-fur-silver-grey-unelmanpehmea-ekoturkistakki-hopeanharmaa\/#breadcrumb","itemListElement":[{"@type":"ListItem","position":1,"name":"Home","item":"https:\/\/believebytuularossi.com\/fi\/"},{"@type":"ListItem","position":2,"name":"Shop","item":"https:\/\/believebytuularossi.com\/shop\/"},{"@type":"ListItem","position":3,"name":"Sarah Fur Silver Grey -unelmanpehme\u00e4 ekoturkistakki, hopeanharmaa"}]},{"@type":"WebSite","@id":"https:\/\/believebytuularossi.com\/fi\/#website","url":"https:\/\/believebytuularossi.com\/fi\/","name":"BELIEVE by tuula rossi","description":"A unique, luxurious, original outerwear collection created by passion and love for today\u2019s fashionable woman and her desire for timeless style.          Perfect fit for the modern, feminine woman of any age.","publisher":{"@id":"https:\/\/believebytuularossi.com\/fi\/#organization"},"potentialAction":[{"@type":"SearchAction","target":{"@type":"EntryPoint","urlTemplate":"https:\/\/believebytuularossi.com\/fi\/?s={search_term_string}"},"query-input":{"@type":"PropertyValueSpecification","valueRequired":true,"valueName":"search_term_string"}}],"inLanguage":"fi"},{"@type":"Organization","@id":"https:\/\/believebytuularossi.com\/fi\/#organization","name":"BELIEVE by tuula rossi","url":"https:\/\/believebytuularossi.com\/fi\/","logo":{"@type":"ImageObject","inLanguage":"fi","@id":"https:\/\/believebytuularossi.com\/fi\/#\/schema\/logo\/image\/","url":"https:\/\/believebytuularossi.com\/wp-content\/uploads\/2018\/08\/rossi-logo_new.png","contentUrl":"https:\/\/believebytuularossi.com\/wp-content\/uploads\/2018\/08\/rossi-logo_new.png","width":300,"height":143,"caption":"BELIEVE by tuula rossi"},"image":{"@id":"https:\/\/believebytuularossi.com\/fi\/#\/schema\/logo\/image\/"},"sameAs":["https:\/\/www.facebook.com\/believebytuularossi\/_gu3udgu0BZPTzcnU","https:\/\/www.instagram.com\/believebytuularossi\/","https:\/\/www.pinterest.com\/believebytuularossi\/"]}]}},"_links":{"self":[{"href":"https:\/\/believebytuularossi.com\/fi\/wp-json\/wp\/v2\/product\/15880","targetHints":{"allow":["GET"]}}],"collection":[{"href":"https:\/\/believebytuularossi.com\/fi\/wp-json\/wp\/v2\/product"}],"about":[{"href":"https:\/\/believebytuularossi.com\/fi\/wp-json\/wp\/v2\/types\/product"}],"wp:featuredmedia":[{"embeddable":true,"href":"https:\/\/believebytuularossi.com\/fi\/wp-json\/wp\/v2\/media\/13531"}],"wp:attachment":[{"href":"https:\/\/believebytuularossi.com\/fi\/wp-json\/wp\/v2\/media?parent=15880"}],"wp:term":[{"taxonomy":"product_brand","embeddable":true,"href":"https:\/\/believebytuularossi.com\/fi\/wp-json\/wp\/v2\/product_brand?post=15880"},{"taxonomy":"product_cat","embeddable":true,"href":"https:\/\/believebytuularossi.com\/fi\/wp-json\/wp\/v2\/product_cat?post=15880"},{"taxonomy":"product_tag","embeddable":true,"href":"https:\/\/believebytuularossi.com\/fi\/wp-json\/wp\/v2\/product_tag?post=15880"}],"curies":[{"name":"wp","href":"https:\/\/api.w.org\/{rel}","templated":true}]}}