{"id":15932,"date":"2019-08-28T16:40:02","date_gmt":"2019-08-28T14:40:02","guid":{"rendered":"https:\/\/believebytuularossi.com\/product\/jade-winter-rose-tikattu-takki-turkisreunuksella-talviruusunvarinen\/"},"modified":"2025-10-09T18:35:24","modified_gmt":"2025-10-09T16:35:24","slug":"jade-winter-rose-tikattu-takki-turkisreunuksella-talviruusunvarinen","status":"publish","type":"product","link":"https:\/\/believebytuularossi.com\/fi\/tuote\/jade-winter-rose-tikattu-takki-turkisreunuksella-talviruusunvarinen\/","title":{"rendered":"Jade Winter Rose -tikattu takki turkisreunuksella, talviruusunv\u00e4rinen"},"content":{"rendered":"","protected":false},"excerpt":{"rendered":"<p>T\u00e4m\u00e4 ylellinen ja naisellinen Jade -takki upeassa talviruusun v\u00e4riss\u00e4 tekee sinusta oikean lumikuningattaren! T\u00e4t\u00e4 ihanaa takkia k\u00e4ytt\u00e4ess\u00e4si n\u00e4yt\u00e4t eritt\u00e4in tyylikk\u00e4\u00e4lt\u00e4 syksyn ja talven aikana! T\u00e4ss\u00e4 luksustakissa on uusi moderni ilme, joka viimeistelee tyyli\u00e4si. Ajaton Jade -p\u00e4\u00e4llystakki on valmistettu huippulaadukkaasta tikatusta materiaalista. Takissa on ihana unelmanpehme\u00e4 ekoturkki edess\u00e4 ja hupun sis\u00e4puolella, joka pit\u00e4\u00e4 sinut l\u00e4mpim\u00e4n\u00e4. Piilovetoketjullisten taskujen sis\u00e4ll\u00e4 voit tuntea ylellisen, pehme\u00e4n turkin l\u00e4mp\u00f6\u00e4! Hupun reunaa voi s\u00e4\u00e4t\u00e4\u00e4 joustavalla kiristysny\u00f6rill\u00e4. Tikkitakin sivuissa on kaunis kahdensuuntainen hopeanv\u00e4rinen vetoketju.<\/p>\n<p>Hihan pituus on hieman tavallista pidempi. S\u00e4\u00e4dett\u00e4v\u00e4t k\u00e4\u00e4nnett\u00e4v\u00e4t hihansuut turkisreunuksella takaavat t\u00e4ydellisen pituuden kaikenpituisille naisille.<\/p>\n<p>Jade -tikkiakki on suunniteltu n\u00e4ytt\u00e4m\u00e4\u00e4n upealta jokaisen naisen p\u00e4\u00e4ll\u00e4 t\u00e4ydellisen istuvuuden ansiosta!<\/p>\n","protected":false},"featured_media":13512,"template":"","meta":{"_acf_changed":false},"product_brand":[],"product_cat":[130],"product_tag":[],"class_list":{"0":"post-15932","1":"product","2":"type-product","3":"status-publish","4":"has-post-thumbnail","6":"product_cat-syksytakit-talvitakit","7":"pa_ewd_uwcf_colors-rose-fi","8":"pa_ewd_uwcf_sizes-34-fi","9":"pa_ewd_uwcf_sizes-36-fi","10":"pa_ewd_uwcf_sizes-38-fi","11":"pa_ewd_uwcf_sizes-40-fi","12":"pa_ewd_uwcf_sizes-42-fi","13":"pa_ewd_uwcf_sizes-44-fi","14":"pa_ewd_uwcf_sizes-46-fi","15":"pa_ewd_uwcf_sizes-48-fi","16":"pa_ewd_uwcf_sizes-50-fi","17":"pa_ewd_uwcf_sizes-52-fi","18":"pa_ewd_uwcf_sizes-54-fi","19":"pa_size-34-fi","20":"pa_size-36-fi","21":"pa_size-38-fi","22":"pa_size-40-fi","23":"pa_size-42-fi","24":"pa_size-44-fi","25":"pa_size-46-fi","26":"pa_size-48-fi","27":"pa_size-50-fi","28":"pa_size-52-fi","29":"pa_size-54-fi","30":"product_color-rose-fi","31":"product_size-34-fi","32":"product_size-36-fi","33":"product_size-38-fi","34":"product_size-40-fi","35":"product_size-42-fi","36":"product_size-44-fi","37":"product_size-46-fi","38":"product_size-48-fi","39":"product_size-50-fi","40":"product_size-52-fi","41":"product_size-54-fi","43":"first","44":"instock","45":"taxable","46":"shipping-taxable","47":"purchasable","48":"product-type-variable"},"acf":[],"yoast_head":"<!-- This site is optimized with the Yoast SEO plugin v27.5 - https:\/\/yoast.com\/product\/yoast-seo-wordpress\/ -->\n<title>Jade Winter Rose -tikattu takki turkisreunuksella, talviruusunv\u00e4rinen &#8211; BELIEVE by tuula rossi<\/title>\n<meta name=\"description\" content=\"Jade Winter Rose -l\u00e4mmin tikattu hupullinen naisten takki turkisreunuksella vaaleanpunaisena\" \/>\n<meta name=\"robots\" content=\"index, follow, max-snippet:-1, max-image-preview:large, max-video-preview:-1\" \/>\n<link rel=\"canonical\" href=\"https:\/\/believebytuularossi.com\/fi\/tuote\/jade-winter-rose-tikattu-takki-turkisreunuksella-talviruusunvarinen\/\" \/>\n<meta property=\"og:locale\" content=\"fi_FI\" \/>\n<meta property=\"og:type\" content=\"article\" \/>\n<meta property=\"og:title\" content=\"Jade Winter Rose -tikattu takki turkisreunuksella, talviruusunv\u00e4rinen &#8211; BELIEVE by tuula rossi\" \/>\n<meta property=\"og:description\" content=\"Jade Winter Rose -l\u00e4mmin tikattu hupullinen naisten takki turkisreunuksella vaaleanpunaisena\" \/>\n<meta property=\"og:url\" content=\"https:\/\/believebytuularossi.com\/fi\/tuote\/jade-winter-rose-tikattu-takki-turkisreunuksella-talviruusunvarinen\/\" \/>\n<meta property=\"og:site_name\" content=\"BELIEVE by tuula rossi\" \/>\n<meta property=\"article:publisher\" content=\"https:\/\/www.facebook.com\/believebytuularossi\/_gu3udgu0BZPTzcnU\" \/>\n<meta property=\"article:modified_time\" content=\"2025-10-09T16:35:24+00:00\" \/>\n<meta property=\"og:image\" content=\"https:\/\/believebytuularossi.com\/wp-content\/uploads\/2019\/08\/Jade-Winter-Rose-AW19-8-599x900.png\" \/>\n\t<meta property=\"og:image:width\" content=\"599\" \/>\n\t<meta property=\"og:image:height\" content=\"900\" \/>\n\t<meta property=\"og:image:type\" content=\"image\/png\" \/>\n<meta name=\"twitter:card\" content=\"summary_large_image\" \/>\n<meta name=\"twitter:label1\" content=\"Arvioitu lukuaika\" \/>\n\t<meta name=\"twitter:data1\" content=\"1 minuutti\" \/>\n<script type=\"application\/ld+json\" class=\"yoast-schema-graph\">{\"@context\":\"https:\\\/\\\/schema.org\",\"@graph\":[{\"@type\":\"WebPage\",\"@id\":\"https:\\\/\\\/believebytuularossi.com\\\/fi\\\/tuote\\\/jade-winter-rose-tikattu-takki-turkisreunuksella-talviruusunvarinen\\\/\",\"url\":\"https:\\\/\\\/believebytuularossi.com\\\/fi\\\/tuote\\\/jade-winter-rose-tikattu-takki-turkisreunuksella-talviruusunvarinen\\\/\",\"name\":\"Jade Winter Rose -tikattu takki turkisreunuksella, talviruusunv\u00e4rinen &#8211; BELIEVE by tuula rossi\",\"isPartOf\":{\"@id\":\"https:\\\/\\\/believebytuularossi.com\\\/fi\\\/#website\"},\"primaryImageOfPage\":{\"@id\":\"https:\\\/\\\/believebytuularossi.com\\\/fi\\\/tuote\\\/jade-winter-rose-tikattu-takki-turkisreunuksella-talviruusunvarinen\\\/#primaryimage\"},\"image\":{\"@id\":\"https:\\\/\\\/believebytuularossi.com\\\/fi\\\/tuote\\\/jade-winter-rose-tikattu-takki-turkisreunuksella-talviruusunvarinen\\\/#primaryimage\"},\"thumbnailUrl\":\"https:\\\/\\\/believebytuularossi.com\\\/wp-content\\\/uploads\\\/2019\\\/08\\\/Jade-Winter-Rose-AW19-8.png\",\"datePublished\":\"2019-08-28T14:40:02+00:00\",\"dateModified\":\"2025-10-09T16:35:24+00:00\",\"description\":\"Jade Winter Rose -l\u00e4mmin tikattu hupullinen naisten takki turkisreunuksella vaaleanpunaisena\",\"breadcrumb\":{\"@id\":\"https:\\\/\\\/believebytuularossi.com\\\/fi\\\/tuote\\\/jade-winter-rose-tikattu-takki-turkisreunuksella-talviruusunvarinen\\\/#breadcrumb\"},\"inLanguage\":\"fi\",\"potentialAction\":[{\"@type\":\"ReadAction\",\"target\":[\"https:\\\/\\\/believebytuularossi.com\\\/fi\\\/tuote\\\/jade-winter-rose-tikattu-takki-turkisreunuksella-talviruusunvarinen\\\/\"]}]},{\"@type\":\"ImageObject\",\"inLanguage\":\"fi\",\"@id\":\"https:\\\/\\\/believebytuularossi.com\\\/fi\\\/tuote\\\/jade-winter-rose-tikattu-takki-turkisreunuksella-talviruusunvarinen\\\/#primaryimage\",\"url\":\"https:\\\/\\\/believebytuularossi.com\\\/wp-content\\\/uploads\\\/2019\\\/08\\\/Jade-Winter-Rose-AW19-8.png\",\"contentUrl\":\"https:\\\/\\\/believebytuularossi.com\\\/wp-content\\\/uploads\\\/2019\\\/08\\\/Jade-Winter-Rose-AW19-8.png\",\"width\":3048,\"height\":4579,\"caption\":\"Jade Winter Rose AW19 8\"},{\"@type\":\"BreadcrumbList\",\"@id\":\"https:\\\/\\\/believebytuularossi.com\\\/fi\\\/tuote\\\/jade-winter-rose-tikattu-takki-turkisreunuksella-talviruusunvarinen\\\/#breadcrumb\",\"itemListElement\":[{\"@type\":\"ListItem\",\"position\":1,\"name\":\"Home\",\"item\":\"https:\\\/\\\/believebytuularossi.com\\\/fi\\\/\"},{\"@type\":\"ListItem\",\"position\":2,\"name\":\"Shop\",\"item\":\"https:\\\/\\\/believebytuularossi.com\\\/shop\\\/\"},{\"@type\":\"ListItem\",\"position\":3,\"name\":\"Jade Winter Rose -tikattu takki turkisreunuksella, talviruusunv\u00e4rinen\"}]},{\"@type\":\"WebSite\",\"@id\":\"https:\\\/\\\/believebytuularossi.com\\\/fi\\\/#website\",\"url\":\"https:\\\/\\\/believebytuularossi.com\\\/fi\\\/\",\"name\":\"BELIEVE by tuula rossi\",\"description\":\"A unique, luxurious, original outerwear collection created by passion and love for today\u2019s fashionable woman and her desire for timeless style.          Perfect fit for the modern, feminine woman of any age.\",\"publisher\":{\"@id\":\"https:\\\/\\\/believebytuularossi.com\\\/fi\\\/#organization\"},\"potentialAction\":[{\"@type\":\"SearchAction\",\"target\":{\"@type\":\"EntryPoint\",\"urlTemplate\":\"https:\\\/\\\/believebytuularossi.com\\\/fi\\\/?s={search_term_string}\"},\"query-input\":{\"@type\":\"PropertyValueSpecification\",\"valueRequired\":true,\"valueName\":\"search_term_string\"}}],\"inLanguage\":\"fi\"},{\"@type\":\"Organization\",\"@id\":\"https:\\\/\\\/believebytuularossi.com\\\/fi\\\/#organization\",\"name\":\"BELIEVE by tuula rossi\",\"url\":\"https:\\\/\\\/believebytuularossi.com\\\/fi\\\/\",\"logo\":{\"@type\":\"ImageObject\",\"inLanguage\":\"fi\",\"@id\":\"https:\\\/\\\/believebytuularossi.com\\\/fi\\\/#\\\/schema\\\/logo\\\/image\\\/\",\"url\":\"https:\\\/\\\/believebytuularossi.com\\\/wp-content\\\/uploads\\\/2018\\\/08\\\/rossi-logo_new.png\",\"contentUrl\":\"https:\\\/\\\/believebytuularossi.com\\\/wp-content\\\/uploads\\\/2018\\\/08\\\/rossi-logo_new.png\",\"width\":300,\"height\":143,\"caption\":\"BELIEVE by tuula rossi\"},\"image\":{\"@id\":\"https:\\\/\\\/believebytuularossi.com\\\/fi\\\/#\\\/schema\\\/logo\\\/image\\\/\"},\"sameAs\":[\"https:\\\/\\\/www.facebook.com\\\/believebytuularossi\\\/_gu3udgu0BZPTzcnU\",\"https:\\\/\\\/www.instagram.com\\\/believebytuularossi\\\/\",\"https:\\\/\\\/www.pinterest.com\\\/believebytuularossi\\\/\"]}]}<\/script>\n<!-- \/ Yoast SEO plugin. -->","yoast_head_json":{"title":"Jade Winter Rose -tikattu takki turkisreunuksella, talviruusunv\u00e4rinen &#8211; BELIEVE by tuula rossi","description":"Jade Winter Rose -l\u00e4mmin tikattu hupullinen naisten takki turkisreunuksella vaaleanpunaisena","robots":{"index":"index","follow":"follow","max-snippet":"max-snippet:-1","max-image-preview":"max-image-preview:large","max-video-preview":"max-video-preview:-1"},"canonical":"https:\/\/believebytuularossi.com\/fi\/tuote\/jade-winter-rose-tikattu-takki-turkisreunuksella-talviruusunvarinen\/","og_locale":"fi_FI","og_type":"article","og_title":"Jade Winter Rose -tikattu takki turkisreunuksella, talviruusunv\u00e4rinen &#8211; BELIEVE by tuula rossi","og_description":"Jade Winter Rose -l\u00e4mmin tikattu hupullinen naisten takki turkisreunuksella vaaleanpunaisena","og_url":"https:\/\/believebytuularossi.com\/fi\/tuote\/jade-winter-rose-tikattu-takki-turkisreunuksella-talviruusunvarinen\/","og_site_name":"BELIEVE by tuula rossi","article_publisher":"https:\/\/www.facebook.com\/believebytuularossi\/_gu3udgu0BZPTzcnU","article_modified_time":"2025-10-09T16:35:24+00:00","og_image":[{"width":599,"height":900,"url":"https:\/\/believebytuularossi.com\/wp-content\/uploads\/2019\/08\/Jade-Winter-Rose-AW19-8-599x900.png","type":"image\/png"}],"twitter_card":"summary_large_image","twitter_misc":{"Arvioitu lukuaika":"1 minuutti"},"schema":{"@context":"https:\/\/schema.org","@graph":[{"@type":"WebPage","@id":"https:\/\/believebytuularossi.com\/fi\/tuote\/jade-winter-rose-tikattu-takki-turkisreunuksella-talviruusunvarinen\/","url":"https:\/\/believebytuularossi.com\/fi\/tuote\/jade-winter-rose-tikattu-takki-turkisreunuksella-talviruusunvarinen\/","name":"Jade Winter Rose -tikattu takki turkisreunuksella, talviruusunv\u00e4rinen &#8211; BELIEVE by tuula rossi","isPartOf":{"@id":"https:\/\/believebytuularossi.com\/fi\/#website"},"primaryImageOfPage":{"@id":"https:\/\/believebytuularossi.com\/fi\/tuote\/jade-winter-rose-tikattu-takki-turkisreunuksella-talviruusunvarinen\/#primaryimage"},"image":{"@id":"https:\/\/believebytuularossi.com\/fi\/tuote\/jade-winter-rose-tikattu-takki-turkisreunuksella-talviruusunvarinen\/#primaryimage"},"thumbnailUrl":"https:\/\/believebytuularossi.com\/wp-content\/uploads\/2019\/08\/Jade-Winter-Rose-AW19-8.png","datePublished":"2019-08-28T14:40:02+00:00","dateModified":"2025-10-09T16:35:24+00:00","description":"Jade Winter Rose -l\u00e4mmin tikattu hupullinen naisten takki turkisreunuksella vaaleanpunaisena","breadcrumb":{"@id":"https:\/\/believebytuularossi.com\/fi\/tuote\/jade-winter-rose-tikattu-takki-turkisreunuksella-talviruusunvarinen\/#breadcrumb"},"inLanguage":"fi","potentialAction":[{"@type":"ReadAction","target":["https:\/\/believebytuularossi.com\/fi\/tuote\/jade-winter-rose-tikattu-takki-turkisreunuksella-talviruusunvarinen\/"]}]},{"@type":"ImageObject","inLanguage":"fi","@id":"https:\/\/believebytuularossi.com\/fi\/tuote\/jade-winter-rose-tikattu-takki-turkisreunuksella-talviruusunvarinen\/#primaryimage","url":"https:\/\/believebytuularossi.com\/wp-content\/uploads\/2019\/08\/Jade-Winter-Rose-AW19-8.png","contentUrl":"https:\/\/believebytuularossi.com\/wp-content\/uploads\/2019\/08\/Jade-Winter-Rose-AW19-8.png","width":3048,"height":4579,"caption":"Jade Winter Rose AW19 8"},{"@type":"BreadcrumbList","@id":"https:\/\/believebytuularossi.com\/fi\/tuote\/jade-winter-rose-tikattu-takki-turkisreunuksella-talviruusunvarinen\/#breadcrumb","itemListElement":[{"@type":"ListItem","position":1,"name":"Home","item":"https:\/\/believebytuularossi.com\/fi\/"},{"@type":"ListItem","position":2,"name":"Shop","item":"https:\/\/believebytuularossi.com\/shop\/"},{"@type":"ListItem","position":3,"name":"Jade Winter Rose -tikattu takki turkisreunuksella, talviruusunv\u00e4rinen"}]},{"@type":"WebSite","@id":"https:\/\/believebytuularossi.com\/fi\/#website","url":"https:\/\/believebytuularossi.com\/fi\/","name":"BELIEVE by tuula rossi","description":"A unique, luxurious, original outerwear collection created by passion and love for today\u2019s fashionable woman and her desire for timeless style.          Perfect fit for the modern, feminine woman of any age.","publisher":{"@id":"https:\/\/believebytuularossi.com\/fi\/#organization"},"potentialAction":[{"@type":"SearchAction","target":{"@type":"EntryPoint","urlTemplate":"https:\/\/believebytuularossi.com\/fi\/?s={search_term_string}"},"query-input":{"@type":"PropertyValueSpecification","valueRequired":true,"valueName":"search_term_string"}}],"inLanguage":"fi"},{"@type":"Organization","@id":"https:\/\/believebytuularossi.com\/fi\/#organization","name":"BELIEVE by tuula rossi","url":"https:\/\/believebytuularossi.com\/fi\/","logo":{"@type":"ImageObject","inLanguage":"fi","@id":"https:\/\/believebytuularossi.com\/fi\/#\/schema\/logo\/image\/","url":"https:\/\/believebytuularossi.com\/wp-content\/uploads\/2018\/08\/rossi-logo_new.png","contentUrl":"https:\/\/believebytuularossi.com\/wp-content\/uploads\/2018\/08\/rossi-logo_new.png","width":300,"height":143,"caption":"BELIEVE by tuula rossi"},"image":{"@id":"https:\/\/believebytuularossi.com\/fi\/#\/schema\/logo\/image\/"},"sameAs":["https:\/\/www.facebook.com\/believebytuularossi\/_gu3udgu0BZPTzcnU","https:\/\/www.instagram.com\/believebytuularossi\/","https:\/\/www.pinterest.com\/believebytuularossi\/"]}]}},"_links":{"self":[{"href":"https:\/\/believebytuularossi.com\/fi\/wp-json\/wp\/v2\/product\/15932","targetHints":{"allow":["GET"]}}],"collection":[{"href":"https:\/\/believebytuularossi.com\/fi\/wp-json\/wp\/v2\/product"}],"about":[{"href":"https:\/\/believebytuularossi.com\/fi\/wp-json\/wp\/v2\/types\/product"}],"wp:featuredmedia":[{"embeddable":true,"href":"https:\/\/believebytuularossi.com\/fi\/wp-json\/wp\/v2\/media\/13512"}],"wp:attachment":[{"href":"https:\/\/believebytuularossi.com\/fi\/wp-json\/wp\/v2\/media?parent=15932"}],"wp:term":[{"taxonomy":"product_brand","embeddable":true,"href":"https:\/\/believebytuularossi.com\/fi\/wp-json\/wp\/v2\/product_brand?post=15932"},{"taxonomy":"product_cat","embeddable":true,"href":"https:\/\/believebytuularossi.com\/fi\/wp-json\/wp\/v2\/product_cat?post=15932"},{"taxonomy":"product_tag","embeddable":true,"href":"https:\/\/believebytuularossi.com\/fi\/wp-json\/wp\/v2\/product_tag?post=15932"}],"curies":[{"name":"wp","href":"https:\/\/api.w.org\/{rel}","templated":true}]}}