{"id":15944,"date":"2019-08-28T16:35:02","date_gmt":"2019-08-28T14:35:02","guid":{"rendered":"https:\/\/believebytuularossi.com\/product\/jade-black-tikattu-takki-turkisreunuksella-musta\/"},"modified":"2025-10-09T18:38:16","modified_gmt":"2025-10-09T16:38:16","slug":"jade-black-tikattu-takki-turkisreunuksella-musta","status":"publish","type":"product","link":"https:\/\/believebytuularossi.com\/fi\/tuote\/jade-black-tikattu-takki-turkisreunuksella-musta\/","title":{"rendered":"Jade Black -tikattu takki turkisreunuksella, musta"},"content":{"rendered":"","protected":false},"excerpt":{"rendered":"<p>T\u00e4m\u00e4 ylellinen ja naisellinen Jade -takki tyylikk\u00e4\u00e4ss\u00e4 mustassa v\u00e4riss\u00e4 tekee sinusta oikean pop-t\u00e4hden! T\u00e4t\u00e4 ihanaa takkia k\u00e4ytt\u00e4ess\u00e4si n\u00e4yt\u00e4t eritt\u00e4in tyylikk\u00e4\u00e4lt\u00e4 syksyn ja talven aikana! T\u00e4ss\u00e4 luksustakissa on uusi moderni ilme, joka viimeistelee tyyli\u00e4si. Ajaton Jade -takki on valmistettu huippulaadukkaasta tikatusta materiaalista. Takissa on ihana unelmanpehme\u00e4 ekoturkki edess\u00e4 ja hupun sis\u00e4puolella, joka pit\u00e4\u00e4 sinut l\u00e4mpim\u00e4n\u00e4. Piilovetoketjullisten taskujen sis\u00e4ll\u00e4 voit tuntea ylellisen, pehme\u00e4n turkin l\u00e4mp\u00f6\u00e4! Hupun reunaa voi s\u00e4\u00e4t\u00e4\u00e4 joustavalla kiristysny\u00f6rill\u00e4. Takin sivuissa on kaunis kahdensuuntainen hopeanv\u00e4rinen vetoketju.<\/p>\n<p>Hihan pituus on hieman tavallista pidempi. S\u00e4\u00e4dett\u00e4v\u00e4t k\u00e4\u00e4nnett\u00e4v\u00e4t hihansuut turkisreunuksella takaavat t\u00e4ydellisen pituuden kaikenpituisille naisille.<\/p>\n<p>Jade -takki on suunniteltu n\u00e4ytt\u00e4m\u00e4\u00e4n upealta jokaisen naisen p\u00e4\u00e4ll\u00e4 t\u00e4ydellisen istuvuuden ansiosta!<\/p>\n","protected":false},"featured_media":13503,"template":"","meta":{"_acf_changed":false},"product_brand":[],"product_cat":[130],"product_tag":[],"class_list":{"0":"post-15944","1":"product","2":"type-product","3":"status-publish","4":"has-post-thumbnail","6":"product_cat-syksytakit-talvitakit","7":"pa_ewd_uwcf_colors-black","8":"pa_ewd_uwcf_colors-musta","9":"pa_ewd_uwcf_sizes-206","10":"pa_ewd_uwcf_sizes-34-fi","11":"pa_ewd_uwcf_sizes-181","12":"pa_ewd_uwcf_sizes-36-fi","13":"pa_ewd_uwcf_sizes-183","14":"pa_ewd_uwcf_sizes-38-fi","15":"pa_ewd_uwcf_sizes-185","16":"pa_ewd_uwcf_sizes-40-fi","17":"pa_ewd_uwcf_sizes-42-fi","18":"pa_ewd_uwcf_sizes-187","19":"pa_ewd_uwcf_sizes-44-fi","20":"pa_ewd_uwcf_sizes-189","21":"pa_ewd_uwcf_sizes-191","22":"pa_ewd_uwcf_sizes-46-fi","23":"pa_ewd_uwcf_sizes-193","24":"pa_ewd_uwcf_sizes-48-fi","25":"pa_ewd_uwcf_sizes-200","26":"pa_ewd_uwcf_sizes-50-fi","27":"pa_ewd_uwcf_sizes-52-fi","28":"pa_ewd_uwcf_sizes-202","29":"pa_ewd_uwcf_sizes-204","30":"pa_ewd_uwcf_sizes-54-fi","31":"pa_size-34-fi","32":"pa_size-36-fi","33":"pa_size-38-fi","34":"pa_size-40-fi","35":"pa_size-42-fi","36":"pa_size-44-fi","37":"pa_size-46-fi","38":"pa_size-48-fi","39":"pa_size-50-fi","40":"pa_size-52-fi","41":"pa_size-54-fi","42":"product_color-black-fi","43":"product_size-34-fi","44":"product_size-36-fi","45":"product_size-38-fi","46":"product_size-40-fi","47":"product_size-42-fi","48":"product_size-44-fi","49":"product_size-46-fi","50":"product_size-48-fi","51":"product_size-50-fi","52":"product_size-52-fi","53":"product_size-54-fi","55":"first","56":"instock","57":"taxable","58":"shipping-taxable","59":"purchasable","60":"product-type-variable"},"acf":[],"yoast_head":"<!-- This site is optimized with the Yoast SEO plugin v27.4 - https:\/\/yoast.com\/product\/yoast-seo-wordpress\/ -->\n<title>Jade Black -tikattu takki turkisreunuksella, musta &#8211; BELIEVE by tuula rossi<\/title>\n<meta name=\"description\" content=\"Jade Black -l\u00e4mmin tikattu hupullinen naisten takki turkisreunuksella mustana\" \/>\n<meta name=\"robots\" content=\"index, follow, max-snippet:-1, max-image-preview:large, max-video-preview:-1\" \/>\n<link rel=\"canonical\" href=\"https:\/\/believebytuularossi.com\/fi\/tuote\/jade-black-tikattu-takki-turkisreunuksella-musta\/\" \/>\n<meta property=\"og:locale\" content=\"fi_FI\" \/>\n<meta property=\"og:type\" content=\"article\" \/>\n<meta property=\"og:title\" content=\"Jade Black -tikattu takki turkisreunuksella, musta &#8211; BELIEVE by tuula rossi\" \/>\n<meta property=\"og:description\" content=\"Jade Black -l\u00e4mmin tikattu hupullinen naisten takki turkisreunuksella mustana\" \/>\n<meta property=\"og:url\" content=\"https:\/\/believebytuularossi.com\/fi\/tuote\/jade-black-tikattu-takki-turkisreunuksella-musta\/\" \/>\n<meta property=\"og:site_name\" content=\"BELIEVE by tuula rossi\" \/>\n<meta property=\"article:publisher\" content=\"https:\/\/www.facebook.com\/believebytuularossi\/_gu3udgu0BZPTzcnU\" \/>\n<meta property=\"article:modified_time\" content=\"2025-10-09T16:38:16+00:00\" \/>\n<meta property=\"og:image\" content=\"https:\/\/believebytuularossi.com\/wp-content\/uploads\/2019\/08\/Jade-Black-AW19-8-599x900.png\" \/>\n\t<meta property=\"og:image:width\" content=\"599\" \/>\n\t<meta property=\"og:image:height\" content=\"900\" \/>\n\t<meta property=\"og:image:type\" content=\"image\/png\" \/>\n<meta name=\"twitter:card\" content=\"summary_large_image\" \/>\n<meta name=\"twitter:label1\" content=\"Arvioitu lukuaika\" \/>\n\t<meta name=\"twitter:data1\" content=\"1 minuutti\" \/>\n<script type=\"application\/ld+json\" class=\"yoast-schema-graph\">{\"@context\":\"https:\\\/\\\/schema.org\",\"@graph\":[{\"@type\":\"WebPage\",\"@id\":\"https:\\\/\\\/believebytuularossi.com\\\/fi\\\/tuote\\\/jade-black-tikattu-takki-turkisreunuksella-musta\\\/\",\"url\":\"https:\\\/\\\/believebytuularossi.com\\\/fi\\\/tuote\\\/jade-black-tikattu-takki-turkisreunuksella-musta\\\/\",\"name\":\"Jade Black -tikattu takki turkisreunuksella, musta &#8211; BELIEVE by tuula rossi\",\"isPartOf\":{\"@id\":\"https:\\\/\\\/believebytuularossi.com\\\/fi\\\/#website\"},\"primaryImageOfPage\":{\"@id\":\"https:\\\/\\\/believebytuularossi.com\\\/fi\\\/tuote\\\/jade-black-tikattu-takki-turkisreunuksella-musta\\\/#primaryimage\"},\"image\":{\"@id\":\"https:\\\/\\\/believebytuularossi.com\\\/fi\\\/tuote\\\/jade-black-tikattu-takki-turkisreunuksella-musta\\\/#primaryimage\"},\"thumbnailUrl\":\"https:\\\/\\\/believebytuularossi.com\\\/wp-content\\\/uploads\\\/2019\\\/08\\\/Jade-Black-AW19-8.png\",\"datePublished\":\"2019-08-28T14:35:02+00:00\",\"dateModified\":\"2025-10-09T16:38:16+00:00\",\"description\":\"Jade Black -l\u00e4mmin tikattu hupullinen naisten takki turkisreunuksella mustana\",\"breadcrumb\":{\"@id\":\"https:\\\/\\\/believebytuularossi.com\\\/fi\\\/tuote\\\/jade-black-tikattu-takki-turkisreunuksella-musta\\\/#breadcrumb\"},\"inLanguage\":\"fi\",\"potentialAction\":[{\"@type\":\"ReadAction\",\"target\":[\"https:\\\/\\\/believebytuularossi.com\\\/fi\\\/tuote\\\/jade-black-tikattu-takki-turkisreunuksella-musta\\\/\"]}]},{\"@type\":\"ImageObject\",\"inLanguage\":\"fi\",\"@id\":\"https:\\\/\\\/believebytuularossi.com\\\/fi\\\/tuote\\\/jade-black-tikattu-takki-turkisreunuksella-musta\\\/#primaryimage\",\"url\":\"https:\\\/\\\/believebytuularossi.com\\\/wp-content\\\/uploads\\\/2019\\\/08\\\/Jade-Black-AW19-8.png\",\"contentUrl\":\"https:\\\/\\\/believebytuularossi.com\\\/wp-content\\\/uploads\\\/2019\\\/08\\\/Jade-Black-AW19-8.png\",\"width\":2959,\"height\":4445,\"caption\":\"Jade Black AW19 8\"},{\"@type\":\"BreadcrumbList\",\"@id\":\"https:\\\/\\\/believebytuularossi.com\\\/fi\\\/tuote\\\/jade-black-tikattu-takki-turkisreunuksella-musta\\\/#breadcrumb\",\"itemListElement\":[{\"@type\":\"ListItem\",\"position\":1,\"name\":\"Home\",\"item\":\"https:\\\/\\\/believebytuularossi.com\\\/fi\\\/\"},{\"@type\":\"ListItem\",\"position\":2,\"name\":\"Shop\",\"item\":\"https:\\\/\\\/believebytuularossi.com\\\/shop\\\/\"},{\"@type\":\"ListItem\",\"position\":3,\"name\":\"Jade Black -tikattu takki turkisreunuksella, musta\"}]},{\"@type\":\"WebSite\",\"@id\":\"https:\\\/\\\/believebytuularossi.com\\\/fi\\\/#website\",\"url\":\"https:\\\/\\\/believebytuularossi.com\\\/fi\\\/\",\"name\":\"BELIEVE by tuula rossi\",\"description\":\"A unique, luxurious, original outerwear collection created by passion and love for today\u2019s fashionable woman and her desire for timeless style.          Perfect fit for the modern, feminine woman of any age.\",\"publisher\":{\"@id\":\"https:\\\/\\\/believebytuularossi.com\\\/fi\\\/#organization\"},\"potentialAction\":[{\"@type\":\"SearchAction\",\"target\":{\"@type\":\"EntryPoint\",\"urlTemplate\":\"https:\\\/\\\/believebytuularossi.com\\\/fi\\\/?s={search_term_string}\"},\"query-input\":{\"@type\":\"PropertyValueSpecification\",\"valueRequired\":true,\"valueName\":\"search_term_string\"}}],\"inLanguage\":\"fi\"},{\"@type\":\"Organization\",\"@id\":\"https:\\\/\\\/believebytuularossi.com\\\/fi\\\/#organization\",\"name\":\"BELIEVE by tuula rossi\",\"url\":\"https:\\\/\\\/believebytuularossi.com\\\/fi\\\/\",\"logo\":{\"@type\":\"ImageObject\",\"inLanguage\":\"fi\",\"@id\":\"https:\\\/\\\/believebytuularossi.com\\\/fi\\\/#\\\/schema\\\/logo\\\/image\\\/\",\"url\":\"https:\\\/\\\/believebytuularossi.com\\\/wp-content\\\/uploads\\\/2018\\\/08\\\/rossi-logo_new.png\",\"contentUrl\":\"https:\\\/\\\/believebytuularossi.com\\\/wp-content\\\/uploads\\\/2018\\\/08\\\/rossi-logo_new.png\",\"width\":300,\"height\":143,\"caption\":\"BELIEVE by tuula rossi\"},\"image\":{\"@id\":\"https:\\\/\\\/believebytuularossi.com\\\/fi\\\/#\\\/schema\\\/logo\\\/image\\\/\"},\"sameAs\":[\"https:\\\/\\\/www.facebook.com\\\/believebytuularossi\\\/_gu3udgu0BZPTzcnU\",\"https:\\\/\\\/www.instagram.com\\\/believebytuularossi\\\/\",\"https:\\\/\\\/www.pinterest.com\\\/believebytuularossi\\\/\"]}]}<\/script>\n<!-- \/ Yoast SEO plugin. -->","yoast_head_json":{"title":"Jade Black -tikattu takki turkisreunuksella, musta &#8211; BELIEVE by tuula rossi","description":"Jade Black -l\u00e4mmin tikattu hupullinen naisten takki turkisreunuksella mustana","robots":{"index":"index","follow":"follow","max-snippet":"max-snippet:-1","max-image-preview":"max-image-preview:large","max-video-preview":"max-video-preview:-1"},"canonical":"https:\/\/believebytuularossi.com\/fi\/tuote\/jade-black-tikattu-takki-turkisreunuksella-musta\/","og_locale":"fi_FI","og_type":"article","og_title":"Jade Black -tikattu takki turkisreunuksella, musta &#8211; BELIEVE by tuula rossi","og_description":"Jade Black -l\u00e4mmin tikattu hupullinen naisten takki turkisreunuksella mustana","og_url":"https:\/\/believebytuularossi.com\/fi\/tuote\/jade-black-tikattu-takki-turkisreunuksella-musta\/","og_site_name":"BELIEVE by tuula rossi","article_publisher":"https:\/\/www.facebook.com\/believebytuularossi\/_gu3udgu0BZPTzcnU","article_modified_time":"2025-10-09T16:38:16+00:00","og_image":[{"width":599,"height":900,"url":"https:\/\/believebytuularossi.com\/wp-content\/uploads\/2019\/08\/Jade-Black-AW19-8-599x900.png","type":"image\/png"}],"twitter_card":"summary_large_image","twitter_misc":{"Arvioitu lukuaika":"1 minuutti"},"schema":{"@context":"https:\/\/schema.org","@graph":[{"@type":"WebPage","@id":"https:\/\/believebytuularossi.com\/fi\/tuote\/jade-black-tikattu-takki-turkisreunuksella-musta\/","url":"https:\/\/believebytuularossi.com\/fi\/tuote\/jade-black-tikattu-takki-turkisreunuksella-musta\/","name":"Jade Black -tikattu takki turkisreunuksella, musta &#8211; BELIEVE by tuula rossi","isPartOf":{"@id":"https:\/\/believebytuularossi.com\/fi\/#website"},"primaryImageOfPage":{"@id":"https:\/\/believebytuularossi.com\/fi\/tuote\/jade-black-tikattu-takki-turkisreunuksella-musta\/#primaryimage"},"image":{"@id":"https:\/\/believebytuularossi.com\/fi\/tuote\/jade-black-tikattu-takki-turkisreunuksella-musta\/#primaryimage"},"thumbnailUrl":"https:\/\/believebytuularossi.com\/wp-content\/uploads\/2019\/08\/Jade-Black-AW19-8.png","datePublished":"2019-08-28T14:35:02+00:00","dateModified":"2025-10-09T16:38:16+00:00","description":"Jade Black -l\u00e4mmin tikattu hupullinen naisten takki turkisreunuksella mustana","breadcrumb":{"@id":"https:\/\/believebytuularossi.com\/fi\/tuote\/jade-black-tikattu-takki-turkisreunuksella-musta\/#breadcrumb"},"inLanguage":"fi","potentialAction":[{"@type":"ReadAction","target":["https:\/\/believebytuularossi.com\/fi\/tuote\/jade-black-tikattu-takki-turkisreunuksella-musta\/"]}]},{"@type":"ImageObject","inLanguage":"fi","@id":"https:\/\/believebytuularossi.com\/fi\/tuote\/jade-black-tikattu-takki-turkisreunuksella-musta\/#primaryimage","url":"https:\/\/believebytuularossi.com\/wp-content\/uploads\/2019\/08\/Jade-Black-AW19-8.png","contentUrl":"https:\/\/believebytuularossi.com\/wp-content\/uploads\/2019\/08\/Jade-Black-AW19-8.png","width":2959,"height":4445,"caption":"Jade Black AW19 8"},{"@type":"BreadcrumbList","@id":"https:\/\/believebytuularossi.com\/fi\/tuote\/jade-black-tikattu-takki-turkisreunuksella-musta\/#breadcrumb","itemListElement":[{"@type":"ListItem","position":1,"name":"Home","item":"https:\/\/believebytuularossi.com\/fi\/"},{"@type":"ListItem","position":2,"name":"Shop","item":"https:\/\/believebytuularossi.com\/shop\/"},{"@type":"ListItem","position":3,"name":"Jade Black -tikattu takki turkisreunuksella, musta"}]},{"@type":"WebSite","@id":"https:\/\/believebytuularossi.com\/fi\/#website","url":"https:\/\/believebytuularossi.com\/fi\/","name":"BELIEVE by tuula rossi","description":"A unique, luxurious, original outerwear collection created by passion and love for today\u2019s fashionable woman and her desire for timeless style.          Perfect fit for the modern, feminine woman of any age.","publisher":{"@id":"https:\/\/believebytuularossi.com\/fi\/#organization"},"potentialAction":[{"@type":"SearchAction","target":{"@type":"EntryPoint","urlTemplate":"https:\/\/believebytuularossi.com\/fi\/?s={search_term_string}"},"query-input":{"@type":"PropertyValueSpecification","valueRequired":true,"valueName":"search_term_string"}}],"inLanguage":"fi"},{"@type":"Organization","@id":"https:\/\/believebytuularossi.com\/fi\/#organization","name":"BELIEVE by tuula rossi","url":"https:\/\/believebytuularossi.com\/fi\/","logo":{"@type":"ImageObject","inLanguage":"fi","@id":"https:\/\/believebytuularossi.com\/fi\/#\/schema\/logo\/image\/","url":"https:\/\/believebytuularossi.com\/wp-content\/uploads\/2018\/08\/rossi-logo_new.png","contentUrl":"https:\/\/believebytuularossi.com\/wp-content\/uploads\/2018\/08\/rossi-logo_new.png","width":300,"height":143,"caption":"BELIEVE by tuula rossi"},"image":{"@id":"https:\/\/believebytuularossi.com\/fi\/#\/schema\/logo\/image\/"},"sameAs":["https:\/\/www.facebook.com\/believebytuularossi\/_gu3udgu0BZPTzcnU","https:\/\/www.instagram.com\/believebytuularossi\/","https:\/\/www.pinterest.com\/believebytuularossi\/"]}]}},"_links":{"self":[{"href":"https:\/\/believebytuularossi.com\/fi\/wp-json\/wp\/v2\/product\/15944","targetHints":{"allow":["GET"]}}],"collection":[{"href":"https:\/\/believebytuularossi.com\/fi\/wp-json\/wp\/v2\/product"}],"about":[{"href":"https:\/\/believebytuularossi.com\/fi\/wp-json\/wp\/v2\/types\/product"}],"wp:featuredmedia":[{"embeddable":true,"href":"https:\/\/believebytuularossi.com\/fi\/wp-json\/wp\/v2\/media\/13503"}],"wp:attachment":[{"href":"https:\/\/believebytuularossi.com\/fi\/wp-json\/wp\/v2\/media?parent=15944"}],"wp:term":[{"taxonomy":"product_brand","embeddable":true,"href":"https:\/\/believebytuularossi.com\/fi\/wp-json\/wp\/v2\/product_brand?post=15944"},{"taxonomy":"product_cat","embeddable":true,"href":"https:\/\/believebytuularossi.com\/fi\/wp-json\/wp\/v2\/product_cat?post=15944"},{"taxonomy":"product_tag","embeddable":true,"href":"https:\/\/believebytuularossi.com\/fi\/wp-json\/wp\/v2\/product_tag?post=15944"}],"curies":[{"name":"wp","href":"https:\/\/api.w.org\/{rel}","templated":true}]}}