{"id":16072,"date":"2019-08-28T15:45:57","date_gmt":"2019-08-28T13:45:57","guid":{"rendered":"https:\/\/believebytuularossi.com\/product\/dawn-hood-purple-hupullinen-tikkitakki-purppuranvarinen\/"},"modified":"2019-08-28T15:45:57","modified_gmt":"2019-08-28T13:45:57","slug":"dawn-hood-purple-hupullinen-tikkitakki-purppuranvarinen","status":"publish","type":"product","link":"https:\/\/believebytuularossi.com\/fi\/tuote\/dawn-hood-purple-hupullinen-tikkitakki-purppuranvarinen\/","title":{"rendered":"Dawn Hood Purple &#8211; hupullinen tikkitakki, purppuranv\u00e4rinen"},"content":{"rendered":"","protected":false},"excerpt":{"rendered":"<p>Supersuosittu Dawn &#8211; tikkitakki sai monien naisien toivoman toiminnallisen hupun! Huppu on irrotettava tyylikk\u00e4\u00e4ll\u00e4 ylellisell\u00e4 kaksisuuntaisella vetoketjulla. Purppuran kaunis ajaton v\u00e4ri saa t\u00e4m\u00e4n p\u00e4\u00e4llystakin n\u00e4ytt\u00e4m\u00e4\u00e4n upealta. Dawn Hood -naisten takki imartelee vartaloasi koostasi riippumatta! T\u00e4m\u00e4 muodikas tikattu takki sopii t\u00e4ydellisesti kaikille, jotka rakastavat tyylik\u00e4st\u00e4 kaupunkityyli\u00e4, jossa on yksinkertainen, moderni kokonaisuus. Ylelliset pitk\u00e4t kaksinkertaiset taskut kaksisuuntaisilla vetoketjuilla saavat vy\u00f6t\u00e4r\u00f6si n\u00e4ytt\u00e4m\u00e4\u00e4n kapeammalta. T\u00e4ydellisen leikkauksen ansiosta voit tuntea olosi mukavaksi ja olla varma, ett\u00e4 n\u00e4yt\u00e4t hyv\u00e4lt\u00e4!<\/p>\n<p>Dawn -tikkitakin hihan pituus on hieman tavallista pidempi. Joustavat hihansuut takaavat t\u00e4ydellisen pituuden kaikille. Hihoissa on raikas keltainen vuori, joka on yksi BELIEVE by tuula rossi -malliston erityispiirteist\u00e4.<\/p>\n<p>Saatavana my\u00f6s mustana.<\/p>\n","protected":false},"featured_media":13450,"template":"","meta":{"_acf_changed":false},"product_brand":[],"product_cat":[130],"product_tag":[],"class_list":{"0":"post-16072","1":"product","2":"type-product","3":"status-publish","4":"has-post-thumbnail","6":"product_cat-syksytakit-talvitakit","7":"pa_ewd_uwcf_colors-violetti","8":"pa_size-34-fi","9":"pa_size-36-fi","10":"pa_size-38-fi","11":"pa_size-40-fi","12":"pa_size-42-fi","13":"pa_size-44-fi","14":"pa_size-46-fi","15":"pa_size-48-fi","16":"pa_size-50-fi","17":"pa_size-52-fi","18":"pa_size-54-fi","19":"product_color-purple-fi","21":"first","22":"instock","23":"taxable","24":"shipping-taxable","25":"purchasable","26":"product-type-variable"},"acf":[],"yoast_head":"<!-- This site is optimized with the Yoast SEO plugin v27.5 - https:\/\/yoast.com\/product\/yoast-seo-wordpress\/ -->\n<title>Dawn Hood Purple - hupullinen tikkitakki, purppuranv\u00e4rinen &#8211; BELIEVE by tuula rossi<\/title>\n<meta name=\"description\" content=\"Dawn Hood Purple - purppuranv\u00e4rinen hupullinen tikkitakki on moderni ja ajaton naisten takki, joka sopii t\u00e4ydellisesti kaikenkokoisille naisille\" \/>\n<meta name=\"robots\" content=\"index, follow, max-snippet:-1, max-image-preview:large, max-video-preview:-1\" \/>\n<link rel=\"canonical\" href=\"https:\/\/believebytuularossi.com\/fi\/tuote\/dawn-hood-purple-hupullinen-tikkitakki-purppuranvarinen\/\" \/>\n<meta property=\"og:locale\" content=\"fi_FI\" \/>\n<meta property=\"og:type\" content=\"article\" \/>\n<meta property=\"og:title\" content=\"Dawn Hood Purple - hupullinen tikkitakki, purppuranv\u00e4rinen &#8211; BELIEVE by tuula rossi\" \/>\n<meta property=\"og:description\" content=\"Dawn Hood Purple - purppuranv\u00e4rinen hupullinen tikkitakki on moderni ja ajaton naisten takki, joka sopii t\u00e4ydellisesti kaikenkokoisille naisille\" \/>\n<meta property=\"og:url\" content=\"https:\/\/believebytuularossi.com\/fi\/tuote\/dawn-hood-purple-hupullinen-tikkitakki-purppuranvarinen\/\" \/>\n<meta property=\"og:site_name\" content=\"BELIEVE by tuula rossi\" \/>\n<meta property=\"article:publisher\" content=\"https:\/\/www.facebook.com\/believebytuularossi\/_gu3udgu0BZPTzcnU\" \/>\n<meta property=\"og:image\" content=\"https:\/\/believebytuularossi.com\/wp-content\/uploads\/2019\/08\/Dawn-Hood-Purple-AW19-7-599x900.png\" \/>\n\t<meta property=\"og:image:width\" content=\"599\" \/>\n\t<meta property=\"og:image:height\" content=\"900\" \/>\n\t<meta property=\"og:image:type\" content=\"image\/png\" \/>\n<meta name=\"twitter:card\" content=\"summary_large_image\" \/>\n<script type=\"application\/ld+json\" class=\"yoast-schema-graph\">{\"@context\":\"https:\\\/\\\/schema.org\",\"@graph\":[{\"@type\":\"WebPage\",\"@id\":\"https:\\\/\\\/believebytuularossi.com\\\/fi\\\/tuote\\\/dawn-hood-purple-hupullinen-tikkitakki-purppuranvarinen\\\/\",\"url\":\"https:\\\/\\\/believebytuularossi.com\\\/fi\\\/tuote\\\/dawn-hood-purple-hupullinen-tikkitakki-purppuranvarinen\\\/\",\"name\":\"Dawn Hood Purple - hupullinen tikkitakki, purppuranv\u00e4rinen &#8211; BELIEVE by tuula rossi\",\"isPartOf\":{\"@id\":\"https:\\\/\\\/believebytuularossi.com\\\/fi\\\/#website\"},\"primaryImageOfPage\":{\"@id\":\"https:\\\/\\\/believebytuularossi.com\\\/fi\\\/tuote\\\/dawn-hood-purple-hupullinen-tikkitakki-purppuranvarinen\\\/#primaryimage\"},\"image\":{\"@id\":\"https:\\\/\\\/believebytuularossi.com\\\/fi\\\/tuote\\\/dawn-hood-purple-hupullinen-tikkitakki-purppuranvarinen\\\/#primaryimage\"},\"thumbnailUrl\":\"https:\\\/\\\/believebytuularossi.com\\\/wp-content\\\/uploads\\\/2019\\\/08\\\/Dawn-Hood-Purple-AW19-7.png\",\"datePublished\":\"2019-08-28T13:45:57+00:00\",\"description\":\"Dawn Hood Purple - purppuranv\u00e4rinen hupullinen tikkitakki on moderni ja ajaton naisten takki, joka sopii t\u00e4ydellisesti kaikenkokoisille naisille\",\"breadcrumb\":{\"@id\":\"https:\\\/\\\/believebytuularossi.com\\\/fi\\\/tuote\\\/dawn-hood-purple-hupullinen-tikkitakki-purppuranvarinen\\\/#breadcrumb\"},\"inLanguage\":\"fi\",\"potentialAction\":[{\"@type\":\"ReadAction\",\"target\":[\"https:\\\/\\\/believebytuularossi.com\\\/fi\\\/tuote\\\/dawn-hood-purple-hupullinen-tikkitakki-purppuranvarinen\\\/\"]}]},{\"@type\":\"ImageObject\",\"inLanguage\":\"fi\",\"@id\":\"https:\\\/\\\/believebytuularossi.com\\\/fi\\\/tuote\\\/dawn-hood-purple-hupullinen-tikkitakki-purppuranvarinen\\\/#primaryimage\",\"url\":\"https:\\\/\\\/believebytuularossi.com\\\/wp-content\\\/uploads\\\/2019\\\/08\\\/Dawn-Hood-Purple-AW19-7.png\",\"contentUrl\":\"https:\\\/\\\/believebytuularossi.com\\\/wp-content\\\/uploads\\\/2019\\\/08\\\/Dawn-Hood-Purple-AW19-7.png\",\"width\":2796,\"height\":4201,\"caption\":\"Dawn Hood Purple AW19 7\"},{\"@type\":\"BreadcrumbList\",\"@id\":\"https:\\\/\\\/believebytuularossi.com\\\/fi\\\/tuote\\\/dawn-hood-purple-hupullinen-tikkitakki-purppuranvarinen\\\/#breadcrumb\",\"itemListElement\":[{\"@type\":\"ListItem\",\"position\":1,\"name\":\"Home\",\"item\":\"https:\\\/\\\/believebytuularossi.com\\\/fi\\\/\"},{\"@type\":\"ListItem\",\"position\":2,\"name\":\"Shop\",\"item\":\"https:\\\/\\\/believebytuularossi.com\\\/shop\\\/\"},{\"@type\":\"ListItem\",\"position\":3,\"name\":\"Dawn Hood Purple &#8211; hupullinen tikkitakki, purppuranv\u00e4rinen\"}]},{\"@type\":\"WebSite\",\"@id\":\"https:\\\/\\\/believebytuularossi.com\\\/fi\\\/#website\",\"url\":\"https:\\\/\\\/believebytuularossi.com\\\/fi\\\/\",\"name\":\"BELIEVE by tuula rossi\",\"description\":\"A unique, luxurious, original outerwear collection created by passion and love for today\u2019s fashionable woman and her desire for timeless style.          Perfect fit for the modern, feminine woman of any age.\",\"publisher\":{\"@id\":\"https:\\\/\\\/believebytuularossi.com\\\/fi\\\/#organization\"},\"potentialAction\":[{\"@type\":\"SearchAction\",\"target\":{\"@type\":\"EntryPoint\",\"urlTemplate\":\"https:\\\/\\\/believebytuularossi.com\\\/fi\\\/?s={search_term_string}\"},\"query-input\":{\"@type\":\"PropertyValueSpecification\",\"valueRequired\":true,\"valueName\":\"search_term_string\"}}],\"inLanguage\":\"fi\"},{\"@type\":\"Organization\",\"@id\":\"https:\\\/\\\/believebytuularossi.com\\\/fi\\\/#organization\",\"name\":\"BELIEVE by tuula rossi\",\"url\":\"https:\\\/\\\/believebytuularossi.com\\\/fi\\\/\",\"logo\":{\"@type\":\"ImageObject\",\"inLanguage\":\"fi\",\"@id\":\"https:\\\/\\\/believebytuularossi.com\\\/fi\\\/#\\\/schema\\\/logo\\\/image\\\/\",\"url\":\"https:\\\/\\\/believebytuularossi.com\\\/wp-content\\\/uploads\\\/2018\\\/08\\\/rossi-logo_new.png\",\"contentUrl\":\"https:\\\/\\\/believebytuularossi.com\\\/wp-content\\\/uploads\\\/2018\\\/08\\\/rossi-logo_new.png\",\"width\":300,\"height\":143,\"caption\":\"BELIEVE by tuula rossi\"},\"image\":{\"@id\":\"https:\\\/\\\/believebytuularossi.com\\\/fi\\\/#\\\/schema\\\/logo\\\/image\\\/\"},\"sameAs\":[\"https:\\\/\\\/www.facebook.com\\\/believebytuularossi\\\/_gu3udgu0BZPTzcnU\",\"https:\\\/\\\/www.instagram.com\\\/believebytuularossi\\\/\",\"https:\\\/\\\/www.pinterest.com\\\/believebytuularossi\\\/\"]}]}<\/script>\n<!-- \/ Yoast SEO plugin. -->","yoast_head_json":{"title":"Dawn Hood Purple - hupullinen tikkitakki, purppuranv\u00e4rinen &#8211; BELIEVE by tuula rossi","description":"Dawn Hood Purple - purppuranv\u00e4rinen hupullinen tikkitakki on moderni ja ajaton naisten takki, joka sopii t\u00e4ydellisesti kaikenkokoisille naisille","robots":{"index":"index","follow":"follow","max-snippet":"max-snippet:-1","max-image-preview":"max-image-preview:large","max-video-preview":"max-video-preview:-1"},"canonical":"https:\/\/believebytuularossi.com\/fi\/tuote\/dawn-hood-purple-hupullinen-tikkitakki-purppuranvarinen\/","og_locale":"fi_FI","og_type":"article","og_title":"Dawn Hood Purple - hupullinen tikkitakki, purppuranv\u00e4rinen &#8211; BELIEVE by tuula rossi","og_description":"Dawn Hood Purple - purppuranv\u00e4rinen hupullinen tikkitakki on moderni ja ajaton naisten takki, joka sopii t\u00e4ydellisesti kaikenkokoisille naisille","og_url":"https:\/\/believebytuularossi.com\/fi\/tuote\/dawn-hood-purple-hupullinen-tikkitakki-purppuranvarinen\/","og_site_name":"BELIEVE by tuula rossi","article_publisher":"https:\/\/www.facebook.com\/believebytuularossi\/_gu3udgu0BZPTzcnU","og_image":[{"width":599,"height":900,"url":"https:\/\/believebytuularossi.com\/wp-content\/uploads\/2019\/08\/Dawn-Hood-Purple-AW19-7-599x900.png","type":"image\/png"}],"twitter_card":"summary_large_image","schema":{"@context":"https:\/\/schema.org","@graph":[{"@type":"WebPage","@id":"https:\/\/believebytuularossi.com\/fi\/tuote\/dawn-hood-purple-hupullinen-tikkitakki-purppuranvarinen\/","url":"https:\/\/believebytuularossi.com\/fi\/tuote\/dawn-hood-purple-hupullinen-tikkitakki-purppuranvarinen\/","name":"Dawn Hood Purple - hupullinen tikkitakki, purppuranv\u00e4rinen &#8211; BELIEVE by tuula rossi","isPartOf":{"@id":"https:\/\/believebytuularossi.com\/fi\/#website"},"primaryImageOfPage":{"@id":"https:\/\/believebytuularossi.com\/fi\/tuote\/dawn-hood-purple-hupullinen-tikkitakki-purppuranvarinen\/#primaryimage"},"image":{"@id":"https:\/\/believebytuularossi.com\/fi\/tuote\/dawn-hood-purple-hupullinen-tikkitakki-purppuranvarinen\/#primaryimage"},"thumbnailUrl":"https:\/\/believebytuularossi.com\/wp-content\/uploads\/2019\/08\/Dawn-Hood-Purple-AW19-7.png","datePublished":"2019-08-28T13:45:57+00:00","description":"Dawn Hood Purple - purppuranv\u00e4rinen hupullinen tikkitakki on moderni ja ajaton naisten takki, joka sopii t\u00e4ydellisesti kaikenkokoisille naisille","breadcrumb":{"@id":"https:\/\/believebytuularossi.com\/fi\/tuote\/dawn-hood-purple-hupullinen-tikkitakki-purppuranvarinen\/#breadcrumb"},"inLanguage":"fi","potentialAction":[{"@type":"ReadAction","target":["https:\/\/believebytuularossi.com\/fi\/tuote\/dawn-hood-purple-hupullinen-tikkitakki-purppuranvarinen\/"]}]},{"@type":"ImageObject","inLanguage":"fi","@id":"https:\/\/believebytuularossi.com\/fi\/tuote\/dawn-hood-purple-hupullinen-tikkitakki-purppuranvarinen\/#primaryimage","url":"https:\/\/believebytuularossi.com\/wp-content\/uploads\/2019\/08\/Dawn-Hood-Purple-AW19-7.png","contentUrl":"https:\/\/believebytuularossi.com\/wp-content\/uploads\/2019\/08\/Dawn-Hood-Purple-AW19-7.png","width":2796,"height":4201,"caption":"Dawn Hood Purple AW19 7"},{"@type":"BreadcrumbList","@id":"https:\/\/believebytuularossi.com\/fi\/tuote\/dawn-hood-purple-hupullinen-tikkitakki-purppuranvarinen\/#breadcrumb","itemListElement":[{"@type":"ListItem","position":1,"name":"Home","item":"https:\/\/believebytuularossi.com\/fi\/"},{"@type":"ListItem","position":2,"name":"Shop","item":"https:\/\/believebytuularossi.com\/shop\/"},{"@type":"ListItem","position":3,"name":"Dawn Hood Purple &#8211; hupullinen tikkitakki, purppuranv\u00e4rinen"}]},{"@type":"WebSite","@id":"https:\/\/believebytuularossi.com\/fi\/#website","url":"https:\/\/believebytuularossi.com\/fi\/","name":"BELIEVE by tuula rossi","description":"A unique, luxurious, original outerwear collection created by passion and love for today\u2019s fashionable woman and her desire for timeless style.          Perfect fit for the modern, feminine woman of any age.","publisher":{"@id":"https:\/\/believebytuularossi.com\/fi\/#organization"},"potentialAction":[{"@type":"SearchAction","target":{"@type":"EntryPoint","urlTemplate":"https:\/\/believebytuularossi.com\/fi\/?s={search_term_string}"},"query-input":{"@type":"PropertyValueSpecification","valueRequired":true,"valueName":"search_term_string"}}],"inLanguage":"fi"},{"@type":"Organization","@id":"https:\/\/believebytuularossi.com\/fi\/#organization","name":"BELIEVE by tuula rossi","url":"https:\/\/believebytuularossi.com\/fi\/","logo":{"@type":"ImageObject","inLanguage":"fi","@id":"https:\/\/believebytuularossi.com\/fi\/#\/schema\/logo\/image\/","url":"https:\/\/believebytuularossi.com\/wp-content\/uploads\/2018\/08\/rossi-logo_new.png","contentUrl":"https:\/\/believebytuularossi.com\/wp-content\/uploads\/2018\/08\/rossi-logo_new.png","width":300,"height":143,"caption":"BELIEVE by tuula rossi"},"image":{"@id":"https:\/\/believebytuularossi.com\/fi\/#\/schema\/logo\/image\/"},"sameAs":["https:\/\/www.facebook.com\/believebytuularossi\/_gu3udgu0BZPTzcnU","https:\/\/www.instagram.com\/believebytuularossi\/","https:\/\/www.pinterest.com\/believebytuularossi\/"]}]}},"_links":{"self":[{"href":"https:\/\/believebytuularossi.com\/fi\/wp-json\/wp\/v2\/product\/16072","targetHints":{"allow":["GET"]}}],"collection":[{"href":"https:\/\/believebytuularossi.com\/fi\/wp-json\/wp\/v2\/product"}],"about":[{"href":"https:\/\/believebytuularossi.com\/fi\/wp-json\/wp\/v2\/types\/product"}],"wp:featuredmedia":[{"embeddable":true,"href":"https:\/\/believebytuularossi.com\/fi\/wp-json\/wp\/v2\/media\/13450"}],"wp:attachment":[{"href":"https:\/\/believebytuularossi.com\/fi\/wp-json\/wp\/v2\/media?parent=16072"}],"wp:term":[{"taxonomy":"product_brand","embeddable":true,"href":"https:\/\/believebytuularossi.com\/fi\/wp-json\/wp\/v2\/product_brand?post=16072"},{"taxonomy":"product_cat","embeddable":true,"href":"https:\/\/believebytuularossi.com\/fi\/wp-json\/wp\/v2\/product_cat?post=16072"},{"taxonomy":"product_tag","embeddable":true,"href":"https:\/\/believebytuularossi.com\/fi\/wp-json\/wp\/v2\/product_tag?post=16072"}],"curies":[{"name":"wp","href":"https:\/\/api.w.org\/{rel}","templated":true}]}}