{"id":16180,"date":"2019-08-28T15:00:50","date_gmt":"2019-08-28T13:00:50","guid":{"rendered":"https:\/\/believebytuularossi.com\/product\/jessica-fur-black-joustava-tikattu-paallystakki-ekoturkisvuorella-musta\/"},"modified":"2019-08-28T15:00:50","modified_gmt":"2019-08-28T13:00:50","slug":"jessica-fur-black-joustava-tikattu-paallystakki-ekoturkisvuorella-musta","status":"publish","type":"product","link":"https:\/\/believebytuularossi.com\/fi\/tuote\/jessica-fur-black-joustava-tikattu-paallystakki-ekoturkisvuorella-musta\/","title":{"rendered":"Jessica Fur Black -joustava tikattu p\u00e4\u00e4llystakki ekoturkisvuorella, musta"},"content":{"rendered":"","protected":false},"excerpt":{"rendered":"<p>Jessica Fur on naisellinen takki pehme\u00e4ll\u00e4 tekoturkisvuorella, joka pit\u00e4\u00e4 sinut l\u00e4mpim\u00e4n\u00e4! T\u00e4m\u00e4 kaunis tikkitakki imartelee vartaloasi koostasi riippumatta! T\u00e4m\u00e4 moderni ja muodikas p\u00e4\u00e4llystakki sopii t\u00e4ydellisesti kaikille, jotka rakastavat kaupunkityyli\u00e4 ja yksinkertaisen moderneja vaatekokonaisuuksia. Kiilt\u00e4v\u00e4t hopeanv\u00e4riset kaksisuuntaiset vetoketjut antavat Jessicalle erityisen luksusilmeen. T\u00e4ydellisen leikkauksen ja joustavuuden ansiosta takkimateriaali on eritt\u00e4in mukava k\u00e4ytt\u00e4\u00e4.<\/p>\n<p>Jessica Fur -joustava p\u00e4\u00e4llystakki on ihanteellinen my\u00f6s pitemm\u00e4lle naiselle, sill\u00e4 hihan pituus on hieman tavallista pidempi. K\u00e4\u00e4nnett\u00e4v\u00e4t hihansuut takaavat t\u00e4ydellisen pituuden kaikenpituisille naisille.<\/p>\n","protected":false},"featured_media":12775,"template":"","meta":{"_acf_changed":false},"product_brand":[],"product_cat":[130],"product_tag":[],"class_list":{"0":"post-16180","1":"product","2":"type-product","3":"status-publish","4":"has-post-thumbnail","6":"product_cat-syksytakit-talvitakit","7":"pa_ewd_uwcf_colors-black","8":"pa_ewd_uwcf_colors-musta","9":"pa_size-34-fi","10":"pa_size-36-fi","11":"pa_size-38-fi","12":"pa_size-40-fi","13":"pa_size-42-fi","14":"pa_size-44-fi","15":"pa_size-46-fi","16":"pa_size-48-fi","17":"pa_size-50-fi","18":"pa_size-52-fi","19":"pa_size-54-fi","20":"product_color-black-fi","22":"first","23":"instock","24":"taxable","25":"shipping-taxable","26":"purchasable","27":"product-type-variable"},"acf":[],"yoast_head":"<!-- This site is optimized with the Yoast SEO plugin v27.4 - https:\/\/yoast.com\/product\/yoast-seo-wordpress\/ -->\n<title>Jessica Fur Black -joustava tikattu p\u00e4\u00e4llystakki ekoturkisvuorella, musta &#8211; BELIEVE by tuula rossi<\/title>\n<meta name=\"description\" content=\"Jessica Fur Black - musta joustava tikattu p\u00e4\u00e4llystakki ekoturkisvuorella on ylellisen l\u00e4mmin ja mukava\" \/>\n<meta name=\"robots\" content=\"index, follow, max-snippet:-1, max-image-preview:large, max-video-preview:-1\" \/>\n<link rel=\"canonical\" href=\"https:\/\/believebytuularossi.com\/fi\/tuote\/jessica-fur-black-joustava-tikattu-paallystakki-ekoturkisvuorella-musta\/\" \/>\n<meta property=\"og:locale\" content=\"fi_FI\" \/>\n<meta property=\"og:type\" content=\"article\" \/>\n<meta property=\"og:title\" content=\"Jessica Fur Black -joustava tikattu p\u00e4\u00e4llystakki ekoturkisvuorella, musta &#8211; BELIEVE by tuula rossi\" \/>\n<meta property=\"og:description\" content=\"Jessica Fur Black - musta joustava tikattu p\u00e4\u00e4llystakki ekoturkisvuorella on ylellisen l\u00e4mmin ja mukava\" \/>\n<meta property=\"og:url\" content=\"https:\/\/believebytuularossi.com\/fi\/tuote\/jessica-fur-black-joustava-tikattu-paallystakki-ekoturkisvuorella-musta\/\" \/>\n<meta property=\"og:site_name\" content=\"BELIEVE by tuula rossi\" \/>\n<meta property=\"article:publisher\" content=\"https:\/\/www.facebook.com\/believebytuularossi\/_gu3udgu0BZPTzcnU\" \/>\n<meta property=\"og:image\" content=\"https:\/\/believebytuularossi.com\/wp-content\/uploads\/2018\/08\/20171210-181325-Believe-by-Tuula-Rossi-3362-Edit-599x900.png\" \/>\n\t<meta property=\"og:image:width\" content=\"599\" \/>\n\t<meta property=\"og:image:height\" content=\"900\" \/>\n\t<meta property=\"og:image:type\" content=\"image\/png\" \/>\n<meta name=\"twitter:card\" content=\"summary_large_image\" \/>\n<script type=\"application\/ld+json\" class=\"yoast-schema-graph\">{\"@context\":\"https:\\\/\\\/schema.org\",\"@graph\":[{\"@type\":\"WebPage\",\"@id\":\"https:\\\/\\\/believebytuularossi.com\\\/fi\\\/tuote\\\/jessica-fur-black-joustava-tikattu-paallystakki-ekoturkisvuorella-musta\\\/\",\"url\":\"https:\\\/\\\/believebytuularossi.com\\\/fi\\\/tuote\\\/jessica-fur-black-joustava-tikattu-paallystakki-ekoturkisvuorella-musta\\\/\",\"name\":\"Jessica Fur Black -joustava tikattu p\u00e4\u00e4llystakki ekoturkisvuorella, musta &#8211; BELIEVE by tuula rossi\",\"isPartOf\":{\"@id\":\"https:\\\/\\\/believebytuularossi.com\\\/fi\\\/#website\"},\"primaryImageOfPage\":{\"@id\":\"https:\\\/\\\/believebytuularossi.com\\\/fi\\\/tuote\\\/jessica-fur-black-joustava-tikattu-paallystakki-ekoturkisvuorella-musta\\\/#primaryimage\"},\"image\":{\"@id\":\"https:\\\/\\\/believebytuularossi.com\\\/fi\\\/tuote\\\/jessica-fur-black-joustava-tikattu-paallystakki-ekoturkisvuorella-musta\\\/#primaryimage\"},\"thumbnailUrl\":\"https:\\\/\\\/believebytuularossi.com\\\/wp-content\\\/uploads\\\/2018\\\/08\\\/20171210-181325-Believe-by-Tuula-Rossi-3362-Edit.png\",\"datePublished\":\"2019-08-28T13:00:50+00:00\",\"description\":\"Jessica Fur Black - musta joustava tikattu p\u00e4\u00e4llystakki ekoturkisvuorella on ylellisen l\u00e4mmin ja mukava\",\"breadcrumb\":{\"@id\":\"https:\\\/\\\/believebytuularossi.com\\\/fi\\\/tuote\\\/jessica-fur-black-joustava-tikattu-paallystakki-ekoturkisvuorella-musta\\\/#breadcrumb\"},\"inLanguage\":\"fi\",\"potentialAction\":[{\"@type\":\"ReadAction\",\"target\":[\"https:\\\/\\\/believebytuularossi.com\\\/fi\\\/tuote\\\/jessica-fur-black-joustava-tikattu-paallystakki-ekoturkisvuorella-musta\\\/\"]}]},{\"@type\":\"ImageObject\",\"inLanguage\":\"fi\",\"@id\":\"https:\\\/\\\/believebytuularossi.com\\\/fi\\\/tuote\\\/jessica-fur-black-joustava-tikattu-paallystakki-ekoturkisvuorella-musta\\\/#primaryimage\",\"url\":\"https:\\\/\\\/believebytuularossi.com\\\/wp-content\\\/uploads\\\/2018\\\/08\\\/20171210-181325-Believe-by-Tuula-Rossi-3362-Edit.png\",\"contentUrl\":\"https:\\\/\\\/believebytuularossi.com\\\/wp-content\\\/uploads\\\/2018\\\/08\\\/20171210-181325-Believe-by-Tuula-Rossi-3362-Edit.png\",\"width\":3280,\"height\":4928,\"caption\":\"20171210 181325 Believe by Tuula Rossi 3362 Edit\"},{\"@type\":\"BreadcrumbList\",\"@id\":\"https:\\\/\\\/believebytuularossi.com\\\/fi\\\/tuote\\\/jessica-fur-black-joustava-tikattu-paallystakki-ekoturkisvuorella-musta\\\/#breadcrumb\",\"itemListElement\":[{\"@type\":\"ListItem\",\"position\":1,\"name\":\"Home\",\"item\":\"https:\\\/\\\/believebytuularossi.com\\\/fi\\\/\"},{\"@type\":\"ListItem\",\"position\":2,\"name\":\"Shop\",\"item\":\"https:\\\/\\\/believebytuularossi.com\\\/shop\\\/\"},{\"@type\":\"ListItem\",\"position\":3,\"name\":\"Jessica Fur Black -joustava tikattu p\u00e4\u00e4llystakki ekoturkisvuorella, musta\"}]},{\"@type\":\"WebSite\",\"@id\":\"https:\\\/\\\/believebytuularossi.com\\\/fi\\\/#website\",\"url\":\"https:\\\/\\\/believebytuularossi.com\\\/fi\\\/\",\"name\":\"BELIEVE by tuula rossi\",\"description\":\"A unique, luxurious, original outerwear collection created by passion and love for today\u2019s fashionable woman and her desire for timeless style.          Perfect fit for the modern, feminine woman of any age.\",\"publisher\":{\"@id\":\"https:\\\/\\\/believebytuularossi.com\\\/fi\\\/#organization\"},\"potentialAction\":[{\"@type\":\"SearchAction\",\"target\":{\"@type\":\"EntryPoint\",\"urlTemplate\":\"https:\\\/\\\/believebytuularossi.com\\\/fi\\\/?s={search_term_string}\"},\"query-input\":{\"@type\":\"PropertyValueSpecification\",\"valueRequired\":true,\"valueName\":\"search_term_string\"}}],\"inLanguage\":\"fi\"},{\"@type\":\"Organization\",\"@id\":\"https:\\\/\\\/believebytuularossi.com\\\/fi\\\/#organization\",\"name\":\"BELIEVE by tuula rossi\",\"url\":\"https:\\\/\\\/believebytuularossi.com\\\/fi\\\/\",\"logo\":{\"@type\":\"ImageObject\",\"inLanguage\":\"fi\",\"@id\":\"https:\\\/\\\/believebytuularossi.com\\\/fi\\\/#\\\/schema\\\/logo\\\/image\\\/\",\"url\":\"https:\\\/\\\/believebytuularossi.com\\\/wp-content\\\/uploads\\\/2018\\\/08\\\/rossi-logo_new.png\",\"contentUrl\":\"https:\\\/\\\/believebytuularossi.com\\\/wp-content\\\/uploads\\\/2018\\\/08\\\/rossi-logo_new.png\",\"width\":300,\"height\":143,\"caption\":\"BELIEVE by tuula rossi\"},\"image\":{\"@id\":\"https:\\\/\\\/believebytuularossi.com\\\/fi\\\/#\\\/schema\\\/logo\\\/image\\\/\"},\"sameAs\":[\"https:\\\/\\\/www.facebook.com\\\/believebytuularossi\\\/_gu3udgu0BZPTzcnU\",\"https:\\\/\\\/www.instagram.com\\\/believebytuularossi\\\/\",\"https:\\\/\\\/www.pinterest.com\\\/believebytuularossi\\\/\"]}]}<\/script>\n<!-- \/ Yoast SEO plugin. -->","yoast_head_json":{"title":"Jessica Fur Black -joustava tikattu p\u00e4\u00e4llystakki ekoturkisvuorella, musta &#8211; BELIEVE by tuula rossi","description":"Jessica Fur Black - musta joustava tikattu p\u00e4\u00e4llystakki ekoturkisvuorella on ylellisen l\u00e4mmin ja mukava","robots":{"index":"index","follow":"follow","max-snippet":"max-snippet:-1","max-image-preview":"max-image-preview:large","max-video-preview":"max-video-preview:-1"},"canonical":"https:\/\/believebytuularossi.com\/fi\/tuote\/jessica-fur-black-joustava-tikattu-paallystakki-ekoturkisvuorella-musta\/","og_locale":"fi_FI","og_type":"article","og_title":"Jessica Fur Black -joustava tikattu p\u00e4\u00e4llystakki ekoturkisvuorella, musta &#8211; BELIEVE by tuula rossi","og_description":"Jessica Fur Black - musta joustava tikattu p\u00e4\u00e4llystakki ekoturkisvuorella on ylellisen l\u00e4mmin ja mukava","og_url":"https:\/\/believebytuularossi.com\/fi\/tuote\/jessica-fur-black-joustava-tikattu-paallystakki-ekoturkisvuorella-musta\/","og_site_name":"BELIEVE by tuula rossi","article_publisher":"https:\/\/www.facebook.com\/believebytuularossi\/_gu3udgu0BZPTzcnU","og_image":[{"width":599,"height":900,"url":"https:\/\/believebytuularossi.com\/wp-content\/uploads\/2018\/08\/20171210-181325-Believe-by-Tuula-Rossi-3362-Edit-599x900.png","type":"image\/png"}],"twitter_card":"summary_large_image","schema":{"@context":"https:\/\/schema.org","@graph":[{"@type":"WebPage","@id":"https:\/\/believebytuularossi.com\/fi\/tuote\/jessica-fur-black-joustava-tikattu-paallystakki-ekoturkisvuorella-musta\/","url":"https:\/\/believebytuularossi.com\/fi\/tuote\/jessica-fur-black-joustava-tikattu-paallystakki-ekoturkisvuorella-musta\/","name":"Jessica Fur Black -joustava tikattu p\u00e4\u00e4llystakki ekoturkisvuorella, musta &#8211; BELIEVE by tuula rossi","isPartOf":{"@id":"https:\/\/believebytuularossi.com\/fi\/#website"},"primaryImageOfPage":{"@id":"https:\/\/believebytuularossi.com\/fi\/tuote\/jessica-fur-black-joustava-tikattu-paallystakki-ekoturkisvuorella-musta\/#primaryimage"},"image":{"@id":"https:\/\/believebytuularossi.com\/fi\/tuote\/jessica-fur-black-joustava-tikattu-paallystakki-ekoturkisvuorella-musta\/#primaryimage"},"thumbnailUrl":"https:\/\/believebytuularossi.com\/wp-content\/uploads\/2018\/08\/20171210-181325-Believe-by-Tuula-Rossi-3362-Edit.png","datePublished":"2019-08-28T13:00:50+00:00","description":"Jessica Fur Black - musta joustava tikattu p\u00e4\u00e4llystakki ekoturkisvuorella on ylellisen l\u00e4mmin ja mukava","breadcrumb":{"@id":"https:\/\/believebytuularossi.com\/fi\/tuote\/jessica-fur-black-joustava-tikattu-paallystakki-ekoturkisvuorella-musta\/#breadcrumb"},"inLanguage":"fi","potentialAction":[{"@type":"ReadAction","target":["https:\/\/believebytuularossi.com\/fi\/tuote\/jessica-fur-black-joustava-tikattu-paallystakki-ekoturkisvuorella-musta\/"]}]},{"@type":"ImageObject","inLanguage":"fi","@id":"https:\/\/believebytuularossi.com\/fi\/tuote\/jessica-fur-black-joustava-tikattu-paallystakki-ekoturkisvuorella-musta\/#primaryimage","url":"https:\/\/believebytuularossi.com\/wp-content\/uploads\/2018\/08\/20171210-181325-Believe-by-Tuula-Rossi-3362-Edit.png","contentUrl":"https:\/\/believebytuularossi.com\/wp-content\/uploads\/2018\/08\/20171210-181325-Believe-by-Tuula-Rossi-3362-Edit.png","width":3280,"height":4928,"caption":"20171210 181325 Believe by Tuula Rossi 3362 Edit"},{"@type":"BreadcrumbList","@id":"https:\/\/believebytuularossi.com\/fi\/tuote\/jessica-fur-black-joustava-tikattu-paallystakki-ekoturkisvuorella-musta\/#breadcrumb","itemListElement":[{"@type":"ListItem","position":1,"name":"Home","item":"https:\/\/believebytuularossi.com\/fi\/"},{"@type":"ListItem","position":2,"name":"Shop","item":"https:\/\/believebytuularossi.com\/shop\/"},{"@type":"ListItem","position":3,"name":"Jessica Fur Black -joustava tikattu p\u00e4\u00e4llystakki ekoturkisvuorella, musta"}]},{"@type":"WebSite","@id":"https:\/\/believebytuularossi.com\/fi\/#website","url":"https:\/\/believebytuularossi.com\/fi\/","name":"BELIEVE by tuula rossi","description":"A unique, luxurious, original outerwear collection created by passion and love for today\u2019s fashionable woman and her desire for timeless style.          Perfect fit for the modern, feminine woman of any age.","publisher":{"@id":"https:\/\/believebytuularossi.com\/fi\/#organization"},"potentialAction":[{"@type":"SearchAction","target":{"@type":"EntryPoint","urlTemplate":"https:\/\/believebytuularossi.com\/fi\/?s={search_term_string}"},"query-input":{"@type":"PropertyValueSpecification","valueRequired":true,"valueName":"search_term_string"}}],"inLanguage":"fi"},{"@type":"Organization","@id":"https:\/\/believebytuularossi.com\/fi\/#organization","name":"BELIEVE by tuula rossi","url":"https:\/\/believebytuularossi.com\/fi\/","logo":{"@type":"ImageObject","inLanguage":"fi","@id":"https:\/\/believebytuularossi.com\/fi\/#\/schema\/logo\/image\/","url":"https:\/\/believebytuularossi.com\/wp-content\/uploads\/2018\/08\/rossi-logo_new.png","contentUrl":"https:\/\/believebytuularossi.com\/wp-content\/uploads\/2018\/08\/rossi-logo_new.png","width":300,"height":143,"caption":"BELIEVE by tuula rossi"},"image":{"@id":"https:\/\/believebytuularossi.com\/fi\/#\/schema\/logo\/image\/"},"sameAs":["https:\/\/www.facebook.com\/believebytuularossi\/_gu3udgu0BZPTzcnU","https:\/\/www.instagram.com\/believebytuularossi\/","https:\/\/www.pinterest.com\/believebytuularossi\/"]}]}},"_links":{"self":[{"href":"https:\/\/believebytuularossi.com\/fi\/wp-json\/wp\/v2\/product\/16180","targetHints":{"allow":["GET"]}}],"collection":[{"href":"https:\/\/believebytuularossi.com\/fi\/wp-json\/wp\/v2\/product"}],"about":[{"href":"https:\/\/believebytuularossi.com\/fi\/wp-json\/wp\/v2\/types\/product"}],"wp:featuredmedia":[{"embeddable":true,"href":"https:\/\/believebytuularossi.com\/fi\/wp-json\/wp\/v2\/media\/12775"}],"wp:attachment":[{"href":"https:\/\/believebytuularossi.com\/fi\/wp-json\/wp\/v2\/media?parent=16180"}],"wp:term":[{"taxonomy":"product_brand","embeddable":true,"href":"https:\/\/believebytuularossi.com\/fi\/wp-json\/wp\/v2\/product_brand?post=16180"},{"taxonomy":"product_cat","embeddable":true,"href":"https:\/\/believebytuularossi.com\/fi\/wp-json\/wp\/v2\/product_cat?post=16180"},{"taxonomy":"product_tag","embeddable":true,"href":"https:\/\/believebytuularossi.com\/fi\/wp-json\/wp\/v2\/product_tag?post=16180"}],"curies":[{"name":"wp","href":"https:\/\/api.w.org\/{rel}","templated":true}]}}