{"id":16204,"date":"2019-08-28T14:50:56","date_gmt":"2019-08-28T12:50:56","guid":{"rendered":"https:\/\/believebytuularossi.com\/product\/carrie-steel-grey-pitka-tikattu-paallystakki-teraksenharmaa\/"},"modified":"2019-08-28T14:50:56","modified_gmt":"2019-08-28T12:50:56","slug":"carrie-steel-grey-pitka-tikattu-paallystakki-teraksenharmaa","status":"publish","type":"product","link":"https:\/\/believebytuularossi.com\/fi\/tuote\/carrie-steel-grey-pitka-tikattu-paallystakki-teraksenharmaa\/","title":{"rendered":"Carrie Steel Grey &#8211; pitk\u00e4 tikattu p\u00e4\u00e4llystakki, ter\u00e4ksenharmaa"},"content":{"rendered":"","protected":false},"excerpt":{"rendered":"<p>T\u00e4st\u00e4 hienosta kevyest\u00e4 hupullisesta takista on tullut suosikkitakki modernien naisten vaatekaapissa! Carrie -takissa on ainutlaatuinen istuvuus ja se imartelee vartaloasi koostasi riippumatta! Muodikas Carrie -tikkitakki on t\u00e4ydellinen kaikille, jotka rakastavat tyylikk\u00e4it\u00e4 urbaanisia vaatteita ja yksinkertaisia, elegantteja asukokonaisuuksia. Ylelliset kaksisuuntaiset vetoketjut taskuissa saavat vy\u00f6t\u00e4r\u00f6si n\u00e4ytt\u00e4m\u00e4\u00e4n kapeammalta. T\u00e4ydellisen leikkauksen ansiosta voit tuntea olosi mukavaksi ja n\u00e4ytt\u00e4\u00e4 hyv\u00e4lt\u00e4!<\/p>\n<p>Carrie Modern Ball -kuosilla tikattu p\u00e4\u00e4llystakki on ihanteellinen my\u00f6s pitemmille naisille, sill\u00e4 hihan pituus on hieman tavallista pidempi. Joustavat hihansuut takaavat t\u00e4ydellisen pituuden kaiken pituisille naisille. Hihoissa on raikas keltainen vuori, joka on yksi BELIEVE by tuula rossi -malliston erityispiirteist\u00e4.<\/p>\n","protected":false},"featured_media":13125,"template":"","meta":{"_acf_changed":false},"product_brand":[],"product_cat":[130],"product_tag":[],"class_list":{"0":"post-16204","1":"product","2":"type-product","3":"status-publish","4":"has-post-thumbnail","6":"product_cat-syksytakit-talvitakit","7":"pa_ewd_uwcf_colors-teraksen-harmaa","8":"pa_size-34-fi","9":"pa_size-36-fi","10":"pa_size-38-fi","11":"pa_size-40-fi","12":"pa_size-42-fi","13":"pa_size-44-fi","14":"pa_size-46-fi","15":"pa_size-48-fi","16":"pa_size-50-fi","17":"pa_size-52-fi","18":"pa_size-54-fi","19":"product_color-steel-grey-fi","21":"first","22":"instock","23":"taxable","24":"shipping-taxable","25":"purchasable","26":"product-type-variable"},"acf":[],"yoast_head":"<!-- This site is optimized with the Yoast SEO plugin v27.3 - https:\/\/yoast.com\/product\/yoast-seo-wordpress\/ -->\n<title>Carrie Steel Grey - pitk\u00e4 tikattu p\u00e4\u00e4llystakki, ter\u00e4ksenharmaa &#8211; BELIEVE by tuula rossi<\/title>\n<meta name=\"description\" content=\"Carrie Steel Grey - tummanharmaa pitk\u00e4 tikattu naisten p\u00e4\u00e4llystakki on ihanteellinen kaiken kokoisille ja pituisille naisille\" \/>\n<meta name=\"robots\" content=\"index, follow, max-snippet:-1, max-image-preview:large, max-video-preview:-1\" \/>\n<link rel=\"canonical\" href=\"https:\/\/believebytuularossi.com\/fi\/tuote\/carrie-steel-grey-pitka-tikattu-paallystakki-teraksenharmaa\/\" \/>\n<meta property=\"og:locale\" content=\"fi_FI\" \/>\n<meta property=\"og:type\" content=\"article\" \/>\n<meta property=\"og:title\" content=\"Carrie Steel Grey - pitk\u00e4 tikattu p\u00e4\u00e4llystakki, ter\u00e4ksenharmaa &#8211; BELIEVE by tuula rossi\" \/>\n<meta property=\"og:description\" content=\"Carrie Steel Grey - tummanharmaa pitk\u00e4 tikattu naisten p\u00e4\u00e4llystakki on ihanteellinen kaiken kokoisille ja pituisille naisille\" \/>\n<meta property=\"og:url\" content=\"https:\/\/believebytuularossi.com\/fi\/tuote\/carrie-steel-grey-pitka-tikattu-paallystakki-teraksenharmaa\/\" \/>\n<meta property=\"og:site_name\" content=\"BELIEVE by tuula rossi\" \/>\n<meta property=\"article:publisher\" content=\"https:\/\/www.facebook.com\/believebytuularossi\/_gu3udgu0BZPTzcnU\" \/>\n<meta property=\"og:image\" content=\"https:\/\/believebytuularossi.com\/wp-content\/uploads\/2018\/09\/20171210-130628-Believe-by-Tuula-Rossi-0557-Edit-Edit.png\" \/>\n\t<meta property=\"og:image:width\" content=\"682\" \/>\n\t<meta property=\"og:image:height\" content=\"1024\" \/>\n\t<meta property=\"og:image:type\" content=\"image\/png\" \/>\n<meta name=\"twitter:card\" content=\"summary_large_image\" \/>\n<script type=\"application\/ld+json\" class=\"yoast-schema-graph\">{\"@context\":\"https:\\\/\\\/schema.org\",\"@graph\":[{\"@type\":\"WebPage\",\"@id\":\"https:\\\/\\\/believebytuularossi.com\\\/fi\\\/tuote\\\/carrie-steel-grey-pitka-tikattu-paallystakki-teraksenharmaa\\\/\",\"url\":\"https:\\\/\\\/believebytuularossi.com\\\/fi\\\/tuote\\\/carrie-steel-grey-pitka-tikattu-paallystakki-teraksenharmaa\\\/\",\"name\":\"Carrie Steel Grey - pitk\u00e4 tikattu p\u00e4\u00e4llystakki, ter\u00e4ksenharmaa &#8211; BELIEVE by tuula rossi\",\"isPartOf\":{\"@id\":\"https:\\\/\\\/believebytuularossi.com\\\/fi\\\/#website\"},\"primaryImageOfPage\":{\"@id\":\"https:\\\/\\\/believebytuularossi.com\\\/fi\\\/tuote\\\/carrie-steel-grey-pitka-tikattu-paallystakki-teraksenharmaa\\\/#primaryimage\"},\"image\":{\"@id\":\"https:\\\/\\\/believebytuularossi.com\\\/fi\\\/tuote\\\/carrie-steel-grey-pitka-tikattu-paallystakki-teraksenharmaa\\\/#primaryimage\"},\"thumbnailUrl\":\"https:\\\/\\\/believebytuularossi.com\\\/wp-content\\\/uploads\\\/2018\\\/09\\\/20171210-130628-Believe-by-Tuula-Rossi-0557-Edit-Edit.png\",\"datePublished\":\"2019-08-28T12:50:56+00:00\",\"description\":\"Carrie Steel Grey - tummanharmaa pitk\u00e4 tikattu naisten p\u00e4\u00e4llystakki on ihanteellinen kaiken kokoisille ja pituisille naisille\",\"breadcrumb\":{\"@id\":\"https:\\\/\\\/believebytuularossi.com\\\/fi\\\/tuote\\\/carrie-steel-grey-pitka-tikattu-paallystakki-teraksenharmaa\\\/#breadcrumb\"},\"inLanguage\":\"fi\",\"potentialAction\":[{\"@type\":\"ReadAction\",\"target\":[\"https:\\\/\\\/believebytuularossi.com\\\/fi\\\/tuote\\\/carrie-steel-grey-pitka-tikattu-paallystakki-teraksenharmaa\\\/\"]}]},{\"@type\":\"ImageObject\",\"inLanguage\":\"fi\",\"@id\":\"https:\\\/\\\/believebytuularossi.com\\\/fi\\\/tuote\\\/carrie-steel-grey-pitka-tikattu-paallystakki-teraksenharmaa\\\/#primaryimage\",\"url\":\"https:\\\/\\\/believebytuularossi.com\\\/wp-content\\\/uploads\\\/2018\\\/09\\\/20171210-130628-Believe-by-Tuula-Rossi-0557-Edit-Edit.png\",\"contentUrl\":\"https:\\\/\\\/believebytuularossi.com\\\/wp-content\\\/uploads\\\/2018\\\/09\\\/20171210-130628-Believe-by-Tuula-Rossi-0557-Edit-Edit.png\",\"width\":682,\"height\":1024,\"caption\":\"20171210 130628 Believe by Tuula Rossi 0557 Edit Edit\"},{\"@type\":\"BreadcrumbList\",\"@id\":\"https:\\\/\\\/believebytuularossi.com\\\/fi\\\/tuote\\\/carrie-steel-grey-pitka-tikattu-paallystakki-teraksenharmaa\\\/#breadcrumb\",\"itemListElement\":[{\"@type\":\"ListItem\",\"position\":1,\"name\":\"Home\",\"item\":\"https:\\\/\\\/believebytuularossi.com\\\/fi\\\/\"},{\"@type\":\"ListItem\",\"position\":2,\"name\":\"Shop\",\"item\":\"https:\\\/\\\/believebytuularossi.com\\\/shop\\\/\"},{\"@type\":\"ListItem\",\"position\":3,\"name\":\"Carrie Steel Grey &#8211; pitk\u00e4 tikattu p\u00e4\u00e4llystakki, ter\u00e4ksenharmaa\"}]},{\"@type\":\"WebSite\",\"@id\":\"https:\\\/\\\/believebytuularossi.com\\\/fi\\\/#website\",\"url\":\"https:\\\/\\\/believebytuularossi.com\\\/fi\\\/\",\"name\":\"BELIEVE by tuula rossi\",\"description\":\"A unique, luxurious, original outerwear collection created by passion and love for today\u2019s fashionable woman and her desire for timeless style.          Perfect fit for the modern, feminine woman of any age.\",\"publisher\":{\"@id\":\"https:\\\/\\\/believebytuularossi.com\\\/fi\\\/#organization\"},\"potentialAction\":[{\"@type\":\"SearchAction\",\"target\":{\"@type\":\"EntryPoint\",\"urlTemplate\":\"https:\\\/\\\/believebytuularossi.com\\\/fi\\\/?s={search_term_string}\"},\"query-input\":{\"@type\":\"PropertyValueSpecification\",\"valueRequired\":true,\"valueName\":\"search_term_string\"}}],\"inLanguage\":\"fi\"},{\"@type\":\"Organization\",\"@id\":\"https:\\\/\\\/believebytuularossi.com\\\/fi\\\/#organization\",\"name\":\"BELIEVE by tuula rossi\",\"url\":\"https:\\\/\\\/believebytuularossi.com\\\/fi\\\/\",\"logo\":{\"@type\":\"ImageObject\",\"inLanguage\":\"fi\",\"@id\":\"https:\\\/\\\/believebytuularossi.com\\\/fi\\\/#\\\/schema\\\/logo\\\/image\\\/\",\"url\":\"https:\\\/\\\/believebytuularossi.com\\\/wp-content\\\/uploads\\\/2018\\\/08\\\/rossi-logo_new.png\",\"contentUrl\":\"https:\\\/\\\/believebytuularossi.com\\\/wp-content\\\/uploads\\\/2018\\\/08\\\/rossi-logo_new.png\",\"width\":300,\"height\":143,\"caption\":\"BELIEVE by tuula rossi\"},\"image\":{\"@id\":\"https:\\\/\\\/believebytuularossi.com\\\/fi\\\/#\\\/schema\\\/logo\\\/image\\\/\"},\"sameAs\":[\"https:\\\/\\\/www.facebook.com\\\/believebytuularossi\\\/_gu3udgu0BZPTzcnU\",\"https:\\\/\\\/www.instagram.com\\\/believebytuularossi\\\/\",\"https:\\\/\\\/www.pinterest.com\\\/believebytuularossi\\\/\"]}]}<\/script>\n<!-- \/ Yoast SEO plugin. -->","yoast_head_json":{"title":"Carrie Steel Grey - pitk\u00e4 tikattu p\u00e4\u00e4llystakki, ter\u00e4ksenharmaa &#8211; BELIEVE by tuula rossi","description":"Carrie Steel Grey - tummanharmaa pitk\u00e4 tikattu naisten p\u00e4\u00e4llystakki on ihanteellinen kaiken kokoisille ja pituisille naisille","robots":{"index":"index","follow":"follow","max-snippet":"max-snippet:-1","max-image-preview":"max-image-preview:large","max-video-preview":"max-video-preview:-1"},"canonical":"https:\/\/believebytuularossi.com\/fi\/tuote\/carrie-steel-grey-pitka-tikattu-paallystakki-teraksenharmaa\/","og_locale":"fi_FI","og_type":"article","og_title":"Carrie Steel Grey - pitk\u00e4 tikattu p\u00e4\u00e4llystakki, ter\u00e4ksenharmaa &#8211; BELIEVE by tuula rossi","og_description":"Carrie Steel Grey - tummanharmaa pitk\u00e4 tikattu naisten p\u00e4\u00e4llystakki on ihanteellinen kaiken kokoisille ja pituisille naisille","og_url":"https:\/\/believebytuularossi.com\/fi\/tuote\/carrie-steel-grey-pitka-tikattu-paallystakki-teraksenharmaa\/","og_site_name":"BELIEVE by tuula rossi","article_publisher":"https:\/\/www.facebook.com\/believebytuularossi\/_gu3udgu0BZPTzcnU","og_image":[{"width":682,"height":1024,"url":"https:\/\/believebytuularossi.com\/wp-content\/uploads\/2018\/09\/20171210-130628-Believe-by-Tuula-Rossi-0557-Edit-Edit.png","type":"image\/png"}],"twitter_card":"summary_large_image","schema":{"@context":"https:\/\/schema.org","@graph":[{"@type":"WebPage","@id":"https:\/\/believebytuularossi.com\/fi\/tuote\/carrie-steel-grey-pitka-tikattu-paallystakki-teraksenharmaa\/","url":"https:\/\/believebytuularossi.com\/fi\/tuote\/carrie-steel-grey-pitka-tikattu-paallystakki-teraksenharmaa\/","name":"Carrie Steel Grey - pitk\u00e4 tikattu p\u00e4\u00e4llystakki, ter\u00e4ksenharmaa &#8211; BELIEVE by tuula rossi","isPartOf":{"@id":"https:\/\/believebytuularossi.com\/fi\/#website"},"primaryImageOfPage":{"@id":"https:\/\/believebytuularossi.com\/fi\/tuote\/carrie-steel-grey-pitka-tikattu-paallystakki-teraksenharmaa\/#primaryimage"},"image":{"@id":"https:\/\/believebytuularossi.com\/fi\/tuote\/carrie-steel-grey-pitka-tikattu-paallystakki-teraksenharmaa\/#primaryimage"},"thumbnailUrl":"https:\/\/believebytuularossi.com\/wp-content\/uploads\/2018\/09\/20171210-130628-Believe-by-Tuula-Rossi-0557-Edit-Edit.png","datePublished":"2019-08-28T12:50:56+00:00","description":"Carrie Steel Grey - tummanharmaa pitk\u00e4 tikattu naisten p\u00e4\u00e4llystakki on ihanteellinen kaiken kokoisille ja pituisille naisille","breadcrumb":{"@id":"https:\/\/believebytuularossi.com\/fi\/tuote\/carrie-steel-grey-pitka-tikattu-paallystakki-teraksenharmaa\/#breadcrumb"},"inLanguage":"fi","potentialAction":[{"@type":"ReadAction","target":["https:\/\/believebytuularossi.com\/fi\/tuote\/carrie-steel-grey-pitka-tikattu-paallystakki-teraksenharmaa\/"]}]},{"@type":"ImageObject","inLanguage":"fi","@id":"https:\/\/believebytuularossi.com\/fi\/tuote\/carrie-steel-grey-pitka-tikattu-paallystakki-teraksenharmaa\/#primaryimage","url":"https:\/\/believebytuularossi.com\/wp-content\/uploads\/2018\/09\/20171210-130628-Believe-by-Tuula-Rossi-0557-Edit-Edit.png","contentUrl":"https:\/\/believebytuularossi.com\/wp-content\/uploads\/2018\/09\/20171210-130628-Believe-by-Tuula-Rossi-0557-Edit-Edit.png","width":682,"height":1024,"caption":"20171210 130628 Believe by Tuula Rossi 0557 Edit Edit"},{"@type":"BreadcrumbList","@id":"https:\/\/believebytuularossi.com\/fi\/tuote\/carrie-steel-grey-pitka-tikattu-paallystakki-teraksenharmaa\/#breadcrumb","itemListElement":[{"@type":"ListItem","position":1,"name":"Home","item":"https:\/\/believebytuularossi.com\/fi\/"},{"@type":"ListItem","position":2,"name":"Shop","item":"https:\/\/believebytuularossi.com\/shop\/"},{"@type":"ListItem","position":3,"name":"Carrie Steel Grey &#8211; pitk\u00e4 tikattu p\u00e4\u00e4llystakki, ter\u00e4ksenharmaa"}]},{"@type":"WebSite","@id":"https:\/\/believebytuularossi.com\/fi\/#website","url":"https:\/\/believebytuularossi.com\/fi\/","name":"BELIEVE by tuula rossi","description":"A unique, luxurious, original outerwear collection created by passion and love for today\u2019s fashionable woman and her desire for timeless style.          Perfect fit for the modern, feminine woman of any age.","publisher":{"@id":"https:\/\/believebytuularossi.com\/fi\/#organization"},"potentialAction":[{"@type":"SearchAction","target":{"@type":"EntryPoint","urlTemplate":"https:\/\/believebytuularossi.com\/fi\/?s={search_term_string}"},"query-input":{"@type":"PropertyValueSpecification","valueRequired":true,"valueName":"search_term_string"}}],"inLanguage":"fi"},{"@type":"Organization","@id":"https:\/\/believebytuularossi.com\/fi\/#organization","name":"BELIEVE by tuula rossi","url":"https:\/\/believebytuularossi.com\/fi\/","logo":{"@type":"ImageObject","inLanguage":"fi","@id":"https:\/\/believebytuularossi.com\/fi\/#\/schema\/logo\/image\/","url":"https:\/\/believebytuularossi.com\/wp-content\/uploads\/2018\/08\/rossi-logo_new.png","contentUrl":"https:\/\/believebytuularossi.com\/wp-content\/uploads\/2018\/08\/rossi-logo_new.png","width":300,"height":143,"caption":"BELIEVE by tuula rossi"},"image":{"@id":"https:\/\/believebytuularossi.com\/fi\/#\/schema\/logo\/image\/"},"sameAs":["https:\/\/www.facebook.com\/believebytuularossi\/_gu3udgu0BZPTzcnU","https:\/\/www.instagram.com\/believebytuularossi\/","https:\/\/www.pinterest.com\/believebytuularossi\/"]}]}},"_links":{"self":[{"href":"https:\/\/believebytuularossi.com\/fi\/wp-json\/wp\/v2\/product\/16204","targetHints":{"allow":["GET"]}}],"collection":[{"href":"https:\/\/believebytuularossi.com\/fi\/wp-json\/wp\/v2\/product"}],"about":[{"href":"https:\/\/believebytuularossi.com\/fi\/wp-json\/wp\/v2\/types\/product"}],"wp:featuredmedia":[{"embeddable":true,"href":"https:\/\/believebytuularossi.com\/fi\/wp-json\/wp\/v2\/media\/13125"}],"wp:attachment":[{"href":"https:\/\/believebytuularossi.com\/fi\/wp-json\/wp\/v2\/media?parent=16204"}],"wp:term":[{"taxonomy":"product_brand","embeddable":true,"href":"https:\/\/believebytuularossi.com\/fi\/wp-json\/wp\/v2\/product_brand?post=16204"},{"taxonomy":"product_cat","embeddable":true,"href":"https:\/\/believebytuularossi.com\/fi\/wp-json\/wp\/v2\/product_cat?post=16204"},{"taxonomy":"product_tag","embeddable":true,"href":"https:\/\/believebytuularossi.com\/fi\/wp-json\/wp\/v2\/product_tag?post=16204"}],"curies":[{"name":"wp","href":"https:\/\/api.w.org\/{rel}","templated":true}]}}