{"id":16240,"date":"2019-08-28T14:35:19","date_gmt":"2019-08-28T12:35:19","guid":{"rendered":"https:\/\/believebytuularossi.com\/product\/celine-blueberry-tikattu-naisten-paallystakki-mustikansininen\/"},"modified":"2019-08-28T14:35:19","modified_gmt":"2019-08-28T12:35:19","slug":"celine-blueberry-tikattu-naisten-paallystakki-mustikansininen","status":"publish","type":"product","link":"https:\/\/believebytuularossi.com\/fi\/tuote\/celine-blueberry-tikattu-naisten-paallystakki-mustikansininen\/","title":{"rendered":"Celine Blueberry -tikattu naisten p\u00e4\u00e4llystakki, mustikansininen"},"content":{"rendered":"","protected":false},"excerpt":{"rendered":"<p>T\u00e4ss\u00e4 upeassa p\u00e4\u00e4llystakissa on ainutlaatuinen purppuran v\u00e4ri, joka on ylellinen ja ajaton. T\u00e4ss\u00e4 takissa on eritt\u00e4in kaunis naisellinen istuvuus, joka imartelee vartaloasi. Huppu ja helma ovat s\u00e4\u00e4dett\u00e4viss\u00e4 joustavalla kiristysny\u00f6rill\u00e4. Celine -tikkitakki on t\u00e4ydellinen valinta tyylikk\u00e4\u00e4seen ja rentoon ajattomaan lookiin. Takin sivusaumoissa on kaunis kaksisuuntainen vetoketju. T\u00e4ydellisen leikkauksen ansiosta voit tuntea olosi mukavaksi ja n\u00e4ytt\u00e4\u00e4 hyv\u00e4lt\u00e4 koostasi riippumatta!<\/p>\n<p>Celine Box -ruututikkikuosilla tikattu takki on ihanteellinen kapeille vartalotyypeille s\u00e4\u00e4dett\u00e4v\u00e4n helman ansiosta. Hihan pituus on hieman tavallista pidempi. Joustavat hihansuut takaavat t\u00e4ydellisen pituuden kaikenpituisille naisille.<\/p>\n","protected":false},"featured_media":12832,"template":"","meta":{"_acf_changed":false},"product_brand":[],"product_cat":[130],"product_tag":[],"class_list":{"0":"post-16240","1":"product","2":"type-product","3":"status-publish","4":"has-post-thumbnail","6":"product_cat-syksytakit-talvitakit","7":"pa_ewd_uwcf_colors-tummansininen","8":"pa_size-34-fi","9":"pa_size-36-fi","10":"pa_size-38-fi","11":"pa_size-40-fi","12":"pa_size-42-fi","13":"pa_size-44-fi","14":"pa_size-46-fi","15":"pa_size-48-fi","16":"pa_size-50-fi","17":"pa_size-52-fi","18":"pa_size-54-fi","19":"product_color-navy-fi","21":"first","22":"instock","23":"taxable","24":"shipping-taxable","25":"purchasable","26":"product-type-variable"},"acf":[],"yoast_head":"<!-- This site is optimized with the Yoast SEO plugin v27.3 - https:\/\/yoast.com\/product\/yoast-seo-wordpress\/ -->\n<title>Celine Blueberry -tikattu naisten p\u00e4\u00e4llystakki, mustikansininen &#8211; BELIEVE by tuula rossi<\/title>\n<meta name=\"description\" content=\"Celine Blueberry -tummansininen tikattu naisten p\u00e4\u00e4llystakki istuu t\u00e4ydellisesti kaikenkokoisen naisten p\u00e4\u00e4ll\u00e4\" \/>\n<meta name=\"robots\" content=\"index, follow, max-snippet:-1, max-image-preview:large, max-video-preview:-1\" \/>\n<link rel=\"canonical\" href=\"https:\/\/believebytuularossi.com\/fi\/tuote\/celine-blueberry-tikattu-naisten-paallystakki-mustikansininen\/\" \/>\n<meta property=\"og:locale\" content=\"fi_FI\" \/>\n<meta property=\"og:type\" content=\"article\" \/>\n<meta property=\"og:title\" content=\"Celine Blueberry -tikattu naisten p\u00e4\u00e4llystakki, mustikansininen &#8211; BELIEVE by tuula rossi\" \/>\n<meta property=\"og:description\" content=\"Celine Blueberry -tummansininen tikattu naisten p\u00e4\u00e4llystakki istuu t\u00e4ydellisesti kaikenkokoisen naisten p\u00e4\u00e4ll\u00e4\" \/>\n<meta property=\"og:url\" content=\"https:\/\/believebytuularossi.com\/fi\/tuote\/celine-blueberry-tikattu-naisten-paallystakki-mustikansininen\/\" \/>\n<meta property=\"og:site_name\" content=\"BELIEVE by tuula rossi\" \/>\n<meta property=\"article:publisher\" content=\"https:\/\/www.facebook.com\/believebytuularossi\/_gu3udgu0BZPTzcnU\" \/>\n<meta property=\"og:image\" content=\"https:\/\/believebytuularossi.com\/wp-content\/uploads\/2018\/08\/20171210-170317-Believe-by-Tuula-Rossi-2519-Edit-Edit-599x900.png\" \/>\n\t<meta property=\"og:image:width\" content=\"599\" \/>\n\t<meta property=\"og:image:height\" content=\"900\" \/>\n\t<meta property=\"og:image:type\" content=\"image\/png\" \/>\n<meta name=\"twitter:card\" content=\"summary_large_image\" \/>\n<script type=\"application\/ld+json\" class=\"yoast-schema-graph\">{\"@context\":\"https:\\\/\\\/schema.org\",\"@graph\":[{\"@type\":\"WebPage\",\"@id\":\"https:\\\/\\\/believebytuularossi.com\\\/fi\\\/tuote\\\/celine-blueberry-tikattu-naisten-paallystakki-mustikansininen\\\/\",\"url\":\"https:\\\/\\\/believebytuularossi.com\\\/fi\\\/tuote\\\/celine-blueberry-tikattu-naisten-paallystakki-mustikansininen\\\/\",\"name\":\"Celine Blueberry -tikattu naisten p\u00e4\u00e4llystakki, mustikansininen &#8211; BELIEVE by tuula rossi\",\"isPartOf\":{\"@id\":\"https:\\\/\\\/believebytuularossi.com\\\/fi\\\/#website\"},\"primaryImageOfPage\":{\"@id\":\"https:\\\/\\\/believebytuularossi.com\\\/fi\\\/tuote\\\/celine-blueberry-tikattu-naisten-paallystakki-mustikansininen\\\/#primaryimage\"},\"image\":{\"@id\":\"https:\\\/\\\/believebytuularossi.com\\\/fi\\\/tuote\\\/celine-blueberry-tikattu-naisten-paallystakki-mustikansininen\\\/#primaryimage\"},\"thumbnailUrl\":\"https:\\\/\\\/believebytuularossi.com\\\/wp-content\\\/uploads\\\/2018\\\/08\\\/20171210-170317-Believe-by-Tuula-Rossi-2519-Edit-Edit.png\",\"datePublished\":\"2019-08-28T12:35:19+00:00\",\"description\":\"Celine Blueberry -tummansininen tikattu naisten p\u00e4\u00e4llystakki istuu t\u00e4ydellisesti kaikenkokoisen naisten p\u00e4\u00e4ll\u00e4\",\"breadcrumb\":{\"@id\":\"https:\\\/\\\/believebytuularossi.com\\\/fi\\\/tuote\\\/celine-blueberry-tikattu-naisten-paallystakki-mustikansininen\\\/#breadcrumb\"},\"inLanguage\":\"fi\",\"potentialAction\":[{\"@type\":\"ReadAction\",\"target\":[\"https:\\\/\\\/believebytuularossi.com\\\/fi\\\/tuote\\\/celine-blueberry-tikattu-naisten-paallystakki-mustikansininen\\\/\"]}]},{\"@type\":\"ImageObject\",\"inLanguage\":\"fi\",\"@id\":\"https:\\\/\\\/believebytuularossi.com\\\/fi\\\/tuote\\\/celine-blueberry-tikattu-naisten-paallystakki-mustikansininen\\\/#primaryimage\",\"url\":\"https:\\\/\\\/believebytuularossi.com\\\/wp-content\\\/uploads\\\/2018\\\/08\\\/20171210-170317-Believe-by-Tuula-Rossi-2519-Edit-Edit.png\",\"contentUrl\":\"https:\\\/\\\/believebytuularossi.com\\\/wp-content\\\/uploads\\\/2018\\\/08\\\/20171210-170317-Believe-by-Tuula-Rossi-2519-Edit-Edit.png\",\"width\":3280,\"height\":4928,\"caption\":\"20171210 170317 Believe by Tuula Rossi 2519 Edit Edit\"},{\"@type\":\"BreadcrumbList\",\"@id\":\"https:\\\/\\\/believebytuularossi.com\\\/fi\\\/tuote\\\/celine-blueberry-tikattu-naisten-paallystakki-mustikansininen\\\/#breadcrumb\",\"itemListElement\":[{\"@type\":\"ListItem\",\"position\":1,\"name\":\"Home\",\"item\":\"https:\\\/\\\/believebytuularossi.com\\\/fi\\\/\"},{\"@type\":\"ListItem\",\"position\":2,\"name\":\"Shop\",\"item\":\"https:\\\/\\\/believebytuularossi.com\\\/shop\\\/\"},{\"@type\":\"ListItem\",\"position\":3,\"name\":\"Celine Blueberry -tikattu naisten p\u00e4\u00e4llystakki, mustikansininen\"}]},{\"@type\":\"WebSite\",\"@id\":\"https:\\\/\\\/believebytuularossi.com\\\/fi\\\/#website\",\"url\":\"https:\\\/\\\/believebytuularossi.com\\\/fi\\\/\",\"name\":\"BELIEVE by tuula rossi\",\"description\":\"A unique, luxurious, original outerwear collection created by passion and love for today\u2019s fashionable woman and her desire for timeless style.          Perfect fit for the modern, feminine woman of any age.\",\"publisher\":{\"@id\":\"https:\\\/\\\/believebytuularossi.com\\\/fi\\\/#organization\"},\"potentialAction\":[{\"@type\":\"SearchAction\",\"target\":{\"@type\":\"EntryPoint\",\"urlTemplate\":\"https:\\\/\\\/believebytuularossi.com\\\/fi\\\/?s={search_term_string}\"},\"query-input\":{\"@type\":\"PropertyValueSpecification\",\"valueRequired\":true,\"valueName\":\"search_term_string\"}}],\"inLanguage\":\"fi\"},{\"@type\":\"Organization\",\"@id\":\"https:\\\/\\\/believebytuularossi.com\\\/fi\\\/#organization\",\"name\":\"BELIEVE by tuula rossi\",\"url\":\"https:\\\/\\\/believebytuularossi.com\\\/fi\\\/\",\"logo\":{\"@type\":\"ImageObject\",\"inLanguage\":\"fi\",\"@id\":\"https:\\\/\\\/believebytuularossi.com\\\/fi\\\/#\\\/schema\\\/logo\\\/image\\\/\",\"url\":\"https:\\\/\\\/believebytuularossi.com\\\/wp-content\\\/uploads\\\/2018\\\/08\\\/rossi-logo_new.png\",\"contentUrl\":\"https:\\\/\\\/believebytuularossi.com\\\/wp-content\\\/uploads\\\/2018\\\/08\\\/rossi-logo_new.png\",\"width\":300,\"height\":143,\"caption\":\"BELIEVE by tuula rossi\"},\"image\":{\"@id\":\"https:\\\/\\\/believebytuularossi.com\\\/fi\\\/#\\\/schema\\\/logo\\\/image\\\/\"},\"sameAs\":[\"https:\\\/\\\/www.facebook.com\\\/believebytuularossi\\\/_gu3udgu0BZPTzcnU\",\"https:\\\/\\\/www.instagram.com\\\/believebytuularossi\\\/\",\"https:\\\/\\\/www.pinterest.com\\\/believebytuularossi\\\/\"]}]}<\/script>\n<!-- \/ Yoast SEO plugin. -->","yoast_head_json":{"title":"Celine Blueberry -tikattu naisten p\u00e4\u00e4llystakki, mustikansininen &#8211; BELIEVE by tuula rossi","description":"Celine Blueberry -tummansininen tikattu naisten p\u00e4\u00e4llystakki istuu t\u00e4ydellisesti kaikenkokoisen naisten p\u00e4\u00e4ll\u00e4","robots":{"index":"index","follow":"follow","max-snippet":"max-snippet:-1","max-image-preview":"max-image-preview:large","max-video-preview":"max-video-preview:-1"},"canonical":"https:\/\/believebytuularossi.com\/fi\/tuote\/celine-blueberry-tikattu-naisten-paallystakki-mustikansininen\/","og_locale":"fi_FI","og_type":"article","og_title":"Celine Blueberry -tikattu naisten p\u00e4\u00e4llystakki, mustikansininen &#8211; BELIEVE by tuula rossi","og_description":"Celine Blueberry -tummansininen tikattu naisten p\u00e4\u00e4llystakki istuu t\u00e4ydellisesti kaikenkokoisen naisten p\u00e4\u00e4ll\u00e4","og_url":"https:\/\/believebytuularossi.com\/fi\/tuote\/celine-blueberry-tikattu-naisten-paallystakki-mustikansininen\/","og_site_name":"BELIEVE by tuula rossi","article_publisher":"https:\/\/www.facebook.com\/believebytuularossi\/_gu3udgu0BZPTzcnU","og_image":[{"width":599,"height":900,"url":"https:\/\/believebytuularossi.com\/wp-content\/uploads\/2018\/08\/20171210-170317-Believe-by-Tuula-Rossi-2519-Edit-Edit-599x900.png","type":"image\/png"}],"twitter_card":"summary_large_image","schema":{"@context":"https:\/\/schema.org","@graph":[{"@type":"WebPage","@id":"https:\/\/believebytuularossi.com\/fi\/tuote\/celine-blueberry-tikattu-naisten-paallystakki-mustikansininen\/","url":"https:\/\/believebytuularossi.com\/fi\/tuote\/celine-blueberry-tikattu-naisten-paallystakki-mustikansininen\/","name":"Celine Blueberry -tikattu naisten p\u00e4\u00e4llystakki, mustikansininen &#8211; BELIEVE by tuula rossi","isPartOf":{"@id":"https:\/\/believebytuularossi.com\/fi\/#website"},"primaryImageOfPage":{"@id":"https:\/\/believebytuularossi.com\/fi\/tuote\/celine-blueberry-tikattu-naisten-paallystakki-mustikansininen\/#primaryimage"},"image":{"@id":"https:\/\/believebytuularossi.com\/fi\/tuote\/celine-blueberry-tikattu-naisten-paallystakki-mustikansininen\/#primaryimage"},"thumbnailUrl":"https:\/\/believebytuularossi.com\/wp-content\/uploads\/2018\/08\/20171210-170317-Believe-by-Tuula-Rossi-2519-Edit-Edit.png","datePublished":"2019-08-28T12:35:19+00:00","description":"Celine Blueberry -tummansininen tikattu naisten p\u00e4\u00e4llystakki istuu t\u00e4ydellisesti kaikenkokoisen naisten p\u00e4\u00e4ll\u00e4","breadcrumb":{"@id":"https:\/\/believebytuularossi.com\/fi\/tuote\/celine-blueberry-tikattu-naisten-paallystakki-mustikansininen\/#breadcrumb"},"inLanguage":"fi","potentialAction":[{"@type":"ReadAction","target":["https:\/\/believebytuularossi.com\/fi\/tuote\/celine-blueberry-tikattu-naisten-paallystakki-mustikansininen\/"]}]},{"@type":"ImageObject","inLanguage":"fi","@id":"https:\/\/believebytuularossi.com\/fi\/tuote\/celine-blueberry-tikattu-naisten-paallystakki-mustikansininen\/#primaryimage","url":"https:\/\/believebytuularossi.com\/wp-content\/uploads\/2018\/08\/20171210-170317-Believe-by-Tuula-Rossi-2519-Edit-Edit.png","contentUrl":"https:\/\/believebytuularossi.com\/wp-content\/uploads\/2018\/08\/20171210-170317-Believe-by-Tuula-Rossi-2519-Edit-Edit.png","width":3280,"height":4928,"caption":"20171210 170317 Believe by Tuula Rossi 2519 Edit Edit"},{"@type":"BreadcrumbList","@id":"https:\/\/believebytuularossi.com\/fi\/tuote\/celine-blueberry-tikattu-naisten-paallystakki-mustikansininen\/#breadcrumb","itemListElement":[{"@type":"ListItem","position":1,"name":"Home","item":"https:\/\/believebytuularossi.com\/fi\/"},{"@type":"ListItem","position":2,"name":"Shop","item":"https:\/\/believebytuularossi.com\/shop\/"},{"@type":"ListItem","position":3,"name":"Celine Blueberry -tikattu naisten p\u00e4\u00e4llystakki, mustikansininen"}]},{"@type":"WebSite","@id":"https:\/\/believebytuularossi.com\/fi\/#website","url":"https:\/\/believebytuularossi.com\/fi\/","name":"BELIEVE by tuula rossi","description":"A unique, luxurious, original outerwear collection created by passion and love for today\u2019s fashionable woman and her desire for timeless style.          Perfect fit for the modern, feminine woman of any age.","publisher":{"@id":"https:\/\/believebytuularossi.com\/fi\/#organization"},"potentialAction":[{"@type":"SearchAction","target":{"@type":"EntryPoint","urlTemplate":"https:\/\/believebytuularossi.com\/fi\/?s={search_term_string}"},"query-input":{"@type":"PropertyValueSpecification","valueRequired":true,"valueName":"search_term_string"}}],"inLanguage":"fi"},{"@type":"Organization","@id":"https:\/\/believebytuularossi.com\/fi\/#organization","name":"BELIEVE by tuula rossi","url":"https:\/\/believebytuularossi.com\/fi\/","logo":{"@type":"ImageObject","inLanguage":"fi","@id":"https:\/\/believebytuularossi.com\/fi\/#\/schema\/logo\/image\/","url":"https:\/\/believebytuularossi.com\/wp-content\/uploads\/2018\/08\/rossi-logo_new.png","contentUrl":"https:\/\/believebytuularossi.com\/wp-content\/uploads\/2018\/08\/rossi-logo_new.png","width":300,"height":143,"caption":"BELIEVE by tuula rossi"},"image":{"@id":"https:\/\/believebytuularossi.com\/fi\/#\/schema\/logo\/image\/"},"sameAs":["https:\/\/www.facebook.com\/believebytuularossi\/_gu3udgu0BZPTzcnU","https:\/\/www.instagram.com\/believebytuularossi\/","https:\/\/www.pinterest.com\/believebytuularossi\/"]}]}},"_links":{"self":[{"href":"https:\/\/believebytuularossi.com\/fi\/wp-json\/wp\/v2\/product\/16240","targetHints":{"allow":["GET"]}}],"collection":[{"href":"https:\/\/believebytuularossi.com\/fi\/wp-json\/wp\/v2\/product"}],"about":[{"href":"https:\/\/believebytuularossi.com\/fi\/wp-json\/wp\/v2\/types\/product"}],"wp:featuredmedia":[{"embeddable":true,"href":"https:\/\/believebytuularossi.com\/fi\/wp-json\/wp\/v2\/media\/12832"}],"wp:attachment":[{"href":"https:\/\/believebytuularossi.com\/fi\/wp-json\/wp\/v2\/media?parent=16240"}],"wp:term":[{"taxonomy":"product_brand","embeddable":true,"href":"https:\/\/believebytuularossi.com\/fi\/wp-json\/wp\/v2\/product_brand?post=16240"},{"taxonomy":"product_cat","embeddable":true,"href":"https:\/\/believebytuularossi.com\/fi\/wp-json\/wp\/v2\/product_cat?post=16240"},{"taxonomy":"product_tag","embeddable":true,"href":"https:\/\/believebytuularossi.com\/fi\/wp-json\/wp\/v2\/product_tag?post=16240"}],"curies":[{"name":"wp","href":"https:\/\/api.w.org\/{rel}","templated":true}]}}