{"id":16252,"date":"2019-08-28T14:30:14","date_gmt":"2019-08-28T12:30:14","guid":{"rendered":"https:\/\/believebytuularossi.com\/product\/didi-silver-grey-naisten-tikkitakki-ruututikkaus-teraksenharmaa\/"},"modified":"2019-08-28T14:30:14","modified_gmt":"2019-08-28T12:30:14","slug":"didi-silver-grey-naisten-tikkitakki-ruututikkaus-teraksenharmaa","status":"publish","type":"product","link":"https:\/\/believebytuularossi.com\/fi\/tuote\/didi-silver-grey-naisten-tikkitakki-ruututikkaus-teraksenharmaa\/","title":{"rendered":"Didi Silver Grey -naisten tikkitakki, ruututikkaus, ter\u00e4ksenharmaa"},"content":{"rendered":"","protected":false},"excerpt":{"rendered":"<p>T\u00e4m\u00e4 kaunis kevyt p\u00e4\u00e4llystakki on upean naisellinen ja se istuu t\u00e4ydellisesti kaikenkokoisten naisten p\u00e4\u00e4ll\u00e4! Moderni ja muodikas Didi -takki on t\u00e4ydellinen takkivalinta naisille, jotka pit\u00e4v\u00e4t yksinkertaisesta kaupunkityylist\u00e4. Ylelliset kaksisuuntaiset logovetoketjut taskuissa saavat vy\u00f6t\u00e4r\u00f6si n\u00e4ytt\u00e4m\u00e4\u00e4n kapeammalta ja vartalosi naisellisen kurvikkaalta. T\u00e4ydellisen leikkauksen ansiosta voit tuntea olosi mukavaksi ja n\u00e4ytt\u00e4\u00e4 hyv\u00e4lt\u00e4 koostasi riippumatta!<br \/>\nDidi -ruutukuosilla tikattu takki on ihanteellinen kapeille vartalotyypeille s\u00e4\u00e4dett\u00e4v\u00e4n helman ansiosta. T\u00e4m\u00e4n tikkitakin hihan pituus on hieman tavallista pidempi. Joustavat hihansuut takaavat t\u00e4ydellisen pituuden kaikenpituisille naisille. Hihoissa on raikkaan keltainen vuori, joka on yksi BELIEVE by tuula rossi -malliston erityispiirteist\u00e4.<\/p>\n","protected":false},"featured_media":13127,"template":"","meta":{"_acf_changed":false},"product_brand":[],"product_cat":[130],"product_tag":[],"class_list":{"0":"post-16252","1":"product","2":"type-product","3":"status-publish","4":"has-post-thumbnail","6":"product_cat-syksytakit-talvitakit","7":"pa_ewd_uwcf_colors-grey","8":"pa_size-34-fi","9":"pa_size-36-fi","10":"pa_size-38-fi","11":"pa_size-40-fi","12":"pa_size-42-fi","13":"pa_size-44-fi","14":"pa_size-46-fi","15":"pa_size-48-fi","16":"pa_size-50-fi","17":"pa_size-52-fi","18":"pa_size-54-fi","19":"product_color-grey-fi","21":"first","22":"instock","23":"taxable","24":"shipping-taxable","25":"purchasable","26":"product-type-variable"},"acf":[],"yoast_head":"<!-- This site is optimized with the Yoast SEO plugin v27.3 - https:\/\/yoast.com\/product\/yoast-seo-wordpress\/ -->\n<title>Didi Silver Grey -naisten tikkitakki, ruututikkaus, ter\u00e4ksenharmaa &#8211; BELIEVE by tuula rossi<\/title>\n<meta name=\"description\" content=\"Didi Silver Grey - ter\u00e4ksenharmaa ruutukuosilla tikattu naisten tikkitakki\" \/>\n<meta name=\"robots\" content=\"index, follow, max-snippet:-1, max-image-preview:large, max-video-preview:-1\" \/>\n<link rel=\"canonical\" href=\"https:\/\/believebytuularossi.com\/fi\/tuote\/didi-silver-grey-naisten-tikkitakki-ruututikkaus-teraksenharmaa\/\" \/>\n<meta property=\"og:locale\" content=\"fi_FI\" \/>\n<meta property=\"og:type\" content=\"article\" \/>\n<meta property=\"og:title\" content=\"Didi Silver Grey -naisten tikkitakki, ruututikkaus, ter\u00e4ksenharmaa &#8211; BELIEVE by tuula rossi\" \/>\n<meta property=\"og:description\" content=\"Didi Silver Grey - ter\u00e4ksenharmaa ruutukuosilla tikattu naisten tikkitakki\" \/>\n<meta property=\"og:url\" content=\"https:\/\/believebytuularossi.com\/fi\/tuote\/didi-silver-grey-naisten-tikkitakki-ruututikkaus-teraksenharmaa\/\" \/>\n<meta property=\"og:site_name\" content=\"BELIEVE by tuula rossi\" \/>\n<meta property=\"article:publisher\" content=\"https:\/\/www.facebook.com\/believebytuularossi\/_gu3udgu0BZPTzcnU\" \/>\n<meta property=\"og:image\" content=\"https:\/\/believebytuularossi.com\/wp-content\/uploads\/2018\/09\/20171210-150944-Believe-by-Tuula-Rossi-1571-Edit-Edit.png\" \/>\n\t<meta property=\"og:image:width\" content=\"682\" \/>\n\t<meta property=\"og:image:height\" content=\"1024\" \/>\n\t<meta property=\"og:image:type\" content=\"image\/png\" \/>\n<meta name=\"twitter:card\" content=\"summary_large_image\" \/>\n<script type=\"application\/ld+json\" class=\"yoast-schema-graph\">{\"@context\":\"https:\\\/\\\/schema.org\",\"@graph\":[{\"@type\":\"WebPage\",\"@id\":\"https:\\\/\\\/believebytuularossi.com\\\/fi\\\/tuote\\\/didi-silver-grey-naisten-tikkitakki-ruututikkaus-teraksenharmaa\\\/\",\"url\":\"https:\\\/\\\/believebytuularossi.com\\\/fi\\\/tuote\\\/didi-silver-grey-naisten-tikkitakki-ruututikkaus-teraksenharmaa\\\/\",\"name\":\"Didi Silver Grey -naisten tikkitakki, ruututikkaus, ter\u00e4ksenharmaa &#8211; BELIEVE by tuula rossi\",\"isPartOf\":{\"@id\":\"https:\\\/\\\/believebytuularossi.com\\\/fi\\\/#website\"},\"primaryImageOfPage\":{\"@id\":\"https:\\\/\\\/believebytuularossi.com\\\/fi\\\/tuote\\\/didi-silver-grey-naisten-tikkitakki-ruututikkaus-teraksenharmaa\\\/#primaryimage\"},\"image\":{\"@id\":\"https:\\\/\\\/believebytuularossi.com\\\/fi\\\/tuote\\\/didi-silver-grey-naisten-tikkitakki-ruututikkaus-teraksenharmaa\\\/#primaryimage\"},\"thumbnailUrl\":\"https:\\\/\\\/believebytuularossi.com\\\/wp-content\\\/uploads\\\/2018\\\/09\\\/20171210-150944-Believe-by-Tuula-Rossi-1571-Edit-Edit.png\",\"datePublished\":\"2019-08-28T12:30:14+00:00\",\"description\":\"Didi Silver Grey - ter\u00e4ksenharmaa ruutukuosilla tikattu naisten tikkitakki\",\"breadcrumb\":{\"@id\":\"https:\\\/\\\/believebytuularossi.com\\\/fi\\\/tuote\\\/didi-silver-grey-naisten-tikkitakki-ruututikkaus-teraksenharmaa\\\/#breadcrumb\"},\"inLanguage\":\"fi\",\"potentialAction\":[{\"@type\":\"ReadAction\",\"target\":[\"https:\\\/\\\/believebytuularossi.com\\\/fi\\\/tuote\\\/didi-silver-grey-naisten-tikkitakki-ruututikkaus-teraksenharmaa\\\/\"]}]},{\"@type\":\"ImageObject\",\"inLanguage\":\"fi\",\"@id\":\"https:\\\/\\\/believebytuularossi.com\\\/fi\\\/tuote\\\/didi-silver-grey-naisten-tikkitakki-ruututikkaus-teraksenharmaa\\\/#primaryimage\",\"url\":\"https:\\\/\\\/believebytuularossi.com\\\/wp-content\\\/uploads\\\/2018\\\/09\\\/20171210-150944-Believe-by-Tuula-Rossi-1571-Edit-Edit.png\",\"contentUrl\":\"https:\\\/\\\/believebytuularossi.com\\\/wp-content\\\/uploads\\\/2018\\\/09\\\/20171210-150944-Believe-by-Tuula-Rossi-1571-Edit-Edit.png\",\"width\":682,\"height\":1024,\"caption\":\"20171210 150944 Believe by Tuula Rossi 1571 Edit Edit\"},{\"@type\":\"BreadcrumbList\",\"@id\":\"https:\\\/\\\/believebytuularossi.com\\\/fi\\\/tuote\\\/didi-silver-grey-naisten-tikkitakki-ruututikkaus-teraksenharmaa\\\/#breadcrumb\",\"itemListElement\":[{\"@type\":\"ListItem\",\"position\":1,\"name\":\"Home\",\"item\":\"https:\\\/\\\/believebytuularossi.com\\\/fi\\\/\"},{\"@type\":\"ListItem\",\"position\":2,\"name\":\"Shop\",\"item\":\"https:\\\/\\\/believebytuularossi.com\\\/shop\\\/\"},{\"@type\":\"ListItem\",\"position\":3,\"name\":\"Didi Silver Grey -naisten tikkitakki, ruututikkaus, ter\u00e4ksenharmaa\"}]},{\"@type\":\"WebSite\",\"@id\":\"https:\\\/\\\/believebytuularossi.com\\\/fi\\\/#website\",\"url\":\"https:\\\/\\\/believebytuularossi.com\\\/fi\\\/\",\"name\":\"BELIEVE by tuula rossi\",\"description\":\"A unique, luxurious, original outerwear collection created by passion and love for today\u2019s fashionable woman and her desire for timeless style.          Perfect fit for the modern, feminine woman of any age.\",\"publisher\":{\"@id\":\"https:\\\/\\\/believebytuularossi.com\\\/fi\\\/#organization\"},\"potentialAction\":[{\"@type\":\"SearchAction\",\"target\":{\"@type\":\"EntryPoint\",\"urlTemplate\":\"https:\\\/\\\/believebytuularossi.com\\\/fi\\\/?s={search_term_string}\"},\"query-input\":{\"@type\":\"PropertyValueSpecification\",\"valueRequired\":true,\"valueName\":\"search_term_string\"}}],\"inLanguage\":\"fi\"},{\"@type\":\"Organization\",\"@id\":\"https:\\\/\\\/believebytuularossi.com\\\/fi\\\/#organization\",\"name\":\"BELIEVE by tuula rossi\",\"url\":\"https:\\\/\\\/believebytuularossi.com\\\/fi\\\/\",\"logo\":{\"@type\":\"ImageObject\",\"inLanguage\":\"fi\",\"@id\":\"https:\\\/\\\/believebytuularossi.com\\\/fi\\\/#\\\/schema\\\/logo\\\/image\\\/\",\"url\":\"https:\\\/\\\/believebytuularossi.com\\\/wp-content\\\/uploads\\\/2018\\\/08\\\/rossi-logo_new.png\",\"contentUrl\":\"https:\\\/\\\/believebytuularossi.com\\\/wp-content\\\/uploads\\\/2018\\\/08\\\/rossi-logo_new.png\",\"width\":300,\"height\":143,\"caption\":\"BELIEVE by tuula rossi\"},\"image\":{\"@id\":\"https:\\\/\\\/believebytuularossi.com\\\/fi\\\/#\\\/schema\\\/logo\\\/image\\\/\"},\"sameAs\":[\"https:\\\/\\\/www.facebook.com\\\/believebytuularossi\\\/_gu3udgu0BZPTzcnU\",\"https:\\\/\\\/www.instagram.com\\\/believebytuularossi\\\/\",\"https:\\\/\\\/www.pinterest.com\\\/believebytuularossi\\\/\"]}]}<\/script>\n<!-- \/ Yoast SEO plugin. -->","yoast_head_json":{"title":"Didi Silver Grey -naisten tikkitakki, ruututikkaus, ter\u00e4ksenharmaa &#8211; BELIEVE by tuula rossi","description":"Didi Silver Grey - ter\u00e4ksenharmaa ruutukuosilla tikattu naisten tikkitakki","robots":{"index":"index","follow":"follow","max-snippet":"max-snippet:-1","max-image-preview":"max-image-preview:large","max-video-preview":"max-video-preview:-1"},"canonical":"https:\/\/believebytuularossi.com\/fi\/tuote\/didi-silver-grey-naisten-tikkitakki-ruututikkaus-teraksenharmaa\/","og_locale":"fi_FI","og_type":"article","og_title":"Didi Silver Grey -naisten tikkitakki, ruututikkaus, ter\u00e4ksenharmaa &#8211; BELIEVE by tuula rossi","og_description":"Didi Silver Grey - ter\u00e4ksenharmaa ruutukuosilla tikattu naisten tikkitakki","og_url":"https:\/\/believebytuularossi.com\/fi\/tuote\/didi-silver-grey-naisten-tikkitakki-ruututikkaus-teraksenharmaa\/","og_site_name":"BELIEVE by tuula rossi","article_publisher":"https:\/\/www.facebook.com\/believebytuularossi\/_gu3udgu0BZPTzcnU","og_image":[{"width":682,"height":1024,"url":"https:\/\/believebytuularossi.com\/wp-content\/uploads\/2018\/09\/20171210-150944-Believe-by-Tuula-Rossi-1571-Edit-Edit.png","type":"image\/png"}],"twitter_card":"summary_large_image","schema":{"@context":"https:\/\/schema.org","@graph":[{"@type":"WebPage","@id":"https:\/\/believebytuularossi.com\/fi\/tuote\/didi-silver-grey-naisten-tikkitakki-ruututikkaus-teraksenharmaa\/","url":"https:\/\/believebytuularossi.com\/fi\/tuote\/didi-silver-grey-naisten-tikkitakki-ruututikkaus-teraksenharmaa\/","name":"Didi Silver Grey -naisten tikkitakki, ruututikkaus, ter\u00e4ksenharmaa &#8211; BELIEVE by tuula rossi","isPartOf":{"@id":"https:\/\/believebytuularossi.com\/fi\/#website"},"primaryImageOfPage":{"@id":"https:\/\/believebytuularossi.com\/fi\/tuote\/didi-silver-grey-naisten-tikkitakki-ruututikkaus-teraksenharmaa\/#primaryimage"},"image":{"@id":"https:\/\/believebytuularossi.com\/fi\/tuote\/didi-silver-grey-naisten-tikkitakki-ruututikkaus-teraksenharmaa\/#primaryimage"},"thumbnailUrl":"https:\/\/believebytuularossi.com\/wp-content\/uploads\/2018\/09\/20171210-150944-Believe-by-Tuula-Rossi-1571-Edit-Edit.png","datePublished":"2019-08-28T12:30:14+00:00","description":"Didi Silver Grey - ter\u00e4ksenharmaa ruutukuosilla tikattu naisten tikkitakki","breadcrumb":{"@id":"https:\/\/believebytuularossi.com\/fi\/tuote\/didi-silver-grey-naisten-tikkitakki-ruututikkaus-teraksenharmaa\/#breadcrumb"},"inLanguage":"fi","potentialAction":[{"@type":"ReadAction","target":["https:\/\/believebytuularossi.com\/fi\/tuote\/didi-silver-grey-naisten-tikkitakki-ruututikkaus-teraksenharmaa\/"]}]},{"@type":"ImageObject","inLanguage":"fi","@id":"https:\/\/believebytuularossi.com\/fi\/tuote\/didi-silver-grey-naisten-tikkitakki-ruututikkaus-teraksenharmaa\/#primaryimage","url":"https:\/\/believebytuularossi.com\/wp-content\/uploads\/2018\/09\/20171210-150944-Believe-by-Tuula-Rossi-1571-Edit-Edit.png","contentUrl":"https:\/\/believebytuularossi.com\/wp-content\/uploads\/2018\/09\/20171210-150944-Believe-by-Tuula-Rossi-1571-Edit-Edit.png","width":682,"height":1024,"caption":"20171210 150944 Believe by Tuula Rossi 1571 Edit Edit"},{"@type":"BreadcrumbList","@id":"https:\/\/believebytuularossi.com\/fi\/tuote\/didi-silver-grey-naisten-tikkitakki-ruututikkaus-teraksenharmaa\/#breadcrumb","itemListElement":[{"@type":"ListItem","position":1,"name":"Home","item":"https:\/\/believebytuularossi.com\/fi\/"},{"@type":"ListItem","position":2,"name":"Shop","item":"https:\/\/believebytuularossi.com\/shop\/"},{"@type":"ListItem","position":3,"name":"Didi Silver Grey -naisten tikkitakki, ruututikkaus, ter\u00e4ksenharmaa"}]},{"@type":"WebSite","@id":"https:\/\/believebytuularossi.com\/fi\/#website","url":"https:\/\/believebytuularossi.com\/fi\/","name":"BELIEVE by tuula rossi","description":"A unique, luxurious, original outerwear collection created by passion and love for today\u2019s fashionable woman and her desire for timeless style.          Perfect fit for the modern, feminine woman of any age.","publisher":{"@id":"https:\/\/believebytuularossi.com\/fi\/#organization"},"potentialAction":[{"@type":"SearchAction","target":{"@type":"EntryPoint","urlTemplate":"https:\/\/believebytuularossi.com\/fi\/?s={search_term_string}"},"query-input":{"@type":"PropertyValueSpecification","valueRequired":true,"valueName":"search_term_string"}}],"inLanguage":"fi"},{"@type":"Organization","@id":"https:\/\/believebytuularossi.com\/fi\/#organization","name":"BELIEVE by tuula rossi","url":"https:\/\/believebytuularossi.com\/fi\/","logo":{"@type":"ImageObject","inLanguage":"fi","@id":"https:\/\/believebytuularossi.com\/fi\/#\/schema\/logo\/image\/","url":"https:\/\/believebytuularossi.com\/wp-content\/uploads\/2018\/08\/rossi-logo_new.png","contentUrl":"https:\/\/believebytuularossi.com\/wp-content\/uploads\/2018\/08\/rossi-logo_new.png","width":300,"height":143,"caption":"BELIEVE by tuula rossi"},"image":{"@id":"https:\/\/believebytuularossi.com\/fi\/#\/schema\/logo\/image\/"},"sameAs":["https:\/\/www.facebook.com\/believebytuularossi\/_gu3udgu0BZPTzcnU","https:\/\/www.instagram.com\/believebytuularossi\/","https:\/\/www.pinterest.com\/believebytuularossi\/"]}]}},"_links":{"self":[{"href":"https:\/\/believebytuularossi.com\/fi\/wp-json\/wp\/v2\/product\/16252","targetHints":{"allow":["GET"]}}],"collection":[{"href":"https:\/\/believebytuularossi.com\/fi\/wp-json\/wp\/v2\/product"}],"about":[{"href":"https:\/\/believebytuularossi.com\/fi\/wp-json\/wp\/v2\/types\/product"}],"wp:featuredmedia":[{"embeddable":true,"href":"https:\/\/believebytuularossi.com\/fi\/wp-json\/wp\/v2\/media\/13127"}],"wp:attachment":[{"href":"https:\/\/believebytuularossi.com\/fi\/wp-json\/wp\/v2\/media?parent=16252"}],"wp:term":[{"taxonomy":"product_brand","embeddable":true,"href":"https:\/\/believebytuularossi.com\/fi\/wp-json\/wp\/v2\/product_brand?post=16252"},{"taxonomy":"product_cat","embeddable":true,"href":"https:\/\/believebytuularossi.com\/fi\/wp-json\/wp\/v2\/product_cat?post=16252"},{"taxonomy":"product_tag","embeddable":true,"href":"https:\/\/believebytuularossi.com\/fi\/wp-json\/wp\/v2\/product_tag?post=16252"}],"curies":[{"name":"wp","href":"https:\/\/api.w.org\/{rel}","templated":true}]}}