{"id":16266,"date":"2019-08-28T14:25:25","date_gmt":"2019-08-28T12:25:25","guid":{"rendered":"https:\/\/believebytuularossi.com\/product\/lauren-fur-blueberry-tikattu-naisten-takki-ekoturkisvuorella\/"},"modified":"2024-11-05T20:54:30","modified_gmt":"2024-11-05T19:54:30","slug":"lauren-fur-blueberry-tikattu-naisten-takki-ekoturkisvuorella","status":"publish","type":"product","link":"https:\/\/believebytuularossi.com\/fi\/tuote\/lauren-fur-blueberry-tikattu-naisten-takki-ekoturkisvuorella\/","title":{"rendered":"Lauren Fur Blueberry -tikattu naisten takki ekoturkisvuorella, mustikansininen"},"content":{"rendered":"","protected":false},"excerpt":{"rendered":"<p>T\u00e4m\u00e4 kaunis hupullinen tikkitakki pehme\u00e4ll\u00e4 tekoturkisvuorella pit\u00e4\u00e4 sinut l\u00e4mpim\u00e4n\u00e4 kylmin\u00e4 p\u00e4ivin\u00e4! Lauren Fur -talvitakki imartelee vartaloasi! Moderni ja muodikas Lauren Fur -takki on t\u00e4ydellinen takkivalinta naisille, jotka pit\u00e4v\u00e4t yksinkertaisesta kaupunkityylist\u00e4. Ylelliset 2-suuntaiset vetoketjutaskut antavat vartalollesi ohutta ilmett\u00e4. T\u00e4ydellisen leikkauksen ansiosta voit tuntea olosi mukavaksi ja n\u00e4ytt\u00e4\u00e4 hyv\u00e4lt\u00e4!<\/p>\n<p>Ylelliset kaksisuuntaiset logovetoketjut taskuissa saavat vy\u00f6t\u00e4r\u00f6si n\u00e4ytt\u00e4m\u00e4\u00e4n kapeammalta ja vartalosi naisellisen kurvikkaalta. T\u00e4ydellisen leikkauksen ansiosta voit tuntea olosi mukavaksi ja n\u00e4ytt\u00e4\u00e4 hyv\u00e4lt\u00e4 koostasi riippumatta!<\/p>\n<p>Lauren Fur Modern Box -ruutukuosilla tikattu p\u00e4\u00e4llystakki sopii my\u00f6s pitemmille naisille, sill\u00e4 hihan pituus on hieman tavallista pidempi. Joustavat hihansuut takaavat t\u00e4ydellisen pituuden kaikenpituisille naisille. Hihoissa on raikkaan keltainen vuori, joka on yksi BELIEVE by tuula rossi -malliston erityispiirteist\u00e4.<\/p>\n","protected":false},"featured_media":13517,"template":"","meta":{"_acf_changed":false},"product_brand":[],"product_cat":[130],"product_tag":[],"class_list":{"0":"post-16266","1":"product","2":"type-product","3":"status-publish","4":"has-post-thumbnail","6":"product_cat-syksytakit-talvitakit","7":"pa_ewd_uwcf_colors-navy","8":"pa_size-34-fi","9":"pa_size-36-fi","10":"pa_size-38-fi","11":"pa_size-40-fi","12":"pa_size-42-fi","13":"pa_size-44-fi","14":"pa_size-46-fi","15":"pa_size-48-fi","16":"pa_size-50-fi","17":"pa_size-52-fi","18":"pa_size-54-fi","19":"product_color-navy-fi","21":"first","22":"instock","23":"taxable","24":"shipping-taxable","25":"purchasable","26":"product-type-variable"},"acf":[],"yoast_head":"<!-- This site is optimized with the Yoast SEO plugin v27.5 - https:\/\/yoast.com\/product\/yoast-seo-wordpress\/ -->\n<title>Lauren Fur Blueberry -tikattu naisten takki ekoturkisvuorella, mustikansininen &#8211; BELIEVE by tuula rossi<\/title>\n<meta name=\"description\" content=\"Lauren Fur Blueberry -mustikansininen tikattu naisten takki ekoturkisvuorella on t\u00e4ydellinen talvitakkivalinta modernille naiselle\" \/>\n<meta name=\"robots\" content=\"index, follow, max-snippet:-1, max-image-preview:large, max-video-preview:-1\" \/>\n<link rel=\"canonical\" href=\"https:\/\/believebytuularossi.com\/fi\/tuote\/lauren-fur-blueberry-tikattu-naisten-takki-ekoturkisvuorella\/\" \/>\n<meta property=\"og:locale\" content=\"fi_FI\" \/>\n<meta property=\"og:type\" content=\"article\" \/>\n<meta property=\"og:title\" content=\"Lauren Fur Blueberry -tikattu naisten takki ekoturkisvuorella, mustikansininen &#8211; BELIEVE by tuula rossi\" \/>\n<meta property=\"og:description\" content=\"Lauren Fur Blueberry -mustikansininen tikattu naisten takki ekoturkisvuorella on t\u00e4ydellinen talvitakkivalinta modernille naiselle\" \/>\n<meta property=\"og:url\" content=\"https:\/\/believebytuularossi.com\/fi\/tuote\/lauren-fur-blueberry-tikattu-naisten-takki-ekoturkisvuorella\/\" \/>\n<meta property=\"og:site_name\" content=\"BELIEVE by tuula rossi\" \/>\n<meta property=\"article:publisher\" content=\"https:\/\/www.facebook.com\/believebytuularossi\/_gu3udgu0BZPTzcnU\" \/>\n<meta property=\"article:modified_time\" content=\"2024-11-05T19:54:30+00:00\" \/>\n<meta property=\"og:image\" content=\"https:\/\/believebytuularossi.com\/wp-content\/uploads\/2019\/08\/Lauren-Fur-Blueberry-AW19-4.jpg\" \/>\n\t<meta property=\"og:image:width\" content=\"1366\" \/>\n\t<meta property=\"og:image:height\" content=\"2048\" \/>\n\t<meta property=\"og:image:type\" content=\"image\/jpeg\" \/>\n<meta name=\"twitter:card\" content=\"summary_large_image\" \/>\n<meta name=\"twitter:label1\" content=\"Arvioitu lukuaika\" \/>\n\t<meta name=\"twitter:data1\" content=\"1 minuutti\" \/>\n<script type=\"application\/ld+json\" class=\"yoast-schema-graph\">{\"@context\":\"https:\\\/\\\/schema.org\",\"@graph\":[{\"@type\":\"WebPage\",\"@id\":\"https:\\\/\\\/believebytuularossi.com\\\/fi\\\/tuote\\\/lauren-fur-blueberry-tikattu-naisten-takki-ekoturkisvuorella\\\/\",\"url\":\"https:\\\/\\\/believebytuularossi.com\\\/fi\\\/tuote\\\/lauren-fur-blueberry-tikattu-naisten-takki-ekoturkisvuorella\\\/\",\"name\":\"Lauren Fur Blueberry -tikattu naisten takki ekoturkisvuorella, mustikansininen &#8211; BELIEVE by tuula rossi\",\"isPartOf\":{\"@id\":\"https:\\\/\\\/believebytuularossi.com\\\/fi\\\/#website\"},\"primaryImageOfPage\":{\"@id\":\"https:\\\/\\\/believebytuularossi.com\\\/fi\\\/tuote\\\/lauren-fur-blueberry-tikattu-naisten-takki-ekoturkisvuorella\\\/#primaryimage\"},\"image\":{\"@id\":\"https:\\\/\\\/believebytuularossi.com\\\/fi\\\/tuote\\\/lauren-fur-blueberry-tikattu-naisten-takki-ekoturkisvuorella\\\/#primaryimage\"},\"thumbnailUrl\":\"https:\\\/\\\/believebytuularossi.com\\\/wp-content\\\/uploads\\\/2019\\\/08\\\/Lauren-Fur-Blueberry-AW19-4.jpg\",\"datePublished\":\"2019-08-28T12:25:25+00:00\",\"dateModified\":\"2024-11-05T19:54:30+00:00\",\"description\":\"Lauren Fur Blueberry -mustikansininen tikattu naisten takki ekoturkisvuorella on t\u00e4ydellinen talvitakkivalinta modernille naiselle\",\"breadcrumb\":{\"@id\":\"https:\\\/\\\/believebytuularossi.com\\\/fi\\\/tuote\\\/lauren-fur-blueberry-tikattu-naisten-takki-ekoturkisvuorella\\\/#breadcrumb\"},\"inLanguage\":\"fi\",\"potentialAction\":[{\"@type\":\"ReadAction\",\"target\":[\"https:\\\/\\\/believebytuularossi.com\\\/fi\\\/tuote\\\/lauren-fur-blueberry-tikattu-naisten-takki-ekoturkisvuorella\\\/\"]}]},{\"@type\":\"ImageObject\",\"inLanguage\":\"fi\",\"@id\":\"https:\\\/\\\/believebytuularossi.com\\\/fi\\\/tuote\\\/lauren-fur-blueberry-tikattu-naisten-takki-ekoturkisvuorella\\\/#primaryimage\",\"url\":\"https:\\\/\\\/believebytuularossi.com\\\/wp-content\\\/uploads\\\/2019\\\/08\\\/Lauren-Fur-Blueberry-AW19-4.jpg\",\"contentUrl\":\"https:\\\/\\\/believebytuularossi.com\\\/wp-content\\\/uploads\\\/2019\\\/08\\\/Lauren-Fur-Blueberry-AW19-4.jpg\",\"width\":1366,\"height\":2048,\"caption\":\"Lauren Fur Blueberry AW19 4\"},{\"@type\":\"BreadcrumbList\",\"@id\":\"https:\\\/\\\/believebytuularossi.com\\\/fi\\\/tuote\\\/lauren-fur-blueberry-tikattu-naisten-takki-ekoturkisvuorella\\\/#breadcrumb\",\"itemListElement\":[{\"@type\":\"ListItem\",\"position\":1,\"name\":\"Home\",\"item\":\"https:\\\/\\\/believebytuularossi.com\\\/fi\\\/\"},{\"@type\":\"ListItem\",\"position\":2,\"name\":\"Shop\",\"item\":\"https:\\\/\\\/believebytuularossi.com\\\/shop\\\/\"},{\"@type\":\"ListItem\",\"position\":3,\"name\":\"Lauren Fur Blueberry -tikattu naisten takki ekoturkisvuorella, mustikansininen\"}]},{\"@type\":\"WebSite\",\"@id\":\"https:\\\/\\\/believebytuularossi.com\\\/fi\\\/#website\",\"url\":\"https:\\\/\\\/believebytuularossi.com\\\/fi\\\/\",\"name\":\"BELIEVE by tuula rossi\",\"description\":\"A unique, luxurious, original outerwear collection created by passion and love for today\u2019s fashionable woman and her desire for timeless style.          Perfect fit for the modern, feminine woman of any age.\",\"publisher\":{\"@id\":\"https:\\\/\\\/believebytuularossi.com\\\/fi\\\/#organization\"},\"potentialAction\":[{\"@type\":\"SearchAction\",\"target\":{\"@type\":\"EntryPoint\",\"urlTemplate\":\"https:\\\/\\\/believebytuularossi.com\\\/fi\\\/?s={search_term_string}\"},\"query-input\":{\"@type\":\"PropertyValueSpecification\",\"valueRequired\":true,\"valueName\":\"search_term_string\"}}],\"inLanguage\":\"fi\"},{\"@type\":\"Organization\",\"@id\":\"https:\\\/\\\/believebytuularossi.com\\\/fi\\\/#organization\",\"name\":\"BELIEVE by tuula rossi\",\"url\":\"https:\\\/\\\/believebytuularossi.com\\\/fi\\\/\",\"logo\":{\"@type\":\"ImageObject\",\"inLanguage\":\"fi\",\"@id\":\"https:\\\/\\\/believebytuularossi.com\\\/fi\\\/#\\\/schema\\\/logo\\\/image\\\/\",\"url\":\"https:\\\/\\\/believebytuularossi.com\\\/wp-content\\\/uploads\\\/2018\\\/08\\\/rossi-logo_new.png\",\"contentUrl\":\"https:\\\/\\\/believebytuularossi.com\\\/wp-content\\\/uploads\\\/2018\\\/08\\\/rossi-logo_new.png\",\"width\":300,\"height\":143,\"caption\":\"BELIEVE by tuula rossi\"},\"image\":{\"@id\":\"https:\\\/\\\/believebytuularossi.com\\\/fi\\\/#\\\/schema\\\/logo\\\/image\\\/\"},\"sameAs\":[\"https:\\\/\\\/www.facebook.com\\\/believebytuularossi\\\/_gu3udgu0BZPTzcnU\",\"https:\\\/\\\/www.instagram.com\\\/believebytuularossi\\\/\",\"https:\\\/\\\/www.pinterest.com\\\/believebytuularossi\\\/\"]}]}<\/script>\n<!-- \/ Yoast SEO plugin. -->","yoast_head_json":{"title":"Lauren Fur Blueberry -tikattu naisten takki ekoturkisvuorella, mustikansininen &#8211; BELIEVE by tuula rossi","description":"Lauren Fur Blueberry -mustikansininen tikattu naisten takki ekoturkisvuorella on t\u00e4ydellinen talvitakkivalinta modernille naiselle","robots":{"index":"index","follow":"follow","max-snippet":"max-snippet:-1","max-image-preview":"max-image-preview:large","max-video-preview":"max-video-preview:-1"},"canonical":"https:\/\/believebytuularossi.com\/fi\/tuote\/lauren-fur-blueberry-tikattu-naisten-takki-ekoturkisvuorella\/","og_locale":"fi_FI","og_type":"article","og_title":"Lauren Fur Blueberry -tikattu naisten takki ekoturkisvuorella, mustikansininen &#8211; BELIEVE by tuula rossi","og_description":"Lauren Fur Blueberry -mustikansininen tikattu naisten takki ekoturkisvuorella on t\u00e4ydellinen talvitakkivalinta modernille naiselle","og_url":"https:\/\/believebytuularossi.com\/fi\/tuote\/lauren-fur-blueberry-tikattu-naisten-takki-ekoturkisvuorella\/","og_site_name":"BELIEVE by tuula rossi","article_publisher":"https:\/\/www.facebook.com\/believebytuularossi\/_gu3udgu0BZPTzcnU","article_modified_time":"2024-11-05T19:54:30+00:00","og_image":[{"width":1366,"height":2048,"url":"https:\/\/believebytuularossi.com\/wp-content\/uploads\/2019\/08\/Lauren-Fur-Blueberry-AW19-4.jpg","type":"image\/jpeg"}],"twitter_card":"summary_large_image","twitter_misc":{"Arvioitu lukuaika":"1 minuutti"},"schema":{"@context":"https:\/\/schema.org","@graph":[{"@type":"WebPage","@id":"https:\/\/believebytuularossi.com\/fi\/tuote\/lauren-fur-blueberry-tikattu-naisten-takki-ekoturkisvuorella\/","url":"https:\/\/believebytuularossi.com\/fi\/tuote\/lauren-fur-blueberry-tikattu-naisten-takki-ekoturkisvuorella\/","name":"Lauren Fur Blueberry -tikattu naisten takki ekoturkisvuorella, mustikansininen &#8211; BELIEVE by tuula rossi","isPartOf":{"@id":"https:\/\/believebytuularossi.com\/fi\/#website"},"primaryImageOfPage":{"@id":"https:\/\/believebytuularossi.com\/fi\/tuote\/lauren-fur-blueberry-tikattu-naisten-takki-ekoturkisvuorella\/#primaryimage"},"image":{"@id":"https:\/\/believebytuularossi.com\/fi\/tuote\/lauren-fur-blueberry-tikattu-naisten-takki-ekoturkisvuorella\/#primaryimage"},"thumbnailUrl":"https:\/\/believebytuularossi.com\/wp-content\/uploads\/2019\/08\/Lauren-Fur-Blueberry-AW19-4.jpg","datePublished":"2019-08-28T12:25:25+00:00","dateModified":"2024-11-05T19:54:30+00:00","description":"Lauren Fur Blueberry -mustikansininen tikattu naisten takki ekoturkisvuorella on t\u00e4ydellinen talvitakkivalinta modernille naiselle","breadcrumb":{"@id":"https:\/\/believebytuularossi.com\/fi\/tuote\/lauren-fur-blueberry-tikattu-naisten-takki-ekoturkisvuorella\/#breadcrumb"},"inLanguage":"fi","potentialAction":[{"@type":"ReadAction","target":["https:\/\/believebytuularossi.com\/fi\/tuote\/lauren-fur-blueberry-tikattu-naisten-takki-ekoturkisvuorella\/"]}]},{"@type":"ImageObject","inLanguage":"fi","@id":"https:\/\/believebytuularossi.com\/fi\/tuote\/lauren-fur-blueberry-tikattu-naisten-takki-ekoturkisvuorella\/#primaryimage","url":"https:\/\/believebytuularossi.com\/wp-content\/uploads\/2019\/08\/Lauren-Fur-Blueberry-AW19-4.jpg","contentUrl":"https:\/\/believebytuularossi.com\/wp-content\/uploads\/2019\/08\/Lauren-Fur-Blueberry-AW19-4.jpg","width":1366,"height":2048,"caption":"Lauren Fur Blueberry AW19 4"},{"@type":"BreadcrumbList","@id":"https:\/\/believebytuularossi.com\/fi\/tuote\/lauren-fur-blueberry-tikattu-naisten-takki-ekoturkisvuorella\/#breadcrumb","itemListElement":[{"@type":"ListItem","position":1,"name":"Home","item":"https:\/\/believebytuularossi.com\/fi\/"},{"@type":"ListItem","position":2,"name":"Shop","item":"https:\/\/believebytuularossi.com\/shop\/"},{"@type":"ListItem","position":3,"name":"Lauren Fur Blueberry -tikattu naisten takki ekoturkisvuorella, mustikansininen"}]},{"@type":"WebSite","@id":"https:\/\/believebytuularossi.com\/fi\/#website","url":"https:\/\/believebytuularossi.com\/fi\/","name":"BELIEVE by tuula rossi","description":"A unique, luxurious, original outerwear collection created by passion and love for today\u2019s fashionable woman and her desire for timeless style.          Perfect fit for the modern, feminine woman of any age.","publisher":{"@id":"https:\/\/believebytuularossi.com\/fi\/#organization"},"potentialAction":[{"@type":"SearchAction","target":{"@type":"EntryPoint","urlTemplate":"https:\/\/believebytuularossi.com\/fi\/?s={search_term_string}"},"query-input":{"@type":"PropertyValueSpecification","valueRequired":true,"valueName":"search_term_string"}}],"inLanguage":"fi"},{"@type":"Organization","@id":"https:\/\/believebytuularossi.com\/fi\/#organization","name":"BELIEVE by tuula rossi","url":"https:\/\/believebytuularossi.com\/fi\/","logo":{"@type":"ImageObject","inLanguage":"fi","@id":"https:\/\/believebytuularossi.com\/fi\/#\/schema\/logo\/image\/","url":"https:\/\/believebytuularossi.com\/wp-content\/uploads\/2018\/08\/rossi-logo_new.png","contentUrl":"https:\/\/believebytuularossi.com\/wp-content\/uploads\/2018\/08\/rossi-logo_new.png","width":300,"height":143,"caption":"BELIEVE by tuula rossi"},"image":{"@id":"https:\/\/believebytuularossi.com\/fi\/#\/schema\/logo\/image\/"},"sameAs":["https:\/\/www.facebook.com\/believebytuularossi\/_gu3udgu0BZPTzcnU","https:\/\/www.instagram.com\/believebytuularossi\/","https:\/\/www.pinterest.com\/believebytuularossi\/"]}]}},"_links":{"self":[{"href":"https:\/\/believebytuularossi.com\/fi\/wp-json\/wp\/v2\/product\/16266","targetHints":{"allow":["GET"]}}],"collection":[{"href":"https:\/\/believebytuularossi.com\/fi\/wp-json\/wp\/v2\/product"}],"about":[{"href":"https:\/\/believebytuularossi.com\/fi\/wp-json\/wp\/v2\/types\/product"}],"wp:featuredmedia":[{"embeddable":true,"href":"https:\/\/believebytuularossi.com\/fi\/wp-json\/wp\/v2\/media\/13517"}],"wp:attachment":[{"href":"https:\/\/believebytuularossi.com\/fi\/wp-json\/wp\/v2\/media?parent=16266"}],"wp:term":[{"taxonomy":"product_brand","embeddable":true,"href":"https:\/\/believebytuularossi.com\/fi\/wp-json\/wp\/v2\/product_brand?post=16266"},{"taxonomy":"product_cat","embeddable":true,"href":"https:\/\/believebytuularossi.com\/fi\/wp-json\/wp\/v2\/product_cat?post=16266"},{"taxonomy":"product_tag","embeddable":true,"href":"https:\/\/believebytuularossi.com\/fi\/wp-json\/wp\/v2\/product_tag?post=16266"}],"curies":[{"name":"wp","href":"https:\/\/api.w.org\/{rel}","templated":true}]}}