{"id":16302,"date":"2019-08-28T14:10:19","date_gmt":"2019-08-28T12:10:19","guid":{"rendered":"https:\/\/believebytuularossi.com\/product\/victoria-fur-black-tikattu-naisten-takki-ekoturkisvuorella-musta\/"},"modified":"2024-11-05T20:50:57","modified_gmt":"2024-11-05T19:50:57","slug":"victoria-fur-black-tikattu-naisten-takki-ekoturkisvuorella-musta","status":"publish","type":"product","link":"https:\/\/believebytuularossi.com\/fi\/tuote\/victoria-fur-black-tikattu-naisten-takki-ekoturkisvuorella-musta\/","title":{"rendered":"Victoria Fur Black -tikattu naisten takki ekoturkisvuorella, musta"},"content":{"rendered":"","protected":false},"excerpt":{"rendered":"<p>T\u00e4m\u00e4 kaunis hupullinen p\u00e4\u00e4llystakki pehme\u00e4ll\u00e4 turkisvuorella pit\u00e4\u00e4 sinut l\u00e4mpim\u00e4n\u00e4 kylmin\u00e4 p\u00e4ivin\u00e4! Hyvin istuva huppu on irrotettava tyylikk\u00e4\u00e4ll\u00e4 ylellisell\u00e4 kaksisuuntaisella vetoketjulla. Victoria Fur -p\u00e4\u00e4llystakki imartelee vartaloasi! T\u00e4m\u00e4 l\u00e4mmin tikkitakki on moderni ja muodikas ja se sopii naisille, jotka pit\u00e4v\u00e4t kaupunkityylist\u00e4 ja upean yksinkertaisista vaatekokonaisuuksista.\u00a0Ylelliset kaksisuuntaiset logovetoketjut taskuissa saavat vy\u00f6t\u00e4r\u00f6si n\u00e4ytt\u00e4m\u00e4\u00e4n kapeammalta ja vartalosi naisellisen kurvikkaalta. T\u00e4ydellisen leikkauksen ansiosta voit tuntea olosi mukavaksi ja n\u00e4ytt\u00e4\u00e4 hyv\u00e4lt\u00e4 koostasi riippumatta!<\/p>\n<p>Victoria Fur Mini Stripe -raitakuosilla tikattu p\u00e4\u00e4llystakki sopii my\u00f6s pitemmille naisille, sill\u00e4 hihan pituus on hieman tavallista pidempi. Joustavat hihansuut takaavat t\u00e4ydellisen pituuden kaikenpituisille naisille. Hihoissa on raikkaan keltainen vuori, joka on yksi BELIEVE by tuula rossi -malliston erityispiirteist\u00e4.<\/p>\n","protected":false},"featured_media":12822,"template":"","meta":{"_acf_changed":false},"product_brand":[],"product_cat":[130],"product_tag":[],"class_list":{"0":"post-16302","1":"product","2":"type-product","3":"status-publish","4":"has-post-thumbnail","6":"product_cat-syksytakit-talvitakit","7":"pa_ewd_uwcf_colors-black","8":"pa_ewd_uwcf_colors-musta","9":"pa_size-34-fi","10":"pa_size-36-fi","11":"pa_size-38-fi","12":"pa_size-40-fi","13":"pa_size-42-fi","14":"pa_size-44-fi","15":"pa_size-46-fi","16":"pa_size-48-fi","17":"pa_size-50-fi","18":"pa_size-52-fi","19":"pa_size-54-fi","20":"product_color-black-fi","22":"first","23":"instock","24":"taxable","25":"shipping-taxable","26":"purchasable","27":"product-type-variable"},"acf":[],"yoast_head":"<!-- This site is optimized with the Yoast SEO plugin v27.4 - https:\/\/yoast.com\/product\/yoast-seo-wordpress\/ -->\n<title>Victoria Fur Black -tikattu naisten takki ekoturkisvuorella, musta &#8211; BELIEVE by tuula rossi<\/title>\n<meta name=\"description\" content=\"Victoria Fur Black - musta tikattu naisten takki ekoturkisvuorella on t\u00e4ydellinen talvitakkivalinta modernille naiselle\" \/>\n<meta name=\"robots\" content=\"index, follow, max-snippet:-1, max-image-preview:large, max-video-preview:-1\" \/>\n<link rel=\"canonical\" href=\"https:\/\/believebytuularossi.com\/fi\/tuote\/victoria-fur-black-tikattu-naisten-takki-ekoturkisvuorella-musta\/\" \/>\n<meta property=\"og:locale\" content=\"fi_FI\" \/>\n<meta property=\"og:type\" content=\"article\" \/>\n<meta property=\"og:title\" content=\"Victoria Fur Black -tikattu naisten takki ekoturkisvuorella, musta &#8211; BELIEVE by tuula rossi\" \/>\n<meta property=\"og:description\" content=\"Victoria Fur Black - musta tikattu naisten takki ekoturkisvuorella on t\u00e4ydellinen talvitakkivalinta modernille naiselle\" \/>\n<meta property=\"og:url\" content=\"https:\/\/believebytuularossi.com\/fi\/tuote\/victoria-fur-black-tikattu-naisten-takki-ekoturkisvuorella-musta\/\" \/>\n<meta property=\"og:site_name\" content=\"BELIEVE by tuula rossi\" \/>\n<meta property=\"article:publisher\" content=\"https:\/\/www.facebook.com\/believebytuularossi\/_gu3udgu0BZPTzcnU\" \/>\n<meta property=\"article:modified_time\" content=\"2024-11-05T19:50:57+00:00\" \/>\n<meta property=\"og:image\" content=\"https:\/\/believebytuularossi.com\/wp-content\/uploads\/2018\/08\/20180701-181831-Believe-byt-Tuula-Rossi-2054-Edit-grey.png\" \/>\n\t<meta property=\"og:image:width\" content=\"1363\" \/>\n\t<meta property=\"og:image:height\" content=\"2048\" \/>\n\t<meta property=\"og:image:type\" content=\"image\/png\" \/>\n<meta name=\"twitter:card\" content=\"summary_large_image\" \/>\n<meta name=\"twitter:label1\" content=\"Arvioitu lukuaika\" \/>\n\t<meta name=\"twitter:data1\" content=\"1 minuutti\" \/>\n<script type=\"application\/ld+json\" class=\"yoast-schema-graph\">{\"@context\":\"https:\\\/\\\/schema.org\",\"@graph\":[{\"@type\":\"WebPage\",\"@id\":\"https:\\\/\\\/believebytuularossi.com\\\/fi\\\/tuote\\\/victoria-fur-black-tikattu-naisten-takki-ekoturkisvuorella-musta\\\/\",\"url\":\"https:\\\/\\\/believebytuularossi.com\\\/fi\\\/tuote\\\/victoria-fur-black-tikattu-naisten-takki-ekoturkisvuorella-musta\\\/\",\"name\":\"Victoria Fur Black -tikattu naisten takki ekoturkisvuorella, musta &#8211; BELIEVE by tuula rossi\",\"isPartOf\":{\"@id\":\"https:\\\/\\\/believebytuularossi.com\\\/fi\\\/#website\"},\"primaryImageOfPage\":{\"@id\":\"https:\\\/\\\/believebytuularossi.com\\\/fi\\\/tuote\\\/victoria-fur-black-tikattu-naisten-takki-ekoturkisvuorella-musta\\\/#primaryimage\"},\"image\":{\"@id\":\"https:\\\/\\\/believebytuularossi.com\\\/fi\\\/tuote\\\/victoria-fur-black-tikattu-naisten-takki-ekoturkisvuorella-musta\\\/#primaryimage\"},\"thumbnailUrl\":\"https:\\\/\\\/believebytuularossi.com\\\/wp-content\\\/uploads\\\/2018\\\/08\\\/20180701-181831-Believe-byt-Tuula-Rossi-2054-Edit-grey.png\",\"datePublished\":\"2019-08-28T12:10:19+00:00\",\"dateModified\":\"2024-11-05T19:50:57+00:00\",\"description\":\"Victoria Fur Black - musta tikattu naisten takki ekoturkisvuorella on t\u00e4ydellinen talvitakkivalinta modernille naiselle\",\"breadcrumb\":{\"@id\":\"https:\\\/\\\/believebytuularossi.com\\\/fi\\\/tuote\\\/victoria-fur-black-tikattu-naisten-takki-ekoturkisvuorella-musta\\\/#breadcrumb\"},\"inLanguage\":\"fi\",\"potentialAction\":[{\"@type\":\"ReadAction\",\"target\":[\"https:\\\/\\\/believebytuularossi.com\\\/fi\\\/tuote\\\/victoria-fur-black-tikattu-naisten-takki-ekoturkisvuorella-musta\\\/\"]}]},{\"@type\":\"ImageObject\",\"inLanguage\":\"fi\",\"@id\":\"https:\\\/\\\/believebytuularossi.com\\\/fi\\\/tuote\\\/victoria-fur-black-tikattu-naisten-takki-ekoturkisvuorella-musta\\\/#primaryimage\",\"url\":\"https:\\\/\\\/believebytuularossi.com\\\/wp-content\\\/uploads\\\/2018\\\/08\\\/20180701-181831-Believe-byt-Tuula-Rossi-2054-Edit-grey.png\",\"contentUrl\":\"https:\\\/\\\/believebytuularossi.com\\\/wp-content\\\/uploads\\\/2018\\\/08\\\/20180701-181831-Believe-byt-Tuula-Rossi-2054-Edit-grey.png\",\"width\":1363,\"height\":2048,\"caption\":\"20180701 181831 Believe byt Tuula Rossi 2054 Edit grey\"},{\"@type\":\"BreadcrumbList\",\"@id\":\"https:\\\/\\\/believebytuularossi.com\\\/fi\\\/tuote\\\/victoria-fur-black-tikattu-naisten-takki-ekoturkisvuorella-musta\\\/#breadcrumb\",\"itemListElement\":[{\"@type\":\"ListItem\",\"position\":1,\"name\":\"Home\",\"item\":\"https:\\\/\\\/believebytuularossi.com\\\/fi\\\/\"},{\"@type\":\"ListItem\",\"position\":2,\"name\":\"Shop\",\"item\":\"https:\\\/\\\/believebytuularossi.com\\\/shop\\\/\"},{\"@type\":\"ListItem\",\"position\":3,\"name\":\"Victoria Fur Black -tikattu naisten takki ekoturkisvuorella, musta\"}]},{\"@type\":\"WebSite\",\"@id\":\"https:\\\/\\\/believebytuularossi.com\\\/fi\\\/#website\",\"url\":\"https:\\\/\\\/believebytuularossi.com\\\/fi\\\/\",\"name\":\"BELIEVE by tuula rossi\",\"description\":\"A unique, luxurious, original outerwear collection created by passion and love for today\u2019s fashionable woman and her desire for timeless style.          Perfect fit for the modern, feminine woman of any age.\",\"publisher\":{\"@id\":\"https:\\\/\\\/believebytuularossi.com\\\/fi\\\/#organization\"},\"potentialAction\":[{\"@type\":\"SearchAction\",\"target\":{\"@type\":\"EntryPoint\",\"urlTemplate\":\"https:\\\/\\\/believebytuularossi.com\\\/fi\\\/?s={search_term_string}\"},\"query-input\":{\"@type\":\"PropertyValueSpecification\",\"valueRequired\":true,\"valueName\":\"search_term_string\"}}],\"inLanguage\":\"fi\"},{\"@type\":\"Organization\",\"@id\":\"https:\\\/\\\/believebytuularossi.com\\\/fi\\\/#organization\",\"name\":\"BELIEVE by tuula rossi\",\"url\":\"https:\\\/\\\/believebytuularossi.com\\\/fi\\\/\",\"logo\":{\"@type\":\"ImageObject\",\"inLanguage\":\"fi\",\"@id\":\"https:\\\/\\\/believebytuularossi.com\\\/fi\\\/#\\\/schema\\\/logo\\\/image\\\/\",\"url\":\"https:\\\/\\\/believebytuularossi.com\\\/wp-content\\\/uploads\\\/2018\\\/08\\\/rossi-logo_new.png\",\"contentUrl\":\"https:\\\/\\\/believebytuularossi.com\\\/wp-content\\\/uploads\\\/2018\\\/08\\\/rossi-logo_new.png\",\"width\":300,\"height\":143,\"caption\":\"BELIEVE by tuula rossi\"},\"image\":{\"@id\":\"https:\\\/\\\/believebytuularossi.com\\\/fi\\\/#\\\/schema\\\/logo\\\/image\\\/\"},\"sameAs\":[\"https:\\\/\\\/www.facebook.com\\\/believebytuularossi\\\/_gu3udgu0BZPTzcnU\",\"https:\\\/\\\/www.instagram.com\\\/believebytuularossi\\\/\",\"https:\\\/\\\/www.pinterest.com\\\/believebytuularossi\\\/\"]}]}<\/script>\n<!-- \/ Yoast SEO plugin. -->","yoast_head_json":{"title":"Victoria Fur Black -tikattu naisten takki ekoturkisvuorella, musta &#8211; BELIEVE by tuula rossi","description":"Victoria Fur Black - musta tikattu naisten takki ekoturkisvuorella on t\u00e4ydellinen talvitakkivalinta modernille naiselle","robots":{"index":"index","follow":"follow","max-snippet":"max-snippet:-1","max-image-preview":"max-image-preview:large","max-video-preview":"max-video-preview:-1"},"canonical":"https:\/\/believebytuularossi.com\/fi\/tuote\/victoria-fur-black-tikattu-naisten-takki-ekoturkisvuorella-musta\/","og_locale":"fi_FI","og_type":"article","og_title":"Victoria Fur Black -tikattu naisten takki ekoturkisvuorella, musta &#8211; BELIEVE by tuula rossi","og_description":"Victoria Fur Black - musta tikattu naisten takki ekoturkisvuorella on t\u00e4ydellinen talvitakkivalinta modernille naiselle","og_url":"https:\/\/believebytuularossi.com\/fi\/tuote\/victoria-fur-black-tikattu-naisten-takki-ekoturkisvuorella-musta\/","og_site_name":"BELIEVE by tuula rossi","article_publisher":"https:\/\/www.facebook.com\/believebytuularossi\/_gu3udgu0BZPTzcnU","article_modified_time":"2024-11-05T19:50:57+00:00","og_image":[{"width":1363,"height":2048,"url":"https:\/\/believebytuularossi.com\/wp-content\/uploads\/2018\/08\/20180701-181831-Believe-byt-Tuula-Rossi-2054-Edit-grey.png","type":"image\/png"}],"twitter_card":"summary_large_image","twitter_misc":{"Arvioitu lukuaika":"1 minuutti"},"schema":{"@context":"https:\/\/schema.org","@graph":[{"@type":"WebPage","@id":"https:\/\/believebytuularossi.com\/fi\/tuote\/victoria-fur-black-tikattu-naisten-takki-ekoturkisvuorella-musta\/","url":"https:\/\/believebytuularossi.com\/fi\/tuote\/victoria-fur-black-tikattu-naisten-takki-ekoturkisvuorella-musta\/","name":"Victoria Fur Black -tikattu naisten takki ekoturkisvuorella, musta &#8211; BELIEVE by tuula rossi","isPartOf":{"@id":"https:\/\/believebytuularossi.com\/fi\/#website"},"primaryImageOfPage":{"@id":"https:\/\/believebytuularossi.com\/fi\/tuote\/victoria-fur-black-tikattu-naisten-takki-ekoturkisvuorella-musta\/#primaryimage"},"image":{"@id":"https:\/\/believebytuularossi.com\/fi\/tuote\/victoria-fur-black-tikattu-naisten-takki-ekoturkisvuorella-musta\/#primaryimage"},"thumbnailUrl":"https:\/\/believebytuularossi.com\/wp-content\/uploads\/2018\/08\/20180701-181831-Believe-byt-Tuula-Rossi-2054-Edit-grey.png","datePublished":"2019-08-28T12:10:19+00:00","dateModified":"2024-11-05T19:50:57+00:00","description":"Victoria Fur Black - musta tikattu naisten takki ekoturkisvuorella on t\u00e4ydellinen talvitakkivalinta modernille naiselle","breadcrumb":{"@id":"https:\/\/believebytuularossi.com\/fi\/tuote\/victoria-fur-black-tikattu-naisten-takki-ekoturkisvuorella-musta\/#breadcrumb"},"inLanguage":"fi","potentialAction":[{"@type":"ReadAction","target":["https:\/\/believebytuularossi.com\/fi\/tuote\/victoria-fur-black-tikattu-naisten-takki-ekoturkisvuorella-musta\/"]}]},{"@type":"ImageObject","inLanguage":"fi","@id":"https:\/\/believebytuularossi.com\/fi\/tuote\/victoria-fur-black-tikattu-naisten-takki-ekoturkisvuorella-musta\/#primaryimage","url":"https:\/\/believebytuularossi.com\/wp-content\/uploads\/2018\/08\/20180701-181831-Believe-byt-Tuula-Rossi-2054-Edit-grey.png","contentUrl":"https:\/\/believebytuularossi.com\/wp-content\/uploads\/2018\/08\/20180701-181831-Believe-byt-Tuula-Rossi-2054-Edit-grey.png","width":1363,"height":2048,"caption":"20180701 181831 Believe byt Tuula Rossi 2054 Edit grey"},{"@type":"BreadcrumbList","@id":"https:\/\/believebytuularossi.com\/fi\/tuote\/victoria-fur-black-tikattu-naisten-takki-ekoturkisvuorella-musta\/#breadcrumb","itemListElement":[{"@type":"ListItem","position":1,"name":"Home","item":"https:\/\/believebytuularossi.com\/fi\/"},{"@type":"ListItem","position":2,"name":"Shop","item":"https:\/\/believebytuularossi.com\/shop\/"},{"@type":"ListItem","position":3,"name":"Victoria Fur Black -tikattu naisten takki ekoturkisvuorella, musta"}]},{"@type":"WebSite","@id":"https:\/\/believebytuularossi.com\/fi\/#website","url":"https:\/\/believebytuularossi.com\/fi\/","name":"BELIEVE by tuula rossi","description":"A unique, luxurious, original outerwear collection created by passion and love for today\u2019s fashionable woman and her desire for timeless style.          Perfect fit for the modern, feminine woman of any age.","publisher":{"@id":"https:\/\/believebytuularossi.com\/fi\/#organization"},"potentialAction":[{"@type":"SearchAction","target":{"@type":"EntryPoint","urlTemplate":"https:\/\/believebytuularossi.com\/fi\/?s={search_term_string}"},"query-input":{"@type":"PropertyValueSpecification","valueRequired":true,"valueName":"search_term_string"}}],"inLanguage":"fi"},{"@type":"Organization","@id":"https:\/\/believebytuularossi.com\/fi\/#organization","name":"BELIEVE by tuula rossi","url":"https:\/\/believebytuularossi.com\/fi\/","logo":{"@type":"ImageObject","inLanguage":"fi","@id":"https:\/\/believebytuularossi.com\/fi\/#\/schema\/logo\/image\/","url":"https:\/\/believebytuularossi.com\/wp-content\/uploads\/2018\/08\/rossi-logo_new.png","contentUrl":"https:\/\/believebytuularossi.com\/wp-content\/uploads\/2018\/08\/rossi-logo_new.png","width":300,"height":143,"caption":"BELIEVE by tuula rossi"},"image":{"@id":"https:\/\/believebytuularossi.com\/fi\/#\/schema\/logo\/image\/"},"sameAs":["https:\/\/www.facebook.com\/believebytuularossi\/_gu3udgu0BZPTzcnU","https:\/\/www.instagram.com\/believebytuularossi\/","https:\/\/www.pinterest.com\/believebytuularossi\/"]}]}},"_links":{"self":[{"href":"https:\/\/believebytuularossi.com\/fi\/wp-json\/wp\/v2\/product\/16302","targetHints":{"allow":["GET"]}}],"collection":[{"href":"https:\/\/believebytuularossi.com\/fi\/wp-json\/wp\/v2\/product"}],"about":[{"href":"https:\/\/believebytuularossi.com\/fi\/wp-json\/wp\/v2\/types\/product"}],"wp:featuredmedia":[{"embeddable":true,"href":"https:\/\/believebytuularossi.com\/fi\/wp-json\/wp\/v2\/media\/12822"}],"wp:attachment":[{"href":"https:\/\/believebytuularossi.com\/fi\/wp-json\/wp\/v2\/media?parent=16302"}],"wp:term":[{"taxonomy":"product_brand","embeddable":true,"href":"https:\/\/believebytuularossi.com\/fi\/wp-json\/wp\/v2\/product_brand?post=16302"},{"taxonomy":"product_cat","embeddable":true,"href":"https:\/\/believebytuularossi.com\/fi\/wp-json\/wp\/v2\/product_cat?post=16302"},{"taxonomy":"product_tag","embeddable":true,"href":"https:\/\/believebytuularossi.com\/fi\/wp-json\/wp\/v2\/product_tag?post=16302"}],"curies":[{"name":"wp","href":"https:\/\/api.w.org\/{rel}","templated":true}]}}