{"id":16326,"date":"2019-08-28T14:00:14","date_gmt":"2019-08-28T12:00:14","guid":{"rendered":"https:\/\/believebytuularossi.com\/product\/cara-black-hupullinen-joustava-kevyt-tikkitakki-musta\/"},"modified":"2019-08-28T14:00:14","modified_gmt":"2019-08-28T12:00:14","slug":"cara-black-hupullinen-joustava-kevyt-tikkitakki-musta","status":"publish","type":"product","link":"https:\/\/believebytuularossi.com\/fi\/tuote\/cara-black-hupullinen-joustava-kevyt-tikkitakki-musta\/","title":{"rendered":"Cara Black -hupullinen joustava kevyt tikkitakki, musta"},"content":{"rendered":"","protected":false},"excerpt":{"rendered":"<p>T\u00e4m\u00e4 naisellinen kevyt ja joustava takki hyvin istuvalla hupulla ihan varmasti tulee olemaan suosikkivaatteesi! Voit k\u00e4ytt\u00e4\u00e4 Cara-tikkitakkia toisen BELIEVE by tuula rossi -p\u00e4\u00e4llystakin alla, kun tarvitset lis\u00e4l\u00e4mp\u00f6\u00e4. Upean yksinkertainen jai muodikas Cara -takki on t\u00e4ydellinen naisille, jotka rakastavat tyylikk\u00e4it\u00e4 urbaanisia vaatteita ja ajatonta urheilullista tyyli\u00e4. Carassa on ylellinen kahdensuuntainen hopeanv\u00e4rinen vetoketju edess\u00e4 ja piilovetoketjutaskut. Takin saumoissa on hienostunut tereviimeistely. Caran materiaalin joustavuuten ansiosta takkia on eritt\u00e4in mukava k\u00e4ytt\u00e4\u00e4.<\/p>\n<p>Cara -tikkitakki on ihanteellinen my\u00f6s pitemm\u00e4lle naiselle, sill\u00e4 hihan pituus on hieman tavallista pidempi. K\u00e4\u00e4nnett\u00e4v\u00e4t hihansuut takaavat t\u00e4ydellisen pituuden kaiken pituisille naisille.<\/p>\n","protected":false},"featured_media":12895,"template":"","meta":{"_acf_changed":false},"product_brand":[],"product_cat":[130],"product_tag":[],"class_list":{"0":"post-16326","1":"product","2":"type-product","3":"status-publish","4":"has-post-thumbnail","6":"product_cat-syksytakit-talvitakit","7":"pa_ewd_uwcf_colors-black","8":"pa_size-34-fi","9":"pa_size-36-fi","10":"pa_size-38-fi","11":"pa_size-40-fi","12":"pa_size-42-fi","13":"pa_size-44-fi","14":"pa_size-46-fi","15":"pa_size-48-fi","16":"pa_size-50-fi","17":"pa_size-52-fi","18":"pa_size-54-fi","19":"product_color-black-fi","21":"first","22":"instock","23":"taxable","24":"shipping-taxable","25":"purchasable","26":"product-type-variable"},"acf":[],"yoast_head":"<!-- This site is optimized with the Yoast SEO plugin v27.5 - https:\/\/yoast.com\/product\/yoast-seo-wordpress\/ -->\n<title>Cara Black -hupullinen joustava kevyt tikkitakki, musta &#8211; BELIEVE by tuula rossi<\/title>\n<meta name=\"description\" content=\"Cara Black -lyhyt ja joustava kevyt naisten tikkitakki mustana on varma takkivalinta syksyyn\" \/>\n<meta name=\"robots\" content=\"index, follow, max-snippet:-1, max-image-preview:large, max-video-preview:-1\" \/>\n<link rel=\"canonical\" href=\"https:\/\/believebytuularossi.com\/fi\/tuote\/cara-black-hupullinen-joustava-kevyt-tikkitakki-musta\/\" \/>\n<meta property=\"og:locale\" content=\"fi_FI\" \/>\n<meta property=\"og:type\" content=\"article\" \/>\n<meta property=\"og:title\" content=\"Cara Black -hupullinen joustava kevyt tikkitakki, musta &#8211; BELIEVE by tuula rossi\" \/>\n<meta property=\"og:description\" content=\"Cara Black -lyhyt ja joustava kevyt naisten tikkitakki mustana on varma takkivalinta syksyyn\" \/>\n<meta property=\"og:url\" content=\"https:\/\/believebytuularossi.com\/fi\/tuote\/cara-black-hupullinen-joustava-kevyt-tikkitakki-musta\/\" \/>\n<meta property=\"og:site_name\" content=\"BELIEVE by tuula rossi\" \/>\n<meta property=\"article:publisher\" content=\"https:\/\/www.facebook.com\/believebytuularossi\/_gu3udgu0BZPTzcnU\" \/>\n<meta property=\"og:image\" content=\"https:\/\/believebytuularossi.com\/wp-content\/uploads\/2018\/08\/20161216-125410-Believe-0186_pp-599x900.png\" \/>\n\t<meta property=\"og:image:width\" content=\"599\" \/>\n\t<meta property=\"og:image:height\" content=\"900\" \/>\n\t<meta property=\"og:image:type\" content=\"image\/png\" \/>\n<meta name=\"twitter:card\" content=\"summary_large_image\" \/>\n<script type=\"application\/ld+json\" class=\"yoast-schema-graph\">{\"@context\":\"https:\\\/\\\/schema.org\",\"@graph\":[{\"@type\":\"WebPage\",\"@id\":\"https:\\\/\\\/believebytuularossi.com\\\/fi\\\/tuote\\\/cara-black-hupullinen-joustava-kevyt-tikkitakki-musta\\\/\",\"url\":\"https:\\\/\\\/believebytuularossi.com\\\/fi\\\/tuote\\\/cara-black-hupullinen-joustava-kevyt-tikkitakki-musta\\\/\",\"name\":\"Cara Black -hupullinen joustava kevyt tikkitakki, musta &#8211; BELIEVE by tuula rossi\",\"isPartOf\":{\"@id\":\"https:\\\/\\\/believebytuularossi.com\\\/fi\\\/#website\"},\"primaryImageOfPage\":{\"@id\":\"https:\\\/\\\/believebytuularossi.com\\\/fi\\\/tuote\\\/cara-black-hupullinen-joustava-kevyt-tikkitakki-musta\\\/#primaryimage\"},\"image\":{\"@id\":\"https:\\\/\\\/believebytuularossi.com\\\/fi\\\/tuote\\\/cara-black-hupullinen-joustava-kevyt-tikkitakki-musta\\\/#primaryimage\"},\"thumbnailUrl\":\"https:\\\/\\\/believebytuularossi.com\\\/wp-content\\\/uploads\\\/2018\\\/08\\\/20161216-125410-Believe-0186_pp.png\",\"datePublished\":\"2019-08-28T12:00:14+00:00\",\"description\":\"Cara Black -lyhyt ja joustava kevyt naisten tikkitakki mustana on varma takkivalinta syksyyn\",\"breadcrumb\":{\"@id\":\"https:\\\/\\\/believebytuularossi.com\\\/fi\\\/tuote\\\/cara-black-hupullinen-joustava-kevyt-tikkitakki-musta\\\/#breadcrumb\"},\"inLanguage\":\"fi\",\"potentialAction\":[{\"@type\":\"ReadAction\",\"target\":[\"https:\\\/\\\/believebytuularossi.com\\\/fi\\\/tuote\\\/cara-black-hupullinen-joustava-kevyt-tikkitakki-musta\\\/\"]}]},{\"@type\":\"ImageObject\",\"inLanguage\":\"fi\",\"@id\":\"https:\\\/\\\/believebytuularossi.com\\\/fi\\\/tuote\\\/cara-black-hupullinen-joustava-kevyt-tikkitakki-musta\\\/#primaryimage\",\"url\":\"https:\\\/\\\/believebytuularossi.com\\\/wp-content\\\/uploads\\\/2018\\\/08\\\/20161216-125410-Believe-0186_pp.png\",\"contentUrl\":\"https:\\\/\\\/believebytuularossi.com\\\/wp-content\\\/uploads\\\/2018\\\/08\\\/20161216-125410-Believe-0186_pp.png\",\"width\":3272,\"height\":4915,\"caption\":\"20161216 125410 Believe 0186 pp\"},{\"@type\":\"BreadcrumbList\",\"@id\":\"https:\\\/\\\/believebytuularossi.com\\\/fi\\\/tuote\\\/cara-black-hupullinen-joustava-kevyt-tikkitakki-musta\\\/#breadcrumb\",\"itemListElement\":[{\"@type\":\"ListItem\",\"position\":1,\"name\":\"Home\",\"item\":\"https:\\\/\\\/believebytuularossi.com\\\/fi\\\/\"},{\"@type\":\"ListItem\",\"position\":2,\"name\":\"Shop\",\"item\":\"https:\\\/\\\/believebytuularossi.com\\\/shop\\\/\"},{\"@type\":\"ListItem\",\"position\":3,\"name\":\"Cara Black -hupullinen joustava kevyt tikkitakki, musta\"}]},{\"@type\":\"WebSite\",\"@id\":\"https:\\\/\\\/believebytuularossi.com\\\/fi\\\/#website\",\"url\":\"https:\\\/\\\/believebytuularossi.com\\\/fi\\\/\",\"name\":\"BELIEVE by tuula rossi\",\"description\":\"A unique, luxurious, original outerwear collection created by passion and love for today\u2019s fashionable woman and her desire for timeless style.          Perfect fit for the modern, feminine woman of any age.\",\"publisher\":{\"@id\":\"https:\\\/\\\/believebytuularossi.com\\\/fi\\\/#organization\"},\"potentialAction\":[{\"@type\":\"SearchAction\",\"target\":{\"@type\":\"EntryPoint\",\"urlTemplate\":\"https:\\\/\\\/believebytuularossi.com\\\/fi\\\/?s={search_term_string}\"},\"query-input\":{\"@type\":\"PropertyValueSpecification\",\"valueRequired\":true,\"valueName\":\"search_term_string\"}}],\"inLanguage\":\"fi\"},{\"@type\":\"Organization\",\"@id\":\"https:\\\/\\\/believebytuularossi.com\\\/fi\\\/#organization\",\"name\":\"BELIEVE by tuula rossi\",\"url\":\"https:\\\/\\\/believebytuularossi.com\\\/fi\\\/\",\"logo\":{\"@type\":\"ImageObject\",\"inLanguage\":\"fi\",\"@id\":\"https:\\\/\\\/believebytuularossi.com\\\/fi\\\/#\\\/schema\\\/logo\\\/image\\\/\",\"url\":\"https:\\\/\\\/believebytuularossi.com\\\/wp-content\\\/uploads\\\/2018\\\/08\\\/rossi-logo_new.png\",\"contentUrl\":\"https:\\\/\\\/believebytuularossi.com\\\/wp-content\\\/uploads\\\/2018\\\/08\\\/rossi-logo_new.png\",\"width\":300,\"height\":143,\"caption\":\"BELIEVE by tuula rossi\"},\"image\":{\"@id\":\"https:\\\/\\\/believebytuularossi.com\\\/fi\\\/#\\\/schema\\\/logo\\\/image\\\/\"},\"sameAs\":[\"https:\\\/\\\/www.facebook.com\\\/believebytuularossi\\\/_gu3udgu0BZPTzcnU\",\"https:\\\/\\\/www.instagram.com\\\/believebytuularossi\\\/\",\"https:\\\/\\\/www.pinterest.com\\\/believebytuularossi\\\/\"]}]}<\/script>\n<!-- \/ Yoast SEO plugin. -->","yoast_head_json":{"title":"Cara Black -hupullinen joustava kevyt tikkitakki, musta &#8211; BELIEVE by tuula rossi","description":"Cara Black -lyhyt ja joustava kevyt naisten tikkitakki mustana on varma takkivalinta syksyyn","robots":{"index":"index","follow":"follow","max-snippet":"max-snippet:-1","max-image-preview":"max-image-preview:large","max-video-preview":"max-video-preview:-1"},"canonical":"https:\/\/believebytuularossi.com\/fi\/tuote\/cara-black-hupullinen-joustava-kevyt-tikkitakki-musta\/","og_locale":"fi_FI","og_type":"article","og_title":"Cara Black -hupullinen joustava kevyt tikkitakki, musta &#8211; BELIEVE by tuula rossi","og_description":"Cara Black -lyhyt ja joustava kevyt naisten tikkitakki mustana on varma takkivalinta syksyyn","og_url":"https:\/\/believebytuularossi.com\/fi\/tuote\/cara-black-hupullinen-joustava-kevyt-tikkitakki-musta\/","og_site_name":"BELIEVE by tuula rossi","article_publisher":"https:\/\/www.facebook.com\/believebytuularossi\/_gu3udgu0BZPTzcnU","og_image":[{"width":599,"height":900,"url":"https:\/\/believebytuularossi.com\/wp-content\/uploads\/2018\/08\/20161216-125410-Believe-0186_pp-599x900.png","type":"image\/png"}],"twitter_card":"summary_large_image","schema":{"@context":"https:\/\/schema.org","@graph":[{"@type":"WebPage","@id":"https:\/\/believebytuularossi.com\/fi\/tuote\/cara-black-hupullinen-joustava-kevyt-tikkitakki-musta\/","url":"https:\/\/believebytuularossi.com\/fi\/tuote\/cara-black-hupullinen-joustava-kevyt-tikkitakki-musta\/","name":"Cara Black -hupullinen joustava kevyt tikkitakki, musta &#8211; BELIEVE by tuula rossi","isPartOf":{"@id":"https:\/\/believebytuularossi.com\/fi\/#website"},"primaryImageOfPage":{"@id":"https:\/\/believebytuularossi.com\/fi\/tuote\/cara-black-hupullinen-joustava-kevyt-tikkitakki-musta\/#primaryimage"},"image":{"@id":"https:\/\/believebytuularossi.com\/fi\/tuote\/cara-black-hupullinen-joustava-kevyt-tikkitakki-musta\/#primaryimage"},"thumbnailUrl":"https:\/\/believebytuularossi.com\/wp-content\/uploads\/2018\/08\/20161216-125410-Believe-0186_pp.png","datePublished":"2019-08-28T12:00:14+00:00","description":"Cara Black -lyhyt ja joustava kevyt naisten tikkitakki mustana on varma takkivalinta syksyyn","breadcrumb":{"@id":"https:\/\/believebytuularossi.com\/fi\/tuote\/cara-black-hupullinen-joustava-kevyt-tikkitakki-musta\/#breadcrumb"},"inLanguage":"fi","potentialAction":[{"@type":"ReadAction","target":["https:\/\/believebytuularossi.com\/fi\/tuote\/cara-black-hupullinen-joustava-kevyt-tikkitakki-musta\/"]}]},{"@type":"ImageObject","inLanguage":"fi","@id":"https:\/\/believebytuularossi.com\/fi\/tuote\/cara-black-hupullinen-joustava-kevyt-tikkitakki-musta\/#primaryimage","url":"https:\/\/believebytuularossi.com\/wp-content\/uploads\/2018\/08\/20161216-125410-Believe-0186_pp.png","contentUrl":"https:\/\/believebytuularossi.com\/wp-content\/uploads\/2018\/08\/20161216-125410-Believe-0186_pp.png","width":3272,"height":4915,"caption":"20161216 125410 Believe 0186 pp"},{"@type":"BreadcrumbList","@id":"https:\/\/believebytuularossi.com\/fi\/tuote\/cara-black-hupullinen-joustava-kevyt-tikkitakki-musta\/#breadcrumb","itemListElement":[{"@type":"ListItem","position":1,"name":"Home","item":"https:\/\/believebytuularossi.com\/fi\/"},{"@type":"ListItem","position":2,"name":"Shop","item":"https:\/\/believebytuularossi.com\/shop\/"},{"@type":"ListItem","position":3,"name":"Cara Black -hupullinen joustava kevyt tikkitakki, musta"}]},{"@type":"WebSite","@id":"https:\/\/believebytuularossi.com\/fi\/#website","url":"https:\/\/believebytuularossi.com\/fi\/","name":"BELIEVE by tuula rossi","description":"A unique, luxurious, original outerwear collection created by passion and love for today\u2019s fashionable woman and her desire for timeless style.          Perfect fit for the modern, feminine woman of any age.","publisher":{"@id":"https:\/\/believebytuularossi.com\/fi\/#organization"},"potentialAction":[{"@type":"SearchAction","target":{"@type":"EntryPoint","urlTemplate":"https:\/\/believebytuularossi.com\/fi\/?s={search_term_string}"},"query-input":{"@type":"PropertyValueSpecification","valueRequired":true,"valueName":"search_term_string"}}],"inLanguage":"fi"},{"@type":"Organization","@id":"https:\/\/believebytuularossi.com\/fi\/#organization","name":"BELIEVE by tuula rossi","url":"https:\/\/believebytuularossi.com\/fi\/","logo":{"@type":"ImageObject","inLanguage":"fi","@id":"https:\/\/believebytuularossi.com\/fi\/#\/schema\/logo\/image\/","url":"https:\/\/believebytuularossi.com\/wp-content\/uploads\/2018\/08\/rossi-logo_new.png","contentUrl":"https:\/\/believebytuularossi.com\/wp-content\/uploads\/2018\/08\/rossi-logo_new.png","width":300,"height":143,"caption":"BELIEVE by tuula rossi"},"image":{"@id":"https:\/\/believebytuularossi.com\/fi\/#\/schema\/logo\/image\/"},"sameAs":["https:\/\/www.facebook.com\/believebytuularossi\/_gu3udgu0BZPTzcnU","https:\/\/www.instagram.com\/believebytuularossi\/","https:\/\/www.pinterest.com\/believebytuularossi\/"]}]}},"_links":{"self":[{"href":"https:\/\/believebytuularossi.com\/fi\/wp-json\/wp\/v2\/product\/16326","targetHints":{"allow":["GET"]}}],"collection":[{"href":"https:\/\/believebytuularossi.com\/fi\/wp-json\/wp\/v2\/product"}],"about":[{"href":"https:\/\/believebytuularossi.com\/fi\/wp-json\/wp\/v2\/types\/product"}],"wp:featuredmedia":[{"embeddable":true,"href":"https:\/\/believebytuularossi.com\/fi\/wp-json\/wp\/v2\/media\/12895"}],"wp:attachment":[{"href":"https:\/\/believebytuularossi.com\/fi\/wp-json\/wp\/v2\/media?parent=16326"}],"wp:term":[{"taxonomy":"product_brand","embeddable":true,"href":"https:\/\/believebytuularossi.com\/fi\/wp-json\/wp\/v2\/product_brand?post=16326"},{"taxonomy":"product_cat","embeddable":true,"href":"https:\/\/believebytuularossi.com\/fi\/wp-json\/wp\/v2\/product_cat?post=16326"},{"taxonomy":"product_tag","embeddable":true,"href":"https:\/\/believebytuularossi.com\/fi\/wp-json\/wp\/v2\/product_tag?post=16326"}],"curies":[{"name":"wp","href":"https:\/\/api.w.org\/{rel}","templated":true}]}}