{"id":16368,"date":"2019-03-28T18:00:25","date_gmt":"2019-03-28T17:00:25","guid":{"rendered":"https:\/\/believebytuularossi.com\/product\/claudia-rich-red-kevyt-tikkitakki-sivuhalkioilla-taytelaisen-punainen\/"},"modified":"2022-02-17T17:31:30","modified_gmt":"2022-02-17T16:31:30","slug":"claudia-rich-red-kevyt-tikkitakki-sivuhalkioilla-taytelaisen-punainen","status":"publish","type":"product","link":"https:\/\/believebytuularossi.com\/fi\/tuote\/claudia-rich-red-kevyt-tikkitakki-sivuhalkioilla-taytelaisen-punainen\/","title":{"rendered":"Claudia Rich Red  -kevyt tikkitakki sivuhalkioilla, t\u00e4ytel\u00e4isen punainen"},"content":{"rendered":"","protected":false},"excerpt":{"rendered":"<p>T\u00e4ss\u00e4 kauniissa kevyess\u00e4 Claudia -p\u00e4\u00e4llystakissa on huippulaadukas Baby Stripe -tikattu materiaali. Erinomaisen v\u00e4riyhdistelm\u00e4n\u00a0ansiosta t\u00e4m\u00e4 upea takki vangitsee ihastuneet katseet kev\u00e4tkaduilla. T\u00e4m\u00e4 tikkitakki imartelee vartaloasi koostasi riippumatta! Huppu on irrotettava tyylikk\u00e4\u00e4ll\u00e4 vetoketjulla. Claudia n\u00e4ytt\u00e4\u00e4 t\u00e4ydelliselt\u00e4 hupun kanssa tai ilman. Sivusaumoissa on pitk\u00e4t vetoketjut, jotka avautuvat halkioihin. Muodikas Claudia -takki on t\u00e4ydellinen kaikille naisille, jotka pit\u00e4v\u00e4t yksinkertaisesta kaupunkityylist\u00e4 ja muunneltavista asukokonaisuuksista. Ylellinen kaksisuuntainen hopeanv\u00e4rinen vetoketju toimii kiinnityksen\u00e4 edess\u00e4. T\u00e4ydellisen leikkauksen ansiosta voit tuntea olosi mukavaksi ja n\u00e4ytt\u00e4\u00e4 upealta!<br \/>\nClaudia Baby Stripe -ulkotakin hihan pituus on hieman tavallista pidempi. Joustavat hihansuut takaavat t\u00e4ydellisen pituuden kaikenpituisille naisille.<\/p>\n","protected":false},"featured_media":13322,"template":"","meta":{"_acf_changed":false},"product_brand":[],"product_cat":[131],"product_tag":[],"class_list":{"0":"post-16368","1":"product","2":"type-product","3":"status-publish","4":"has-post-thumbnail","6":"product_cat-kevattakit-kesatakit-valisesonkitakit","7":"pa_ewd_uwcf_colors-punainen","8":"pa_size-34-fi","9":"pa_size-36-fi","10":"pa_size-38-fi","11":"pa_size-40-fi","12":"pa_size-42-fi","13":"pa_size-44-fi","14":"pa_size-46-fi","15":"pa_size-48-fi","16":"pa_size-50-fi","17":"pa_size-52-fi","18":"pa_size-54-fi","19":"product_color-red-fi","21":"first","22":"instock","23":"taxable","24":"shipping-taxable","25":"purchasable","26":"product-type-variable"},"acf":[],"yoast_head":"<!-- This site is optimized with the Yoast SEO plugin v27.4 - https:\/\/yoast.com\/product\/yoast-seo-wordpress\/ -->\n<title>Claudia Rich Red -kevyt tikkitakki sivuhalkioilla, t\u00e4ytel\u00e4isen punainen &#8211; BELIEVE by tuula rossi<\/title>\n<meta name=\"description\" content=\"Claudia Rich Red -t\u00e4ytel\u00e4isen punainen kevyt tikkitakki sivuhalkioilla ja irrotettavalla hupulla\" \/>\n<meta name=\"robots\" content=\"index, follow, max-snippet:-1, max-image-preview:large, max-video-preview:-1\" \/>\n<link rel=\"canonical\" href=\"https:\/\/believebytuularossi.com\/fi\/tuote\/claudia-rich-red-kevyt-tikkitakki-sivuhalkioilla-taytelaisen-punainen\/\" \/>\n<meta property=\"og:locale\" content=\"fi_FI\" \/>\n<meta property=\"og:type\" content=\"article\" \/>\n<meta property=\"og:title\" content=\"Claudia Rich Red -kevyt tikkitakki sivuhalkioilla, t\u00e4ytel\u00e4isen punainen &#8211; BELIEVE by tuula rossi\" \/>\n<meta property=\"og:description\" content=\"Claudia Rich Red -t\u00e4ytel\u00e4isen punainen kevyt tikkitakki sivuhalkioilla ja irrotettavalla hupulla\" \/>\n<meta property=\"og:url\" content=\"https:\/\/believebytuularossi.com\/fi\/tuote\/claudia-rich-red-kevyt-tikkitakki-sivuhalkioilla-taytelaisen-punainen\/\" \/>\n<meta property=\"og:site_name\" content=\"BELIEVE by tuula rossi\" \/>\n<meta property=\"article:publisher\" content=\"https:\/\/www.facebook.com\/believebytuularossi\/_gu3udgu0BZPTzcnU\" \/>\n<meta property=\"article:modified_time\" content=\"2022-02-17T16:31:30+00:00\" \/>\n<meta property=\"og:image\" content=\"https:\/\/believebytuularossi.com\/wp-content\/uploads\/2019\/03\/claudia-rich-red-3.jpg\" \/>\n\t<meta property=\"og:image:width\" content=\"1363\" \/>\n\t<meta property=\"og:image:height\" content=\"2048\" \/>\n\t<meta property=\"og:image:type\" content=\"image\/jpeg\" \/>\n<meta name=\"twitter:card\" content=\"summary_large_image\" \/>\n<script type=\"application\/ld+json\" class=\"yoast-schema-graph\">{\"@context\":\"https:\\\/\\\/schema.org\",\"@graph\":[{\"@type\":\"WebPage\",\"@id\":\"https:\\\/\\\/believebytuularossi.com\\\/fi\\\/tuote\\\/claudia-rich-red-kevyt-tikkitakki-sivuhalkioilla-taytelaisen-punainen\\\/\",\"url\":\"https:\\\/\\\/believebytuularossi.com\\\/fi\\\/tuote\\\/claudia-rich-red-kevyt-tikkitakki-sivuhalkioilla-taytelaisen-punainen\\\/\",\"name\":\"Claudia Rich Red -kevyt tikkitakki sivuhalkioilla, t\u00e4ytel\u00e4isen punainen &#8211; BELIEVE by tuula rossi\",\"isPartOf\":{\"@id\":\"https:\\\/\\\/believebytuularossi.com\\\/fi\\\/#website\"},\"primaryImageOfPage\":{\"@id\":\"https:\\\/\\\/believebytuularossi.com\\\/fi\\\/tuote\\\/claudia-rich-red-kevyt-tikkitakki-sivuhalkioilla-taytelaisen-punainen\\\/#primaryimage\"},\"image\":{\"@id\":\"https:\\\/\\\/believebytuularossi.com\\\/fi\\\/tuote\\\/claudia-rich-red-kevyt-tikkitakki-sivuhalkioilla-taytelaisen-punainen\\\/#primaryimage\"},\"thumbnailUrl\":\"https:\\\/\\\/believebytuularossi.com\\\/wp-content\\\/uploads\\\/2019\\\/03\\\/claudia-rich-red-3.jpg\",\"datePublished\":\"2019-03-28T17:00:25+00:00\",\"dateModified\":\"2022-02-17T16:31:30+00:00\",\"description\":\"Claudia Rich Red -t\u00e4ytel\u00e4isen punainen kevyt tikkitakki sivuhalkioilla ja irrotettavalla hupulla\",\"breadcrumb\":{\"@id\":\"https:\\\/\\\/believebytuularossi.com\\\/fi\\\/tuote\\\/claudia-rich-red-kevyt-tikkitakki-sivuhalkioilla-taytelaisen-punainen\\\/#breadcrumb\"},\"inLanguage\":\"fi\",\"potentialAction\":[{\"@type\":\"ReadAction\",\"target\":[\"https:\\\/\\\/believebytuularossi.com\\\/fi\\\/tuote\\\/claudia-rich-red-kevyt-tikkitakki-sivuhalkioilla-taytelaisen-punainen\\\/\"]}]},{\"@type\":\"ImageObject\",\"inLanguage\":\"fi\",\"@id\":\"https:\\\/\\\/believebytuularossi.com\\\/fi\\\/tuote\\\/claudia-rich-red-kevyt-tikkitakki-sivuhalkioilla-taytelaisen-punainen\\\/#primaryimage\",\"url\":\"https:\\\/\\\/believebytuularossi.com\\\/wp-content\\\/uploads\\\/2019\\\/03\\\/claudia-rich-red-3.jpg\",\"contentUrl\":\"https:\\\/\\\/believebytuularossi.com\\\/wp-content\\\/uploads\\\/2019\\\/03\\\/claudia-rich-red-3.jpg\",\"width\":1363,\"height\":2048,\"caption\":\"claudia rich red 3\"},{\"@type\":\"BreadcrumbList\",\"@id\":\"https:\\\/\\\/believebytuularossi.com\\\/fi\\\/tuote\\\/claudia-rich-red-kevyt-tikkitakki-sivuhalkioilla-taytelaisen-punainen\\\/#breadcrumb\",\"itemListElement\":[{\"@type\":\"ListItem\",\"position\":1,\"name\":\"Home\",\"item\":\"https:\\\/\\\/believebytuularossi.com\\\/fi\\\/\"},{\"@type\":\"ListItem\",\"position\":2,\"name\":\"Shop\",\"item\":\"https:\\\/\\\/believebytuularossi.com\\\/shop\\\/\"},{\"@type\":\"ListItem\",\"position\":3,\"name\":\"Claudia Rich Red -kevyt tikkitakki sivuhalkioilla, t\u00e4ytel\u00e4isen punainen\"}]},{\"@type\":\"WebSite\",\"@id\":\"https:\\\/\\\/believebytuularossi.com\\\/fi\\\/#website\",\"url\":\"https:\\\/\\\/believebytuularossi.com\\\/fi\\\/\",\"name\":\"BELIEVE by tuula rossi\",\"description\":\"A unique, luxurious, original outerwear collection created by passion and love for today\u2019s fashionable woman and her desire for timeless style.          Perfect fit for the modern, feminine woman of any age.\",\"publisher\":{\"@id\":\"https:\\\/\\\/believebytuularossi.com\\\/fi\\\/#organization\"},\"potentialAction\":[{\"@type\":\"SearchAction\",\"target\":{\"@type\":\"EntryPoint\",\"urlTemplate\":\"https:\\\/\\\/believebytuularossi.com\\\/fi\\\/?s={search_term_string}\"},\"query-input\":{\"@type\":\"PropertyValueSpecification\",\"valueRequired\":true,\"valueName\":\"search_term_string\"}}],\"inLanguage\":\"fi\"},{\"@type\":\"Organization\",\"@id\":\"https:\\\/\\\/believebytuularossi.com\\\/fi\\\/#organization\",\"name\":\"BELIEVE by tuula rossi\",\"url\":\"https:\\\/\\\/believebytuularossi.com\\\/fi\\\/\",\"logo\":{\"@type\":\"ImageObject\",\"inLanguage\":\"fi\",\"@id\":\"https:\\\/\\\/believebytuularossi.com\\\/fi\\\/#\\\/schema\\\/logo\\\/image\\\/\",\"url\":\"https:\\\/\\\/believebytuularossi.com\\\/wp-content\\\/uploads\\\/2018\\\/08\\\/rossi-logo_new.png\",\"contentUrl\":\"https:\\\/\\\/believebytuularossi.com\\\/wp-content\\\/uploads\\\/2018\\\/08\\\/rossi-logo_new.png\",\"width\":300,\"height\":143,\"caption\":\"BELIEVE by tuula rossi\"},\"image\":{\"@id\":\"https:\\\/\\\/believebytuularossi.com\\\/fi\\\/#\\\/schema\\\/logo\\\/image\\\/\"},\"sameAs\":[\"https:\\\/\\\/www.facebook.com\\\/believebytuularossi\\\/_gu3udgu0BZPTzcnU\",\"https:\\\/\\\/www.instagram.com\\\/believebytuularossi\\\/\",\"https:\\\/\\\/www.pinterest.com\\\/believebytuularossi\\\/\"]}]}<\/script>\n<!-- \/ Yoast SEO plugin. -->","yoast_head_json":{"title":"Claudia Rich Red -kevyt tikkitakki sivuhalkioilla, t\u00e4ytel\u00e4isen punainen &#8211; BELIEVE by tuula rossi","description":"Claudia Rich Red -t\u00e4ytel\u00e4isen punainen kevyt tikkitakki sivuhalkioilla ja irrotettavalla hupulla","robots":{"index":"index","follow":"follow","max-snippet":"max-snippet:-1","max-image-preview":"max-image-preview:large","max-video-preview":"max-video-preview:-1"},"canonical":"https:\/\/believebytuularossi.com\/fi\/tuote\/claudia-rich-red-kevyt-tikkitakki-sivuhalkioilla-taytelaisen-punainen\/","og_locale":"fi_FI","og_type":"article","og_title":"Claudia Rich Red -kevyt tikkitakki sivuhalkioilla, t\u00e4ytel\u00e4isen punainen &#8211; BELIEVE by tuula rossi","og_description":"Claudia Rich Red -t\u00e4ytel\u00e4isen punainen kevyt tikkitakki sivuhalkioilla ja irrotettavalla hupulla","og_url":"https:\/\/believebytuularossi.com\/fi\/tuote\/claudia-rich-red-kevyt-tikkitakki-sivuhalkioilla-taytelaisen-punainen\/","og_site_name":"BELIEVE by tuula rossi","article_publisher":"https:\/\/www.facebook.com\/believebytuularossi\/_gu3udgu0BZPTzcnU","article_modified_time":"2022-02-17T16:31:30+00:00","og_image":[{"width":1363,"height":2048,"url":"https:\/\/believebytuularossi.com\/wp-content\/uploads\/2019\/03\/claudia-rich-red-3.jpg","type":"image\/jpeg"}],"twitter_card":"summary_large_image","schema":{"@context":"https:\/\/schema.org","@graph":[{"@type":"WebPage","@id":"https:\/\/believebytuularossi.com\/fi\/tuote\/claudia-rich-red-kevyt-tikkitakki-sivuhalkioilla-taytelaisen-punainen\/","url":"https:\/\/believebytuularossi.com\/fi\/tuote\/claudia-rich-red-kevyt-tikkitakki-sivuhalkioilla-taytelaisen-punainen\/","name":"Claudia Rich Red -kevyt tikkitakki sivuhalkioilla, t\u00e4ytel\u00e4isen punainen &#8211; BELIEVE by tuula rossi","isPartOf":{"@id":"https:\/\/believebytuularossi.com\/fi\/#website"},"primaryImageOfPage":{"@id":"https:\/\/believebytuularossi.com\/fi\/tuote\/claudia-rich-red-kevyt-tikkitakki-sivuhalkioilla-taytelaisen-punainen\/#primaryimage"},"image":{"@id":"https:\/\/believebytuularossi.com\/fi\/tuote\/claudia-rich-red-kevyt-tikkitakki-sivuhalkioilla-taytelaisen-punainen\/#primaryimage"},"thumbnailUrl":"https:\/\/believebytuularossi.com\/wp-content\/uploads\/2019\/03\/claudia-rich-red-3.jpg","datePublished":"2019-03-28T17:00:25+00:00","dateModified":"2022-02-17T16:31:30+00:00","description":"Claudia Rich Red -t\u00e4ytel\u00e4isen punainen kevyt tikkitakki sivuhalkioilla ja irrotettavalla hupulla","breadcrumb":{"@id":"https:\/\/believebytuularossi.com\/fi\/tuote\/claudia-rich-red-kevyt-tikkitakki-sivuhalkioilla-taytelaisen-punainen\/#breadcrumb"},"inLanguage":"fi","potentialAction":[{"@type":"ReadAction","target":["https:\/\/believebytuularossi.com\/fi\/tuote\/claudia-rich-red-kevyt-tikkitakki-sivuhalkioilla-taytelaisen-punainen\/"]}]},{"@type":"ImageObject","inLanguage":"fi","@id":"https:\/\/believebytuularossi.com\/fi\/tuote\/claudia-rich-red-kevyt-tikkitakki-sivuhalkioilla-taytelaisen-punainen\/#primaryimage","url":"https:\/\/believebytuularossi.com\/wp-content\/uploads\/2019\/03\/claudia-rich-red-3.jpg","contentUrl":"https:\/\/believebytuularossi.com\/wp-content\/uploads\/2019\/03\/claudia-rich-red-3.jpg","width":1363,"height":2048,"caption":"claudia rich red 3"},{"@type":"BreadcrumbList","@id":"https:\/\/believebytuularossi.com\/fi\/tuote\/claudia-rich-red-kevyt-tikkitakki-sivuhalkioilla-taytelaisen-punainen\/#breadcrumb","itemListElement":[{"@type":"ListItem","position":1,"name":"Home","item":"https:\/\/believebytuularossi.com\/fi\/"},{"@type":"ListItem","position":2,"name":"Shop","item":"https:\/\/believebytuularossi.com\/shop\/"},{"@type":"ListItem","position":3,"name":"Claudia Rich Red -kevyt tikkitakki sivuhalkioilla, t\u00e4ytel\u00e4isen punainen"}]},{"@type":"WebSite","@id":"https:\/\/believebytuularossi.com\/fi\/#website","url":"https:\/\/believebytuularossi.com\/fi\/","name":"BELIEVE by tuula rossi","description":"A unique, luxurious, original outerwear collection created by passion and love for today\u2019s fashionable woman and her desire for timeless style.          Perfect fit for the modern, feminine woman of any age.","publisher":{"@id":"https:\/\/believebytuularossi.com\/fi\/#organization"},"potentialAction":[{"@type":"SearchAction","target":{"@type":"EntryPoint","urlTemplate":"https:\/\/believebytuularossi.com\/fi\/?s={search_term_string}"},"query-input":{"@type":"PropertyValueSpecification","valueRequired":true,"valueName":"search_term_string"}}],"inLanguage":"fi"},{"@type":"Organization","@id":"https:\/\/believebytuularossi.com\/fi\/#organization","name":"BELIEVE by tuula rossi","url":"https:\/\/believebytuularossi.com\/fi\/","logo":{"@type":"ImageObject","inLanguage":"fi","@id":"https:\/\/believebytuularossi.com\/fi\/#\/schema\/logo\/image\/","url":"https:\/\/believebytuularossi.com\/wp-content\/uploads\/2018\/08\/rossi-logo_new.png","contentUrl":"https:\/\/believebytuularossi.com\/wp-content\/uploads\/2018\/08\/rossi-logo_new.png","width":300,"height":143,"caption":"BELIEVE by tuula rossi"},"image":{"@id":"https:\/\/believebytuularossi.com\/fi\/#\/schema\/logo\/image\/"},"sameAs":["https:\/\/www.facebook.com\/believebytuularossi\/_gu3udgu0BZPTzcnU","https:\/\/www.instagram.com\/believebytuularossi\/","https:\/\/www.pinterest.com\/believebytuularossi\/"]}]}},"_links":{"self":[{"href":"https:\/\/believebytuularossi.com\/fi\/wp-json\/wp\/v2\/product\/16368","targetHints":{"allow":["GET"]}}],"collection":[{"href":"https:\/\/believebytuularossi.com\/fi\/wp-json\/wp\/v2\/product"}],"about":[{"href":"https:\/\/believebytuularossi.com\/fi\/wp-json\/wp\/v2\/types\/product"}],"wp:featuredmedia":[{"embeddable":true,"href":"https:\/\/believebytuularossi.com\/fi\/wp-json\/wp\/v2\/media\/13322"}],"wp:attachment":[{"href":"https:\/\/believebytuularossi.com\/fi\/wp-json\/wp\/v2\/media?parent=16368"}],"wp:term":[{"taxonomy":"product_brand","embeddable":true,"href":"https:\/\/believebytuularossi.com\/fi\/wp-json\/wp\/v2\/product_brand?post=16368"},{"taxonomy":"product_cat","embeddable":true,"href":"https:\/\/believebytuularossi.com\/fi\/wp-json\/wp\/v2\/product_cat?post=16368"},{"taxonomy":"product_tag","embeddable":true,"href":"https:\/\/believebytuularossi.com\/fi\/wp-json\/wp\/v2\/product_tag?post=16368"}],"curies":[{"name":"wp","href":"https:\/\/api.w.org\/{rel}","templated":true}]}}