{"id":16392,"date":"2019-03-28T17:50:25","date_gmt":"2019-03-28T16:50:25","guid":{"rendered":"https:\/\/believebytuularossi.com\/product\/claudia-black-kevyt-tikkitakki-sivuhalkioilla-musta\/"},"modified":"2019-03-28T17:50:25","modified_gmt":"2019-03-28T16:50:25","slug":"claudia-black-kevyt-tikkitakki-sivuhalkioilla-musta","status":"publish","type":"product","link":"https:\/\/believebytuularossi.com\/fi\/tuote\/claudia-black-kevyt-tikkitakki-sivuhalkioilla-musta\/","title":{"rendered":"Claudia Black  -kevyt tikkitakki sivuhalkioilla, musta"},"content":{"rendered":"","protected":false},"excerpt":{"rendered":"<p>T\u00e4ss\u00e4 kauniissa kevyess\u00e4 Claudia -p\u00e4\u00e4llystakissa on huippulaadukas Baby Stripe -tikattu materiaali. T\u00e4m\u00e4 tikkitakki imartelee vartaloasi koostasi riippumatta! Huppu on irrotettava tyylikk\u00e4\u00e4ll\u00e4 vetoketjulla. Claudia n\u00e4ytt\u00e4\u00e4 t\u00e4ydelliselt\u00e4 hupun kanssa tai ilman. Sivusaumoissa on pitk\u00e4t vetoketjut, jotka avautuvat halkioihin. Muodikas Claudia -takki on t\u00e4ydellinen kaikille naisille, jotka pit\u00e4v\u00e4t yksinkertaisesta kaupunkityylist\u00e4 ja muunneltavista asukokonaisuuksista. Ylellinen kaksisuuntainen hopeanv\u00e4rinen vetoketju toimii kiinnityksen\u00e4 edess\u00e4. T\u00e4ydellisen leikkauksen ansiosta voit tuntea olosi mukavaksi ja n\u00e4ytt\u00e4\u00e4 upealta!<\/p>\n<p>Claudia Baby Stripe -ulkotakin hihan pituus on hieman tavallista pidempi. Joustavat hihansuut takaavat t\u00e4ydellisen pituuden kaikenpituisille naisille.<\/p>\n","protected":false},"featured_media":13354,"template":"","meta":{"_acf_changed":false},"product_brand":[],"product_cat":[131],"product_tag":[],"class_list":{"0":"post-16392","1":"product","2":"type-product","3":"status-publish","4":"has-post-thumbnail","6":"product_cat-kevattakit-kesatakit-valisesonkitakit","7":"pa_ewd_uwcf_colors-tummansininen","8":"pa_size-34-fi","9":"pa_size-36-fi","10":"pa_size-38-fi","11":"pa_size-40-fi","12":"pa_size-42-fi","13":"pa_size-44-fi","14":"pa_size-46-fi","15":"pa_size-48-fi","16":"pa_size-50-fi","17":"pa_size-52-fi","18":"pa_size-54-fi","19":"product_color-navy-fi","20":"product_size-36-fi","21":"product_size-38-fi","22":"product_size-40-fi","23":"product_size-42-fi","24":"product_size-44-fi","25":"product_size-46-fi","26":"product_size-48-fi","28":"first","29":"instock","30":"taxable","31":"shipping-taxable","32":"purchasable","33":"product-type-variable"},"acf":[],"yoast_head":"<!-- This site is optimized with the Yoast SEO plugin v27.4 - https:\/\/yoast.com\/product\/yoast-seo-wordpress\/ -->\n<title>Claudia Black -kevyt tikkitakki sivuhalkioilla, musta &#8211; BELIEVE by tuula rossi<\/title>\n<meta name=\"description\" content=\"Claudia Black -musta kevyt tikkitakki sivuhalkioilla ja irrotettavalla hupulla\" \/>\n<meta name=\"robots\" content=\"index, follow, max-snippet:-1, max-image-preview:large, max-video-preview:-1\" \/>\n<link rel=\"canonical\" href=\"https:\/\/believebytuularossi.com\/fi\/tuote\/claudia-black-kevyt-tikkitakki-sivuhalkioilla-musta\/\" \/>\n<meta property=\"og:locale\" content=\"fi_FI\" \/>\n<meta property=\"og:type\" content=\"article\" \/>\n<meta property=\"og:title\" content=\"Claudia Black -kevyt tikkitakki sivuhalkioilla, musta &#8211; BELIEVE by tuula rossi\" \/>\n<meta property=\"og:description\" content=\"Claudia Black -musta kevyt tikkitakki sivuhalkioilla ja irrotettavalla hupulla\" \/>\n<meta property=\"og:url\" content=\"https:\/\/believebytuularossi.com\/fi\/tuote\/claudia-black-kevyt-tikkitakki-sivuhalkioilla-musta\/\" \/>\n<meta property=\"og:site_name\" content=\"BELIEVE by tuula rossi\" \/>\n<meta property=\"article:publisher\" content=\"https:\/\/www.facebook.com\/believebytuularossi\/_gu3udgu0BZPTzcnU\" \/>\n<meta property=\"og:image\" content=\"https:\/\/believebytuularossi.com\/wp-content\/uploads\/2019\/03\/Claudia-Black-webshop1.jpg\" \/>\n\t<meta property=\"og:image:width\" content=\"1088\" \/>\n\t<meta property=\"og:image:height\" content=\"2016\" \/>\n\t<meta property=\"og:image:type\" content=\"image\/jpeg\" \/>\n<meta name=\"twitter:card\" content=\"summary_large_image\" \/>\n<script type=\"application\/ld+json\" class=\"yoast-schema-graph\">{\"@context\":\"https:\\\/\\\/schema.org\",\"@graph\":[{\"@type\":\"WebPage\",\"@id\":\"https:\\\/\\\/believebytuularossi.com\\\/fi\\\/tuote\\\/claudia-black-kevyt-tikkitakki-sivuhalkioilla-musta\\\/\",\"url\":\"https:\\\/\\\/believebytuularossi.com\\\/fi\\\/tuote\\\/claudia-black-kevyt-tikkitakki-sivuhalkioilla-musta\\\/\",\"name\":\"Claudia Black -kevyt tikkitakki sivuhalkioilla, musta &#8211; BELIEVE by tuula rossi\",\"isPartOf\":{\"@id\":\"https:\\\/\\\/believebytuularossi.com\\\/fi\\\/#website\"},\"primaryImageOfPage\":{\"@id\":\"https:\\\/\\\/believebytuularossi.com\\\/fi\\\/tuote\\\/claudia-black-kevyt-tikkitakki-sivuhalkioilla-musta\\\/#primaryimage\"},\"image\":{\"@id\":\"https:\\\/\\\/believebytuularossi.com\\\/fi\\\/tuote\\\/claudia-black-kevyt-tikkitakki-sivuhalkioilla-musta\\\/#primaryimage\"},\"thumbnailUrl\":\"https:\\\/\\\/believebytuularossi.com\\\/wp-content\\\/uploads\\\/2019\\\/03\\\/Claudia-Black-webshop1.jpg\",\"datePublished\":\"2019-03-28T16:50:25+00:00\",\"description\":\"Claudia Black -musta kevyt tikkitakki sivuhalkioilla ja irrotettavalla hupulla\",\"breadcrumb\":{\"@id\":\"https:\\\/\\\/believebytuularossi.com\\\/fi\\\/tuote\\\/claudia-black-kevyt-tikkitakki-sivuhalkioilla-musta\\\/#breadcrumb\"},\"inLanguage\":\"fi\",\"potentialAction\":[{\"@type\":\"ReadAction\",\"target\":[\"https:\\\/\\\/believebytuularossi.com\\\/fi\\\/tuote\\\/claudia-black-kevyt-tikkitakki-sivuhalkioilla-musta\\\/\"]}]},{\"@type\":\"ImageObject\",\"inLanguage\":\"fi\",\"@id\":\"https:\\\/\\\/believebytuularossi.com\\\/fi\\\/tuote\\\/claudia-black-kevyt-tikkitakki-sivuhalkioilla-musta\\\/#primaryimage\",\"url\":\"https:\\\/\\\/believebytuularossi.com\\\/wp-content\\\/uploads\\\/2019\\\/03\\\/Claudia-Black-webshop1.jpg\",\"contentUrl\":\"https:\\\/\\\/believebytuularossi.com\\\/wp-content\\\/uploads\\\/2019\\\/03\\\/Claudia-Black-webshop1.jpg\",\"width\":1088,\"height\":2016,\"caption\":\"Claudia Black webshop1\"},{\"@type\":\"BreadcrumbList\",\"@id\":\"https:\\\/\\\/believebytuularossi.com\\\/fi\\\/tuote\\\/claudia-black-kevyt-tikkitakki-sivuhalkioilla-musta\\\/#breadcrumb\",\"itemListElement\":[{\"@type\":\"ListItem\",\"position\":1,\"name\":\"Home\",\"item\":\"https:\\\/\\\/believebytuularossi.com\\\/fi\\\/\"},{\"@type\":\"ListItem\",\"position\":2,\"name\":\"Shop\",\"item\":\"https:\\\/\\\/believebytuularossi.com\\\/shop\\\/\"},{\"@type\":\"ListItem\",\"position\":3,\"name\":\"Claudia Black -kevyt tikkitakki sivuhalkioilla, musta\"}]},{\"@type\":\"WebSite\",\"@id\":\"https:\\\/\\\/believebytuularossi.com\\\/fi\\\/#website\",\"url\":\"https:\\\/\\\/believebytuularossi.com\\\/fi\\\/\",\"name\":\"BELIEVE by tuula rossi\",\"description\":\"A unique, luxurious, original outerwear collection created by passion and love for today\u2019s fashionable woman and her desire for timeless style.          Perfect fit for the modern, feminine woman of any age.\",\"publisher\":{\"@id\":\"https:\\\/\\\/believebytuularossi.com\\\/fi\\\/#organization\"},\"potentialAction\":[{\"@type\":\"SearchAction\",\"target\":{\"@type\":\"EntryPoint\",\"urlTemplate\":\"https:\\\/\\\/believebytuularossi.com\\\/fi\\\/?s={search_term_string}\"},\"query-input\":{\"@type\":\"PropertyValueSpecification\",\"valueRequired\":true,\"valueName\":\"search_term_string\"}}],\"inLanguage\":\"fi\"},{\"@type\":\"Organization\",\"@id\":\"https:\\\/\\\/believebytuularossi.com\\\/fi\\\/#organization\",\"name\":\"BELIEVE by tuula rossi\",\"url\":\"https:\\\/\\\/believebytuularossi.com\\\/fi\\\/\",\"logo\":{\"@type\":\"ImageObject\",\"inLanguage\":\"fi\",\"@id\":\"https:\\\/\\\/believebytuularossi.com\\\/fi\\\/#\\\/schema\\\/logo\\\/image\\\/\",\"url\":\"https:\\\/\\\/believebytuularossi.com\\\/wp-content\\\/uploads\\\/2018\\\/08\\\/rossi-logo_new.png\",\"contentUrl\":\"https:\\\/\\\/believebytuularossi.com\\\/wp-content\\\/uploads\\\/2018\\\/08\\\/rossi-logo_new.png\",\"width\":300,\"height\":143,\"caption\":\"BELIEVE by tuula rossi\"},\"image\":{\"@id\":\"https:\\\/\\\/believebytuularossi.com\\\/fi\\\/#\\\/schema\\\/logo\\\/image\\\/\"},\"sameAs\":[\"https:\\\/\\\/www.facebook.com\\\/believebytuularossi\\\/_gu3udgu0BZPTzcnU\",\"https:\\\/\\\/www.instagram.com\\\/believebytuularossi\\\/\",\"https:\\\/\\\/www.pinterest.com\\\/believebytuularossi\\\/\"]}]}<\/script>\n<!-- \/ Yoast SEO plugin. -->","yoast_head_json":{"title":"Claudia Black -kevyt tikkitakki sivuhalkioilla, musta &#8211; BELIEVE by tuula rossi","description":"Claudia Black -musta kevyt tikkitakki sivuhalkioilla ja irrotettavalla hupulla","robots":{"index":"index","follow":"follow","max-snippet":"max-snippet:-1","max-image-preview":"max-image-preview:large","max-video-preview":"max-video-preview:-1"},"canonical":"https:\/\/believebytuularossi.com\/fi\/tuote\/claudia-black-kevyt-tikkitakki-sivuhalkioilla-musta\/","og_locale":"fi_FI","og_type":"article","og_title":"Claudia Black -kevyt tikkitakki sivuhalkioilla, musta &#8211; BELIEVE by tuula rossi","og_description":"Claudia Black -musta kevyt tikkitakki sivuhalkioilla ja irrotettavalla hupulla","og_url":"https:\/\/believebytuularossi.com\/fi\/tuote\/claudia-black-kevyt-tikkitakki-sivuhalkioilla-musta\/","og_site_name":"BELIEVE by tuula rossi","article_publisher":"https:\/\/www.facebook.com\/believebytuularossi\/_gu3udgu0BZPTzcnU","og_image":[{"width":1088,"height":2016,"url":"https:\/\/believebytuularossi.com\/wp-content\/uploads\/2019\/03\/Claudia-Black-webshop1.jpg","type":"image\/jpeg"}],"twitter_card":"summary_large_image","schema":{"@context":"https:\/\/schema.org","@graph":[{"@type":"WebPage","@id":"https:\/\/believebytuularossi.com\/fi\/tuote\/claudia-black-kevyt-tikkitakki-sivuhalkioilla-musta\/","url":"https:\/\/believebytuularossi.com\/fi\/tuote\/claudia-black-kevyt-tikkitakki-sivuhalkioilla-musta\/","name":"Claudia Black -kevyt tikkitakki sivuhalkioilla, musta &#8211; BELIEVE by tuula rossi","isPartOf":{"@id":"https:\/\/believebytuularossi.com\/fi\/#website"},"primaryImageOfPage":{"@id":"https:\/\/believebytuularossi.com\/fi\/tuote\/claudia-black-kevyt-tikkitakki-sivuhalkioilla-musta\/#primaryimage"},"image":{"@id":"https:\/\/believebytuularossi.com\/fi\/tuote\/claudia-black-kevyt-tikkitakki-sivuhalkioilla-musta\/#primaryimage"},"thumbnailUrl":"https:\/\/believebytuularossi.com\/wp-content\/uploads\/2019\/03\/Claudia-Black-webshop1.jpg","datePublished":"2019-03-28T16:50:25+00:00","description":"Claudia Black -musta kevyt tikkitakki sivuhalkioilla ja irrotettavalla hupulla","breadcrumb":{"@id":"https:\/\/believebytuularossi.com\/fi\/tuote\/claudia-black-kevyt-tikkitakki-sivuhalkioilla-musta\/#breadcrumb"},"inLanguage":"fi","potentialAction":[{"@type":"ReadAction","target":["https:\/\/believebytuularossi.com\/fi\/tuote\/claudia-black-kevyt-tikkitakki-sivuhalkioilla-musta\/"]}]},{"@type":"ImageObject","inLanguage":"fi","@id":"https:\/\/believebytuularossi.com\/fi\/tuote\/claudia-black-kevyt-tikkitakki-sivuhalkioilla-musta\/#primaryimage","url":"https:\/\/believebytuularossi.com\/wp-content\/uploads\/2019\/03\/Claudia-Black-webshop1.jpg","contentUrl":"https:\/\/believebytuularossi.com\/wp-content\/uploads\/2019\/03\/Claudia-Black-webshop1.jpg","width":1088,"height":2016,"caption":"Claudia Black webshop1"},{"@type":"BreadcrumbList","@id":"https:\/\/believebytuularossi.com\/fi\/tuote\/claudia-black-kevyt-tikkitakki-sivuhalkioilla-musta\/#breadcrumb","itemListElement":[{"@type":"ListItem","position":1,"name":"Home","item":"https:\/\/believebytuularossi.com\/fi\/"},{"@type":"ListItem","position":2,"name":"Shop","item":"https:\/\/believebytuularossi.com\/shop\/"},{"@type":"ListItem","position":3,"name":"Claudia Black -kevyt tikkitakki sivuhalkioilla, musta"}]},{"@type":"WebSite","@id":"https:\/\/believebytuularossi.com\/fi\/#website","url":"https:\/\/believebytuularossi.com\/fi\/","name":"BELIEVE by tuula rossi","description":"A unique, luxurious, original outerwear collection created by passion and love for today\u2019s fashionable woman and her desire for timeless style.          Perfect fit for the modern, feminine woman of any age.","publisher":{"@id":"https:\/\/believebytuularossi.com\/fi\/#organization"},"potentialAction":[{"@type":"SearchAction","target":{"@type":"EntryPoint","urlTemplate":"https:\/\/believebytuularossi.com\/fi\/?s={search_term_string}"},"query-input":{"@type":"PropertyValueSpecification","valueRequired":true,"valueName":"search_term_string"}}],"inLanguage":"fi"},{"@type":"Organization","@id":"https:\/\/believebytuularossi.com\/fi\/#organization","name":"BELIEVE by tuula rossi","url":"https:\/\/believebytuularossi.com\/fi\/","logo":{"@type":"ImageObject","inLanguage":"fi","@id":"https:\/\/believebytuularossi.com\/fi\/#\/schema\/logo\/image\/","url":"https:\/\/believebytuularossi.com\/wp-content\/uploads\/2018\/08\/rossi-logo_new.png","contentUrl":"https:\/\/believebytuularossi.com\/wp-content\/uploads\/2018\/08\/rossi-logo_new.png","width":300,"height":143,"caption":"BELIEVE by tuula rossi"},"image":{"@id":"https:\/\/believebytuularossi.com\/fi\/#\/schema\/logo\/image\/"},"sameAs":["https:\/\/www.facebook.com\/believebytuularossi\/_gu3udgu0BZPTzcnU","https:\/\/www.instagram.com\/believebytuularossi\/","https:\/\/www.pinterest.com\/believebytuularossi\/"]}]}},"_links":{"self":[{"href":"https:\/\/believebytuularossi.com\/fi\/wp-json\/wp\/v2\/product\/16392","targetHints":{"allow":["GET"]}}],"collection":[{"href":"https:\/\/believebytuularossi.com\/fi\/wp-json\/wp\/v2\/product"}],"about":[{"href":"https:\/\/believebytuularossi.com\/fi\/wp-json\/wp\/v2\/types\/product"}],"wp:featuredmedia":[{"embeddable":true,"href":"https:\/\/believebytuularossi.com\/fi\/wp-json\/wp\/v2\/media\/13354"}],"wp:attachment":[{"href":"https:\/\/believebytuularossi.com\/fi\/wp-json\/wp\/v2\/media?parent=16392"}],"wp:term":[{"taxonomy":"product_brand","embeddable":true,"href":"https:\/\/believebytuularossi.com\/fi\/wp-json\/wp\/v2\/product_brand?post=16392"},{"taxonomy":"product_cat","embeddable":true,"href":"https:\/\/believebytuularossi.com\/fi\/wp-json\/wp\/v2\/product_cat?post=16392"},{"taxonomy":"product_tag","embeddable":true,"href":"https:\/\/believebytuularossi.com\/fi\/wp-json\/wp\/v2\/product_tag?post=16392"}],"curies":[{"name":"wp","href":"https:\/\/api.w.org\/{rel}","templated":true}]}}