{"id":16440,"date":"2019-03-28T17:30:13","date_gmt":"2019-03-28T16:30:13","guid":{"rendered":"https:\/\/believebytuularossi.com\/product\/ada-trench-elephant-off-white-kevyt-tikattu-trenssitakki-luonnonvalkoinen\/"},"modified":"2025-09-24T21:04:50","modified_gmt":"2025-09-24T19:04:50","slug":"ada-trench-elephant-off-white-kevyt-tikattu-trenssitakki-luonnonvalkoinen","status":"publish","type":"product","link":"https:\/\/believebytuularossi.com\/fi\/tuote\/ada-trench-elephant-off-white-kevyt-tikattu-trenssitakki-luonnonvalkoinen\/","title":{"rendered":"Ada Trench Elephant Off-White -kevyt tikattu trenssitakki, luonnonvalkoinen"},"content":{"rendered":"","protected":false},"excerpt":{"rendered":"<p>Valkoinen takin v\u00e4ri on luksus yksityiskohta itsest\u00e4\u00e4n! Ada on uusi, muodikas, merimiestyylinen trenssitakki, joka sopii erinomaisesti kev\u00e4\u00e4seen ja syksyyn 120g vanun ansiosta! Kiinnit\u00e4 huomiosi Ada -trenssin upeaan norsutikkikuosiin! T\u00e4ss\u00e4 dynamisess\u00e4 ja tyylikk\u00e4\u00e4ss\u00e4 trench-takissa on eritt\u00e4in kaunis naisellinen istuvuus. Ada on t\u00e4ydellinen takkivalinta rentoon ja ajattomaan lookiin. Trenssin edess\u00e4 hopeanv\u00e4riset napit. Sivusaumoissa on ylelliset, pitk\u00e4t vetoketjulliset halkiot. T\u00e4ydellisen leikkauksen ansiosta voit tuntea olosi mukavaksi ja n\u00e4ytt\u00e4\u00e4 hyv\u00e4lt\u00e4 koostasi riippumatta!<\/p>\n","protected":false},"featured_media":13301,"template":"","meta":{"_acf_changed":false},"product_brand":[],"product_cat":[131],"product_tag":[],"class_list":{"0":"post-16440","1":"product","2":"type-product","3":"status-publish","4":"has-post-thumbnail","6":"product_cat-kevattakit-kesatakit-valisesonkitakit","7":"pa_ewd_uwcf_colors-white","8":"pa_size-34-fi","9":"pa_size-36-fi","10":"pa_size-38-fi","11":"pa_size-40-fi","12":"pa_size-42-fi","13":"pa_size-44-fi","14":"pa_size-46-fi","15":"pa_size-48-fi","16":"pa_size-50-fi","17":"pa_size-52-fi","18":"pa_size-54-fi","19":"product_color-white-fi","21":"first","22":"instock","23":"taxable","24":"shipping-taxable","25":"purchasable","26":"product-type-variable"},"acf":[],"yoast_head":"<!-- This site is optimized with the Yoast SEO plugin v27.5 - https:\/\/yoast.com\/product\/yoast-seo-wordpress\/ -->\n<title>Ada Trench Elephant Off-White -kevyt tikattu trenssitakki, luonnonvalkoinen &#8211; BELIEVE by tuula rossi<\/title>\n<meta name=\"description\" content=\"Ada Trench Elephant Off-White -luonnonvalkoinen kevyt nursukuosilla tikattu merimiestyylinen naisten trenssitakki\" \/>\n<meta name=\"robots\" content=\"index, follow, max-snippet:-1, max-image-preview:large, max-video-preview:-1\" \/>\n<link rel=\"canonical\" href=\"https:\/\/believebytuularossi.com\/fi\/tuote\/ada-trench-elephant-off-white-kevyt-tikattu-trenssitakki-luonnonvalkoinen\/\" \/>\n<meta property=\"og:locale\" content=\"fi_FI\" \/>\n<meta property=\"og:type\" content=\"article\" \/>\n<meta property=\"og:title\" content=\"Ada Trench Elephant Off-White -kevyt tikattu trenssitakki, luonnonvalkoinen &#8211; BELIEVE by tuula rossi\" \/>\n<meta property=\"og:description\" content=\"Ada Trench Elephant Off-White -luonnonvalkoinen kevyt nursukuosilla tikattu merimiestyylinen naisten trenssitakki\" \/>\n<meta property=\"og:url\" content=\"https:\/\/believebytuularossi.com\/fi\/tuote\/ada-trench-elephant-off-white-kevyt-tikattu-trenssitakki-luonnonvalkoinen\/\" \/>\n<meta property=\"og:site_name\" content=\"BELIEVE by tuula rossi\" \/>\n<meta property=\"article:publisher\" content=\"https:\/\/www.facebook.com\/believebytuularossi\/_gu3udgu0BZPTzcnU\" \/>\n<meta property=\"article:modified_time\" content=\"2025-09-24T19:04:50+00:00\" \/>\n<meta property=\"og:image\" content=\"https:\/\/believebytuularossi.com\/wp-content\/uploads\/2019\/03\/Ada-Trench-Off-White-2.jpg\" \/>\n\t<meta property=\"og:image:width\" content=\"1363\" \/>\n\t<meta property=\"og:image:height\" content=\"2048\" \/>\n\t<meta property=\"og:image:type\" content=\"image\/jpeg\" \/>\n<meta name=\"twitter:card\" content=\"summary_large_image\" \/>\n<meta name=\"twitter:label1\" content=\"Arvioitu lukuaika\" \/>\n\t<meta name=\"twitter:data1\" content=\"1 minuutti\" \/>\n<script type=\"application\/ld+json\" class=\"yoast-schema-graph\">{\"@context\":\"https:\\\/\\\/schema.org\",\"@graph\":[{\"@type\":\"WebPage\",\"@id\":\"https:\\\/\\\/believebytuularossi.com\\\/fi\\\/tuote\\\/ada-trench-elephant-off-white-kevyt-tikattu-trenssitakki-luonnonvalkoinen\\\/\",\"url\":\"https:\\\/\\\/believebytuularossi.com\\\/fi\\\/tuote\\\/ada-trench-elephant-off-white-kevyt-tikattu-trenssitakki-luonnonvalkoinen\\\/\",\"name\":\"Ada Trench Elephant Off-White -kevyt tikattu trenssitakki, luonnonvalkoinen &#8211; BELIEVE by tuula rossi\",\"isPartOf\":{\"@id\":\"https:\\\/\\\/believebytuularossi.com\\\/fi\\\/#website\"},\"primaryImageOfPage\":{\"@id\":\"https:\\\/\\\/believebytuularossi.com\\\/fi\\\/tuote\\\/ada-trench-elephant-off-white-kevyt-tikattu-trenssitakki-luonnonvalkoinen\\\/#primaryimage\"},\"image\":{\"@id\":\"https:\\\/\\\/believebytuularossi.com\\\/fi\\\/tuote\\\/ada-trench-elephant-off-white-kevyt-tikattu-trenssitakki-luonnonvalkoinen\\\/#primaryimage\"},\"thumbnailUrl\":\"https:\\\/\\\/believebytuularossi.com\\\/wp-content\\\/uploads\\\/2019\\\/03\\\/Ada-Trench-Off-White-2.jpg\",\"datePublished\":\"2019-03-28T16:30:13+00:00\",\"dateModified\":\"2025-09-24T19:04:50+00:00\",\"description\":\"Ada Trench Elephant Off-White -luonnonvalkoinen kevyt nursukuosilla tikattu merimiestyylinen naisten trenssitakki\",\"breadcrumb\":{\"@id\":\"https:\\\/\\\/believebytuularossi.com\\\/fi\\\/tuote\\\/ada-trench-elephant-off-white-kevyt-tikattu-trenssitakki-luonnonvalkoinen\\\/#breadcrumb\"},\"inLanguage\":\"fi\",\"potentialAction\":[{\"@type\":\"ReadAction\",\"target\":[\"https:\\\/\\\/believebytuularossi.com\\\/fi\\\/tuote\\\/ada-trench-elephant-off-white-kevyt-tikattu-trenssitakki-luonnonvalkoinen\\\/\"]}]},{\"@type\":\"ImageObject\",\"inLanguage\":\"fi\",\"@id\":\"https:\\\/\\\/believebytuularossi.com\\\/fi\\\/tuote\\\/ada-trench-elephant-off-white-kevyt-tikattu-trenssitakki-luonnonvalkoinen\\\/#primaryimage\",\"url\":\"https:\\\/\\\/believebytuularossi.com\\\/wp-content\\\/uploads\\\/2019\\\/03\\\/Ada-Trench-Off-White-2.jpg\",\"contentUrl\":\"https:\\\/\\\/believebytuularossi.com\\\/wp-content\\\/uploads\\\/2019\\\/03\\\/Ada-Trench-Off-White-2.jpg\",\"width\":1363,\"height\":2048,\"caption\":\"Ada Trench Off White 2\"},{\"@type\":\"BreadcrumbList\",\"@id\":\"https:\\\/\\\/believebytuularossi.com\\\/fi\\\/tuote\\\/ada-trench-elephant-off-white-kevyt-tikattu-trenssitakki-luonnonvalkoinen\\\/#breadcrumb\",\"itemListElement\":[{\"@type\":\"ListItem\",\"position\":1,\"name\":\"Home\",\"item\":\"https:\\\/\\\/believebytuularossi.com\\\/fi\\\/\"},{\"@type\":\"ListItem\",\"position\":2,\"name\":\"Shop\",\"item\":\"https:\\\/\\\/believebytuularossi.com\\\/shop\\\/\"},{\"@type\":\"ListItem\",\"position\":3,\"name\":\"Ada Trench Elephant Off-White -kevyt tikattu trenssitakki, luonnonvalkoinen\"}]},{\"@type\":\"WebSite\",\"@id\":\"https:\\\/\\\/believebytuularossi.com\\\/fi\\\/#website\",\"url\":\"https:\\\/\\\/believebytuularossi.com\\\/fi\\\/\",\"name\":\"BELIEVE by tuula rossi\",\"description\":\"A unique, luxurious, original outerwear collection created by passion and love for today\u2019s fashionable woman and her desire for timeless style.          Perfect fit for the modern, feminine woman of any age.\",\"publisher\":{\"@id\":\"https:\\\/\\\/believebytuularossi.com\\\/fi\\\/#organization\"},\"potentialAction\":[{\"@type\":\"SearchAction\",\"target\":{\"@type\":\"EntryPoint\",\"urlTemplate\":\"https:\\\/\\\/believebytuularossi.com\\\/fi\\\/?s={search_term_string}\"},\"query-input\":{\"@type\":\"PropertyValueSpecification\",\"valueRequired\":true,\"valueName\":\"search_term_string\"}}],\"inLanguage\":\"fi\"},{\"@type\":\"Organization\",\"@id\":\"https:\\\/\\\/believebytuularossi.com\\\/fi\\\/#organization\",\"name\":\"BELIEVE by tuula rossi\",\"url\":\"https:\\\/\\\/believebytuularossi.com\\\/fi\\\/\",\"logo\":{\"@type\":\"ImageObject\",\"inLanguage\":\"fi\",\"@id\":\"https:\\\/\\\/believebytuularossi.com\\\/fi\\\/#\\\/schema\\\/logo\\\/image\\\/\",\"url\":\"https:\\\/\\\/believebytuularossi.com\\\/wp-content\\\/uploads\\\/2018\\\/08\\\/rossi-logo_new.png\",\"contentUrl\":\"https:\\\/\\\/believebytuularossi.com\\\/wp-content\\\/uploads\\\/2018\\\/08\\\/rossi-logo_new.png\",\"width\":300,\"height\":143,\"caption\":\"BELIEVE by tuula rossi\"},\"image\":{\"@id\":\"https:\\\/\\\/believebytuularossi.com\\\/fi\\\/#\\\/schema\\\/logo\\\/image\\\/\"},\"sameAs\":[\"https:\\\/\\\/www.facebook.com\\\/believebytuularossi\\\/_gu3udgu0BZPTzcnU\",\"https:\\\/\\\/www.instagram.com\\\/believebytuularossi\\\/\",\"https:\\\/\\\/www.pinterest.com\\\/believebytuularossi\\\/\"]}]}<\/script>\n<!-- \/ Yoast SEO plugin. -->","yoast_head_json":{"title":"Ada Trench Elephant Off-White -kevyt tikattu trenssitakki, luonnonvalkoinen &#8211; BELIEVE by tuula rossi","description":"Ada Trench Elephant Off-White -luonnonvalkoinen kevyt nursukuosilla tikattu merimiestyylinen naisten trenssitakki","robots":{"index":"index","follow":"follow","max-snippet":"max-snippet:-1","max-image-preview":"max-image-preview:large","max-video-preview":"max-video-preview:-1"},"canonical":"https:\/\/believebytuularossi.com\/fi\/tuote\/ada-trench-elephant-off-white-kevyt-tikattu-trenssitakki-luonnonvalkoinen\/","og_locale":"fi_FI","og_type":"article","og_title":"Ada Trench Elephant Off-White -kevyt tikattu trenssitakki, luonnonvalkoinen &#8211; BELIEVE by tuula rossi","og_description":"Ada Trench Elephant Off-White -luonnonvalkoinen kevyt nursukuosilla tikattu merimiestyylinen naisten trenssitakki","og_url":"https:\/\/believebytuularossi.com\/fi\/tuote\/ada-trench-elephant-off-white-kevyt-tikattu-trenssitakki-luonnonvalkoinen\/","og_site_name":"BELIEVE by tuula rossi","article_publisher":"https:\/\/www.facebook.com\/believebytuularossi\/_gu3udgu0BZPTzcnU","article_modified_time":"2025-09-24T19:04:50+00:00","og_image":[{"width":1363,"height":2048,"url":"https:\/\/believebytuularossi.com\/wp-content\/uploads\/2019\/03\/Ada-Trench-Off-White-2.jpg","type":"image\/jpeg"}],"twitter_card":"summary_large_image","twitter_misc":{"Arvioitu lukuaika":"1 minuutti"},"schema":{"@context":"https:\/\/schema.org","@graph":[{"@type":"WebPage","@id":"https:\/\/believebytuularossi.com\/fi\/tuote\/ada-trench-elephant-off-white-kevyt-tikattu-trenssitakki-luonnonvalkoinen\/","url":"https:\/\/believebytuularossi.com\/fi\/tuote\/ada-trench-elephant-off-white-kevyt-tikattu-trenssitakki-luonnonvalkoinen\/","name":"Ada Trench Elephant Off-White -kevyt tikattu trenssitakki, luonnonvalkoinen &#8211; BELIEVE by tuula rossi","isPartOf":{"@id":"https:\/\/believebytuularossi.com\/fi\/#website"},"primaryImageOfPage":{"@id":"https:\/\/believebytuularossi.com\/fi\/tuote\/ada-trench-elephant-off-white-kevyt-tikattu-trenssitakki-luonnonvalkoinen\/#primaryimage"},"image":{"@id":"https:\/\/believebytuularossi.com\/fi\/tuote\/ada-trench-elephant-off-white-kevyt-tikattu-trenssitakki-luonnonvalkoinen\/#primaryimage"},"thumbnailUrl":"https:\/\/believebytuularossi.com\/wp-content\/uploads\/2019\/03\/Ada-Trench-Off-White-2.jpg","datePublished":"2019-03-28T16:30:13+00:00","dateModified":"2025-09-24T19:04:50+00:00","description":"Ada Trench Elephant Off-White -luonnonvalkoinen kevyt nursukuosilla tikattu merimiestyylinen naisten trenssitakki","breadcrumb":{"@id":"https:\/\/believebytuularossi.com\/fi\/tuote\/ada-trench-elephant-off-white-kevyt-tikattu-trenssitakki-luonnonvalkoinen\/#breadcrumb"},"inLanguage":"fi","potentialAction":[{"@type":"ReadAction","target":["https:\/\/believebytuularossi.com\/fi\/tuote\/ada-trench-elephant-off-white-kevyt-tikattu-trenssitakki-luonnonvalkoinen\/"]}]},{"@type":"ImageObject","inLanguage":"fi","@id":"https:\/\/believebytuularossi.com\/fi\/tuote\/ada-trench-elephant-off-white-kevyt-tikattu-trenssitakki-luonnonvalkoinen\/#primaryimage","url":"https:\/\/believebytuularossi.com\/wp-content\/uploads\/2019\/03\/Ada-Trench-Off-White-2.jpg","contentUrl":"https:\/\/believebytuularossi.com\/wp-content\/uploads\/2019\/03\/Ada-Trench-Off-White-2.jpg","width":1363,"height":2048,"caption":"Ada Trench Off White 2"},{"@type":"BreadcrumbList","@id":"https:\/\/believebytuularossi.com\/fi\/tuote\/ada-trench-elephant-off-white-kevyt-tikattu-trenssitakki-luonnonvalkoinen\/#breadcrumb","itemListElement":[{"@type":"ListItem","position":1,"name":"Home","item":"https:\/\/believebytuularossi.com\/fi\/"},{"@type":"ListItem","position":2,"name":"Shop","item":"https:\/\/believebytuularossi.com\/shop\/"},{"@type":"ListItem","position":3,"name":"Ada Trench Elephant Off-White -kevyt tikattu trenssitakki, luonnonvalkoinen"}]},{"@type":"WebSite","@id":"https:\/\/believebytuularossi.com\/fi\/#website","url":"https:\/\/believebytuularossi.com\/fi\/","name":"BELIEVE by tuula rossi","description":"A unique, luxurious, original outerwear collection created by passion and love for today\u2019s fashionable woman and her desire for timeless style.          Perfect fit for the modern, feminine woman of any age.","publisher":{"@id":"https:\/\/believebytuularossi.com\/fi\/#organization"},"potentialAction":[{"@type":"SearchAction","target":{"@type":"EntryPoint","urlTemplate":"https:\/\/believebytuularossi.com\/fi\/?s={search_term_string}"},"query-input":{"@type":"PropertyValueSpecification","valueRequired":true,"valueName":"search_term_string"}}],"inLanguage":"fi"},{"@type":"Organization","@id":"https:\/\/believebytuularossi.com\/fi\/#organization","name":"BELIEVE by tuula rossi","url":"https:\/\/believebytuularossi.com\/fi\/","logo":{"@type":"ImageObject","inLanguage":"fi","@id":"https:\/\/believebytuularossi.com\/fi\/#\/schema\/logo\/image\/","url":"https:\/\/believebytuularossi.com\/wp-content\/uploads\/2018\/08\/rossi-logo_new.png","contentUrl":"https:\/\/believebytuularossi.com\/wp-content\/uploads\/2018\/08\/rossi-logo_new.png","width":300,"height":143,"caption":"BELIEVE by tuula rossi"},"image":{"@id":"https:\/\/believebytuularossi.com\/fi\/#\/schema\/logo\/image\/"},"sameAs":["https:\/\/www.facebook.com\/believebytuularossi\/_gu3udgu0BZPTzcnU","https:\/\/www.instagram.com\/believebytuularossi\/","https:\/\/www.pinterest.com\/believebytuularossi\/"]}]}},"_links":{"self":[{"href":"https:\/\/believebytuularossi.com\/fi\/wp-json\/wp\/v2\/product\/16440","targetHints":{"allow":["GET"]}}],"collection":[{"href":"https:\/\/believebytuularossi.com\/fi\/wp-json\/wp\/v2\/product"}],"about":[{"href":"https:\/\/believebytuularossi.com\/fi\/wp-json\/wp\/v2\/types\/product"}],"wp:featuredmedia":[{"embeddable":true,"href":"https:\/\/believebytuularossi.com\/fi\/wp-json\/wp\/v2\/media\/13301"}],"wp:attachment":[{"href":"https:\/\/believebytuularossi.com\/fi\/wp-json\/wp\/v2\/media?parent=16440"}],"wp:term":[{"taxonomy":"product_brand","embeddable":true,"href":"https:\/\/believebytuularossi.com\/fi\/wp-json\/wp\/v2\/product_brand?post=16440"},{"taxonomy":"product_cat","embeddable":true,"href":"https:\/\/believebytuularossi.com\/fi\/wp-json\/wp\/v2\/product_cat?post=16440"},{"taxonomy":"product_tag","embeddable":true,"href":"https:\/\/believebytuularossi.com\/fi\/wp-json\/wp\/v2\/product_tag?post=16440"}],"curies":[{"name":"wp","href":"https:\/\/api.w.org\/{rel}","templated":true}]}}