{"id":16464,"date":"2019-03-28T17:20:07","date_gmt":"2019-03-28T16:20:07","guid":{"rendered":"https:\/\/believebytuularossi.com\/product\/ava-hood-rich-red-kevyt-tikattu-paallystakki-hupulla-taytelaisen-punainen\/"},"modified":"2019-03-28T17:20:07","modified_gmt":"2019-03-28T16:20:07","slug":"ava-hood-rich-red-kevyt-tikattu-paallystakki-hupulla-taytelaisen-punainen","status":"publish","type":"product","link":"https:\/\/believebytuularossi.com\/fi\/tuote\/ava-hood-rich-red-kevyt-tikattu-paallystakki-hupulla-taytelaisen-punainen\/","title":{"rendered":"Ava Hood Rich Red -kevyt tikattu p\u00e4\u00e4llystakki hupulla, t\u00e4ytel\u00e4isen punainen"},"content":{"rendered":"","protected":false},"excerpt":{"rendered":"<p>Punainen ulkotakki on katseenvangitsija! T\u00e4ss\u00e4 kauniissa hupullisessa kevyess\u00e4 p\u00e4\u00e4llystakissa on eritt\u00e4in vieh\u00e4tt\u00e4v\u00e4 Baby Stripe -tikattu takkimateriaali ja hieno osterinharmaa v\u00e4ri! Takissa on hyvin istuva irrotettava kauniilla kaksisuuntaisella vetoketjulla huppu. T\u00e4m\u00e4 takki imartelee vartaloasi! Tyylik\u00e4s ja muodikas Ava -tikkitakki on t\u00e4ydellinen naisille, jotka pit\u00e4v\u00e4t urbaanisesta ja ajattomasta tyylist\u00e4. Kauniit pitk\u00e4t kaksisuuntaiset vetoketjut taskuissa saavat vy\u00f6t\u00e4r\u00f6si n\u00e4ytt\u00e4m\u00e4\u00e4n kapeammalta. T\u00e4ydellisen leikkauksen ansiosta voit tuntea olosi mukavaksi ja n\u00e4ytt\u00e4\u00e4 hyv\u00e4lt\u00e4 koostasi riippumatta!<\/p>\n<p>AVA Baby Stripe -tikatun takin hihan pituus on hieman tavallista pidempi. Joustavat hihansuut takaavat t\u00e4ydellisen pituuden kaikenpituisille naisille.<\/p>\n","protected":false},"featured_media":13308,"template":"","meta":{"_acf_changed":false},"product_brand":[],"product_cat":[131],"product_tag":[],"class_list":{"0":"post-16464","1":"product","2":"type-product","3":"status-publish","4":"has-post-thumbnail","6":"product_cat-kevattakit-kesatakit-valisesonkitakit","7":"pa_ewd_uwcf_colors-red","8":"pa_size-34-fi","9":"pa_size-36-fi","10":"pa_size-38-fi","11":"pa_size-40-fi","12":"pa_size-42-fi","13":"pa_size-44-fi","14":"pa_size-46-fi","15":"pa_size-48-fi","16":"pa_size-50-fi","17":"pa_size-52-fi","18":"pa_size-54-fi","19":"product_color-red-fi","21":"first","22":"instock","23":"taxable","24":"shipping-taxable","25":"purchasable","26":"product-type-variable"},"acf":[],"yoast_head":"<!-- This site is optimized with the Yoast SEO plugin v27.3 - https:\/\/yoast.com\/product\/yoast-seo-wordpress\/ -->\n<title>Ava Hood Rich Red -kevyt tikattu p\u00e4\u00e4llystakki hupulla, t\u00e4ytel\u00e4isen punainen &#8211; BELIEVE by tuula rossi<\/title>\n<meta name=\"description\" content=\"Ava Hood Rich Red -kirkkaanpunainen kevyt tikattu naisten p\u00e4\u00e4llystakki on ihanteellinen ulkoilutakki kev\u00e4\u00e4seen ja syksyyn\" \/>\n<meta name=\"robots\" content=\"index, follow, max-snippet:-1, max-image-preview:large, max-video-preview:-1\" \/>\n<link rel=\"canonical\" href=\"https:\/\/believebytuularossi.com\/fi\/tuote\/ava-hood-rich-red-kevyt-tikattu-paallystakki-hupulla-taytelaisen-punainen\/\" \/>\n<meta property=\"og:locale\" content=\"fi_FI\" \/>\n<meta property=\"og:type\" content=\"article\" \/>\n<meta property=\"og:title\" content=\"Ava Hood Rich Red -kevyt tikattu p\u00e4\u00e4llystakki hupulla, t\u00e4ytel\u00e4isen punainen &#8211; BELIEVE by tuula rossi\" \/>\n<meta property=\"og:description\" content=\"Ava Hood Rich Red -kirkkaanpunainen kevyt tikattu naisten p\u00e4\u00e4llystakki on ihanteellinen ulkoilutakki kev\u00e4\u00e4seen ja syksyyn\" \/>\n<meta property=\"og:url\" content=\"https:\/\/believebytuularossi.com\/fi\/tuote\/ava-hood-rich-red-kevyt-tikattu-paallystakki-hupulla-taytelaisen-punainen\/\" \/>\n<meta property=\"og:site_name\" content=\"BELIEVE by tuula rossi\" \/>\n<meta property=\"article:publisher\" content=\"https:\/\/www.facebook.com\/believebytuularossi\/_gu3udgu0BZPTzcnU\" \/>\n<meta property=\"og:image\" content=\"https:\/\/believebytuularossi.com\/wp-content\/uploads\/2019\/03\/Ava-Hood-Rich-Red-4.jpg\" \/>\n\t<meta property=\"og:image:width\" content=\"1363\" \/>\n\t<meta property=\"og:image:height\" content=\"2048\" \/>\n\t<meta property=\"og:image:type\" content=\"image\/jpeg\" \/>\n<meta name=\"twitter:card\" content=\"summary_large_image\" \/>\n<script type=\"application\/ld+json\" class=\"yoast-schema-graph\">{\"@context\":\"https:\\\/\\\/schema.org\",\"@graph\":[{\"@type\":\"WebPage\",\"@id\":\"https:\\\/\\\/believebytuularossi.com\\\/fi\\\/tuote\\\/ava-hood-rich-red-kevyt-tikattu-paallystakki-hupulla-taytelaisen-punainen\\\/\",\"url\":\"https:\\\/\\\/believebytuularossi.com\\\/fi\\\/tuote\\\/ava-hood-rich-red-kevyt-tikattu-paallystakki-hupulla-taytelaisen-punainen\\\/\",\"name\":\"Ava Hood Rich Red -kevyt tikattu p\u00e4\u00e4llystakki hupulla, t\u00e4ytel\u00e4isen punainen &#8211; BELIEVE by tuula rossi\",\"isPartOf\":{\"@id\":\"https:\\\/\\\/believebytuularossi.com\\\/fi\\\/#website\"},\"primaryImageOfPage\":{\"@id\":\"https:\\\/\\\/believebytuularossi.com\\\/fi\\\/tuote\\\/ava-hood-rich-red-kevyt-tikattu-paallystakki-hupulla-taytelaisen-punainen\\\/#primaryimage\"},\"image\":{\"@id\":\"https:\\\/\\\/believebytuularossi.com\\\/fi\\\/tuote\\\/ava-hood-rich-red-kevyt-tikattu-paallystakki-hupulla-taytelaisen-punainen\\\/#primaryimage\"},\"thumbnailUrl\":\"https:\\\/\\\/believebytuularossi.com\\\/wp-content\\\/uploads\\\/2019\\\/03\\\/Ava-Hood-Rich-Red-4.jpg\",\"datePublished\":\"2019-03-28T16:20:07+00:00\",\"description\":\"Ava Hood Rich Red -kirkkaanpunainen kevyt tikattu naisten p\u00e4\u00e4llystakki on ihanteellinen ulkoilutakki kev\u00e4\u00e4seen ja syksyyn\",\"breadcrumb\":{\"@id\":\"https:\\\/\\\/believebytuularossi.com\\\/fi\\\/tuote\\\/ava-hood-rich-red-kevyt-tikattu-paallystakki-hupulla-taytelaisen-punainen\\\/#breadcrumb\"},\"inLanguage\":\"fi\",\"potentialAction\":[{\"@type\":\"ReadAction\",\"target\":[\"https:\\\/\\\/believebytuularossi.com\\\/fi\\\/tuote\\\/ava-hood-rich-red-kevyt-tikattu-paallystakki-hupulla-taytelaisen-punainen\\\/\"]}]},{\"@type\":\"ImageObject\",\"inLanguage\":\"fi\",\"@id\":\"https:\\\/\\\/believebytuularossi.com\\\/fi\\\/tuote\\\/ava-hood-rich-red-kevyt-tikattu-paallystakki-hupulla-taytelaisen-punainen\\\/#primaryimage\",\"url\":\"https:\\\/\\\/believebytuularossi.com\\\/wp-content\\\/uploads\\\/2019\\\/03\\\/Ava-Hood-Rich-Red-4.jpg\",\"contentUrl\":\"https:\\\/\\\/believebytuularossi.com\\\/wp-content\\\/uploads\\\/2019\\\/03\\\/Ava-Hood-Rich-Red-4.jpg\",\"width\":1363,\"height\":2048,\"caption\":\"Ava Hood Rich Red 4\"},{\"@type\":\"BreadcrumbList\",\"@id\":\"https:\\\/\\\/believebytuularossi.com\\\/fi\\\/tuote\\\/ava-hood-rich-red-kevyt-tikattu-paallystakki-hupulla-taytelaisen-punainen\\\/#breadcrumb\",\"itemListElement\":[{\"@type\":\"ListItem\",\"position\":1,\"name\":\"Home\",\"item\":\"https:\\\/\\\/believebytuularossi.com\\\/fi\\\/\"},{\"@type\":\"ListItem\",\"position\":2,\"name\":\"Shop\",\"item\":\"https:\\\/\\\/believebytuularossi.com\\\/shop\\\/\"},{\"@type\":\"ListItem\",\"position\":3,\"name\":\"Ava Hood Rich Red -kevyt tikattu p\u00e4\u00e4llystakki hupulla, t\u00e4ytel\u00e4isen punainen\"}]},{\"@type\":\"WebSite\",\"@id\":\"https:\\\/\\\/believebytuularossi.com\\\/fi\\\/#website\",\"url\":\"https:\\\/\\\/believebytuularossi.com\\\/fi\\\/\",\"name\":\"BELIEVE by tuula rossi\",\"description\":\"A unique, luxurious, original outerwear collection created by passion and love for today\u2019s fashionable woman and her desire for timeless style.          Perfect fit for the modern, feminine woman of any age.\",\"publisher\":{\"@id\":\"https:\\\/\\\/believebytuularossi.com\\\/fi\\\/#organization\"},\"potentialAction\":[{\"@type\":\"SearchAction\",\"target\":{\"@type\":\"EntryPoint\",\"urlTemplate\":\"https:\\\/\\\/believebytuularossi.com\\\/fi\\\/?s={search_term_string}\"},\"query-input\":{\"@type\":\"PropertyValueSpecification\",\"valueRequired\":true,\"valueName\":\"search_term_string\"}}],\"inLanguage\":\"fi\"},{\"@type\":\"Organization\",\"@id\":\"https:\\\/\\\/believebytuularossi.com\\\/fi\\\/#organization\",\"name\":\"BELIEVE by tuula rossi\",\"url\":\"https:\\\/\\\/believebytuularossi.com\\\/fi\\\/\",\"logo\":{\"@type\":\"ImageObject\",\"inLanguage\":\"fi\",\"@id\":\"https:\\\/\\\/believebytuularossi.com\\\/fi\\\/#\\\/schema\\\/logo\\\/image\\\/\",\"url\":\"https:\\\/\\\/believebytuularossi.com\\\/wp-content\\\/uploads\\\/2018\\\/08\\\/rossi-logo_new.png\",\"contentUrl\":\"https:\\\/\\\/believebytuularossi.com\\\/wp-content\\\/uploads\\\/2018\\\/08\\\/rossi-logo_new.png\",\"width\":300,\"height\":143,\"caption\":\"BELIEVE by tuula rossi\"},\"image\":{\"@id\":\"https:\\\/\\\/believebytuularossi.com\\\/fi\\\/#\\\/schema\\\/logo\\\/image\\\/\"},\"sameAs\":[\"https:\\\/\\\/www.facebook.com\\\/believebytuularossi\\\/_gu3udgu0BZPTzcnU\",\"https:\\\/\\\/www.instagram.com\\\/believebytuularossi\\\/\",\"https:\\\/\\\/www.pinterest.com\\\/believebytuularossi\\\/\"]}]}<\/script>\n<!-- \/ Yoast SEO plugin. -->","yoast_head_json":{"title":"Ava Hood Rich Red -kevyt tikattu p\u00e4\u00e4llystakki hupulla, t\u00e4ytel\u00e4isen punainen &#8211; BELIEVE by tuula rossi","description":"Ava Hood Rich Red -kirkkaanpunainen kevyt tikattu naisten p\u00e4\u00e4llystakki on ihanteellinen ulkoilutakki kev\u00e4\u00e4seen ja syksyyn","robots":{"index":"index","follow":"follow","max-snippet":"max-snippet:-1","max-image-preview":"max-image-preview:large","max-video-preview":"max-video-preview:-1"},"canonical":"https:\/\/believebytuularossi.com\/fi\/tuote\/ava-hood-rich-red-kevyt-tikattu-paallystakki-hupulla-taytelaisen-punainen\/","og_locale":"fi_FI","og_type":"article","og_title":"Ava Hood Rich Red -kevyt tikattu p\u00e4\u00e4llystakki hupulla, t\u00e4ytel\u00e4isen punainen &#8211; BELIEVE by tuula rossi","og_description":"Ava Hood Rich Red -kirkkaanpunainen kevyt tikattu naisten p\u00e4\u00e4llystakki on ihanteellinen ulkoilutakki kev\u00e4\u00e4seen ja syksyyn","og_url":"https:\/\/believebytuularossi.com\/fi\/tuote\/ava-hood-rich-red-kevyt-tikattu-paallystakki-hupulla-taytelaisen-punainen\/","og_site_name":"BELIEVE by tuula rossi","article_publisher":"https:\/\/www.facebook.com\/believebytuularossi\/_gu3udgu0BZPTzcnU","og_image":[{"width":1363,"height":2048,"url":"https:\/\/believebytuularossi.com\/wp-content\/uploads\/2019\/03\/Ava-Hood-Rich-Red-4.jpg","type":"image\/jpeg"}],"twitter_card":"summary_large_image","schema":{"@context":"https:\/\/schema.org","@graph":[{"@type":"WebPage","@id":"https:\/\/believebytuularossi.com\/fi\/tuote\/ava-hood-rich-red-kevyt-tikattu-paallystakki-hupulla-taytelaisen-punainen\/","url":"https:\/\/believebytuularossi.com\/fi\/tuote\/ava-hood-rich-red-kevyt-tikattu-paallystakki-hupulla-taytelaisen-punainen\/","name":"Ava Hood Rich Red -kevyt tikattu p\u00e4\u00e4llystakki hupulla, t\u00e4ytel\u00e4isen punainen &#8211; BELIEVE by tuula rossi","isPartOf":{"@id":"https:\/\/believebytuularossi.com\/fi\/#website"},"primaryImageOfPage":{"@id":"https:\/\/believebytuularossi.com\/fi\/tuote\/ava-hood-rich-red-kevyt-tikattu-paallystakki-hupulla-taytelaisen-punainen\/#primaryimage"},"image":{"@id":"https:\/\/believebytuularossi.com\/fi\/tuote\/ava-hood-rich-red-kevyt-tikattu-paallystakki-hupulla-taytelaisen-punainen\/#primaryimage"},"thumbnailUrl":"https:\/\/believebytuularossi.com\/wp-content\/uploads\/2019\/03\/Ava-Hood-Rich-Red-4.jpg","datePublished":"2019-03-28T16:20:07+00:00","description":"Ava Hood Rich Red -kirkkaanpunainen kevyt tikattu naisten p\u00e4\u00e4llystakki on ihanteellinen ulkoilutakki kev\u00e4\u00e4seen ja syksyyn","breadcrumb":{"@id":"https:\/\/believebytuularossi.com\/fi\/tuote\/ava-hood-rich-red-kevyt-tikattu-paallystakki-hupulla-taytelaisen-punainen\/#breadcrumb"},"inLanguage":"fi","potentialAction":[{"@type":"ReadAction","target":["https:\/\/believebytuularossi.com\/fi\/tuote\/ava-hood-rich-red-kevyt-tikattu-paallystakki-hupulla-taytelaisen-punainen\/"]}]},{"@type":"ImageObject","inLanguage":"fi","@id":"https:\/\/believebytuularossi.com\/fi\/tuote\/ava-hood-rich-red-kevyt-tikattu-paallystakki-hupulla-taytelaisen-punainen\/#primaryimage","url":"https:\/\/believebytuularossi.com\/wp-content\/uploads\/2019\/03\/Ava-Hood-Rich-Red-4.jpg","contentUrl":"https:\/\/believebytuularossi.com\/wp-content\/uploads\/2019\/03\/Ava-Hood-Rich-Red-4.jpg","width":1363,"height":2048,"caption":"Ava Hood Rich Red 4"},{"@type":"BreadcrumbList","@id":"https:\/\/believebytuularossi.com\/fi\/tuote\/ava-hood-rich-red-kevyt-tikattu-paallystakki-hupulla-taytelaisen-punainen\/#breadcrumb","itemListElement":[{"@type":"ListItem","position":1,"name":"Home","item":"https:\/\/believebytuularossi.com\/fi\/"},{"@type":"ListItem","position":2,"name":"Shop","item":"https:\/\/believebytuularossi.com\/shop\/"},{"@type":"ListItem","position":3,"name":"Ava Hood Rich Red -kevyt tikattu p\u00e4\u00e4llystakki hupulla, t\u00e4ytel\u00e4isen punainen"}]},{"@type":"WebSite","@id":"https:\/\/believebytuularossi.com\/fi\/#website","url":"https:\/\/believebytuularossi.com\/fi\/","name":"BELIEVE by tuula rossi","description":"A unique, luxurious, original outerwear collection created by passion and love for today\u2019s fashionable woman and her desire for timeless style.          Perfect fit for the modern, feminine woman of any age.","publisher":{"@id":"https:\/\/believebytuularossi.com\/fi\/#organization"},"potentialAction":[{"@type":"SearchAction","target":{"@type":"EntryPoint","urlTemplate":"https:\/\/believebytuularossi.com\/fi\/?s={search_term_string}"},"query-input":{"@type":"PropertyValueSpecification","valueRequired":true,"valueName":"search_term_string"}}],"inLanguage":"fi"},{"@type":"Organization","@id":"https:\/\/believebytuularossi.com\/fi\/#organization","name":"BELIEVE by tuula rossi","url":"https:\/\/believebytuularossi.com\/fi\/","logo":{"@type":"ImageObject","inLanguage":"fi","@id":"https:\/\/believebytuularossi.com\/fi\/#\/schema\/logo\/image\/","url":"https:\/\/believebytuularossi.com\/wp-content\/uploads\/2018\/08\/rossi-logo_new.png","contentUrl":"https:\/\/believebytuularossi.com\/wp-content\/uploads\/2018\/08\/rossi-logo_new.png","width":300,"height":143,"caption":"BELIEVE by tuula rossi"},"image":{"@id":"https:\/\/believebytuularossi.com\/fi\/#\/schema\/logo\/image\/"},"sameAs":["https:\/\/www.facebook.com\/believebytuularossi\/_gu3udgu0BZPTzcnU","https:\/\/www.instagram.com\/believebytuularossi\/","https:\/\/www.pinterest.com\/believebytuularossi\/"]}]}},"_links":{"self":[{"href":"https:\/\/believebytuularossi.com\/fi\/wp-json\/wp\/v2\/product\/16464","targetHints":{"allow":["GET"]}}],"collection":[{"href":"https:\/\/believebytuularossi.com\/fi\/wp-json\/wp\/v2\/product"}],"about":[{"href":"https:\/\/believebytuularossi.com\/fi\/wp-json\/wp\/v2\/types\/product"}],"wp:featuredmedia":[{"embeddable":true,"href":"https:\/\/believebytuularossi.com\/fi\/wp-json\/wp\/v2\/media\/13308"}],"wp:attachment":[{"href":"https:\/\/believebytuularossi.com\/fi\/wp-json\/wp\/v2\/media?parent=16464"}],"wp:term":[{"taxonomy":"product_brand","embeddable":true,"href":"https:\/\/believebytuularossi.com\/fi\/wp-json\/wp\/v2\/product_brand?post=16464"},{"taxonomy":"product_cat","embeddable":true,"href":"https:\/\/believebytuularossi.com\/fi\/wp-json\/wp\/v2\/product_cat?post=16464"},{"taxonomy":"product_tag","embeddable":true,"href":"https:\/\/believebytuularossi.com\/fi\/wp-json\/wp\/v2\/product_tag?post=16464"}],"curies":[{"name":"wp","href":"https:\/\/api.w.org\/{rel}","templated":true}]}}