{"id":16630,"date":"2019-03-28T16:20:27","date_gmt":"2019-03-28T15:20:27","guid":{"rendered":"https:\/\/believebytuularossi.com\/product\/amy-light-sand-joustava-kevyt-naisten-tikkitakki-vaaleanbeige\/"},"modified":"2019-03-28T16:20:27","modified_gmt":"2019-03-28T15:20:27","slug":"amy-light-sand-joustava-kevyt-naisten-tikkitakki-vaaleanbeige","status":"publish","type":"product","link":"https:\/\/believebytuularossi.com\/fi\/tuote\/amy-light-sand-joustava-kevyt-naisten-tikkitakki-vaaleanbeige\/","title":{"rendered":"Amy Light Sand -joustava ja kevyt naisten tikkitakki, vaaleanbeige"},"content":{"rendered":"","protected":false},"excerpt":{"rendered":"<p>T\u00e4m\u00e4 kaunis kevyt tikkitakki tulee olemaan suosikkivaatteesi, jota voit k\u00e4ytt\u00e4\u00e4 miss\u00e4 tahansa tilanteissa, vaikka ymp\u00e4ri vuoden! Yksinkertainen ja muodikas, Amy -ulkotakki on t\u00e4ydellinen kaikille naisille, jotka rakastavat ajatonta kaupunkityyli\u00e4. Joustavuutensa ansiosta laadukas takkimateriaali on eritt\u00e4in mukava pit\u00e4\u00e4 p\u00e4\u00e4ll\u00e4.<\/p>\n<p>Amy -tikkitakin hihan pituus on hieman tavallista pidempi. Joustavat hihansuut takaavat t\u00e4ydellisen pituuden kaikille. Hihoissa on raikkaan keltainen vuori.<\/p>\n","protected":false},"featured_media":13164,"template":"","meta":{"_acf_changed":false},"product_brand":[],"product_cat":[131],"product_tag":[],"class_list":{"0":"post-16630","1":"product","2":"type-product","3":"status-publish","4":"has-post-thumbnail","6":"product_cat-kevattakit-kesatakit-valisesonkitakit","7":"pa_ewd_uwcf_colors-grey","8":"pa_ewd_uwcf_colors-harmaa","9":"pa_ewd_uwcf_colors-white-fi","10":"pa_ewd_uwcf_colors-white","11":"pa_size-34-fi","12":"pa_size-36-fi","13":"pa_size-38-fi","14":"pa_size-40-fi","15":"pa_size-42-fi","16":"pa_size-44-fi","17":"pa_size-46-fi","18":"pa_size-48-fi","19":"pa_size-50-fi","20":"pa_size-52-fi","21":"pa_size-54-fi","22":"product_color-grey-fi","23":"product_color-white-fi","25":"first","26":"instock","27":"taxable","28":"shipping-taxable","29":"purchasable","30":"product-type-variable"},"acf":[],"yoast_head":"<!-- This site is optimized with the Yoast SEO plugin v27.5 - https:\/\/yoast.com\/product\/yoast-seo-wordpress\/ -->\n<title>Amy Light Sand -joustava ja kevyt naisten tikkitakki, vaaleanbeige &#8211; BELIEVE by tuula rossi<\/title>\n<meta name=\"description\" content=\"Amy Light Sand -vaaleanhiekanbeige joustava ja kevyt naisten tikkitakki sopii ymp\u00e4rivuotiseen k\u00e4ytt\u00f6\u00f6n\" \/>\n<meta name=\"robots\" content=\"index, follow, max-snippet:-1, max-image-preview:large, max-video-preview:-1\" \/>\n<link rel=\"canonical\" href=\"https:\/\/believebytuularossi.com\/fi\/tuote\/amy-light-sand-joustava-kevyt-naisten-tikkitakki-vaaleanbeige\/\" \/>\n<meta property=\"og:locale\" content=\"fi_FI\" \/>\n<meta property=\"og:type\" content=\"article\" \/>\n<meta property=\"og:title\" content=\"Amy Light Sand -joustava ja kevyt naisten tikkitakki, vaaleanbeige &#8211; BELIEVE by tuula rossi\" \/>\n<meta property=\"og:description\" content=\"Amy Light Sand -vaaleanhiekanbeige joustava ja kevyt naisten tikkitakki sopii ymp\u00e4rivuotiseen k\u00e4ytt\u00f6\u00f6n\" \/>\n<meta property=\"og:url\" content=\"https:\/\/believebytuularossi.com\/fi\/tuote\/amy-light-sand-joustava-kevyt-naisten-tikkitakki-vaaleanbeige\/\" \/>\n<meta property=\"og:site_name\" content=\"BELIEVE by tuula rossi\" \/>\n<meta property=\"article:publisher\" content=\"https:\/\/www.facebook.com\/believebytuularossi\/_gu3udgu0BZPTzcnU\" \/>\n<meta property=\"og:image\" content=\"https:\/\/believebytuularossi.com\/wp-content\/uploads\/2018\/09\/Amy-white1.png\" \/>\n\t<meta property=\"og:image:width\" content=\"682\" \/>\n\t<meta property=\"og:image:height\" content=\"1023\" \/>\n\t<meta property=\"og:image:type\" content=\"image\/png\" \/>\n<meta name=\"twitter:card\" content=\"summary_large_image\" \/>\n<script type=\"application\/ld+json\" class=\"yoast-schema-graph\">{\"@context\":\"https:\\\/\\\/schema.org\",\"@graph\":[{\"@type\":\"WebPage\",\"@id\":\"https:\\\/\\\/believebytuularossi.com\\\/fi\\\/tuote\\\/amy-light-sand-joustava-kevyt-naisten-tikkitakki-vaaleanbeige\\\/\",\"url\":\"https:\\\/\\\/believebytuularossi.com\\\/fi\\\/tuote\\\/amy-light-sand-joustava-kevyt-naisten-tikkitakki-vaaleanbeige\\\/\",\"name\":\"Amy Light Sand -joustava ja kevyt naisten tikkitakki, vaaleanbeige &#8211; BELIEVE by tuula rossi\",\"isPartOf\":{\"@id\":\"https:\\\/\\\/believebytuularossi.com\\\/fi\\\/#website\"},\"primaryImageOfPage\":{\"@id\":\"https:\\\/\\\/believebytuularossi.com\\\/fi\\\/tuote\\\/amy-light-sand-joustava-kevyt-naisten-tikkitakki-vaaleanbeige\\\/#primaryimage\"},\"image\":{\"@id\":\"https:\\\/\\\/believebytuularossi.com\\\/fi\\\/tuote\\\/amy-light-sand-joustava-kevyt-naisten-tikkitakki-vaaleanbeige\\\/#primaryimage\"},\"thumbnailUrl\":\"https:\\\/\\\/believebytuularossi.com\\\/wp-content\\\/uploads\\\/2018\\\/09\\\/Amy-white1.png\",\"datePublished\":\"2019-03-28T15:20:27+00:00\",\"description\":\"Amy Light Sand -vaaleanhiekanbeige joustava ja kevyt naisten tikkitakki sopii ymp\u00e4rivuotiseen k\u00e4ytt\u00f6\u00f6n\",\"breadcrumb\":{\"@id\":\"https:\\\/\\\/believebytuularossi.com\\\/fi\\\/tuote\\\/amy-light-sand-joustava-kevyt-naisten-tikkitakki-vaaleanbeige\\\/#breadcrumb\"},\"inLanguage\":\"fi\",\"potentialAction\":[{\"@type\":\"ReadAction\",\"target\":[\"https:\\\/\\\/believebytuularossi.com\\\/fi\\\/tuote\\\/amy-light-sand-joustava-kevyt-naisten-tikkitakki-vaaleanbeige\\\/\"]}]},{\"@type\":\"ImageObject\",\"inLanguage\":\"fi\",\"@id\":\"https:\\\/\\\/believebytuularossi.com\\\/fi\\\/tuote\\\/amy-light-sand-joustava-kevyt-naisten-tikkitakki-vaaleanbeige\\\/#primaryimage\",\"url\":\"https:\\\/\\\/believebytuularossi.com\\\/wp-content\\\/uploads\\\/2018\\\/09\\\/Amy-white1.png\",\"contentUrl\":\"https:\\\/\\\/believebytuularossi.com\\\/wp-content\\\/uploads\\\/2018\\\/09\\\/Amy-white1.png\",\"width\":682,\"height\":1023,\"caption\":\"Amy Light Sand -joustava ja kevyt naisten tikkitakki mallin p\u00e4\u00e4ll\u00e4\"},{\"@type\":\"BreadcrumbList\",\"@id\":\"https:\\\/\\\/believebytuularossi.com\\\/fi\\\/tuote\\\/amy-light-sand-joustava-kevyt-naisten-tikkitakki-vaaleanbeige\\\/#breadcrumb\",\"itemListElement\":[{\"@type\":\"ListItem\",\"position\":1,\"name\":\"Home\",\"item\":\"https:\\\/\\\/believebytuularossi.com\\\/fi\\\/\"},{\"@type\":\"ListItem\",\"position\":2,\"name\":\"Shop\",\"item\":\"https:\\\/\\\/believebytuularossi.com\\\/shop\\\/\"},{\"@type\":\"ListItem\",\"position\":3,\"name\":\"Amy Light Sand -joustava ja kevyt naisten tikkitakki, vaaleanbeige\"}]},{\"@type\":\"WebSite\",\"@id\":\"https:\\\/\\\/believebytuularossi.com\\\/fi\\\/#website\",\"url\":\"https:\\\/\\\/believebytuularossi.com\\\/fi\\\/\",\"name\":\"BELIEVE by tuula rossi\",\"description\":\"A unique, luxurious, original outerwear collection created by passion and love for today\u2019s fashionable woman and her desire for timeless style.          Perfect fit for the modern, feminine woman of any age.\",\"publisher\":{\"@id\":\"https:\\\/\\\/believebytuularossi.com\\\/fi\\\/#organization\"},\"potentialAction\":[{\"@type\":\"SearchAction\",\"target\":{\"@type\":\"EntryPoint\",\"urlTemplate\":\"https:\\\/\\\/believebytuularossi.com\\\/fi\\\/?s={search_term_string}\"},\"query-input\":{\"@type\":\"PropertyValueSpecification\",\"valueRequired\":true,\"valueName\":\"search_term_string\"}}],\"inLanguage\":\"fi\"},{\"@type\":\"Organization\",\"@id\":\"https:\\\/\\\/believebytuularossi.com\\\/fi\\\/#organization\",\"name\":\"BELIEVE by tuula rossi\",\"url\":\"https:\\\/\\\/believebytuularossi.com\\\/fi\\\/\",\"logo\":{\"@type\":\"ImageObject\",\"inLanguage\":\"fi\",\"@id\":\"https:\\\/\\\/believebytuularossi.com\\\/fi\\\/#\\\/schema\\\/logo\\\/image\\\/\",\"url\":\"https:\\\/\\\/believebytuularossi.com\\\/wp-content\\\/uploads\\\/2018\\\/08\\\/rossi-logo_new.png\",\"contentUrl\":\"https:\\\/\\\/believebytuularossi.com\\\/wp-content\\\/uploads\\\/2018\\\/08\\\/rossi-logo_new.png\",\"width\":300,\"height\":143,\"caption\":\"BELIEVE by tuula rossi\"},\"image\":{\"@id\":\"https:\\\/\\\/believebytuularossi.com\\\/fi\\\/#\\\/schema\\\/logo\\\/image\\\/\"},\"sameAs\":[\"https:\\\/\\\/www.facebook.com\\\/believebytuularossi\\\/_gu3udgu0BZPTzcnU\",\"https:\\\/\\\/www.instagram.com\\\/believebytuularossi\\\/\",\"https:\\\/\\\/www.pinterest.com\\\/believebytuularossi\\\/\"]}]}<\/script>\n<!-- \/ Yoast SEO plugin. -->","yoast_head_json":{"title":"Amy Light Sand -joustava ja kevyt naisten tikkitakki, vaaleanbeige &#8211; BELIEVE by tuula rossi","description":"Amy Light Sand -vaaleanhiekanbeige joustava ja kevyt naisten tikkitakki sopii ymp\u00e4rivuotiseen k\u00e4ytt\u00f6\u00f6n","robots":{"index":"index","follow":"follow","max-snippet":"max-snippet:-1","max-image-preview":"max-image-preview:large","max-video-preview":"max-video-preview:-1"},"canonical":"https:\/\/believebytuularossi.com\/fi\/tuote\/amy-light-sand-joustava-kevyt-naisten-tikkitakki-vaaleanbeige\/","og_locale":"fi_FI","og_type":"article","og_title":"Amy Light Sand -joustava ja kevyt naisten tikkitakki, vaaleanbeige &#8211; BELIEVE by tuula rossi","og_description":"Amy Light Sand -vaaleanhiekanbeige joustava ja kevyt naisten tikkitakki sopii ymp\u00e4rivuotiseen k\u00e4ytt\u00f6\u00f6n","og_url":"https:\/\/believebytuularossi.com\/fi\/tuote\/amy-light-sand-joustava-kevyt-naisten-tikkitakki-vaaleanbeige\/","og_site_name":"BELIEVE by tuula rossi","article_publisher":"https:\/\/www.facebook.com\/believebytuularossi\/_gu3udgu0BZPTzcnU","og_image":[{"width":682,"height":1023,"url":"https:\/\/believebytuularossi.com\/wp-content\/uploads\/2018\/09\/Amy-white1.png","type":"image\/png"}],"twitter_card":"summary_large_image","schema":{"@context":"https:\/\/schema.org","@graph":[{"@type":"WebPage","@id":"https:\/\/believebytuularossi.com\/fi\/tuote\/amy-light-sand-joustava-kevyt-naisten-tikkitakki-vaaleanbeige\/","url":"https:\/\/believebytuularossi.com\/fi\/tuote\/amy-light-sand-joustava-kevyt-naisten-tikkitakki-vaaleanbeige\/","name":"Amy Light Sand -joustava ja kevyt naisten tikkitakki, vaaleanbeige &#8211; BELIEVE by tuula rossi","isPartOf":{"@id":"https:\/\/believebytuularossi.com\/fi\/#website"},"primaryImageOfPage":{"@id":"https:\/\/believebytuularossi.com\/fi\/tuote\/amy-light-sand-joustava-kevyt-naisten-tikkitakki-vaaleanbeige\/#primaryimage"},"image":{"@id":"https:\/\/believebytuularossi.com\/fi\/tuote\/amy-light-sand-joustava-kevyt-naisten-tikkitakki-vaaleanbeige\/#primaryimage"},"thumbnailUrl":"https:\/\/believebytuularossi.com\/wp-content\/uploads\/2018\/09\/Amy-white1.png","datePublished":"2019-03-28T15:20:27+00:00","description":"Amy Light Sand -vaaleanhiekanbeige joustava ja kevyt naisten tikkitakki sopii ymp\u00e4rivuotiseen k\u00e4ytt\u00f6\u00f6n","breadcrumb":{"@id":"https:\/\/believebytuularossi.com\/fi\/tuote\/amy-light-sand-joustava-kevyt-naisten-tikkitakki-vaaleanbeige\/#breadcrumb"},"inLanguage":"fi","potentialAction":[{"@type":"ReadAction","target":["https:\/\/believebytuularossi.com\/fi\/tuote\/amy-light-sand-joustava-kevyt-naisten-tikkitakki-vaaleanbeige\/"]}]},{"@type":"ImageObject","inLanguage":"fi","@id":"https:\/\/believebytuularossi.com\/fi\/tuote\/amy-light-sand-joustava-kevyt-naisten-tikkitakki-vaaleanbeige\/#primaryimage","url":"https:\/\/believebytuularossi.com\/wp-content\/uploads\/2018\/09\/Amy-white1.png","contentUrl":"https:\/\/believebytuularossi.com\/wp-content\/uploads\/2018\/09\/Amy-white1.png","width":682,"height":1023,"caption":"Amy Light Sand -joustava ja kevyt naisten tikkitakki mallin p\u00e4\u00e4ll\u00e4"},{"@type":"BreadcrumbList","@id":"https:\/\/believebytuularossi.com\/fi\/tuote\/amy-light-sand-joustava-kevyt-naisten-tikkitakki-vaaleanbeige\/#breadcrumb","itemListElement":[{"@type":"ListItem","position":1,"name":"Home","item":"https:\/\/believebytuularossi.com\/fi\/"},{"@type":"ListItem","position":2,"name":"Shop","item":"https:\/\/believebytuularossi.com\/shop\/"},{"@type":"ListItem","position":3,"name":"Amy Light Sand -joustava ja kevyt naisten tikkitakki, vaaleanbeige"}]},{"@type":"WebSite","@id":"https:\/\/believebytuularossi.com\/fi\/#website","url":"https:\/\/believebytuularossi.com\/fi\/","name":"BELIEVE by tuula rossi","description":"A unique, luxurious, original outerwear collection created by passion and love for today\u2019s fashionable woman and her desire for timeless style.          Perfect fit for the modern, feminine woman of any age.","publisher":{"@id":"https:\/\/believebytuularossi.com\/fi\/#organization"},"potentialAction":[{"@type":"SearchAction","target":{"@type":"EntryPoint","urlTemplate":"https:\/\/believebytuularossi.com\/fi\/?s={search_term_string}"},"query-input":{"@type":"PropertyValueSpecification","valueRequired":true,"valueName":"search_term_string"}}],"inLanguage":"fi"},{"@type":"Organization","@id":"https:\/\/believebytuularossi.com\/fi\/#organization","name":"BELIEVE by tuula rossi","url":"https:\/\/believebytuularossi.com\/fi\/","logo":{"@type":"ImageObject","inLanguage":"fi","@id":"https:\/\/believebytuularossi.com\/fi\/#\/schema\/logo\/image\/","url":"https:\/\/believebytuularossi.com\/wp-content\/uploads\/2018\/08\/rossi-logo_new.png","contentUrl":"https:\/\/believebytuularossi.com\/wp-content\/uploads\/2018\/08\/rossi-logo_new.png","width":300,"height":143,"caption":"BELIEVE by tuula rossi"},"image":{"@id":"https:\/\/believebytuularossi.com\/fi\/#\/schema\/logo\/image\/"},"sameAs":["https:\/\/www.facebook.com\/believebytuularossi\/_gu3udgu0BZPTzcnU","https:\/\/www.instagram.com\/believebytuularossi\/","https:\/\/www.pinterest.com\/believebytuularossi\/"]}]}},"_links":{"self":[{"href":"https:\/\/believebytuularossi.com\/fi\/wp-json\/wp\/v2\/product\/16630","targetHints":{"allow":["GET"]}}],"collection":[{"href":"https:\/\/believebytuularossi.com\/fi\/wp-json\/wp\/v2\/product"}],"about":[{"href":"https:\/\/believebytuularossi.com\/fi\/wp-json\/wp\/v2\/types\/product"}],"wp:featuredmedia":[{"embeddable":true,"href":"https:\/\/believebytuularossi.com\/fi\/wp-json\/wp\/v2\/media\/13164"}],"wp:attachment":[{"href":"https:\/\/believebytuularossi.com\/fi\/wp-json\/wp\/v2\/media?parent=16630"}],"wp:term":[{"taxonomy":"product_brand","embeddable":true,"href":"https:\/\/believebytuularossi.com\/fi\/wp-json\/wp\/v2\/product_brand?post=16630"},{"taxonomy":"product_cat","embeddable":true,"href":"https:\/\/believebytuularossi.com\/fi\/wp-json\/wp\/v2\/product_cat?post=16630"},{"taxonomy":"product_tag","embeddable":true,"href":"https:\/\/believebytuularossi.com\/fi\/wp-json\/wp\/v2\/product_tag?post=16630"}],"curies":[{"name":"wp","href":"https:\/\/api.w.org\/{rel}","templated":true}]}}