{"id":16690,"date":"2018-08-14T11:00:05","date_gmt":"2018-08-14T09:00:05","guid":{"rendered":"https:\/\/believebytuularossi.com\/product\/smart-handbag-black-joustava-tikattu-kasilaukku-musta\/"},"modified":"2025-02-20T18:03:57","modified_gmt":"2025-02-20T17:03:57","slug":"smart-handbag-black-joustava-tikattu-kasilaukku-musta","status":"publish","type":"product","link":"https:\/\/believebytuularossi.com\/fi\/tuote\/smart-handbag-black-joustava-tikattu-kasilaukku-musta\/","title":{"rendered":"SMART Handbag Black -joustava tikattu k\u00e4silaukku, musta"},"content":{"rendered":"","protected":false},"excerpt":{"rendered":"<p>Ihanteellinen naisten k\u00e4silaukku, johon mahtuu kaikki mit\u00e4 el\u00e4m\u00e4ss\u00e4 tarvitset! T\u00e4m\u00e4 upea laukku on tilava ja kest\u00e4v\u00e4, ja voit ottaa sen mukaan viikonloppumatkalle. Toisaalta Smart -k\u00e4silaukku on tyylik\u00e4s ja hyv\u00e4nn\u00e4k\u00f6inen, jotta ottaa sen mukaan sinne, minne menetkin. Se sopii t\u00e4ydellisesti Amy Stretch -tikkitakkiin.<\/p>\n<p>Smart Stretch -laukku on valmistettu ylellisest\u00e4, jousikuosilla tikatusta takkimateriaalista ja ekologisesta keinonahasta. Tyylikk\u00e4\u00e4t logovetoketjut ja muut hienot yksityiskohdat tekev\u00e4t t\u00e4st\u00e4 laukusta t\u00e4ydellisen asusteen tyylikk\u00e4\u00e4seen ja hienostuneeseen lookiin.<\/p>\n<p>Laadukkaan nylon stretch -materiaalin ansiosta k\u00e4silaukku on eritt\u00e4in pehme\u00e4, eritt\u00e4in kevyt ja mukava k\u00e4ytt\u00e4\u00e4. Suuret taskut sek\u00e4 laukun sis\u00e4ll\u00e4 ett\u00e4 ulkopuolella ovat eritt\u00e4in hy\u00f6dyllisi\u00e4 moniin tilanteisiin ja sis\u00e4ll\u00e4 on erityiset taskut matkapuhelimelle, korteille, kyn\u00e4lle ja muille tavaroille.<\/p>\n<p>SMART K\u00e4silaukun mukana tulee yhteensopiva kansilaukku. Voit pest\u00e4 pussin k\u00e4sin.<\/p>\n","protected":false},"featured_media":13743,"template":"","meta":{"_acf_changed":false},"product_brand":[],"product_cat":[127],"product_tag":[],"class_list":{"0":"post-16690","1":"product","2":"type-product","3":"status-publish","4":"has-post-thumbnail","6":"product_cat-kasilaukut","7":"pa_ewd_uwcf_colors-black","8":"pa_ewd_uwcf_colors-musta","9":"product_color-black-fi","11":"first","12":"instock","13":"taxable","14":"shipping-taxable","15":"purchasable","16":"product-type-simple"},"acf":[],"yoast_head":"<!-- This site is optimized with the Yoast SEO plugin v27.6 - https:\/\/yoast.com\/product\/yoast-seo-wordpress\/ -->\n<title>SMART Handbag Black -joustava tikattu k\u00e4silaukku, musta &#8211; BELIEVE by tuula rossi<\/title>\n<meta name=\"description\" content=\"SMART Handbag Black -tilava, kest\u00e4v\u00e4 ja lyylik\u00e4s musta naisten k\u00e4silaukku, joka on valmistettu joustavasta tikatusta materiaalista, t\u00e4ydent\u00e4\u00e4 hienostunutta ja modernia tyyli\u00e4si\" \/>\n<meta name=\"robots\" content=\"index, follow, max-snippet:-1, max-image-preview:large, max-video-preview:-1\" \/>\n<link rel=\"canonical\" href=\"https:\/\/believebytuularossi.com\/fi\/tuote\/smart-handbag-black-joustava-tikattu-kasilaukku-musta\/\" \/>\n<meta property=\"og:locale\" content=\"fi_FI\" \/>\n<meta property=\"og:type\" content=\"article\" \/>\n<meta property=\"og:title\" content=\"SMART Handbag Black -joustava tikattu k\u00e4silaukku, musta &#8211; BELIEVE by tuula rossi\" \/>\n<meta property=\"og:description\" content=\"SMART Handbag Black -tilava, kest\u00e4v\u00e4 ja lyylik\u00e4s musta naisten k\u00e4silaukku, joka on valmistettu joustavasta tikatusta materiaalista, t\u00e4ydent\u00e4\u00e4 hienostunutta ja modernia tyyli\u00e4si\" \/>\n<meta property=\"og:url\" content=\"https:\/\/believebytuularossi.com\/fi\/tuote\/smart-handbag-black-joustava-tikattu-kasilaukku-musta\/\" \/>\n<meta property=\"og:site_name\" content=\"BELIEVE by tuula rossi\" \/>\n<meta property=\"article:publisher\" content=\"https:\/\/www.facebook.com\/believebytuularossi\/_gu3udgu0BZPTzcnU\" \/>\n<meta property=\"article:modified_time\" content=\"2025-02-20T17:03:57+00:00\" \/>\n<meta property=\"og:image\" content=\"https:\/\/believebytuularossi.com\/wp-content\/uploads\/2018\/08\/SMART-Stretch-Quilted_Handbag.jpg\" \/>\n\t<meta property=\"og:image:width\" content=\"639\" \/>\n\t<meta property=\"og:image:height\" content=\"959\" \/>\n\t<meta property=\"og:image:type\" content=\"image\/jpeg\" \/>\n<meta name=\"twitter:card\" content=\"summary_large_image\" \/>\n<script type=\"application\/ld+json\" class=\"yoast-schema-graph\">{\"@context\":\"https:\\\/\\\/schema.org\",\"@graph\":[{\"@type\":\"WebPage\",\"@id\":\"https:\\\/\\\/believebytuularossi.com\\\/fi\\\/tuote\\\/smart-handbag-black-joustava-tikattu-kasilaukku-musta\\\/\",\"url\":\"https:\\\/\\\/believebytuularossi.com\\\/fi\\\/tuote\\\/smart-handbag-black-joustava-tikattu-kasilaukku-musta\\\/\",\"name\":\"SMART Handbag Black -joustava tikattu k\u00e4silaukku, musta &#8211; BELIEVE by tuula rossi\",\"isPartOf\":{\"@id\":\"https:\\\/\\\/believebytuularossi.com\\\/fi\\\/#website\"},\"primaryImageOfPage\":{\"@id\":\"https:\\\/\\\/believebytuularossi.com\\\/fi\\\/tuote\\\/smart-handbag-black-joustava-tikattu-kasilaukku-musta\\\/#primaryimage\"},\"image\":{\"@id\":\"https:\\\/\\\/believebytuularossi.com\\\/fi\\\/tuote\\\/smart-handbag-black-joustava-tikattu-kasilaukku-musta\\\/#primaryimage\"},\"thumbnailUrl\":\"https:\\\/\\\/believebytuularossi.com\\\/wp-content\\\/uploads\\\/2018\\\/08\\\/SMART-Stretch-Quilted_Handbag.jpg\",\"datePublished\":\"2018-08-14T09:00:05+00:00\",\"dateModified\":\"2025-02-20T17:03:57+00:00\",\"description\":\"SMART Handbag Black -tilava, kest\u00e4v\u00e4 ja lyylik\u00e4s musta naisten k\u00e4silaukku, joka on valmistettu joustavasta tikatusta materiaalista, t\u00e4ydent\u00e4\u00e4 hienostunutta ja modernia tyyli\u00e4si\",\"breadcrumb\":{\"@id\":\"https:\\\/\\\/believebytuularossi.com\\\/fi\\\/tuote\\\/smart-handbag-black-joustava-tikattu-kasilaukku-musta\\\/#breadcrumb\"},\"inLanguage\":\"fi\",\"potentialAction\":[{\"@type\":\"ReadAction\",\"target\":[\"https:\\\/\\\/believebytuularossi.com\\\/fi\\\/tuote\\\/smart-handbag-black-joustava-tikattu-kasilaukku-musta\\\/\"]}]},{\"@type\":\"ImageObject\",\"inLanguage\":\"fi\",\"@id\":\"https:\\\/\\\/believebytuularossi.com\\\/fi\\\/tuote\\\/smart-handbag-black-joustava-tikattu-kasilaukku-musta\\\/#primaryimage\",\"url\":\"https:\\\/\\\/believebytuularossi.com\\\/wp-content\\\/uploads\\\/2018\\\/08\\\/SMART-Stretch-Quilted_Handbag.jpg\",\"contentUrl\":\"https:\\\/\\\/believebytuularossi.com\\\/wp-content\\\/uploads\\\/2018\\\/08\\\/SMART-Stretch-Quilted_Handbag.jpg\",\"width\":639,\"height\":959,\"caption\":\"SMART Stretch Quilted Handbag\"},{\"@type\":\"BreadcrumbList\",\"@id\":\"https:\\\/\\\/believebytuularossi.com\\\/fi\\\/tuote\\\/smart-handbag-black-joustava-tikattu-kasilaukku-musta\\\/#breadcrumb\",\"itemListElement\":[{\"@type\":\"ListItem\",\"position\":1,\"name\":\"Home\",\"item\":\"https:\\\/\\\/believebytuularossi.com\\\/fi\\\/\"},{\"@type\":\"ListItem\",\"position\":2,\"name\":\"Shop\",\"item\":\"https:\\\/\\\/believebytuularossi.com\\\/shop\\\/\"},{\"@type\":\"ListItem\",\"position\":3,\"name\":\"SMART Handbag Black -joustava tikattu k\u00e4silaukku, musta\"}]},{\"@type\":\"WebSite\",\"@id\":\"https:\\\/\\\/believebytuularossi.com\\\/fi\\\/#website\",\"url\":\"https:\\\/\\\/believebytuularossi.com\\\/fi\\\/\",\"name\":\"BELIEVE by tuula rossi\",\"description\":\"A unique, luxurious, original outerwear collection created by passion and love for today\u2019s fashionable woman and her desire for timeless style.          Perfect fit for the modern, feminine woman of any age.\",\"publisher\":{\"@id\":\"https:\\\/\\\/believebytuularossi.com\\\/fi\\\/#organization\"},\"potentialAction\":[{\"@type\":\"SearchAction\",\"target\":{\"@type\":\"EntryPoint\",\"urlTemplate\":\"https:\\\/\\\/believebytuularossi.com\\\/fi\\\/?s={search_term_string}\"},\"query-input\":{\"@type\":\"PropertyValueSpecification\",\"valueRequired\":true,\"valueName\":\"search_term_string\"}}],\"inLanguage\":\"fi\"},{\"@type\":\"Organization\",\"@id\":\"https:\\\/\\\/believebytuularossi.com\\\/fi\\\/#organization\",\"name\":\"BELIEVE by tuula rossi\",\"url\":\"https:\\\/\\\/believebytuularossi.com\\\/fi\\\/\",\"logo\":{\"@type\":\"ImageObject\",\"inLanguage\":\"fi\",\"@id\":\"https:\\\/\\\/believebytuularossi.com\\\/fi\\\/#\\\/schema\\\/logo\\\/image\\\/\",\"url\":\"https:\\\/\\\/believebytuularossi.com\\\/wp-content\\\/uploads\\\/2018\\\/08\\\/rossi-logo_new.png\",\"contentUrl\":\"https:\\\/\\\/believebytuularossi.com\\\/wp-content\\\/uploads\\\/2018\\\/08\\\/rossi-logo_new.png\",\"width\":300,\"height\":143,\"caption\":\"BELIEVE by tuula rossi\"},\"image\":{\"@id\":\"https:\\\/\\\/believebytuularossi.com\\\/fi\\\/#\\\/schema\\\/logo\\\/image\\\/\"},\"sameAs\":[\"https:\\\/\\\/www.facebook.com\\\/believebytuularossi\\\/_gu3udgu0BZPTzcnU\",\"https:\\\/\\\/www.instagram.com\\\/believebytuularossi\\\/\",\"https:\\\/\\\/www.pinterest.com\\\/believebytuularossi\\\/\"]}]}<\/script>\n<!-- \/ Yoast SEO plugin. -->","yoast_head_json":{"title":"SMART Handbag Black -joustava tikattu k\u00e4silaukku, musta &#8211; BELIEVE by tuula rossi","description":"SMART Handbag Black -tilava, kest\u00e4v\u00e4 ja lyylik\u00e4s musta naisten k\u00e4silaukku, joka on valmistettu joustavasta tikatusta materiaalista, t\u00e4ydent\u00e4\u00e4 hienostunutta ja modernia tyyli\u00e4si","robots":{"index":"index","follow":"follow","max-snippet":"max-snippet:-1","max-image-preview":"max-image-preview:large","max-video-preview":"max-video-preview:-1"},"canonical":"https:\/\/believebytuularossi.com\/fi\/tuote\/smart-handbag-black-joustava-tikattu-kasilaukku-musta\/","og_locale":"fi_FI","og_type":"article","og_title":"SMART Handbag Black -joustava tikattu k\u00e4silaukku, musta &#8211; BELIEVE by tuula rossi","og_description":"SMART Handbag Black -tilava, kest\u00e4v\u00e4 ja lyylik\u00e4s musta naisten k\u00e4silaukku, joka on valmistettu joustavasta tikatusta materiaalista, t\u00e4ydent\u00e4\u00e4 hienostunutta ja modernia tyyli\u00e4si","og_url":"https:\/\/believebytuularossi.com\/fi\/tuote\/smart-handbag-black-joustava-tikattu-kasilaukku-musta\/","og_site_name":"BELIEVE by tuula rossi","article_publisher":"https:\/\/www.facebook.com\/believebytuularossi\/_gu3udgu0BZPTzcnU","article_modified_time":"2025-02-20T17:03:57+00:00","og_image":[{"width":639,"height":959,"url":"https:\/\/believebytuularossi.com\/wp-content\/uploads\/2018\/08\/SMART-Stretch-Quilted_Handbag.jpg","type":"image\/jpeg"}],"twitter_card":"summary_large_image","schema":{"@context":"https:\/\/schema.org","@graph":[{"@type":"WebPage","@id":"https:\/\/believebytuularossi.com\/fi\/tuote\/smart-handbag-black-joustava-tikattu-kasilaukku-musta\/","url":"https:\/\/believebytuularossi.com\/fi\/tuote\/smart-handbag-black-joustava-tikattu-kasilaukku-musta\/","name":"SMART Handbag Black -joustava tikattu k\u00e4silaukku, musta &#8211; BELIEVE by tuula rossi","isPartOf":{"@id":"https:\/\/believebytuularossi.com\/fi\/#website"},"primaryImageOfPage":{"@id":"https:\/\/believebytuularossi.com\/fi\/tuote\/smart-handbag-black-joustava-tikattu-kasilaukku-musta\/#primaryimage"},"image":{"@id":"https:\/\/believebytuularossi.com\/fi\/tuote\/smart-handbag-black-joustava-tikattu-kasilaukku-musta\/#primaryimage"},"thumbnailUrl":"https:\/\/believebytuularossi.com\/wp-content\/uploads\/2018\/08\/SMART-Stretch-Quilted_Handbag.jpg","datePublished":"2018-08-14T09:00:05+00:00","dateModified":"2025-02-20T17:03:57+00:00","description":"SMART Handbag Black -tilava, kest\u00e4v\u00e4 ja lyylik\u00e4s musta naisten k\u00e4silaukku, joka on valmistettu joustavasta tikatusta materiaalista, t\u00e4ydent\u00e4\u00e4 hienostunutta ja modernia tyyli\u00e4si","breadcrumb":{"@id":"https:\/\/believebytuularossi.com\/fi\/tuote\/smart-handbag-black-joustava-tikattu-kasilaukku-musta\/#breadcrumb"},"inLanguage":"fi","potentialAction":[{"@type":"ReadAction","target":["https:\/\/believebytuularossi.com\/fi\/tuote\/smart-handbag-black-joustava-tikattu-kasilaukku-musta\/"]}]},{"@type":"ImageObject","inLanguage":"fi","@id":"https:\/\/believebytuularossi.com\/fi\/tuote\/smart-handbag-black-joustava-tikattu-kasilaukku-musta\/#primaryimage","url":"https:\/\/believebytuularossi.com\/wp-content\/uploads\/2018\/08\/SMART-Stretch-Quilted_Handbag.jpg","contentUrl":"https:\/\/believebytuularossi.com\/wp-content\/uploads\/2018\/08\/SMART-Stretch-Quilted_Handbag.jpg","width":639,"height":959,"caption":"SMART Stretch Quilted Handbag"},{"@type":"BreadcrumbList","@id":"https:\/\/believebytuularossi.com\/fi\/tuote\/smart-handbag-black-joustava-tikattu-kasilaukku-musta\/#breadcrumb","itemListElement":[{"@type":"ListItem","position":1,"name":"Home","item":"https:\/\/believebytuularossi.com\/fi\/"},{"@type":"ListItem","position":2,"name":"Shop","item":"https:\/\/believebytuularossi.com\/shop\/"},{"@type":"ListItem","position":3,"name":"SMART Handbag Black -joustava tikattu k\u00e4silaukku, musta"}]},{"@type":"WebSite","@id":"https:\/\/believebytuularossi.com\/fi\/#website","url":"https:\/\/believebytuularossi.com\/fi\/","name":"BELIEVE by tuula rossi","description":"A unique, luxurious, original outerwear collection created by passion and love for today\u2019s fashionable woman and her desire for timeless style.          Perfect fit for the modern, feminine woman of any age.","publisher":{"@id":"https:\/\/believebytuularossi.com\/fi\/#organization"},"potentialAction":[{"@type":"SearchAction","target":{"@type":"EntryPoint","urlTemplate":"https:\/\/believebytuularossi.com\/fi\/?s={search_term_string}"},"query-input":{"@type":"PropertyValueSpecification","valueRequired":true,"valueName":"search_term_string"}}],"inLanguage":"fi"},{"@type":"Organization","@id":"https:\/\/believebytuularossi.com\/fi\/#organization","name":"BELIEVE by tuula rossi","url":"https:\/\/believebytuularossi.com\/fi\/","logo":{"@type":"ImageObject","inLanguage":"fi","@id":"https:\/\/believebytuularossi.com\/fi\/#\/schema\/logo\/image\/","url":"https:\/\/believebytuularossi.com\/wp-content\/uploads\/2018\/08\/rossi-logo_new.png","contentUrl":"https:\/\/believebytuularossi.com\/wp-content\/uploads\/2018\/08\/rossi-logo_new.png","width":300,"height":143,"caption":"BELIEVE by tuula rossi"},"image":{"@id":"https:\/\/believebytuularossi.com\/fi\/#\/schema\/logo\/image\/"},"sameAs":["https:\/\/www.facebook.com\/believebytuularossi\/_gu3udgu0BZPTzcnU","https:\/\/www.instagram.com\/believebytuularossi\/","https:\/\/www.pinterest.com\/believebytuularossi\/"]}]}},"_links":{"self":[{"href":"https:\/\/believebytuularossi.com\/fi\/wp-json\/wp\/v2\/product\/16690","targetHints":{"allow":["GET"]}}],"collection":[{"href":"https:\/\/believebytuularossi.com\/fi\/wp-json\/wp\/v2\/product"}],"about":[{"href":"https:\/\/believebytuularossi.com\/fi\/wp-json\/wp\/v2\/types\/product"}],"wp:featuredmedia":[{"embeddable":true,"href":"https:\/\/believebytuularossi.com\/fi\/wp-json\/wp\/v2\/media\/13743"}],"wp:attachment":[{"href":"https:\/\/believebytuularossi.com\/fi\/wp-json\/wp\/v2\/media?parent=16690"}],"wp:term":[{"taxonomy":"product_brand","embeddable":true,"href":"https:\/\/believebytuularossi.com\/fi\/wp-json\/wp\/v2\/product_brand?post=16690"},{"taxonomy":"product_cat","embeddable":true,"href":"https:\/\/believebytuularossi.com\/fi\/wp-json\/wp\/v2\/product_cat?post=16690"},{"taxonomy":"product_tag","embeddable":true,"href":"https:\/\/believebytuularossi.com\/fi\/wp-json\/wp\/v2\/product_tag?post=16690"}],"curies":[{"name":"wp","href":"https:\/\/api.w.org\/{rel}","templated":true}]}}