{"id":16693,"date":"2018-08-08T21:32:22","date_gmt":"2018-08-08T19:32:22","guid":{"rendered":"https:\/\/believebytuularossi.com\/product\/city-backpack-red-tikattu-naisten-selkareppu-punainen\/"},"modified":"2018-08-08T21:32:22","modified_gmt":"2018-08-08T19:32:22","slug":"city-backpack-red-tikattu-naisten-selkareppu-punainen","status":"publish","type":"product","link":"https:\/\/believebytuularossi.com\/fi\/tuote\/city-backpack-red-tikattu-naisten-selkareppu-punainen\/","title":{"rendered":"City Backpack Red -tikattu naisten selk\u00e4reppu, punainen"},"content":{"rendered":"","protected":false},"excerpt":{"rendered":"<p>T\u00e4m\u00e4 moderni ja tyylik\u00e4s naisten reppu sopii t\u00e4ydellisesti kaupunkilomaan tai ostoskierrokselle! T\u00e4m\u00e4 upea selk\u00e4reppu on suunniteltu jokap\u00e4iv\u00e4iseen k\u00e4ytt\u00f6\u00f6n, mutta se on silti tarpeeksi tyylik\u00e4s kantaaksesi sit\u00e4 k\u00e4silaukuksi erilaisissa tilaisuuksissa.<\/p>\n<p>City Stretch -reppu on valmistettu ylellisest\u00e4, jousikuosilla tikatusta materiaalista ja keinonahasta. Tyylikk\u00e4\u00e4t logovetoketjut ja yksityiskohdat tekev\u00e4t siit\u00e4 t\u00e4ydellisen asusteen tyylikk\u00e4\u00e4seen ja hienostuneeseen lookiin.<\/p>\n<p>Korkealaatuisen nylonmateriaalin ansiosta reppu on eritt\u00e4in pehme\u00e4, kevyt ja mukava k\u00e4ytt\u00e4\u00e4. Monipuoliset sis\u00e4- ja ulkotaskut ovat eritt\u00e4in k\u00e4tevi\u00e4 moneen tilanteeseen. Repun sis\u00e4ll\u00e4 on erikoistaskut matkapuhelimelle, korteille, kyn\u00e4lle ja muille k\u00e4ytt\u00f6tavaroille. T\u00e4m\u00e4n lis\u00e4ksi City -selk\u00e4repun takataskun sis\u00e4ll\u00e4 on kiinte\u00e4 joustava avainnauha koukulla, joka takaa avainnipun turvallisen s\u00e4ilytt\u00e4misen matkustamisen aikana. Voit kantaa City -reppua kahvoista k\u00e4silaukkuna tai selk\u00e4reppuna sel\u00e4ss\u00e4si.<\/p>\n<p>City -repun mukana tulee yhteensopiva p\u00e4\u00e4llyskassi. Voit pest\u00e4 tuotteen k\u00e4sin.<\/p>\n","protected":false},"featured_media":13747,"template":"","meta":{"_acf_changed":false},"product_brand":[],"product_cat":[126],"product_tag":[],"class_list":{"0":"post-16693","1":"product","2":"type-product","3":"status-publish","4":"has-post-thumbnail","6":"product_cat-reput","7":"pa_ewd_uwcf_colors-punainen","8":"pa_ewd_uwcf_colors-red","9":"product_color-red-fi","11":"first","12":"instock","13":"taxable","14":"shipping-taxable","15":"purchasable","16":"product-type-simple"},"acf":[],"yoast_head":"<!-- This site is optimized with the Yoast SEO plugin v27.5 - https:\/\/yoast.com\/product\/yoast-seo-wordpress\/ -->\n<title>City Backpack Red -tikattu naisten selk\u00e4reppu, punainen &#8211; BELIEVE by tuula rossi<\/title>\n<meta name=\"description\" content=\"City Backpack Red -punainen tikattu naisten tyylik\u00e4s, tilava ja monipuolinen selk\u00e4reppu sopii t\u00e4ydellisesti kaikkiin BELIEVE by tuula rossi takkien kanssa moderneille ja liikkuville naisille\" \/>\n<meta name=\"robots\" content=\"index, follow, max-snippet:-1, max-image-preview:large, max-video-preview:-1\" \/>\n<link rel=\"canonical\" href=\"https:\/\/believebytuularossi.com\/fi\/tuote\/city-backpack-red-tikattu-naisten-selkareppu-punainen\/\" \/>\n<meta property=\"og:locale\" content=\"fi_FI\" \/>\n<meta property=\"og:type\" content=\"article\" \/>\n<meta property=\"og:title\" content=\"City Backpack Red -tikattu naisten selk\u00e4reppu, punainen &#8211; BELIEVE by tuula rossi\" \/>\n<meta property=\"og:description\" content=\"City Backpack Red -punainen tikattu naisten tyylik\u00e4s, tilava ja monipuolinen selk\u00e4reppu sopii t\u00e4ydellisesti kaikkiin BELIEVE by tuula rossi takkien kanssa moderneille ja liikkuville naisille\" \/>\n<meta property=\"og:url\" content=\"https:\/\/believebytuularossi.com\/fi\/tuote\/city-backpack-red-tikattu-naisten-selkareppu-punainen\/\" \/>\n<meta property=\"og:site_name\" content=\"BELIEVE by tuula rossi\" \/>\n<meta property=\"article:publisher\" content=\"https:\/\/www.facebook.com\/believebytuularossi\/_gu3udgu0BZPTzcnU\" \/>\n<meta property=\"og:image\" content=\"https:\/\/believebytuularossi.com\/wp-content\/uploads\/2018\/08\/City-Backpack_Red_backpack.jpg\" \/>\n\t<meta property=\"og:image:width\" content=\"573\" \/>\n\t<meta property=\"og:image:height\" content=\"860\" \/>\n\t<meta property=\"og:image:type\" content=\"image\/jpeg\" \/>\n<meta name=\"twitter:card\" content=\"summary_large_image\" \/>\n<script type=\"application\/ld+json\" class=\"yoast-schema-graph\">{\"@context\":\"https:\\\/\\\/schema.org\",\"@graph\":[{\"@type\":\"WebPage\",\"@id\":\"https:\\\/\\\/believebytuularossi.com\\\/fi\\\/tuote\\\/city-backpack-red-tikattu-naisten-selkareppu-punainen\\\/\",\"url\":\"https:\\\/\\\/believebytuularossi.com\\\/fi\\\/tuote\\\/city-backpack-red-tikattu-naisten-selkareppu-punainen\\\/\",\"name\":\"City Backpack Red -tikattu naisten selk\u00e4reppu, punainen &#8211; BELIEVE by tuula rossi\",\"isPartOf\":{\"@id\":\"https:\\\/\\\/believebytuularossi.com\\\/fi\\\/#website\"},\"primaryImageOfPage\":{\"@id\":\"https:\\\/\\\/believebytuularossi.com\\\/fi\\\/tuote\\\/city-backpack-red-tikattu-naisten-selkareppu-punainen\\\/#primaryimage\"},\"image\":{\"@id\":\"https:\\\/\\\/believebytuularossi.com\\\/fi\\\/tuote\\\/city-backpack-red-tikattu-naisten-selkareppu-punainen\\\/#primaryimage\"},\"thumbnailUrl\":\"https:\\\/\\\/believebytuularossi.com\\\/wp-content\\\/uploads\\\/2018\\\/08\\\/City-Backpack_Red_backpack.jpg\",\"datePublished\":\"2018-08-08T19:32:22+00:00\",\"description\":\"City Backpack Red -punainen tikattu naisten tyylik\u00e4s, tilava ja monipuolinen selk\u00e4reppu sopii t\u00e4ydellisesti kaikkiin BELIEVE by tuula rossi takkien kanssa moderneille ja liikkuville naisille\",\"breadcrumb\":{\"@id\":\"https:\\\/\\\/believebytuularossi.com\\\/fi\\\/tuote\\\/city-backpack-red-tikattu-naisten-selkareppu-punainen\\\/#breadcrumb\"},\"inLanguage\":\"fi\",\"potentialAction\":[{\"@type\":\"ReadAction\",\"target\":[\"https:\\\/\\\/believebytuularossi.com\\\/fi\\\/tuote\\\/city-backpack-red-tikattu-naisten-selkareppu-punainen\\\/\"]}]},{\"@type\":\"ImageObject\",\"inLanguage\":\"fi\",\"@id\":\"https:\\\/\\\/believebytuularossi.com\\\/fi\\\/tuote\\\/city-backpack-red-tikattu-naisten-selkareppu-punainen\\\/#primaryimage\",\"url\":\"https:\\\/\\\/believebytuularossi.com\\\/wp-content\\\/uploads\\\/2018\\\/08\\\/City-Backpack_Red_backpack.jpg\",\"contentUrl\":\"https:\\\/\\\/believebytuularossi.com\\\/wp-content\\\/uploads\\\/2018\\\/08\\\/City-Backpack_Red_backpack.jpg\",\"width\":573,\"height\":860,\"caption\":\"City Backpack Red backpack\"},{\"@type\":\"BreadcrumbList\",\"@id\":\"https:\\\/\\\/believebytuularossi.com\\\/fi\\\/tuote\\\/city-backpack-red-tikattu-naisten-selkareppu-punainen\\\/#breadcrumb\",\"itemListElement\":[{\"@type\":\"ListItem\",\"position\":1,\"name\":\"Home\",\"item\":\"https:\\\/\\\/believebytuularossi.com\\\/fi\\\/\"},{\"@type\":\"ListItem\",\"position\":2,\"name\":\"Shop\",\"item\":\"https:\\\/\\\/believebytuularossi.com\\\/shop\\\/\"},{\"@type\":\"ListItem\",\"position\":3,\"name\":\"City Backpack Red -tikattu naisten selk\u00e4reppu, punainen\"}]},{\"@type\":\"WebSite\",\"@id\":\"https:\\\/\\\/believebytuularossi.com\\\/fi\\\/#website\",\"url\":\"https:\\\/\\\/believebytuularossi.com\\\/fi\\\/\",\"name\":\"BELIEVE by tuula rossi\",\"description\":\"A unique, luxurious, original outerwear collection created by passion and love for today\u2019s fashionable woman and her desire for timeless style.          Perfect fit for the modern, feminine woman of any age.\",\"publisher\":{\"@id\":\"https:\\\/\\\/believebytuularossi.com\\\/fi\\\/#organization\"},\"potentialAction\":[{\"@type\":\"SearchAction\",\"target\":{\"@type\":\"EntryPoint\",\"urlTemplate\":\"https:\\\/\\\/believebytuularossi.com\\\/fi\\\/?s={search_term_string}\"},\"query-input\":{\"@type\":\"PropertyValueSpecification\",\"valueRequired\":true,\"valueName\":\"search_term_string\"}}],\"inLanguage\":\"fi\"},{\"@type\":\"Organization\",\"@id\":\"https:\\\/\\\/believebytuularossi.com\\\/fi\\\/#organization\",\"name\":\"BELIEVE by tuula rossi\",\"url\":\"https:\\\/\\\/believebytuularossi.com\\\/fi\\\/\",\"logo\":{\"@type\":\"ImageObject\",\"inLanguage\":\"fi\",\"@id\":\"https:\\\/\\\/believebytuularossi.com\\\/fi\\\/#\\\/schema\\\/logo\\\/image\\\/\",\"url\":\"https:\\\/\\\/believebytuularossi.com\\\/wp-content\\\/uploads\\\/2018\\\/08\\\/rossi-logo_new.png\",\"contentUrl\":\"https:\\\/\\\/believebytuularossi.com\\\/wp-content\\\/uploads\\\/2018\\\/08\\\/rossi-logo_new.png\",\"width\":300,\"height\":143,\"caption\":\"BELIEVE by tuula rossi\"},\"image\":{\"@id\":\"https:\\\/\\\/believebytuularossi.com\\\/fi\\\/#\\\/schema\\\/logo\\\/image\\\/\"},\"sameAs\":[\"https:\\\/\\\/www.facebook.com\\\/believebytuularossi\\\/_gu3udgu0BZPTzcnU\",\"https:\\\/\\\/www.instagram.com\\\/believebytuularossi\\\/\",\"https:\\\/\\\/www.pinterest.com\\\/believebytuularossi\\\/\"]}]}<\/script>\n<!-- \/ Yoast SEO plugin. -->","yoast_head_json":{"title":"City Backpack Red -tikattu naisten selk\u00e4reppu, punainen &#8211; BELIEVE by tuula rossi","description":"City Backpack Red -punainen tikattu naisten tyylik\u00e4s, tilava ja monipuolinen selk\u00e4reppu sopii t\u00e4ydellisesti kaikkiin BELIEVE by tuula rossi takkien kanssa moderneille ja liikkuville naisille","robots":{"index":"index","follow":"follow","max-snippet":"max-snippet:-1","max-image-preview":"max-image-preview:large","max-video-preview":"max-video-preview:-1"},"canonical":"https:\/\/believebytuularossi.com\/fi\/tuote\/city-backpack-red-tikattu-naisten-selkareppu-punainen\/","og_locale":"fi_FI","og_type":"article","og_title":"City Backpack Red -tikattu naisten selk\u00e4reppu, punainen &#8211; BELIEVE by tuula rossi","og_description":"City Backpack Red -punainen tikattu naisten tyylik\u00e4s, tilava ja monipuolinen selk\u00e4reppu sopii t\u00e4ydellisesti kaikkiin BELIEVE by tuula rossi takkien kanssa moderneille ja liikkuville naisille","og_url":"https:\/\/believebytuularossi.com\/fi\/tuote\/city-backpack-red-tikattu-naisten-selkareppu-punainen\/","og_site_name":"BELIEVE by tuula rossi","article_publisher":"https:\/\/www.facebook.com\/believebytuularossi\/_gu3udgu0BZPTzcnU","og_image":[{"width":573,"height":860,"url":"https:\/\/believebytuularossi.com\/wp-content\/uploads\/2018\/08\/City-Backpack_Red_backpack.jpg","type":"image\/jpeg"}],"twitter_card":"summary_large_image","schema":{"@context":"https:\/\/schema.org","@graph":[{"@type":"WebPage","@id":"https:\/\/believebytuularossi.com\/fi\/tuote\/city-backpack-red-tikattu-naisten-selkareppu-punainen\/","url":"https:\/\/believebytuularossi.com\/fi\/tuote\/city-backpack-red-tikattu-naisten-selkareppu-punainen\/","name":"City Backpack Red -tikattu naisten selk\u00e4reppu, punainen &#8211; BELIEVE by tuula rossi","isPartOf":{"@id":"https:\/\/believebytuularossi.com\/fi\/#website"},"primaryImageOfPage":{"@id":"https:\/\/believebytuularossi.com\/fi\/tuote\/city-backpack-red-tikattu-naisten-selkareppu-punainen\/#primaryimage"},"image":{"@id":"https:\/\/believebytuularossi.com\/fi\/tuote\/city-backpack-red-tikattu-naisten-selkareppu-punainen\/#primaryimage"},"thumbnailUrl":"https:\/\/believebytuularossi.com\/wp-content\/uploads\/2018\/08\/City-Backpack_Red_backpack.jpg","datePublished":"2018-08-08T19:32:22+00:00","description":"City Backpack Red -punainen tikattu naisten tyylik\u00e4s, tilava ja monipuolinen selk\u00e4reppu sopii t\u00e4ydellisesti kaikkiin BELIEVE by tuula rossi takkien kanssa moderneille ja liikkuville naisille","breadcrumb":{"@id":"https:\/\/believebytuularossi.com\/fi\/tuote\/city-backpack-red-tikattu-naisten-selkareppu-punainen\/#breadcrumb"},"inLanguage":"fi","potentialAction":[{"@type":"ReadAction","target":["https:\/\/believebytuularossi.com\/fi\/tuote\/city-backpack-red-tikattu-naisten-selkareppu-punainen\/"]}]},{"@type":"ImageObject","inLanguage":"fi","@id":"https:\/\/believebytuularossi.com\/fi\/tuote\/city-backpack-red-tikattu-naisten-selkareppu-punainen\/#primaryimage","url":"https:\/\/believebytuularossi.com\/wp-content\/uploads\/2018\/08\/City-Backpack_Red_backpack.jpg","contentUrl":"https:\/\/believebytuularossi.com\/wp-content\/uploads\/2018\/08\/City-Backpack_Red_backpack.jpg","width":573,"height":860,"caption":"City Backpack Red backpack"},{"@type":"BreadcrumbList","@id":"https:\/\/believebytuularossi.com\/fi\/tuote\/city-backpack-red-tikattu-naisten-selkareppu-punainen\/#breadcrumb","itemListElement":[{"@type":"ListItem","position":1,"name":"Home","item":"https:\/\/believebytuularossi.com\/fi\/"},{"@type":"ListItem","position":2,"name":"Shop","item":"https:\/\/believebytuularossi.com\/shop\/"},{"@type":"ListItem","position":3,"name":"City Backpack Red -tikattu naisten selk\u00e4reppu, punainen"}]},{"@type":"WebSite","@id":"https:\/\/believebytuularossi.com\/fi\/#website","url":"https:\/\/believebytuularossi.com\/fi\/","name":"BELIEVE by tuula rossi","description":"A unique, luxurious, original outerwear collection created by passion and love for today\u2019s fashionable woman and her desire for timeless style.          Perfect fit for the modern, feminine woman of any age.","publisher":{"@id":"https:\/\/believebytuularossi.com\/fi\/#organization"},"potentialAction":[{"@type":"SearchAction","target":{"@type":"EntryPoint","urlTemplate":"https:\/\/believebytuularossi.com\/fi\/?s={search_term_string}"},"query-input":{"@type":"PropertyValueSpecification","valueRequired":true,"valueName":"search_term_string"}}],"inLanguage":"fi"},{"@type":"Organization","@id":"https:\/\/believebytuularossi.com\/fi\/#organization","name":"BELIEVE by tuula rossi","url":"https:\/\/believebytuularossi.com\/fi\/","logo":{"@type":"ImageObject","inLanguage":"fi","@id":"https:\/\/believebytuularossi.com\/fi\/#\/schema\/logo\/image\/","url":"https:\/\/believebytuularossi.com\/wp-content\/uploads\/2018\/08\/rossi-logo_new.png","contentUrl":"https:\/\/believebytuularossi.com\/wp-content\/uploads\/2018\/08\/rossi-logo_new.png","width":300,"height":143,"caption":"BELIEVE by tuula rossi"},"image":{"@id":"https:\/\/believebytuularossi.com\/fi\/#\/schema\/logo\/image\/"},"sameAs":["https:\/\/www.facebook.com\/believebytuularossi\/_gu3udgu0BZPTzcnU","https:\/\/www.instagram.com\/believebytuularossi\/","https:\/\/www.pinterest.com\/believebytuularossi\/"]}]}},"_links":{"self":[{"href":"https:\/\/believebytuularossi.com\/fi\/wp-json\/wp\/v2\/product\/16693","targetHints":{"allow":["GET"]}}],"collection":[{"href":"https:\/\/believebytuularossi.com\/fi\/wp-json\/wp\/v2\/product"}],"about":[{"href":"https:\/\/believebytuularossi.com\/fi\/wp-json\/wp\/v2\/types\/product"}],"wp:featuredmedia":[{"embeddable":true,"href":"https:\/\/believebytuularossi.com\/fi\/wp-json\/wp\/v2\/media\/13747"}],"wp:attachment":[{"href":"https:\/\/believebytuularossi.com\/fi\/wp-json\/wp\/v2\/media?parent=16693"}],"wp:term":[{"taxonomy":"product_brand","embeddable":true,"href":"https:\/\/believebytuularossi.com\/fi\/wp-json\/wp\/v2\/product_brand?post=16693"},{"taxonomy":"product_cat","embeddable":true,"href":"https:\/\/believebytuularossi.com\/fi\/wp-json\/wp\/v2\/product_cat?post=16693"},{"taxonomy":"product_tag","embeddable":true,"href":"https:\/\/believebytuularossi.com\/fi\/wp-json\/wp\/v2\/product_tag?post=16693"}],"curies":[{"name":"wp","href":"https:\/\/api.w.org\/{rel}","templated":true}]}}