{"id":17125,"date":"2022-10-12T12:12:50","date_gmt":"2022-10-12T10:12:55","guid":{"rendered":"https:\/\/believebytuularossi.com\/?post_type=product&#038;p=17125"},"modified":"2025-08-06T09:14:28","modified_gmt":"2025-08-06T07:14:28","slug":"celia-yellow-hupullinen-tikattu-takki-keltainen","status":"publish","type":"product","link":"https:\/\/believebytuularossi.com\/fi\/tuote\/celia-yellow-hupullinen-tikattu-takki-keltainen\/","title":{"rendered":"Celia Yellow -hupullinen tikattu takki, keltainen"},"content":{"rendered":"","protected":false},"excerpt":{"rendered":"<p>Valloittava Celia Yellow -takki on tehty modernista Mini Stripe -takkimateriaalista. Celia on ajaton ja urheilullinen.\u00a0Keltainen Celia -takki on katseenvangitsija, keltainen v\u00e4ri antaa energiaa, eik\u00e4 kannata pel\u00e4t\u00e4, ett\u00e4 se tahraantuu herk\u00e4sti, sill\u00e4 takki on konepest\u00e4v\u00e4 ja helppohoitoinen.<\/p>\n<p>Celia -tikkitakissa on eritt\u00e4in kaunis naisellinen istuvuus, joka imartelee vartaloasi, ja se on t\u00e4ydellinen valinta rentoon lookiin.<\/p>\n<p>Kun k\u00e4velet kadulla tai matkustat autolla tai lentokoneella, t\u00e4m\u00e4 takki on loistava matkakaverisi ja se on\u00a0t\u00e4ydellinen valinta jokap\u00e4iv\u00e4iseen ylellisyyteen. Celia -takin vetoketju asettuu tyylikk\u00e4\u00e4sti vinoon. Huppu on s\u00e4\u00e4dett\u00e4v\u00e4 joustavalla kiristysny\u00f6rill\u00e4. T\u00e4m\u00e4 takki on suunniteltu istumaan t\u00e4ydellisesti kaiken kokoisten naisten p\u00e4\u00e4ll\u00e4 ja n\u00e4ytt\u00e4m\u00e4\u00e4n hyv\u00e4lt\u00e4 koosta ja pituudesta riippumatta.<\/p>\n<p>Muoti on osa jokap\u00e4iv\u00e4ist\u00e4 el\u00e4m\u00e4\u00e4 ja se muuttuu jatkuvasti. T\u00e4m\u00e4n takin tyyli on ajaton, ja laadukkaiden helppohoitoisien materiaalien ansiosta voit nauttia t\u00e4st\u00e4 takista useamman vuoden! T\u00e4ll\u00e4 keltaisella tikkitakilla on monta v\u00e4rivariaatiota: <strong><a href=\"https:\/\/believebytuularossi.com\/fi\/tuote\/celia-snow-white-hupullinen-tikattu-takki-lumivalkoinen\/\">lumenvalkoinen<\/a><\/strong>, <strong><a href=\"https:\/\/believebytuularossi.com\/fi\/tuote\/celia-forest-green-hupullinen-tikattu-takki-metsanvihrea\/\">mets\u00e4nvihre\u00e4<\/a><\/strong>, <strong><a href=\"https:\/\/believebytuularossi.com\/fi\/tuote\/celia-winter-rose-naisten-tikkitakki-hupulla-talviruusu\/\">talviruusu<\/a><\/strong>, <strong><a href=\"https:\/\/believebytuularossi.com\/fi\/tuote\/celia-silver-grey-naisten-tikkitakki-hupulla-hopeanharmaa\/\">hopeanharmaa<\/a><\/strong>, <strong><a href=\"https:\/\/believebytuularossi.com\/fi\/tuote\/celia-pink-naisten-tikkitakki-hupulla-pinkki\/\">pinkki<\/a><\/strong>, <strong><a href=\"https:\/\/believebytuularossi.com\/fi\/tuote\/celia-black-naisten-tikkitakki-hupulla-musta\/\">musta<\/a><\/strong> ja <strong><a href=\"https:\/\/believebytuularossi.com\/fi\/tuote\/celia-deep-red-naisten-tikkitakki-hupulla-syvanpunainen\/\">syv\u00e4npunainen<\/a><\/strong>.<\/p>\n<p>Celia -takin hihan pituus on hieman tavallista pidempi. Joustavat hihansuut takaavat t\u00e4ydellisen pituuden kaikille naisille.<\/p>\n","protected":false},"featured_media":18218,"template":"","meta":{"_acf_changed":false},"product_brand":[],"product_cat":[130,129],"product_tag":[],"class_list":{"0":"post-17125","1":"product","2":"type-product","3":"status-publish","4":"has-post-thumbnail","6":"product_cat-syksytakit-talvitakit","7":"product_cat-takit-jakut-koot-34-54","8":"pa_ewd_uwcf_colors-yellow","9":"pa_ewd_uwcf_sizes-206","10":"pa_ewd_uwcf_sizes-181","11":"pa_ewd_uwcf_sizes-183","12":"pa_ewd_uwcf_sizes-185","13":"pa_ewd_uwcf_sizes-187","14":"pa_ewd_uwcf_sizes-189","15":"pa_ewd_uwcf_sizes-191","16":"pa_ewd_uwcf_sizes-193","17":"pa_ewd_uwcf_sizes-200","18":"pa_ewd_uwcf_sizes-202","19":"pa_ewd_uwcf_sizes-204","20":"pa_size-34-fi","21":"pa_size-36-fi","22":"pa_size-38-fi","23":"pa_size-40-fi","24":"pa_size-42-fi","25":"pa_size-44-fi","26":"pa_size-46-fi","27":"pa_size-48-fi","28":"pa_size-50-fi","29":"pa_size-52-fi","30":"pa_size-54-fi","31":"product_color-yellow-fi","32":"product_size-34-fi","33":"product_size-36-fi","34":"product_size-38-fi","35":"product_size-40-fi","36":"product_size-42-fi","37":"product_size-44-fi","38":"product_size-46-fi","39":"product_size-48-fi","40":"product_size-50-fi","41":"product_size-52-fi","42":"product_size-54-fi","44":"first","45":"instock","46":"featured","47":"taxable","48":"shipping-taxable","49":"purchasable","50":"product-type-variable"},"acf":[],"yoast_head":"<!-- This site is optimized with the Yoast SEO plugin v27.4 - https:\/\/yoast.com\/product\/yoast-seo-wordpress\/ -->\n<title>Keltainen tikkitakki Celia leve\u00e4ll\u00e4 hupulla saa sinut loistamaan<\/title>\n<meta name=\"description\" content=\"Keltainen tikkitakki Celia on supertyylik\u00e4s ja urheilullinen. Valaiseva keltainen v\u00e4ri on aito katseenvangitsija. Ja kyll\u00e4, takki on kotona pest\u00e4v\u00e4!\" \/>\n<meta name=\"robots\" content=\"index, follow, max-snippet:-1, max-image-preview:large, max-video-preview:-1\" \/>\n<link rel=\"canonical\" href=\"https:\/\/believebytuularossi.com\/fi\/tuote\/celia-yellow-hupullinen-tikattu-takki-keltainen\/\" \/>\n<meta property=\"og:locale\" content=\"fi_FI\" \/>\n<meta property=\"og:type\" content=\"article\" \/>\n<meta property=\"og:title\" content=\"Keltainen tikkitakki Celia leve\u00e4ll\u00e4 hupulla saa sinut loistamaan\" \/>\n<meta property=\"og:description\" content=\"Keltainen tikattu takki Celia on supertyylik\u00e4s ja urheilullinen. Valaiseva keltainen v\u00e4ri on aito katseenvangitsija. Ja kyll\u00e4, Celia-takki on kotona pest\u00e4v\u00e4!\" \/>\n<meta property=\"og:url\" content=\"https:\/\/believebytuularossi.com\/fi\/tuote\/celia-yellow-hupullinen-tikattu-takki-keltainen\/\" \/>\n<meta property=\"og:site_name\" content=\"BELIEVE by tuula rossi\" \/>\n<meta property=\"article:publisher\" content=\"https:\/\/www.facebook.com\/believebytuularossi\/_gu3udgu0BZPTzcnU\" \/>\n<meta property=\"article:modified_time\" content=\"2025-08-06T07:14:28+00:00\" \/>\n<meta property=\"og:image\" content=\"https:\/\/believebytuularossi.com\/wp-content\/uploads\/2023\/02\/PDV5518-scaled.jpg\" \/>\n\t<meta property=\"og:image:width\" content=\"1706\" \/>\n\t<meta property=\"og:image:height\" content=\"2560\" \/>\n\t<meta property=\"og:image:type\" content=\"image\/jpeg\" \/>\n<meta name=\"twitter:card\" content=\"summary_large_image\" \/>\n<meta name=\"twitter:title\" content=\"Keltainen tikkitakki Celia leve\u00e4ll\u00e4 hupulla saa sinut loistamaan\" \/>\n<meta name=\"twitter:description\" content=\"Keltainen tikattu takki Celia on supertyylik\u00e4s ja urheilullinen. Valaiseva keltainen v\u00e4ri on aito katseenvangitsija. Ja kyll\u00e4, Celia-takki on kotona pest\u00e4v\u00e4!\" \/>\n<meta name=\"twitter:image\" content=\"https:\/\/believebytuularossi.com\/wp-content\/uploads\/2023\/02\/PDV5518-scaled.jpg\" \/>\n<meta name=\"twitter:label1\" content=\"Arvioitu lukuaika\" \/>\n\t<meta name=\"twitter:data1\" content=\"1 minuutti\" \/>\n<script type=\"application\/ld+json\" class=\"yoast-schema-graph\">{\"@context\":\"https:\\\/\\\/schema.org\",\"@graph\":[{\"@type\":\"WebPage\",\"@id\":\"https:\\\/\\\/believebytuularossi.com\\\/fi\\\/tuote\\\/celia-yellow-hupullinen-tikattu-takki-keltainen\\\/\",\"url\":\"https:\\\/\\\/believebytuularossi.com\\\/fi\\\/tuote\\\/celia-yellow-hupullinen-tikattu-takki-keltainen\\\/\",\"name\":\"Keltainen tikkitakki Celia leve\u00e4ll\u00e4 hupulla saa sinut loistamaan\",\"isPartOf\":{\"@id\":\"https:\\\/\\\/believebytuularossi.com\\\/fi\\\/#website\"},\"primaryImageOfPage\":{\"@id\":\"https:\\\/\\\/believebytuularossi.com\\\/fi\\\/tuote\\\/celia-yellow-hupullinen-tikattu-takki-keltainen\\\/#primaryimage\"},\"image\":{\"@id\":\"https:\\\/\\\/believebytuularossi.com\\\/fi\\\/tuote\\\/celia-yellow-hupullinen-tikattu-takki-keltainen\\\/#primaryimage\"},\"thumbnailUrl\":\"https:\\\/\\\/believebytuularossi.com\\\/wp-content\\\/uploads\\\/2023\\\/02\\\/PDV5529-scaled.jpg\",\"datePublished\":\"2022-10-12T10:12:55+00:00\",\"dateModified\":\"2025-08-06T07:14:28+00:00\",\"description\":\"Keltainen tikkitakki Celia on supertyylik\u00e4s ja urheilullinen. Valaiseva keltainen v\u00e4ri on aito katseenvangitsija. Ja kyll\u00e4, takki on kotona pest\u00e4v\u00e4!\",\"breadcrumb\":{\"@id\":\"https:\\\/\\\/believebytuularossi.com\\\/fi\\\/tuote\\\/celia-yellow-hupullinen-tikattu-takki-keltainen\\\/#breadcrumb\"},\"inLanguage\":\"fi\",\"potentialAction\":[{\"@type\":\"ReadAction\",\"target\":[\"https:\\\/\\\/believebytuularossi.com\\\/fi\\\/tuote\\\/celia-yellow-hupullinen-tikattu-takki-keltainen\\\/\"]}]},{\"@type\":\"ImageObject\",\"inLanguage\":\"fi\",\"@id\":\"https:\\\/\\\/believebytuularossi.com\\\/fi\\\/tuote\\\/celia-yellow-hupullinen-tikattu-takki-keltainen\\\/#primaryimage\",\"url\":\"https:\\\/\\\/believebytuularossi.com\\\/wp-content\\\/uploads\\\/2023\\\/02\\\/PDV5529-scaled.jpg\",\"contentUrl\":\"https:\\\/\\\/believebytuularossi.com\\\/wp-content\\\/uploads\\\/2023\\\/02\\\/PDV5529-scaled.jpg\",\"width\":1706,\"height\":2560,\"caption\":\"Celia yellow quilted jacket\"},{\"@type\":\"BreadcrumbList\",\"@id\":\"https:\\\/\\\/believebytuularossi.com\\\/fi\\\/tuote\\\/celia-yellow-hupullinen-tikattu-takki-keltainen\\\/#breadcrumb\",\"itemListElement\":[{\"@type\":\"ListItem\",\"position\":1,\"name\":\"Home\",\"item\":\"https:\\\/\\\/believebytuularossi.com\\\/fi\\\/\"},{\"@type\":\"ListItem\",\"position\":2,\"name\":\"Shop\",\"item\":\"https:\\\/\\\/believebytuularossi.com\\\/shop\\\/\"},{\"@type\":\"ListItem\",\"position\":3,\"name\":\"Celia Yellow -hupullinen tikattu takki, keltainen\"}]},{\"@type\":\"WebSite\",\"@id\":\"https:\\\/\\\/believebytuularossi.com\\\/fi\\\/#website\",\"url\":\"https:\\\/\\\/believebytuularossi.com\\\/fi\\\/\",\"name\":\"BELIEVE by tuula rossi\",\"description\":\"A unique, luxurious, original outerwear collection created by passion and love for today\u2019s fashionable woman and her desire for timeless style.          Perfect fit for the modern, feminine woman of any age.\",\"publisher\":{\"@id\":\"https:\\\/\\\/believebytuularossi.com\\\/fi\\\/#organization\"},\"potentialAction\":[{\"@type\":\"SearchAction\",\"target\":{\"@type\":\"EntryPoint\",\"urlTemplate\":\"https:\\\/\\\/believebytuularossi.com\\\/fi\\\/?s={search_term_string}\"},\"query-input\":{\"@type\":\"PropertyValueSpecification\",\"valueRequired\":true,\"valueName\":\"search_term_string\"}}],\"inLanguage\":\"fi\"},{\"@type\":\"Organization\",\"@id\":\"https:\\\/\\\/believebytuularossi.com\\\/fi\\\/#organization\",\"name\":\"BELIEVE by tuula rossi\",\"url\":\"https:\\\/\\\/believebytuularossi.com\\\/fi\\\/\",\"logo\":{\"@type\":\"ImageObject\",\"inLanguage\":\"fi\",\"@id\":\"https:\\\/\\\/believebytuularossi.com\\\/fi\\\/#\\\/schema\\\/logo\\\/image\\\/\",\"url\":\"https:\\\/\\\/believebytuularossi.com\\\/wp-content\\\/uploads\\\/2018\\\/08\\\/rossi-logo_new.png\",\"contentUrl\":\"https:\\\/\\\/believebytuularossi.com\\\/wp-content\\\/uploads\\\/2018\\\/08\\\/rossi-logo_new.png\",\"width\":300,\"height\":143,\"caption\":\"BELIEVE by tuula rossi\"},\"image\":{\"@id\":\"https:\\\/\\\/believebytuularossi.com\\\/fi\\\/#\\\/schema\\\/logo\\\/image\\\/\"},\"sameAs\":[\"https:\\\/\\\/www.facebook.com\\\/believebytuularossi\\\/_gu3udgu0BZPTzcnU\",\"https:\\\/\\\/www.instagram.com\\\/believebytuularossi\\\/\",\"https:\\\/\\\/www.pinterest.com\\\/believebytuularossi\\\/\"]}]}<\/script>\n<!-- \/ Yoast SEO plugin. -->","yoast_head_json":{"title":"Keltainen tikkitakki Celia leve\u00e4ll\u00e4 hupulla saa sinut loistamaan","description":"Keltainen tikkitakki Celia on supertyylik\u00e4s ja urheilullinen. Valaiseva keltainen v\u00e4ri on aito katseenvangitsija. Ja kyll\u00e4, takki on kotona pest\u00e4v\u00e4!","robots":{"index":"index","follow":"follow","max-snippet":"max-snippet:-1","max-image-preview":"max-image-preview:large","max-video-preview":"max-video-preview:-1"},"canonical":"https:\/\/believebytuularossi.com\/fi\/tuote\/celia-yellow-hupullinen-tikattu-takki-keltainen\/","og_locale":"fi_FI","og_type":"article","og_title":"Keltainen tikkitakki Celia leve\u00e4ll\u00e4 hupulla saa sinut loistamaan","og_description":"Keltainen tikattu takki Celia on supertyylik\u00e4s ja urheilullinen. Valaiseva keltainen v\u00e4ri on aito katseenvangitsija. Ja kyll\u00e4, Celia-takki on kotona pest\u00e4v\u00e4!","og_url":"https:\/\/believebytuularossi.com\/fi\/tuote\/celia-yellow-hupullinen-tikattu-takki-keltainen\/","og_site_name":"BELIEVE by tuula rossi","article_publisher":"https:\/\/www.facebook.com\/believebytuularossi\/_gu3udgu0BZPTzcnU","article_modified_time":"2025-08-06T07:14:28+00:00","og_image":[{"width":1706,"height":2560,"url":"https:\/\/believebytuularossi.com\/wp-content\/uploads\/2023\/02\/PDV5518-scaled.jpg","type":"image\/jpeg"}],"twitter_card":"summary_large_image","twitter_title":"Keltainen tikkitakki Celia leve\u00e4ll\u00e4 hupulla saa sinut loistamaan","twitter_description":"Keltainen tikattu takki Celia on supertyylik\u00e4s ja urheilullinen. Valaiseva keltainen v\u00e4ri on aito katseenvangitsija. Ja kyll\u00e4, Celia-takki on kotona pest\u00e4v\u00e4!","twitter_image":"https:\/\/believebytuularossi.com\/wp-content\/uploads\/2023\/02\/PDV5518-scaled.jpg","twitter_misc":{"Arvioitu lukuaika":"1 minuutti"},"schema":{"@context":"https:\/\/schema.org","@graph":[{"@type":"WebPage","@id":"https:\/\/believebytuularossi.com\/fi\/tuote\/celia-yellow-hupullinen-tikattu-takki-keltainen\/","url":"https:\/\/believebytuularossi.com\/fi\/tuote\/celia-yellow-hupullinen-tikattu-takki-keltainen\/","name":"Keltainen tikkitakki Celia leve\u00e4ll\u00e4 hupulla saa sinut loistamaan","isPartOf":{"@id":"https:\/\/believebytuularossi.com\/fi\/#website"},"primaryImageOfPage":{"@id":"https:\/\/believebytuularossi.com\/fi\/tuote\/celia-yellow-hupullinen-tikattu-takki-keltainen\/#primaryimage"},"image":{"@id":"https:\/\/believebytuularossi.com\/fi\/tuote\/celia-yellow-hupullinen-tikattu-takki-keltainen\/#primaryimage"},"thumbnailUrl":"https:\/\/believebytuularossi.com\/wp-content\/uploads\/2023\/02\/PDV5529-scaled.jpg","datePublished":"2022-10-12T10:12:55+00:00","dateModified":"2025-08-06T07:14:28+00:00","description":"Keltainen tikkitakki Celia on supertyylik\u00e4s ja urheilullinen. Valaiseva keltainen v\u00e4ri on aito katseenvangitsija. Ja kyll\u00e4, takki on kotona pest\u00e4v\u00e4!","breadcrumb":{"@id":"https:\/\/believebytuularossi.com\/fi\/tuote\/celia-yellow-hupullinen-tikattu-takki-keltainen\/#breadcrumb"},"inLanguage":"fi","potentialAction":[{"@type":"ReadAction","target":["https:\/\/believebytuularossi.com\/fi\/tuote\/celia-yellow-hupullinen-tikattu-takki-keltainen\/"]}]},{"@type":"ImageObject","inLanguage":"fi","@id":"https:\/\/believebytuularossi.com\/fi\/tuote\/celia-yellow-hupullinen-tikattu-takki-keltainen\/#primaryimage","url":"https:\/\/believebytuularossi.com\/wp-content\/uploads\/2023\/02\/PDV5529-scaled.jpg","contentUrl":"https:\/\/believebytuularossi.com\/wp-content\/uploads\/2023\/02\/PDV5529-scaled.jpg","width":1706,"height":2560,"caption":"Celia yellow quilted jacket"},{"@type":"BreadcrumbList","@id":"https:\/\/believebytuularossi.com\/fi\/tuote\/celia-yellow-hupullinen-tikattu-takki-keltainen\/#breadcrumb","itemListElement":[{"@type":"ListItem","position":1,"name":"Home","item":"https:\/\/believebytuularossi.com\/fi\/"},{"@type":"ListItem","position":2,"name":"Shop","item":"https:\/\/believebytuularossi.com\/shop\/"},{"@type":"ListItem","position":3,"name":"Celia Yellow -hupullinen tikattu takki, keltainen"}]},{"@type":"WebSite","@id":"https:\/\/believebytuularossi.com\/fi\/#website","url":"https:\/\/believebytuularossi.com\/fi\/","name":"BELIEVE by tuula rossi","description":"A unique, luxurious, original outerwear collection created by passion and love for today\u2019s fashionable woman and her desire for timeless style.          Perfect fit for the modern, feminine woman of any age.","publisher":{"@id":"https:\/\/believebytuularossi.com\/fi\/#organization"},"potentialAction":[{"@type":"SearchAction","target":{"@type":"EntryPoint","urlTemplate":"https:\/\/believebytuularossi.com\/fi\/?s={search_term_string}"},"query-input":{"@type":"PropertyValueSpecification","valueRequired":true,"valueName":"search_term_string"}}],"inLanguage":"fi"},{"@type":"Organization","@id":"https:\/\/believebytuularossi.com\/fi\/#organization","name":"BELIEVE by tuula rossi","url":"https:\/\/believebytuularossi.com\/fi\/","logo":{"@type":"ImageObject","inLanguage":"fi","@id":"https:\/\/believebytuularossi.com\/fi\/#\/schema\/logo\/image\/","url":"https:\/\/believebytuularossi.com\/wp-content\/uploads\/2018\/08\/rossi-logo_new.png","contentUrl":"https:\/\/believebytuularossi.com\/wp-content\/uploads\/2018\/08\/rossi-logo_new.png","width":300,"height":143,"caption":"BELIEVE by tuula rossi"},"image":{"@id":"https:\/\/believebytuularossi.com\/fi\/#\/schema\/logo\/image\/"},"sameAs":["https:\/\/www.facebook.com\/believebytuularossi\/_gu3udgu0BZPTzcnU","https:\/\/www.instagram.com\/believebytuularossi\/","https:\/\/www.pinterest.com\/believebytuularossi\/"]}]}},"_links":{"self":[{"href":"https:\/\/believebytuularossi.com\/fi\/wp-json\/wp\/v2\/product\/17125","targetHints":{"allow":["GET"]}}],"collection":[{"href":"https:\/\/believebytuularossi.com\/fi\/wp-json\/wp\/v2\/product"}],"about":[{"href":"https:\/\/believebytuularossi.com\/fi\/wp-json\/wp\/v2\/types\/product"}],"wp:featuredmedia":[{"embeddable":true,"href":"https:\/\/believebytuularossi.com\/fi\/wp-json\/wp\/v2\/media\/18218"}],"wp:attachment":[{"href":"https:\/\/believebytuularossi.com\/fi\/wp-json\/wp\/v2\/media?parent=17125"}],"wp:term":[{"taxonomy":"product_brand","embeddable":true,"href":"https:\/\/believebytuularossi.com\/fi\/wp-json\/wp\/v2\/product_brand?post=17125"},{"taxonomy":"product_cat","embeddable":true,"href":"https:\/\/believebytuularossi.com\/fi\/wp-json\/wp\/v2\/product_cat?post=17125"},{"taxonomy":"product_tag","embeddable":true,"href":"https:\/\/believebytuularossi.com\/fi\/wp-json\/wp\/v2\/product_tag?post=17125"}],"curies":[{"name":"wp","href":"https:\/\/api.w.org\/{rel}","templated":true}]}}