{"id":17165,"date":"2022-10-13T09:20:10","date_gmt":"2022-10-13T07:20:14","guid":{"rendered":"https:\/\/believebytuularossi.com\/?post_type=product&#038;p=17165"},"modified":"2022-10-13T13:28:22","modified_gmt":"2022-10-13T11:28:22","slug":"helen-black-tikattu-takki-ekoturkiksella-musta","status":"publish","type":"product","link":"https:\/\/believebytuularossi.com\/fi\/tuote\/helen-black-tikattu-takki-ekoturkiksella-musta\/","title":{"rendered":"Helen Black -tikattu takki Ekoturkiksella, Musta"},"content":{"rendered":"","protected":false},"excerpt":{"rendered":"<p>T\u00e4m\u00e4 upea, ajaton ja t\u00e4ydellisesti istuva HELEN-takki imartelee vartaloasi kaikissa ko\u2019oissa! Kevyess\u00e4 HELEN-takissa on kaunis pallotikattu materiaali yhdistettyn\u00e4 unelmien pehmeisiin ekoturkisyksityiskohtiin. S\u00e4\u00e4dett\u00e4v\u00e4 iso turkiskaulus pit\u00e4\u00e4 sinut l\u00e4mpim\u00e4n\u00e4 kylm\u00e4ll\u00e4. Eritt\u00e4in mukava p\u00f6rr\u00f6inen ekoturkis on edess\u00e4 ja sis\u00e4taskuissa. HELEN Black -takissa on ylelliset kaksisuuntaiset vetoketjut. S\u00e4\u00e4dett\u00e4v\u00e4n helman ansiosta takki sopii erinomaisesti my\u00f6s lantiosta kapeammille naisille.<\/p>\n<p>Hihan pituus on hieman tavallista pidempi. Joustavat hihansuut takaavat kuitenkin t\u00e4ydellisen pituuden kaikille. Hihoissa on iloinen keltainen vuori, joka on yksi BELIEVE by tuula rossi -malliston erityispiirteist\u00e4 tuoden valoa ja energiaa.<\/p>\n<p>P\u00e4ivit\u00e4 takkimallistosi t\u00e4ll\u00e4 tyylikk\u00e4\u00e4ll\u00e4, laadukkaalla ja t\u00e4ydellisesti istuvalla HELEN-takilla!<\/p>\n<p>&nbsp;<\/p>\n<p>P\u00e4ivit\u00e4 takkimallistosi t\u00e4ll\u00e4 tyylikk\u00e4\u00e4ll\u00e4, laadukkaalla ja t\u00e4ydellisesti istuvalla Helen -takilla!<\/p>\n","protected":false},"featured_media":17178,"template":"","meta":{"_acf_changed":false},"product_brand":[],"product_cat":[130],"product_tag":[],"class_list":{"0":"post-17165","1":"product","2":"type-product","3":"status-publish","4":"has-post-thumbnail","6":"product_cat-syksytakit-talvitakit","7":"pa_ewd_uwcf_colors-musta","8":"pa_size-34-fi","9":"pa_size-36-fi","10":"pa_size-38-fi","11":"pa_size-40-fi","12":"pa_size-42-fi","13":"pa_size-44-fi","14":"pa_size-46-fi","15":"pa_size-48-fi","16":"pa_size-50-fi","17":"pa_size-52-fi","18":"pa_size-54-fi","19":"product_color-black-fi","21":"first","22":"instock","23":"taxable","24":"shipping-taxable","25":"purchasable","26":"product-type-variable"},"acf":[],"yoast_head":"<!-- This site is optimized with the Yoast SEO plugin v27.5 - https:\/\/yoast.com\/product\/yoast-seo-wordpress\/ -->\n<title>Helen Black -tikattu takki Ekoturkiksella, Musta &#8211; BELIEVE by tuula rossi<\/title>\n<meta name=\"description\" content=\"Helen musta tikattu takki ekoturkiksella on tyylik\u00e4s, ylellinen ja ajaton. T\u00e4ss\u00e4 mukavassa ja naisellisessa naisten takissa on ylelliset laadukkaat vetoketjut. T\u00e4m\u00e4 kevyt takki pit\u00e4\u00e4 sinut l\u00e4mpim\u00e4n\u00e4 ja se sopii t\u00e4ydellisesti jokaiselle naiselle.\" \/>\n<meta name=\"robots\" content=\"index, follow, max-snippet:-1, max-image-preview:large, max-video-preview:-1\" \/>\n<link rel=\"canonical\" href=\"https:\/\/believebytuularossi.com\/fi\/tuote\/helen-black-tikattu-takki-ekoturkiksella-musta\/\" \/>\n<meta property=\"og:locale\" content=\"fi_FI\" \/>\n<meta property=\"og:type\" content=\"article\" \/>\n<meta property=\"og:title\" content=\"Helen Black -tikattu takki Ekoturkiksella, Musta &#8211; BELIEVE by tuula rossi\" \/>\n<meta property=\"og:description\" content=\"Helen musta tikattu takki ekoturkiksella on tyylik\u00e4s, ylellinen ja ajaton. T\u00e4ss\u00e4 mukavassa ja naisellisessa naisten takissa on ylelliset laadukkaat vetoketjut. T\u00e4m\u00e4 kevyt takki pit\u00e4\u00e4 sinut l\u00e4mpim\u00e4n\u00e4 ja se sopii t\u00e4ydellisesti jokaiselle naiselle.\" \/>\n<meta property=\"og:url\" content=\"https:\/\/believebytuularossi.com\/fi\/tuote\/helen-black-tikattu-takki-ekoturkiksella-musta\/\" \/>\n<meta property=\"og:site_name\" content=\"BELIEVE by tuula rossi\" \/>\n<meta property=\"article:publisher\" content=\"https:\/\/www.facebook.com\/believebytuularossi\/_gu3udgu0BZPTzcnU\" \/>\n<meta property=\"article:modified_time\" content=\"2022-10-13T11:28:22+00:00\" \/>\n<meta property=\"og:image\" content=\"https:\/\/believebytuularossi.com\/wp-content\/uploads\/2022\/10\/Helen_6-5D4_4454-scaled.jpg\" \/>\n\t<meta property=\"og:image:width\" content=\"1707\" \/>\n\t<meta property=\"og:image:height\" content=\"2560\" \/>\n\t<meta property=\"og:image:type\" content=\"image\/jpeg\" \/>\n<meta name=\"twitter:card\" content=\"summary_large_image\" \/>\n<script type=\"application\/ld+json\" class=\"yoast-schema-graph\">{\"@context\":\"https:\\\/\\\/schema.org\",\"@graph\":[{\"@type\":\"WebPage\",\"@id\":\"https:\\\/\\\/believebytuularossi.com\\\/fi\\\/tuote\\\/helen-black-tikattu-takki-ekoturkiksella-musta\\\/\",\"url\":\"https:\\\/\\\/believebytuularossi.com\\\/fi\\\/tuote\\\/helen-black-tikattu-takki-ekoturkiksella-musta\\\/\",\"name\":\"Helen Black -tikattu takki Ekoturkiksella, Musta &#8211; BELIEVE by tuula rossi\",\"isPartOf\":{\"@id\":\"https:\\\/\\\/believebytuularossi.com\\\/fi\\\/#website\"},\"primaryImageOfPage\":{\"@id\":\"https:\\\/\\\/believebytuularossi.com\\\/fi\\\/tuote\\\/helen-black-tikattu-takki-ekoturkiksella-musta\\\/#primaryimage\"},\"image\":{\"@id\":\"https:\\\/\\\/believebytuularossi.com\\\/fi\\\/tuote\\\/helen-black-tikattu-takki-ekoturkiksella-musta\\\/#primaryimage\"},\"thumbnailUrl\":\"https:\\\/\\\/believebytuularossi.com\\\/wp-content\\\/uploads\\\/2022\\\/10\\\/Helen_6-5D4_4454-scaled.jpg\",\"datePublished\":\"2022-10-13T07:20:14+00:00\",\"dateModified\":\"2022-10-13T11:28:22+00:00\",\"description\":\"Helen musta tikattu takki ekoturkiksella on tyylik\u00e4s, ylellinen ja ajaton. T\u00e4ss\u00e4 mukavassa ja naisellisessa naisten takissa on ylelliset laadukkaat vetoketjut. T\u00e4m\u00e4 kevyt takki pit\u00e4\u00e4 sinut l\u00e4mpim\u00e4n\u00e4 ja se sopii t\u00e4ydellisesti jokaiselle naiselle.\",\"breadcrumb\":{\"@id\":\"https:\\\/\\\/believebytuularossi.com\\\/fi\\\/tuote\\\/helen-black-tikattu-takki-ekoturkiksella-musta\\\/#breadcrumb\"},\"inLanguage\":\"fi\",\"potentialAction\":[{\"@type\":\"ReadAction\",\"target\":[\"https:\\\/\\\/believebytuularossi.com\\\/fi\\\/tuote\\\/helen-black-tikattu-takki-ekoturkiksella-musta\\\/\"]}]},{\"@type\":\"ImageObject\",\"inLanguage\":\"fi\",\"@id\":\"https:\\\/\\\/believebytuularossi.com\\\/fi\\\/tuote\\\/helen-black-tikattu-takki-ekoturkiksella-musta\\\/#primaryimage\",\"url\":\"https:\\\/\\\/believebytuularossi.com\\\/wp-content\\\/uploads\\\/2022\\\/10\\\/Helen_6-5D4_4454-scaled.jpg\",\"contentUrl\":\"https:\\\/\\\/believebytuularossi.com\\\/wp-content\\\/uploads\\\/2022\\\/10\\\/Helen_6-5D4_4454-scaled.jpg\",\"width\":1707,\"height\":2560},{\"@type\":\"BreadcrumbList\",\"@id\":\"https:\\\/\\\/believebytuularossi.com\\\/fi\\\/tuote\\\/helen-black-tikattu-takki-ekoturkiksella-musta\\\/#breadcrumb\",\"itemListElement\":[{\"@type\":\"ListItem\",\"position\":1,\"name\":\"Home\",\"item\":\"https:\\\/\\\/believebytuularossi.com\\\/fi\\\/\"},{\"@type\":\"ListItem\",\"position\":2,\"name\":\"Shop\",\"item\":\"https:\\\/\\\/believebytuularossi.com\\\/shop\\\/\"},{\"@type\":\"ListItem\",\"position\":3,\"name\":\"Helen Black -tikattu takki Ekoturkiksella, Musta\"}]},{\"@type\":\"WebSite\",\"@id\":\"https:\\\/\\\/believebytuularossi.com\\\/fi\\\/#website\",\"url\":\"https:\\\/\\\/believebytuularossi.com\\\/fi\\\/\",\"name\":\"BELIEVE by tuula rossi\",\"description\":\"A unique, luxurious, original outerwear collection created by passion and love for today\u2019s fashionable woman and her desire for timeless style.          Perfect fit for the modern, feminine woman of any age.\",\"publisher\":{\"@id\":\"https:\\\/\\\/believebytuularossi.com\\\/fi\\\/#organization\"},\"potentialAction\":[{\"@type\":\"SearchAction\",\"target\":{\"@type\":\"EntryPoint\",\"urlTemplate\":\"https:\\\/\\\/believebytuularossi.com\\\/fi\\\/?s={search_term_string}\"},\"query-input\":{\"@type\":\"PropertyValueSpecification\",\"valueRequired\":true,\"valueName\":\"search_term_string\"}}],\"inLanguage\":\"fi\"},{\"@type\":\"Organization\",\"@id\":\"https:\\\/\\\/believebytuularossi.com\\\/fi\\\/#organization\",\"name\":\"BELIEVE by tuula rossi\",\"url\":\"https:\\\/\\\/believebytuularossi.com\\\/fi\\\/\",\"logo\":{\"@type\":\"ImageObject\",\"inLanguage\":\"fi\",\"@id\":\"https:\\\/\\\/believebytuularossi.com\\\/fi\\\/#\\\/schema\\\/logo\\\/image\\\/\",\"url\":\"https:\\\/\\\/believebytuularossi.com\\\/wp-content\\\/uploads\\\/2018\\\/08\\\/rossi-logo_new.png\",\"contentUrl\":\"https:\\\/\\\/believebytuularossi.com\\\/wp-content\\\/uploads\\\/2018\\\/08\\\/rossi-logo_new.png\",\"width\":300,\"height\":143,\"caption\":\"BELIEVE by tuula rossi\"},\"image\":{\"@id\":\"https:\\\/\\\/believebytuularossi.com\\\/fi\\\/#\\\/schema\\\/logo\\\/image\\\/\"},\"sameAs\":[\"https:\\\/\\\/www.facebook.com\\\/believebytuularossi\\\/_gu3udgu0BZPTzcnU\",\"https:\\\/\\\/www.instagram.com\\\/believebytuularossi\\\/\",\"https:\\\/\\\/www.pinterest.com\\\/believebytuularossi\\\/\"]}]}<\/script>\n<!-- \/ Yoast SEO plugin. -->","yoast_head_json":{"title":"Helen Black -tikattu takki Ekoturkiksella, Musta &#8211; BELIEVE by tuula rossi","description":"Helen musta tikattu takki ekoturkiksella on tyylik\u00e4s, ylellinen ja ajaton. T\u00e4ss\u00e4 mukavassa ja naisellisessa naisten takissa on ylelliset laadukkaat vetoketjut. T\u00e4m\u00e4 kevyt takki pit\u00e4\u00e4 sinut l\u00e4mpim\u00e4n\u00e4 ja se sopii t\u00e4ydellisesti jokaiselle naiselle.","robots":{"index":"index","follow":"follow","max-snippet":"max-snippet:-1","max-image-preview":"max-image-preview:large","max-video-preview":"max-video-preview:-1"},"canonical":"https:\/\/believebytuularossi.com\/fi\/tuote\/helen-black-tikattu-takki-ekoturkiksella-musta\/","og_locale":"fi_FI","og_type":"article","og_title":"Helen Black -tikattu takki Ekoturkiksella, Musta &#8211; BELIEVE by tuula rossi","og_description":"Helen musta tikattu takki ekoturkiksella on tyylik\u00e4s, ylellinen ja ajaton. T\u00e4ss\u00e4 mukavassa ja naisellisessa naisten takissa on ylelliset laadukkaat vetoketjut. T\u00e4m\u00e4 kevyt takki pit\u00e4\u00e4 sinut l\u00e4mpim\u00e4n\u00e4 ja se sopii t\u00e4ydellisesti jokaiselle naiselle.","og_url":"https:\/\/believebytuularossi.com\/fi\/tuote\/helen-black-tikattu-takki-ekoturkiksella-musta\/","og_site_name":"BELIEVE by tuula rossi","article_publisher":"https:\/\/www.facebook.com\/believebytuularossi\/_gu3udgu0BZPTzcnU","article_modified_time":"2022-10-13T11:28:22+00:00","og_image":[{"width":1707,"height":2560,"url":"https:\/\/believebytuularossi.com\/wp-content\/uploads\/2022\/10\/Helen_6-5D4_4454-scaled.jpg","type":"image\/jpeg"}],"twitter_card":"summary_large_image","schema":{"@context":"https:\/\/schema.org","@graph":[{"@type":"WebPage","@id":"https:\/\/believebytuularossi.com\/fi\/tuote\/helen-black-tikattu-takki-ekoturkiksella-musta\/","url":"https:\/\/believebytuularossi.com\/fi\/tuote\/helen-black-tikattu-takki-ekoturkiksella-musta\/","name":"Helen Black -tikattu takki Ekoturkiksella, Musta &#8211; BELIEVE by tuula rossi","isPartOf":{"@id":"https:\/\/believebytuularossi.com\/fi\/#website"},"primaryImageOfPage":{"@id":"https:\/\/believebytuularossi.com\/fi\/tuote\/helen-black-tikattu-takki-ekoturkiksella-musta\/#primaryimage"},"image":{"@id":"https:\/\/believebytuularossi.com\/fi\/tuote\/helen-black-tikattu-takki-ekoturkiksella-musta\/#primaryimage"},"thumbnailUrl":"https:\/\/believebytuularossi.com\/wp-content\/uploads\/2022\/10\/Helen_6-5D4_4454-scaled.jpg","datePublished":"2022-10-13T07:20:14+00:00","dateModified":"2022-10-13T11:28:22+00:00","description":"Helen musta tikattu takki ekoturkiksella on tyylik\u00e4s, ylellinen ja ajaton. T\u00e4ss\u00e4 mukavassa ja naisellisessa naisten takissa on ylelliset laadukkaat vetoketjut. T\u00e4m\u00e4 kevyt takki pit\u00e4\u00e4 sinut l\u00e4mpim\u00e4n\u00e4 ja se sopii t\u00e4ydellisesti jokaiselle naiselle.","breadcrumb":{"@id":"https:\/\/believebytuularossi.com\/fi\/tuote\/helen-black-tikattu-takki-ekoturkiksella-musta\/#breadcrumb"},"inLanguage":"fi","potentialAction":[{"@type":"ReadAction","target":["https:\/\/believebytuularossi.com\/fi\/tuote\/helen-black-tikattu-takki-ekoturkiksella-musta\/"]}]},{"@type":"ImageObject","inLanguage":"fi","@id":"https:\/\/believebytuularossi.com\/fi\/tuote\/helen-black-tikattu-takki-ekoturkiksella-musta\/#primaryimage","url":"https:\/\/believebytuularossi.com\/wp-content\/uploads\/2022\/10\/Helen_6-5D4_4454-scaled.jpg","contentUrl":"https:\/\/believebytuularossi.com\/wp-content\/uploads\/2022\/10\/Helen_6-5D4_4454-scaled.jpg","width":1707,"height":2560},{"@type":"BreadcrumbList","@id":"https:\/\/believebytuularossi.com\/fi\/tuote\/helen-black-tikattu-takki-ekoturkiksella-musta\/#breadcrumb","itemListElement":[{"@type":"ListItem","position":1,"name":"Home","item":"https:\/\/believebytuularossi.com\/fi\/"},{"@type":"ListItem","position":2,"name":"Shop","item":"https:\/\/believebytuularossi.com\/shop\/"},{"@type":"ListItem","position":3,"name":"Helen Black -tikattu takki Ekoturkiksella, Musta"}]},{"@type":"WebSite","@id":"https:\/\/believebytuularossi.com\/fi\/#website","url":"https:\/\/believebytuularossi.com\/fi\/","name":"BELIEVE by tuula rossi","description":"A unique, luxurious, original outerwear collection created by passion and love for today\u2019s fashionable woman and her desire for timeless style.          Perfect fit for the modern, feminine woman of any age.","publisher":{"@id":"https:\/\/believebytuularossi.com\/fi\/#organization"},"potentialAction":[{"@type":"SearchAction","target":{"@type":"EntryPoint","urlTemplate":"https:\/\/believebytuularossi.com\/fi\/?s={search_term_string}"},"query-input":{"@type":"PropertyValueSpecification","valueRequired":true,"valueName":"search_term_string"}}],"inLanguage":"fi"},{"@type":"Organization","@id":"https:\/\/believebytuularossi.com\/fi\/#organization","name":"BELIEVE by tuula rossi","url":"https:\/\/believebytuularossi.com\/fi\/","logo":{"@type":"ImageObject","inLanguage":"fi","@id":"https:\/\/believebytuularossi.com\/fi\/#\/schema\/logo\/image\/","url":"https:\/\/believebytuularossi.com\/wp-content\/uploads\/2018\/08\/rossi-logo_new.png","contentUrl":"https:\/\/believebytuularossi.com\/wp-content\/uploads\/2018\/08\/rossi-logo_new.png","width":300,"height":143,"caption":"BELIEVE by tuula rossi"},"image":{"@id":"https:\/\/believebytuularossi.com\/fi\/#\/schema\/logo\/image\/"},"sameAs":["https:\/\/www.facebook.com\/believebytuularossi\/_gu3udgu0BZPTzcnU","https:\/\/www.instagram.com\/believebytuularossi\/","https:\/\/www.pinterest.com\/believebytuularossi\/"]}]}},"_links":{"self":[{"href":"https:\/\/believebytuularossi.com\/fi\/wp-json\/wp\/v2\/product\/17165","targetHints":{"allow":["GET"]}}],"collection":[{"href":"https:\/\/believebytuularossi.com\/fi\/wp-json\/wp\/v2\/product"}],"about":[{"href":"https:\/\/believebytuularossi.com\/fi\/wp-json\/wp\/v2\/types\/product"}],"wp:featuredmedia":[{"embeddable":true,"href":"https:\/\/believebytuularossi.com\/fi\/wp-json\/wp\/v2\/media\/17178"}],"wp:attachment":[{"href":"https:\/\/believebytuularossi.com\/fi\/wp-json\/wp\/v2\/media?parent=17165"}],"wp:term":[{"taxonomy":"product_brand","embeddable":true,"href":"https:\/\/believebytuularossi.com\/fi\/wp-json\/wp\/v2\/product_brand?post=17165"},{"taxonomy":"product_cat","embeddable":true,"href":"https:\/\/believebytuularossi.com\/fi\/wp-json\/wp\/v2\/product_cat?post=17165"},{"taxonomy":"product_tag","embeddable":true,"href":"https:\/\/believebytuularossi.com\/fi\/wp-json\/wp\/v2\/product_tag?post=17165"}],"curies":[{"name":"wp","href":"https:\/\/api.w.org\/{rel}","templated":true}]}}