{"id":17208,"date":"2022-10-13T09:37:39","date_gmt":"2022-10-13T07:37:43","guid":{"rendered":"https:\/\/believebytuularossi.com\/?post_type=product&#038;p=17208"},"modified":"2023-02-28T18:16:56","modified_gmt":"2023-02-28T17:16:56","slug":"beth-purple-tikattu-takki-ekoturkisreunuksella-copy-copy","status":"publish","type":"product","link":"https:\/\/believebytuularossi.com\/fi\/tuote\/beth-purple-tikattu-takki-ekoturkisreunuksella-copy-copy\/","title":{"rendered":"TINA Black -hupullinen ruusutarhakuosilla tikattu lyhyt takki, musta"},"content":{"rendered":"","protected":false},"excerpt":{"rendered":"<div class=\"product-short-description\">\n<p>Tyylik\u00e4s Black Rose Garden -tikkikuosi on h\u00e4mm\u00e4stytt\u00e4v\u00e4 katseenvangitsija! Ruusuja ja lehti\u00e4 levi\u00e4\u00e4 t\u00e4m\u00e4n naisellisen mustan pikkutakin yli. T\u00e4ydellisen leikkauksen ansiosta voit tuntea olosi mukavaksi ja n\u00e4ytt\u00e4\u00e4 hyv\u00e4lt\u00e4 kaikissa koossa! Huppu on irrotettava kauniilla vetoketjulla ja t\u00e4m\u00e4 musta lyhyt tikkitakki n\u00e4ytt\u00e4\u00e4 hyv\u00e4lt\u00e4 hupun kanssa tai ilman. Ylellinen kaksisuuntainen hopeanv\u00e4rinen vetoketju, joka sulkeutuu edest\u00e4. Taskut sulkeutuvat my\u00f6s kaksisuuntaisilla vetoketjuilla. Tina -takin hihan pituus on hieman tavallista pidempi. Joustavat hihansuut takaavat t\u00e4ydellisen pituuden kaikille.<\/p>\n<p>Tina -pikkutakki on loistava valinta matkustamiseen! Tina lyhyt musta tikkitakki on saatavana my\u00f6s <a href=\"https:\/\/believebytuularossi.com\/fi\/tuote\/tina-cream-hupullinen-ruusutarha-tikattu-takki-vaalea-kerma\/\"><strong>kerman<\/strong><\/a> ja <a href=\"https:\/\/believebytuularossi.com\/fi\/tuote\/tina-light-pink-hupullinen-ruusutarha-tikattu-takki-vaalea-pinkki\/\"><strong>vaaleanpunaisena<\/strong><\/a>.<\/p>\n<\/div>\n","protected":false},"featured_media":18172,"template":"","meta":{"_acf_changed":false},"product_brand":[],"product_cat":[130,129],"product_tag":[],"class_list":{"0":"post-17208","1":"product","2":"type-product","3":"status-publish","4":"has-post-thumbnail","6":"product_cat-syksytakit-talvitakit","7":"product_cat-takit-jakut-koot-34-54","8":"pa_ewd_uwcf_colors-musta","9":"pa_ewd_uwcf_sizes-34-fi","10":"pa_ewd_uwcf_sizes-36-fi","11":"pa_ewd_uwcf_sizes-38-fi","12":"pa_ewd_uwcf_sizes-40-fi","13":"pa_ewd_uwcf_sizes-42-fi","14":"pa_ewd_uwcf_sizes-44-fi","15":"pa_ewd_uwcf_sizes-46-fi","16":"pa_ewd_uwcf_sizes-48-fi","17":"pa_ewd_uwcf_sizes-50-fi","18":"pa_ewd_uwcf_sizes-52-fi","19":"pa_ewd_uwcf_sizes-54-fi","20":"pa_size-34-fi","21":"pa_size-36-fi","22":"pa_size-38-fi","23":"pa_size-40-fi","24":"pa_size-42-fi","25":"pa_size-44-fi","26":"pa_size-46-fi","27":"pa_size-48-fi","28":"pa_size-50-fi","29":"pa_size-52-fi","30":"pa_size-54-fi","31":"product_color-black-fi","32":"product_size-34-fi","33":"product_size-36-fi","34":"product_size-38-fi","35":"product_size-40-fi","36":"product_size-42-fi","37":"product_size-44-fi","38":"product_size-46-fi","39":"product_size-48-fi","40":"product_size-50-fi","41":"product_size-52-fi","42":"product_size-54-fi","44":"first","45":"instock","46":"taxable","47":"shipping-taxable","48":"purchasable","49":"product-type-variable"},"acf":[],"yoast_head":"<!-- This site is optimized with the Yoast SEO plugin v27.6 - https:\/\/yoast.com\/product\/yoast-seo-wordpress\/ -->\n<title>Musta lyhyt tikkitakki Tina - tikattu takki, joka sopii jokaiselle naiselle<\/title>\n<meta name=\"description\" content=\"Musta lyhyt tikkitakki Tina on katseenvangitseva tikattu pikkutakki. Tiina takki p\u00e4\u00e4ll\u00e4 voit tuntea olosi mukavaksi ja n\u00e4ytt\u00e4\u00e4 hyv\u00e4lt\u00e4 kaikissa koossa!\" \/>\n<meta name=\"robots\" content=\"index, follow, max-snippet:-1, max-image-preview:large, max-video-preview:-1\" \/>\n<link rel=\"canonical\" href=\"https:\/\/believebytuularossi.com\/fi\/tuote\/beth-purple-tikattu-takki-ekoturkisreunuksella-copy-copy\/\" \/>\n<meta property=\"og:locale\" content=\"fi_FI\" \/>\n<meta property=\"og:type\" content=\"article\" \/>\n<meta property=\"og:title\" content=\"Musta lyhyt tikkitakki Tina - tikattu takki, joka sopii jokaiselle naiselle\" \/>\n<meta property=\"og:description\" content=\"Musta lyhyt tikkitakki Tina on katseenvangitseva tikattu pikkutakki. Tiina takki p\u00e4\u00e4ll\u00e4 voit tuntea olosi mukavaksi ja n\u00e4ytt\u00e4\u00e4 hyv\u00e4lt\u00e4 kaikissa koossa!\" \/>\n<meta property=\"og:url\" content=\"https:\/\/believebytuularossi.com\/fi\/tuote\/beth-purple-tikattu-takki-ekoturkisreunuksella-copy-copy\/\" \/>\n<meta property=\"og:site_name\" content=\"BELIEVE by tuula rossi\" \/>\n<meta property=\"article:publisher\" content=\"https:\/\/www.facebook.com\/believebytuularossi\/_gu3udgu0BZPTzcnU\" \/>\n<meta property=\"article:modified_time\" content=\"2023-02-28T17:16:56+00:00\" \/>\n<meta property=\"og:image\" content=\"https:\/\/believebytuularossi.com\/wp-content\/uploads\/2023\/02\/PDV5374-scaled.jpg\" \/>\n\t<meta property=\"og:image:width\" content=\"1707\" \/>\n\t<meta property=\"og:image:height\" content=\"2560\" \/>\n\t<meta property=\"og:image:type\" content=\"image\/jpeg\" \/>\n<meta name=\"twitter:card\" content=\"summary_large_image\" \/>\n<meta name=\"twitter:title\" content=\"Musta lyhyt tikkitakki Tina - tikattu takki, joka sopii jokaiselle naiselle\" \/>\n<meta name=\"twitter:description\" content=\"Musta lyhyt tikkitakki Tina on katseenvangitseva tikattu pikkutakki. Tiina takki p\u00e4\u00e4ll\u00e4 voit tuntea olosi mukavaksi ja n\u00e4ytt\u00e4\u00e4 hyv\u00e4lt\u00e4 kaikissa koossa!\" \/>\n<meta name=\"twitter:image\" content=\"https:\/\/believebytuularossi.com\/wp-content\/uploads\/2023\/02\/PDV5374-scaled.jpg\" \/>\n<script type=\"application\/ld+json\" class=\"yoast-schema-graph\">{\"@context\":\"https:\\\/\\\/schema.org\",\"@graph\":[{\"@type\":\"WebPage\",\"@id\":\"https:\\\/\\\/believebytuularossi.com\\\/fi\\\/tuote\\\/beth-purple-tikattu-takki-ekoturkisreunuksella-copy-copy\\\/\",\"url\":\"https:\\\/\\\/believebytuularossi.com\\\/fi\\\/tuote\\\/beth-purple-tikattu-takki-ekoturkisreunuksella-copy-copy\\\/\",\"name\":\"Musta lyhyt tikkitakki Tina - tikattu takki, joka sopii jokaiselle naiselle\",\"isPartOf\":{\"@id\":\"https:\\\/\\\/believebytuularossi.com\\\/fi\\\/#website\"},\"primaryImageOfPage\":{\"@id\":\"https:\\\/\\\/believebytuularossi.com\\\/fi\\\/tuote\\\/beth-purple-tikattu-takki-ekoturkisreunuksella-copy-copy\\\/#primaryimage\"},\"image\":{\"@id\":\"https:\\\/\\\/believebytuularossi.com\\\/fi\\\/tuote\\\/beth-purple-tikattu-takki-ekoturkisreunuksella-copy-copy\\\/#primaryimage\"},\"thumbnailUrl\":\"https:\\\/\\\/believebytuularossi.com\\\/wp-content\\\/uploads\\\/2023\\\/02\\\/PDV5382-scaled.jpg\",\"datePublished\":\"2022-10-13T07:37:43+00:00\",\"dateModified\":\"2023-02-28T17:16:56+00:00\",\"description\":\"Musta lyhyt tikkitakki Tina on katseenvangitseva tikattu pikkutakki. Tiina takki p\u00e4\u00e4ll\u00e4 voit tuntea olosi mukavaksi ja n\u00e4ytt\u00e4\u00e4 hyv\u00e4lt\u00e4 kaikissa koossa!\",\"breadcrumb\":{\"@id\":\"https:\\\/\\\/believebytuularossi.com\\\/fi\\\/tuote\\\/beth-purple-tikattu-takki-ekoturkisreunuksella-copy-copy\\\/#breadcrumb\"},\"inLanguage\":\"fi\",\"potentialAction\":[{\"@type\":\"ReadAction\",\"target\":[\"https:\\\/\\\/believebytuularossi.com\\\/fi\\\/tuote\\\/beth-purple-tikattu-takki-ekoturkisreunuksella-copy-copy\\\/\"]}]},{\"@type\":\"ImageObject\",\"inLanguage\":\"fi\",\"@id\":\"https:\\\/\\\/believebytuularossi.com\\\/fi\\\/tuote\\\/beth-purple-tikattu-takki-ekoturkisreunuksella-copy-copy\\\/#primaryimage\",\"url\":\"https:\\\/\\\/believebytuularossi.com\\\/wp-content\\\/uploads\\\/2023\\\/02\\\/PDV5382-scaled.jpg\",\"contentUrl\":\"https:\\\/\\\/believebytuularossi.com\\\/wp-content\\\/uploads\\\/2023\\\/02\\\/PDV5382-scaled.jpg\",\"width\":1707,\"height\":2560,\"caption\":\"Tina black short quilted jacket\"},{\"@type\":\"BreadcrumbList\",\"@id\":\"https:\\\/\\\/believebytuularossi.com\\\/fi\\\/tuote\\\/beth-purple-tikattu-takki-ekoturkisreunuksella-copy-copy\\\/#breadcrumb\",\"itemListElement\":[{\"@type\":\"ListItem\",\"position\":1,\"name\":\"Home\",\"item\":\"https:\\\/\\\/believebytuularossi.com\\\/fi\\\/\"},{\"@type\":\"ListItem\",\"position\":2,\"name\":\"Shop\",\"item\":\"https:\\\/\\\/believebytuularossi.com\\\/shop\\\/\"},{\"@type\":\"ListItem\",\"position\":3,\"name\":\"TINA Black -hupullinen ruusutarhakuosilla tikattu lyhyt takki, musta\"}]},{\"@type\":\"WebSite\",\"@id\":\"https:\\\/\\\/believebytuularossi.com\\\/fi\\\/#website\",\"url\":\"https:\\\/\\\/believebytuularossi.com\\\/fi\\\/\",\"name\":\"BELIEVE by tuula rossi\",\"description\":\"A unique, luxurious, original outerwear collection created by passion and love for today\u2019s fashionable woman and her desire for timeless style.          Perfect fit for the modern, feminine woman of any age.\",\"publisher\":{\"@id\":\"https:\\\/\\\/believebytuularossi.com\\\/fi\\\/#organization\"},\"potentialAction\":[{\"@type\":\"SearchAction\",\"target\":{\"@type\":\"EntryPoint\",\"urlTemplate\":\"https:\\\/\\\/believebytuularossi.com\\\/fi\\\/?s={search_term_string}\"},\"query-input\":{\"@type\":\"PropertyValueSpecification\",\"valueRequired\":true,\"valueName\":\"search_term_string\"}}],\"inLanguage\":\"fi\"},{\"@type\":\"Organization\",\"@id\":\"https:\\\/\\\/believebytuularossi.com\\\/fi\\\/#organization\",\"name\":\"BELIEVE by tuula rossi\",\"url\":\"https:\\\/\\\/believebytuularossi.com\\\/fi\\\/\",\"logo\":{\"@type\":\"ImageObject\",\"inLanguage\":\"fi\",\"@id\":\"https:\\\/\\\/believebytuularossi.com\\\/fi\\\/#\\\/schema\\\/logo\\\/image\\\/\",\"url\":\"https:\\\/\\\/believebytuularossi.com\\\/wp-content\\\/uploads\\\/2018\\\/08\\\/rossi-logo_new.png\",\"contentUrl\":\"https:\\\/\\\/believebytuularossi.com\\\/wp-content\\\/uploads\\\/2018\\\/08\\\/rossi-logo_new.png\",\"width\":300,\"height\":143,\"caption\":\"BELIEVE by tuula rossi\"},\"image\":{\"@id\":\"https:\\\/\\\/believebytuularossi.com\\\/fi\\\/#\\\/schema\\\/logo\\\/image\\\/\"},\"sameAs\":[\"https:\\\/\\\/www.facebook.com\\\/believebytuularossi\\\/_gu3udgu0BZPTzcnU\",\"https:\\\/\\\/www.instagram.com\\\/believebytuularossi\\\/\",\"https:\\\/\\\/www.pinterest.com\\\/believebytuularossi\\\/\"]}]}<\/script>\n<!-- \/ Yoast SEO plugin. -->","yoast_head_json":{"title":"Musta lyhyt tikkitakki Tina - tikattu takki, joka sopii jokaiselle naiselle","description":"Musta lyhyt tikkitakki Tina on katseenvangitseva tikattu pikkutakki. Tiina takki p\u00e4\u00e4ll\u00e4 voit tuntea olosi mukavaksi ja n\u00e4ytt\u00e4\u00e4 hyv\u00e4lt\u00e4 kaikissa koossa!","robots":{"index":"index","follow":"follow","max-snippet":"max-snippet:-1","max-image-preview":"max-image-preview:large","max-video-preview":"max-video-preview:-1"},"canonical":"https:\/\/believebytuularossi.com\/fi\/tuote\/beth-purple-tikattu-takki-ekoturkisreunuksella-copy-copy\/","og_locale":"fi_FI","og_type":"article","og_title":"Musta lyhyt tikkitakki Tina - tikattu takki, joka sopii jokaiselle naiselle","og_description":"Musta lyhyt tikkitakki Tina on katseenvangitseva tikattu pikkutakki. Tiina takki p\u00e4\u00e4ll\u00e4 voit tuntea olosi mukavaksi ja n\u00e4ytt\u00e4\u00e4 hyv\u00e4lt\u00e4 kaikissa koossa!","og_url":"https:\/\/believebytuularossi.com\/fi\/tuote\/beth-purple-tikattu-takki-ekoturkisreunuksella-copy-copy\/","og_site_name":"BELIEVE by tuula rossi","article_publisher":"https:\/\/www.facebook.com\/believebytuularossi\/_gu3udgu0BZPTzcnU","article_modified_time":"2023-02-28T17:16:56+00:00","og_image":[{"width":1707,"height":2560,"url":"https:\/\/believebytuularossi.com\/wp-content\/uploads\/2023\/02\/PDV5374-scaled.jpg","type":"image\/jpeg"}],"twitter_card":"summary_large_image","twitter_title":"Musta lyhyt tikkitakki Tina - tikattu takki, joka sopii jokaiselle naiselle","twitter_description":"Musta lyhyt tikkitakki Tina on katseenvangitseva tikattu pikkutakki. Tiina takki p\u00e4\u00e4ll\u00e4 voit tuntea olosi mukavaksi ja n\u00e4ytt\u00e4\u00e4 hyv\u00e4lt\u00e4 kaikissa koossa!","twitter_image":"https:\/\/believebytuularossi.com\/wp-content\/uploads\/2023\/02\/PDV5374-scaled.jpg","schema":{"@context":"https:\/\/schema.org","@graph":[{"@type":"WebPage","@id":"https:\/\/believebytuularossi.com\/fi\/tuote\/beth-purple-tikattu-takki-ekoturkisreunuksella-copy-copy\/","url":"https:\/\/believebytuularossi.com\/fi\/tuote\/beth-purple-tikattu-takki-ekoturkisreunuksella-copy-copy\/","name":"Musta lyhyt tikkitakki Tina - tikattu takki, joka sopii jokaiselle naiselle","isPartOf":{"@id":"https:\/\/believebytuularossi.com\/fi\/#website"},"primaryImageOfPage":{"@id":"https:\/\/believebytuularossi.com\/fi\/tuote\/beth-purple-tikattu-takki-ekoturkisreunuksella-copy-copy\/#primaryimage"},"image":{"@id":"https:\/\/believebytuularossi.com\/fi\/tuote\/beth-purple-tikattu-takki-ekoturkisreunuksella-copy-copy\/#primaryimage"},"thumbnailUrl":"https:\/\/believebytuularossi.com\/wp-content\/uploads\/2023\/02\/PDV5382-scaled.jpg","datePublished":"2022-10-13T07:37:43+00:00","dateModified":"2023-02-28T17:16:56+00:00","description":"Musta lyhyt tikkitakki Tina on katseenvangitseva tikattu pikkutakki. Tiina takki p\u00e4\u00e4ll\u00e4 voit tuntea olosi mukavaksi ja n\u00e4ytt\u00e4\u00e4 hyv\u00e4lt\u00e4 kaikissa koossa!","breadcrumb":{"@id":"https:\/\/believebytuularossi.com\/fi\/tuote\/beth-purple-tikattu-takki-ekoturkisreunuksella-copy-copy\/#breadcrumb"},"inLanguage":"fi","potentialAction":[{"@type":"ReadAction","target":["https:\/\/believebytuularossi.com\/fi\/tuote\/beth-purple-tikattu-takki-ekoturkisreunuksella-copy-copy\/"]}]},{"@type":"ImageObject","inLanguage":"fi","@id":"https:\/\/believebytuularossi.com\/fi\/tuote\/beth-purple-tikattu-takki-ekoturkisreunuksella-copy-copy\/#primaryimage","url":"https:\/\/believebytuularossi.com\/wp-content\/uploads\/2023\/02\/PDV5382-scaled.jpg","contentUrl":"https:\/\/believebytuularossi.com\/wp-content\/uploads\/2023\/02\/PDV5382-scaled.jpg","width":1707,"height":2560,"caption":"Tina black short quilted jacket"},{"@type":"BreadcrumbList","@id":"https:\/\/believebytuularossi.com\/fi\/tuote\/beth-purple-tikattu-takki-ekoturkisreunuksella-copy-copy\/#breadcrumb","itemListElement":[{"@type":"ListItem","position":1,"name":"Home","item":"https:\/\/believebytuularossi.com\/fi\/"},{"@type":"ListItem","position":2,"name":"Shop","item":"https:\/\/believebytuularossi.com\/shop\/"},{"@type":"ListItem","position":3,"name":"TINA Black -hupullinen ruusutarhakuosilla tikattu lyhyt takki, musta"}]},{"@type":"WebSite","@id":"https:\/\/believebytuularossi.com\/fi\/#website","url":"https:\/\/believebytuularossi.com\/fi\/","name":"BELIEVE by tuula rossi","description":"A unique, luxurious, original outerwear collection created by passion and love for today\u2019s fashionable woman and her desire for timeless style.          Perfect fit for the modern, feminine woman of any age.","publisher":{"@id":"https:\/\/believebytuularossi.com\/fi\/#organization"},"potentialAction":[{"@type":"SearchAction","target":{"@type":"EntryPoint","urlTemplate":"https:\/\/believebytuularossi.com\/fi\/?s={search_term_string}"},"query-input":{"@type":"PropertyValueSpecification","valueRequired":true,"valueName":"search_term_string"}}],"inLanguage":"fi"},{"@type":"Organization","@id":"https:\/\/believebytuularossi.com\/fi\/#organization","name":"BELIEVE by tuula rossi","url":"https:\/\/believebytuularossi.com\/fi\/","logo":{"@type":"ImageObject","inLanguage":"fi","@id":"https:\/\/believebytuularossi.com\/fi\/#\/schema\/logo\/image\/","url":"https:\/\/believebytuularossi.com\/wp-content\/uploads\/2018\/08\/rossi-logo_new.png","contentUrl":"https:\/\/believebytuularossi.com\/wp-content\/uploads\/2018\/08\/rossi-logo_new.png","width":300,"height":143,"caption":"BELIEVE by tuula rossi"},"image":{"@id":"https:\/\/believebytuularossi.com\/fi\/#\/schema\/logo\/image\/"},"sameAs":["https:\/\/www.facebook.com\/believebytuularossi\/_gu3udgu0BZPTzcnU","https:\/\/www.instagram.com\/believebytuularossi\/","https:\/\/www.pinterest.com\/believebytuularossi\/"]}]}},"_links":{"self":[{"href":"https:\/\/believebytuularossi.com\/fi\/wp-json\/wp\/v2\/product\/17208","targetHints":{"allow":["GET"]}}],"collection":[{"href":"https:\/\/believebytuularossi.com\/fi\/wp-json\/wp\/v2\/product"}],"about":[{"href":"https:\/\/believebytuularossi.com\/fi\/wp-json\/wp\/v2\/types\/product"}],"wp:featuredmedia":[{"embeddable":true,"href":"https:\/\/believebytuularossi.com\/fi\/wp-json\/wp\/v2\/media\/18172"}],"wp:attachment":[{"href":"https:\/\/believebytuularossi.com\/fi\/wp-json\/wp\/v2\/media?parent=17208"}],"wp:term":[{"taxonomy":"product_brand","embeddable":true,"href":"https:\/\/believebytuularossi.com\/fi\/wp-json\/wp\/v2\/product_brand?post=17208"},{"taxonomy":"product_cat","embeddable":true,"href":"https:\/\/believebytuularossi.com\/fi\/wp-json\/wp\/v2\/product_cat?post=17208"},{"taxonomy":"product_tag","embeddable":true,"href":"https:\/\/believebytuularossi.com\/fi\/wp-json\/wp\/v2\/product_tag?post=17208"}],"curies":[{"name":"wp","href":"https:\/\/api.w.org\/{rel}","templated":true}]}}