{"id":17249,"date":"2022-10-13T09:43:53","date_gmt":"2022-10-13T07:43:58","guid":{"rendered":"https:\/\/believebytuularossi.com\/?post_type=product&#038;p=17249"},"modified":"2022-10-13T13:40:00","modified_gmt":"2022-10-13T11:40:00","slug":"tina-cream-hupullinen-ruusutarha-tikattu-takki-vaalea-kerma","status":"publish","type":"product","link":"https:\/\/believebytuularossi.com\/fi\/tuote\/tina-cream-hupullinen-ruusutarha-tikattu-takki-vaalea-kerma\/","title":{"rendered":"TINA Cream -Hupullinen Ruusutarha tikattu takki, vaalea kerma"},"content":{"rendered":"","protected":false},"excerpt":{"rendered":"<div class=\"product-short-description\">\n<p>Tyylik\u00e4s vaalea kermanv\u00e4rinen Ruusutarha -tikkikuosi on h\u00e4mm\u00e4stytt\u00e4v\u00e4 katseenvangitsija! Ruusuja ja lehti\u00e4 kulkee ympariins\u00e4 t\u00e4m\u00e4n upean naisellisesti istuvan takin tikkikuosissa. T\u00e4ydellisen leikkauksen ansiosta voit tuntea olosi mukavaksi ja n\u00e4ytt\u00e4\u00e4 hyv\u00e4lt\u00e4 kaikissa koissa! Huppu on irrotettava kauniilla vetoketjulla ja t\u00e4m\u00e4 lyhyt takki n\u00e4ytt\u00e4\u00e4 hyv\u00e4lt\u00e4 hupun kanssa tai ilman. Ylellinen kaksisuuntainen hopeanv\u00e4rinen vetoketju sulkeutuu edess\u00e4. Taskut sulkeutuvat my\u00f6s kaksisuuntaisilla vetoketjuilla. TINA-takin hihan pituus on hieman tavallista pidempi. Joustavat hihansuut takaavat t\u00e4ydellisen pituuden kaikille.<\/p>\n<p>Tina-takki on loistava valinta matkustamiseen!<\/p>\n<\/div>\n","protected":false},"featured_media":17262,"template":"","meta":{"_acf_changed":false},"product_brand":[],"product_cat":[130],"product_tag":[],"class_list":{"0":"post-17249","1":"product","2":"type-product","3":"status-publish","4":"has-post-thumbnail","6":"product_cat-syksytakit-talvitakit","7":"pa_ewd_uwcf_colors-harmaa","8":"pa_ewd_uwcf_colors-white-fi","9":"pa_size-34-fi","10":"pa_size-36-fi","11":"pa_size-38-fi","12":"pa_size-40-fi","13":"pa_size-42-fi","14":"pa_size-44-fi","15":"pa_size-46-fi","16":"pa_size-48-fi","17":"pa_size-50-fi","18":"pa_size-52-fi","19":"pa_size-54-fi","20":"product_color-grey-fi","21":"product_color-white-fi","23":"first","24":"instock","25":"taxable","26":"shipping-taxable","27":"purchasable","28":"product-type-variable"},"acf":[],"yoast_head":"<!-- This site is optimized with the Yoast SEO plugin v27.5 - https:\/\/yoast.com\/product\/yoast-seo-wordpress\/ -->\n<title>TINA Cream -Hupullinen Ruusutarha tikattu takki, vaalea kerma &#8211; BELIEVE by tuula rossi<\/title>\n<meta name=\"description\" content=\"Katseenvangitsija Tina tikattu takki on tyylik\u00e4s p\u00e4\u00e4ll\u00e4. T\u00e4m\u00e4 upea vaalea takki on valmistettu h\u00e4mm\u00e4stytt\u00e4v\u00e4st\u00e4 ruusutarha -tikkikuosista. Mukava hupullinen takki sopii t\u00e4ydellisesti kaikenkokoisille. Takki on naisellinen ja ylelliset vetoketjut ovat hopeanv\u00e4riset.\" \/>\n<meta name=\"robots\" content=\"index, follow, max-snippet:-1, max-image-preview:large, max-video-preview:-1\" \/>\n<link rel=\"canonical\" href=\"https:\/\/believebytuularossi.com\/fi\/tuote\/tina-cream-hupullinen-ruusutarha-tikattu-takki-vaalea-kerma\/\" \/>\n<meta property=\"og:locale\" content=\"fi_FI\" \/>\n<meta property=\"og:type\" content=\"article\" \/>\n<meta property=\"og:title\" content=\"Ylellinen Beth -takki kuninkaallisessa Purple -v\u00e4riss\u00e4\" \/>\n<meta property=\"og:description\" content=\"Beth -takki on ylellinen naisten takki unelmanpehme\u00e4ll\u00e4 ekoturkisreunuksella. Takki on naisellinen ja istuu t\u00e4ydellisesti kaikissa koossa.\" \/>\n<meta property=\"og:url\" content=\"https:\/\/believebytuularossi.com\/fi\/tuote\/tina-cream-hupullinen-ruusutarha-tikattu-takki-vaalea-kerma\/\" \/>\n<meta property=\"og:site_name\" content=\"BELIEVE by tuula rossi\" \/>\n<meta property=\"article:publisher\" content=\"https:\/\/www.facebook.com\/believebytuularossi\/_gu3udgu0BZPTzcnU\" \/>\n<meta property=\"article:modified_time\" content=\"2022-10-13T11:40:00+00:00\" \/>\n<meta property=\"og:image\" content=\"https:\/\/believebytuularossi.com\/wp-content\/uploads\/2021\/12\/P1110347-scaled.jpg\" \/>\n\t<meta property=\"og:image:width\" content=\"1441\" \/>\n\t<meta property=\"og:image:height\" content=\"2560\" \/>\n\t<meta property=\"og:image:type\" content=\"image\/jpeg\" \/>\n<meta name=\"twitter:card\" content=\"summary_large_image\" \/>\n<meta name=\"twitter:title\" content=\"Ylellinen Beth -takki kuninkaallisessa Purple -v\u00e4riss\u00e4\" \/>\n<meta name=\"twitter:description\" content=\"Beth -takki on ylellinen naisten takki unelmanpehme\u00e4ll\u00e4 ekoturkisreunuksella. Takki on naisellinen ja istuu t\u00e4ydellisesti kaikissa koossa.\" \/>\n<meta name=\"twitter:image\" content=\"https:\/\/believebytuularossi.com\/wp-content\/uploads\/2021\/12\/P1110347-scaled.jpg\" \/>\n<script type=\"application\/ld+json\" class=\"yoast-schema-graph\">{\"@context\":\"https:\\\/\\\/schema.org\",\"@graph\":[{\"@type\":\"WebPage\",\"@id\":\"https:\\\/\\\/believebytuularossi.com\\\/fi\\\/tuote\\\/tina-cream-hupullinen-ruusutarha-tikattu-takki-vaalea-kerma\\\/\",\"url\":\"https:\\\/\\\/believebytuularossi.com\\\/fi\\\/tuote\\\/tina-cream-hupullinen-ruusutarha-tikattu-takki-vaalea-kerma\\\/\",\"name\":\"TINA Cream -Hupullinen Ruusutarha tikattu takki, vaalea kerma &#8211; BELIEVE by tuula rossi\",\"isPartOf\":{\"@id\":\"https:\\\/\\\/believebytuularossi.com\\\/fi\\\/#website\"},\"primaryImageOfPage\":{\"@id\":\"https:\\\/\\\/believebytuularossi.com\\\/fi\\\/tuote\\\/tina-cream-hupullinen-ruusutarha-tikattu-takki-vaalea-kerma\\\/#primaryimage\"},\"image\":{\"@id\":\"https:\\\/\\\/believebytuularossi.com\\\/fi\\\/tuote\\\/tina-cream-hupullinen-ruusutarha-tikattu-takki-vaalea-kerma\\\/#primaryimage\"},\"thumbnailUrl\":\"https:\\\/\\\/believebytuularossi.com\\\/wp-content\\\/uploads\\\/2022\\\/10\\\/Tina_cream.jpg\",\"datePublished\":\"2022-10-13T07:43:58+00:00\",\"dateModified\":\"2022-10-13T11:40:00+00:00\",\"description\":\"Katseenvangitsija Tina tikattu takki on tyylik\u00e4s p\u00e4\u00e4ll\u00e4. T\u00e4m\u00e4 upea vaalea takki on valmistettu h\u00e4mm\u00e4stytt\u00e4v\u00e4st\u00e4 ruusutarha -tikkikuosista. Mukava hupullinen takki sopii t\u00e4ydellisesti kaikenkokoisille. Takki on naisellinen ja ylelliset vetoketjut ovat hopeanv\u00e4riset.\",\"breadcrumb\":{\"@id\":\"https:\\\/\\\/believebytuularossi.com\\\/fi\\\/tuote\\\/tina-cream-hupullinen-ruusutarha-tikattu-takki-vaalea-kerma\\\/#breadcrumb\"},\"inLanguage\":\"fi\",\"potentialAction\":[{\"@type\":\"ReadAction\",\"target\":[\"https:\\\/\\\/believebytuularossi.com\\\/fi\\\/tuote\\\/tina-cream-hupullinen-ruusutarha-tikattu-takki-vaalea-kerma\\\/\"]}]},{\"@type\":\"ImageObject\",\"inLanguage\":\"fi\",\"@id\":\"https:\\\/\\\/believebytuularossi.com\\\/fi\\\/tuote\\\/tina-cream-hupullinen-ruusutarha-tikattu-takki-vaalea-kerma\\\/#primaryimage\",\"url\":\"https:\\\/\\\/believebytuularossi.com\\\/wp-content\\\/uploads\\\/2022\\\/10\\\/Tina_cream.jpg\",\"contentUrl\":\"https:\\\/\\\/believebytuularossi.com\\\/wp-content\\\/uploads\\\/2022\\\/10\\\/Tina_cream.jpg\",\"width\":768,\"height\":1024},{\"@type\":\"BreadcrumbList\",\"@id\":\"https:\\\/\\\/believebytuularossi.com\\\/fi\\\/tuote\\\/tina-cream-hupullinen-ruusutarha-tikattu-takki-vaalea-kerma\\\/#breadcrumb\",\"itemListElement\":[{\"@type\":\"ListItem\",\"position\":1,\"name\":\"Home\",\"item\":\"https:\\\/\\\/believebytuularossi.com\\\/fi\\\/\"},{\"@type\":\"ListItem\",\"position\":2,\"name\":\"Shop\",\"item\":\"https:\\\/\\\/believebytuularossi.com\\\/shop\\\/\"},{\"@type\":\"ListItem\",\"position\":3,\"name\":\"TINA Cream -Hupullinen Ruusutarha tikattu takki, vaalea kerma\"}]},{\"@type\":\"WebSite\",\"@id\":\"https:\\\/\\\/believebytuularossi.com\\\/fi\\\/#website\",\"url\":\"https:\\\/\\\/believebytuularossi.com\\\/fi\\\/\",\"name\":\"BELIEVE by tuula rossi\",\"description\":\"A unique, luxurious, original outerwear collection created by passion and love for today\u2019s fashionable woman and her desire for timeless style.          Perfect fit for the modern, feminine woman of any age.\",\"publisher\":{\"@id\":\"https:\\\/\\\/believebytuularossi.com\\\/fi\\\/#organization\"},\"potentialAction\":[{\"@type\":\"SearchAction\",\"target\":{\"@type\":\"EntryPoint\",\"urlTemplate\":\"https:\\\/\\\/believebytuularossi.com\\\/fi\\\/?s={search_term_string}\"},\"query-input\":{\"@type\":\"PropertyValueSpecification\",\"valueRequired\":true,\"valueName\":\"search_term_string\"}}],\"inLanguage\":\"fi\"},{\"@type\":\"Organization\",\"@id\":\"https:\\\/\\\/believebytuularossi.com\\\/fi\\\/#organization\",\"name\":\"BELIEVE by tuula rossi\",\"url\":\"https:\\\/\\\/believebytuularossi.com\\\/fi\\\/\",\"logo\":{\"@type\":\"ImageObject\",\"inLanguage\":\"fi\",\"@id\":\"https:\\\/\\\/believebytuularossi.com\\\/fi\\\/#\\\/schema\\\/logo\\\/image\\\/\",\"url\":\"https:\\\/\\\/believebytuularossi.com\\\/wp-content\\\/uploads\\\/2018\\\/08\\\/rossi-logo_new.png\",\"contentUrl\":\"https:\\\/\\\/believebytuularossi.com\\\/wp-content\\\/uploads\\\/2018\\\/08\\\/rossi-logo_new.png\",\"width\":300,\"height\":143,\"caption\":\"BELIEVE by tuula rossi\"},\"image\":{\"@id\":\"https:\\\/\\\/believebytuularossi.com\\\/fi\\\/#\\\/schema\\\/logo\\\/image\\\/\"},\"sameAs\":[\"https:\\\/\\\/www.facebook.com\\\/believebytuularossi\\\/_gu3udgu0BZPTzcnU\",\"https:\\\/\\\/www.instagram.com\\\/believebytuularossi\\\/\",\"https:\\\/\\\/www.pinterest.com\\\/believebytuularossi\\\/\"]}]}<\/script>\n<!-- \/ Yoast SEO plugin. -->","yoast_head_json":{"title":"TINA Cream -Hupullinen Ruusutarha tikattu takki, vaalea kerma &#8211; BELIEVE by tuula rossi","description":"Katseenvangitsija Tina tikattu takki on tyylik\u00e4s p\u00e4\u00e4ll\u00e4. T\u00e4m\u00e4 upea vaalea takki on valmistettu h\u00e4mm\u00e4stytt\u00e4v\u00e4st\u00e4 ruusutarha -tikkikuosista. Mukava hupullinen takki sopii t\u00e4ydellisesti kaikenkokoisille. Takki on naisellinen ja ylelliset vetoketjut ovat hopeanv\u00e4riset.","robots":{"index":"index","follow":"follow","max-snippet":"max-snippet:-1","max-image-preview":"max-image-preview:large","max-video-preview":"max-video-preview:-1"},"canonical":"https:\/\/believebytuularossi.com\/fi\/tuote\/tina-cream-hupullinen-ruusutarha-tikattu-takki-vaalea-kerma\/","og_locale":"fi_FI","og_type":"article","og_title":"Ylellinen Beth -takki kuninkaallisessa Purple -v\u00e4riss\u00e4","og_description":"Beth -takki on ylellinen naisten takki unelmanpehme\u00e4ll\u00e4 ekoturkisreunuksella. Takki on naisellinen ja istuu t\u00e4ydellisesti kaikissa koossa.","og_url":"https:\/\/believebytuularossi.com\/fi\/tuote\/tina-cream-hupullinen-ruusutarha-tikattu-takki-vaalea-kerma\/","og_site_name":"BELIEVE by tuula rossi","article_publisher":"https:\/\/www.facebook.com\/believebytuularossi\/_gu3udgu0BZPTzcnU","article_modified_time":"2022-10-13T11:40:00+00:00","og_image":[{"width":1441,"height":2560,"url":"https:\/\/believebytuularossi.com\/wp-content\/uploads\/2021\/12\/P1110347-scaled.jpg","type":"image\/jpeg"}],"twitter_card":"summary_large_image","twitter_title":"Ylellinen Beth -takki kuninkaallisessa Purple -v\u00e4riss\u00e4","twitter_description":"Beth -takki on ylellinen naisten takki unelmanpehme\u00e4ll\u00e4 ekoturkisreunuksella. Takki on naisellinen ja istuu t\u00e4ydellisesti kaikissa koossa.","twitter_image":"https:\/\/believebytuularossi.com\/wp-content\/uploads\/2021\/12\/P1110347-scaled.jpg","schema":{"@context":"https:\/\/schema.org","@graph":[{"@type":"WebPage","@id":"https:\/\/believebytuularossi.com\/fi\/tuote\/tina-cream-hupullinen-ruusutarha-tikattu-takki-vaalea-kerma\/","url":"https:\/\/believebytuularossi.com\/fi\/tuote\/tina-cream-hupullinen-ruusutarha-tikattu-takki-vaalea-kerma\/","name":"TINA Cream -Hupullinen Ruusutarha tikattu takki, vaalea kerma &#8211; BELIEVE by tuula rossi","isPartOf":{"@id":"https:\/\/believebytuularossi.com\/fi\/#website"},"primaryImageOfPage":{"@id":"https:\/\/believebytuularossi.com\/fi\/tuote\/tina-cream-hupullinen-ruusutarha-tikattu-takki-vaalea-kerma\/#primaryimage"},"image":{"@id":"https:\/\/believebytuularossi.com\/fi\/tuote\/tina-cream-hupullinen-ruusutarha-tikattu-takki-vaalea-kerma\/#primaryimage"},"thumbnailUrl":"https:\/\/believebytuularossi.com\/wp-content\/uploads\/2022\/10\/Tina_cream.jpg","datePublished":"2022-10-13T07:43:58+00:00","dateModified":"2022-10-13T11:40:00+00:00","description":"Katseenvangitsija Tina tikattu takki on tyylik\u00e4s p\u00e4\u00e4ll\u00e4. T\u00e4m\u00e4 upea vaalea takki on valmistettu h\u00e4mm\u00e4stytt\u00e4v\u00e4st\u00e4 ruusutarha -tikkikuosista. Mukava hupullinen takki sopii t\u00e4ydellisesti kaikenkokoisille. Takki on naisellinen ja ylelliset vetoketjut ovat hopeanv\u00e4riset.","breadcrumb":{"@id":"https:\/\/believebytuularossi.com\/fi\/tuote\/tina-cream-hupullinen-ruusutarha-tikattu-takki-vaalea-kerma\/#breadcrumb"},"inLanguage":"fi","potentialAction":[{"@type":"ReadAction","target":["https:\/\/believebytuularossi.com\/fi\/tuote\/tina-cream-hupullinen-ruusutarha-tikattu-takki-vaalea-kerma\/"]}]},{"@type":"ImageObject","inLanguage":"fi","@id":"https:\/\/believebytuularossi.com\/fi\/tuote\/tina-cream-hupullinen-ruusutarha-tikattu-takki-vaalea-kerma\/#primaryimage","url":"https:\/\/believebytuularossi.com\/wp-content\/uploads\/2022\/10\/Tina_cream.jpg","contentUrl":"https:\/\/believebytuularossi.com\/wp-content\/uploads\/2022\/10\/Tina_cream.jpg","width":768,"height":1024},{"@type":"BreadcrumbList","@id":"https:\/\/believebytuularossi.com\/fi\/tuote\/tina-cream-hupullinen-ruusutarha-tikattu-takki-vaalea-kerma\/#breadcrumb","itemListElement":[{"@type":"ListItem","position":1,"name":"Home","item":"https:\/\/believebytuularossi.com\/fi\/"},{"@type":"ListItem","position":2,"name":"Shop","item":"https:\/\/believebytuularossi.com\/shop\/"},{"@type":"ListItem","position":3,"name":"TINA Cream -Hupullinen Ruusutarha tikattu takki, vaalea kerma"}]},{"@type":"WebSite","@id":"https:\/\/believebytuularossi.com\/fi\/#website","url":"https:\/\/believebytuularossi.com\/fi\/","name":"BELIEVE by tuula rossi","description":"A unique, luxurious, original outerwear collection created by passion and love for today\u2019s fashionable woman and her desire for timeless style.          Perfect fit for the modern, feminine woman of any age.","publisher":{"@id":"https:\/\/believebytuularossi.com\/fi\/#organization"},"potentialAction":[{"@type":"SearchAction","target":{"@type":"EntryPoint","urlTemplate":"https:\/\/believebytuularossi.com\/fi\/?s={search_term_string}"},"query-input":{"@type":"PropertyValueSpecification","valueRequired":true,"valueName":"search_term_string"}}],"inLanguage":"fi"},{"@type":"Organization","@id":"https:\/\/believebytuularossi.com\/fi\/#organization","name":"BELIEVE by tuula rossi","url":"https:\/\/believebytuularossi.com\/fi\/","logo":{"@type":"ImageObject","inLanguage":"fi","@id":"https:\/\/believebytuularossi.com\/fi\/#\/schema\/logo\/image\/","url":"https:\/\/believebytuularossi.com\/wp-content\/uploads\/2018\/08\/rossi-logo_new.png","contentUrl":"https:\/\/believebytuularossi.com\/wp-content\/uploads\/2018\/08\/rossi-logo_new.png","width":300,"height":143,"caption":"BELIEVE by tuula rossi"},"image":{"@id":"https:\/\/believebytuularossi.com\/fi\/#\/schema\/logo\/image\/"},"sameAs":["https:\/\/www.facebook.com\/believebytuularossi\/_gu3udgu0BZPTzcnU","https:\/\/www.instagram.com\/believebytuularossi\/","https:\/\/www.pinterest.com\/believebytuularossi\/"]}]}},"_links":{"self":[{"href":"https:\/\/believebytuularossi.com\/fi\/wp-json\/wp\/v2\/product\/17249","targetHints":{"allow":["GET"]}}],"collection":[{"href":"https:\/\/believebytuularossi.com\/fi\/wp-json\/wp\/v2\/product"}],"about":[{"href":"https:\/\/believebytuularossi.com\/fi\/wp-json\/wp\/v2\/types\/product"}],"wp:featuredmedia":[{"embeddable":true,"href":"https:\/\/believebytuularossi.com\/fi\/wp-json\/wp\/v2\/media\/17262"}],"wp:attachment":[{"href":"https:\/\/believebytuularossi.com\/fi\/wp-json\/wp\/v2\/media?parent=17249"}],"wp:term":[{"taxonomy":"product_brand","embeddable":true,"href":"https:\/\/believebytuularossi.com\/fi\/wp-json\/wp\/v2\/product_brand?post=17249"},{"taxonomy":"product_cat","embeddable":true,"href":"https:\/\/believebytuularossi.com\/fi\/wp-json\/wp\/v2\/product_cat?post=17249"},{"taxonomy":"product_tag","embeddable":true,"href":"https:\/\/believebytuularossi.com\/fi\/wp-json\/wp\/v2\/product_tag?post=17249"}],"curies":[{"name":"wp","href":"https:\/\/api.w.org\/{rel}","templated":true}]}}