{"id":17312,"date":"2022-10-14T12:54:01","date_gmt":"2022-10-14T10:54:06","guid":{"rendered":"https:\/\/believebytuularossi.com\/?post_type=product&#038;p=17312"},"modified":"2023-10-17T10:35:55","modified_gmt":"2023-10-17T08:35:55","slug":"rose-garden-tikattu-takki-shaalikaulus-ja-irrotettava-huppu-vaalea-pinkki","status":"publish","type":"product","link":"https:\/\/believebytuularossi.com\/fi\/tuote\/rose-garden-tikattu-takki-shaalikaulus-ja-irrotettava-huppu-vaalea-pinkki\/","title":{"rendered":"ROSE, Light Pink. Rose Garden tikattu takki, shaalikaulus ja irrotettava huppu, Vaalea Pinkki."},"content":{"rendered":"","protected":false},"excerpt":{"rendered":"<div class=\"product-short-description\">\n<p>Ihastut t\u00e4h\u00e4n super eleganttiin pinkkiin pitk\u00e4\u00e4n takkiin! Tyylik\u00e4s, naisellinen muoto saa sinut tuntemaan olosi kuningattareksi. T\u00e4m\u00e4 tyylik\u00e4s, ylellinen takki on valmistettu upeasta Rose Garden -tikkikankaasta. Materiaali on vett\u00e4 hylkiv\u00e4\u00e4 ja hengitt\u00e4v\u00e4\u00e4. Upea iso shaalikaulus ja irrotettava huppu suojaavat sinua tuulelta. Kaulus ja naisellinen, leve\u00e4 helma ovat s\u00e4\u00e4dett\u00e4v\u00e4t joustavalla nauhalla. Kaunis 2-suuntainen vetoketju ja piilotetut painonapit sulkevat takin. Taskut avautuvat 2-suuntaisilla vetoketjuilla.<\/p>\n<p>Upea ROSE-takki imartelee vartaloasi kaikissa ko\u2019oissa ja se on suunniteltu istumaan t\u00e4ydellisesti jokaisen naisen p\u00e4\u00e4lle.<\/p>\n<p>T\u00e4m\u00e4 ihana katseenvangitsija ja kauniisti istuva ROSE-takki n\u00e4ytt\u00e4\u00e4 upealta p\u00e4\u00e4ll\u00e4si! Rose -takki on saatavilla my\u00f6s <a href=\"https:\/\/believebytuularossi.com\/fi\/tuote\/rose-black-rose-garden-tikattu-takki-shaalikaulus-ja-irrotettava-huppu-musta\/\">mustana<\/a> ja <a href=\"https:\/\/believebytuularossi.com\/fi\/tuote\/rose-golden-bronze-rose-garden-pitka-tikattu-takki-shaalikauluksella-ja-irrotettavalla-hupulla-kultainen-pronssi\/\">kultaisen pronssin<\/a> v\u00e4risen\u00e4.<\/p>\n<p>ROSE Tikatun takin hihan pituus on hieman tavallista pidempi. Joustavat hihansuut takaavat t\u00e4ydellisen pituuden kaikille.<\/p>\n<\/div>\n","protected":false},"featured_media":17340,"template":"","meta":{"_acf_changed":false},"product_brand":[],"product_cat":[130],"product_tag":[],"class_list":{"0":"post-17312","1":"product","2":"type-product","3":"status-publish","4":"has-post-thumbnail","6":"product_cat-syksytakit-talvitakit","7":"pa_ewd_uwcf_colors-pale-pink-fi","8":"pa_ewd_uwcf_colors-pinkki","9":"pa_size-34-fi","10":"pa_size-36-fi","11":"pa_size-38-fi","12":"pa_size-40-fi","13":"pa_size-42-fi","14":"pa_size-44-fi","15":"pa_size-46-fi","16":"pa_size-48-fi","17":"pa_size-50-fi","18":"pa_size-52-fi","19":"pa_size-54-fi","20":"product_color-pink-fi","21":"product_color-rose-fi","23":"first","24":"instock","25":"taxable","26":"shipping-taxable","27":"purchasable","28":"product-type-variable"},"acf":[],"yoast_head":"<!-- This site is optimized with the Yoast SEO plugin v27.3 - https:\/\/yoast.com\/product\/yoast-seo-wordpress\/ -->\n<title>ROSE, Light Pink. Rose Garden tikattu takki, shaalikaulus ja irrotettava huppu, Vaalea Pinkki. &#8211; BELIEVE by tuula rossi<\/title>\n<meta name=\"description\" content=\"Rose tikattu takki on ylellinen ja siin\u00e4 on naisellinen helma. Rose Garden tikkikangas on eritt\u00e4in upea. Takin muoto imartelee jokaisen naisen vartaloa. Iso shaalikaulus on kaunis. T\u00e4m\u00e4 pitk\u00e4 tyylik\u00e4s takki saa naisen tuntemaan itsens\u00e4 kuningattareksi.\" \/>\n<meta name=\"robots\" content=\"index, follow, max-snippet:-1, max-image-preview:large, max-video-preview:-1\" \/>\n<link rel=\"canonical\" href=\"https:\/\/believebytuularossi.com\/fi\/tuote\/rose-garden-tikattu-takki-shaalikaulus-ja-irrotettava-huppu-vaalea-pinkki\/\" \/>\n<meta property=\"og:locale\" content=\"fi_FI\" \/>\n<meta property=\"og:type\" content=\"article\" \/>\n<meta property=\"og:title\" content=\"Ylellinen Beth -takki kuninkaallisessa Purple -v\u00e4riss\u00e4\" \/>\n<meta property=\"og:description\" content=\"Beth -takki on ylellinen naisten takki unelmanpehme\u00e4ll\u00e4 ekoturkisreunuksella. Takki on naisellinen ja istuu t\u00e4ydellisesti kaikissa koossa.\" \/>\n<meta property=\"og:url\" content=\"https:\/\/believebytuularossi.com\/fi\/tuote\/rose-garden-tikattu-takki-shaalikaulus-ja-irrotettava-huppu-vaalea-pinkki\/\" \/>\n<meta property=\"og:site_name\" content=\"BELIEVE by tuula rossi\" \/>\n<meta property=\"article:publisher\" content=\"https:\/\/www.facebook.com\/believebytuularossi\/_gu3udgu0BZPTzcnU\" \/>\n<meta property=\"article:modified_time\" content=\"2023-10-17T08:35:55+00:00\" \/>\n<meta property=\"og:image\" content=\"https:\/\/believebytuularossi.com\/wp-content\/uploads\/2021\/12\/P1110347-scaled.jpg\" \/>\n\t<meta property=\"og:image:width\" content=\"1441\" \/>\n\t<meta property=\"og:image:height\" content=\"2560\" \/>\n\t<meta property=\"og:image:type\" content=\"image\/jpeg\" \/>\n<meta name=\"twitter:card\" content=\"summary_large_image\" \/>\n<meta name=\"twitter:title\" content=\"Ylellinen Beth -takki kuninkaallisessa Purple -v\u00e4riss\u00e4\" \/>\n<meta name=\"twitter:description\" content=\"Beth -takki on ylellinen naisten takki unelmanpehme\u00e4ll\u00e4 ekoturkisreunuksella. Takki on naisellinen ja istuu t\u00e4ydellisesti kaikissa koossa.\" \/>\n<meta name=\"twitter:image\" content=\"https:\/\/believebytuularossi.com\/wp-content\/uploads\/2021\/12\/P1110347-scaled.jpg\" \/>\n<script type=\"application\/ld+json\" class=\"yoast-schema-graph\">{\"@context\":\"https:\\\/\\\/schema.org\",\"@graph\":[{\"@type\":\"WebPage\",\"@id\":\"https:\\\/\\\/believebytuularossi.com\\\/fi\\\/tuote\\\/rose-garden-tikattu-takki-shaalikaulus-ja-irrotettava-huppu-vaalea-pinkki\\\/\",\"url\":\"https:\\\/\\\/believebytuularossi.com\\\/fi\\\/tuote\\\/rose-garden-tikattu-takki-shaalikaulus-ja-irrotettava-huppu-vaalea-pinkki\\\/\",\"name\":\"ROSE, Light Pink. Rose Garden tikattu takki, shaalikaulus ja irrotettava huppu, Vaalea Pinkki. &#8211; BELIEVE by tuula rossi\",\"isPartOf\":{\"@id\":\"https:\\\/\\\/believebytuularossi.com\\\/fi\\\/#website\"},\"primaryImageOfPage\":{\"@id\":\"https:\\\/\\\/believebytuularossi.com\\\/fi\\\/tuote\\\/rose-garden-tikattu-takki-shaalikaulus-ja-irrotettava-huppu-vaalea-pinkki\\\/#primaryimage\"},\"image\":{\"@id\":\"https:\\\/\\\/believebytuularossi.com\\\/fi\\\/tuote\\\/rose-garden-tikattu-takki-shaalikaulus-ja-irrotettava-huppu-vaalea-pinkki\\\/#primaryimage\"},\"thumbnailUrl\":\"https:\\\/\\\/believebytuularossi.com\\\/wp-content\\\/uploads\\\/2022\\\/10\\\/Rose2-1-scaled.jpg\",\"datePublished\":\"2022-10-14T10:54:06+00:00\",\"dateModified\":\"2023-10-17T08:35:55+00:00\",\"description\":\"Rose tikattu takki on ylellinen ja siin\u00e4 on naisellinen helma. Rose Garden tikkikangas on eritt\u00e4in upea. Takin muoto imartelee jokaisen naisen vartaloa. Iso shaalikaulus on kaunis. T\u00e4m\u00e4 pitk\u00e4 tyylik\u00e4s takki saa naisen tuntemaan itsens\u00e4 kuningattareksi.\",\"breadcrumb\":{\"@id\":\"https:\\\/\\\/believebytuularossi.com\\\/fi\\\/tuote\\\/rose-garden-tikattu-takki-shaalikaulus-ja-irrotettava-huppu-vaalea-pinkki\\\/#breadcrumb\"},\"inLanguage\":\"fi\",\"potentialAction\":[{\"@type\":\"ReadAction\",\"target\":[\"https:\\\/\\\/believebytuularossi.com\\\/fi\\\/tuote\\\/rose-garden-tikattu-takki-shaalikaulus-ja-irrotettava-huppu-vaalea-pinkki\\\/\"]}]},{\"@type\":\"ImageObject\",\"inLanguage\":\"fi\",\"@id\":\"https:\\\/\\\/believebytuularossi.com\\\/fi\\\/tuote\\\/rose-garden-tikattu-takki-shaalikaulus-ja-irrotettava-huppu-vaalea-pinkki\\\/#primaryimage\",\"url\":\"https:\\\/\\\/believebytuularossi.com\\\/wp-content\\\/uploads\\\/2022\\\/10\\\/Rose2-1-scaled.jpg\",\"contentUrl\":\"https:\\\/\\\/believebytuularossi.com\\\/wp-content\\\/uploads\\\/2022\\\/10\\\/Rose2-1-scaled.jpg\",\"width\":2026,\"height\":2560},{\"@type\":\"BreadcrumbList\",\"@id\":\"https:\\\/\\\/believebytuularossi.com\\\/fi\\\/tuote\\\/rose-garden-tikattu-takki-shaalikaulus-ja-irrotettava-huppu-vaalea-pinkki\\\/#breadcrumb\",\"itemListElement\":[{\"@type\":\"ListItem\",\"position\":1,\"name\":\"Home\",\"item\":\"https:\\\/\\\/believebytuularossi.com\\\/fi\\\/\"},{\"@type\":\"ListItem\",\"position\":2,\"name\":\"Shop\",\"item\":\"https:\\\/\\\/believebytuularossi.com\\\/shop\\\/\"},{\"@type\":\"ListItem\",\"position\":3,\"name\":\"ROSE, Light Pink. Rose Garden tikattu takki, shaalikaulus ja irrotettava huppu, Vaalea Pinkki.\"}]},{\"@type\":\"WebSite\",\"@id\":\"https:\\\/\\\/believebytuularossi.com\\\/fi\\\/#website\",\"url\":\"https:\\\/\\\/believebytuularossi.com\\\/fi\\\/\",\"name\":\"BELIEVE by tuula rossi\",\"description\":\"A unique, luxurious, original outerwear collection created by passion and love for today\u2019s fashionable woman and her desire for timeless style.          Perfect fit for the modern, feminine woman of any age.\",\"publisher\":{\"@id\":\"https:\\\/\\\/believebytuularossi.com\\\/fi\\\/#organization\"},\"potentialAction\":[{\"@type\":\"SearchAction\",\"target\":{\"@type\":\"EntryPoint\",\"urlTemplate\":\"https:\\\/\\\/believebytuularossi.com\\\/fi\\\/?s={search_term_string}\"},\"query-input\":{\"@type\":\"PropertyValueSpecification\",\"valueRequired\":true,\"valueName\":\"search_term_string\"}}],\"inLanguage\":\"fi\"},{\"@type\":\"Organization\",\"@id\":\"https:\\\/\\\/believebytuularossi.com\\\/fi\\\/#organization\",\"name\":\"BELIEVE by tuula rossi\",\"url\":\"https:\\\/\\\/believebytuularossi.com\\\/fi\\\/\",\"logo\":{\"@type\":\"ImageObject\",\"inLanguage\":\"fi\",\"@id\":\"https:\\\/\\\/believebytuularossi.com\\\/fi\\\/#\\\/schema\\\/logo\\\/image\\\/\",\"url\":\"https:\\\/\\\/believebytuularossi.com\\\/wp-content\\\/uploads\\\/2018\\\/08\\\/rossi-logo_new.png\",\"contentUrl\":\"https:\\\/\\\/believebytuularossi.com\\\/wp-content\\\/uploads\\\/2018\\\/08\\\/rossi-logo_new.png\",\"width\":300,\"height\":143,\"caption\":\"BELIEVE by tuula rossi\"},\"image\":{\"@id\":\"https:\\\/\\\/believebytuularossi.com\\\/fi\\\/#\\\/schema\\\/logo\\\/image\\\/\"},\"sameAs\":[\"https:\\\/\\\/www.facebook.com\\\/believebytuularossi\\\/_gu3udgu0BZPTzcnU\",\"https:\\\/\\\/www.instagram.com\\\/believebytuularossi\\\/\",\"https:\\\/\\\/www.pinterest.com\\\/believebytuularossi\\\/\"]}]}<\/script>\n<!-- \/ Yoast SEO plugin. -->","yoast_head_json":{"title":"ROSE, Light Pink. Rose Garden tikattu takki, shaalikaulus ja irrotettava huppu, Vaalea Pinkki. &#8211; BELIEVE by tuula rossi","description":"Rose tikattu takki on ylellinen ja siin\u00e4 on naisellinen helma. Rose Garden tikkikangas on eritt\u00e4in upea. Takin muoto imartelee jokaisen naisen vartaloa. Iso shaalikaulus on kaunis. T\u00e4m\u00e4 pitk\u00e4 tyylik\u00e4s takki saa naisen tuntemaan itsens\u00e4 kuningattareksi.","robots":{"index":"index","follow":"follow","max-snippet":"max-snippet:-1","max-image-preview":"max-image-preview:large","max-video-preview":"max-video-preview:-1"},"canonical":"https:\/\/believebytuularossi.com\/fi\/tuote\/rose-garden-tikattu-takki-shaalikaulus-ja-irrotettava-huppu-vaalea-pinkki\/","og_locale":"fi_FI","og_type":"article","og_title":"Ylellinen Beth -takki kuninkaallisessa Purple -v\u00e4riss\u00e4","og_description":"Beth -takki on ylellinen naisten takki unelmanpehme\u00e4ll\u00e4 ekoturkisreunuksella. Takki on naisellinen ja istuu t\u00e4ydellisesti kaikissa koossa.","og_url":"https:\/\/believebytuularossi.com\/fi\/tuote\/rose-garden-tikattu-takki-shaalikaulus-ja-irrotettava-huppu-vaalea-pinkki\/","og_site_name":"BELIEVE by tuula rossi","article_publisher":"https:\/\/www.facebook.com\/believebytuularossi\/_gu3udgu0BZPTzcnU","article_modified_time":"2023-10-17T08:35:55+00:00","og_image":[{"width":1441,"height":2560,"url":"https:\/\/believebytuularossi.com\/wp-content\/uploads\/2021\/12\/P1110347-scaled.jpg","type":"image\/jpeg"}],"twitter_card":"summary_large_image","twitter_title":"Ylellinen Beth -takki kuninkaallisessa Purple -v\u00e4riss\u00e4","twitter_description":"Beth -takki on ylellinen naisten takki unelmanpehme\u00e4ll\u00e4 ekoturkisreunuksella. Takki on naisellinen ja istuu t\u00e4ydellisesti kaikissa koossa.","twitter_image":"https:\/\/believebytuularossi.com\/wp-content\/uploads\/2021\/12\/P1110347-scaled.jpg","schema":{"@context":"https:\/\/schema.org","@graph":[{"@type":"WebPage","@id":"https:\/\/believebytuularossi.com\/fi\/tuote\/rose-garden-tikattu-takki-shaalikaulus-ja-irrotettava-huppu-vaalea-pinkki\/","url":"https:\/\/believebytuularossi.com\/fi\/tuote\/rose-garden-tikattu-takki-shaalikaulus-ja-irrotettava-huppu-vaalea-pinkki\/","name":"ROSE, Light Pink. Rose Garden tikattu takki, shaalikaulus ja irrotettava huppu, Vaalea Pinkki. &#8211; BELIEVE by tuula rossi","isPartOf":{"@id":"https:\/\/believebytuularossi.com\/fi\/#website"},"primaryImageOfPage":{"@id":"https:\/\/believebytuularossi.com\/fi\/tuote\/rose-garden-tikattu-takki-shaalikaulus-ja-irrotettava-huppu-vaalea-pinkki\/#primaryimage"},"image":{"@id":"https:\/\/believebytuularossi.com\/fi\/tuote\/rose-garden-tikattu-takki-shaalikaulus-ja-irrotettava-huppu-vaalea-pinkki\/#primaryimage"},"thumbnailUrl":"https:\/\/believebytuularossi.com\/wp-content\/uploads\/2022\/10\/Rose2-1-scaled.jpg","datePublished":"2022-10-14T10:54:06+00:00","dateModified":"2023-10-17T08:35:55+00:00","description":"Rose tikattu takki on ylellinen ja siin\u00e4 on naisellinen helma. Rose Garden tikkikangas on eritt\u00e4in upea. Takin muoto imartelee jokaisen naisen vartaloa. Iso shaalikaulus on kaunis. T\u00e4m\u00e4 pitk\u00e4 tyylik\u00e4s takki saa naisen tuntemaan itsens\u00e4 kuningattareksi.","breadcrumb":{"@id":"https:\/\/believebytuularossi.com\/fi\/tuote\/rose-garden-tikattu-takki-shaalikaulus-ja-irrotettava-huppu-vaalea-pinkki\/#breadcrumb"},"inLanguage":"fi","potentialAction":[{"@type":"ReadAction","target":["https:\/\/believebytuularossi.com\/fi\/tuote\/rose-garden-tikattu-takki-shaalikaulus-ja-irrotettava-huppu-vaalea-pinkki\/"]}]},{"@type":"ImageObject","inLanguage":"fi","@id":"https:\/\/believebytuularossi.com\/fi\/tuote\/rose-garden-tikattu-takki-shaalikaulus-ja-irrotettava-huppu-vaalea-pinkki\/#primaryimage","url":"https:\/\/believebytuularossi.com\/wp-content\/uploads\/2022\/10\/Rose2-1-scaled.jpg","contentUrl":"https:\/\/believebytuularossi.com\/wp-content\/uploads\/2022\/10\/Rose2-1-scaled.jpg","width":2026,"height":2560},{"@type":"BreadcrumbList","@id":"https:\/\/believebytuularossi.com\/fi\/tuote\/rose-garden-tikattu-takki-shaalikaulus-ja-irrotettava-huppu-vaalea-pinkki\/#breadcrumb","itemListElement":[{"@type":"ListItem","position":1,"name":"Home","item":"https:\/\/believebytuularossi.com\/fi\/"},{"@type":"ListItem","position":2,"name":"Shop","item":"https:\/\/believebytuularossi.com\/shop\/"},{"@type":"ListItem","position":3,"name":"ROSE, Light Pink. Rose Garden tikattu takki, shaalikaulus ja irrotettava huppu, Vaalea Pinkki."}]},{"@type":"WebSite","@id":"https:\/\/believebytuularossi.com\/fi\/#website","url":"https:\/\/believebytuularossi.com\/fi\/","name":"BELIEVE by tuula rossi","description":"A unique, luxurious, original outerwear collection created by passion and love for today\u2019s fashionable woman and her desire for timeless style.          Perfect fit for the modern, feminine woman of any age.","publisher":{"@id":"https:\/\/believebytuularossi.com\/fi\/#organization"},"potentialAction":[{"@type":"SearchAction","target":{"@type":"EntryPoint","urlTemplate":"https:\/\/believebytuularossi.com\/fi\/?s={search_term_string}"},"query-input":{"@type":"PropertyValueSpecification","valueRequired":true,"valueName":"search_term_string"}}],"inLanguage":"fi"},{"@type":"Organization","@id":"https:\/\/believebytuularossi.com\/fi\/#organization","name":"BELIEVE by tuula rossi","url":"https:\/\/believebytuularossi.com\/fi\/","logo":{"@type":"ImageObject","inLanguage":"fi","@id":"https:\/\/believebytuularossi.com\/fi\/#\/schema\/logo\/image\/","url":"https:\/\/believebytuularossi.com\/wp-content\/uploads\/2018\/08\/rossi-logo_new.png","contentUrl":"https:\/\/believebytuularossi.com\/wp-content\/uploads\/2018\/08\/rossi-logo_new.png","width":300,"height":143,"caption":"BELIEVE by tuula rossi"},"image":{"@id":"https:\/\/believebytuularossi.com\/fi\/#\/schema\/logo\/image\/"},"sameAs":["https:\/\/www.facebook.com\/believebytuularossi\/_gu3udgu0BZPTzcnU","https:\/\/www.instagram.com\/believebytuularossi\/","https:\/\/www.pinterest.com\/believebytuularossi\/"]}]}},"_links":{"self":[{"href":"https:\/\/believebytuularossi.com\/fi\/wp-json\/wp\/v2\/product\/17312","targetHints":{"allow":["GET"]}}],"collection":[{"href":"https:\/\/believebytuularossi.com\/fi\/wp-json\/wp\/v2\/product"}],"about":[{"href":"https:\/\/believebytuularossi.com\/fi\/wp-json\/wp\/v2\/types\/product"}],"wp:featuredmedia":[{"embeddable":true,"href":"https:\/\/believebytuularossi.com\/fi\/wp-json\/wp\/v2\/media\/17340"}],"wp:attachment":[{"href":"https:\/\/believebytuularossi.com\/fi\/wp-json\/wp\/v2\/media?parent=17312"}],"wp:term":[{"taxonomy":"product_brand","embeddable":true,"href":"https:\/\/believebytuularossi.com\/fi\/wp-json\/wp\/v2\/product_brand?post=17312"},{"taxonomy":"product_cat","embeddable":true,"href":"https:\/\/believebytuularossi.com\/fi\/wp-json\/wp\/v2\/product_cat?post=17312"},{"taxonomy":"product_tag","embeddable":true,"href":"https:\/\/believebytuularossi.com\/fi\/wp-json\/wp\/v2\/product_tag?post=17312"}],"curies":[{"name":"wp","href":"https:\/\/api.w.org\/{rel}","templated":true}]}}