{"id":17356,"date":"2022-10-14T13:36:26","date_gmt":"2022-10-14T11:36:31","guid":{"rendered":"https:\/\/believebytuularossi.com\/?post_type=product&#038;p=17356"},"modified":"2025-02-04T13:36:07","modified_gmt":"2025-02-04T12:36:07","slug":"isla-purple-naisten-kevyt-tikkitakki-purppuranpunainen","status":"publish","type":"product","link":"https:\/\/believebytuularossi.com\/fi\/tuote\/isla-purple-naisten-kevyt-tikkitakki-purppuranpunainen\/","title":{"rendered":"ISLA Purple -naisten kevyt hupullinen tikkitakki, purpuranpunainen"},"content":{"rendered":"","protected":false},"excerpt":{"rendered":"<p>T\u00e4ss\u00e4 tyylikk\u00e4\u00e4ss\u00e4 ja modernissa p\u00e4\u00e4llystakissa on eritt\u00e4in kaunis naisellinen istuvuus. Tikkikankaan kaunis kuosi on hyvin ainutlaatuinen. Huppu avautuu isoksi kaulukseksi piilovetoketjulla. Piilopainonepparit toimivat kiinnityksen\u00e4 edess\u00e4. ISLA -takki on hyvin kevyt ja t\u00e4ydellinen valinta hienostuneeseen, ajattomaan lookiin.<\/p>\n<p>Taskuissa on kaunis kaksisuuntainen hopeanv\u00e4rinen vetoketju. T\u00e4ydellisen leikkauksen ansiosta voit tuntea olosi mukavaksi ja n\u00e4ytt\u00e4\u00e4 hyv\u00e4lt\u00e4 koostasi riippumatta!<\/p>\n<p>ISLA Flower -tikatun takin hihan pituus on hieman tavallista pidempi. Joustavat hihansuut takaavat t\u00e4ydellisen pituuden kaikille. Hihoissa on raikkaan keltainen vuori, joka on yksi BELIEVE by tuula rossi -muotimerkin erityispiirteist\u00e4.<\/p>\n","protected":false},"featured_media":18156,"template":"","meta":{"_acf_changed":false},"product_brand":[],"product_cat":[131],"product_tag":[],"class_list":{"0":"post-17356","1":"product","2":"type-product","3":"status-publish","4":"has-post-thumbnail","6":"product_cat-kevattakit-kesatakit-valisesonkitakit","7":"pa_ewd_uwcf_colors-purple","8":"pa_ewd_uwcf_sizes-206","9":"pa_ewd_uwcf_sizes-181","10":"pa_ewd_uwcf_sizes-183","11":"pa_ewd_uwcf_sizes-185","12":"pa_ewd_uwcf_sizes-187","13":"pa_ewd_uwcf_sizes-189","14":"pa_ewd_uwcf_sizes-191","15":"pa_ewd_uwcf_sizes-193","16":"pa_ewd_uwcf_sizes-200","17":"pa_ewd_uwcf_sizes-202","18":"pa_ewd_uwcf_sizes-204","19":"pa_size-34-fi","20":"pa_size-36-fi","21":"pa_size-38-fi","22":"pa_size-40-fi","23":"pa_size-42-fi","24":"pa_size-44-fi","25":"pa_size-46-fi","26":"pa_size-48-fi","27":"pa_size-50-fi","28":"pa_size-52-fi","29":"pa_size-54-fi","30":"product_color-purple-fi","31":"product_size-34-fi","32":"product_size-36-fi","33":"product_size-38-fi","34":"product_size-40-fi","35":"product_size-42-fi","36":"product_size-44-fi","37":"product_size-46-fi","38":"product_size-48-fi","39":"product_size-50-fi","40":"product_size-52-fi","41":"product_size-54-fi","43":"first","44":"instock","45":"taxable","46":"shipping-taxable","47":"purchasable","48":"product-type-variable"},"acf":[],"yoast_head":"<!-- This site is optimized with the Yoast SEO plugin v27.3 - https:\/\/yoast.com\/product\/yoast-seo-wordpress\/ -->\n<title>Kevyt hupullinen tikkitakki Isla kuninkaallisessa purppura v\u00e4riss\u00e4<\/title>\n<meta name=\"description\" content=\"Kevyt hupullinen tikkitakki Isla Purple on kaunis ja kevyt naisten tikattu takki ajattomalla ja modernilla ilmeell\u00e4. Isla takki on ihana purppuranpunaisena!\" \/>\n<meta name=\"robots\" content=\"index, follow, max-snippet:-1, max-image-preview:large, max-video-preview:-1\" \/>\n<link rel=\"canonical\" href=\"https:\/\/believebytuularossi.com\/fi\/tuote\/isla-purple-naisten-kevyt-tikkitakki-purppuranpunainen\/\" \/>\n<meta property=\"og:locale\" content=\"fi_FI\" \/>\n<meta property=\"og:type\" content=\"article\" \/>\n<meta property=\"og:title\" content=\"Isla purple hupullinen kevyt naisten tikkitakki kuninkaallisessa purppuranpunaisessa v\u00e4riss\u00e4\" \/>\n<meta property=\"og:description\" content=\"Kevyt hupullinen tikkitakki Isla Purple on kaunis ja kevyt naisten tikattu takki ajattomalla ja modernilla ilmeell\u00e4. Isla takki on ihana purppuranpunaisena!\" \/>\n<meta property=\"og:url\" content=\"https:\/\/believebytuularossi.com\/fi\/tuote\/isla-purple-naisten-kevyt-tikkitakki-purppuranpunainen\/\" \/>\n<meta property=\"og:site_name\" content=\"BELIEVE by tuula rossi\" \/>\n<meta property=\"article:publisher\" content=\"https:\/\/www.facebook.com\/believebytuularossi\/_gu3udgu0BZPTzcnU\" \/>\n<meta property=\"article:modified_time\" content=\"2025-02-04T12:36:07+00:00\" \/>\n<meta property=\"og:image\" content=\"https:\/\/believebytuularossi.com\/wp-content\/uploads\/2023\/02\/PDV5294-scaled.jpg\" \/>\n\t<meta property=\"og:image:width\" content=\"1707\" \/>\n\t<meta property=\"og:image:height\" content=\"2560\" \/>\n\t<meta property=\"og:image:type\" content=\"image\/jpeg\" \/>\n<meta name=\"twitter:card\" content=\"summary_large_image\" \/>\n<meta name=\"twitter:title\" content=\"Isla purple hupullinen kevyt naisten tikkitakki kuninkaallisessa purppuranpunaisessa v\u00e4riss\u00e4\" \/>\n<meta name=\"twitter:description\" content=\"Kevyt hupullinen tikkitakki Isla Purple on kaunis ja kevyt naisten tikattu takki ajattomalla ja modernilla ilmeell\u00e4. Isla takki on ihana purppuranpunaisena!\" \/>\n<meta name=\"twitter:image\" content=\"https:\/\/believebytuularossi.com\/wp-content\/uploads\/2023\/02\/PDV5294-scaled.jpg\" \/>\n<meta name=\"twitter:label1\" content=\"Arvioitu lukuaika\" \/>\n\t<meta name=\"twitter:data1\" content=\"1 minuutti\" \/>\n<script type=\"application\/ld+json\" class=\"yoast-schema-graph\">{\"@context\":\"https:\\\/\\\/schema.org\",\"@graph\":[{\"@type\":\"WebPage\",\"@id\":\"https:\\\/\\\/believebytuularossi.com\\\/fi\\\/tuote\\\/isla-purple-naisten-kevyt-tikkitakki-purppuranpunainen\\\/\",\"url\":\"https:\\\/\\\/believebytuularossi.com\\\/fi\\\/tuote\\\/isla-purple-naisten-kevyt-tikkitakki-purppuranpunainen\\\/\",\"name\":\"Kevyt hupullinen tikkitakki Isla kuninkaallisessa purppura v\u00e4riss\u00e4\",\"isPartOf\":{\"@id\":\"https:\\\/\\\/believebytuularossi.com\\\/fi\\\/#website\"},\"primaryImageOfPage\":{\"@id\":\"https:\\\/\\\/believebytuularossi.com\\\/fi\\\/tuote\\\/isla-purple-naisten-kevyt-tikkitakki-purppuranpunainen\\\/#primaryimage\"},\"image\":{\"@id\":\"https:\\\/\\\/believebytuularossi.com\\\/fi\\\/tuote\\\/isla-purple-naisten-kevyt-tikkitakki-purppuranpunainen\\\/#primaryimage\"},\"thumbnailUrl\":\"https:\\\/\\\/believebytuularossi.com\\\/wp-content\\\/uploads\\\/2023\\\/02\\\/PDV5331-scaled.jpg\",\"datePublished\":\"2022-10-14T11:36:31+00:00\",\"dateModified\":\"2025-02-04T12:36:07+00:00\",\"description\":\"Kevyt hupullinen tikkitakki Isla Purple on kaunis ja kevyt naisten tikattu takki ajattomalla ja modernilla ilmeell\u00e4. Isla takki on ihana purppuranpunaisena!\",\"breadcrumb\":{\"@id\":\"https:\\\/\\\/believebytuularossi.com\\\/fi\\\/tuote\\\/isla-purple-naisten-kevyt-tikkitakki-purppuranpunainen\\\/#breadcrumb\"},\"inLanguage\":\"fi\",\"potentialAction\":[{\"@type\":\"ReadAction\",\"target\":[\"https:\\\/\\\/believebytuularossi.com\\\/fi\\\/tuote\\\/isla-purple-naisten-kevyt-tikkitakki-purppuranpunainen\\\/\"]}]},{\"@type\":\"ImageObject\",\"inLanguage\":\"fi\",\"@id\":\"https:\\\/\\\/believebytuularossi.com\\\/fi\\\/tuote\\\/isla-purple-naisten-kevyt-tikkitakki-purppuranpunainen\\\/#primaryimage\",\"url\":\"https:\\\/\\\/believebytuularossi.com\\\/wp-content\\\/uploads\\\/2023\\\/02\\\/PDV5331-scaled.jpg\",\"contentUrl\":\"https:\\\/\\\/believebytuularossi.com\\\/wp-content\\\/uploads\\\/2023\\\/02\\\/PDV5331-scaled.jpg\",\"width\":1706,\"height\":2560,\"caption\":\"Isla purple hooded light jacket\"},{\"@type\":\"BreadcrumbList\",\"@id\":\"https:\\\/\\\/believebytuularossi.com\\\/fi\\\/tuote\\\/isla-purple-naisten-kevyt-tikkitakki-purppuranpunainen\\\/#breadcrumb\",\"itemListElement\":[{\"@type\":\"ListItem\",\"position\":1,\"name\":\"Home\",\"item\":\"https:\\\/\\\/believebytuularossi.com\\\/fi\\\/\"},{\"@type\":\"ListItem\",\"position\":2,\"name\":\"Shop\",\"item\":\"https:\\\/\\\/believebytuularossi.com\\\/shop\\\/\"},{\"@type\":\"ListItem\",\"position\":3,\"name\":\"ISLA Purple -naisten kevyt hupullinen tikkitakki, purpuranpunainen\"}]},{\"@type\":\"WebSite\",\"@id\":\"https:\\\/\\\/believebytuularossi.com\\\/fi\\\/#website\",\"url\":\"https:\\\/\\\/believebytuularossi.com\\\/fi\\\/\",\"name\":\"BELIEVE by tuula rossi\",\"description\":\"A unique, luxurious, original outerwear collection created by passion and love for today\u2019s fashionable woman and her desire for timeless style.          Perfect fit for the modern, feminine woman of any age.\",\"publisher\":{\"@id\":\"https:\\\/\\\/believebytuularossi.com\\\/fi\\\/#organization\"},\"potentialAction\":[{\"@type\":\"SearchAction\",\"target\":{\"@type\":\"EntryPoint\",\"urlTemplate\":\"https:\\\/\\\/believebytuularossi.com\\\/fi\\\/?s={search_term_string}\"},\"query-input\":{\"@type\":\"PropertyValueSpecification\",\"valueRequired\":true,\"valueName\":\"search_term_string\"}}],\"inLanguage\":\"fi\"},{\"@type\":\"Organization\",\"@id\":\"https:\\\/\\\/believebytuularossi.com\\\/fi\\\/#organization\",\"name\":\"BELIEVE by tuula rossi\",\"url\":\"https:\\\/\\\/believebytuularossi.com\\\/fi\\\/\",\"logo\":{\"@type\":\"ImageObject\",\"inLanguage\":\"fi\",\"@id\":\"https:\\\/\\\/believebytuularossi.com\\\/fi\\\/#\\\/schema\\\/logo\\\/image\\\/\",\"url\":\"https:\\\/\\\/believebytuularossi.com\\\/wp-content\\\/uploads\\\/2018\\\/08\\\/rossi-logo_new.png\",\"contentUrl\":\"https:\\\/\\\/believebytuularossi.com\\\/wp-content\\\/uploads\\\/2018\\\/08\\\/rossi-logo_new.png\",\"width\":300,\"height\":143,\"caption\":\"BELIEVE by tuula rossi\"},\"image\":{\"@id\":\"https:\\\/\\\/believebytuularossi.com\\\/fi\\\/#\\\/schema\\\/logo\\\/image\\\/\"},\"sameAs\":[\"https:\\\/\\\/www.facebook.com\\\/believebytuularossi\\\/_gu3udgu0BZPTzcnU\",\"https:\\\/\\\/www.instagram.com\\\/believebytuularossi\\\/\",\"https:\\\/\\\/www.pinterest.com\\\/believebytuularossi\\\/\"]}]}<\/script>\n<!-- \/ Yoast SEO plugin. -->","yoast_head_json":{"title":"Kevyt hupullinen tikkitakki Isla kuninkaallisessa purppura v\u00e4riss\u00e4","description":"Kevyt hupullinen tikkitakki Isla Purple on kaunis ja kevyt naisten tikattu takki ajattomalla ja modernilla ilmeell\u00e4. Isla takki on ihana purppuranpunaisena!","robots":{"index":"index","follow":"follow","max-snippet":"max-snippet:-1","max-image-preview":"max-image-preview:large","max-video-preview":"max-video-preview:-1"},"canonical":"https:\/\/believebytuularossi.com\/fi\/tuote\/isla-purple-naisten-kevyt-tikkitakki-purppuranpunainen\/","og_locale":"fi_FI","og_type":"article","og_title":"Isla purple hupullinen kevyt naisten tikkitakki kuninkaallisessa purppuranpunaisessa v\u00e4riss\u00e4","og_description":"Kevyt hupullinen tikkitakki Isla Purple on kaunis ja kevyt naisten tikattu takki ajattomalla ja modernilla ilmeell\u00e4. Isla takki on ihana purppuranpunaisena!","og_url":"https:\/\/believebytuularossi.com\/fi\/tuote\/isla-purple-naisten-kevyt-tikkitakki-purppuranpunainen\/","og_site_name":"BELIEVE by tuula rossi","article_publisher":"https:\/\/www.facebook.com\/believebytuularossi\/_gu3udgu0BZPTzcnU","article_modified_time":"2025-02-04T12:36:07+00:00","og_image":[{"width":1707,"height":2560,"url":"https:\/\/believebytuularossi.com\/wp-content\/uploads\/2023\/02\/PDV5294-scaled.jpg","type":"image\/jpeg"}],"twitter_card":"summary_large_image","twitter_title":"Isla purple hupullinen kevyt naisten tikkitakki kuninkaallisessa purppuranpunaisessa v\u00e4riss\u00e4","twitter_description":"Kevyt hupullinen tikkitakki Isla Purple on kaunis ja kevyt naisten tikattu takki ajattomalla ja modernilla ilmeell\u00e4. Isla takki on ihana purppuranpunaisena!","twitter_image":"https:\/\/believebytuularossi.com\/wp-content\/uploads\/2023\/02\/PDV5294-scaled.jpg","twitter_misc":{"Arvioitu lukuaika":"1 minuutti"},"schema":{"@context":"https:\/\/schema.org","@graph":[{"@type":"WebPage","@id":"https:\/\/believebytuularossi.com\/fi\/tuote\/isla-purple-naisten-kevyt-tikkitakki-purppuranpunainen\/","url":"https:\/\/believebytuularossi.com\/fi\/tuote\/isla-purple-naisten-kevyt-tikkitakki-purppuranpunainen\/","name":"Kevyt hupullinen tikkitakki Isla kuninkaallisessa purppura v\u00e4riss\u00e4","isPartOf":{"@id":"https:\/\/believebytuularossi.com\/fi\/#website"},"primaryImageOfPage":{"@id":"https:\/\/believebytuularossi.com\/fi\/tuote\/isla-purple-naisten-kevyt-tikkitakki-purppuranpunainen\/#primaryimage"},"image":{"@id":"https:\/\/believebytuularossi.com\/fi\/tuote\/isla-purple-naisten-kevyt-tikkitakki-purppuranpunainen\/#primaryimage"},"thumbnailUrl":"https:\/\/believebytuularossi.com\/wp-content\/uploads\/2023\/02\/PDV5331-scaled.jpg","datePublished":"2022-10-14T11:36:31+00:00","dateModified":"2025-02-04T12:36:07+00:00","description":"Kevyt hupullinen tikkitakki Isla Purple on kaunis ja kevyt naisten tikattu takki ajattomalla ja modernilla ilmeell\u00e4. Isla takki on ihana purppuranpunaisena!","breadcrumb":{"@id":"https:\/\/believebytuularossi.com\/fi\/tuote\/isla-purple-naisten-kevyt-tikkitakki-purppuranpunainen\/#breadcrumb"},"inLanguage":"fi","potentialAction":[{"@type":"ReadAction","target":["https:\/\/believebytuularossi.com\/fi\/tuote\/isla-purple-naisten-kevyt-tikkitakki-purppuranpunainen\/"]}]},{"@type":"ImageObject","inLanguage":"fi","@id":"https:\/\/believebytuularossi.com\/fi\/tuote\/isla-purple-naisten-kevyt-tikkitakki-purppuranpunainen\/#primaryimage","url":"https:\/\/believebytuularossi.com\/wp-content\/uploads\/2023\/02\/PDV5331-scaled.jpg","contentUrl":"https:\/\/believebytuularossi.com\/wp-content\/uploads\/2023\/02\/PDV5331-scaled.jpg","width":1706,"height":2560,"caption":"Isla purple hooded light jacket"},{"@type":"BreadcrumbList","@id":"https:\/\/believebytuularossi.com\/fi\/tuote\/isla-purple-naisten-kevyt-tikkitakki-purppuranpunainen\/#breadcrumb","itemListElement":[{"@type":"ListItem","position":1,"name":"Home","item":"https:\/\/believebytuularossi.com\/fi\/"},{"@type":"ListItem","position":2,"name":"Shop","item":"https:\/\/believebytuularossi.com\/shop\/"},{"@type":"ListItem","position":3,"name":"ISLA Purple -naisten kevyt hupullinen tikkitakki, purpuranpunainen"}]},{"@type":"WebSite","@id":"https:\/\/believebytuularossi.com\/fi\/#website","url":"https:\/\/believebytuularossi.com\/fi\/","name":"BELIEVE by tuula rossi","description":"A unique, luxurious, original outerwear collection created by passion and love for today\u2019s fashionable woman and her desire for timeless style.          Perfect fit for the modern, feminine woman of any age.","publisher":{"@id":"https:\/\/believebytuularossi.com\/fi\/#organization"},"potentialAction":[{"@type":"SearchAction","target":{"@type":"EntryPoint","urlTemplate":"https:\/\/believebytuularossi.com\/fi\/?s={search_term_string}"},"query-input":{"@type":"PropertyValueSpecification","valueRequired":true,"valueName":"search_term_string"}}],"inLanguage":"fi"},{"@type":"Organization","@id":"https:\/\/believebytuularossi.com\/fi\/#organization","name":"BELIEVE by tuula rossi","url":"https:\/\/believebytuularossi.com\/fi\/","logo":{"@type":"ImageObject","inLanguage":"fi","@id":"https:\/\/believebytuularossi.com\/fi\/#\/schema\/logo\/image\/","url":"https:\/\/believebytuularossi.com\/wp-content\/uploads\/2018\/08\/rossi-logo_new.png","contentUrl":"https:\/\/believebytuularossi.com\/wp-content\/uploads\/2018\/08\/rossi-logo_new.png","width":300,"height":143,"caption":"BELIEVE by tuula rossi"},"image":{"@id":"https:\/\/believebytuularossi.com\/fi\/#\/schema\/logo\/image\/"},"sameAs":["https:\/\/www.facebook.com\/believebytuularossi\/_gu3udgu0BZPTzcnU","https:\/\/www.instagram.com\/believebytuularossi\/","https:\/\/www.pinterest.com\/believebytuularossi\/"]}]}},"_links":{"self":[{"href":"https:\/\/believebytuularossi.com\/fi\/wp-json\/wp\/v2\/product\/17356","targetHints":{"allow":["GET"]}}],"collection":[{"href":"https:\/\/believebytuularossi.com\/fi\/wp-json\/wp\/v2\/product"}],"about":[{"href":"https:\/\/believebytuularossi.com\/fi\/wp-json\/wp\/v2\/types\/product"}],"wp:featuredmedia":[{"embeddable":true,"href":"https:\/\/believebytuularossi.com\/fi\/wp-json\/wp\/v2\/media\/18156"}],"wp:attachment":[{"href":"https:\/\/believebytuularossi.com\/fi\/wp-json\/wp\/v2\/media?parent=17356"}],"wp:term":[{"taxonomy":"product_brand","embeddable":true,"href":"https:\/\/believebytuularossi.com\/fi\/wp-json\/wp\/v2\/product_brand?post=17356"},{"taxonomy":"product_cat","embeddable":true,"href":"https:\/\/believebytuularossi.com\/fi\/wp-json\/wp\/v2\/product_cat?post=17356"},{"taxonomy":"product_tag","embeddable":true,"href":"https:\/\/believebytuularossi.com\/fi\/wp-json\/wp\/v2\/product_tag?post=17356"}],"curies":[{"name":"wp","href":"https:\/\/api.w.org\/{rel}","templated":true}]}}