{"id":17407,"date":"2022-10-20T13:03:38","date_gmt":"2022-10-20T11:03:43","guid":{"rendered":"https:\/\/believebytuularossi.com\/?post_type=product&#038;p=17407"},"modified":"2025-01-30T03:16:31","modified_gmt":"2025-01-30T02:16:31","slug":"rose-black-rose-garden-tikattu-takki-shaalikaulus-ja-irrotettava-huppu-musta","status":"publish","type":"product","link":"https:\/\/believebytuularossi.com\/fi\/tuote\/rose-black-rose-garden-tikattu-takki-shaalikaulus-ja-irrotettava-huppu-musta\/","title":{"rendered":"ROSE Black Rose Garden -pitk\u00e4 tikattu takki shaalikauluksella ja irrotettavalla hupulla, musta"},"content":{"rendered":"","protected":false},"excerpt":{"rendered":"<div class=\"product-short-description\">\n<p>Ihastut t\u00e4h\u00e4n super eleganttiin mustaan pitk\u00e4\u00e4n takkiin! Tyylik\u00e4s, naisellinen muoto saa sinut tuntemaan olosi kuningattareksi. T\u00e4m\u00e4 tyylik\u00e4s, ylellinen takki on valmistettu upeasta Rose Garden -tikkikankaasta. Materiaali on vett\u00e4 hylkiv\u00e4\u00e4 ja hengitt\u00e4v\u00e4\u00e4. Upea iso shaalikaulus ja irrotettava huppu suojaavat sinua tuulelta. Kaulus ja naisellinen, leve\u00e4 helma ovat s\u00e4\u00e4dett\u00e4v\u00e4t joustavalla nauhalla. Kaunis 2-suuntainen vetoketju ja piilotetut painonapit sulkevat takin. Taskut avautuvat 2-suuntaisilla vetoketjuilla.<\/p>\n<p>Upea ROSE-takki imartelee vartaloasi kaikissa ko\u2019oissa ja se on suunniteltu istumaan t\u00e4ydellisesti jokaisen naisen p\u00e4\u00e4lle.<\/p>\n<p>T\u00e4m\u00e4 ihana katseenvangitsija ja kauniisti istuva ROSE-takki n\u00e4ytt\u00e4\u00e4 upealta p\u00e4\u00e4ll\u00e4si! Rose pitk\u00e4 tikattu takki on saatavilla my\u00f6s <a href=\"https:\/\/believebytuularossi.com\/fi\/tuote\/rose-garden-tikattu-takki-shaalikaulus-ja-irrotettava-huppu-vaalea-pinkki\/\">vaaleanpunaisena<\/a> ja <a href=\"https:\/\/believebytuularossi.com\/fi\/tuote\/rose-golden-bronze-rose-garden-pitka-tikattu-takki-shaalikauluksella-ja-irrotettavalla-hupulla-kultainen-pronssi\/\">kultaisen pronssin v\u00e4risen\u00e4<\/a>.<\/p>\n<p>ROSE Tikatun takin hihan pituus on hieman tavallista pidempi. Joustavat hihansuut takaavat t\u00e4ydellisen pituuden kaikille.<\/p>\n<\/div>\n","protected":false},"featured_media":18042,"template":"","meta":{"_acf_changed":false},"product_brand":[],"product_cat":[130,129],"product_tag":[],"class_list":{"0":"post-17407","1":"product","2":"type-product","3":"status-publish","4":"has-post-thumbnail","6":"product_cat-syksytakit-talvitakit","7":"product_cat-takit-jakut-koot-34-54","8":"pa_ewd_uwcf_colors-musta","9":"pa_ewd_uwcf_sizes-34-fi","10":"pa_ewd_uwcf_sizes-36-fi","11":"pa_ewd_uwcf_sizes-38-fi","12":"pa_ewd_uwcf_sizes-40-fi","13":"pa_ewd_uwcf_sizes-42-fi","14":"pa_ewd_uwcf_sizes-44-fi","15":"pa_ewd_uwcf_sizes-46-fi","16":"pa_ewd_uwcf_sizes-48-fi","17":"pa_ewd_uwcf_sizes-50-fi","18":"pa_ewd_uwcf_sizes-52-fi","19":"pa_ewd_uwcf_sizes-54-fi","20":"pa_size-34-fi","21":"pa_size-36-fi","22":"pa_size-38-fi","23":"pa_size-40-fi","24":"pa_size-42-fi","25":"pa_size-44-fi","26":"pa_size-46-fi","27":"pa_size-48-fi","28":"pa_size-50-fi","29":"pa_size-52-fi","30":"pa_size-54-fi","31":"product_color-black-fi","32":"product_size-34-fi","33":"product_size-36-fi","34":"product_size-38-fi","35":"product_size-40-fi","36":"product_size-42-fi","37":"product_size-44-fi","38":"product_size-46-fi","39":"product_size-48-fi","40":"product_size-50-fi","41":"product_size-52-fi","42":"product_size-54-fi","44":"first","45":"instock","46":"taxable","47":"shipping-taxable","48":"purchasable","49":"product-type-variable"},"acf":[],"yoast_head":"<!-- This site is optimized with the Yoast SEO plugin v27.3 - https:\/\/yoast.com\/product\/yoast-seo-wordpress\/ -->\n<title>Musta pitk\u00e4 tikattu takki Rose on oodi naisellisuudelle<\/title>\n<meta name=\"description\" content=\"Musta pitk\u00e4 tikattu takki Rose on ylellinen ja tyylik\u00e4s naisellisella helmallaan ja upealla shaalikauluksellaan. Takin muoto imartelee vartaloasi upeasti.\" \/>\n<meta name=\"robots\" content=\"index, follow, max-snippet:-1, max-image-preview:large, max-video-preview:-1\" \/>\n<link rel=\"canonical\" href=\"https:\/\/believebytuularossi.com\/fi\/tuote\/rose-black-rose-garden-tikattu-takki-shaalikaulus-ja-irrotettava-huppu-musta\/\" \/>\n<meta property=\"og:locale\" content=\"fi_FI\" \/>\n<meta property=\"og:type\" content=\"article\" \/>\n<meta property=\"og:title\" content=\"Musta pitk\u00e4 tikattu takki Rose on oodi naisellisuudelle\" \/>\n<meta property=\"og:description\" content=\"Musta pitk\u00e4 tikattu takki Rose on ylellinen ja tyylik\u00e4s naisellisella helmallaan ja upealla shaalikauluksellaan. Takin muoto imartelee vartaloasi upeasti.\" \/>\n<meta property=\"og:url\" content=\"https:\/\/believebytuularossi.com\/fi\/tuote\/rose-black-rose-garden-tikattu-takki-shaalikaulus-ja-irrotettava-huppu-musta\/\" \/>\n<meta property=\"og:site_name\" content=\"BELIEVE by tuula rossi\" \/>\n<meta property=\"article:publisher\" content=\"https:\/\/www.facebook.com\/believebytuularossi\/_gu3udgu0BZPTzcnU\" \/>\n<meta property=\"article:modified_time\" content=\"2025-01-30T02:16:31+00:00\" \/>\n<meta property=\"og:image\" content=\"https:\/\/believebytuularossi.com\/wp-content\/uploads\/2023\/02\/PDV4467-scaled.jpg\" \/>\n\t<meta property=\"og:image:width\" content=\"1704\" \/>\n\t<meta property=\"og:image:height\" content=\"2560\" \/>\n\t<meta property=\"og:image:type\" content=\"image\/jpeg\" \/>\n<meta name=\"twitter:card\" content=\"summary_large_image\" \/>\n<meta name=\"twitter:title\" content=\"Musta pitk\u00e4 tikattu takki Rose on oodi naisellisuudelle\" \/>\n<meta name=\"twitter:description\" content=\"Musta pitk\u00e4 tikattu takki Rose on ylellinen ja tyylik\u00e4s naisellisella helmallaan ja upealla shaalikauluksellaan. Takin muoto imartelee vartaloasi upeasti.\" \/>\n<meta name=\"twitter:image\" content=\"https:\/\/believebytuularossi.com\/wp-content\/uploads\/2023\/02\/PDV4467-scaled.jpg\" \/>\n<meta name=\"twitter:label1\" content=\"Arvioitu lukuaika\" \/>\n\t<meta name=\"twitter:data1\" content=\"1 minuutti\" \/>\n<script type=\"application\/ld+json\" class=\"yoast-schema-graph\">{\"@context\":\"https:\\\/\\\/schema.org\",\"@graph\":[{\"@type\":\"WebPage\",\"@id\":\"https:\\\/\\\/believebytuularossi.com\\\/fi\\\/tuote\\\/rose-black-rose-garden-tikattu-takki-shaalikaulus-ja-irrotettava-huppu-musta\\\/\",\"url\":\"https:\\\/\\\/believebytuularossi.com\\\/fi\\\/tuote\\\/rose-black-rose-garden-tikattu-takki-shaalikaulus-ja-irrotettava-huppu-musta\\\/\",\"name\":\"Musta pitk\u00e4 tikattu takki Rose on oodi naisellisuudelle\",\"isPartOf\":{\"@id\":\"https:\\\/\\\/believebytuularossi.com\\\/fi\\\/#website\"},\"primaryImageOfPage\":{\"@id\":\"https:\\\/\\\/believebytuularossi.com\\\/fi\\\/tuote\\\/rose-black-rose-garden-tikattu-takki-shaalikaulus-ja-irrotettava-huppu-musta\\\/#primaryimage\"},\"image\":{\"@id\":\"https:\\\/\\\/believebytuularossi.com\\\/fi\\\/tuote\\\/rose-black-rose-garden-tikattu-takki-shaalikaulus-ja-irrotettava-huppu-musta\\\/#primaryimage\"},\"thumbnailUrl\":\"https:\\\/\\\/believebytuularossi.com\\\/wp-content\\\/uploads\\\/2023\\\/02\\\/PDV4432-scaled.jpg\",\"datePublished\":\"2022-10-20T11:03:43+00:00\",\"dateModified\":\"2025-01-30T02:16:31+00:00\",\"description\":\"Musta pitk\u00e4 tikattu takki Rose on ylellinen ja tyylik\u00e4s naisellisella helmallaan ja upealla shaalikauluksellaan. Takin muoto imartelee vartaloasi upeasti.\",\"breadcrumb\":{\"@id\":\"https:\\\/\\\/believebytuularossi.com\\\/fi\\\/tuote\\\/rose-black-rose-garden-tikattu-takki-shaalikaulus-ja-irrotettava-huppu-musta\\\/#breadcrumb\"},\"inLanguage\":\"fi\",\"potentialAction\":[{\"@type\":\"ReadAction\",\"target\":[\"https:\\\/\\\/believebytuularossi.com\\\/fi\\\/tuote\\\/rose-black-rose-garden-tikattu-takki-shaalikaulus-ja-irrotettava-huppu-musta\\\/\"]}]},{\"@type\":\"ImageObject\",\"inLanguage\":\"fi\",\"@id\":\"https:\\\/\\\/believebytuularossi.com\\\/fi\\\/tuote\\\/rose-black-rose-garden-tikattu-takki-shaalikaulus-ja-irrotettava-huppu-musta\\\/#primaryimage\",\"url\":\"https:\\\/\\\/believebytuularossi.com\\\/wp-content\\\/uploads\\\/2023\\\/02\\\/PDV4432-scaled.jpg\",\"contentUrl\":\"https:\\\/\\\/believebytuularossi.com\\\/wp-content\\\/uploads\\\/2023\\\/02\\\/PDV4432-scaled.jpg\",\"width\":1704,\"height\":2560,\"caption\":\"Black Rose\"},{\"@type\":\"BreadcrumbList\",\"@id\":\"https:\\\/\\\/believebytuularossi.com\\\/fi\\\/tuote\\\/rose-black-rose-garden-tikattu-takki-shaalikaulus-ja-irrotettava-huppu-musta\\\/#breadcrumb\",\"itemListElement\":[{\"@type\":\"ListItem\",\"position\":1,\"name\":\"Home\",\"item\":\"https:\\\/\\\/believebytuularossi.com\\\/fi\\\/\"},{\"@type\":\"ListItem\",\"position\":2,\"name\":\"Shop\",\"item\":\"https:\\\/\\\/believebytuularossi.com\\\/shop\\\/\"},{\"@type\":\"ListItem\",\"position\":3,\"name\":\"ROSE Black Rose Garden -pitk\u00e4 tikattu takki shaalikauluksella ja irrotettavalla hupulla, musta\"}]},{\"@type\":\"WebSite\",\"@id\":\"https:\\\/\\\/believebytuularossi.com\\\/fi\\\/#website\",\"url\":\"https:\\\/\\\/believebytuularossi.com\\\/fi\\\/\",\"name\":\"BELIEVE by tuula rossi\",\"description\":\"A unique, luxurious, original outerwear collection created by passion and love for today\u2019s fashionable woman and her desire for timeless style.          Perfect fit for the modern, feminine woman of any age.\",\"publisher\":{\"@id\":\"https:\\\/\\\/believebytuularossi.com\\\/fi\\\/#organization\"},\"potentialAction\":[{\"@type\":\"SearchAction\",\"target\":{\"@type\":\"EntryPoint\",\"urlTemplate\":\"https:\\\/\\\/believebytuularossi.com\\\/fi\\\/?s={search_term_string}\"},\"query-input\":{\"@type\":\"PropertyValueSpecification\",\"valueRequired\":true,\"valueName\":\"search_term_string\"}}],\"inLanguage\":\"fi\"},{\"@type\":\"Organization\",\"@id\":\"https:\\\/\\\/believebytuularossi.com\\\/fi\\\/#organization\",\"name\":\"BELIEVE by tuula rossi\",\"url\":\"https:\\\/\\\/believebytuularossi.com\\\/fi\\\/\",\"logo\":{\"@type\":\"ImageObject\",\"inLanguage\":\"fi\",\"@id\":\"https:\\\/\\\/believebytuularossi.com\\\/fi\\\/#\\\/schema\\\/logo\\\/image\\\/\",\"url\":\"https:\\\/\\\/believebytuularossi.com\\\/wp-content\\\/uploads\\\/2018\\\/08\\\/rossi-logo_new.png\",\"contentUrl\":\"https:\\\/\\\/believebytuularossi.com\\\/wp-content\\\/uploads\\\/2018\\\/08\\\/rossi-logo_new.png\",\"width\":300,\"height\":143,\"caption\":\"BELIEVE by tuula rossi\"},\"image\":{\"@id\":\"https:\\\/\\\/believebytuularossi.com\\\/fi\\\/#\\\/schema\\\/logo\\\/image\\\/\"},\"sameAs\":[\"https:\\\/\\\/www.facebook.com\\\/believebytuularossi\\\/_gu3udgu0BZPTzcnU\",\"https:\\\/\\\/www.instagram.com\\\/believebytuularossi\\\/\",\"https:\\\/\\\/www.pinterest.com\\\/believebytuularossi\\\/\"]}]}<\/script>\n<!-- \/ Yoast SEO plugin. -->","yoast_head_json":{"title":"Musta pitk\u00e4 tikattu takki Rose on oodi naisellisuudelle","description":"Musta pitk\u00e4 tikattu takki Rose on ylellinen ja tyylik\u00e4s naisellisella helmallaan ja upealla shaalikauluksellaan. Takin muoto imartelee vartaloasi upeasti.","robots":{"index":"index","follow":"follow","max-snippet":"max-snippet:-1","max-image-preview":"max-image-preview:large","max-video-preview":"max-video-preview:-1"},"canonical":"https:\/\/believebytuularossi.com\/fi\/tuote\/rose-black-rose-garden-tikattu-takki-shaalikaulus-ja-irrotettava-huppu-musta\/","og_locale":"fi_FI","og_type":"article","og_title":"Musta pitk\u00e4 tikattu takki Rose on oodi naisellisuudelle","og_description":"Musta pitk\u00e4 tikattu takki Rose on ylellinen ja tyylik\u00e4s naisellisella helmallaan ja upealla shaalikauluksellaan. Takin muoto imartelee vartaloasi upeasti.","og_url":"https:\/\/believebytuularossi.com\/fi\/tuote\/rose-black-rose-garden-tikattu-takki-shaalikaulus-ja-irrotettava-huppu-musta\/","og_site_name":"BELIEVE by tuula rossi","article_publisher":"https:\/\/www.facebook.com\/believebytuularossi\/_gu3udgu0BZPTzcnU","article_modified_time":"2025-01-30T02:16:31+00:00","og_image":[{"width":1704,"height":2560,"url":"https:\/\/believebytuularossi.com\/wp-content\/uploads\/2023\/02\/PDV4467-scaled.jpg","type":"image\/jpeg"}],"twitter_card":"summary_large_image","twitter_title":"Musta pitk\u00e4 tikattu takki Rose on oodi naisellisuudelle","twitter_description":"Musta pitk\u00e4 tikattu takki Rose on ylellinen ja tyylik\u00e4s naisellisella helmallaan ja upealla shaalikauluksellaan. Takin muoto imartelee vartaloasi upeasti.","twitter_image":"https:\/\/believebytuularossi.com\/wp-content\/uploads\/2023\/02\/PDV4467-scaled.jpg","twitter_misc":{"Arvioitu lukuaika":"1 minuutti"},"schema":{"@context":"https:\/\/schema.org","@graph":[{"@type":"WebPage","@id":"https:\/\/believebytuularossi.com\/fi\/tuote\/rose-black-rose-garden-tikattu-takki-shaalikaulus-ja-irrotettava-huppu-musta\/","url":"https:\/\/believebytuularossi.com\/fi\/tuote\/rose-black-rose-garden-tikattu-takki-shaalikaulus-ja-irrotettava-huppu-musta\/","name":"Musta pitk\u00e4 tikattu takki Rose on oodi naisellisuudelle","isPartOf":{"@id":"https:\/\/believebytuularossi.com\/fi\/#website"},"primaryImageOfPage":{"@id":"https:\/\/believebytuularossi.com\/fi\/tuote\/rose-black-rose-garden-tikattu-takki-shaalikaulus-ja-irrotettava-huppu-musta\/#primaryimage"},"image":{"@id":"https:\/\/believebytuularossi.com\/fi\/tuote\/rose-black-rose-garden-tikattu-takki-shaalikaulus-ja-irrotettava-huppu-musta\/#primaryimage"},"thumbnailUrl":"https:\/\/believebytuularossi.com\/wp-content\/uploads\/2023\/02\/PDV4432-scaled.jpg","datePublished":"2022-10-20T11:03:43+00:00","dateModified":"2025-01-30T02:16:31+00:00","description":"Musta pitk\u00e4 tikattu takki Rose on ylellinen ja tyylik\u00e4s naisellisella helmallaan ja upealla shaalikauluksellaan. Takin muoto imartelee vartaloasi upeasti.","breadcrumb":{"@id":"https:\/\/believebytuularossi.com\/fi\/tuote\/rose-black-rose-garden-tikattu-takki-shaalikaulus-ja-irrotettava-huppu-musta\/#breadcrumb"},"inLanguage":"fi","potentialAction":[{"@type":"ReadAction","target":["https:\/\/believebytuularossi.com\/fi\/tuote\/rose-black-rose-garden-tikattu-takki-shaalikaulus-ja-irrotettava-huppu-musta\/"]}]},{"@type":"ImageObject","inLanguage":"fi","@id":"https:\/\/believebytuularossi.com\/fi\/tuote\/rose-black-rose-garden-tikattu-takki-shaalikaulus-ja-irrotettava-huppu-musta\/#primaryimage","url":"https:\/\/believebytuularossi.com\/wp-content\/uploads\/2023\/02\/PDV4432-scaled.jpg","contentUrl":"https:\/\/believebytuularossi.com\/wp-content\/uploads\/2023\/02\/PDV4432-scaled.jpg","width":1704,"height":2560,"caption":"Black Rose"},{"@type":"BreadcrumbList","@id":"https:\/\/believebytuularossi.com\/fi\/tuote\/rose-black-rose-garden-tikattu-takki-shaalikaulus-ja-irrotettava-huppu-musta\/#breadcrumb","itemListElement":[{"@type":"ListItem","position":1,"name":"Home","item":"https:\/\/believebytuularossi.com\/fi\/"},{"@type":"ListItem","position":2,"name":"Shop","item":"https:\/\/believebytuularossi.com\/shop\/"},{"@type":"ListItem","position":3,"name":"ROSE Black Rose Garden -pitk\u00e4 tikattu takki shaalikauluksella ja irrotettavalla hupulla, musta"}]},{"@type":"WebSite","@id":"https:\/\/believebytuularossi.com\/fi\/#website","url":"https:\/\/believebytuularossi.com\/fi\/","name":"BELIEVE by tuula rossi","description":"A unique, luxurious, original outerwear collection created by passion and love for today\u2019s fashionable woman and her desire for timeless style.          Perfect fit for the modern, feminine woman of any age.","publisher":{"@id":"https:\/\/believebytuularossi.com\/fi\/#organization"},"potentialAction":[{"@type":"SearchAction","target":{"@type":"EntryPoint","urlTemplate":"https:\/\/believebytuularossi.com\/fi\/?s={search_term_string}"},"query-input":{"@type":"PropertyValueSpecification","valueRequired":true,"valueName":"search_term_string"}}],"inLanguage":"fi"},{"@type":"Organization","@id":"https:\/\/believebytuularossi.com\/fi\/#organization","name":"BELIEVE by tuula rossi","url":"https:\/\/believebytuularossi.com\/fi\/","logo":{"@type":"ImageObject","inLanguage":"fi","@id":"https:\/\/believebytuularossi.com\/fi\/#\/schema\/logo\/image\/","url":"https:\/\/believebytuularossi.com\/wp-content\/uploads\/2018\/08\/rossi-logo_new.png","contentUrl":"https:\/\/believebytuularossi.com\/wp-content\/uploads\/2018\/08\/rossi-logo_new.png","width":300,"height":143,"caption":"BELIEVE by tuula rossi"},"image":{"@id":"https:\/\/believebytuularossi.com\/fi\/#\/schema\/logo\/image\/"},"sameAs":["https:\/\/www.facebook.com\/believebytuularossi\/_gu3udgu0BZPTzcnU","https:\/\/www.instagram.com\/believebytuularossi\/","https:\/\/www.pinterest.com\/believebytuularossi\/"]}]}},"_links":{"self":[{"href":"https:\/\/believebytuularossi.com\/fi\/wp-json\/wp\/v2\/product\/17407","targetHints":{"allow":["GET"]}}],"collection":[{"href":"https:\/\/believebytuularossi.com\/fi\/wp-json\/wp\/v2\/product"}],"about":[{"href":"https:\/\/believebytuularossi.com\/fi\/wp-json\/wp\/v2\/types\/product"}],"wp:featuredmedia":[{"embeddable":true,"href":"https:\/\/believebytuularossi.com\/fi\/wp-json\/wp\/v2\/media\/18042"}],"wp:attachment":[{"href":"https:\/\/believebytuularossi.com\/fi\/wp-json\/wp\/v2\/media?parent=17407"}],"wp:term":[{"taxonomy":"product_brand","embeddable":true,"href":"https:\/\/believebytuularossi.com\/fi\/wp-json\/wp\/v2\/product_brand?post=17407"},{"taxonomy":"product_cat","embeddable":true,"href":"https:\/\/believebytuularossi.com\/fi\/wp-json\/wp\/v2\/product_cat?post=17407"},{"taxonomy":"product_tag","embeddable":true,"href":"https:\/\/believebytuularossi.com\/fi\/wp-json\/wp\/v2\/product_tag?post=17407"}],"curies":[{"name":"wp","href":"https:\/\/api.w.org\/{rel}","templated":true}]}}