{"id":17628,"date":"2023-02-01T11:12:50","date_gmt":"2023-02-01T10:12:56","guid":{"rendered":"https:\/\/believebytuularossi.com\/?post_type=product&#038;p=17628"},"modified":"2023-03-02T19:18:09","modified_gmt":"2023-03-02T18:18:09","slug":"sandra-light-pink-bi-stretch-joustava-tikattu-takki-hupulla-vaalea-pinkki","status":"publish","type":"product","link":"https:\/\/believebytuularossi.com\/fi\/tuote\/sandra-light-pink-bi-stretch-joustava-tikattu-takki-hupulla-vaalea-pinkki\/","title":{"rendered":"Sandra Light Pink Bi-Stretch -joustava tikattu takki hupulla, vaalea pinkki"},"content":{"rendered":"","protected":false},"excerpt":{"rendered":"<div class=\"product-short-description\">\n<p>SANDRA-takissa tunnet olosi eritt\u00e4in mukavaksi uskomattoman joustavan materiaalin ansiosta. Ihastuttava vaalea pinkki v\u00e4ri tuo t\u00e4h\u00e4n tikkitakkiin lis\u00e4eleganssia. N\u00e4yt\u00e4t upealta ja voit nauttia luksuksesta arjen keskell\u00e4! T\u00e4m\u00e4 mielihyv\u00e4takki on valmistettu ainutlaatuisesta joka suuntaan joustavasta tikkimateriaalista, joten se sopii helposti t\u00e4ydellisesti jokaiselle naiselle koosta huolimatta. Hupun reuna ja helma ovat s\u00e4\u00e4dett\u00e4viss\u00e4 joustavalla kiristysny\u00f6rill\u00e4. Upea tikattu materiaali antaa takille t\u00e4ysin uuden ilmeen ja tekee siit\u00e4 upean ja tyylikk\u00e4\u00e4n.<\/p>\n<p>Ajaton SANDRA-takki on suunniteltu n\u00e4ytt\u00e4m\u00e4\u00e4n kauniilta jokaisen naisen p\u00e4\u00e4ll\u00e4 ylellisen korkealaatuisen materiaalin ja t\u00e4ydellisen leikkauksen ansiosta! Se saa sinut erottumaan joukosta!<\/p>\n<\/div>\n","protected":false},"featured_media":17651,"template":"","meta":{"_acf_changed":false},"product_brand":[],"product_cat":[130],"product_tag":[],"class_list":{"0":"post-17628","1":"product","2":"type-product","3":"status-publish","4":"has-post-thumbnail","6":"product_cat-syksytakit-talvitakit","7":"pa_ewd_uwcf_colors-pale-pink-fi","8":"pa_ewd_uwcf_colors-pinkki","9":"pa_size-34-fi","10":"pa_size-36-fi","11":"pa_size-38-fi","12":"pa_size-40-fi","13":"pa_size-42-fi","14":"pa_size-44-fi","15":"pa_size-46-fi","16":"pa_size-48-fi","17":"pa_size-50-fi","18":"pa_size-52-fi","19":"pa_size-54-fi","20":"product_color-pink-fi","21":"product_color-rose-fi","23":"first","24":"instock","25":"taxable","26":"shipping-taxable","27":"purchasable","28":"product-type-variable"},"acf":[],"yoast_head":"<!-- This site is optimized with the Yoast SEO plugin v27.3 - https:\/\/yoast.com\/product\/yoast-seo-wordpress\/ -->\n<title>Sandra Light Pink Bi-Stretch -joustava tikattu takki hupulla, vaalea pinkki &#8211; BELIEVE by tuula rossi<\/title>\n<meta name=\"description\" content=\"Sandra Light Pink joustava tikattu takki on ainutlaatuinen ja eritt\u00e4in mukava k\u00e4ytt\u00e4\u00e4. Upea materiaali tuo sinulle ylellist\u00e4 eleganssia.\" \/>\n<meta name=\"robots\" content=\"index, follow, max-snippet:-1, max-image-preview:large, max-video-preview:-1\" \/>\n<link rel=\"canonical\" href=\"https:\/\/believebytuularossi.com\/fi\/tuote\/sandra-light-pink-bi-stretch-joustava-tikattu-takki-hupulla-vaalea-pinkki\/\" \/>\n<meta property=\"og:locale\" content=\"fi_FI\" \/>\n<meta property=\"og:type\" content=\"article\" \/>\n<meta property=\"og:title\" content=\"Sandra Light Pink joustava tikattu takki on pinkki unelmasi!\" \/>\n<meta property=\"og:description\" content=\"Sandra Light Pink joustava tikattu takki on ainutlaatuinen ja eritt\u00e4in mukava k\u00e4ytt\u00e4\u00e4. Upea materiaali tuo sinulle ylellist\u00e4 eleganssia.\" \/>\n<meta property=\"og:url\" content=\"https:\/\/believebytuularossi.com\/fi\/tuote\/sandra-light-pink-bi-stretch-joustava-tikattu-takki-hupulla-vaalea-pinkki\/\" \/>\n<meta property=\"og:site_name\" content=\"BELIEVE by tuula rossi\" \/>\n<meta property=\"article:publisher\" content=\"https:\/\/www.facebook.com\/believebytuularossi\/_gu3udgu0BZPTzcnU\" \/>\n<meta property=\"article:modified_time\" content=\"2023-03-02T18:18:09+00:00\" \/>\n<meta property=\"og:image\" content=\"https:\/\/believebytuularossi.com\/wp-content\/uploads\/2023\/02\/5D4_3618-scaled.jpg\" \/>\n\t<meta property=\"og:image:width\" content=\"1707\" \/>\n\t<meta property=\"og:image:height\" content=\"2560\" \/>\n\t<meta property=\"og:image:type\" content=\"image\/jpeg\" \/>\n<meta name=\"twitter:card\" content=\"summary_large_image\" \/>\n<meta name=\"twitter:title\" content=\"Sandra Light Pink joustava tikattu takki on pinkki unelmasi!\" \/>\n<meta name=\"twitter:description\" content=\"Sandra Light Pink joustava tikattu takki on ainutlaatuinen ja eritt\u00e4in mukava k\u00e4ytt\u00e4\u00e4. Upea materiaali tuo sinulle ylellist\u00e4 eleganssia.\" \/>\n<meta name=\"twitter:image\" content=\"https:\/\/believebytuularossi.com\/wp-content\/uploads\/2023\/02\/5D4_3618-scaled.jpg\" \/>\n<script type=\"application\/ld+json\" class=\"yoast-schema-graph\">{\"@context\":\"https:\\\/\\\/schema.org\",\"@graph\":[{\"@type\":\"WebPage\",\"@id\":\"https:\\\/\\\/believebytuularossi.com\\\/fi\\\/tuote\\\/sandra-light-pink-bi-stretch-joustava-tikattu-takki-hupulla-vaalea-pinkki\\\/\",\"url\":\"https:\\\/\\\/believebytuularossi.com\\\/fi\\\/tuote\\\/sandra-light-pink-bi-stretch-joustava-tikattu-takki-hupulla-vaalea-pinkki\\\/\",\"name\":\"Sandra Light Pink Bi-Stretch -joustava tikattu takki hupulla, vaalea pinkki &#8211; BELIEVE by tuula rossi\",\"isPartOf\":{\"@id\":\"https:\\\/\\\/believebytuularossi.com\\\/fi\\\/#website\"},\"primaryImageOfPage\":{\"@id\":\"https:\\\/\\\/believebytuularossi.com\\\/fi\\\/tuote\\\/sandra-light-pink-bi-stretch-joustava-tikattu-takki-hupulla-vaalea-pinkki\\\/#primaryimage\"},\"image\":{\"@id\":\"https:\\\/\\\/believebytuularossi.com\\\/fi\\\/tuote\\\/sandra-light-pink-bi-stretch-joustava-tikattu-takki-hupulla-vaalea-pinkki\\\/#primaryimage\"},\"thumbnailUrl\":\"https:\\\/\\\/believebytuularossi.com\\\/wp-content\\\/uploads\\\/2023\\\/02\\\/5D4_3920-scaled.jpg\",\"datePublished\":\"2023-02-01T10:12:56+00:00\",\"dateModified\":\"2023-03-02T18:18:09+00:00\",\"description\":\"Sandra Light Pink joustava tikattu takki on ainutlaatuinen ja eritt\u00e4in mukava k\u00e4ytt\u00e4\u00e4. Upea materiaali tuo sinulle ylellist\u00e4 eleganssia.\",\"breadcrumb\":{\"@id\":\"https:\\\/\\\/believebytuularossi.com\\\/fi\\\/tuote\\\/sandra-light-pink-bi-stretch-joustava-tikattu-takki-hupulla-vaalea-pinkki\\\/#breadcrumb\"},\"inLanguage\":\"fi\",\"potentialAction\":[{\"@type\":\"ReadAction\",\"target\":[\"https:\\\/\\\/believebytuularossi.com\\\/fi\\\/tuote\\\/sandra-light-pink-bi-stretch-joustava-tikattu-takki-hupulla-vaalea-pinkki\\\/\"]}]},{\"@type\":\"ImageObject\",\"inLanguage\":\"fi\",\"@id\":\"https:\\\/\\\/believebytuularossi.com\\\/fi\\\/tuote\\\/sandra-light-pink-bi-stretch-joustava-tikattu-takki-hupulla-vaalea-pinkki\\\/#primaryimage\",\"url\":\"https:\\\/\\\/believebytuularossi.com\\\/wp-content\\\/uploads\\\/2023\\\/02\\\/5D4_3920-scaled.jpg\",\"contentUrl\":\"https:\\\/\\\/believebytuularossi.com\\\/wp-content\\\/uploads\\\/2023\\\/02\\\/5D4_3920-scaled.jpg\",\"width\":1707,\"height\":2560},{\"@type\":\"BreadcrumbList\",\"@id\":\"https:\\\/\\\/believebytuularossi.com\\\/fi\\\/tuote\\\/sandra-light-pink-bi-stretch-joustava-tikattu-takki-hupulla-vaalea-pinkki\\\/#breadcrumb\",\"itemListElement\":[{\"@type\":\"ListItem\",\"position\":1,\"name\":\"Home\",\"item\":\"https:\\\/\\\/believebytuularossi.com\\\/fi\\\/\"},{\"@type\":\"ListItem\",\"position\":2,\"name\":\"Shop\",\"item\":\"https:\\\/\\\/believebytuularossi.com\\\/shop\\\/\"},{\"@type\":\"ListItem\",\"position\":3,\"name\":\"Sandra Light Pink Bi-Stretch -joustava tikattu takki hupulla, vaalea pinkki\"}]},{\"@type\":\"WebSite\",\"@id\":\"https:\\\/\\\/believebytuularossi.com\\\/fi\\\/#website\",\"url\":\"https:\\\/\\\/believebytuularossi.com\\\/fi\\\/\",\"name\":\"BELIEVE by tuula rossi\",\"description\":\"A unique, luxurious, original outerwear collection created by passion and love for today\u2019s fashionable woman and her desire for timeless style.          Perfect fit for the modern, feminine woman of any age.\",\"publisher\":{\"@id\":\"https:\\\/\\\/believebytuularossi.com\\\/fi\\\/#organization\"},\"potentialAction\":[{\"@type\":\"SearchAction\",\"target\":{\"@type\":\"EntryPoint\",\"urlTemplate\":\"https:\\\/\\\/believebytuularossi.com\\\/fi\\\/?s={search_term_string}\"},\"query-input\":{\"@type\":\"PropertyValueSpecification\",\"valueRequired\":true,\"valueName\":\"search_term_string\"}}],\"inLanguage\":\"fi\"},{\"@type\":\"Organization\",\"@id\":\"https:\\\/\\\/believebytuularossi.com\\\/fi\\\/#organization\",\"name\":\"BELIEVE by tuula rossi\",\"url\":\"https:\\\/\\\/believebytuularossi.com\\\/fi\\\/\",\"logo\":{\"@type\":\"ImageObject\",\"inLanguage\":\"fi\",\"@id\":\"https:\\\/\\\/believebytuularossi.com\\\/fi\\\/#\\\/schema\\\/logo\\\/image\\\/\",\"url\":\"https:\\\/\\\/believebytuularossi.com\\\/wp-content\\\/uploads\\\/2018\\\/08\\\/rossi-logo_new.png\",\"contentUrl\":\"https:\\\/\\\/believebytuularossi.com\\\/wp-content\\\/uploads\\\/2018\\\/08\\\/rossi-logo_new.png\",\"width\":300,\"height\":143,\"caption\":\"BELIEVE by tuula rossi\"},\"image\":{\"@id\":\"https:\\\/\\\/believebytuularossi.com\\\/fi\\\/#\\\/schema\\\/logo\\\/image\\\/\"},\"sameAs\":[\"https:\\\/\\\/www.facebook.com\\\/believebytuularossi\\\/_gu3udgu0BZPTzcnU\",\"https:\\\/\\\/www.instagram.com\\\/believebytuularossi\\\/\",\"https:\\\/\\\/www.pinterest.com\\\/believebytuularossi\\\/\"]}]}<\/script>\n<!-- \/ Yoast SEO plugin. -->","yoast_head_json":{"title":"Sandra Light Pink Bi-Stretch -joustava tikattu takki hupulla, vaalea pinkki &#8211; BELIEVE by tuula rossi","description":"Sandra Light Pink joustava tikattu takki on ainutlaatuinen ja eritt\u00e4in mukava k\u00e4ytt\u00e4\u00e4. Upea materiaali tuo sinulle ylellist\u00e4 eleganssia.","robots":{"index":"index","follow":"follow","max-snippet":"max-snippet:-1","max-image-preview":"max-image-preview:large","max-video-preview":"max-video-preview:-1"},"canonical":"https:\/\/believebytuularossi.com\/fi\/tuote\/sandra-light-pink-bi-stretch-joustava-tikattu-takki-hupulla-vaalea-pinkki\/","og_locale":"fi_FI","og_type":"article","og_title":"Sandra Light Pink joustava tikattu takki on pinkki unelmasi!","og_description":"Sandra Light Pink joustava tikattu takki on ainutlaatuinen ja eritt\u00e4in mukava k\u00e4ytt\u00e4\u00e4. Upea materiaali tuo sinulle ylellist\u00e4 eleganssia.","og_url":"https:\/\/believebytuularossi.com\/fi\/tuote\/sandra-light-pink-bi-stretch-joustava-tikattu-takki-hupulla-vaalea-pinkki\/","og_site_name":"BELIEVE by tuula rossi","article_publisher":"https:\/\/www.facebook.com\/believebytuularossi\/_gu3udgu0BZPTzcnU","article_modified_time":"2023-03-02T18:18:09+00:00","og_image":[{"width":1707,"height":2560,"url":"https:\/\/believebytuularossi.com\/wp-content\/uploads\/2023\/02\/5D4_3618-scaled.jpg","type":"image\/jpeg"}],"twitter_card":"summary_large_image","twitter_title":"Sandra Light Pink joustava tikattu takki on pinkki unelmasi!","twitter_description":"Sandra Light Pink joustava tikattu takki on ainutlaatuinen ja eritt\u00e4in mukava k\u00e4ytt\u00e4\u00e4. Upea materiaali tuo sinulle ylellist\u00e4 eleganssia.","twitter_image":"https:\/\/believebytuularossi.com\/wp-content\/uploads\/2023\/02\/5D4_3618-scaled.jpg","schema":{"@context":"https:\/\/schema.org","@graph":[{"@type":"WebPage","@id":"https:\/\/believebytuularossi.com\/fi\/tuote\/sandra-light-pink-bi-stretch-joustava-tikattu-takki-hupulla-vaalea-pinkki\/","url":"https:\/\/believebytuularossi.com\/fi\/tuote\/sandra-light-pink-bi-stretch-joustava-tikattu-takki-hupulla-vaalea-pinkki\/","name":"Sandra Light Pink Bi-Stretch -joustava tikattu takki hupulla, vaalea pinkki &#8211; BELIEVE by tuula rossi","isPartOf":{"@id":"https:\/\/believebytuularossi.com\/fi\/#website"},"primaryImageOfPage":{"@id":"https:\/\/believebytuularossi.com\/fi\/tuote\/sandra-light-pink-bi-stretch-joustava-tikattu-takki-hupulla-vaalea-pinkki\/#primaryimage"},"image":{"@id":"https:\/\/believebytuularossi.com\/fi\/tuote\/sandra-light-pink-bi-stretch-joustava-tikattu-takki-hupulla-vaalea-pinkki\/#primaryimage"},"thumbnailUrl":"https:\/\/believebytuularossi.com\/wp-content\/uploads\/2023\/02\/5D4_3920-scaled.jpg","datePublished":"2023-02-01T10:12:56+00:00","dateModified":"2023-03-02T18:18:09+00:00","description":"Sandra Light Pink joustava tikattu takki on ainutlaatuinen ja eritt\u00e4in mukava k\u00e4ytt\u00e4\u00e4. Upea materiaali tuo sinulle ylellist\u00e4 eleganssia.","breadcrumb":{"@id":"https:\/\/believebytuularossi.com\/fi\/tuote\/sandra-light-pink-bi-stretch-joustava-tikattu-takki-hupulla-vaalea-pinkki\/#breadcrumb"},"inLanguage":"fi","potentialAction":[{"@type":"ReadAction","target":["https:\/\/believebytuularossi.com\/fi\/tuote\/sandra-light-pink-bi-stretch-joustava-tikattu-takki-hupulla-vaalea-pinkki\/"]}]},{"@type":"ImageObject","inLanguage":"fi","@id":"https:\/\/believebytuularossi.com\/fi\/tuote\/sandra-light-pink-bi-stretch-joustava-tikattu-takki-hupulla-vaalea-pinkki\/#primaryimage","url":"https:\/\/believebytuularossi.com\/wp-content\/uploads\/2023\/02\/5D4_3920-scaled.jpg","contentUrl":"https:\/\/believebytuularossi.com\/wp-content\/uploads\/2023\/02\/5D4_3920-scaled.jpg","width":1707,"height":2560},{"@type":"BreadcrumbList","@id":"https:\/\/believebytuularossi.com\/fi\/tuote\/sandra-light-pink-bi-stretch-joustava-tikattu-takki-hupulla-vaalea-pinkki\/#breadcrumb","itemListElement":[{"@type":"ListItem","position":1,"name":"Home","item":"https:\/\/believebytuularossi.com\/fi\/"},{"@type":"ListItem","position":2,"name":"Shop","item":"https:\/\/believebytuularossi.com\/shop\/"},{"@type":"ListItem","position":3,"name":"Sandra Light Pink Bi-Stretch -joustava tikattu takki hupulla, vaalea pinkki"}]},{"@type":"WebSite","@id":"https:\/\/believebytuularossi.com\/fi\/#website","url":"https:\/\/believebytuularossi.com\/fi\/","name":"BELIEVE by tuula rossi","description":"A unique, luxurious, original outerwear collection created by passion and love for today\u2019s fashionable woman and her desire for timeless style.          Perfect fit for the modern, feminine woman of any age.","publisher":{"@id":"https:\/\/believebytuularossi.com\/fi\/#organization"},"potentialAction":[{"@type":"SearchAction","target":{"@type":"EntryPoint","urlTemplate":"https:\/\/believebytuularossi.com\/fi\/?s={search_term_string}"},"query-input":{"@type":"PropertyValueSpecification","valueRequired":true,"valueName":"search_term_string"}}],"inLanguage":"fi"},{"@type":"Organization","@id":"https:\/\/believebytuularossi.com\/fi\/#organization","name":"BELIEVE by tuula rossi","url":"https:\/\/believebytuularossi.com\/fi\/","logo":{"@type":"ImageObject","inLanguage":"fi","@id":"https:\/\/believebytuularossi.com\/fi\/#\/schema\/logo\/image\/","url":"https:\/\/believebytuularossi.com\/wp-content\/uploads\/2018\/08\/rossi-logo_new.png","contentUrl":"https:\/\/believebytuularossi.com\/wp-content\/uploads\/2018\/08\/rossi-logo_new.png","width":300,"height":143,"caption":"BELIEVE by tuula rossi"},"image":{"@id":"https:\/\/believebytuularossi.com\/fi\/#\/schema\/logo\/image\/"},"sameAs":["https:\/\/www.facebook.com\/believebytuularossi\/_gu3udgu0BZPTzcnU","https:\/\/www.instagram.com\/believebytuularossi\/","https:\/\/www.pinterest.com\/believebytuularossi\/"]}]}},"_links":{"self":[{"href":"https:\/\/believebytuularossi.com\/fi\/wp-json\/wp\/v2\/product\/17628","targetHints":{"allow":["GET"]}}],"collection":[{"href":"https:\/\/believebytuularossi.com\/fi\/wp-json\/wp\/v2\/product"}],"about":[{"href":"https:\/\/believebytuularossi.com\/fi\/wp-json\/wp\/v2\/types\/product"}],"wp:featuredmedia":[{"embeddable":true,"href":"https:\/\/believebytuularossi.com\/fi\/wp-json\/wp\/v2\/media\/17651"}],"wp:attachment":[{"href":"https:\/\/believebytuularossi.com\/fi\/wp-json\/wp\/v2\/media?parent=17628"}],"wp:term":[{"taxonomy":"product_brand","embeddable":true,"href":"https:\/\/believebytuularossi.com\/fi\/wp-json\/wp\/v2\/product_brand?post=17628"},{"taxonomy":"product_cat","embeddable":true,"href":"https:\/\/believebytuularossi.com\/fi\/wp-json\/wp\/v2\/product_cat?post=17628"},{"taxonomy":"product_tag","embeddable":true,"href":"https:\/\/believebytuularossi.com\/fi\/wp-json\/wp\/v2\/product_tag?post=17628"}],"curies":[{"name":"wp","href":"https:\/\/api.w.org\/{rel}","templated":true}]}}